{"id":6631,"date":"2025-03-11T06:35:17","date_gmt":"2025-03-11T06:35:17","guid":{"rendered":"https:\/\/fmp-components.com\/product\/3-stage-small-dump-truck-hydraulic-cylinder-for-dump-trailer"},"modified":"2025-03-12T08:41:53","modified_gmt":"2025-03-12T08:41:53","slug":"3-stage-small-dump-truck-hydraulic-cylinder-for-dump-trailer","status":"publish","type":"product","link":"https:\/\/fmp-components.com\/sk\/product\/3-stage-small-dump-truck-hydraulic-cylinder-for-dump-trailer\/","title":{"rendered":"3-stup\u0148ov\u00fd hydraulick\u00fd valec pre mal\u00e9 skl\u00e1pa\u010de pre skl\u00e1pa\u010d"},"content":{"rendered":"<h2>3-stup\u0148ov\u00fd hydraulick\u00fd valec pre mal\u00e9 skl\u00e1pa\u010de pre skl\u00e1pa\u010d<\/h2>\n<p>Tento 3-stup\u0148ov\u00fd hydraulick\u00fd valec pre mal\u00e9 skl\u00e1pa\u010de je v\u0161estrann\u00fd a efekt\u00edvny hydraulick\u00fd syst\u00e9m ur\u010den\u00fd na pou\u017eitie v skl\u00e1pa\u010doch. Valec je vyroben\u00fd z robustn\u00e9ho oce\u013eov\u00e9ho telesa, \u010do zaru\u010duje odolnos\u0165 a dlh\u00fa \u017eivotnos\u0165. S maxim\u00e1lnym \u0165ahom 3000 a maxim\u00e1lnym \u0165ahom 20 ton poskytuje tento hydraulick\u00fd valec siln\u00fd a spo\u013eahliv\u00fd v\u00fdkon pre va\u0161e n\u00e1ro\u010dn\u00e9 \u00falohy.<\/p>\n<h3>Funkcie a vlastnosti<\/h3>\n<p>Hydraulick\u00fd valec funguje ako k\u013e\u00fa\u010dov\u00e1 s\u00fa\u010das\u0165 v\u00e1\u0161ho stroja a premie\u0148a hydraulick\u00fa energiu na mechanick\u00fd pohyb. Tento viacstup\u0148ov\u00fd hydraulick\u00fd valec pon\u00faka cel\u00fd rad funkci\u00ed vr\u00e1tane \u0161tandardn\u00fdch alebo ne\u0161tandardn\u00fdch: \u0160tandardn\u00e1, Kon\u0161trukcia: Piestov\u00fd valec, V\u00fdkon: Hydraulick\u00fd, Ve\u013ekos\u0165 otvoru: 2-6 palcov, Ve\u013ekos\u0165 ty\u010de: 1,125-4 palce, Ve\u013ekos\u0165 zdvihu: 4-100 palcov, Ve\u013ekos\u0165 \u010dapu: 0,5-2 palce. V\u010faka t\u00fdmto vlastnostiam je spo\u013eahlivou a efekt\u00edvnou vo\u013ebou pre va\u0161e stroje.<\/p>\n<h3>\u0160pecifik\u00e1cie produktu<\/h3>\n<table style=\"width: 95.4718%;\" border=\"\">\n<tbody>\n<tr>\n<td style=\"width: 42.8571%;\"><i>Ve\u013ekos\u0165 otvoru<\/i><\/td>\n<td style=\"width: 386.286%;\">2-6 palcov<\/td>\n<\/tr>\n<tr>\n<td style=\"width: 42.8571%;\"><i>Ve\u013ekos\u0165 ty\u010de<\/i><\/td>\n<td style=\"width: 386.286%;\">1,125-4 palca<\/td>\n<\/tr>\n<tr>\n<td style=\"width: 42.8571%;\"><i>Ve\u013ekos\u0165 \u0165ahu<\/i><\/td>\n<td style=\"width: 386.286%;\">4-100 palcov<\/td>\n<\/tr>\n<tr>\n<td style=\"width: 42.8571%;\"><i>Ve\u013ekos\u0165 \u010dapu<\/i><\/td>\n<td style=\"width: 386.286%;\">0,5-2 palce<\/td>\n<\/tr>\n<tr>\n<td style=\"width: 42.8571%;\"><i>Porty<\/i><\/td>\n<td style=\"width: 386.286%;\">G\/SAE\/NPT\/M<\/td>\n<\/tr>\n<\/tbody>\n<\/table>\n<h2>Jedine\u010dn\u00e9 vlastnosti a v\u00fdhody<\/h2>\n<ul>\n<li>Energeticky \u00fasporn\u00e9<\/li>\n<li>Vysok\u00fd v\u00fdkon<\/li>\n<li>Bezpe\u010dn\u00e9 pou\u017eitie<\/li>\n<li>Odoln\u00fd a dlhotrvaj\u00faci<\/li>\n<\/ul>\n<p><img loading=\"lazy\" decoding=\"async\" class=\"alignnone  wp-image-6661\" src=\"https:\/\/fmp-components.com\/wp-content\/uploads\/2025\/03\/telescopic-hydraulic-cylinder-10.webp\" alt=\"teleskopick\u00fd hydraulick\u00fd valec\" width=\"800\" height=\"800\" title=\"\" srcset=\"https:\/\/fmp-components.com\/wp-content\/uploads\/2025\/03\/telescopic-hydraulic-cylinder-10.webp 800w, https:\/\/fmp-components.com\/wp-content\/uploads\/2025\/03\/telescopic-hydraulic-cylinder-10-480x480.webp 480w\" sizes=\"(min-width: 0px) and (max-width: 480px) 480px, (min-width: 481px) 800px, 100vw\" \/><\/p>\n<h2>Hydraulick\u00e9 syst\u00e9my a princ\u00edp \u010dinnosti<\/h2>\n<p>Hydraulick\u00fd valec funguje na princ\u00edpe vyu\u017eitia tlaku kvapaliny na generovanie sily, ktor\u00e1 sa potom premie\u0148a na line\u00e1rny pohyb. Ke\u010f sa hydraulick\u00e1 kvapalina \u010derp\u00e1 do valca, vyv\u00edja tlak na piest vo vn\u00fatri. Tento tlak sp\u00f4sobuje pohyb piesta, \u010d\u00edm sa vytv\u00e1ra line\u00e1rny pohyb, ktor\u00fd mo\u017eno vyu\u017ei\u0165 na vykon\u00e1vanie \u0161irokej \u0161k\u00e1ly mechanick\u00fdch \u00faloh. \u00da\u010dinnos\u0165 tohto syst\u00e9mu spo\u010d\u00edva v nestla\u010dite\u013enosti hydraulickej kvapaliny, \u010do umo\u017e\u0148uje presn\u00e9 ovl\u00e1danie r\u00fdchlosti aj sily. V\u010faka tomu m\u00f4\u017eu hydraulick\u00e9 valce dod\u00e1va\u0165 zna\u010dn\u00fd v\u00fdkon a z\u00e1rove\u0148 udr\u017eiava\u0165 plynul\u00fd a kontrolovan\u00fd pohyb, v\u010faka \u010domu s\u00fa ide\u00e1lne na pohon r\u00f4znych typov strojov a zariaden\u00ed.<\/p>\n<p>V podstate je hydraulick\u00e1 energia generovan\u00e1 valcom k\u013e\u00fa\u010dov\u00e1 pre mno\u017estvo aplik\u00e1ci\u00ed. Premenou energie kvapaliny na mechanick\u00fa pr\u00e1cu umo\u017e\u0148uj\u00fa hydraulick\u00e9 valce strojom \u013eahko zdv\u00edha\u0165, tla\u010di\u0165, \u0165aha\u0165 alebo ot\u00e1\u010da\u0165 \u0165a\u017ek\u00e9 bremen\u00e1. T\u00e1to v\u0161estrannos\u0165 je k\u013e\u00fa\u010dov\u00fdm d\u00f4vodom, pre\u010do sa hydraulick\u00e9 syst\u00e9my hojne pou\u017e\u00edvaj\u00fa v r\u00f4znych odvetviach, od stavebn\u00edctva a\u017e po v\u00fdrobu.<\/p>\n<h2>Pou\u017eitie hydraulick\u00e9ho valca<\/h2>\n<p>Trojstup\u0148ov\u00fd hydraulick\u00fd valec pre mal\u00e9 skl\u00e1pa\u010de je \u0161peci\u00e1lne navrhnut\u00fd pre r\u00f4zne aplik\u00e1cie v r\u00f4znych odvetviach, \u010do dokazuje jeho prisp\u00f4sobivos\u0165 a \u00fa\u010dinnos\u0165. Medzi niektor\u00e9 v\u00fdznamn\u00e9 sektory patria:<\/p>\n<ul>\n<li><strong>Opravovne strojov:<\/strong> V oprav\u00e1rensk\u00fdch prostrediach hr\u00e1 tento hydraulick\u00fd valec d\u00f4le\u017eit\u00fa \u00falohu pri zdv\u00edhan\u00ed a polohovan\u00ed \u0165a\u017ek\u00fdch komponentov, u\u013eah\u010duje \u00fadr\u017eb\u00e1rske \u00falohy a zlep\u0161uje efektivitu pracovn\u00fdch postupov. Jeho schopnos\u0165 poskytova\u0165 siln\u00e9 zdv\u00edhacie kapacity je nevyhnutn\u00e1 pre bezpe\u010dn\u00fa manipul\u00e1ciu s ve\u013ek\u00fdmi strojn\u00fdmi dielmi.<\/li>\n<li><strong>Farmy:<\/strong> Po\u013enohospod\u00e1rske prev\u00e1dzky v\u00fdrazne profituj\u00fa z pou\u017e\u00edvania tohto hydraulick\u00e9ho valca, ktor\u00fd sa pou\u017e\u00edva v skl\u00e1pa\u010doch a in\u00fdch zariadeniach. Pom\u00e1ha pri \u00faloh\u00e1ch, ako je preprava p\u00f4dy, plod\u00edn a materi\u00e1lov, \u010d\u00edm sa po\u013enohospod\u00e1rske oper\u00e1cie st\u00e1vaj\u00fa efekt\u00edvnej\u0161\u00edmi a produkt\u00edvnej\u0161\u00edmi.<\/li>\n<li><strong>Energia a ban\u00edctvo:<\/strong> V energetickom a banskom sektore s\u00fa hydraulick\u00e9 valce k\u013e\u00fa\u010dov\u00e9 pre ovl\u00e1danie zariaden\u00ed zapojen\u00fdch do \u0165a\u017eby a manipul\u00e1cie s materi\u00e1lom. Trojstup\u0148ov\u00fd hydraulick\u00fd valec pre mal\u00e9 skl\u00e1pa\u010de je v t\u00fdchto aplik\u00e1ci\u00e1ch obzvl\u00e1\u0161\u0165 \u00fa\u010dinn\u00fd, preto\u017ee dok\u00e1\u017ee zvl\u00e1dnu\u0165 \u0165a\u017ek\u00e9 bremen\u00e1 a spo\u013eahlivo pracova\u0165 v n\u00e1ro\u010dn\u00fdch podmienkach.<\/li>\n<li><strong>V\u00fdroba strojov:<\/strong> Vo v\u00fdrobn\u00fdch zariadeniach sa tento hydraulick\u00fd valec pou\u017e\u00edva na mont\u00e1\u017enych link\u00e1ch a v stroj\u00e1rskych prev\u00e1dzkach. Jeho schopnos\u0165 zabezpe\u010di\u0165 plynul\u00fd a siln\u00fd pohyb zvy\u0161uje produktivitu a presnos\u0165, \u010do umo\u017e\u0148uje v\u00fdrobcom zlep\u0161i\u0165 ich produkciu a z\u00e1rove\u0148 zachova\u0165 vysok\u00e9 \u0161tandardy kvality.<\/li>\n<li><strong>Stroj\u00e1rne:<\/strong> V tov\u00e1r\u0148ach zameran\u00fdch na v\u00fdrobu strojov s\u00fa hydraulick\u00e9 valce nevyhnutn\u00e9 pre r\u00f4zne zdv\u00edhacie a premiest\u0148ovacie \u00falohy. Trojstup\u0148ov\u00fd hydraulick\u00fd valec pre mal\u00e9 skl\u00e1pa\u010de zais\u0165uje efekt\u00edvnu prev\u00e1dzku zariadenia, \u010do prispieva k zefekt\u00edvneniu v\u00fdrobn\u00fdch procesov a efekt\u00edvnej manipul\u00e1cii s materi\u00e1lom.<\/li>\n<\/ul>\n<p>Celkovo vzat\u00e9, v\u0161estrannos\u0165 a spo\u013eahlivos\u0165 3-stup\u0148ov\u00e9ho hydraulick\u00e9ho valca pre mal\u00e9 skl\u00e1pa\u010de z neho robia nepostr\u00e1date\u013en\u00fa s\u00fa\u010das\u0165 v mnoh\u00fdch odvetviach, \u010do zvy\u0161uje \u00fa\u010dinnos\u0165 a efekt\u00edvnos\u0165 v \u0161irokej \u0161k\u00e1le aplik\u00e1ci\u00ed.<\/p>\n<h3>\u010casto kladen\u00e9 ot\u00e1zky<\/h3>\n<p><b>Ot\u00e1zka: Ste obchodn\u00e1 spolo\u010dnos\u0165 alebo v\u00fdrobca?<\/b><br \/>\nA: Sme tov\u00e1re\u0148.<\/p>\n<p><b>Ot\u00e1zka: Ak\u00e1 je va\u0161a dodacia lehota?<\/b><br \/>\nA: Vo v\u0161eobecnosti je to 25-35 dn\u00ed.<\/p>\n<p><b>Ot\u00e1zka: Poskytujete vzorky? Je to zadarmo alebo navy\u0161e?<\/b><br \/>\nA: \u00c1no, mohli by sme pon\u00faknu\u0165 vzorku, ale nie je zadarmo.<\/p>\n<h3>O FMP<\/h3>\n<p class=\"break-words\">FMP je popredn\u00fd taliansky v\u00fdrobca \u0161pecializuj\u00faci sa na n\u00e1vrh, v\u00fdvoj a v\u00fdrobu vysokokvalitn\u00fdch hydraulick\u00fdch valcov. S bohat\u00fdm dedi\u010dstvom zakorenen\u00fdm v desa\u0165ro\u010diach odborn\u00fdch znalost\u00ed hrdo kombinujeme talianske remeseln\u00e9 spracovanie s najmodernej\u0161ou technol\u00f3giou, aby sme dod\u00e1vali v\u00fdnimo\u010dn\u00e9 hydraulick\u00e9 rie\u0161enia prisp\u00f4soben\u00e9 rozmanit\u00fdm potreb\u00e1m na\u0161ich glob\u00e1lnych klientov. Spolo\u010dnos\u0165 FMP so s\u00eddlom v Taliansku, centre in\u017einierskej excelentnosti, je d\u00f4veryhodn\u00fdm menom v hydraulickom priemysle a je odhodlan\u00e1 poskytova\u0165 spo\u013eahliv\u00e9, odoln\u00e9 a inovat\u00edvne produkty, ktor\u00e9 posil\u0148uj\u00fa podniky na celom svete.<\/p>\n<p class=\"break-words\">Na\u0161a spolo\u010dnos\u0165 sp\u00e1ja to najlep\u0161ie z pokro\u010dil\u00fdch v\u00fdrobn\u00fdch trad\u00edci\u00ed s progres\u00edvnym pr\u00edstupom. V\u010faka dlhoro\u010dn\u00fdm sk\u00fasenostiam v oblasti hydraulick\u00fdch syst\u00e9mov sa spolo\u010dnos\u0165 FMP vyvinula v modern\u00fd podnik, ktor\u00fd vynik\u00e1 vo v\u00fdskume, dizajne a v\u00fdrobe. \u0160pecializujeme sa na \u0161irok\u00fa \u0161k\u00e1lu hydraulick\u00fdch valcov vr\u00e1tane dvoj\u010dinn\u00fdch valcov, zdv\u00edhac\u00edch valcov pre automobily, valcov pre po\u013enohospod\u00e1rske stroje a na mieru vyroben\u00fdch rie\u0161en\u00ed pre r\u00f4zne priemyseln\u00e9 aplik\u00e1cie. \u010ci u\u017e ide o stavebn\u00edctvo, priemyseln\u00e9 in\u0161tal\u00e1cie, po\u013enohospod\u00e1rstvo alebo \u0165a\u017ek\u00e9 stroje, na\u0161e hydraulick\u00e9 valce s\u00fa skon\u0161truovan\u00e9 tak, aby fungovali v naj\u0165a\u017e\u0161\u00edch podmienkach a zabezpe\u010dovali bezpe\u010dnos\u0165, \u00fa\u010dinnos\u0165 a dlh\u00fa \u017eivotnos\u0165.<\/p>\n<p><img loading=\"lazy\" decoding=\"async\" class=\"alignnone size-full wp-image-6720\" src=\"https:\/\/fmp-components.com\/wp-content\/uploads\/2025\/03\/hydraulic-cylinder-8.webp\" alt=\"Teleskopick\u00e9 hydraulick\u00e9 valce\" width=\"933\" height=\"526\" title=\"\" srcset=\"https:\/\/fmp-components.com\/wp-content\/uploads\/2025\/03\/hydraulic-cylinder-8.webp 933w, https:\/\/fmp-components.com\/wp-content\/uploads\/2025\/03\/hydraulic-cylinder-8-480x271.webp 480w\" sizes=\"(min-width: 0px) and (max-width: 480px) 480px, (min-width: 481px) 933px, 100vw\" \/><\/p>\n<p class=\"break-words\">V spolo\u010dnosti FMP sme hrd\u00ed na na\u0161e najmodernej\u0161ie v\u00fdrobn\u00e9 zariadenia, vybaven\u00e9 presn\u00fdmi strojmi a pokro\u010dil\u00fdmi testovac\u00edmi syst\u00e9mami. Na\u0161e v\u00fdrobn\u00e9 procesy sp\u013a\u0148aj\u00fa pr\u00edsne n\u00e1rodn\u00e9 a medzin\u00e1rodn\u00e9 normy, \u010do zabezpe\u010duje, \u017ee ka\u017ed\u00fd hydraulick\u00fd valec op\u00fa\u0161\u0165aj\u00faci na\u0161u tov\u00e1re\u0148 m\u00e1 vynikaj\u00facu kvalitu a spo\u013eahlivos\u0165. N\u00e1\u0161 sk\u00fasen\u00fd technick\u00fd t\u00edm v spojen\u00ed s najmodernej\u0161\u00edm vybaven\u00edm n\u00e1m umo\u017e\u0148uje udr\u017eiava\u0165 pr\u00edsnu kontrolu kvality v ka\u017edej f\u00e1ze v\u00fdroby \u2013 od v\u00fdberu surov\u00edn a\u017e po kone\u010dn\u00fa kontrolu. Toto odhodlanie k dokonalosti n\u00e1m prinieslo certifik\u00e1cie a uznanie od priemyseln\u00fdch autor\u00edt, \u010do \u010falej upev\u0148uje na\u0161u reput\u00e1ciu spo\u013eahliv\u00e9ho partnera.<\/p>\n<p class=\"break-words\">Na\u0161e poslanie je jednoduch\u00e9, no ambici\u00f3zne: poskytova\u0165 na\u0161im z\u00e1kazn\u00edkom hydraulick\u00e9 valce, ktor\u00e9 prekon\u00e1vaj\u00fa o\u010dak\u00e1vania v oblasti v\u00fdkonu, odolnosti a hodnoty. Pracujeme v s\u00falade s hlavn\u00fdmi princ\u00edpmi profesionality, integrity a zamerania sa na z\u00e1kazn\u00edka. Podporou kult\u00fary inov\u00e1ci\u00ed a presnosti neust\u00e1le zdokona\u013eujeme na\u0161e produkty, aby sme si udr\u017eali n\u00e1skok na konkuren\u010dnom trhu. N\u00e1\u0161 komplexn\u00fd sortiment produktov a schopnos\u0165 pon\u00faka\u0165 rie\u0161enia na mieru z n\u00e1s robia vo\u013ebu pre firmy, ktor\u00e9 h\u013eadaj\u00fa vysoko v\u00fdkonn\u00e9 hydraulick\u00e9 valce.<\/p>\n<p class=\"break-words\">FMP je viac ne\u017e len v\u00fdrobca \u2013 sme partnerom vo va\u0161om \u00faspechu. Ch\u00e1peme, \u017ee na\u0161i z\u00e1kazn\u00edci sa na n\u00e1s spoliehaj\u00fa, \u017ee im dod\u00e1me n\u00e1stroje, ktor\u00e9 zvy\u0161uj\u00fa ich produktivitu a bezpe\u010dnos\u0165. Preto sa zav\u00e4zujeme pon\u00faka\u0165 nielen \u0161pi\u010dkov\u00e9 produkty, ale aj v\u00fdnimo\u010dn\u00fd servis. Od \u00favodnej konzult\u00e1cie a\u017e po popredajn\u00fa podporu \u00fazko spolupracujeme s na\u0161imi klientmi, aby sme zabezpe\u010dili, \u017ee ich potreby bud\u00fa splnen\u00e9 s profesionalitou a starostlivos\u0165ou. Na\u0161e konkurencieschopn\u00e9 ceny v spojen\u00ed s na\u0161\u00edm neochvejn\u00fdm z\u00e1v\u00e4zkom ku kvalite robia z FMP inteligentn\u00fa vo\u013ebu pre spolo\u010dnosti, ktor\u00e9 chc\u00fa investova\u0165 do hydraulick\u00fdch rie\u0161en\u00ed, ktor\u00fdm m\u00f4\u017eu d\u00f4verova\u0165.<\/p>","protected":false},"excerpt":{"rendered":"<p>3 Stage Small Dump Truck Hydraulic Cylinder for Dump Trailer This 3 Stage Small Dump Truck Hydraulic Cylinder is a versatile and efficient hydraulic system designed for use in dump trailers. The cylinder is manufactured with a robust steel body material, ensuring durability and longevity. With a max thrust of 3000 and a max pull [&hellip;]<\/p>","protected":false},"featured_media":6770,"comment_status":"closed","ping_status":"closed","template":"","meta":{"_et_pb_use_builder":"","_et_pb_old_content":"","_et_gb_content_width":""},"product_brand":[],"product_cat":[103],"product_tag":[34,105],"class_list":{"0":"post-6631","1":"product","2":"type-product","3":"status-publish","4":"has-post-thumbnail","6":"product_cat-telescopic-hydraulic-cylinders","7":"product_tag-hydraulic-cylinder","8":"product_tag-telescopic-hydraulic-cylinders","10":"first","11":"instock","12":"product-type-simple"},"_links":{"self":[{"href":"https:\/\/fmp-components.com\/sk\/wp-json\/wp\/v2\/product\/6631","targetHints":{"allow":["GET"]}}],"collection":[{"href":"https:\/\/fmp-components.com\/sk\/wp-json\/wp\/v2\/product"}],"about":[{"href":"https:\/\/fmp-components.com\/sk\/wp-json\/wp\/v2\/types\/product"}],"replies":[{"embeddable":true,"href":"https:\/\/fmp-components.com\/sk\/wp-json\/wp\/v2\/comments?post=6631"}],"wp:featuredmedia":[{"embeddable":true,"href":"https:\/\/fmp-components.com\/sk\/wp-json\/wp\/v2\/media\/6770"}],"wp:attachment":[{"href":"https:\/\/fmp-components.com\/sk\/wp-json\/wp\/v2\/media?parent=6631"}],"wp:term":[{"taxonomy":"product_brand","embeddable":true,"href":"https:\/\/fmp-components.com\/sk\/wp-json\/wp\/v2\/product_brand?post=6631"},{"taxonomy":"product_cat","embeddable":true,"href":"https:\/\/fmp-components.com\/sk\/wp-json\/wp\/v2\/product_cat?post=6631"},{"taxonomy":"product_tag","embeddable":true,"href":"https:\/\/fmp-components.com\/sk\/wp-json\/wp\/v2\/product_tag?post=6631"}],"curies":[{"name":"pracovn\u00fd list","href":"https:\/\/api.w.org\/{rel}","templated":true}]}}