{"id":6625,"date":"2025-03-11T06:33:57","date_gmt":"2025-03-11T06:33:57","guid":{"rendered":"https:\/\/fmp-components.com\/product\/professional-small-dump-truck-hydraulic-hoist-cylinder-multistage-hydraulic-cylinder"},"modified":"2025-03-14T01:51:38","modified_gmt":"2025-03-14T01:51:38","slug":"professional-small-dump-truck-hydraulic-hoist-cylinder-multistage-hydraulic-cylinder","status":"publish","type":"product","link":"https:\/\/fmp-components.com\/sk\/product\/professional-small-dump-truck-hydraulic-hoist-cylinder-multistage-hydraulic-cylinder\/","title":{"rendered":"Profesion\u00e1lny hydraulick\u00fd zdv\u00edhac\u00ed valec pre mal\u00e9 skl\u00e1pa\u010de, viacstup\u0148ov\u00fd hydraulick\u00fd valec"},"content":{"rendered":"<h2>Profesion\u00e1lny hydraulick\u00fd zdv\u00edhac\u00ed valec pre mal\u00e9 skl\u00e1pa\u010de, viacstup\u0148ov\u00fd hydraulick\u00fd valec<\/h2>\n<p>N\u00e1\u0161 profesion\u00e1lny hydraulick\u00fd valec pre mal\u00e9 skl\u00e1pa\u010de, viacstup\u0148ov\u00fd hydraulick\u00fd valec, je najmodernej\u0161\u00ed produkt, ktor\u00fd pon\u00faka bezkonkuren\u010dn\u00fa kvalitu a v\u00fdkon. Tento hydraulick\u00fd valec, navrhnut\u00fd s oh\u013eadom na \u00fa\u010dinnos\u0165 a spo\u013eahlivos\u0165, je ide\u00e1lny pre r\u00f4zne aplik\u00e1cie v opravovniach strojov, na farm\u00e1ch, v energetickom a \u0165a\u017eobnom priemysle, ako aj pri v\u00fdrobe strojov a tov\u00e1r\u0148ach.<\/p>\n<h3>K\u013e\u00fa\u010dov\u00e9 vlastnosti a v\u00fdhody<\/h3>\n<ul>\n<li>Vynikaj\u00faca pevnos\u0165: S maxim\u00e1lnym \u0165ahom 3000 a schopnos\u0165ou \u0165aha\u0165 a\u017e 20 ton je tento hydraulick\u00fd valec stelesnen\u00edm pevnosti a odolnosti.<\/li>\n<li>Kvalitn\u00e9 materi\u00e1ly: Vyroben\u00e9 z vysoko kvalitnej ocele, zaru\u010duje dlhodob\u00e9 pou\u017e\u00edvanie a odolnos\u0165 vo\u010di opotrebovaniu.<\/li>\n<li>Vysok\u00e1 \u00fa\u010dinnos\u0165: Jeho viacstup\u0148ov\u00e1 funkcia umo\u017e\u0148uje zv\u00fd\u0161en\u00fa \u00fa\u010dinnos\u0165 a funk\u010dnos\u0165 pri r\u00f4znych \u00faloh\u00e1ch.<\/li>\n<li>\u00daspora energie: N\u00e1\u0161 hydraulick\u00fd valec je navrhnut\u00fd tak, aby efekt\u00edvne vyu\u017e\u00edval energiu, \u010d\u00edm sa zni\u017euje spotreba energie a prev\u00e1dzkov\u00e9 n\u00e1klady.<\/li>\n<li>Bezpe\u010dnos\u0165: Dod\u00e1va sa s ro\u010dnou z\u00e1rukou, ktor\u00e1 zaru\u010duje bezpe\u010dnos\u0165 a dlhodob\u00fd v\u00fdkon jeho hlavn\u00fdch komponentov.<\/li>\n<\/ul>\n<h3>Technick\u00e9 \u0161pecifik\u00e1cie<\/h3>\n<table style=\"width: 95.5978%;\" border=\"\">\n<tbody>\n<tr>\n<td style=\"width: 42.8571%;\"><i>Ve\u013ekos\u0165 otvoru<\/i><\/td>\n<td style=\"width: 386.857%;\">2-6 palcov<\/td>\n<\/tr>\n<tr>\n<td style=\"width: 42.8571%;\"><i>Ve\u013ekos\u0165 ty\u010de<\/i><\/td>\n<td style=\"width: 386.857%;\">1,125-4 palca<\/td>\n<\/tr>\n<tr>\n<td style=\"width: 42.8571%;\"><i>Ve\u013ekos\u0165 \u0165ahu<\/i><\/td>\n<td style=\"width: 386.857%;\">4-100 palcov<\/td>\n<\/tr>\n<tr>\n<td style=\"width: 42.8571%;\"><i>Ve\u013ekos\u0165 \u010dapu<\/i><\/td>\n<td style=\"width: 386.857%;\">0,5-2 palce<\/td>\n<\/tr>\n<tr>\n<td style=\"width: 42.8571%;\"><i>Porty<\/i><\/td>\n<td style=\"width: 386.857%;\">G\/SAE\/NPT\/M<\/td>\n<\/tr>\n<\/tbody>\n<\/table>\n<h2>Jedine\u010dn\u00e9 vlastnosti a v\u00fdhody<\/h2>\n<ul>\n<li>\u00daspora energie: Kon\u0161trukcia a prev\u00e1dzka hydraulick\u00e9ho valca s\u00fa optimalizovan\u00e9 pre energetick\u00fa \u00fa\u010dinnos\u0165.<\/li>\n<li>Vysok\u00e1 \u00fa\u010dinnos\u0165: Vykon\u00e1va \u00falohy r\u00fdchlo a presne, v\u010faka \u010domu je vysoko efekt\u00edvnym n\u00e1strojom.<\/li>\n<li>Bezpe\u010dnos\u0165: Je vybaven\u00fd bezpe\u010dnostn\u00fdmi prvkami na ochranu pou\u017e\u00edvate\u013ea a strojov, ktor\u00e9 obsluhuje.<\/li>\n<\/ul>\n<h2>Hydraulick\u00e9 syst\u00e9my a princ\u00edp \u010dinnosti<\/h2>\n<p>N\u00e1\u0161 hydraulick\u00fd valec funguje na z\u00e1kladnom princ\u00edpe premeny hydraulickej energie na mechanick\u00fa energiu, \u010do je proces, ktor\u00fd je nevyhnutn\u00fd pre r\u00f4zne priemyseln\u00e9 aplik\u00e1cie. T\u00e1to premena prebieha pohybom tlakovej hydraulickej kvapaliny, ktor\u00e1 je smerovan\u00e1 do valca. Ke\u010f kvapalina vstupuje, vyv\u00edja silu na piest umiestnen\u00fd vo valci. T\u00e1to sila sp\u00f4sobuje pohyb piestu, \u010d\u00edm sa hydraulick\u00e1 energia premie\u0148a na mechanick\u00fd pohyb.<\/p>\n<p>Pohyb piestu mo\u017eno vyu\u017ei\u0165 na vykon\u00e1vanie u\u017eito\u010dnej pr\u00e1ce, ako je zdv\u00edhanie \u0165a\u017ek\u00fdch bremien, obsluha strojn\u00fdch s\u00fa\u010diastok alebo dokonca vykon\u00e1vanie zlo\u017eit\u00fdch \u00faloh vo v\u00fdrobn\u00fdch procesoch. \u00da\u010dinnos\u0165 tohto syst\u00e9mu je do zna\u010dnej miery sp\u00f4soben\u00e1 nestla\u010dite\u013enos\u0165ou hydraulickej kvapaliny, ktor\u00e1 umo\u017e\u0148uje siln\u00e9 zosilnenie sily. V\u010faka vyu\u017eitiu relat\u00edvne mal\u00fdch vstupn\u00fdch s\u00edl dok\u00e1\u017eu na\u0161e hydraulick\u00e9 valce generova\u0165 zna\u010dn\u00e9 v\u00fdstupn\u00e9 sily, v\u010faka \u010domu s\u00fa ide\u00e1lne pre \u00falohy, ktor\u00e9 vy\u017eaduj\u00fa pevnos\u0165 a presnos\u0165.<\/p>\n<p>Tento princ\u00edp hydraulickej prev\u00e1dzky je nielen efekt\u00edvny, ale poskytuje aj \u00farove\u0148 ovl\u00e1dania, ktor\u00fa je \u0165a\u017ek\u00e9 dosiahnu\u0165 iba mechanick\u00fdmi syst\u00e9mami. Obsluha m\u00f4\u017ee \u013eahko nastavi\u0165 tlak a prietok hydraulickej kvapaliny, aby jemne doladila pohyb piestu, \u010do umo\u017e\u0148uje presn\u00fa prev\u00e1dzku v r\u00f4znych prostrediach.<\/p>\n<p><img loading=\"lazy\" decoding=\"async\" class=\"alignnone  wp-image-6664\" src=\"https:\/\/fmp-components.com\/wp-content\/uploads\/2025\/03\/telescopic-hydraulic-cylinder-8.webp\" alt=\"teleskopick\u00fd hydraulick\u00fd valec\" width=\"778\" height=\"778\" title=\"\" srcset=\"https:\/\/fmp-components.com\/wp-content\/uploads\/2025\/03\/telescopic-hydraulic-cylinder-8.webp 778w, https:\/\/fmp-components.com\/wp-content\/uploads\/2025\/03\/telescopic-hydraulic-cylinder-8-480x480.webp 480w\" sizes=\"(min-width: 0px) and (max-width: 480px) 480px, (min-width: 481px) 778px, 100vw\" \/><\/p>\n<h2>Aplik\u00e1cie n\u00e1\u0161ho hydraulick\u00e9ho valca<\/h2>\n<p>N\u00e1\u0161 hydraulick\u00fd valec je mimoriadne v\u0161estrann\u00fd a mo\u017eno ho pou\u017ei\u0165 v \u0161irokej \u0161k\u00e1le aplik\u00e1ci\u00ed v r\u00f4znych odvetviach. Jedn\u00fdm z hlavn\u00fdch pou\u017eit\u00ed s\u00fa opravovne strojov, kde u\u013eah\u010duje zdv\u00edhanie a umiest\u0148ovanie \u0165a\u017ek\u00fdch zariaden\u00ed pri \u00fadr\u017eb\u00e1rskych a oprav\u00e1rensk\u00fdch \u00faloh\u00e1ch. Schopnos\u0165 bezpe\u010dne a efekt\u00edvne zdv\u00edha\u0165 a manipulova\u0165 s ve\u013ek\u00fdmi komponentmi je k\u013e\u00fa\u010dov\u00e1 pre zabezpe\u010denie prev\u00e1dzkyschopnosti a dobrej \u00fadr\u017eby strojov.<\/p>\n<p>V po\u013enohospod\u00e1rskom sektore s\u00fa na\u0161e hydraulick\u00e9 valce nevyhnutn\u00e9 na ovl\u00e1danie po\u013enohospod\u00e1rskych strojov, ako s\u00fa traktory, pluhy a kombajny. Umo\u017e\u0148uj\u00fa po\u013enohospod\u00e1rom \u013eahko vykon\u00e1va\u0165 \u00falohy, ako je zdv\u00edhanie pluhov a nastavovanie zariaden\u00ed, \u010d\u00edm v\u00fdrazne zvy\u0161uj\u00fa produktivitu a zni\u017euj\u00fa manu\u00e1lnu pr\u00e1cu.<\/p>\n<p>Energetick\u00fd a \u0165a\u017eobn\u00fd priemysel tie\u017e profituj\u00fa z robustn\u00e9ho v\u00fdkonu na\u0161ich hydraulick\u00fdch valcov. V t\u00fdchto odvetviach sa pou\u017e\u00edvaj\u00fa na ovl\u00e1danie \u0165a\u017ek\u00fdch strojov, ako s\u00fa r\u00fdpadl\u00e1 a v\u0155ta\u010dky, a pom\u00e1haj\u00fa pri \u0165a\u017ebe a preprave materi\u00e1lov. Ich pevnos\u0165 a spo\u013eahlivos\u0165 v extr\u00e9mnych podmienkach ich rob\u00ed v t\u00fdchto n\u00e1ro\u010dn\u00fdch prostrediach nenahradite\u013en\u00fdmi.<\/p>\n<p>Na\u0161e hydraulick\u00e9 valce sa navy\u0161e hojne pou\u017e\u00edvaj\u00fa v stroj\u00e1rstve a tov\u00e1r\u0148ach. S\u00fa k\u013e\u00fa\u010dov\u00e9 pre mont\u00e1\u017ene linky, kde u\u013eah\u010duj\u00fa pohyb a umiest\u0148ovanie komponentov, \u010d\u00edm prispievaj\u00fa k zefekt\u00edvneniu v\u00fdrobn\u00fdch procesov. Presnos\u0165 a v\u00fdkon, ktor\u00e9 na\u0161e hydraulick\u00e9 valce poskytuj\u00fa, zvy\u0161uj\u00fa celkov\u00fa prev\u00e1dzkov\u00fa efektivitu, v\u010faka \u010domu s\u00fa d\u00f4le\u017eitou s\u00fa\u010das\u0165ou modernej v\u00fdroby.<\/p>\n<p>Stru\u010dne povedan\u00e9, na\u0161e hydraulick\u00e9 valce s\u00fa navrhnut\u00e9 tak, aby sp\u013a\u0148ali rozmanit\u00e9 potreby r\u00f4znych odvetv\u00ed a poskytovali spo\u013eahliv\u00e9 a efekt\u00edvne rie\u0161enia pre zdv\u00edhanie, premiest\u0148ovanie a obsluhu strojov. Ich \u0161irok\u00e1 \u0161k\u00e1la aplik\u00e1ci\u00ed pod\u010diarkuje ich d\u00f4le\u017eitos\u0165 pri zvy\u0161ovan\u00ed produktivity a bezpe\u010dnosti vo viacer\u00fdch odvetviach.<\/p>\n<h2>Hydraulick\u00e9 valce a pohonn\u00e9 jednotky<\/h2>\n<p>Hydraulick\u00e9 valce a pohonn\u00e9 jednotky s\u00fa neoddelite\u013enou s\u00fa\u010das\u0165ou hydraulick\u00fdch syst\u00e9mov. Ich spolo\u010dn\u00e9 p\u00f4sobenie zabezpe\u010duje \u0161irok\u00e9 uplatnenie hydraulickej technol\u00f3gie v priemyselnej oblasti a poskytuje spo\u013eahliv\u00fa podporu nap\u00e1jania a riadenia pre r\u00f4zne technick\u00e9 a mechanick\u00e9 zariadenia. Hydraulick\u00fd valec ako aktu\u00e1tor je zodpovedn\u00fd za premenu hydraulickej energie na mechanick\u00fd pohyb a premenu tlaku na silu. Pohonn\u00e1 jednotka je jadrom, ktor\u00e9 poskytuje energiu a riadiace sign\u00e1ly potrebn\u00e9 pre hydraulick\u00fd syst\u00e9m.<\/p>\n<h2>\u010casto kladen\u00e9 ot\u00e1zky<\/h2>\n<dl>\n<dt>Ot\u00e1zka: Ste obchodn\u00e1 spolo\u010dnos\u0165 alebo v\u00fdrobca?<\/dt>\n<dd>A: Sme v\u00fdrobca.<\/dd>\n<dt>Ot\u00e1zka: Ak\u00e1 je va\u0161a dodacia lehota?<\/dt>\n<dd>A: Vo v\u0161eobecnosti je to 25-35 dn\u00ed.<\/dd>\n<dt>Ot\u00e1zka: Poskytujete vzorky? Je to zadarmo alebo navy\u0161e?<\/dt>\n<dd>A: \u00c1no, mohli by sme pon\u00faknu\u0165 vzorku, ale nie je zadarmo.<\/dd>\n<\/dl>\n<h3>O FMP<\/h3>\n<p class=\"break-words\">FMP je popredn\u00fd taliansky v\u00fdrobca \u0161pecializuj\u00faci sa na n\u00e1vrh, v\u00fdvoj a v\u00fdrobu vysokokvalitn\u00fdch hydraulick\u00fdch valcov. S bohat\u00fdm dedi\u010dstvom zakorenen\u00fdm v desa\u0165ro\u010diach odborn\u00fdch znalost\u00ed hrdo kombinujeme talianske remeseln\u00e9 spracovanie s najmodernej\u0161ou technol\u00f3giou, aby sme dod\u00e1vali v\u00fdnimo\u010dn\u00e9 hydraulick\u00e9 rie\u0161enia prisp\u00f4soben\u00e9 rozmanit\u00fdm potreb\u00e1m na\u0161ich glob\u00e1lnych klientov. Spolo\u010dnos\u0165 FMP so s\u00eddlom v Taliansku, centre in\u017einierskej excelentnosti, je d\u00f4veryhodn\u00fdm menom v hydraulickom priemysle a je odhodlan\u00e1 poskytova\u0165 spo\u013eahliv\u00e9, odoln\u00e9 a inovat\u00edvne produkty, ktor\u00e9 posil\u0148uj\u00fa podniky na celom svete.<\/p>\n<p class=\"break-words\">Na\u0161a spolo\u010dnos\u0165 sp\u00e1ja to najlep\u0161ie z pokro\u010dil\u00fdch v\u00fdrobn\u00fdch trad\u00edci\u00ed s progres\u00edvnym pr\u00edstupom. V\u010faka dlhoro\u010dn\u00fdm sk\u00fasenostiam v oblasti hydraulick\u00fdch syst\u00e9mov sa spolo\u010dnos\u0165 FMP vyvinula v modern\u00fd podnik, ktor\u00fd vynik\u00e1 vo v\u00fdskume, dizajne a v\u00fdrobe. \u0160pecializujeme sa na \u0161irok\u00fa \u0161k\u00e1lu hydraulick\u00fdch valcov vr\u00e1tane dvoj\u010dinn\u00fdch valcov, zdv\u00edhac\u00edch valcov pre automobily, valcov pre po\u013enohospod\u00e1rske stroje a na mieru vyroben\u00fdch rie\u0161en\u00ed pre r\u00f4zne priemyseln\u00e9 aplik\u00e1cie. \u010ci u\u017e ide o stavebn\u00edctvo, priemyseln\u00e9 in\u0161tal\u00e1cie, po\u013enohospod\u00e1rstvo alebo \u0165a\u017ek\u00e9 stroje, na\u0161e hydraulick\u00e9 valce s\u00fa skon\u0161truovan\u00e9 tak, aby fungovali v naj\u0165a\u017e\u0161\u00edch podmienkach a zabezpe\u010dovali bezpe\u010dnos\u0165, \u00fa\u010dinnos\u0165 a dlh\u00fa \u017eivotnos\u0165.<\/p>\n<p><img loading=\"lazy\" decoding=\"async\" class=\"alignnone size-full wp-image-6720\" src=\"https:\/\/fmp-components.com\/wp-content\/uploads\/2025\/03\/hydraulic-cylinder-8.webp\" alt=\"Teleskopick\u00e9 hydraulick\u00e9 valce\" width=\"933\" height=\"526\" title=\"\" srcset=\"https:\/\/fmp-components.com\/wp-content\/uploads\/2025\/03\/hydraulic-cylinder-8.webp 933w, https:\/\/fmp-components.com\/wp-content\/uploads\/2025\/03\/hydraulic-cylinder-8-480x271.webp 480w\" sizes=\"(min-width: 0px) and (max-width: 480px) 480px, (min-width: 481px) 933px, 100vw\" \/><\/p>\n<p class=\"break-words\">V spolo\u010dnosti FMP sme hrd\u00ed na na\u0161e najmodernej\u0161ie v\u00fdrobn\u00e9 zariadenia, vybaven\u00e9 presn\u00fdmi strojmi a pokro\u010dil\u00fdmi testovac\u00edmi syst\u00e9mami. Na\u0161e v\u00fdrobn\u00e9 procesy sp\u013a\u0148aj\u00fa pr\u00edsne n\u00e1rodn\u00e9 a medzin\u00e1rodn\u00e9 normy, \u010do zabezpe\u010duje, \u017ee ka\u017ed\u00fd hydraulick\u00fd valec op\u00fa\u0161\u0165aj\u00faci na\u0161u tov\u00e1re\u0148 m\u00e1 vynikaj\u00facu kvalitu a spo\u013eahlivos\u0165. N\u00e1\u0161 sk\u00fasen\u00fd technick\u00fd t\u00edm v spojen\u00ed s najmodernej\u0161\u00edm vybaven\u00edm n\u00e1m umo\u017e\u0148uje udr\u017eiava\u0165 pr\u00edsnu kontrolu kvality v ka\u017edej f\u00e1ze v\u00fdroby \u2013 od v\u00fdberu surov\u00edn a\u017e po kone\u010dn\u00fa kontrolu. Toto odhodlanie k dokonalosti n\u00e1m prinieslo certifik\u00e1cie a uznanie od priemyseln\u00fdch autor\u00edt, \u010do \u010falej upev\u0148uje na\u0161u reput\u00e1ciu spo\u013eahliv\u00e9ho partnera.<\/p>\n<p class=\"break-words\">Na\u0161e poslanie je jednoduch\u00e9, no ambici\u00f3zne: poskytova\u0165 na\u0161im z\u00e1kazn\u00edkom hydraulick\u00e9 valce, ktor\u00e9 prekon\u00e1vaj\u00fa o\u010dak\u00e1vania v oblasti v\u00fdkonu, odolnosti a hodnoty. Pracujeme v s\u00falade s hlavn\u00fdmi princ\u00edpmi profesionality, integrity a zamerania sa na z\u00e1kazn\u00edka. Podporou kult\u00fary inov\u00e1ci\u00ed a presnosti neust\u00e1le zdokona\u013eujeme na\u0161e produkty, aby sme si udr\u017eali n\u00e1skok na konkuren\u010dnom trhu. N\u00e1\u0161 komplexn\u00fd sortiment produktov a schopnos\u0165 pon\u00faka\u0165 rie\u0161enia na mieru z n\u00e1s robia vo\u013ebu pre firmy, ktor\u00e9 h\u013eadaj\u00fa vysoko v\u00fdkonn\u00e9 hydraulick\u00e9 valce.<\/p>\n<p class=\"break-words\">FMP je viac ne\u017e len v\u00fdrobca \u2013 sme partnerom vo va\u0161om \u00faspechu. Ch\u00e1peme, \u017ee na\u0161i z\u00e1kazn\u00edci sa na n\u00e1s spoliehaj\u00fa, \u017ee im dod\u00e1me n\u00e1stroje, ktor\u00e9 zvy\u0161uj\u00fa ich produktivitu a bezpe\u010dnos\u0165. Preto sa zav\u00e4zujeme pon\u00faka\u0165 nielen \u0161pi\u010dkov\u00e9 produkty, ale aj v\u00fdnimo\u010dn\u00fd servis. Od \u00favodnej konzult\u00e1cie a\u017e po popredajn\u00fa podporu \u00fazko spolupracujeme s na\u0161imi klientmi, aby sme zabezpe\u010dili, \u017ee ich potreby bud\u00fa splnen\u00e9 s profesionalitou a starostlivos\u0165ou. Na\u0161e konkurencieschopn\u00e9 ceny v spojen\u00ed s na\u0161\u00edm neochvejn\u00fdm z\u00e1v\u00e4zkom ku kvalite robia z FMP inteligentn\u00fa vo\u013ebu pre spolo\u010dnosti, ktor\u00e9 chc\u00fa investova\u0165 do hydraulick\u00fdch rie\u0161en\u00ed, ktor\u00fdm m\u00f4\u017eu d\u00f4verova\u0165.<\/p>","protected":false},"excerpt":{"rendered":"<p>Professional Small Dump Truck Hydraulic Hoist Cylinder Multistage Hydraulic Cylinder Our Professional Small Dump Truck Hydraulic Hoist Cylinder Multistage hydraulic cylinder is a state-of-the-art product that offers unparalleled quality and performance. Designed with efficiency and reliability in mind, this hydraulic cylinder is perfect for various applications in machinery repair shops, farms, energy and mining industries, [&hellip;]<\/p>","protected":false},"featured_media":6806,"comment_status":"closed","ping_status":"closed","template":"","meta":{"_et_pb_use_builder":"","_et_pb_old_content":"","_et_gb_content_width":""},"product_brand":[],"product_cat":[103],"product_tag":[34,105],"class_list":{"0":"post-6625","1":"product","2":"type-product","3":"status-publish","4":"has-post-thumbnail","6":"product_cat-telescopic-hydraulic-cylinders","7":"product_tag-hydraulic-cylinder","8":"product_tag-telescopic-hydraulic-cylinders","10":"first","11":"instock","12":"product-type-simple"},"_links":{"self":[{"href":"https:\/\/fmp-components.com\/sk\/wp-json\/wp\/v2\/product\/6625","targetHints":{"allow":["GET"]}}],"collection":[{"href":"https:\/\/fmp-components.com\/sk\/wp-json\/wp\/v2\/product"}],"about":[{"href":"https:\/\/fmp-components.com\/sk\/wp-json\/wp\/v2\/types\/product"}],"replies":[{"embeddable":true,"href":"https:\/\/fmp-components.com\/sk\/wp-json\/wp\/v2\/comments?post=6625"}],"wp:featuredmedia":[{"embeddable":true,"href":"https:\/\/fmp-components.com\/sk\/wp-json\/wp\/v2\/media\/6806"}],"wp:attachment":[{"href":"https:\/\/fmp-components.com\/sk\/wp-json\/wp\/v2\/media?parent=6625"}],"wp:term":[{"taxonomy":"product_brand","embeddable":true,"href":"https:\/\/fmp-components.com\/sk\/wp-json\/wp\/v2\/product_brand?post=6625"},{"taxonomy":"product_cat","embeddable":true,"href":"https:\/\/fmp-components.com\/sk\/wp-json\/wp\/v2\/product_cat?post=6625"},{"taxonomy":"product_tag","embeddable":true,"href":"https:\/\/fmp-components.com\/sk\/wp-json\/wp\/v2\/product_tag?post=6625"}],"curies":[{"name":"pracovn\u00fd list","href":"https:\/\/api.w.org\/{rel}","templated":true}]}}