{"id":6621,"date":"2025-03-11T06:33:57","date_gmt":"2025-03-11T06:33:57","guid":{"rendered":"https:\/\/fmp-components.com\/product\/premium-quality-dump-truck-hydraulic-hoist-cylinder-double-acting-hydraulic-cylinder"},"modified":"2025-03-14T00:55:26","modified_gmt":"2025-03-14T00:55:26","slug":"premium-quality-dump-truck-hydraulic-hoist-cylinder-double-acting-hydraulic-cylinder","status":"publish","type":"product","link":"https:\/\/fmp-components.com\/sk\/product\/premium-quality-dump-truck-hydraulic-hoist-cylinder-double-acting-hydraulic-cylinder\/","title":{"rendered":"Hydraulick\u00fd valec pre zdvih\u00e1k skl\u00e1pa\u010da pr\u00e9miovej kvality, dvoj\u010dinn\u00fd hydraulick\u00fd valec"},"content":{"rendered":"<h2>Hydraulick\u00fd zdv\u00edhac\u00ed valec pr\u00e9miovej kvality pre skl\u00e1pa\u010de<\/h2>\n<p>N\u00e1\u0161 hydraulick\u00fd valec pre zdvih\u00e1k skl\u00e1pa\u010da pr\u00e9miovej kvality je dvoj\u010dinn\u00fd hydraulick\u00fd valec, ktor\u00fd poskytuje \u0161pi\u010dkov\u00fd v\u00fdkon vo v\u0161etk\u00fdch pr\u00edslu\u0161n\u00fdch odvetviach. \u010ci u\u017e sa venujete oprav\u00e1m strojov, po\u013enohospod\u00e1rstvu, energetike a ban\u00edctvu, v\u00fdrobe strojov alebo vlastn\u00edte stroj\u00e1rsku tov\u00e1re\u0148, tento hydraulick\u00fd valec je vyroben\u00fd tak, aby v\u00fdnimo\u010dne sl\u00fa\u017eil va\u0161im potreb\u00e1m.<\/p>\n<h3>\u0160pecifik\u00e1cie produktu<\/h3>\n<p>N\u00e1\u0161 hydraulick\u00fd valec sa dod\u00e1va v stave \u201enov\u00fd\u201c a s ro\u010dnou z\u00e1rukou. Ide o \u0161tandardn\u00fd viacstup\u0148ov\u00fd hydraulick\u00fd valec s piestovou kon\u0161trukciou. Telo je vyroben\u00e9 z ocele a m\u00e1 maxim\u00e1lny \u0165ah 3000. Maxim\u00e1lna \u0165a\u017en\u00e1 sila n\u00e1\u0161ho hydraulick\u00e9ho valca je 20 ton a m\u00e1 certifik\u00e1ciu ISO9001:2000.<\/p>\n<table style=\"width: 95.0781%;\" border=\"\">\n<tbody>\n<tr>\n<th style=\"width: 42.8571%;\">Ve\u013ekos\u0165 otvoru<\/th>\n<th style=\"width: 396%;\">2-6 palcov<\/th>\n<\/tr>\n<tr>\n<th style=\"width: 42.8571%;\">Ve\u013ekos\u0165 ty\u010de<\/th>\n<th style=\"width: 396%;\">1,125-4 palca<\/th>\n<\/tr>\n<tr>\n<th style=\"width: 42.8571%;\">Ve\u013ekos\u0165 \u0165ahu<\/th>\n<th style=\"width: 396%;\">4-100 palcov<\/th>\n<\/tr>\n<tr>\n<th style=\"width: 42.8571%;\">Ve\u013ekos\u0165 \u010dapu<\/th>\n<th style=\"width: 396%;\">0,5-2 palce<\/th>\n<\/tr>\n<tr>\n<th style=\"width: 42.8571%;\">Porty<\/th>\n<th style=\"width: 396%;\">G\/SAE\/NPT\/M<\/th>\n<\/tr>\n<\/tbody>\n<\/table>\n<h2>Vlastnosti a v\u00fdhody produktu<\/h2>\n<ul>\n<li>Energeticky \u00fasporn\u00e9<\/li>\n<li>Vysoko \u00fa\u010dinn\u00fd<\/li>\n<li>Zaru\u010den\u00e1 bezpe\u010dnos\u0165<\/li>\n<\/ul>\n<h2>Princ\u00edp fungovania hydraulick\u00e9ho syst\u00e9mu<\/h2>\n<p>N\u00e1\u0161 hydraulick\u00fd valec funguje na princ\u00edpe hydraulickej sily, \u010do je technol\u00f3gia, ktor\u00e1 vyu\u017e\u00edva nestla\u010dite\u013enos\u0165 hydraulickej kvapaliny na prenos sily a vykon\u00e1vanie mechanick\u00fdch \u00faloh. Ke\u010f sa hydraulick\u00e1 kvapalina zavedie do valca pod tlakom, p\u00f4sob\u00ed silou na piest vo vn\u00fatri. T\u00e1to sila sp\u00f4sobuje pohyb piestu, ktor\u00fd n\u00e1sledne poh\u00e1\u0148a pripojen\u00fa ty\u010d, aby sa vys\u00favala alebo zas\u00favala. Z\u00e1kladn\u00fdm konceptom tejto oper\u00e1cie je Pascalov z\u00e1kon, ktor\u00fd hovor\u00ed, \u017ee ak\u00e1ko\u013evek zmena tlaku p\u00f4sobiaceho na uzavret\u00fa kvapalinu sa pren\u00e1\u0161a rovnomerne vo v\u0161etk\u00fdch smeroch. To umo\u017e\u0148uje, aby relat\u00edvne mal\u00e1 vstupn\u00e1 sila generovala ove\u013ea v\u00e4\u010d\u0161iu v\u00fdstupn\u00fa silu, v\u010faka \u010domu s\u00fa hydraulick\u00e9 syst\u00e9my neuverite\u013ene \u00fa\u010dinn\u00e9 pri zdv\u00edhan\u00ed a premiest\u0148ovan\u00ed \u0165a\u017ek\u00fdch bremien.<\/p>\n<p>Kon\u0161trukcia hydraulick\u00e9ho valca obsahuje r\u00f4zne komponenty, ako s\u00fa tesnenia a ventily, ktor\u00e9 pom\u00e1haj\u00fa regulova\u0165 tok kvapaliny a zabezpe\u010duj\u00fa plynul\u00fd chod. Regul\u00e1ciou tlaku a prietoku hydraulickej kvapaliny m\u00f4\u017eu oper\u00e1tori dosiahnu\u0165 presn\u00e9 pohyby a kontrolu nad zariaden\u00edm, v\u010faka \u010domu s\u00fa hydraulick\u00e9 syst\u00e9my ide\u00e1lne pre \u00falohy, ktor\u00e9 vy\u017eaduj\u00fa pevnos\u0165 aj presnos\u0165.<\/p>\n<p><img loading=\"lazy\" decoding=\"async\" class=\"alignnone  wp-image-6663\" src=\"https:\/\/fmp-components.com\/wp-content\/uploads\/2025\/03\/telescopic-hydraulic-cylinder-11.webp\" alt=\"teleskopick\u00fd hydraulick\u00fd valec\" width=\"784\" height=\"784\" title=\"\" srcset=\"https:\/\/fmp-components.com\/wp-content\/uploads\/2025\/03\/telescopic-hydraulic-cylinder-11.webp 784w, https:\/\/fmp-components.com\/wp-content\/uploads\/2025\/03\/telescopic-hydraulic-cylinder-11-480x480.webp 480w\" sizes=\"(min-width: 0px) and (max-width: 480px) 480px, (min-width: 481px) 784px, 100vw\" \/><\/p>\n<h3>Pou\u017eitie hydraulick\u00e9ho valca<\/h3>\n<p>V\u010faka v\u0161estrannosti n\u00e1\u0161ho hydraulick\u00e9ho zdv\u00edhacieho valca je tento hydraulick\u00fd valec nevyhnutnou s\u00fa\u010das\u0165ou v r\u00f4znych aplik\u00e1ci\u00e1ch, najm\u00e4 v stavebn\u00edctve a doprave. Tento typ hydraulick\u00e9ho valca sa be\u017ene pou\u017e\u00edva v skl\u00e1pa\u010doch, kde zohr\u00e1va k\u013e\u00fa\u010dov\u00fa \u00falohu pri zdv\u00edhan\u00ed korby n\u00e1kladn\u00e9ho vozidla, aby sa u\u013eah\u010dilo vykladanie materi\u00e1lov, ako je \u0161trk, piesok alebo sutina. Schopnos\u0165 efekt\u00edvne zdv\u00edha\u0165 a sp\u00fa\u0161\u0165a\u0165 korbu n\u00e1kladn\u00e9ho vozidla zvy\u0161uje produktivitu a bezpe\u010dnos\u0165 na stavenisk\u00e1ch.<\/p>\n<p>Okrem skl\u00e1pa\u010dov sa hydraulick\u00e9 zdv\u00edhacie valce hojne pou\u017e\u00edvaj\u00fa aj v bagroch a naklada\u010doch. V bagroch s\u00fa tieto valce zodpovedn\u00e9 za ovl\u00e1danie pohybov v\u00fdlo\u017en\u00edka a ramena, \u010do umo\u017e\u0148uje presn\u00e9 kopanie, zdv\u00edhanie a umiest\u0148ovanie materi\u00e1lov. Podobne aj v naklada\u010doch umo\u017e\u0148uj\u00fa hydraulick\u00e9 valce zdv\u00edhanie a nakl\u00e1\u0148anie ly\u017eice, \u010do u\u013eah\u010duje prepravu a nakladanie materi\u00e1lov.<\/p>\n<p>Pou\u017eitie hydraulick\u00fdch valcov presahuje r\u00e1mec stavebn\u00fdch strojov; nach\u00e1dzaj\u00fa sa aj v r\u00f4znych priemyseln\u00fdch zariadeniach, ako s\u00fa vysokozdvi\u017en\u00e9 voz\u00edky a syst\u00e9my na manipul\u00e1ciu s materi\u00e1lom, kde poskytuj\u00fa potrebn\u00fa silu na zdv\u00edhanie \u0165a\u017ek\u00fdch bremien a zvy\u0161uj\u00fa efektivitu prev\u00e1dzky. V\u010faka svojej robustnej kon\u0161trukcii a vysok\u00e9mu v\u00fdkonu s\u00fa nevyhnutn\u00e9 pre \u00falohy, ktor\u00e9 vy\u017eaduj\u00fa zdv\u00edhanie a premiest\u0148ovanie \u0165a\u017ek\u00fdch bremien, \u010d\u00edm zabezpe\u010duj\u00fa plynul\u00fd a efekt\u00edvny chod strojov v n\u00e1ro\u010dn\u00fdch prostrediach.<\/p>\n<p>Celkovo hydraulick\u00fd kladkostroj je pr\u00edkladom \u00fa\u010dinnosti hydraulick\u00fdch syst\u00e9mov v modern\u00fdch strojoch a demon\u0161truje ich schopnos\u0165 vykon\u00e1va\u0165 zlo\u017eit\u00e9 \u00falohy spo\u013eahlivo a presne vo viacer\u00fdch odvetviach.<\/p>\n<p><img alt=\"\" \/><\/p>\n<h2>\u010casto kladen\u00e9 ot\u00e1zky<\/h2>\n<p><span>Ot\u00e1zka: Ste obchodn\u00e1 spolo\u010dnos\u0165 alebo v\u00fdrobca?<\/span><br \/>\n<span>A: Sme tov\u00e1re\u0148.<\/span><br \/>\n<span>Ot\u00e1zka: Ak\u00e1 je va\u0161a dodacia lehota?<\/span><br \/>\n<span>A: Vo v\u0161eobecnosti je to 25-35 dn\u00ed.<\/span><br \/>\n<span>Ot\u00e1zka: Poskytujete vzorky? S\u00fa bezplatn\u00e9 alebo za pr\u00edplatok?<\/span><br \/>\n<span>A: \u00c1no, mohli by sme pon\u00faknu\u0165 vzorku, ale nie je zadarmo.<\/span><\/p>\n<h3>O FMP<\/h3>\n<p class=\"break-words\">FMP je popredn\u00fd taliansky v\u00fdrobca \u0161pecializuj\u00faci sa na n\u00e1vrh, v\u00fdvoj a v\u00fdrobu vysokokvalitn\u00fdch hydraulick\u00fdch valcov. S bohat\u00fdm dedi\u010dstvom zakorenen\u00fdm v desa\u0165ro\u010diach odborn\u00fdch znalost\u00ed hrdo kombinujeme talianske remeseln\u00e9 spracovanie s najmodernej\u0161ou technol\u00f3giou, aby sme dod\u00e1vali v\u00fdnimo\u010dn\u00e9 hydraulick\u00e9 rie\u0161enia prisp\u00f4soben\u00e9 rozmanit\u00fdm potreb\u00e1m na\u0161ich glob\u00e1lnych klientov. Spolo\u010dnos\u0165 FMP so s\u00eddlom v Taliansku, centre in\u017einierskej excelentnosti, je d\u00f4veryhodn\u00fdm menom v hydraulickom priemysle a je odhodlan\u00e1 poskytova\u0165 spo\u013eahliv\u00e9, odoln\u00e9 a inovat\u00edvne produkty, ktor\u00e9 posil\u0148uj\u00fa podniky na celom svete.<\/p>\n<p class=\"break-words\">Na\u0161a spolo\u010dnos\u0165 sp\u00e1ja to najlep\u0161ie z pokro\u010dil\u00fdch v\u00fdrobn\u00fdch trad\u00edci\u00ed s progres\u00edvnym pr\u00edstupom. V\u010faka dlhoro\u010dn\u00fdm sk\u00fasenostiam v oblasti hydraulick\u00fdch syst\u00e9mov sa spolo\u010dnos\u0165 FMP vyvinula v modern\u00fd podnik, ktor\u00fd vynik\u00e1 vo v\u00fdskume, dizajne a v\u00fdrobe. \u0160pecializujeme sa na \u0161irok\u00fa \u0161k\u00e1lu hydraulick\u00fdch valcov vr\u00e1tane dvoj\u010dinn\u00fdch valcov, zdv\u00edhac\u00edch valcov pre automobily, valcov pre po\u013enohospod\u00e1rske stroje a na mieru vyroben\u00fdch rie\u0161en\u00ed pre r\u00f4zne priemyseln\u00e9 aplik\u00e1cie. \u010ci u\u017e ide o stavebn\u00edctvo, priemyseln\u00e9 in\u0161tal\u00e1cie, po\u013enohospod\u00e1rstvo alebo \u0165a\u017ek\u00e9 stroje, na\u0161e hydraulick\u00e9 valce s\u00fa skon\u0161truovan\u00e9 tak, aby fungovali v naj\u0165a\u017e\u0161\u00edch podmienkach a zabezpe\u010dovali bezpe\u010dnos\u0165, \u00fa\u010dinnos\u0165 a dlh\u00fa \u017eivotnos\u0165.<\/p>\n<p><img loading=\"lazy\" decoding=\"async\" class=\"alignnone size-full wp-image-6720\" src=\"https:\/\/fmp-components.com\/wp-content\/uploads\/2025\/03\/hydraulic-cylinder-8.webp\" alt=\"Teleskopick\u00e9 hydraulick\u00e9 valce\" width=\"933\" height=\"526\" title=\"\" srcset=\"https:\/\/fmp-components.com\/wp-content\/uploads\/2025\/03\/hydraulic-cylinder-8.webp 933w, https:\/\/fmp-components.com\/wp-content\/uploads\/2025\/03\/hydraulic-cylinder-8-480x271.webp 480w\" sizes=\"(min-width: 0px) and (max-width: 480px) 480px, (min-width: 481px) 933px, 100vw\" \/><\/p>\n<p class=\"break-words\">V spolo\u010dnosti FMP sme hrd\u00ed na na\u0161e najmodernej\u0161ie v\u00fdrobn\u00e9 zariadenia, vybaven\u00e9 presn\u00fdmi strojmi a pokro\u010dil\u00fdmi testovac\u00edmi syst\u00e9mami. Na\u0161e v\u00fdrobn\u00e9 procesy sp\u013a\u0148aj\u00fa pr\u00edsne n\u00e1rodn\u00e9 a medzin\u00e1rodn\u00e9 normy, \u010do zabezpe\u010duje, \u017ee ka\u017ed\u00fd hydraulick\u00fd valec op\u00fa\u0161\u0165aj\u00faci na\u0161u tov\u00e1re\u0148 m\u00e1 vynikaj\u00facu kvalitu a spo\u013eahlivos\u0165. N\u00e1\u0161 sk\u00fasen\u00fd technick\u00fd t\u00edm v spojen\u00ed s najmodernej\u0161\u00edm vybaven\u00edm n\u00e1m umo\u017e\u0148uje udr\u017eiava\u0165 pr\u00edsnu kontrolu kvality v ka\u017edej f\u00e1ze v\u00fdroby \u2013 od v\u00fdberu surov\u00edn a\u017e po kone\u010dn\u00fa kontrolu. Toto odhodlanie k dokonalosti n\u00e1m prinieslo certifik\u00e1cie a uznanie od priemyseln\u00fdch autor\u00edt, \u010do \u010falej upev\u0148uje na\u0161u reput\u00e1ciu spo\u013eahliv\u00e9ho partnera.<\/p>\n<p class=\"break-words\">Na\u0161e poslanie je jednoduch\u00e9, no ambici\u00f3zne: poskytova\u0165 na\u0161im z\u00e1kazn\u00edkom hydraulick\u00e9 valce, ktor\u00e9 prekon\u00e1vaj\u00fa o\u010dak\u00e1vania v oblasti v\u00fdkonu, odolnosti a hodnoty. Pracujeme v s\u00falade s hlavn\u00fdmi princ\u00edpmi profesionality, integrity a zamerania sa na z\u00e1kazn\u00edka. Podporou kult\u00fary inov\u00e1ci\u00ed a presnosti neust\u00e1le zdokona\u013eujeme na\u0161e produkty, aby sme si udr\u017eali n\u00e1skok na konkuren\u010dnom trhu. N\u00e1\u0161 komplexn\u00fd sortiment produktov a schopnos\u0165 pon\u00faka\u0165 rie\u0161enia na mieru z n\u00e1s robia vo\u013ebu pre firmy, ktor\u00e9 h\u013eadaj\u00fa vysoko v\u00fdkonn\u00e9 hydraulick\u00e9 valce.<\/p>\n<p class=\"break-words\">FMP je viac ne\u017e len v\u00fdrobca \u2013 sme partnerom vo va\u0161om \u00faspechu. Ch\u00e1peme, \u017ee na\u0161i z\u00e1kazn\u00edci sa na n\u00e1s spoliehaj\u00fa, \u017ee im dod\u00e1me n\u00e1stroje, ktor\u00e9 zvy\u0161uj\u00fa ich produktivitu a bezpe\u010dnos\u0165. Preto sa zav\u00e4zujeme pon\u00faka\u0165 nielen \u0161pi\u010dkov\u00e9 produkty, ale aj v\u00fdnimo\u010dn\u00fd servis. Od \u00favodnej konzult\u00e1cie a\u017e po popredajn\u00fa podporu \u00fazko spolupracujeme s na\u0161imi klientmi, aby sme zabezpe\u010dili, \u017ee ich potreby bud\u00fa splnen\u00e9 s profesionalitou a starostlivos\u0165ou. Na\u0161e konkurencieschopn\u00e9 ceny v spojen\u00ed s na\u0161\u00edm neochvejn\u00fdm z\u00e1v\u00e4zkom ku kvalite robia z FMP inteligentn\u00fa vo\u013ebu pre spolo\u010dnosti, ktor\u00e9 chc\u00fa investova\u0165 do hydraulick\u00fdch rie\u0161en\u00ed, ktor\u00fdm m\u00f4\u017eu d\u00f4verova\u0165.<\/p>","protected":false},"excerpt":{"rendered":"<p>Premium Quality Dump Truck Hydraulic Hoist Cylinder Our Premium Quality Dump Truck Hydraulic Hoist Cylinder is a double acting hydraulic cylinder that delivers top-notch performance in all applicable industries. Whether you are into machinery repair, farming, energy and mining, machinery manufacturing, or you own a machinery factory, this hydraulic cylinder is crafted to serve your [&hellip;]<\/p>","protected":false},"featured_media":6789,"comment_status":"closed","ping_status":"closed","template":"","meta":{"_et_pb_use_builder":"","_et_pb_old_content":"","_et_gb_content_width":""},"product_brand":[],"product_cat":[103],"product_tag":[34,105],"class_list":{"0":"post-6621","1":"product","2":"type-product","3":"status-publish","4":"has-post-thumbnail","6":"product_cat-telescopic-hydraulic-cylinders","7":"product_tag-hydraulic-cylinder","8":"product_tag-telescopic-hydraulic-cylinders","10":"first","11":"instock","12":"product-type-simple"},"_links":{"self":[{"href":"https:\/\/fmp-components.com\/sk\/wp-json\/wp\/v2\/product\/6621","targetHints":{"allow":["GET"]}}],"collection":[{"href":"https:\/\/fmp-components.com\/sk\/wp-json\/wp\/v2\/product"}],"about":[{"href":"https:\/\/fmp-components.com\/sk\/wp-json\/wp\/v2\/types\/product"}],"replies":[{"embeddable":true,"href":"https:\/\/fmp-components.com\/sk\/wp-json\/wp\/v2\/comments?post=6621"}],"wp:featuredmedia":[{"embeddable":true,"href":"https:\/\/fmp-components.com\/sk\/wp-json\/wp\/v2\/media\/6789"}],"wp:attachment":[{"href":"https:\/\/fmp-components.com\/sk\/wp-json\/wp\/v2\/media?parent=6621"}],"wp:term":[{"taxonomy":"product_brand","embeddable":true,"href":"https:\/\/fmp-components.com\/sk\/wp-json\/wp\/v2\/product_brand?post=6621"},{"taxonomy":"product_cat","embeddable":true,"href":"https:\/\/fmp-components.com\/sk\/wp-json\/wp\/v2\/product_cat?post=6621"},{"taxonomy":"product_tag","embeddable":true,"href":"https:\/\/fmp-components.com\/sk\/wp-json\/wp\/v2\/product_tag?post=6621"}],"curies":[{"name":"pracovn\u00fd list","href":"https:\/\/api.w.org\/{rel}","templated":true}]}}