{"id":6616,"date":"2025-03-11T06:33:57","date_gmt":"2025-03-11T06:33:57","guid":{"rendered":"https:\/\/fmp-components.com\/product\/customized-3-stage-hydraulic-cylinder-multistage-hydraulic-cylinder-for-dump-truck"},"modified":"2025-03-14T01:53:46","modified_gmt":"2025-03-14T01:53:46","slug":"customized-3-stage-hydraulic-cylinder-multistage-hydraulic-cylinder-for-dump-truck","status":"publish","type":"product","link":"https:\/\/fmp-components.com\/sk\/product\/customized-3-stage-hydraulic-cylinder-multistage-hydraulic-cylinder-for-dump-truck\/","title":{"rendered":"Prisp\u00f4soben\u00fd 3-stup\u0148ov\u00fd hydraulick\u00fd valec viacstup\u0148ov\u00fd hydraulick\u00fd valec pre skl\u00e1pa\u010d"},"content":{"rendered":"<h2>Prisp\u00f4soben\u00fd 3-stup\u0148ov\u00fd hydraulick\u00fd valec viacstup\u0148ov\u00fd hydraulick\u00fd valec pre skl\u00e1pa\u010d<\/h2>\n<p>Predstavujeme n\u00e1\u0161 najmodernej\u0161\u00ed, prisp\u00f4soben\u00fd trojstup\u0148ov\u00fd hydraulick\u00fd valec, n\u00e1\u0161 najnov\u0161\u00ed pr\u00edrastok do s\u00e9rie viacstup\u0148ov\u00fdch hydraulick\u00fdch valcov. Tento hydraulick\u00fd valec, navrhnut\u00fd \u0161peci\u00e1lne pre skl\u00e1pa\u010de, je skon\u0161truovan\u00fd tak, aby poskytoval v\u00fdnimo\u010dn\u00fd v\u00fdkon v n\u00e1ro\u010dn\u00fdch podmienkach. Hydraulick\u00fd valec je k\u013e\u00fa\u010dovou s\u00fa\u010das\u0165ou skl\u00e1pa\u010da, ktor\u00fd poskytuje v\u00fdkon potrebn\u00fd na zdv\u00edhanie a sp\u00fa\u0161\u0165anie korby skl\u00e1pa\u010da. N\u00e1\u0161 produkt pon\u00faka maxim\u00e1lnu \u00fa\u010dinnos\u0165, odolnos\u0165 a spo\u013eahlivos\u0165.<\/p>\n<h2>Technick\u00e9 \u0161pecifik\u00e1cie<\/h2>\n<p>Pozrime sa bli\u017e\u0161ie na technick\u00e9 \u0161pecifik\u00e1cie produktu:<\/p>\n<p>Hydraulick\u00fd valec v\u00e1\u017ei 32 kg a je vybaven\u00fd oce\u013eov\u00fdm telesom. M\u00e1 maxim\u00e1lny tlak 3000 a maxim\u00e1lny \u0165ah 20 ton. Ve\u013ekos\u0165 otvoru sa pohybuje od 2 do 6 palcov, ve\u013ekos\u0165 ty\u010de od 1,125 do 4 palcov a ve\u013ekos\u0165 zdvihu od 4 do 100 palcov. Ve\u013ekos\u0165 \u010dapu je medzi 0,5 a 2 palcami. Produkt m\u00e1 tie\u017e certifik\u00e1ciu ISO9001:2000 a je dod\u00e1van\u00fd v \u010diernej farbe.<\/p>\n<table style=\"width: 97.8678%;\" border=\"\">\n<tbody>\n<tr>\n<td style=\"width: 42.8571%;\"><i>Ve\u013ekos\u0165 otvoru<\/i><\/td>\n<td style=\"width: 397.143%;\">2-6 palcov<\/td>\n<\/tr>\n<tr>\n<td style=\"width: 42.8571%;\"><i>Ve\u013ekos\u0165 ty\u010de<\/i><\/td>\n<td style=\"width: 397.143%;\">1,125-4 palca<\/td>\n<\/tr>\n<tr>\n<td style=\"width: 42.8571%;\"><i>Ve\u013ekos\u0165 \u0165ahu<\/i><\/td>\n<td style=\"width: 397.143%;\">4-100 palcov<\/td>\n<\/tr>\n<tr>\n<td style=\"width: 42.8571%;\"><i>Ve\u013ekos\u0165 \u010dapu<\/i><\/td>\n<td style=\"width: 397.143%;\">0,5-2 palce<\/td>\n<\/tr>\n<tr>\n<td style=\"width: 42.8571%;\"><i>Porty<\/i><\/td>\n<td style=\"width: 397.143%;\">G\/SAE\/NPT\/M<\/td>\n<\/tr>\n<\/tbody>\n<\/table>\n<h2>Jedine\u010dn\u00e9 vlastnosti a v\u00fdhody<\/h2>\n<p>Tento 3-stup\u0148ov\u00fd hydraulick\u00fd valec pon\u00faka nasleduj\u00face v\u00fdhody:<\/p>\n<ul>\n<li>Energeticky \u00fasporn\u00e9<\/li>\n<li>Vysok\u00e1 \u00fa\u010dinnos\u0165<\/li>\n<li>Bezpe\u010dn\u00e9 a spo\u013eahliv\u00e9<\/li>\n<li>K dispoz\u00edcii s\u00fa \u0161tandardn\u00e9 a prisp\u00f4soben\u00e9 mo\u017enosti<\/li>\n<li>Vynikaj\u00faca kontrola kvality a z\u00e1ruka<\/li>\n<\/ul>\n<h2>Princ\u00edp fungovania a aplik\u00e1cie<\/h2>\n<p>Hydraulick\u00fd valec pracuje na princ\u00edpe premeny hydraulick\u00e9ho tlaku na mechanick\u00fa silu. Je \u0161iroko pou\u017e\u00edvan\u00fd v r\u00f4znych odvetviach vr\u00e1tane opravovn\u00ed strojov, fariem, energetiky a ban\u00edctva, v\u00fdroby strojov a stroj\u00e1rskych z\u00e1vodov.<\/p>\n<p><img loading=\"lazy\" decoding=\"async\" class=\"alignnone size-full wp-image-6805\" src=\"https:\/\/fmp-components.com\/wp-content\/uploads\/2025\/03\/Telescopic-Hydraulic-Cylinders-21.webp\" alt=\"Teleskopick\u00e9 hydraulick\u00e9 valce\" width=\"800\" height=\"800\" title=\"\" srcset=\"https:\/\/fmp-components.com\/wp-content\/uploads\/2025\/03\/Telescopic-Hydraulic-Cylinders-21.webp 800w, https:\/\/fmp-components.com\/wp-content\/uploads\/2025\/03\/Telescopic-Hydraulic-Cylinders-21-480x480.webp 480w\" sizes=\"(min-width: 0px) and (max-width: 480px) 480px, (min-width: 481px) 800px, 100vw\" \/><\/p>\n<h2>Hydraulick\u00e9 valce a pohonn\u00e9 jednotky<\/h2>\n<p>Hydraulick\u00e9 valce a pohonn\u00e9 jednotky s\u00fa neoddelite\u013enou s\u00fa\u010das\u0165ou hydraulick\u00e9ho syst\u00e9mu. Ich spolo\u010dn\u00e9 p\u00f4sobenie zabezpe\u010duje \u0161irok\u00e9 uplatnenie hydraulickej technol\u00f3gie v priemyselnom sektore a poskytuje spo\u013eahliv\u00fa podporu nap\u00e1jania a riadenia pre r\u00f4zne technick\u00e9 a mechanick\u00e9 zariadenia. FMP tie\u017e pon\u00faka na predaj pohonn\u00e9 jednotky.<\/p>\n<h2>\u010casto kladen\u00e9 ot\u00e1zky<\/h2>\n<p><b>Ot\u00e1zka: Ak\u00e1 je dodacia lehota?<\/b><br \/>\nA: Vo v\u0161eobecnosti je to 25-35 dn\u00ed.<\/p>\n<p><b>Ot\u00e1zka: Poskytujete vzorky? S\u00fa bezplatn\u00e9 alebo za pr\u00edplatok?<\/b><br \/>\nA: \u00c1no, pon\u00fakame vzorky, ale nie s\u00fa zadarmo.<\/p>\n<p><b>Ot\u00e1zka: M\u00f4\u017eete vyrobi\u0165 pod\u013ea vzoriek?<\/b><br \/>\nA: \u00c1no, vieme vyrobi\u0165 pod\u013ea va\u0161ich vzoriek alebo technick\u00fdch v\u00fdkresov. Vieme vyrobi\u0165 formy a up\u00ednacie pr\u00edpravky.<\/p>\n<h3>O FMP<\/h3>\n<p class=\"break-words\">FMP je popredn\u00fd taliansky v\u00fdrobca \u0161pecializuj\u00faci sa na n\u00e1vrh, v\u00fdvoj a v\u00fdrobu vysokokvalitn\u00fdch hydraulick\u00fdch valcov. S bohat\u00fdm dedi\u010dstvom zakorenen\u00fdm v desa\u0165ro\u010diach odborn\u00fdch znalost\u00ed hrdo kombinujeme talianske remeseln\u00e9 spracovanie s najmodernej\u0161ou technol\u00f3giou, aby sme dod\u00e1vali v\u00fdnimo\u010dn\u00e9 hydraulick\u00e9 rie\u0161enia prisp\u00f4soben\u00e9 rozmanit\u00fdm potreb\u00e1m na\u0161ich glob\u00e1lnych klientov. Spolo\u010dnos\u0165 FMP so s\u00eddlom v Taliansku, centre in\u017einierskej excelentnosti, je d\u00f4veryhodn\u00fdm menom v hydraulickom priemysle a je odhodlan\u00e1 poskytova\u0165 spo\u013eahliv\u00e9, odoln\u00e9 a inovat\u00edvne produkty, ktor\u00e9 posil\u0148uj\u00fa podniky na celom svete.<\/p>\n<p class=\"break-words\">Na\u0161a spolo\u010dnos\u0165 sp\u00e1ja to najlep\u0161ie z pokro\u010dil\u00fdch v\u00fdrobn\u00fdch trad\u00edci\u00ed s progres\u00edvnym pr\u00edstupom. V\u010faka dlhoro\u010dn\u00fdm sk\u00fasenostiam v oblasti hydraulick\u00fdch syst\u00e9mov sa spolo\u010dnos\u0165 FMP vyvinula v modern\u00fd podnik, ktor\u00fd vynik\u00e1 vo v\u00fdskume, dizajne a v\u00fdrobe. \u0160pecializujeme sa na \u0161irok\u00fa \u0161k\u00e1lu hydraulick\u00fdch valcov vr\u00e1tane dvoj\u010dinn\u00fdch valcov, zdv\u00edhac\u00edch valcov pre automobily, valcov pre po\u013enohospod\u00e1rske stroje a na mieru vyroben\u00fdch rie\u0161en\u00ed pre r\u00f4zne priemyseln\u00e9 aplik\u00e1cie. \u010ci u\u017e ide o stavebn\u00edctvo, priemyseln\u00e9 in\u0161tal\u00e1cie, po\u013enohospod\u00e1rstvo alebo \u0165a\u017ek\u00e9 stroje, na\u0161e hydraulick\u00e9 valce s\u00fa skon\u0161truovan\u00e9 tak, aby fungovali v naj\u0165a\u017e\u0161\u00edch podmienkach a zabezpe\u010dovali bezpe\u010dnos\u0165, \u00fa\u010dinnos\u0165 a dlh\u00fa \u017eivotnos\u0165.<\/p>\n<p><img loading=\"lazy\" decoding=\"async\" class=\"alignnone size-full wp-image-6720\" src=\"https:\/\/fmp-components.com\/wp-content\/uploads\/2025\/03\/hydraulic-cylinder-8.webp\" alt=\"Teleskopick\u00e9 hydraulick\u00e9 valce\" width=\"933\" height=\"526\" title=\"\" srcset=\"https:\/\/fmp-components.com\/wp-content\/uploads\/2025\/03\/hydraulic-cylinder-8.webp 933w, https:\/\/fmp-components.com\/wp-content\/uploads\/2025\/03\/hydraulic-cylinder-8-480x271.webp 480w\" sizes=\"(min-width: 0px) and (max-width: 480px) 480px, (min-width: 481px) 933px, 100vw\" \/><\/p>\n<p class=\"break-words\">V spolo\u010dnosti FMP sme hrd\u00ed na na\u0161e najmodernej\u0161ie v\u00fdrobn\u00e9 zariadenia, vybaven\u00e9 presn\u00fdmi strojmi a pokro\u010dil\u00fdmi testovac\u00edmi syst\u00e9mami. Na\u0161e v\u00fdrobn\u00e9 procesy sp\u013a\u0148aj\u00fa pr\u00edsne n\u00e1rodn\u00e9 a medzin\u00e1rodn\u00e9 normy, \u010do zabezpe\u010duje, \u017ee ka\u017ed\u00fd hydraulick\u00fd valec op\u00fa\u0161\u0165aj\u00faci na\u0161u tov\u00e1re\u0148 m\u00e1 vynikaj\u00facu kvalitu a spo\u013eahlivos\u0165. N\u00e1\u0161 sk\u00fasen\u00fd technick\u00fd t\u00edm v spojen\u00ed s najmodernej\u0161\u00edm vybaven\u00edm n\u00e1m umo\u017e\u0148uje udr\u017eiava\u0165 pr\u00edsnu kontrolu kvality v ka\u017edej f\u00e1ze v\u00fdroby \u2013 od v\u00fdberu surov\u00edn a\u017e po kone\u010dn\u00fa kontrolu. Toto odhodlanie k dokonalosti n\u00e1m prinieslo certifik\u00e1cie a uznanie od priemyseln\u00fdch autor\u00edt, \u010do \u010falej upev\u0148uje na\u0161u reput\u00e1ciu spo\u013eahliv\u00e9ho partnera.<\/p>\n<p class=\"break-words\">Na\u0161e poslanie je jednoduch\u00e9, no ambici\u00f3zne: poskytova\u0165 na\u0161im z\u00e1kazn\u00edkom hydraulick\u00e9 valce, ktor\u00e9 prekon\u00e1vaj\u00fa o\u010dak\u00e1vania v oblasti v\u00fdkonu, odolnosti a hodnoty. Pracujeme v s\u00falade s hlavn\u00fdmi princ\u00edpmi profesionality, integrity a zamerania sa na z\u00e1kazn\u00edka. Podporou kult\u00fary inov\u00e1ci\u00ed a presnosti neust\u00e1le zdokona\u013eujeme na\u0161e produkty, aby sme si udr\u017eali n\u00e1skok na konkuren\u010dnom trhu. N\u00e1\u0161 komplexn\u00fd sortiment produktov a schopnos\u0165 pon\u00faka\u0165 rie\u0161enia na mieru z n\u00e1s robia vo\u013ebu pre firmy, ktor\u00e9 h\u013eadaj\u00fa vysoko v\u00fdkonn\u00e9 hydraulick\u00e9 valce.<\/p>\n<p class=\"break-words\">FMP je viac ne\u017e len v\u00fdrobca \u2013 sme partnerom vo va\u0161om \u00faspechu. Ch\u00e1peme, \u017ee na\u0161i z\u00e1kazn\u00edci sa na n\u00e1s spoliehaj\u00fa, \u017ee im dod\u00e1me n\u00e1stroje, ktor\u00e9 zvy\u0161uj\u00fa ich produktivitu a bezpe\u010dnos\u0165. Preto sa zav\u00e4zujeme pon\u00faka\u0165 nielen \u0161pi\u010dkov\u00e9 produkty, ale aj v\u00fdnimo\u010dn\u00fd servis. Od \u00favodnej konzult\u00e1cie a\u017e po popredajn\u00fa podporu \u00fazko spolupracujeme s na\u0161imi klientmi, aby sme zabezpe\u010dili, \u017ee ich potreby bud\u00fa splnen\u00e9 s profesionalitou a starostlivos\u0165ou. Na\u0161e konkurencieschopn\u00e9 ceny v spojen\u00ed s na\u0161\u00edm neochvejn\u00fdm z\u00e1v\u00e4zkom ku kvalite robia z FMP inteligentn\u00fa vo\u013ebu pre spolo\u010dnosti, ktor\u00e9 chc\u00fa investova\u0165 do hydraulick\u00fdch rie\u0161en\u00ed, ktor\u00fdm m\u00f4\u017eu d\u00f4verova\u0165.<\/p>","protected":false},"excerpt":{"rendered":"<p>Customized 3 Stage Hydraulic Cylinder Multistage Hydraulic Cylinder For Dump Truck Introducing our state-of-the-art, Customized 3 Stage Hydraulic Cylinder, our latest addition in the Multistage Hydraulic Cylinder series. Designed specifically for dump trucks, this hydraulic cylinder is built to provide exceptional service in demanding conditions. The hydraulic cylinder is a crucial component in a dump [&hellip;]<\/p>","protected":false},"featured_media":6805,"comment_status":"closed","ping_status":"closed","template":"","meta":{"_et_pb_use_builder":"","_et_pb_old_content":"","_et_gb_content_width":""},"product_brand":[],"product_cat":[103],"product_tag":[34,105],"class_list":{"0":"post-6616","1":"product","2":"type-product","3":"status-publish","4":"has-post-thumbnail","6":"product_cat-telescopic-hydraulic-cylinders","7":"product_tag-hydraulic-cylinder","8":"product_tag-telescopic-hydraulic-cylinders","10":"first","11":"instock","12":"product-type-simple"},"_links":{"self":[{"href":"https:\/\/fmp-components.com\/sk\/wp-json\/wp\/v2\/product\/6616","targetHints":{"allow":["GET"]}}],"collection":[{"href":"https:\/\/fmp-components.com\/sk\/wp-json\/wp\/v2\/product"}],"about":[{"href":"https:\/\/fmp-components.com\/sk\/wp-json\/wp\/v2\/types\/product"}],"replies":[{"embeddable":true,"href":"https:\/\/fmp-components.com\/sk\/wp-json\/wp\/v2\/comments?post=6616"}],"wp:featuredmedia":[{"embeddable":true,"href":"https:\/\/fmp-components.com\/sk\/wp-json\/wp\/v2\/media\/6805"}],"wp:attachment":[{"href":"https:\/\/fmp-components.com\/sk\/wp-json\/wp\/v2\/media?parent=6616"}],"wp:term":[{"taxonomy":"product_brand","embeddable":true,"href":"https:\/\/fmp-components.com\/sk\/wp-json\/wp\/v2\/product_brand?post=6616"},{"taxonomy":"product_cat","embeddable":true,"href":"https:\/\/fmp-components.com\/sk\/wp-json\/wp\/v2\/product_cat?post=6616"},{"taxonomy":"product_tag","embeddable":true,"href":"https:\/\/fmp-components.com\/sk\/wp-json\/wp\/v2\/product_tag?post=6616"}],"curies":[{"name":"pracovn\u00fd list","href":"https:\/\/api.w.org\/{rel}","templated":true}]}}