{"id":6614,"date":"2025-03-11T06:33:57","date_gmt":"2025-03-11T06:33:57","guid":{"rendered":"https:\/\/fmp-components.com\/product\/quality-assurance-hydraulic-cylinder-double-acting-5-stage-hydraulic-telescopic-cylinder"},"modified":"2025-03-14T00:49:46","modified_gmt":"2025-03-14T00:49:46","slug":"quality-assurance-hydraulic-cylinder-double-acting-5-stage-hydraulic-telescopic-cylinder","status":"publish","type":"product","link":"https:\/\/fmp-components.com\/sk\/product\/quality-assurance-hydraulic-cylinder-double-acting-5-stage-hydraulic-telescopic-cylinder\/","title":{"rendered":"Hydraulick\u00fd valec zabezpe\u010denia kvality Dvoj\u010dinn\u00fd 5-stup\u0148ov\u00fd hydraulick\u00fd teleskopick\u00fd valec"},"content":{"rendered":"<h2>Hydraulick\u00fd valec zabezpe\u010denia kvality Dvoj\u010dinn\u00fd 5-stup\u0148ov\u00fd hydraulick\u00fd teleskopick\u00fd valec<\/h2>\n<p>Predstavujeme n\u00e1\u0161 dvoj\u010dinn\u00fd 5-stup\u0148ov\u00fd hydraulick\u00fd teleskopick\u00fd valec so z\u00e1rukou kvality, najmodernej\u0161\u00ed produkt ur\u010den\u00fd pre r\u00f4zne aplik\u00e1cie v odvetviach, ako s\u00fa opravovne strojov, farmy, energetika a ban\u00edctvo, v\u00fdroba strojov a stroj\u00e1rske z\u00e1vody. Tento hydraulick\u00fd valec je vyroben\u00fd s oh\u013eadom na najvy\u0161\u0161ie \u0161tandardy kvality, \u010do zais\u0165uje robustn\u00fa a spo\u013eahliv\u00fa prev\u00e1dzku.<\/p>\n<h3>Vlastnosti a v\u00fdhody produktu<\/h3>\n<ul>\n<li>Dvoj\u010dinn\u00fd \u2013 poskytuje kontrolu pri vys\u00favan\u00ed aj zas\u00favan\u00ed ty\u010de, \u010d\u00edm zais\u0165uje zv\u00fd\u0161en\u00fa bezpe\u010dnos\u0165 a presnos\u0165 prev\u00e1dzky.<\/li>\n<li>5-stup\u0148ov\u00fd teleskopick\u00fd dizajn \u2013 pon\u00faka dlh\u0161\u00ed pracovn\u00fd zdvih ako jednostup\u0148ov\u00fd valec rovnakej d\u013a\u017eky v zatvorenom stave.<\/li>\n<li>Oce\u013eov\u00fd materi\u00e1l tela \u2013 zais\u0165uje odolnos\u0165 a dlhodob\u00fd v\u00fdkon aj v n\u00e1ro\u010dn\u00fdch pracovn\u00fdch podmienkach.<\/li>\n<li>Vysok\u00fd v\u00fdkon \u2013 s maxim\u00e1lnym \u0165ahom 3 000 a maxim\u00e1lnym \u0165ahom 20 ton si tento hydraulick\u00fd valec porad\u00ed s n\u00e1ro\u010dn\u00fdmi aplik\u00e1ciami.<\/li>\n<li>Zabezpe\u010denie kvality \u2013 n\u00e1\u0161 hydraulick\u00fd valec sa dod\u00e1va s ro\u010dnou z\u00e1rukou na z\u00e1kladn\u00e9 komponenty, poskytnut\u00fdmi protokolmi o sk\u00fa\u0161kach a certifik\u00e1ciou ISO9001:2000.<\/li>\n<\/ul>\n<h3>Technick\u00e9 \u0161pecifik\u00e1cie<\/h3>\n<table style=\"width: 101.022%;\" border=\"\">\n<tbody>\n<tr>\n<td style=\"width: 42.8571%;\"><i>Ve\u013ekos\u0165 otvoru<\/i><\/td>\n<td style=\"width: 411.429%;\">2-6 palcov<\/td>\n<\/tr>\n<tr>\n<td style=\"width: 42.8571%;\"><i>Ve\u013ekos\u0165 ty\u010de<\/i><\/td>\n<td style=\"width: 411.429%;\">1,125-4 palca<\/td>\n<\/tr>\n<tr>\n<td style=\"width: 42.8571%;\"><i>Ve\u013ekos\u0165 \u0165ahu<\/i><\/td>\n<td style=\"width: 411.429%;\">4-100 palcov<\/td>\n<\/tr>\n<tr>\n<td style=\"width: 42.8571%;\"><i>Ve\u013ekos\u0165 \u010dapu<\/i><\/td>\n<td style=\"width: 411.429%;\">0,5-2 palce<\/td>\n<\/tr>\n<tr>\n<td style=\"width: 42.8571%;\"><i>Porty<\/i><\/td>\n<td style=\"width: 411.429%;\">G\/SAE\/NPT\/M<\/td>\n<\/tr>\n<\/tbody>\n<\/table>\n<h2>Pou\u017eitie hydraulick\u00fdch valcov<\/h2>\n<p>Na\u0161e hydraulick\u00e9 valce sa \u0161iroko pou\u017e\u00edvaj\u00fa v \u0161irokej \u0161k\u00e1le aplik\u00e1ci\u00ed a dokazuj\u00fa svoju v\u0161estrannos\u0165 a \u00fa\u010dinnos\u0165 v r\u00f4znych odvetviach. Od opravovn\u00ed strojov a\u017e po po\u013enohospod\u00e1rske oblasti, v\u00fdrobu energie, \u0165a\u017eobn\u00e9 prev\u00e1dzky, v\u00fdrobu strojov a priemyseln\u00e9 tov\u00e1rne, tieto valce zohr\u00e1vaj\u00fa k\u013e\u00fa\u010dov\u00fa \u00falohu pri u\u013eah\u010dovan\u00ed \u00faloh, ktor\u00e9 vy\u017eaduj\u00fa zna\u010dn\u00fa silu a presnos\u0165.<\/p>\n<p>Jednou z k\u013e\u00fa\u010dov\u00fdch vlastnost\u00ed na\u0161ich hydraulick\u00fdch valcov je ich viacstup\u0148ov\u00e1 kon\u0161trukcia, ktor\u00e1 im umo\u017e\u0148uje generova\u0165 vysok\u00fd v\u00fdkon pri zachovan\u00ed kompaktn\u00fdch rozmerov. V\u010faka tomu s\u00fa ide\u00e1lne pre aplik\u00e1cie, ktor\u00e9 vy\u017eaduj\u00fa zna\u010dn\u00fa silu na dlh\u00e9 vzdialenosti. Napr\u00edklad v opravovniach strojov sa hydraulick\u00e9 valce pou\u017e\u00edvaj\u00fa na zdv\u00edhanie \u0165a\u017ek\u00fdch zariaden\u00ed pri \u00fadr\u017ebe a oprav\u00e1ch, \u010d\u00edm sa zabezpe\u010duje bezpe\u010dnos\u0165 a efektivita po\u010das cel\u00e9ho procesu.<\/p>\n<p>V po\u013enohospod\u00e1rstve tieto valce pom\u00e1haj\u00fa pri obsluhe po\u013enohospod\u00e1rskych strojov, ako s\u00fa traktory a kombajny, \u010do umo\u017e\u0148uje po\u013enohospod\u00e1rom \u013eahko vykon\u00e1va\u0165 \u00falohy, ako je zdv\u00edhanie pluhov alebo nastavovanie zariaden\u00ed. Po\u013enohospod\u00e1rsky sektor v\u00fdrazne \u0165a\u017e\u00ed z v\u00fdkonn\u00fdch zdv\u00edhac\u00edch schopnost\u00ed hydraulick\u00fdch valcov, \u010d\u00edm sa zvy\u0161uje produktivita a zni\u017euje sa manu\u00e1lna pr\u00e1ca.<\/p>\n<p>V energetickom a \u0165a\u017eobnom priemysle s\u00fa hydraulick\u00e9 valce nevyhnutn\u00e9 na ovl\u00e1danie \u0165a\u017ek\u00fdch zariaden\u00ed pou\u017e\u00edvan\u00fdch pri v\u0155tan\u00ed, v\u00fdkopov\u00fdch pr\u00e1cach a manipul\u00e1cii s materi\u00e1lom. Poskytuj\u00fa potrebn\u00fa silu na presun ve\u013ek\u00e9ho mno\u017estva zeminy alebo materi\u00e1lov, \u010d\u00edm sa prev\u00e1dzka st\u00e1va bezpe\u010dnej\u0161ou a efekt\u00edvnej\u0161ou. Okrem toho s\u00fa hydraulick\u00e9 valce v stroj\u00e1rstve a tov\u00e1r\u0148ach neoddelite\u013enou s\u00fa\u010das\u0165ou mont\u00e1\u017enych liniek, kde u\u013eah\u010duj\u00fa pohyb a umiest\u0148ovanie komponentov, \u010d\u00edm prispievaj\u00fa k zefekt\u00edvneniu v\u00fdrobn\u00fdch procesov.<\/p>\n<p><img loading=\"lazy\" decoding=\"async\" class=\"alignnone size-full wp-image-6788\" src=\"https:\/\/fmp-components.com\/wp-content\/uploads\/2025\/03\/Telescopic-Hydraulic-Cylinders-4.webp\" alt=\"Teleskopick\u00e9 hydraulick\u00e9 valce\" width=\"800\" height=\"800\" title=\"\" srcset=\"https:\/\/fmp-components.com\/wp-content\/uploads\/2025\/03\/Telescopic-Hydraulic-Cylinders-4.webp 800w, https:\/\/fmp-components.com\/wp-content\/uploads\/2025\/03\/Telescopic-Hydraulic-Cylinders-4-480x480.webp 480w\" sizes=\"(min-width: 0px) and (max-width: 480px) 480px, (min-width: 481px) 800px, 100vw\" \/><\/p>\n<h2>Hydraulick\u00e9 valce a pohonn\u00e9 jednotky<\/h2>\n<p>Hydraulick\u00e9 valce a pohonn\u00e9 jednotky s\u00fa z\u00e1kladn\u00fdmi s\u00fa\u010das\u0165ami ka\u017ed\u00e9ho hydraulick\u00e9ho syst\u00e9mu a pracuj\u00fa v harm\u00f3nii, aby maximalizovali \u00fa\u010dinnos\u0165 hydraulickej technol\u00f3gie v priemyseln\u00fdch aplik\u00e1ci\u00e1ch. Hydraulick\u00fd valec sl\u00fa\u017ei ako ovl\u00e1da\u010d, ktor\u00fd premie\u0148a hydraulick\u00fd tlak na mechanick\u00fd pohyb, zatia\u013e \u010do pohonn\u00e1 jednotka generuje a reguluje tlak hydraulickej kvapaliny potrebn\u00fd na prev\u00e1dzku valca.<\/p>\n<p>Tieto komponenty spolu zabezpe\u010duj\u00fa, \u017ee hydraulick\u00e9 syst\u00e9my poskytuj\u00fa spo\u013eahliv\u00fd v\u00fdkon a presn\u00e9 ovl\u00e1danie pre r\u00f4zne technick\u00e9 a mechanick\u00e9 zariadenia. Spolupr\u00e1ca medzi hydraulick\u00fdmi valcami a pohonn\u00fdmi jednotkami umo\u017e\u0148uje \u0161irok\u00fa \u0161k\u00e1lu aplik\u00e1ci\u00ed, od zdv\u00edhania a tla\u010denia a\u017e po up\u00ednanie a oh\u00fdbanie, v\u010faka \u010domu s\u00fa nevyhnutn\u00e9 v modernej v\u00fdrobe, stavebn\u00edctve a \u0165a\u017ebe zdrojov.<\/p>\n<p>Navy\u0161e, ich kombinovan\u00e1 \u00fa\u010dinnos\u0165 nielen zvy\u0161uje produktivitu, ale zais\u0165uje aj bezpe\u010dnos\u0165 a presnos\u0165 prev\u00e1dzky. Vyu\u017eit\u00edm siln\u00fdch str\u00e1nok hydraulickej technol\u00f3gie m\u00f4\u017eu priemyseln\u00e9 odvetvia dosiahnu\u0165 vy\u0161\u0161iu \u00farove\u0148 v\u00fdkonu, skr\u00e1ti\u0165 prestoje a zlep\u0161i\u0165 celkov\u00fa prev\u00e1dzkov\u00fa efekt\u00edvnos\u0165. Tento symbiotick\u00fd vz\u0165ah medzi hydraulick\u00fdmi valcami a pohonn\u00fdmi jednotkami je pr\u00edkladom k\u013e\u00fa\u010dovej \u00falohy, ktor\u00fa hydraulick\u00e9 syst\u00e9my zohr\u00e1vaj\u00fa pri rozv\u00edjan\u00ed priemyseln\u00fdch kapac\u00edt a inov\u00e1ci\u00ed.<\/p>\n<h2>\u010casto kladen\u00e9 ot\u00e1zky<\/h2>\n<p><b>Ot\u00e1zka: Ak\u00e1 je va\u0161a dodacia lehota?<\/b><br \/>\nA: Vo v\u0161eobecnosti je to 25-35 dn\u00ed.<\/p>\n<p><b>Ot\u00e1zka: Poskytujete vzorky? Je to zadarmo alebo navy\u0161e?<\/b><br \/>\nA: \u00c1no, mohli by sme pon\u00faknu\u0165 vzorku, ale nie je zadarmo.<\/p>\n<p><b>Viete vyrobi\u0165 pod\u013ea vzoriek?<\/b><br \/>\nA: \u00c1no, vieme vyrobi\u0165 pod\u013ea va\u0161ich vzoriek alebo technick\u00fdch v\u00fdkresov. Vieme vyrobi\u0165 formy a up\u00ednacie pr\u00edpravky.<\/p>\n<h3>O FMP<\/h3>\n<p class=\"break-words\">FMP je popredn\u00fd taliansky v\u00fdrobca \u0161pecializuj\u00faci sa na n\u00e1vrh, v\u00fdvoj a v\u00fdrobu vysokokvalitn\u00fdch hydraulick\u00fdch valcov. S bohat\u00fdm dedi\u010dstvom zakorenen\u00fdm v desa\u0165ro\u010diach odborn\u00fdch znalost\u00ed hrdo kombinujeme talianske remeseln\u00e9 spracovanie s najmodernej\u0161ou technol\u00f3giou, aby sme dod\u00e1vali v\u00fdnimo\u010dn\u00e9 hydraulick\u00e9 rie\u0161enia prisp\u00f4soben\u00e9 rozmanit\u00fdm potreb\u00e1m na\u0161ich glob\u00e1lnych klientov. Spolo\u010dnos\u0165 FMP so s\u00eddlom v Taliansku, centre in\u017einierskej excelentnosti, je d\u00f4veryhodn\u00fdm menom v hydraulickom priemysle a je odhodlan\u00e1 poskytova\u0165 spo\u013eahliv\u00e9, odoln\u00e9 a inovat\u00edvne produkty, ktor\u00e9 posil\u0148uj\u00fa podniky na celom svete.<\/p>\n<p class=\"break-words\">Na\u0161a spolo\u010dnos\u0165 sp\u00e1ja to najlep\u0161ie z pokro\u010dil\u00fdch v\u00fdrobn\u00fdch trad\u00edci\u00ed s progres\u00edvnym pr\u00edstupom. V\u010faka dlhoro\u010dn\u00fdm sk\u00fasenostiam v oblasti hydraulick\u00fdch syst\u00e9mov sa spolo\u010dnos\u0165 FMP vyvinula v modern\u00fd podnik, ktor\u00fd vynik\u00e1 vo v\u00fdskume, dizajne a v\u00fdrobe. \u0160pecializujeme sa na \u0161irok\u00fa \u0161k\u00e1lu hydraulick\u00fdch valcov vr\u00e1tane dvoj\u010dinn\u00fdch valcov, zdv\u00edhac\u00edch valcov pre automobily, valcov pre po\u013enohospod\u00e1rske stroje a na mieru vyroben\u00fdch rie\u0161en\u00ed pre r\u00f4zne priemyseln\u00e9 aplik\u00e1cie. \u010ci u\u017e ide o stavebn\u00edctvo, priemyseln\u00e9 in\u0161tal\u00e1cie, po\u013enohospod\u00e1rstvo alebo \u0165a\u017ek\u00e9 stroje, na\u0161e hydraulick\u00e9 valce s\u00fa skon\u0161truovan\u00e9 tak, aby fungovali v naj\u0165a\u017e\u0161\u00edch podmienkach a zabezpe\u010dovali bezpe\u010dnos\u0165, \u00fa\u010dinnos\u0165 a dlh\u00fa \u017eivotnos\u0165.<\/p>\n<p><img loading=\"lazy\" decoding=\"async\" class=\"alignnone size-full wp-image-6720\" src=\"https:\/\/fmp-components.com\/wp-content\/uploads\/2025\/03\/hydraulic-cylinder-8.webp\" alt=\"Teleskopick\u00e9 hydraulick\u00e9 valce\" width=\"933\" height=\"526\" title=\"\" srcset=\"https:\/\/fmp-components.com\/wp-content\/uploads\/2025\/03\/hydraulic-cylinder-8.webp 933w, https:\/\/fmp-components.com\/wp-content\/uploads\/2025\/03\/hydraulic-cylinder-8-480x271.webp 480w\" sizes=\"(min-width: 0px) and (max-width: 480px) 480px, (min-width: 481px) 933px, 100vw\" \/><\/p>\n<p class=\"break-words\">V spolo\u010dnosti FMP sme hrd\u00ed na na\u0161e najmodernej\u0161ie v\u00fdrobn\u00e9 zariadenia, vybaven\u00e9 presn\u00fdmi strojmi a pokro\u010dil\u00fdmi testovac\u00edmi syst\u00e9mami. Na\u0161e v\u00fdrobn\u00e9 procesy sp\u013a\u0148aj\u00fa pr\u00edsne n\u00e1rodn\u00e9 a medzin\u00e1rodn\u00e9 normy, \u010do zabezpe\u010duje, \u017ee ka\u017ed\u00fd hydraulick\u00fd valec op\u00fa\u0161\u0165aj\u00faci na\u0161u tov\u00e1re\u0148 m\u00e1 vynikaj\u00facu kvalitu a spo\u013eahlivos\u0165. N\u00e1\u0161 sk\u00fasen\u00fd technick\u00fd t\u00edm v spojen\u00ed s najmodernej\u0161\u00edm vybaven\u00edm n\u00e1m umo\u017e\u0148uje udr\u017eiava\u0165 pr\u00edsnu kontrolu kvality v ka\u017edej f\u00e1ze v\u00fdroby \u2013 od v\u00fdberu surov\u00edn a\u017e po kone\u010dn\u00fa kontrolu. Toto odhodlanie k dokonalosti n\u00e1m prinieslo certifik\u00e1cie a uznanie od priemyseln\u00fdch autor\u00edt, \u010do \u010falej upev\u0148uje na\u0161u reput\u00e1ciu spo\u013eahliv\u00e9ho partnera.<\/p>\n<p class=\"break-words\">Na\u0161e poslanie je jednoduch\u00e9, no ambici\u00f3zne: poskytova\u0165 na\u0161im z\u00e1kazn\u00edkom hydraulick\u00e9 valce, ktor\u00e9 prekon\u00e1vaj\u00fa o\u010dak\u00e1vania v oblasti v\u00fdkonu, odolnosti a hodnoty. Pracujeme v s\u00falade s hlavn\u00fdmi princ\u00edpmi profesionality, integrity a zamerania sa na z\u00e1kazn\u00edka. Podporou kult\u00fary inov\u00e1ci\u00ed a presnosti neust\u00e1le zdokona\u013eujeme na\u0161e produkty, aby sme si udr\u017eali n\u00e1skok na konkuren\u010dnom trhu. N\u00e1\u0161 komplexn\u00fd sortiment produktov a schopnos\u0165 pon\u00faka\u0165 rie\u0161enia na mieru z n\u00e1s robia vo\u013ebu pre firmy, ktor\u00e9 h\u013eadaj\u00fa vysoko v\u00fdkonn\u00e9 hydraulick\u00e9 valce.<\/p>\n<p class=\"break-words\">FMP je viac ne\u017e len v\u00fdrobca \u2013 sme partnerom vo va\u0161om \u00faspechu. Ch\u00e1peme, \u017ee na\u0161i z\u00e1kazn\u00edci sa na n\u00e1s spoliehaj\u00fa, \u017ee im dod\u00e1me n\u00e1stroje, ktor\u00e9 zvy\u0161uj\u00fa ich produktivitu a bezpe\u010dnos\u0165. Preto sa zav\u00e4zujeme pon\u00faka\u0165 nielen \u0161pi\u010dkov\u00e9 produkty, ale aj v\u00fdnimo\u010dn\u00fd servis. Od \u00favodnej konzult\u00e1cie a\u017e po popredajn\u00fa podporu \u00fazko spolupracujeme s na\u0161imi klientmi, aby sme zabezpe\u010dili, \u017ee ich potreby bud\u00fa splnen\u00e9 s profesionalitou a starostlivos\u0165ou. Na\u0161e konkurencieschopn\u00e9 ceny v spojen\u00ed s na\u0161\u00edm neochvejn\u00fdm z\u00e1v\u00e4zkom ku kvalite robia z FMP inteligentn\u00fa vo\u013ebu pre spolo\u010dnosti, ktor\u00e9 chc\u00fa investova\u0165 do hydraulick\u00fdch rie\u0161en\u00ed, ktor\u00fdm m\u00f4\u017eu d\u00f4verova\u0165.<\/p>","protected":false},"excerpt":{"rendered":"<p>Quality Assurance Hydraulic Cylinder Double Acting 5 Stage Hydraulic Telescopic Cylinder Introducing our Quality Assurance hydraulic cylinder Double Acting 5 Stage Hydraulic Telescopic Cylinder, a state-of-the-art product designed for various applications in industries such as machinery repair shops, farms, energy &amp; mining, machinery manufacturing, and from machinery factories. This hydraulic cylinder is built with the [&hellip;]<\/p>","protected":false},"featured_media":6788,"comment_status":"closed","ping_status":"closed","template":"","meta":{"_et_pb_use_builder":"","_et_pb_old_content":"","_et_gb_content_width":""},"product_brand":[],"product_cat":[103],"product_tag":[34,105],"class_list":{"0":"post-6614","1":"product","2":"type-product","3":"status-publish","4":"has-post-thumbnail","6":"product_cat-telescopic-hydraulic-cylinders","7":"product_tag-hydraulic-cylinder","8":"product_tag-telescopic-hydraulic-cylinders","10":"first","11":"instock","12":"product-type-simple"},"_links":{"self":[{"href":"https:\/\/fmp-components.com\/sk\/wp-json\/wp\/v2\/product\/6614","targetHints":{"allow":["GET"]}}],"collection":[{"href":"https:\/\/fmp-components.com\/sk\/wp-json\/wp\/v2\/product"}],"about":[{"href":"https:\/\/fmp-components.com\/sk\/wp-json\/wp\/v2\/types\/product"}],"replies":[{"embeddable":true,"href":"https:\/\/fmp-components.com\/sk\/wp-json\/wp\/v2\/comments?post=6614"}],"wp:featuredmedia":[{"embeddable":true,"href":"https:\/\/fmp-components.com\/sk\/wp-json\/wp\/v2\/media\/6788"}],"wp:attachment":[{"href":"https:\/\/fmp-components.com\/sk\/wp-json\/wp\/v2\/media?parent=6614"}],"wp:term":[{"taxonomy":"product_brand","embeddable":true,"href":"https:\/\/fmp-components.com\/sk\/wp-json\/wp\/v2\/product_brand?post=6614"},{"taxonomy":"product_cat","embeddable":true,"href":"https:\/\/fmp-components.com\/sk\/wp-json\/wp\/v2\/product_cat?post=6614"},{"taxonomy":"product_tag","embeddable":true,"href":"https:\/\/fmp-components.com\/sk\/wp-json\/wp\/v2\/product_tag?post=6614"}],"curies":[{"name":"pracovn\u00fd list","href":"https:\/\/api.w.org\/{rel}","templated":true}]}}