{"id":6610,"date":"2025-03-11T06:33:57","date_gmt":"2025-03-11T06:33:57","guid":{"rendered":"https:\/\/fmp-components.com\/product\/small-telescopic-hydraulic-cylinder-with-long-stroke-for-dump-truck"},"modified":"2025-03-17T08:44:57","modified_gmt":"2025-03-17T08:44:57","slug":"small-telescopic-hydraulic-cylinder-with-long-stroke-for-dump-truck","status":"publish","type":"product","link":"https:\/\/fmp-components.com\/sk\/product\/small-telescopic-hydraulic-cylinder-with-long-stroke-for-dump-truck\/","title":{"rendered":"Mal\u00fd teleskopick\u00fd hydraulick\u00fd valec s dlh\u00fdm zdvihom pre skl\u00e1pa\u010d"},"content":{"rendered":"<h2>Taliansky v\u00fdrobca teleskopick\u00e9ho viacstup\u0148ov\u00e9ho hydraulick\u00e9ho valca pre pr\u00edvesy pou\u017e\u00edvan\u00e9ho pre skl\u00e1pa\u010de od FMP<\/h2>\n<p>Hydraulick\u00fd valec Trailer Telescopic Multi Stages je pr\u00e9miov\u00fd produkt od spolo\u010dnosti FMP, renomovan\u00e9ho v\u00fdrobcu so s\u00eddlom v meste Italy City. Spolo\u010dnos\u0165 FMP sa venuje poskytovaniu vysokokvalitn\u00fdch hydraulick\u00fdch rie\u0161en\u00ed pre r\u00f4zne odvetvia vr\u00e1tane v\u00fdrobn\u00fdch z\u00e1vodov, opravovn\u00ed strojov, fariem a energetick\u00fdch a \u0165a\u017eobn\u00fdch spolo\u010dnost\u00ed.<\/p>\n<p><img loading=\"lazy\" decoding=\"async\" class=\"alignnone wp-image-6754\" src=\"https:\/\/fmp-components.com\/wp-content\/uploads\/2025\/03\/Telescopic-Hydraulic-Cylinders-111.webp\" alt=\"Teleskopick\u00e9 hydraulick\u00e9 valce\" width=\"780\" height=\"780\" title=\"\" srcset=\"https:\/\/fmp-components.com\/wp-content\/uploads\/2025\/03\/Telescopic-Hydraulic-Cylinders-111.webp 780w, https:\/\/fmp-components.com\/wp-content\/uploads\/2025\/03\/Telescopic-Hydraulic-Cylinders-111-480x480.webp 480w\" sizes=\"(min-width: 0px) and (max-width: 480px) 480px, (min-width: 481px) 780px, 100vw\" \/><\/p>\n<h2>Vlastnosti a v\u00fdhody<\/h2>\n<ul>\n<li><strong>Ekologick\u00e9:<\/strong> Na\u0161e hydraulick\u00e9 valce pou\u017e\u00edvaj\u00fa ako pracovn\u00e9 m\u00e9dium olej, \u010do podporuje ekologick\u00fa prev\u00e1dzku.<\/li>\n<li><strong>Efekt\u00edvne:<\/strong> S maxim\u00e1lnym \u0165ahom 3000 a \u0165ahom 600 s\u00fa na\u0161e valce navrhnut\u00e9 pre \u00fa\u010dinnos\u0165.<\/li>\n<li><strong>Bezpe\u010dn\u00e9:<\/strong> Na v\u0161etky na\u0161e produkty sa vz\u0165ahuje 1-ro\u010dn\u00e1 z\u00e1ruka, ktor\u00e1 zaru\u010duje bezpe\u010dnos\u0165 a pokoj na\u0161ich z\u00e1kazn\u00edkov.<\/li>\n<\/ul>\n<h2>Aplik\u00e1cie<\/h2>\n<p>Tieto hydraulick\u00e9 valce s\u00fa ide\u00e1lne pre skl\u00e1pa\u010de a in\u00e9 \u0165a\u017ek\u00e9 aplik\u00e1cie, ktor\u00e9 vy\u017eaduj\u00fa vysok\u00fd v\u00fdkon a presn\u00e9 ovl\u00e1danie.<\/p>\n<h2>Hydraulick\u00e9 valce a pohonn\u00e9 jednotky<\/h2>\n<p>Na\u0161e hydraulick\u00e9 valce a pohonn\u00e9 jednotky s\u00fa neoddelite\u013enou s\u00fa\u010das\u0165ou ka\u017ed\u00e9ho hydraulick\u00e9ho syst\u00e9mu. Spolupracuj\u00fa na poskytovan\u00ed spo\u013eahliv\u00e9ho v\u00fdkonu a ovl\u00e1dania pre \u0161irok\u00fa \u0161k\u00e1lu priemyseln\u00fdch aplik\u00e1ci\u00ed. Pon\u00fakame tie\u017e pohonn\u00e9 jednotky na predaj, \u010d\u00edm v\u00e1m zabezpe\u010d\u00edme kompletn\u00e9 hydraulick\u00e9 rie\u0161enie.<\/p>\n<h2>\u010casto kladen\u00e9 ot\u00e1zky<\/h2>\n<dl>\n<dt>Ot\u00e1zka 1: Ak\u00e1 je z\u00e1ruka na va\u0161e hydraulick\u00e9 valce?<\/dt>\n<dd>A1: Na v\u0161etky na\u0161e hydraulick\u00e9 valce pon\u00fakame 1-ro\u010dn\u00fa z\u00e1ruku.<\/dd>\n<dt>Ot\u00e1zka 2: Je mo\u017en\u00e9 prisp\u00f4sobi\u0165 \u0161pecifik\u00e1cie hydraulick\u00e9ho valca?<\/dt>\n<dd>A2: \u00c1no, vieme navrhn\u00fa\u0165 hydraulick\u00e9 valce pod\u013ea va\u0161ich \u0161pecifick\u00fdch po\u017eiadaviek.<\/dd>\n<dt>Q3: Pon\u00fakate aj nap\u00e1jacie jednotky?<\/dt>\n<dd>A3: \u00c1no, k na\u0161im hydraulick\u00fdm valcom dod\u00e1vame aj pohonn\u00e9 jednotky.<\/dd>\n<\/dl>\n<h3>O FMP<\/h3>\n<p class=\"break-words\">FMP je popredn\u00fd taliansky v\u00fdrobca \u0161pecializuj\u00faci sa na n\u00e1vrh, v\u00fdvoj a v\u00fdrobu vysokokvalitn\u00fdch hydraulick\u00fdch valcov. S bohat\u00fdm dedi\u010dstvom zakorenen\u00fdm v desa\u0165ro\u010diach odborn\u00fdch znalost\u00ed hrdo kombinujeme talianske remeseln\u00e9 spracovanie s najmodernej\u0161ou technol\u00f3giou, aby sme dod\u00e1vali v\u00fdnimo\u010dn\u00e9 hydraulick\u00e9 rie\u0161enia prisp\u00f4soben\u00e9 rozmanit\u00fdm potreb\u00e1m na\u0161ich glob\u00e1lnych klientov. Spolo\u010dnos\u0165 FMP so s\u00eddlom v Taliansku, centre in\u017einierskej excelentnosti, je d\u00f4veryhodn\u00fdm menom v hydraulickom priemysle a je odhodlan\u00e1 poskytova\u0165 spo\u013eahliv\u00e9, odoln\u00e9 a inovat\u00edvne produkty, ktor\u00e9 posil\u0148uj\u00fa podniky na celom svete.<\/p>\n<p class=\"break-words\">Na\u0161a spolo\u010dnos\u0165 sp\u00e1ja to najlep\u0161ie z pokro\u010dil\u00fdch v\u00fdrobn\u00fdch trad\u00edci\u00ed s progres\u00edvnym pr\u00edstupom. V\u010faka dlhoro\u010dn\u00fdm sk\u00fasenostiam v oblasti hydraulick\u00fdch syst\u00e9mov sa spolo\u010dnos\u0165 FMP vyvinula v modern\u00fd podnik, ktor\u00fd vynik\u00e1 vo v\u00fdskume, dizajne a v\u00fdrobe. \u0160pecializujeme sa na \u0161irok\u00fa \u0161k\u00e1lu hydraulick\u00fdch valcov vr\u00e1tane dvoj\u010dinn\u00fdch valcov, zdv\u00edhac\u00edch valcov pre automobily, valcov pre po\u013enohospod\u00e1rske stroje a na mieru vyroben\u00fdch rie\u0161en\u00ed pre r\u00f4zne priemyseln\u00e9 aplik\u00e1cie. \u010ci u\u017e ide o stavebn\u00edctvo, priemyseln\u00e9 in\u0161tal\u00e1cie, po\u013enohospod\u00e1rstvo alebo \u0165a\u017ek\u00e9 stroje, na\u0161e hydraulick\u00e9 valce s\u00fa skon\u0161truovan\u00e9 tak, aby fungovali v naj\u0165a\u017e\u0161\u00edch podmienkach a zabezpe\u010dovali bezpe\u010dnos\u0165, \u00fa\u010dinnos\u0165 a dlh\u00fa \u017eivotnos\u0165.<\/p>\n<p><img loading=\"lazy\" decoding=\"async\" class=\"alignnone size-full wp-image-6720\" src=\"https:\/\/fmp-components.com\/wp-content\/uploads\/2025\/03\/hydraulic-cylinder-8.webp\" alt=\"Teleskopick\u00e9 hydraulick\u00e9 valce\" width=\"933\" height=\"526\" title=\"\" srcset=\"https:\/\/fmp-components.com\/wp-content\/uploads\/2025\/03\/hydraulic-cylinder-8.webp 933w, https:\/\/fmp-components.com\/wp-content\/uploads\/2025\/03\/hydraulic-cylinder-8-480x271.webp 480w\" sizes=\"(min-width: 0px) and (max-width: 480px) 480px, (min-width: 481px) 933px, 100vw\" \/><\/p>\n<p class=\"break-words\">V spolo\u010dnosti FMP sme hrd\u00ed na na\u0161e najmodernej\u0161ie v\u00fdrobn\u00e9 zariadenia, vybaven\u00e9 presn\u00fdmi strojmi a pokro\u010dil\u00fdmi testovac\u00edmi syst\u00e9mami. Na\u0161e v\u00fdrobn\u00e9 procesy sp\u013a\u0148aj\u00fa pr\u00edsne n\u00e1rodn\u00e9 a medzin\u00e1rodn\u00e9 normy, \u010do zabezpe\u010duje, \u017ee ka\u017ed\u00fd hydraulick\u00fd valec op\u00fa\u0161\u0165aj\u00faci na\u0161u tov\u00e1re\u0148 m\u00e1 vynikaj\u00facu kvalitu a spo\u013eahlivos\u0165. N\u00e1\u0161 sk\u00fasen\u00fd technick\u00fd t\u00edm v spojen\u00ed s najmodernej\u0161\u00edm vybaven\u00edm n\u00e1m umo\u017e\u0148uje udr\u017eiava\u0165 pr\u00edsnu kontrolu kvality v ka\u017edej f\u00e1ze v\u00fdroby \u2013 od v\u00fdberu surov\u00edn a\u017e po kone\u010dn\u00fa kontrolu. Toto odhodlanie k dokonalosti n\u00e1m prinieslo certifik\u00e1cie a uznanie od priemyseln\u00fdch autor\u00edt, \u010do \u010falej upev\u0148uje na\u0161u reput\u00e1ciu spo\u013eahliv\u00e9ho partnera.<\/p>\n<p class=\"break-words\">Na\u0161e poslanie je jednoduch\u00e9, no ambici\u00f3zne: poskytova\u0165 na\u0161im z\u00e1kazn\u00edkom hydraulick\u00e9 valce, ktor\u00e9 prekon\u00e1vaj\u00fa o\u010dak\u00e1vania v oblasti v\u00fdkonu, odolnosti a hodnoty. Pracujeme v s\u00falade s hlavn\u00fdmi princ\u00edpmi profesionality, integrity a zamerania sa na z\u00e1kazn\u00edka. Podporou kult\u00fary inov\u00e1ci\u00ed a presnosti neust\u00e1le zdokona\u013eujeme na\u0161e produkty, aby sme si udr\u017eali n\u00e1skok na konkuren\u010dnom trhu. N\u00e1\u0161 komplexn\u00fd sortiment produktov a schopnos\u0165 pon\u00faka\u0165 rie\u0161enia na mieru z n\u00e1s robia vo\u013ebu pre firmy, ktor\u00e9 h\u013eadaj\u00fa vysoko v\u00fdkonn\u00e9 hydraulick\u00e9 valce.<\/p>\n<p class=\"break-words\">FMP je viac ne\u017e len v\u00fdrobca \u2013 sme partnerom vo va\u0161om \u00faspechu. Ch\u00e1peme, \u017ee na\u0161i z\u00e1kazn\u00edci sa na n\u00e1s spoliehaj\u00fa, \u017ee im dod\u00e1me n\u00e1stroje, ktor\u00e9 zvy\u0161uj\u00fa ich produktivitu a bezpe\u010dnos\u0165. Preto sa zav\u00e4zujeme pon\u00faka\u0165 nielen \u0161pi\u010dkov\u00e9 produkty, ale aj v\u00fdnimo\u010dn\u00fd servis. Od \u00favodnej konzult\u00e1cie a\u017e po popredajn\u00fa podporu \u00fazko spolupracujeme s na\u0161imi klientmi, aby sme zabezpe\u010dili, \u017ee ich potreby bud\u00fa splnen\u00e9 s profesionalitou a starostlivos\u0165ou. Na\u0161e konkurencieschopn\u00e9 ceny v spojen\u00ed s na\u0161\u00edm neochvejn\u00fdm z\u00e1v\u00e4zkom ku kvalite robia z FMP inteligentn\u00fa vo\u013ebu pre spolo\u010dnosti, ktor\u00e9 chc\u00fa investova\u0165 do hydraulick\u00fdch rie\u0161en\u00ed, ktor\u00fdm m\u00f4\u017eu d\u00f4verova\u0165.<\/p>","protected":false},"excerpt":{"rendered":"<p>Italy Manufacturer Trailer Telescopic Multi Stages Hydraulic Cylinder Used For Dump Truck From FMP The Trailer Telescopic Multi Stages hydraulic cylinder is a premium product From FMP, a renowned manufacturer based in Italy City. FMP has been dedicated to providing high-quality hydraulic solutions for various industries including manufacturing plants, machinery repair shops, farms, and energy [&hellip;]<\/p>","protected":false},"featured_media":6808,"comment_status":"closed","ping_status":"closed","template":"","meta":{"_et_pb_use_builder":"","_et_pb_old_content":"","_et_gb_content_width":""},"product_brand":[],"product_cat":[103],"product_tag":[34,105],"class_list":{"0":"post-6610","1":"product","2":"type-product","3":"status-publish","4":"has-post-thumbnail","6":"product_cat-telescopic-hydraulic-cylinders","7":"product_tag-hydraulic-cylinder","8":"product_tag-telescopic-hydraulic-cylinders","10":"first","11":"instock","12":"product-type-simple"},"_links":{"self":[{"href":"https:\/\/fmp-components.com\/sk\/wp-json\/wp\/v2\/product\/6610","targetHints":{"allow":["GET"]}}],"collection":[{"href":"https:\/\/fmp-components.com\/sk\/wp-json\/wp\/v2\/product"}],"about":[{"href":"https:\/\/fmp-components.com\/sk\/wp-json\/wp\/v2\/types\/product"}],"replies":[{"embeddable":true,"href":"https:\/\/fmp-components.com\/sk\/wp-json\/wp\/v2\/comments?post=6610"}],"wp:featuredmedia":[{"embeddable":true,"href":"https:\/\/fmp-components.com\/sk\/wp-json\/wp\/v2\/media\/6808"}],"wp:attachment":[{"href":"https:\/\/fmp-components.com\/sk\/wp-json\/wp\/v2\/media?parent=6610"}],"wp:term":[{"taxonomy":"product_brand","embeddable":true,"href":"https:\/\/fmp-components.com\/sk\/wp-json\/wp\/v2\/product_brand?post=6610"},{"taxonomy":"product_cat","embeddable":true,"href":"https:\/\/fmp-components.com\/sk\/wp-json\/wp\/v2\/product_cat?post=6610"},{"taxonomy":"product_tag","embeddable":true,"href":"https:\/\/fmp-components.com\/sk\/wp-json\/wp\/v2\/product_tag?post=6610"}],"curies":[{"name":"pracovn\u00fd list","href":"https:\/\/api.w.org\/{rel}","templated":true}]}}