{"id":6609,"date":"2025-03-11T06:33:57","date_gmt":"2025-03-11T06:33:57","guid":{"rendered":"https:\/\/fmp-components.com\/product\/professional-double-acting-multi-stage-hydraulic-cylinder-for-press"},"modified":"2025-03-14T01:21:24","modified_gmt":"2025-03-14T01:21:24","slug":"professional-double-acting-multi-stage-hydraulic-cylinder-for-press","status":"publish","type":"product","link":"https:\/\/fmp-components.com\/sk\/product\/professional-double-acting-multi-stage-hydraulic-cylinder-for-press\/","title":{"rendered":"Profesion\u00e1lny dvoj\u010dinn\u00fd viacstup\u0148ov\u00fd hydraulick\u00fd valec pre lis"},"content":{"rendered":"<h2>Profesion\u00e1lny dvoj\u010dinn\u00fd viacstup\u0148ov\u00fd hydraulick\u00fd valec pre lis<\/h2>\n<p>Profesion\u00e1lny dvoj\u010dinn\u00fd viacstup\u0148ov\u00fd hydraulick\u00fd valec pre lisy je robustn\u00fd a spo\u013eahliv\u00fd komponent vo svete hydrauliky. Tento valec, navrhnut\u00fd s presnos\u0165ou, je ide\u00e1lny pre aplik\u00e1cie v lisoch v r\u00f4znych odvetviach, ako s\u00fa opravovne strojov, energetika a ban\u00edctvo.<\/p>\n<h3>Vlastnosti a \u0161pecifik\u00e1cie produktu<\/h3>\n<p>Tento hydraulick\u00fd valec sa m\u00f4\u017ee pochv\u00e1li\u0165 radom funkci\u00ed, v\u010faka ktor\u00fdm vynik\u00e1 vo svojom odbore. Pon\u00faka maxim\u00e1lny posuv 3000 a maxim\u00e1lny \u0165ah 20 ton. Valec je vyroben\u00fd z odolnej ocele a m\u00e1 priemer otvoru 2-6 palcov, priemer ty\u010de 1,125-4 palce a zdvih 4-100 palcov.<\/p>\n<h3>Technick\u00e9 parametre<\/h3>\n<table style=\"width: 96.4775%;\" border=\"\">\n<tbody>\n<tr>\n<th style=\"width: 43.4286%;\">Ve\u013ekos\u0165 otvoru<\/th>\n<td style=\"width: 400.571%;\">2-6 palcov<\/td>\n<\/tr>\n<tr>\n<th style=\"width: 43.4286%;\">Ve\u013ekos\u0165 ty\u010de<\/th>\n<td style=\"width: 400.571%;\">1,125-4 palca<\/td>\n<\/tr>\n<tr>\n<th style=\"width: 43.4286%;\">Ve\u013ekos\u0165 \u0165ahu<\/th>\n<td style=\"width: 400.571%;\">4-100 palcov<\/td>\n<\/tr>\n<tr>\n<th style=\"width: 43.4286%;\">Ve\u013ekos\u0165 \u010dapu<\/th>\n<td style=\"width: 400.571%;\">0,5-2 palce<\/td>\n<\/tr>\n<tr>\n<th style=\"width: 43.4286%;\">Porty<\/th>\n<td style=\"width: 400.571%;\">G\/SAE\/NPT\/M<\/td>\n<\/tr>\n<\/tbody>\n<\/table>\n<h2>Jedine\u010dn\u00e9 v\u00fdhody<\/h2>\n<p>Tento hydraulick\u00fd valec je energeticky \u00fasporn\u00fd, vysoko v\u00fdkonn\u00fd a bezpe\u010dn\u00fd. Jeho dvoj\u010dinn\u00fd mechanizmus umo\u017e\u0148uje zv\u00fd\u0161en\u00fa \u00fa\u010dinnos\u0165 a v\u00fdkon. Hydraulick\u00fd valec m\u00e1 tie\u017e certifik\u00e1t ISO9001:2000, \u010do zaru\u010duje kvalitu a spo\u013eahlivos\u0165.<\/p>\n<h2>Hydraulick\u00e9 syst\u00e9my a princ\u00edpy fungovania<\/h2>\n<p>Hydraulick\u00e9 valce s\u00fa z\u00e1kladnou s\u00fa\u010das\u0165ou ka\u017ed\u00e9ho hydraulick\u00e9ho syst\u00e9mu a zohr\u00e1vaj\u00fa k\u013e\u00fa\u010dov\u00fa \u00falohu pri premene hydraulickej energie na mechanick\u00fd pohyb. T\u00e1to premena sa dosahuje pou\u017eit\u00edm hydraulickej kvapaliny, ktor\u00e1 je pod tlakom a priv\u00e1dzan\u00e1 do valca. Ke\u010f kvapalina vstupuje, p\u00f4sob\u00ed silou na piest vo vn\u00fatri valca, \u010d\u00edm ho uvedie do pohybu. Tento pohyb sa premie\u0148a na line\u00e1rny pohyb, ktor\u00fd mo\u017eno vyu\u017ei\u0165 na vykon\u00e1vanie r\u00f4znych priemyseln\u00fdch \u00faloh, od zdv\u00edhania \u0165a\u017ek\u00fdch bremien a\u017e po presn\u00fa obsluhu strojov.<\/p>\n<p>Jedn\u00fdm z najuniverz\u00e1lnej\u0161\u00edch typov hydraulick\u00fdch valcov je dvoj\u010dinn\u00fd hydraulick\u00fd valec. Na rozdiel od jedno\u010dinn\u00fdch valcov, ktor\u00e9 sa m\u00f4\u017eu pohybova\u0165 iba jedn\u00fdm smerom, sa dvoj\u010dinn\u00e9 valce dok\u00e1\u017eu zas\u00fava\u0165 a vys\u00fava\u0165 pomocou hydraulickej sily v oboch smeroch. T\u00e1to schopnos\u0165 ich rob\u00ed ide\u00e1lnymi pre \u0161irok\u00fa \u0161k\u00e1lu aplik\u00e1ci\u00ed vr\u00e1tane stavebn\u00fdch strojov, automobilov\u00fdch v\u00fd\u0165ahov a zariaden\u00ed na manipul\u00e1ciu s materi\u00e1lom. Schopnos\u0165 ovl\u00e1da\u0165 pohyb v oboch smeroch umo\u017e\u0148uje v\u00e4\u010d\u0161iu flexibilitu a efektivitu prev\u00e1dzky, v\u010faka \u010domu s\u00fa dvoj\u010dinn\u00e9 valce preferovanou vo\u013ebou v mnoh\u00fdch priemyseln\u00fdch prostrediach.<\/p>\n<p><img loading=\"lazy\" decoding=\"async\" class=\"alignnone size-full wp-image-6795\" src=\"https:\/\/fmp-components.com\/wp-content\/uploads\/2025\/03\/Telescopic-Hydraulic-Cylinders-11.webp\" alt=\"Teleskopick\u00e9 hydraulick\u00e9 valce\" width=\"800\" height=\"800\" title=\"\" srcset=\"https:\/\/fmp-components.com\/wp-content\/uploads\/2025\/03\/Telescopic-Hydraulic-Cylinders-11.webp 800w, https:\/\/fmp-components.com\/wp-content\/uploads\/2025\/03\/Telescopic-Hydraulic-Cylinders-11-480x480.webp 480w\" sizes=\"(min-width: 0px) and (max-width: 480px) 480px, (min-width: 481px) 800px, 100vw\" \/><\/p>\n<h2>Hydraulick\u00e9 valce a pohonn\u00e9 jednotky<\/h2>\n<p>Hydraulick\u00e9 valce a pohonn\u00e9 jednotky s\u00fa k\u013e\u00fa\u010dov\u00fdmi s\u00fa\u010das\u0165ami hydraulick\u00e9ho syst\u00e9mu, ktor\u00e9 spolupracuj\u00fa, aby efekt\u00edvne vyu\u017eili v\u00fdkon hydrauliky. Hydraulick\u00fd valec funguje ako ovl\u00e1da\u010d, ktor\u00fd premie\u0148a hydraulick\u00fd tlak generovan\u00fd pohonnou jednotkou na mechanick\u00fd pohyb. Pohonn\u00e1 jednotka je z\u00e1rove\u0148 zodpovedn\u00e1 za generovanie a regul\u00e1ciu tlaku hydraulickej kvapaliny a dod\u00e1vanie potrebnej energie do syst\u00e9mu.<\/p>\n<p>T\u00e1to spolupr\u00e1ca je nevyhnutn\u00e1 pre \u0161irok\u00e9 uplatnenie hydraulickej technol\u00f3gie v celom priemyselnom sektore. Hydraulick\u00e9 valce a pohonn\u00e9 jednotky spolo\u010dne poskytuj\u00fa spo\u013eahliv\u00fd v\u00fdkon a presn\u00e9 ovl\u00e1danie pre r\u00f4zne technick\u00e9 a mechanick\u00e9 zariadenia. Napr\u00edklad vo v\u00fdrobnom prostred\u00ed t\u00e1to synergia umo\u017e\u0148uje prev\u00e1dzku lisov, dopravn\u00edkov a robotick\u00fdch syst\u00e9mov, \u010d\u00edm zvy\u0161uje produktivitu a efekt\u00edvnos\u0165.<\/p>\n<p>Integr\u00e1cia hydraulick\u00fdch valcov s pohonn\u00fdmi jednotkami navy\u0161e umo\u017e\u0148uje realiz\u00e1ciu zlo\u017eit\u00fdch \u00faloh, ktor\u00e9 vy\u017eaduj\u00fa pevnos\u0165 aj presnos\u0165. Nastaven\u00edm tlaku a prietoku hydraulickej kvapaliny m\u00f4\u017eu oper\u00e1tori dosiahnu\u0165 jemn\u00fa kontrolu nad pohybmi, v\u010faka \u010domu s\u00fa hydraulick\u00e9 syst\u00e9my vhodn\u00e9 pre aplik\u00e1cie od zdv\u00edhania \u0165a\u017ek\u00fdch bremien a\u017e po zlo\u017eit\u00e9 mont\u00e1\u017ene procesy.<\/p>\n<p>Stru\u010dne povedan\u00e9, kombin\u00e1cia hydraulick\u00fdch valcov a pohonn\u00fdch jednotiek je pr\u00edkladom \u00fa\u010dinnosti hydraulick\u00fdch syst\u00e9mov v modern\u00fdch priemyseln\u00fdch aplik\u00e1ci\u00e1ch. Ich schopnos\u0165 bezprobl\u00e9movo spolupracova\u0165 zabezpe\u010duje, \u017ee priemyseln\u00e9 odvetvia m\u00f4\u017eu vyu\u017e\u00edva\u0165 hydraulick\u00fa technol\u00f3giu na zlep\u0161enie prev\u00e1dzkovej efekt\u00edvnosti, zv\u00fd\u0161enie bezpe\u010dnosti a zv\u00fd\u0161enie celkovej produktivity v \u0161irokej \u0161k\u00e1le aplik\u00e1ci\u00ed.<\/p>\n<h2>\u010casto kladen\u00e9 ot\u00e1zky<\/h2>\n<p>Ot\u00e1zka: Ste obchodn\u00e1 spolo\u010dnos\u0165 alebo v\u00fdrobca?<br \/>\nA: Sme tov\u00e1re\u0148.<\/p>\n<p>Ot\u00e1zka: Ak\u00e1 je va\u0161a dodacia lehota?<br \/>\nA: Vo v\u0161eobecnosti je to 25-35 dn\u00ed.<\/p>\n<p>Ot\u00e1zka: M\u00f4\u017eete vyrobi\u0165 pod\u013ea vzoriek?<br \/>\nA: \u00c1no, vieme vyrobi\u0165 pod\u013ea va\u0161ich vzoriek alebo technick\u00fdch v\u00fdkresov. Vieme vyrobi\u0165 formy a up\u00ednacie pr\u00edpravky.<\/p>\n<h3>O FMP<\/h3>\n<p class=\"break-words\">FMP je popredn\u00fd taliansky v\u00fdrobca \u0161pecializuj\u00faci sa na n\u00e1vrh, v\u00fdvoj a v\u00fdrobu vysokokvalitn\u00fdch hydraulick\u00fdch valcov. S bohat\u00fdm dedi\u010dstvom zakorenen\u00fdm v desa\u0165ro\u010diach odborn\u00fdch znalost\u00ed hrdo kombinujeme talianske remeseln\u00e9 spracovanie s najmodernej\u0161ou technol\u00f3giou, aby sme dod\u00e1vali v\u00fdnimo\u010dn\u00e9 hydraulick\u00e9 rie\u0161enia prisp\u00f4soben\u00e9 rozmanit\u00fdm potreb\u00e1m na\u0161ich glob\u00e1lnych klientov. Spolo\u010dnos\u0165 FMP so s\u00eddlom v Taliansku, centre in\u017einierskej excelentnosti, je d\u00f4veryhodn\u00fdm menom v hydraulickom priemysle a je odhodlan\u00e1 poskytova\u0165 spo\u013eahliv\u00e9, odoln\u00e9 a inovat\u00edvne produkty, ktor\u00e9 posil\u0148uj\u00fa podniky na celom svete.<\/p>\n<p class=\"break-words\">Na\u0161a spolo\u010dnos\u0165 sp\u00e1ja to najlep\u0161ie z pokro\u010dil\u00fdch v\u00fdrobn\u00fdch trad\u00edci\u00ed s progres\u00edvnym pr\u00edstupom. V\u010faka dlhoro\u010dn\u00fdm sk\u00fasenostiam v oblasti hydraulick\u00fdch syst\u00e9mov sa spolo\u010dnos\u0165 FMP vyvinula v modern\u00fd podnik, ktor\u00fd vynik\u00e1 vo v\u00fdskume, dizajne a v\u00fdrobe. \u0160pecializujeme sa na \u0161irok\u00fa \u0161k\u00e1lu hydraulick\u00fdch valcov vr\u00e1tane dvoj\u010dinn\u00fdch valcov, zdv\u00edhac\u00edch valcov pre automobily, valcov pre po\u013enohospod\u00e1rske stroje a na mieru vyroben\u00fdch rie\u0161en\u00ed pre r\u00f4zne priemyseln\u00e9 aplik\u00e1cie. \u010ci u\u017e ide o stavebn\u00edctvo, priemyseln\u00e9 in\u0161tal\u00e1cie, po\u013enohospod\u00e1rstvo alebo \u0165a\u017ek\u00e9 stroje, na\u0161e hydraulick\u00e9 valce s\u00fa skon\u0161truovan\u00e9 tak, aby fungovali v naj\u0165a\u017e\u0161\u00edch podmienkach a zabezpe\u010dovali bezpe\u010dnos\u0165, \u00fa\u010dinnos\u0165 a dlh\u00fa \u017eivotnos\u0165.<\/p>\n<p><img loading=\"lazy\" decoding=\"async\" class=\"alignnone size-full wp-image-6720\" src=\"https:\/\/fmp-components.com\/wp-content\/uploads\/2025\/03\/hydraulic-cylinder-8.webp\" alt=\"Teleskopick\u00e9 hydraulick\u00e9 valce\" width=\"933\" height=\"526\" title=\"\" srcset=\"https:\/\/fmp-components.com\/wp-content\/uploads\/2025\/03\/hydraulic-cylinder-8.webp 933w, https:\/\/fmp-components.com\/wp-content\/uploads\/2025\/03\/hydraulic-cylinder-8-480x271.webp 480w\" sizes=\"(min-width: 0px) and (max-width: 480px) 480px, (min-width: 481px) 933px, 100vw\" \/><\/p>\n<p class=\"break-words\">V spolo\u010dnosti FMP sme hrd\u00ed na na\u0161e najmodernej\u0161ie v\u00fdrobn\u00e9 zariadenia, vybaven\u00e9 presn\u00fdmi strojmi a pokro\u010dil\u00fdmi testovac\u00edmi syst\u00e9mami. Na\u0161e v\u00fdrobn\u00e9 procesy sp\u013a\u0148aj\u00fa pr\u00edsne n\u00e1rodn\u00e9 a medzin\u00e1rodn\u00e9 normy, \u010do zabezpe\u010duje, \u017ee ka\u017ed\u00fd hydraulick\u00fd valec op\u00fa\u0161\u0165aj\u00faci na\u0161u tov\u00e1re\u0148 m\u00e1 vynikaj\u00facu kvalitu a spo\u013eahlivos\u0165. N\u00e1\u0161 sk\u00fasen\u00fd technick\u00fd t\u00edm v spojen\u00ed s najmodernej\u0161\u00edm vybaven\u00edm n\u00e1m umo\u017e\u0148uje udr\u017eiava\u0165 pr\u00edsnu kontrolu kvality v ka\u017edej f\u00e1ze v\u00fdroby \u2013 od v\u00fdberu surov\u00edn a\u017e po kone\u010dn\u00fa kontrolu. Toto odhodlanie k dokonalosti n\u00e1m prinieslo certifik\u00e1cie a uznanie od priemyseln\u00fdch autor\u00edt, \u010do \u010falej upev\u0148uje na\u0161u reput\u00e1ciu spo\u013eahliv\u00e9ho partnera.<\/p>\n<p class=\"break-words\">Na\u0161e poslanie je jednoduch\u00e9, no ambici\u00f3zne: poskytova\u0165 na\u0161im z\u00e1kazn\u00edkom hydraulick\u00e9 valce, ktor\u00e9 prekon\u00e1vaj\u00fa o\u010dak\u00e1vania v oblasti v\u00fdkonu, odolnosti a hodnoty. Pracujeme v s\u00falade s hlavn\u00fdmi princ\u00edpmi profesionality, integrity a zamerania sa na z\u00e1kazn\u00edka. Podporou kult\u00fary inov\u00e1ci\u00ed a presnosti neust\u00e1le zdokona\u013eujeme na\u0161e produkty, aby sme si udr\u017eali n\u00e1skok na konkuren\u010dnom trhu. N\u00e1\u0161 komplexn\u00fd sortiment produktov a schopnos\u0165 pon\u00faka\u0165 rie\u0161enia na mieru z n\u00e1s robia vo\u013ebu pre firmy, ktor\u00e9 h\u013eadaj\u00fa vysoko v\u00fdkonn\u00e9 hydraulick\u00e9 valce.<\/p>\n<p class=\"break-words\">FMP je viac ne\u017e len v\u00fdrobca \u2013 sme partnerom vo va\u0161om \u00faspechu. Ch\u00e1peme, \u017ee na\u0161i z\u00e1kazn\u00edci sa na n\u00e1s spoliehaj\u00fa, \u017ee im dod\u00e1me n\u00e1stroje, ktor\u00e9 zvy\u0161uj\u00fa ich produktivitu a bezpe\u010dnos\u0165. Preto sa zav\u00e4zujeme pon\u00faka\u0165 nielen \u0161pi\u010dkov\u00e9 produkty, ale aj v\u00fdnimo\u010dn\u00fd servis. Od \u00favodnej konzult\u00e1cie a\u017e po popredajn\u00fa podporu \u00fazko spolupracujeme s na\u0161imi klientmi, aby sme zabezpe\u010dili, \u017ee ich potreby bud\u00fa splnen\u00e9 s profesionalitou a starostlivos\u0165ou. Na\u0161e konkurencieschopn\u00e9 ceny v spojen\u00ed s na\u0161\u00edm neochvejn\u00fdm z\u00e1v\u00e4zkom ku kvalite robia z FMP inteligentn\u00fa vo\u013ebu pre spolo\u010dnosti, ktor\u00e9 chc\u00fa investova\u0165 do hydraulick\u00fdch rie\u0161en\u00ed, ktor\u00fdm m\u00f4\u017eu d\u00f4verova\u0165.<\/p>","protected":false},"excerpt":{"rendered":"<p>Professional Double Acting Multi Stage Hydraulic Cylinder for Press The Professional Double Acting multi stage hydraulic cylinder for press is a robust and reliable component in the world of hydraulics. Designed with precision, this cylinder is ideal for press applications in various industries such as machinery repair shops, energy, and mining. Product Features and Specifications [&hellip;]<\/p>","protected":false},"featured_media":6795,"comment_status":"closed","ping_status":"closed","template":"","meta":{"_et_pb_use_builder":"","_et_pb_old_content":"","_et_gb_content_width":""},"product_brand":[],"product_cat":[103],"product_tag":[34,105],"class_list":{"0":"post-6609","1":"product","2":"type-product","3":"status-publish","4":"has-post-thumbnail","6":"product_cat-telescopic-hydraulic-cylinders","7":"product_tag-hydraulic-cylinder","8":"product_tag-telescopic-hydraulic-cylinders","10":"first","11":"instock","12":"product-type-simple"},"_links":{"self":[{"href":"https:\/\/fmp-components.com\/sk\/wp-json\/wp\/v2\/product\/6609","targetHints":{"allow":["GET"]}}],"collection":[{"href":"https:\/\/fmp-components.com\/sk\/wp-json\/wp\/v2\/product"}],"about":[{"href":"https:\/\/fmp-components.com\/sk\/wp-json\/wp\/v2\/types\/product"}],"replies":[{"embeddable":true,"href":"https:\/\/fmp-components.com\/sk\/wp-json\/wp\/v2\/comments?post=6609"}],"wp:featuredmedia":[{"embeddable":true,"href":"https:\/\/fmp-components.com\/sk\/wp-json\/wp\/v2\/media\/6795"}],"wp:attachment":[{"href":"https:\/\/fmp-components.com\/sk\/wp-json\/wp\/v2\/media?parent=6609"}],"wp:term":[{"taxonomy":"product_brand","embeddable":true,"href":"https:\/\/fmp-components.com\/sk\/wp-json\/wp\/v2\/product_brand?post=6609"},{"taxonomy":"product_cat","embeddable":true,"href":"https:\/\/fmp-components.com\/sk\/wp-json\/wp\/v2\/product_cat?post=6609"},{"taxonomy":"product_tag","embeddable":true,"href":"https:\/\/fmp-components.com\/sk\/wp-json\/wp\/v2\/product_tag?post=6609"}],"curies":[{"name":"pracovn\u00fd list","href":"https:\/\/api.w.org\/{rel}","templated":true}]}}