{"id":6608,"date":"2025-03-11T06:33:57","date_gmt":"2025-03-11T06:33:57","guid":{"rendered":"https:\/\/fmp-components.com\/product\/customized-trailer-telescopic-hydraulic-cylinder-used-for-dump-truck-from-fmp"},"modified":"2025-03-14T01:34:20","modified_gmt":"2025-03-14T01:34:20","slug":"customized-trailer-telescopic-hydraulic-cylinder-used-for-dump-truck-from-fmp","status":"publish","type":"product","link":"https:\/\/fmp-components.com\/sk\/product\/customized-trailer-telescopic-hydraulic-cylinder-used-for-dump-truck-from-fmp\/","title":{"rendered":"Prisp\u00f4soben\u00fd teleskopick\u00fd hydraulick\u00fd valec pre pr\u00edves pou\u017e\u00edvan\u00fd pre skl\u00e1pa\u010d od FMP"},"content":{"rendered":"<h2>Prisp\u00f4soben\u00fd teleskopick\u00fd hydraulick\u00fd valec pre pr\u00edves pou\u017e\u00edvan\u00fd pre skl\u00e1pa\u010d od FMP<\/h2>\n<p>Vysk\u00fa\u0161ajte silu a \u00fa\u010dinnos\u0165 hydraulick\u00e9ho valca Customized Trailer Telescopic, \u0161pi\u010dkov\u00e9ho produktu od spolo\u010dnosti FMP. Tento hydraulick\u00fd valec, navrhnut\u00fd \u0161peci\u00e1lne pre skl\u00e1pa\u010de, pon\u00faka bezkonkuren\u010dn\u00fd v\u00fdkon a spo\u013eahlivos\u0165.<\/p>\n<h3>K\u013e\u00fa\u010dov\u00e9 vlastnosti a \u0161pecifik\u00e1cie<\/h3>\n<h4>Funkcie<\/h4>\n<ul>\n<li>Stav: Nov\u00e9<\/li>\n<li>Z\u00e1ruka: 1 rok<\/li>\n<li>Kon\u0161trukcia: Piestov\u00fd valec<\/li>\n<li>V\u00fdkon: Hydraulick\u00fd<\/li>\n<li>Materi\u00e1l tela: Oce\u013e<\/li>\n<li>Maxim\u00e1lny \u0165ah: 3000<\/li>\n<li>Kvapalina: Olej<\/li>\n<li>Maxim\u00e1lny \u0165ah: 600<\/li>\n<li>Certifik\u00e1cia: ISO9001:2000<\/li>\n<\/ul>\n<h4><span style=\"font-size: 26px;\">Jedine\u010dn\u00e9 vlastnosti a v\u00fdhody<\/span><\/h4>\n<p>N\u00e1\u0161 hydraulick\u00fd valec vynik\u00e1 svojou \u00fasporou energie, vysokou \u00fa\u010dinnos\u0165ou a bezpe\u010dnostn\u00fdmi prvkami. Je to \u0161tandardn\u00fd produkt, ktor\u00fd je mo\u017en\u00e9 prisp\u00f4sobi\u0165 pod\u013ea va\u0161ich po\u017eiadaviek a poskytuje ide\u00e1lne rie\u0161enie pre r\u00f4zne odvetvia, ako s\u00fa v\u00fdrobn\u00e9 z\u00e1vody, opravovne strojov, farmy a energetick\u00fd a bansk\u00fd sektor.<\/p>\n<p><img loading=\"lazy\" decoding=\"async\" class=\"alignnone size-full wp-image-6757\" src=\"https:\/\/fmp-components.com\/wp-content\/uploads\/2025\/03\/Telescopic-Hydraulic-Cylinders-114.webp\" alt=\"Teleskopick\u00e9 hydraulick\u00e9 valce\" width=\"2160\" height=\"2160\" title=\"\" srcset=\"https:\/\/fmp-components.com\/wp-content\/uploads\/2025\/03\/Telescopic-Hydraulic-Cylinders-114.webp 2160w, https:\/\/fmp-components.com\/wp-content\/uploads\/2025\/03\/Telescopic-Hydraulic-Cylinders-114-1280x1280.webp 1280w, https:\/\/fmp-components.com\/wp-content\/uploads\/2025\/03\/Telescopic-Hydraulic-Cylinders-114-980x980.webp 980w, https:\/\/fmp-components.com\/wp-content\/uploads\/2025\/03\/Telescopic-Hydraulic-Cylinders-114-480x480.webp 480w\" sizes=\"(min-width: 0px) and (max-width: 480px) 480px, (min-width: 481px) and (max-width: 980px) 980px, (min-width: 981px) and (max-width: 1280px) 1280px, (min-width: 1281px) 2160px, 100vw\" \/><\/p>\n<h2>Hydraulick\u00fd syst\u00e9m a princ\u00edp \u010dinnosti<\/h2>\n<p>Hydraulick\u00fd valec funguje tak, \u017ee premie\u0148a hydraulick\u00fa energiu na mechanick\u00fd pohyb, \u010d\u00edm transformuje tlak na silu. Je z\u00e1kladnou s\u00fa\u010das\u0165ou hydraulick\u00e9ho syst\u00e9mu a zabezpe\u010duje jeho plynul\u00fd chod. Ve\u013ekos\u0165 v\u0155tania, ve\u013ekos\u0165 zdvihu a \u010fal\u0161ie parametre valca je mo\u017en\u00e9 upravi\u0165 pod\u013ea va\u0161ich potrieb, \u010d\u00edm poskytuje flexibiln\u00e9 a prisp\u00f4soben\u00e9 rie\u0161enie pre va\u0161u firmu.<\/p>\n<h2>Scen\u00e1re aplik\u00e1ci\u00ed<\/h2>\n<p>Tento hydraulick\u00fd valec sa \u0161iroko pou\u017e\u00edva v skl\u00e1pa\u010doch, kde poskytuje spo\u013eahliv\u00fd a efekt\u00edvny v\u00fdkon, ktor\u00fd je k\u013e\u00fa\u010dov\u00fd pre r\u00f4zne zdv\u00edhacie a vykladacie \u00falohy. Jeho robustn\u00e1 kon\u0161trukcia je navrhnut\u00e1 tak, aby odolala n\u00e1ro\u010dn\u00fdm podmienkam, s ktor\u00fdmi sa \u010dasto stret\u00e1vame v stavebnom a dopravnom prostred\u00ed. V\u010faka vysokej \u0165a\u017enej sile tento hydraulick\u00fd valec zabezpe\u010duje, \u017ee skl\u00e1pa\u010d dok\u00e1\u017ee plynule zdv\u00edha\u0165 a sp\u00fa\u0161\u0165a\u0165 korbu, \u010do umo\u017e\u0148uje r\u00fdchle a efekt\u00edvne vykladanie materi\u00e1lov, ako je \u0161trk, piesok a stavebn\u00e1 sutina.<\/p>\n<p>V\u010faka schopnosti pracova\u0165 s \u0165a\u017ek\u00fdmi n\u00e1kladmi a v n\u00e1ro\u010dn\u00fdch podmienkach je tento hydraulick\u00fd valec nevyhnutnou s\u00fa\u010das\u0165ou skl\u00e1pa\u010dov. Jeho spo\u013eahlivos\u0165 priamo ovplyv\u0148uje celkov\u00fa produktivitu stavebn\u00fdch projektov, preto\u017ee umo\u017e\u0148uje r\u00fdchlej\u0161iu manipul\u00e1ciu s materi\u00e1lom a zni\u017euje prestoje. \u010ci u\u017e ide o mestsk\u00e9 stavenisk\u00e1 alebo od\u013eahl\u00e9 bansk\u00e9 prev\u00e1dzky, konzistentn\u00fd v\u00fdkon hydraulick\u00e9ho valca prispieva k efekt\u00edvnosti a \u00fa\u010dinnosti prev\u00e1dzky skl\u00e1pa\u010dov.<\/p>\n<p>Okrem skl\u00e1pa\u010dov sa tieto hydraulick\u00e9 valce pou\u017e\u00edvaj\u00fa aj v r\u00f4znych in\u00fdch aplik\u00e1ci\u00e1ch, vr\u00e1tane r\u00fdpadiel, naklada\u010dov a dokonca aj v po\u013enohospod\u00e1rskych strojoch. V\u010faka svojej v\u0161estrannosti a pevnosti s\u00fa vhodn\u00e9 pre \u0161irok\u00fa \u0161k\u00e1lu \u00faloh, od zdv\u00edhania a premiest\u0148ovania \u0165a\u017ek\u00fdch zariaden\u00ed a\u017e po vykon\u00e1vanie presn\u00fdch oper\u00e1ci\u00ed vo v\u00fdrobnom prostred\u00ed.<\/p>\n<h2>Hydraulick\u00e9 valce a pohonn\u00e9 jednotky<\/h2>\n<p>Hydraulick\u00e9 valce a pohonn\u00e9 jednotky s\u00fa neoddelite\u013enou s\u00fa\u010das\u0165ou hydraulick\u00e9ho syst\u00e9mu, pri\u010dom ka\u017ed\u00e1 z nich zohr\u00e1va d\u00f4le\u017eit\u00fa \u00falohu pri zabezpe\u010dovan\u00ed efekt\u00edvneho vyu\u017eitia hydraulickej technol\u00f3gie v priemyseln\u00fdch odvetviach. Hydraulick\u00fd valec funguje ako ovl\u00e1da\u010d, ktor\u00fd premie\u0148a hydraulick\u00fa energiu na mechanick\u00fd pohyb, zatia\u013e \u010do pohonn\u00e1 jednotka generuje a reguluje tlak hydraulickej kvapaliny potrebn\u00fd pre prev\u00e1dzku valca.<\/p>\n<p>Tieto komponenty spolu zabezpe\u010duj\u00fa, \u017ee hydraulick\u00e9 syst\u00e9my poskytuj\u00fa spo\u013eahliv\u00fa podporu nap\u00e1jania a riadenia pre r\u00f4zne technick\u00e9 a mechanick\u00e9 zariadenia. Napr\u00edklad vo v\u00fdrobn\u00fdch z\u00e1vodoch umo\u017e\u0148uje spolupr\u00e1ca medzi hydraulick\u00fdmi valcami a pohonn\u00fdmi jednotkami prev\u00e1dzku strojov, ako s\u00fa lisy, robotick\u00e9 ramen\u00e1 a dopravn\u00edkov\u00e9 syst\u00e9my. Toto partnerstvo umo\u017e\u0148uje vykon\u00e1vanie zlo\u017eit\u00fdch \u00faloh, ktor\u00e9 vy\u017eaduj\u00fa silu aj presnos\u0165, \u010d\u00edm sa zvy\u0161uje celkov\u00e1 produktivita.<\/p>\n<p>Okrem toho je \u00fa\u010dinnos\u0165 hydraulick\u00fdch syst\u00e9mov \u010falej zv\u00fd\u0161en\u00e1 schopnos\u0165ou regulova\u0165 tlak a prietok kvapaliny. To umo\u017e\u0148uje oper\u00e1torom dosahova\u0165 jemne vyladen\u00e9 pohyby, v\u010faka \u010domu je hydraulick\u00e1 technol\u00f3gia vhodn\u00e1 pre \u0161irok\u00fa \u0161k\u00e1lu aplik\u00e1ci\u00ed, od zdv\u00edhania \u0165a\u017ek\u00fdch bremien a\u017e po zlo\u017eit\u00e9 mont\u00e1\u017ene procesy.<\/p>\n<p>Stru\u010dne povedan\u00e9, synergia medzi hydraulick\u00fdmi valcami a pohonn\u00fdmi jednotkami je pr\u00edkladom efekt\u00edvnosti hydraulick\u00fdch syst\u00e9mov v modernom priemysle. Ich kombinovan\u00e1 funk\u010dnos\u0165 nielen zlep\u0161uje prev\u00e1dzkov\u00fa efektivitu, ale tie\u017e v\u00fdznamne prispieva k bezpe\u010dnosti a spo\u013eahlivosti v r\u00f4znych aplik\u00e1ci\u00e1ch, \u010do v kone\u010dnom d\u00f4sledku podporuje inov\u00e1cie a produktivitu v priemyselnom prostred\u00ed.<\/p>\n<h3>O FMP<\/h3>\n<p class=\"break-words\">FMP je popredn\u00fd taliansky v\u00fdrobca \u0161pecializuj\u00faci sa na n\u00e1vrh, v\u00fdvoj a v\u00fdrobu vysokokvalitn\u00fdch hydraulick\u00fdch valcov. S bohat\u00fdm dedi\u010dstvom zakorenen\u00fdm v desa\u0165ro\u010diach odborn\u00fdch znalost\u00ed hrdo kombinujeme talianske remeseln\u00e9 spracovanie s najmodernej\u0161ou technol\u00f3giou, aby sme dod\u00e1vali v\u00fdnimo\u010dn\u00e9 hydraulick\u00e9 rie\u0161enia prisp\u00f4soben\u00e9 rozmanit\u00fdm potreb\u00e1m na\u0161ich glob\u00e1lnych klientov. Spolo\u010dnos\u0165 FMP so s\u00eddlom v Taliansku, centre in\u017einierskej excelentnosti, je d\u00f4veryhodn\u00fdm menom v hydraulickom priemysle a je odhodlan\u00e1 poskytova\u0165 spo\u013eahliv\u00e9, odoln\u00e9 a inovat\u00edvne produkty, ktor\u00e9 posil\u0148uj\u00fa podniky na celom svete.<\/p>\n<p class=\"break-words\">Na\u0161a spolo\u010dnos\u0165 sp\u00e1ja to najlep\u0161ie z pokro\u010dil\u00fdch v\u00fdrobn\u00fdch trad\u00edci\u00ed s progres\u00edvnym pr\u00edstupom. V\u010faka dlhoro\u010dn\u00fdm sk\u00fasenostiam v oblasti hydraulick\u00fdch syst\u00e9mov sa spolo\u010dnos\u0165 FMP vyvinula v modern\u00fd podnik, ktor\u00fd vynik\u00e1 vo v\u00fdskume, dizajne a v\u00fdrobe. \u0160pecializujeme sa na \u0161irok\u00fa \u0161k\u00e1lu hydraulick\u00fdch valcov vr\u00e1tane dvoj\u010dinn\u00fdch valcov, zdv\u00edhac\u00edch valcov pre automobily, valcov pre po\u013enohospod\u00e1rske stroje a na mieru vyroben\u00fdch rie\u0161en\u00ed pre r\u00f4zne priemyseln\u00e9 aplik\u00e1cie. \u010ci u\u017e ide o stavebn\u00edctvo, priemyseln\u00e9 in\u0161tal\u00e1cie, po\u013enohospod\u00e1rstvo alebo \u0165a\u017ek\u00e9 stroje, na\u0161e hydraulick\u00e9 valce s\u00fa skon\u0161truovan\u00e9 tak, aby fungovali v naj\u0165a\u017e\u0161\u00edch podmienkach a zabezpe\u010dovali bezpe\u010dnos\u0165, \u00fa\u010dinnos\u0165 a dlh\u00fa \u017eivotnos\u0165.<\/p>\n<p><img loading=\"lazy\" decoding=\"async\" class=\"alignnone size-full wp-image-6720\" src=\"https:\/\/fmp-components.com\/wp-content\/uploads\/2025\/03\/hydraulic-cylinder-8.webp\" alt=\"Teleskopick\u00e9 hydraulick\u00e9 valce\" width=\"933\" height=\"526\" title=\"\" srcset=\"https:\/\/fmp-components.com\/wp-content\/uploads\/2025\/03\/hydraulic-cylinder-8.webp 933w, https:\/\/fmp-components.com\/wp-content\/uploads\/2025\/03\/hydraulic-cylinder-8-480x271.webp 480w\" sizes=\"(min-width: 0px) and (max-width: 480px) 480px, (min-width: 481px) 933px, 100vw\" \/><\/p>\n<p class=\"break-words\">V spolo\u010dnosti FMP sme hrd\u00ed na na\u0161e najmodernej\u0161ie v\u00fdrobn\u00e9 zariadenia, vybaven\u00e9 presn\u00fdmi strojmi a pokro\u010dil\u00fdmi testovac\u00edmi syst\u00e9mami. Na\u0161e v\u00fdrobn\u00e9 procesy sp\u013a\u0148aj\u00fa pr\u00edsne n\u00e1rodn\u00e9 a medzin\u00e1rodn\u00e9 normy, \u010do zabezpe\u010duje, \u017ee ka\u017ed\u00fd hydraulick\u00fd valec op\u00fa\u0161\u0165aj\u00faci na\u0161u tov\u00e1re\u0148 m\u00e1 vynikaj\u00facu kvalitu a spo\u013eahlivos\u0165. N\u00e1\u0161 sk\u00fasen\u00fd technick\u00fd t\u00edm v spojen\u00ed s najmodernej\u0161\u00edm vybaven\u00edm n\u00e1m umo\u017e\u0148uje udr\u017eiava\u0165 pr\u00edsnu kontrolu kvality v ka\u017edej f\u00e1ze v\u00fdroby \u2013 od v\u00fdberu surov\u00edn a\u017e po kone\u010dn\u00fa kontrolu. Toto odhodlanie k dokonalosti n\u00e1m prinieslo certifik\u00e1cie a uznanie od priemyseln\u00fdch autor\u00edt, \u010do \u010falej upev\u0148uje na\u0161u reput\u00e1ciu spo\u013eahliv\u00e9ho partnera.<\/p>\n<p class=\"break-words\">Na\u0161e poslanie je jednoduch\u00e9, no ambici\u00f3zne: poskytova\u0165 na\u0161im z\u00e1kazn\u00edkom hydraulick\u00e9 valce, ktor\u00e9 prekon\u00e1vaj\u00fa o\u010dak\u00e1vania v oblasti v\u00fdkonu, odolnosti a hodnoty. Pracujeme v s\u00falade s hlavn\u00fdmi princ\u00edpmi profesionality, integrity a zamerania sa na z\u00e1kazn\u00edka. Podporou kult\u00fary inov\u00e1ci\u00ed a presnosti neust\u00e1le zdokona\u013eujeme na\u0161e produkty, aby sme si udr\u017eali n\u00e1skok na konkuren\u010dnom trhu. N\u00e1\u0161 komplexn\u00fd sortiment produktov a schopnos\u0165 pon\u00faka\u0165 rie\u0161enia na mieru z n\u00e1s robia vo\u013ebu pre firmy, ktor\u00e9 h\u013eadaj\u00fa vysoko v\u00fdkonn\u00e9 hydraulick\u00e9 valce.<\/p>\n<p class=\"break-words\">FMP je viac ne\u017e len v\u00fdrobca \u2013 sme partnerom vo va\u0161om \u00faspechu. Ch\u00e1peme, \u017ee na\u0161i z\u00e1kazn\u00edci sa na n\u00e1s spoliehaj\u00fa, \u017ee im dod\u00e1me n\u00e1stroje, ktor\u00e9 zvy\u0161uj\u00fa ich produktivitu a bezpe\u010dnos\u0165. Preto sa zav\u00e4zujeme pon\u00faka\u0165 nielen \u0161pi\u010dkov\u00e9 produkty, ale aj v\u00fdnimo\u010dn\u00fd servis. Od \u00favodnej konzult\u00e1cie a\u017e po popredajn\u00fa podporu \u00fazko spolupracujeme s na\u0161imi klientmi, aby sme zabezpe\u010dili, \u017ee ich potreby bud\u00fa splnen\u00e9 s profesionalitou a starostlivos\u0165ou. Na\u0161e konkurencieschopn\u00e9 ceny v spojen\u00ed s na\u0161\u00edm neochvejn\u00fdm z\u00e1v\u00e4zkom ku kvalite robia z FMP inteligentn\u00fa vo\u013ebu pre spolo\u010dnosti, ktor\u00e9 chc\u00fa investova\u0165 do hydraulick\u00fdch rie\u0161en\u00ed, ktor\u00fdm m\u00f4\u017eu d\u00f4verova\u0165.<\/p>","protected":false},"excerpt":{"rendered":"<p>Customized Trailer Telescopic Hydraulic Cylinder Used For Dump Truck From FMP Experience the power and efficiency of the Customized Trailer Telescopic hydraulic cylinder, a top-notch product From FMP. Designed specifically for dump trucks, this hydraulic cylinder offers unmatched performance and reliability. Key Features and Specifications Features Condition: New Warranty: 1 Year Structure: Piston Cylinder Power: [&hellip;]<\/p>","protected":false},"featured_media":6801,"comment_status":"closed","ping_status":"closed","template":"","meta":{"_et_pb_use_builder":"","_et_pb_old_content":"","_et_gb_content_width":""},"product_brand":[],"product_cat":[103],"product_tag":[34,105],"class_list":{"0":"post-6608","1":"product","2":"type-product","3":"status-publish","4":"has-post-thumbnail","6":"product_cat-telescopic-hydraulic-cylinders","7":"product_tag-hydraulic-cylinder","8":"product_tag-telescopic-hydraulic-cylinders","10":"first","11":"instock","12":"product-type-simple"},"_links":{"self":[{"href":"https:\/\/fmp-components.com\/sk\/wp-json\/wp\/v2\/product\/6608","targetHints":{"allow":["GET"]}}],"collection":[{"href":"https:\/\/fmp-components.com\/sk\/wp-json\/wp\/v2\/product"}],"about":[{"href":"https:\/\/fmp-components.com\/sk\/wp-json\/wp\/v2\/types\/product"}],"replies":[{"embeddable":true,"href":"https:\/\/fmp-components.com\/sk\/wp-json\/wp\/v2\/comments?post=6608"}],"wp:featuredmedia":[{"embeddable":true,"href":"https:\/\/fmp-components.com\/sk\/wp-json\/wp\/v2\/media\/6801"}],"wp:attachment":[{"href":"https:\/\/fmp-components.com\/sk\/wp-json\/wp\/v2\/media?parent=6608"}],"wp:term":[{"taxonomy":"product_brand","embeddable":true,"href":"https:\/\/fmp-components.com\/sk\/wp-json\/wp\/v2\/product_brand?post=6608"},{"taxonomy":"product_cat","embeddable":true,"href":"https:\/\/fmp-components.com\/sk\/wp-json\/wp\/v2\/product_cat?post=6608"},{"taxonomy":"product_tag","embeddable":true,"href":"https:\/\/fmp-components.com\/sk\/wp-json\/wp\/v2\/product_tag?post=6608"}],"curies":[{"name":"pracovn\u00fd list","href":"https:\/\/api.w.org\/{rel}","templated":true}]}}