{"id":6606,"date":"2025-03-11T06:32:38","date_gmt":"2025-03-11T06:32:38","guid":{"rendered":"https:\/\/fmp-components.com\/product\/kubota-trailer-telescopic-multi-stages-hydraulic-cylinder-from-fmp"},"modified":"2025-03-18T01:57:43","modified_gmt":"2025-03-18T01:57:43","slug":"kubota-trailer-telescopic-multi-stages-hydraulic-cylinder-from-fmp","status":"publish","type":"product","link":"https:\/\/fmp-components.com\/sk\/product\/kubota-trailer-telescopic-multi-stages-hydraulic-cylinder-from-fmp\/","title":{"rendered":"Teleskopick\u00fd viacstup\u0148ov\u00fd hydraulick\u00fd valec pre pr\u00edves Kubota od FMP"},"content":{"rendered":"<h2>Teleskopick\u00fd viacstup\u0148ov\u00fd hydraulick\u00fd valec pre pr\u00edves Kubota od FMP<\/h2>\n<p>Predstavujeme nov\u00fd teleskopick\u00fd viacstup\u0148ov\u00fd hydraulick\u00fd valec Kubota pre pr\u00edvesy od spolo\u010dnosti FMP. Tento sofistikovan\u00fd hydraulick\u00fd valec pon\u00faka optim\u00e1lny v\u00fdkon v r\u00f4znych odvetviach vr\u00e1tane v\u00fdrobn\u00fdch z\u00e1vodov, opravovn\u00ed strojov, fariem, energetiky a ban\u00edctva.<\/p>\n<h3>Vlastnosti a funkcie produktu<\/h3>\n<p>Tento modern\u00fd hydraulick\u00fd valec je ne\u0161tandardn\u00fd piestov\u00fd valec, ktor\u00fd pracuje na hydraulickej sile. Je vyroben\u00fd z vysoko kvalitnej ocele a pon\u00faka maxim\u00e1lny posuv 3000 a maxim\u00e1lny \u0165ah 600. Dod\u00e1va sa s certifik\u00e1ciou ISO9001:2000, ktor\u00e1 potvrdzuje jeho vynikaj\u00facu kvalitu a spo\u013eahlivos\u0165.<\/p>\n<h3>Jedine\u010dn\u00e9 vlastnosti a v\u00fdhody<\/h3>\n<ul>\n<li>Energeticky \u00fasporn\u00fd: Tento hydraulick\u00fd valec je navrhnut\u00fd tak, aby efekt\u00edvne vyu\u017e\u00edval energiu a zni\u017eoval tak spotrebu.<\/li>\n<li>Vysok\u00fd v\u00fdkon: V\u010faka robustnej kon\u0161trukcii a pokro\u010dilej hydraulickej technol\u00f3gii zais\u0165uje vysok\u00fa \u00fa\u010dinnos\u0165 prev\u00e1dzky.<\/li>\n<li>Bezpe\u010dnos\u0165: Produkt je vyroben\u00fd s oh\u013eadom na bezpe\u010dnos\u0165 a pon\u00faka spo\u013eahliv\u00fd v\u00fdkon v r\u00f4znych priemyseln\u00fdch prostrediach.<\/li>\n<\/ul>\n<p><img loading=\"lazy\" decoding=\"async\" class=\"alignnone wp-image-6662\" src=\"https:\/\/fmp-components.com\/wp-content\/uploads\/2025\/03\/telescopic-hydraulic-cylinder-4.webp\" alt=\"teleskopick\u00fd hydraulick\u00fd valec\" width=\"812\" height=\"812\" title=\"\" srcset=\"https:\/\/fmp-components.com\/wp-content\/uploads\/2025\/03\/telescopic-hydraulic-cylinder-4.webp 812w, https:\/\/fmp-components.com\/wp-content\/uploads\/2025\/03\/telescopic-hydraulic-cylinder-4-480x480.webp 480w\" sizes=\"(min-width: 0px) and (max-width: 480px) 480px, (min-width: 481px) 812px, 100vw\" \/><\/p>\n<h2>Princ\u00edp fungovania a pou\u017eitie<\/h2>\n<p>Hydraulick\u00fd valec funguje tak, \u017ee premie\u0148a hydraulick\u00fa energiu na mechanick\u00fd pohyb, \u010do je proces, ktor\u00fd je k\u013e\u00fa\u010dov\u00fd pre r\u00f4zne priemyseln\u00e9 aplik\u00e1cie. V jadre hydraulick\u00fd valec vyu\u017e\u00edva na vytvorenie sily tlakov\u00fa hydraulick\u00fa kvapalinu. Ke\u010f je t\u00e1to kvapalina priveden\u00e1 do valca, p\u00f4sob\u00ed na piest vo vn\u00fatri, \u010d\u00edm ho uvedie do pohybu. Tento pohyb sa potom d\u00e1 vyu\u017ei\u0165 na vykon\u00e1vanie \u0161irokej \u0161k\u00e1ly \u00faloh, ako je zdv\u00edhanie \u0165a\u017ek\u00fdch bremien, manipul\u00e1cia so strojn\u00fdmi komponentmi alebo poh\u00e1\u0148anie zariaden\u00ed.<\/p>\n<p>V\u010faka svojej v\u0161estrannosti s\u00fa hydraulick\u00e9 valce nevyhnutn\u00e9 v mnoh\u00fdch odvetviach. Vo v\u00fdrobn\u00fdch z\u00e1vodoch s\u00fa nevyhnutn\u00e9 pre automatiz\u00e1ciu procesov, \u010do umo\u017e\u0148uje presn\u00fd pohyb strojn\u00fdch \u010dast\u00ed po\u010das mont\u00e1\u017ee a v\u00fdroby. V opravovniach strojov hydraulick\u00e9 valce u\u013eah\u010duj\u00fa zdv\u00edhanie a polohovanie \u0165a\u017ek\u00fdch zariaden\u00ed, \u010do umo\u017e\u0148uje technikom vykon\u00e1va\u0165 \u00fadr\u017eb\u00e1rske \u00falohy bezpe\u010dne a efekt\u00edvne.<\/p>\n<p>V po\u013enohospod\u00e1rskom sektore s\u00fa tieto valce nevyhnutn\u00e9 na ovl\u00e1danie po\u013enohospod\u00e1rskych strojov, ako s\u00fa traktory a kombajny, kde pom\u00e1haj\u00fa pri zdv\u00edhan\u00ed n\u00e1radia a nastavovan\u00ed zariaden\u00ed na r\u00f4zne \u00falohy. Podobne v energetickom a \u0165a\u017eobnom priemysle sa hydraulick\u00e9 valce pou\u017e\u00edvaj\u00fa na ovl\u00e1danie \u0165a\u017ek\u00fdch strojov, ako s\u00fa r\u00fdpadl\u00e1 a v\u0155ta\u010dky, a zohr\u00e1vaj\u00fa k\u013e\u00fa\u010dov\u00fa \u00falohu pri \u0165a\u017ebe a manipul\u00e1cii so zdrojmi. Ich schopnos\u0165 poskytova\u0165 konzistentn\u00fd a siln\u00fd mechanick\u00fd v\u00fdkon je rozhoduj\u00faca pre dosiahnutie prev\u00e1dzkovej efekt\u00edvnosti v t\u00fdchto n\u00e1ro\u010dn\u00fdch prostrediach.<\/p>\n<h2>Hydraulick\u00e9 valce a pohonn\u00e9 jednotky<\/h2>\n<p>Hydraulick\u00fd valec a pohonn\u00e1 jednotka s\u00fa neoddelite\u013enou s\u00fa\u010das\u0165ou ka\u017ed\u00e9ho hydraulick\u00e9ho syst\u00e9mu a pracuj\u00fa spolo\u010dne, aby zabezpe\u010dili efekt\u00edvny v\u00fdkon a ovl\u00e1danie. Pohonn\u00e1 jednotka sl\u00fa\u017ei ako srdce syst\u00e9mu a poskytuje potrebn\u00fa energiu a riadiace sign\u00e1ly, ktor\u00e9 riadia hydraulick\u00e9 oper\u00e1cie. Generuje a reguluje tlak hydraulickej kvapaliny, \u010d\u00edm zabezpe\u010duje, \u017ee hydraulick\u00fd valec dost\u00e1va spr\u00e1vne mno\u017estvo sily na efekt\u00edvnu prev\u00e1dzku.<\/p>\n<p>Ke\u010f pohonn\u00e1 jednotka vygeneruje hydraulick\u00fa energiu, t\u00e1to energia sa prenesie do hydraulick\u00e9ho valca. Valec potom premie\u0148a t\u00fato hydraulick\u00fa energiu na mechanick\u00fd pohyb, \u010do umo\u017e\u0148uje \u0161irok\u00fa \u0161k\u00e1lu aplik\u00e1ci\u00ed v r\u00f4znych odvetviach. T\u00e1to bezprobl\u00e9mov\u00e1 spolupr\u00e1ca medzi pohonnou jednotkou a hydraulick\u00fdm valcom rob\u00ed hydraulick\u00e9 syst\u00e9my tak efekt\u00edvnymi a spo\u013eahliv\u00fdmi.<\/p>\n<p>Spolo\u010dnos\u0165 FMP nielen\u017ee dod\u00e1va vysokokvalitn\u00e9 hydraulick\u00e9 valce, ale pon\u00faka aj pohonn\u00e9 jednotky na predaj, \u010do na\u0161im z\u00e1kazn\u00edkom umo\u017e\u0148uje z\u00edska\u0165 kompletn\u00e9 hydraulick\u00e9 rie\u0161enia. Tento komplexn\u00fd pr\u00edstup zabezpe\u010duje, \u017ee na\u0161i klienti maj\u00fa v\u0161etky potrebn\u00e9 komponenty na vybudovanie a \u00fadr\u017ebu efekt\u00edvnych hydraulick\u00fdch syst\u00e9mov prisp\u00f4soben\u00fdch ich \u0161pecifick\u00fdm potreb\u00e1m. Kombin\u00e1ciou na\u0161ich odborn\u00fdch znalost\u00ed v oblasti hydraulick\u00fdch valcov a pohonn\u00fdch jednotiek pom\u00e1hame podnikom zlep\u0161i\u0165 ich prev\u00e1dzkov\u00fd v\u00fdkon a dosiahnu\u0165 vy\u0161\u0161iu efektivitu v r\u00e1mci v\u0161etk\u00fdch ich procesov.<\/p>\n<h2>\u010casto kladen\u00e9 ot\u00e1zky<\/h2>\n<ol>\n<li><strong>Ktor\u00e9 odvetvia m\u00f4\u017eu profitova\u0165 z tohto hydraulick\u00e9ho valca?<\/strong><br \/>\nHydraulick\u00fd valec je ide\u00e1lny pre v\u00fdrobn\u00e9 z\u00e1vody, opravovne strojov, farmy a energetick\u00fd a \u0165a\u017eobn\u00fd priemysel.<\/li>\n<li><strong>Ak\u00fd je priemer otvoru hydraulick\u00e9ho valca?<\/strong><br \/>\nVe\u013ekos\u0165 otvoru je mo\u017en\u00e9 prisp\u00f4sobi\u0165 pod\u013ea va\u0161ich po\u017eiadaviek.<\/li>\n<li><strong>Existuje na tento produkt z\u00e1ruka?<\/strong><br \/>\n\u00c1no, produkt m\u00e1 1-ro\u010dn\u00fa z\u00e1ruku.<\/li>\n<\/ol>\n<h3>O FMP<\/h3>\n<p class=\"break-words\">FMP je popredn\u00fd taliansky v\u00fdrobca \u0161pecializuj\u00faci sa na n\u00e1vrh, v\u00fdvoj a v\u00fdrobu vysokokvalitn\u00fdch hydraulick\u00fdch valcov. S bohat\u00fdm dedi\u010dstvom zakorenen\u00fdm v desa\u0165ro\u010diach odborn\u00fdch znalost\u00ed hrdo kombinujeme talianske remeseln\u00e9 spracovanie s najmodernej\u0161ou technol\u00f3giou, aby sme dod\u00e1vali v\u00fdnimo\u010dn\u00e9 hydraulick\u00e9 rie\u0161enia prisp\u00f4soben\u00e9 rozmanit\u00fdm potreb\u00e1m na\u0161ich glob\u00e1lnych klientov. Spolo\u010dnos\u0165 FMP so s\u00eddlom v Taliansku, centre in\u017einierskej excelentnosti, je d\u00f4veryhodn\u00fdm menom v hydraulickom priemysle a je odhodlan\u00e1 poskytova\u0165 spo\u013eahliv\u00e9, odoln\u00e9 a inovat\u00edvne produkty, ktor\u00e9 posil\u0148uj\u00fa podniky na celom svete.<\/p>\n<p class=\"break-words\">Na\u0161a spolo\u010dnos\u0165 sp\u00e1ja to najlep\u0161ie z pokro\u010dil\u00fdch v\u00fdrobn\u00fdch trad\u00edci\u00ed s progres\u00edvnym pr\u00edstupom. V\u010faka dlhoro\u010dn\u00fdm sk\u00fasenostiam v oblasti hydraulick\u00fdch syst\u00e9mov sa spolo\u010dnos\u0165 FMP vyvinula v modern\u00fd podnik, ktor\u00fd vynik\u00e1 vo v\u00fdskume, dizajne a v\u00fdrobe. \u0160pecializujeme sa na \u0161irok\u00fa \u0161k\u00e1lu hydraulick\u00fdch valcov vr\u00e1tane dvoj\u010dinn\u00fdch valcov, zdv\u00edhac\u00edch valcov pre automobily, valcov pre po\u013enohospod\u00e1rske stroje a na mieru vyroben\u00fdch rie\u0161en\u00ed pre r\u00f4zne priemyseln\u00e9 aplik\u00e1cie. \u010ci u\u017e ide o stavebn\u00edctvo, priemyseln\u00e9 in\u0161tal\u00e1cie, po\u013enohospod\u00e1rstvo alebo \u0165a\u017ek\u00e9 stroje, na\u0161e hydraulick\u00e9 valce s\u00fa skon\u0161truovan\u00e9 tak, aby fungovali v naj\u0165a\u017e\u0161\u00edch podmienkach a zabezpe\u010dovali bezpe\u010dnos\u0165, \u00fa\u010dinnos\u0165 a dlh\u00fa \u017eivotnos\u0165.<\/p>\n<p><img loading=\"lazy\" decoding=\"async\" class=\"alignnone size-full wp-image-6720\" src=\"https:\/\/fmp-components.com\/wp-content\/uploads\/2025\/03\/hydraulic-cylinder-8.webp\" alt=\"Teleskopick\u00e9 hydraulick\u00e9 valce\" width=\"933\" height=\"526\" title=\"\" srcset=\"https:\/\/fmp-components.com\/wp-content\/uploads\/2025\/03\/hydraulic-cylinder-8.webp 933w, https:\/\/fmp-components.com\/wp-content\/uploads\/2025\/03\/hydraulic-cylinder-8-480x271.webp 480w\" sizes=\"(min-width: 0px) and (max-width: 480px) 480px, (min-width: 481px) 933px, 100vw\" \/><\/p>\n<p class=\"break-words\">V spolo\u010dnosti FMP sme hrd\u00ed na na\u0161e najmodernej\u0161ie v\u00fdrobn\u00e9 zariadenia, vybaven\u00e9 presn\u00fdmi strojmi a pokro\u010dil\u00fdmi testovac\u00edmi syst\u00e9mami. Na\u0161e v\u00fdrobn\u00e9 procesy sp\u013a\u0148aj\u00fa pr\u00edsne n\u00e1rodn\u00e9 a medzin\u00e1rodn\u00e9 normy, \u010do zabezpe\u010duje, \u017ee ka\u017ed\u00fd hydraulick\u00fd valec op\u00fa\u0161\u0165aj\u00faci na\u0161u tov\u00e1re\u0148 m\u00e1 vynikaj\u00facu kvalitu a spo\u013eahlivos\u0165. N\u00e1\u0161 sk\u00fasen\u00fd technick\u00fd t\u00edm v spojen\u00ed s najmodernej\u0161\u00edm vybaven\u00edm n\u00e1m umo\u017e\u0148uje udr\u017eiava\u0165 pr\u00edsnu kontrolu kvality v ka\u017edej f\u00e1ze v\u00fdroby \u2013 od v\u00fdberu surov\u00edn a\u017e po kone\u010dn\u00fa kontrolu. Toto odhodlanie k dokonalosti n\u00e1m prinieslo certifik\u00e1cie a uznanie od priemyseln\u00fdch autor\u00edt, \u010do \u010falej upev\u0148uje na\u0161u reput\u00e1ciu spo\u013eahliv\u00e9ho partnera.<\/p>\n<p class=\"break-words\">Na\u0161e poslanie je jednoduch\u00e9, no ambici\u00f3zne: poskytova\u0165 na\u0161im z\u00e1kazn\u00edkom hydraulick\u00e9 valce, ktor\u00e9 prekon\u00e1vaj\u00fa o\u010dak\u00e1vania v oblasti v\u00fdkonu, odolnosti a hodnoty. Pracujeme v s\u00falade s hlavn\u00fdmi princ\u00edpmi profesionality, integrity a zamerania sa na z\u00e1kazn\u00edka. Podporou kult\u00fary inov\u00e1ci\u00ed a presnosti neust\u00e1le zdokona\u013eujeme na\u0161e produkty, aby sme si udr\u017eali n\u00e1skok na konkuren\u010dnom trhu. N\u00e1\u0161 komplexn\u00fd sortiment produktov a schopnos\u0165 pon\u00faka\u0165 rie\u0161enia na mieru z n\u00e1s robia vo\u013ebu pre firmy, ktor\u00e9 h\u013eadaj\u00fa vysoko v\u00fdkonn\u00e9 hydraulick\u00e9 valce.<\/p>\n<p class=\"break-words\">FMP je viac ne\u017e len v\u00fdrobca \u2013 sme partnerom vo va\u0161om \u00faspechu. Ch\u00e1peme, \u017ee na\u0161i z\u00e1kazn\u00edci sa na n\u00e1s spoliehaj\u00fa, \u017ee im dod\u00e1me n\u00e1stroje, ktor\u00e9 zvy\u0161uj\u00fa ich produktivitu a bezpe\u010dnos\u0165. Preto sa zav\u00e4zujeme pon\u00faka\u0165 nielen \u0161pi\u010dkov\u00e9 produkty, ale aj v\u00fdnimo\u010dn\u00fd servis. Od \u00favodnej konzult\u00e1cie a\u017e po popredajn\u00fa podporu \u00fazko spolupracujeme s na\u0161imi klientmi, aby sme zabezpe\u010dili, \u017ee ich potreby bud\u00fa splnen\u00e9 s profesionalitou a starostlivos\u0165ou. Na\u0161e konkurencieschopn\u00e9 ceny v spojen\u00ed s na\u0161\u00edm neochvejn\u00fdm z\u00e1v\u00e4zkom ku kvalite robia z FMP inteligentn\u00fa vo\u013ebu pre spolo\u010dnosti, ktor\u00e9 chc\u00fa investova\u0165 do hydraulick\u00fdch rie\u0161en\u00ed, ktor\u00fdm m\u00f4\u017eu d\u00f4verova\u0165.<\/p>","protected":false},"excerpt":{"rendered":"<p>Kubota Trailer Telescopic Multi Stages Hydraulic Cylinder From FMP Introducing the new Kubota Trailer Telescopic Multi Stages hydraulic cylinder From FMP. This sophisticated hydraulic cylinder offers optimal performance in a variety of industries including manufacturing plants, machinery repair shops, farms, and energy &amp; mining. Product Features and Functions This state-of-the-art hydraulic cylinder is a nonstandard, [&hellip;]<\/p>","protected":false},"featured_media":6802,"comment_status":"closed","ping_status":"closed","template":"","meta":{"_et_pb_use_builder":"","_et_pb_old_content":"","_et_gb_content_width":""},"product_brand":[],"product_cat":[103],"product_tag":[34,105],"class_list":{"0":"post-6606","1":"product","2":"type-product","3":"status-publish","4":"has-post-thumbnail","6":"product_cat-telescopic-hydraulic-cylinders","7":"product_tag-hydraulic-cylinder","8":"product_tag-telescopic-hydraulic-cylinders","10":"first","11":"instock","12":"product-type-simple"},"_links":{"self":[{"href":"https:\/\/fmp-components.com\/sk\/wp-json\/wp\/v2\/product\/6606","targetHints":{"allow":["GET"]}}],"collection":[{"href":"https:\/\/fmp-components.com\/sk\/wp-json\/wp\/v2\/product"}],"about":[{"href":"https:\/\/fmp-components.com\/sk\/wp-json\/wp\/v2\/types\/product"}],"replies":[{"embeddable":true,"href":"https:\/\/fmp-components.com\/sk\/wp-json\/wp\/v2\/comments?post=6606"}],"wp:featuredmedia":[{"embeddable":true,"href":"https:\/\/fmp-components.com\/sk\/wp-json\/wp\/v2\/media\/6802"}],"wp:attachment":[{"href":"https:\/\/fmp-components.com\/sk\/wp-json\/wp\/v2\/media?parent=6606"}],"wp:term":[{"taxonomy":"product_brand","embeddable":true,"href":"https:\/\/fmp-components.com\/sk\/wp-json\/wp\/v2\/product_brand?post=6606"},{"taxonomy":"product_cat","embeddable":true,"href":"https:\/\/fmp-components.com\/sk\/wp-json\/wp\/v2\/product_cat?post=6606"},{"taxonomy":"product_tag","embeddable":true,"href":"https:\/\/fmp-components.com\/sk\/wp-json\/wp\/v2\/product_tag?post=6606"}],"curies":[{"name":"pracovn\u00fd list","href":"https:\/\/api.w.org\/{rel}","templated":true}]}}