{"id":6600,"date":"2025-03-11T06:32:38","date_gmt":"2025-03-11T06:32:38","guid":{"rendered":"https:\/\/fmp-components.com\/product\/3tons-5tons-7tons-12-tons-telescopic-multistages-tipper-truck-hydraulic-cylinder-from-fmp"},"modified":"2025-03-12T03:14:59","modified_gmt":"2025-03-12T03:14:59","slug":"3tons-5tons-7tons-12-tons-telescopic-multistages-tipper-truck-hydraulic-cylinder-from-fmp","status":"publish","type":"product","link":"https:\/\/fmp-components.com\/sk\/product\/3tons-5tons-7tons-12-tons-telescopic-multistages-tipper-truck-hydraulic-cylinder-from-fmp\/","title":{"rendered":"Hydraulick\u00fd valec pre teleskopick\u00e9\/viacstup\u0148ov\u00e9 skl\u00e1pa\u010de s hmotnos\u0165ou 3 tony, 5 ton, 7 ton, 12 ton od FMP"},"content":{"rendered":"<h2>Hydraulick\u00fd valec pre teleskopick\u00e9\/viacstup\u0148ov\u00e9 skl\u00e1pa\u010de s hmotnos\u0165ou 3 tony, 5 ton, 7 ton, 12 ton od FMP<\/h2>\n<p>Teleskopick\u00fd\/viacstup\u0148ov\u00fd hydraulick\u00fd valec od spolo\u010dnosti FMP je inovat\u00edvnym rie\u0161en\u00edm pre skl\u00e1pa\u010de. Tento hydraulick\u00fd valec je ur\u010den\u00fd pre 3-tonov\u00e9, 5-tonov\u00e9, 7-tonov\u00e9 a 12-tonov\u00e9 n\u00e1kladn\u00e9 vozidl\u00e1 a poskytuje v\u00fdnimo\u010dn\u00fd v\u00fdkon a presnos\u0165. Tieto hydraulick\u00e9 valce s\u00fa vyroben\u00e9 z vysoko kvalitnej ocele a zais\u0165uj\u00fa optim\u00e1lny v\u00fdkon a odolnos\u0165.<\/p>\n<h3>Funkcie a vlastnosti<\/h3>\n<p>Na\u0161e hydraulick\u00e9 valce s\u00fa certifikovan\u00e9 pod\u013ea normy ISO 9001:2000, \u010do je znakom vynikaj\u00facej kvality a v\u00fdkonu, ktor\u00fd odr\u00e1\u017ea n\u00e1\u0161 z\u00e1v\u00e4zok k excelentnosti vo v\u00fdrobe. S p\u00f4sobiv\u00fdm maxim\u00e1lnym \u0165ahom 3000 a maxim\u00e1lnym \u0165ahom 600 poskytuj\u00fa tieto valce vysok\u00fd v\u00fdkon vhodn\u00fd pre \u0161irok\u00fa \u0161k\u00e1lu priemyseln\u00fdch aplik\u00e1ci\u00ed. Priemer valcov sa pohybuje od 20 mm do 250 mm, \u010do pon\u00faka bezkonkuren\u010dn\u00fa v\u0161estrannos\u0165 na prisp\u00f4sobenie sa r\u00f4znym prev\u00e1dzkov\u00fdm po\u017eiadavk\u00e1m. \u010ci u\u017e potrebujete kompaktn\u00e9 rie\u0161enie pre stiesnen\u00e9 priestory alebo v\u00e4\u010d\u0161\u00ed valec pre n\u00e1ro\u010dn\u00e9 \u00falohy, na\u0161e produkty je mo\u017en\u00e9 prisp\u00f4sobi\u0165 va\u0161im \u0161pecifick\u00fdm potreb\u00e1m.<\/p>\n<p><img loading=\"lazy\" decoding=\"async\" class=\"alignnone  wp-image-6657\" src=\"https:\/\/fmp-components.com\/wp-content\/uploads\/2025\/03\/telescopic-hydraulic-cylinder-3.webp\" alt=\"teleskopick\u00fd hydraulick\u00fd valec\" width=\"902\" height=\"902\" title=\"\" srcset=\"https:\/\/fmp-components.com\/wp-content\/uploads\/2025\/03\/telescopic-hydraulic-cylinder-3.webp 902w, https:\/\/fmp-components.com\/wp-content\/uploads\/2025\/03\/telescopic-hydraulic-cylinder-3-480x480.webp 480w\" sizes=\"(min-width: 0px) and (max-width: 480px) 480px, (min-width: 481px) 902px, 100vw\" \/><\/p>\n<h3>\u0160pecifik\u00e1cie produktu<\/h3>\n<p>Ka\u017ed\u00fd hydraulick\u00fd valec je odborne navrhnut\u00fd a vyroben\u00fd pod\u013ea presn\u00fdch \u0161pecifik\u00e1ci\u00ed. Ve\u013ekos\u0165 otvoru je plne prisp\u00f4sobite\u013en\u00e1, \u010do v\u00e1m umo\u017e\u0148uje vybra\u0165 si rozmery, ktor\u00e9 najlep\u0161ie zodpovedaj\u00fa po\u017eiadavk\u00e1m va\u0161ej aplik\u00e1cie. T\u00e1to flexibilita zaru\u010duje, \u017ee dostanete produkt, ktor\u00fd dokonale zodpoved\u00e1 va\u0161im prev\u00e1dzkov\u00fdm po\u017eiadavk\u00e1m. Okrem toho s\u00fa tieto valce vybaven\u00e9 vysoko kvalitn\u00fdmi lo\u017eiskami ako z\u00e1kladn\u00fdmi komponentmi, ktor\u00e9 v\u00fdrazne zvy\u0161uj\u00fa ich v\u00fdkon a odolnos\u0165. Pou\u017eitie lo\u017e\u00edsk zni\u017euje trenie a opotrebenie, \u010do umo\u017e\u0148uje plynulej\u0161iu prev\u00e1dzku a predl\u017euje \u017eivotnos\u0165 hydraulick\u00e9ho valca.<\/p>\n<h3>Jedine\u010dn\u00e9 vlastnosti<\/h3>\n<ul>\n<li><strong>\u00daspora energie:<\/strong> Na\u0161e hydraulick\u00e9 valce s\u00fa navrhnut\u00e9 s oh\u013eadom na \u00fasporu energie. T\u00e1to kon\u0161trukcia nielen pom\u00e1ha zni\u017eova\u0165 prev\u00e1dzkov\u00e9 n\u00e1klady, ale prispieva aj k environment\u00e1lnej udr\u017eate\u013enosti minimaliz\u00e1ciou plytvania energiou po\u010das prev\u00e1dzky. Optimaliz\u00e1ciou spotreby hydraulickej kvapaliny na\u0161e valce zabezpe\u010duj\u00fa, aby podniky mohli efekt\u00edvne dosiahnu\u0165 svoje ciele a z\u00e1rove\u0148 dba\u0165 na spotrebu energie.<\/li>\n<li><strong>Efekt\u00edvne:<\/strong> V\u010faka pokro\u010dilej hydraulickej technol\u00f3gii poskytuj\u00fa na\u0161e valce vysok\u00fa \u00fa\u010dinnos\u0165 a v\u00fdkon. T\u00e1to \u00fa\u010dinnos\u0165 sa premieta do krat\u0161\u00edch cyklov a zv\u00fd\u0161enej produktivity, \u010do umo\u017e\u0148uje priemyseln\u00fdm odvetviam zefekt\u00edvni\u0165 svoje procesy a zv\u00fd\u0161i\u0165 celkov\u00fa prev\u00e1dzkov\u00fa efektivitu.<\/li>\n<li><strong>Bezpe\u010dnos\u0165:<\/strong> Bezpe\u010dnos\u0165 je v priemyseln\u00fdch aplik\u00e1ci\u00e1ch prvorad\u00e1 a na\u0161e hydraulick\u00e9 valce s\u00fa vyroben\u00e9 z vysoko kvalitn\u00fdch materi\u00e1lov, ktor\u00e9 zaru\u010duj\u00fa odolnos\u0165 aj v t\u00fdch najn\u00e1ro\u010dnej\u0161\u00edch pracovn\u00fdch podmienkach. Zav\u00e1dzame pr\u00edsne testovanie a protokoly zabezpe\u010denia kvality, aby sme zaru\u010dili, \u017ee na\u0161e v\u00fdrobky sp\u013a\u0148aj\u00fa najvy\u0161\u0161ie bezpe\u010dnostn\u00e9 \u0161tandardy. T\u00e1to robustn\u00e1 kon\u0161trukcia nielen chr\u00e1ni obsluhu, ale tie\u017e zvy\u0161uje spo\u013eahlivos\u0165 strojov a umo\u017e\u0148uje bezpe\u010dnej\u0161ie pracovn\u00e9 prostredie.<\/li>\n<\/ul>\n<p>Na\u0161e hydraulick\u00e9 valce s\u00fa navrhnut\u00e9 tak, aby vynikali vo v\u00fdkone, bezpe\u010dnosti a \u00fa\u010dinnosti, v\u010faka \u010domu s\u00fa ide\u00e1lnou vo\u013ebou pre r\u00f4zne priemyseln\u00e9 aplik\u00e1cie. V\u010faka prisp\u00f4sobite\u013en\u00fdm \u0161pecifik\u00e1ci\u00e1m a z\u00e1v\u00e4zku ku kvalite poskytujeme rie\u0161enia, ktor\u00e9 umo\u017e\u0148uj\u00fa podnikom fungova\u0165 efekt\u00edvne a bezpe\u010dne.<\/p>\n<h3>O FMP<\/h3>\n<p class=\"break-words\">FMP je popredn\u00fd taliansky v\u00fdrobca \u0161pecializuj\u00faci sa na n\u00e1vrh, v\u00fdvoj a v\u00fdrobu vysokokvalitn\u00fdch hydraulick\u00fdch valcov. S bohat\u00fdm dedi\u010dstvom zakorenen\u00fdm v desa\u0165ro\u010diach odborn\u00fdch znalost\u00ed hrdo kombinujeme talianske remeseln\u00e9 spracovanie s najmodernej\u0161ou technol\u00f3giou, aby sme dod\u00e1vali v\u00fdnimo\u010dn\u00e9 hydraulick\u00e9 rie\u0161enia prisp\u00f4soben\u00e9 rozmanit\u00fdm potreb\u00e1m na\u0161ich glob\u00e1lnych klientov. Spolo\u010dnos\u0165 FMP so s\u00eddlom v Taliansku, centre in\u017einierskej excelentnosti, je d\u00f4veryhodn\u00fdm menom v hydraulickom priemysle a je odhodlan\u00e1 poskytova\u0165 spo\u013eahliv\u00e9, odoln\u00e9 a inovat\u00edvne produkty, ktor\u00e9 posil\u0148uj\u00fa podniky na celom svete.<\/p>\n<p class=\"break-words\">Na\u0161a spolo\u010dnos\u0165 sp\u00e1ja to najlep\u0161ie z pokro\u010dil\u00fdch v\u00fdrobn\u00fdch trad\u00edci\u00ed s progres\u00edvnym pr\u00edstupom. V\u010faka dlhoro\u010dn\u00fdm sk\u00fasenostiam v oblasti hydraulick\u00fdch syst\u00e9mov sa spolo\u010dnos\u0165 FMP vyvinula v modern\u00fd podnik, ktor\u00fd vynik\u00e1 vo v\u00fdskume, dizajne a v\u00fdrobe. \u0160pecializujeme sa na \u0161irok\u00fa \u0161k\u00e1lu hydraulick\u00fdch valcov vr\u00e1tane dvoj\u010dinn\u00fdch valcov, zdv\u00edhac\u00edch valcov pre automobily, valcov pre po\u013enohospod\u00e1rske stroje a na mieru vyroben\u00fdch rie\u0161en\u00ed pre r\u00f4zne priemyseln\u00e9 aplik\u00e1cie. \u010ci u\u017e ide o stavebn\u00edctvo, priemyseln\u00e9 in\u0161tal\u00e1cie, po\u013enohospod\u00e1rstvo alebo \u0165a\u017ek\u00e9 stroje, na\u0161e hydraulick\u00e9 valce s\u00fa skon\u0161truovan\u00e9 tak, aby fungovali v naj\u0165a\u017e\u0161\u00edch podmienkach a zabezpe\u010dovali bezpe\u010dnos\u0165, \u00fa\u010dinnos\u0165 a dlh\u00fa \u017eivotnos\u0165.<\/p>\n<p><img loading=\"lazy\" decoding=\"async\" class=\"alignnone size-full wp-image-6720\" src=\"https:\/\/fmp-components.com\/wp-content\/uploads\/2025\/03\/hydraulic-cylinder-8.webp\" alt=\"Teleskopick\u00e9 hydraulick\u00e9 valce\" width=\"933\" height=\"526\" title=\"\" srcset=\"https:\/\/fmp-components.com\/wp-content\/uploads\/2025\/03\/hydraulic-cylinder-8.webp 933w, https:\/\/fmp-components.com\/wp-content\/uploads\/2025\/03\/hydraulic-cylinder-8-480x271.webp 480w\" sizes=\"(min-width: 0px) and (max-width: 480px) 480px, (min-width: 481px) 933px, 100vw\" \/><\/p>\n<p class=\"break-words\">V spolo\u010dnosti FMP sme hrd\u00ed na na\u0161e najmodernej\u0161ie v\u00fdrobn\u00e9 zariadenia, vybaven\u00e9 presn\u00fdmi strojmi a pokro\u010dil\u00fdmi testovac\u00edmi syst\u00e9mami. Na\u0161e v\u00fdrobn\u00e9 procesy sp\u013a\u0148aj\u00fa pr\u00edsne n\u00e1rodn\u00e9 a medzin\u00e1rodn\u00e9 normy, \u010do zabezpe\u010duje, \u017ee ka\u017ed\u00fd hydraulick\u00fd valec op\u00fa\u0161\u0165aj\u00faci na\u0161u tov\u00e1re\u0148 m\u00e1 vynikaj\u00facu kvalitu a spo\u013eahlivos\u0165. N\u00e1\u0161 sk\u00fasen\u00fd technick\u00fd t\u00edm v spojen\u00ed s najmodernej\u0161\u00edm vybaven\u00edm n\u00e1m umo\u017e\u0148uje udr\u017eiava\u0165 pr\u00edsnu kontrolu kvality v ka\u017edej f\u00e1ze v\u00fdroby \u2013 od v\u00fdberu surov\u00edn a\u017e po kone\u010dn\u00fa kontrolu. Toto odhodlanie k dokonalosti n\u00e1m prinieslo certifik\u00e1cie a uznanie od priemyseln\u00fdch autor\u00edt, \u010do \u010falej upev\u0148uje na\u0161u reput\u00e1ciu spo\u013eahliv\u00e9ho partnera.<\/p>\n<p class=\"break-words\">Na\u0161e poslanie je jednoduch\u00e9, no ambici\u00f3zne: poskytova\u0165 na\u0161im z\u00e1kazn\u00edkom hydraulick\u00e9 valce, ktor\u00e9 prekon\u00e1vaj\u00fa o\u010dak\u00e1vania v oblasti v\u00fdkonu, odolnosti a hodnoty. Pracujeme v s\u00falade s hlavn\u00fdmi princ\u00edpmi profesionality, integrity a zamerania sa na z\u00e1kazn\u00edka. Podporou kult\u00fary inov\u00e1ci\u00ed a presnosti neust\u00e1le zdokona\u013eujeme na\u0161e produkty, aby sme si udr\u017eali n\u00e1skok na konkuren\u010dnom trhu. N\u00e1\u0161 komplexn\u00fd sortiment produktov a schopnos\u0165 pon\u00faka\u0165 rie\u0161enia na mieru z n\u00e1s robia vo\u013ebu pre firmy, ktor\u00e9 h\u013eadaj\u00fa vysoko v\u00fdkonn\u00e9 hydraulick\u00e9 valce.<\/p>\n<p class=\"break-words\">FMP je viac ne\u017e len v\u00fdrobca \u2013 sme partnerom vo va\u0161om \u00faspechu. Ch\u00e1peme, \u017ee na\u0161i z\u00e1kazn\u00edci sa na n\u00e1s spoliehaj\u00fa, \u017ee im dod\u00e1me n\u00e1stroje, ktor\u00e9 zvy\u0161uj\u00fa ich produktivitu a bezpe\u010dnos\u0165. Preto sa zav\u00e4zujeme pon\u00faka\u0165 nielen \u0161pi\u010dkov\u00e9 produkty, ale aj v\u00fdnimo\u010dn\u00fd servis. Od \u00favodnej konzult\u00e1cie a\u017e po popredajn\u00fa podporu \u00fazko spolupracujeme s na\u0161imi klientmi, aby sme zabezpe\u010dili, \u017ee ich potreby bud\u00fa splnen\u00e9 s profesionalitou a starostlivos\u0165ou. Na\u0161e konkurencieschopn\u00e9 ceny v spojen\u00ed s na\u0161\u00edm neochvejn\u00fdm z\u00e1v\u00e4zkom ku kvalite robia z FMP inteligentn\u00fa vo\u013ebu pre spolo\u010dnosti, ktor\u00e9 chc\u00fa investova\u0165 do hydraulick\u00fdch rie\u0161en\u00ed, ktor\u00fdm m\u00f4\u017eu d\u00f4verova\u0165.<\/p>\n<h2>\u010casto kladen\u00e9 ot\u00e1zky<\/h2>\n<h3>Q1: Ak\u00e1 je z\u00e1ruka na hydraulick\u00e9 valce?<\/h3>\n<p>Na na\u0161e hydraulick\u00e9 valce pon\u00fakame 1-ro\u010dn\u00fa z\u00e1ruku, ktor\u00e1 zaru\u010duje ich kvalitu a v\u00fdkon.<\/p>\n<h3>Ot\u00e1zka 2: M\u00f4\u017eem si prisp\u00f4sobi\u0165 ve\u013ekos\u0165 otvoru hydraulick\u00e9ho valca?<\/h3>\n<p>\u00c1no, priemer otvoru na\u0161ich hydraulick\u00fdch valcov je mo\u017en\u00e9 prisp\u00f4sobi\u0165 pod\u013ea va\u0161ich \u0161pecifick\u00fdch po\u017eiadaviek.<\/p>\n<h3>Ot\u00e1zka 3: Ak\u00e1 je maxim\u00e1lna \u0165ahov\u00e1 a \u0165a\u017en\u00e1 sila hydraulick\u00fdch valcov?<\/h3>\n<p>Maxim\u00e1lny posuv na\u0161ich hydraulick\u00fdch valcov je 3000 a maxim\u00e1lny \u0165ah je 600.<\/p>\n<p><img loading=\"lazy\" decoding=\"async\" class=\"alignnone  wp-image-6717\" src=\"https:\/\/fmp-components.com\/wp-content\/uploads\/2025\/03\/hydraulic-cylinder-211.webp\" alt=\"Hydraulick\u00e9 valce\" width=\"893\" height=\"895\" title=\"\" srcset=\"https:\/\/fmp-components.com\/wp-content\/uploads\/2025\/03\/hydraulic-cylinder-211.webp 893w, https:\/\/fmp-components.com\/wp-content\/uploads\/2025\/03\/hydraulic-cylinder-211-480x481.webp 480w\" sizes=\"(min-width: 0px) and (max-width: 480px) 480px, (min-width: 481px) 893px, 100vw\" \/><\/p>","protected":false},"excerpt":{"rendered":"<p>3tons 5tons 7tons 12 tons Telescopic \/MultiStages Tipper Truck Hydraulic Cylinder From FMP The Telescopic\/MultiStages hydraulic cylinder From FMP is an innovative solution for tipper trucks. This hydraulic cylinder is designed for 3-ton, 5-ton, 7-ton, and 12-ton trucks, providing exceptional power and precision. Manufactured with high-quality steel, these hydraulic cylinders ensure optimal performance and durability. [&hellip;]<\/p>","protected":false},"featured_media":6710,"comment_status":"closed","ping_status":"closed","template":"","meta":{"_et_pb_use_builder":"","_et_pb_old_content":"","_et_gb_content_width":""},"product_brand":[],"product_cat":[103],"product_tag":[34,105],"class_list":{"0":"post-6600","1":"product","2":"type-product","3":"status-publish","4":"has-post-thumbnail","6":"product_cat-telescopic-hydraulic-cylinders","7":"product_tag-hydraulic-cylinder","8":"product_tag-telescopic-hydraulic-cylinders","10":"first","11":"instock","12":"product-type-simple"},"_links":{"self":[{"href":"https:\/\/fmp-components.com\/sk\/wp-json\/wp\/v2\/product\/6600","targetHints":{"allow":["GET"]}}],"collection":[{"href":"https:\/\/fmp-components.com\/sk\/wp-json\/wp\/v2\/product"}],"about":[{"href":"https:\/\/fmp-components.com\/sk\/wp-json\/wp\/v2\/types\/product"}],"replies":[{"embeddable":true,"href":"https:\/\/fmp-components.com\/sk\/wp-json\/wp\/v2\/comments?post=6600"}],"wp:featuredmedia":[{"embeddable":true,"href":"https:\/\/fmp-components.com\/sk\/wp-json\/wp\/v2\/media\/6710"}],"wp:attachment":[{"href":"https:\/\/fmp-components.com\/sk\/wp-json\/wp\/v2\/media?parent=6600"}],"wp:term":[{"taxonomy":"product_brand","embeddable":true,"href":"https:\/\/fmp-components.com\/sk\/wp-json\/wp\/v2\/product_brand?post=6600"},{"taxonomy":"product_cat","embeddable":true,"href":"https:\/\/fmp-components.com\/sk\/wp-json\/wp\/v2\/product_cat?post=6600"},{"taxonomy":"product_tag","embeddable":true,"href":"https:\/\/fmp-components.com\/sk\/wp-json\/wp\/v2\/product_tag?post=6600"}],"curies":[{"name":"pracovn\u00fd list","href":"https:\/\/api.w.org\/{rel}","templated":true}]}}