{"id":6599,"date":"2025-03-11T06:32:38","date_gmt":"2025-03-11T06:32:38","guid":{"rendered":"https:\/\/fmp-components.com\/product\/telescopic-multi-stages-tipper-truck-hydraulic-cylinder-from-fmp"},"modified":"2025-03-12T03:13:48","modified_gmt":"2025-03-12T03:13:48","slug":"telescopic-multi-stages-tipper-truck-hydraulic-cylinder-from-fmp","status":"publish","type":"product","link":"https:\/\/fmp-components.com\/sk\/product\/telescopic-multi-stages-tipper-truck-hydraulic-cylinder-from-fmp\/","title":{"rendered":"Hydraulick\u00fd valec pre teleskopick\u00e9 viacstup\u0148ov\u00e9 skl\u00e1pa\u010de od FMP"},"content":{"rendered":"<h2>Hydraulick\u00fd valec pre teleskopick\u00e9 viacstup\u0148ov\u00e9 skl\u00e1pa\u010de od FMP<\/h2>\n<p>Objavte silu hydrauliky s na\u0161\u00edm teleskopick\u00fdm viacstup\u0148ov\u00fdm hydraulick\u00fdm valcom pre skl\u00e1pacie n\u00e1kladn\u00e9 vozidl\u00e1. Tento inovat\u00edvny produkt od spolo\u010dnosti FMP je navrhnut\u00fd tak, aby pon\u00fakal vynikaj\u00faci v\u00fdkon, spo\u013eahlivos\u0165 a dlh\u00fa \u017eivotnos\u0165, v\u010faka \u010domu je cenn\u00fdm doplnkom pre r\u00f4zne odvetvia, ako s\u00fa v\u00fdrobn\u00e9 z\u00e1vody, opravovne strojov, farmy a energetick\u00fd a bansk\u00fd sektor.<\/p>\n<h2>Vlastnosti a \u0161pecifik\u00e1cie produktu<\/h2>\n<p>N\u00e1\u0161 teleskopick\u00fd viacstup\u0148ov\u00fd hydraulick\u00fd valec pre skl\u00e1pa\u010de sa dod\u00e1va s mno\u017estvom funkci\u00ed, v\u010faka ktor\u00fdm vynik\u00e1 na trhu. Tu je podrobn\u00fd preh\u013ead \u0161pecifik\u00e1ci\u00ed produktu:<\/p>\n<ul>\n<li>Stav: Nov\u00e9<\/li>\n<li>Z\u00e1ruka: 1 rok<\/li>\n<li>Pou\u017eite\u013en\u00e9 odvetvia: V\u00fdrobn\u00e9 z\u00e1vody, opravovne strojov, farmy, energetika a ban\u00edctvo<\/li>\n<li>Video v\u00fdstupn\u00e1 kontrola: Poskytnut\u00e9<\/li>\n<li>Spr\u00e1va o sk\u00fa\u0161ke strojov: Poskytnut\u00e1<\/li>\n<li>Typ marketingu: Nov\u00fd produkt 2021<\/li>\n<li>Z\u00e1ruka na z\u00e1kladn\u00e9 komponenty: 1 rok<\/li>\n<li>Hlavn\u00e9 komponenty: Lo\u017eisko<\/li>\n<li>\u0160tandardn\u00e9 alebo ne\u0161tandardn\u00e9: \u0160tandardn\u00e9<\/li>\n<li>Kon\u0161trukcia: Piestov\u00fd valec<\/li>\n<li>V\u00fdkon: Hydraulick\u00fd<\/li>\n<li>Materi\u00e1l tela: Oce\u013e<\/li>\n<li>Maxim\u00e1lny \u0165ah: 3000<\/li>\n<li>Typ: Mal\u00e9 hydraulick\u00e9 valce<\/li>\n<li>Ve\u013ekos\u0165 otvoru: Pod\u013ea va\u0161ich po\u017eiadaviek<\/li>\n<li>Maxim\u00e1lny \u0165ah: 600<\/li>\n<li>Certifik\u00e1cia: ISO9001:2000<\/li>\n<li>Kvapalina: Olej<\/li>\n<li>Priemer valca: 20 ~ 250 mm<\/li>\n<li>Detaily balenia: \u017delezn\u00e9 puzdro, preglejkov\u00e9 puzdro alebo kart\u00f3nov\u00e1 krabica<\/li>\n<\/ul>\n<h2>Jedine\u010dn\u00e9 vlastnosti a v\u00fdhody<\/h2>\n<p>N\u00e1\u0161 teleskopick\u00fd viacstup\u0148ov\u00fd hydraulick\u00fd valec pre skl\u00e1pacie n\u00e1kladn\u00e9 vozidl\u00e1 sa m\u00f4\u017ee pochv\u00e1li\u0165 jedine\u010dn\u00fdmi vlastnos\u0165ami a v\u00fdhodami, ako je energetick\u00e1 \u00fa\u010dinnos\u0165, vysok\u00fd v\u00fdkon, bezpe\u010dnos\u0165 a mnoho \u010fal\u0161ieho. Zais\u0165uje plynul\u00fa prev\u00e1dzku, pom\u00e1ha firm\u00e1m maximalizova\u0165 produktivitu a minimalizova\u0165 prestoje.<\/p>\n<h2>Hydraulick\u00e9 syst\u00e9my a princ\u00edpy fungovania<\/h2>\n<p>N\u00e1\u0161 hydraulick\u00fd valec funguje na jednoduchom princ\u00edpe \u2013 sila tlakovej kvapaliny sa vyu\u017e\u00edva na generovanie line\u00e1rneho pohybu. Tento mechanizmus poskytuje robustn\u00fd a spo\u013eahliv\u00fd v\u00fdkon, v\u010faka \u010domu je nevyhnutnou s\u00fa\u010das\u0165ou mnoh\u00fdch priemyseln\u00fdch aplik\u00e1ci\u00ed.<\/p>\n<p><img loading=\"lazy\" decoding=\"async\" class=\"alignnone  wp-image-6658\" src=\"https:\/\/fmp-components.com\/wp-content\/uploads\/2025\/03\/telescopic-hydraulic-cylinder-6.webp\" alt=\"teleskopick\u00fd hydraulick\u00fd valec\" width=\"928\" height=\"928\" title=\"\" srcset=\"https:\/\/fmp-components.com\/wp-content\/uploads\/2025\/03\/telescopic-hydraulic-cylinder-6.webp 928w, https:\/\/fmp-components.com\/wp-content\/uploads\/2025\/03\/telescopic-hydraulic-cylinder-6-480x480.webp 480w\" sizes=\"(min-width: 0px) and (max-width: 480px) 480px, (min-width: 481px) 928px, 100vw\" \/><\/p>\n<h2>Hydraulick\u00e9 valce a pohonn\u00e9 jednotky<\/h2>\n<p>Hydraulick\u00e9 valce a pohonn\u00e9 jednotky s\u00fa neoddelite\u013enou s\u00fa\u010das\u0165ou hydraulick\u00e9ho syst\u00e9mu. Ich synergia zabezpe\u010duje \u0161irok\u00e9 uplatnenie hydraulickej technol\u00f3gie v priemyselnom sektore a poskytuje spo\u013eahliv\u00fa podporu nap\u00e1jania a riadenia pre r\u00f4zne in\u017einierske a strojn\u00e9 zariadenia. Hydraulick\u00fd valec ako aktu\u00e1tor je zodpovedn\u00fd za premenu hydraulickej energie na mechanick\u00fd pohyb, \u010d\u00edm sa tlak premie\u0148a na silu. Pohonn\u00e1 jednotka je z\u00e1rove\u0148 jadrom, ktor\u00e9 poskytuje energiu a riadiace sign\u00e1ly potrebn\u00e9 pre hydraulick\u00fd syst\u00e9m. Ich koordinovan\u00e1 prev\u00e1dzka umo\u017e\u0148uje spr\u00e1vne fungovanie hydraulick\u00e9ho syst\u00e9mu. V spolo\u010dnosti FMP pon\u00fakame na predaj aj pohonn\u00e9 jednotky.<\/p>\n<h2>\u010casto kladen\u00e9 ot\u00e1zky<\/h2>\n<p><strong>Ot\u00e1zka 1: Ak\u00e1 je z\u00e1ru\u010dn\u00e1 doba na hydraulick\u00fd valec pre teleskopick\u00e9 viacstup\u0148ov\u00e9 skl\u00e1pa\u010de?<\/strong><br \/>\nA1: Z\u00e1ru\u010dn\u00e1 doba na produkt je 1 rok.<\/p>\n<p><strong>Q2: D\u00e1 sa hydraulick\u00fd valec prisp\u00f4sobi\u0165 pod\u013ea na\u0161ich po\u017eiadaviek?<\/strong><br \/>\nA2: \u00c1no, hydraulick\u00fd valec v\u00e1m vieme navrhn\u00fa\u0165 pod\u013ea va\u0161ej po\u017eiadavky.<\/p>\n<p><strong>Ot\u00e1zka 3: Ak\u00e9 s\u00fa hlavn\u00e9 komponenty hydraulick\u00e9ho valca?<\/strong><br \/>\nA3: Hlavnou s\u00fa\u010das\u0165ou hydraulick\u00e9ho valca je lo\u017eisko.<\/p>\n<h3>O FMP<\/h3>\n<p class=\"break-words\">FMP je popredn\u00fd taliansky v\u00fdrobca \u0161pecializuj\u00faci sa na n\u00e1vrh, v\u00fdvoj a v\u00fdrobu vysokokvalitn\u00fdch hydraulick\u00fdch valcov. S bohat\u00fdm dedi\u010dstvom zakorenen\u00fdm v desa\u0165ro\u010diach odborn\u00fdch znalost\u00ed hrdo kombinujeme talianske remeseln\u00e9 spracovanie s najmodernej\u0161ou technol\u00f3giou, aby sme dod\u00e1vali v\u00fdnimo\u010dn\u00e9 hydraulick\u00e9 rie\u0161enia prisp\u00f4soben\u00e9 rozmanit\u00fdm potreb\u00e1m na\u0161ich glob\u00e1lnych klientov. Spolo\u010dnos\u0165 FMP so s\u00eddlom v Taliansku, centre in\u017einierskej excelentnosti, je d\u00f4veryhodn\u00fdm menom v hydraulickom priemysle a je odhodlan\u00e1 poskytova\u0165 spo\u013eahliv\u00e9, odoln\u00e9 a inovat\u00edvne produkty, ktor\u00e9 posil\u0148uj\u00fa podniky na celom svete.<\/p>\n<p class=\"break-words\">Na\u0161a spolo\u010dnos\u0165 sp\u00e1ja to najlep\u0161ie z pokro\u010dil\u00fdch v\u00fdrobn\u00fdch trad\u00edci\u00ed s progres\u00edvnym pr\u00edstupom. V\u010faka dlhoro\u010dn\u00fdm sk\u00fasenostiam v oblasti hydraulick\u00fdch syst\u00e9mov sa spolo\u010dnos\u0165 FMP vyvinula v modern\u00fd podnik, ktor\u00fd vynik\u00e1 vo v\u00fdskume, dizajne a v\u00fdrobe. \u0160pecializujeme sa na \u0161irok\u00fa \u0161k\u00e1lu hydraulick\u00fdch valcov vr\u00e1tane dvoj\u010dinn\u00fdch valcov, zdv\u00edhac\u00edch valcov pre automobily, valcov pre po\u013enohospod\u00e1rske stroje a na mieru vyroben\u00fdch rie\u0161en\u00ed pre r\u00f4zne priemyseln\u00e9 aplik\u00e1cie. \u010ci u\u017e ide o stavebn\u00edctvo, priemyseln\u00e9 in\u0161tal\u00e1cie, po\u013enohospod\u00e1rstvo alebo \u0165a\u017ek\u00e9 stroje, na\u0161e hydraulick\u00e9 valce s\u00fa skon\u0161truovan\u00e9 tak, aby fungovali v naj\u0165a\u017e\u0161\u00edch podmienkach a zabezpe\u010dovali bezpe\u010dnos\u0165, \u00fa\u010dinnos\u0165 a dlh\u00fa \u017eivotnos\u0165.<\/p>\n<p><img loading=\"lazy\" decoding=\"async\" class=\"alignnone size-full wp-image-6720\" src=\"https:\/\/fmp-components.com\/wp-content\/uploads\/2025\/03\/hydraulic-cylinder-8.webp\" alt=\"Teleskopick\u00e9 hydraulick\u00e9 valce\" width=\"933\" height=\"526\" title=\"\" srcset=\"https:\/\/fmp-components.com\/wp-content\/uploads\/2025\/03\/hydraulic-cylinder-8.webp 933w, https:\/\/fmp-components.com\/wp-content\/uploads\/2025\/03\/hydraulic-cylinder-8-480x271.webp 480w\" sizes=\"(min-width: 0px) and (max-width: 480px) 480px, (min-width: 481px) 933px, 100vw\" \/><\/p>\n<p class=\"break-words\">V spolo\u010dnosti FMP sme hrd\u00ed na na\u0161e najmodernej\u0161ie v\u00fdrobn\u00e9 zariadenia, vybaven\u00e9 presn\u00fdmi strojmi a pokro\u010dil\u00fdmi testovac\u00edmi syst\u00e9mami. Na\u0161e v\u00fdrobn\u00e9 procesy sp\u013a\u0148aj\u00fa pr\u00edsne n\u00e1rodn\u00e9 a medzin\u00e1rodn\u00e9 normy, \u010do zabezpe\u010duje, \u017ee ka\u017ed\u00fd hydraulick\u00fd valec op\u00fa\u0161\u0165aj\u00faci na\u0161u tov\u00e1re\u0148 m\u00e1 vynikaj\u00facu kvalitu a spo\u013eahlivos\u0165. N\u00e1\u0161 sk\u00fasen\u00fd technick\u00fd t\u00edm v spojen\u00ed s najmodernej\u0161\u00edm vybaven\u00edm n\u00e1m umo\u017e\u0148uje udr\u017eiava\u0165 pr\u00edsnu kontrolu kvality v ka\u017edej f\u00e1ze v\u00fdroby \u2013 od v\u00fdberu surov\u00edn a\u017e po kone\u010dn\u00fa kontrolu. Toto odhodlanie k dokonalosti n\u00e1m prinieslo certifik\u00e1cie a uznanie od priemyseln\u00fdch autor\u00edt, \u010do \u010falej upev\u0148uje na\u0161u reput\u00e1ciu spo\u013eahliv\u00e9ho partnera.<\/p>\n<p class=\"break-words\">Na\u0161e poslanie je jednoduch\u00e9, no ambici\u00f3zne: poskytova\u0165 na\u0161im z\u00e1kazn\u00edkom hydraulick\u00e9 valce, ktor\u00e9 prekon\u00e1vaj\u00fa o\u010dak\u00e1vania v oblasti v\u00fdkonu, odolnosti a hodnoty. Pracujeme v s\u00falade s hlavn\u00fdmi princ\u00edpmi profesionality, integrity a zamerania sa na z\u00e1kazn\u00edka. Podporou kult\u00fary inov\u00e1ci\u00ed a presnosti neust\u00e1le zdokona\u013eujeme na\u0161e produkty, aby sme si udr\u017eali n\u00e1skok na konkuren\u010dnom trhu. N\u00e1\u0161 komplexn\u00fd sortiment produktov a schopnos\u0165 pon\u00faka\u0165 rie\u0161enia na mieru z n\u00e1s robia vo\u013ebu pre firmy, ktor\u00e9 h\u013eadaj\u00fa vysoko v\u00fdkonn\u00e9 hydraulick\u00e9 valce.<\/p>\n<p class=\"break-words\">FMP je viac ne\u017e len v\u00fdrobca \u2013 sme partnerom vo va\u0161om \u00faspechu. Ch\u00e1peme, \u017ee na\u0161i z\u00e1kazn\u00edci sa na n\u00e1s spoliehaj\u00fa, \u017ee im dod\u00e1me n\u00e1stroje, ktor\u00e9 zvy\u0161uj\u00fa ich produktivitu a bezpe\u010dnos\u0165. Preto sa zav\u00e4zujeme pon\u00faka\u0165 nielen \u0161pi\u010dkov\u00e9 produkty, ale aj v\u00fdnimo\u010dn\u00fd servis. Od \u00favodnej konzult\u00e1cie a\u017e po popredajn\u00fa podporu \u00fazko spolupracujeme s na\u0161imi klientmi, aby sme zabezpe\u010dili, \u017ee ich potreby bud\u00fa splnen\u00e9 s profesionalitou a starostlivos\u0165ou. Na\u0161e konkurencieschopn\u00e9 ceny v spojen\u00ed s na\u0161\u00edm neochvejn\u00fdm z\u00e1v\u00e4zkom ku kvalite robia z FMP inteligentn\u00fa vo\u013ebu pre spolo\u010dnosti, ktor\u00e9 chc\u00fa investova\u0165 do hydraulick\u00fdch rie\u0161en\u00ed, ktor\u00fdm m\u00f4\u017eu d\u00f4verova\u0165.<\/p>","protected":false},"excerpt":{"rendered":"<p>Telescopic Multi Stages Tipper Truck Hydraulic Cylinder From FMP Discover the power of hydraulics with our Telescopic Multi Stages Tipper Truck Hydraulic Cylinder. This innovative product From FMP is designed to offer excellent performance, reliability, and longevity, making it a valuable addition to various industries such as manufacturing plants, machinery repair shops, farms, and the [&hellip;]<\/p>","protected":false},"featured_media":6709,"comment_status":"closed","ping_status":"closed","template":"","meta":{"_et_pb_use_builder":"","_et_pb_old_content":"","_et_gb_content_width":""},"product_brand":[],"product_cat":[103],"product_tag":[34,105],"class_list":{"0":"post-6599","1":"product","2":"type-product","3":"status-publish","4":"has-post-thumbnail","6":"product_cat-telescopic-hydraulic-cylinders","7":"product_tag-hydraulic-cylinder","8":"product_tag-telescopic-hydraulic-cylinders","10":"first","11":"instock","12":"product-type-simple"},"_links":{"self":[{"href":"https:\/\/fmp-components.com\/sk\/wp-json\/wp\/v2\/product\/6599","targetHints":{"allow":["GET"]}}],"collection":[{"href":"https:\/\/fmp-components.com\/sk\/wp-json\/wp\/v2\/product"}],"about":[{"href":"https:\/\/fmp-components.com\/sk\/wp-json\/wp\/v2\/types\/product"}],"replies":[{"embeddable":true,"href":"https:\/\/fmp-components.com\/sk\/wp-json\/wp\/v2\/comments?post=6599"}],"wp:featuredmedia":[{"embeddable":true,"href":"https:\/\/fmp-components.com\/sk\/wp-json\/wp\/v2\/media\/6709"}],"wp:attachment":[{"href":"https:\/\/fmp-components.com\/sk\/wp-json\/wp\/v2\/media?parent=6599"}],"wp:term":[{"taxonomy":"product_brand","embeddable":true,"href":"https:\/\/fmp-components.com\/sk\/wp-json\/wp\/v2\/product_brand?post=6599"},{"taxonomy":"product_cat","embeddable":true,"href":"https:\/\/fmp-components.com\/sk\/wp-json\/wp\/v2\/product_cat?post=6599"},{"taxonomy":"product_tag","embeddable":true,"href":"https:\/\/fmp-components.com\/sk\/wp-json\/wp\/v2\/product_tag?post=6599"}],"curies":[{"name":"pracovn\u00fd list","href":"https:\/\/api.w.org\/{rel}","templated":true}]}}