{"id":6597,"date":"2025-03-11T06:32:38","date_gmt":"2025-03-11T06:32:38","guid":{"rendered":"https:\/\/fmp-components.com\/product\/italy-manufacture-telescopic-multi-stages-hydraulic-cylinder-for-dump-truck-trailer-and-tipper-truck-from-fmp"},"modified":"2025-03-12T03:03:04","modified_gmt":"2025-03-12T03:03:04","slug":"italy-manufacture-telescopic-multi-stages-hydraulic-cylinder-for-dump-truck-trailer-and-tipper-truck-from-fmp","status":"publish","type":"product","link":"https:\/\/fmp-components.com\/sk\/product\/italy-manufacture-telescopic-multi-stages-hydraulic-cylinder-for-dump-truck-trailer-and-tipper-truck-from-fmp\/","title":{"rendered":"Taliansky teleskopick\u00fd\/viacstup\u0148ov\u00fd hydraulick\u00fd valec pre skl\u00e1pa\u010de\/pr\u00edvesy a skl\u00e1pa\u010de od FMP"},"content":{"rendered":"<h2>Taliansky teleskopick\u00fd\/viacstup\u0148ov\u00fd hydraulick\u00fd valec pre skl\u00e1pa\u010de\/pr\u00edvesy a skl\u00e1pa\u010de od FMP<\/h2>\n<p>FMP v\u00e1m prin\u00e1\u0161a najefekt\u00edvnej\u0161\u00ed a najv\u00fdkonnej\u0161\u00ed teleskopick\u00fd\/viacstup\u0148ov\u00fd hydraulick\u00fd valec, perfektn\u00e9 rie\u0161enie pre skl\u00e1pa\u010de, pr\u00edvesy a korby. Tento hydraulick\u00fd valec priemyselnej triedy je navrhnut\u00fd tak, aby poskytoval bezkonkuren\u010dn\u00fd v\u00fdkon a robustnos\u0165. Je to nov\u00fd produkt roku 2021, ktor\u00fd s\u013eubuje najmodernej\u0161ie technol\u00f3gie a kvalitu.<\/p>\n<h3>Vlastnosti a \u0161pecifik\u00e1cie produktu<\/h3>\n<p>Tento hydraulick\u00fd valec sa dod\u00e1va s ro\u010dnou z\u00e1rukou a z\u00e1kladn\u00fdmi komponentmi najvy\u0161\u0161ej kvality. Je vyroben\u00fd z robustn\u00e9ho oce\u013eov\u00e9ho tela, pracuje s olejom a m\u00e1 certifik\u00e1ciu ISO9001:2000. V\u010faka hydraulickej sile je ide\u00e1lnou vo\u013ebou pre r\u00f4zne odvetvia vr\u00e1tane v\u00fdrobn\u00fdch z\u00e1vodov, opravovn\u00ed strojov, fariem, energetiky a ban\u00edctva.<\/p>\n<p><img loading=\"lazy\" decoding=\"async\" class=\"alignnone  wp-image-6661\" src=\"https:\/\/fmp-components.com\/wp-content\/uploads\/2025\/03\/telescopic-hydraulic-cylinder-10.webp\" alt=\"teleskopick\u00fd hydraulick\u00fd valec\" width=\"901\" height=\"901\" title=\"\" srcset=\"https:\/\/fmp-components.com\/wp-content\/uploads\/2025\/03\/telescopic-hydraulic-cylinder-10.webp 901w, https:\/\/fmp-components.com\/wp-content\/uploads\/2025\/03\/telescopic-hydraulic-cylinder-10-480x480.webp 480w\" sizes=\"(min-width: 0px) and (max-width: 480px) 480px, (min-width: 481px) 901px, 100vw\" \/><\/p>\n<h3>Jedine\u010dn\u00e9 vlastnosti a v\u00fdhody<\/h3>\n<ul>\n<li>Energeticky \u00fasporn\u00e9 a vysoko \u00fa\u010dinn\u00e9<\/li>\n<li>Bezpe\u010dn\u00e9 a spo\u013eahliv\u00e9 pre \u0165a\u017ek\u00e9 stroje<\/li>\n<li>Prisp\u00f4sobite\u013en\u00e9 \u0161pecifick\u00fdm potreb\u00e1m<\/li>\n<li>Odoln\u00fd s dlhou \u017eivotnos\u0165ou<\/li>\n<\/ul>\n<h2>Hydraulick\u00fd syst\u00e9m a princ\u00edp \u010dinnosti<\/h2>\n<p>Hydraulick\u00fd valec funguje na z\u00e1kladnom princ\u00edpe premeny hydraulickej energie na mechanick\u00fd pohyb. Ke\u010f je valec naplnen\u00fd hydraulickou kvapalinou a natlakovan\u00fd, generuje silu, ktor\u00e1 dok\u00e1\u017ee efekt\u00edvne pohybova\u0165 bremenom. Tento mechanizmus je obzvl\u00e1\u0161\u0165 u\u017eito\u010dn\u00fd v r\u00f4znych aplik\u00e1ci\u00e1ch, ako je zdv\u00edhanie \u0165a\u017ek\u00fdch predmetov alebo obsluha zlo\u017eit\u00fdch priemyseln\u00fdch strojov. Princ\u00edp je zalo\u017een\u00fd na Pascalovom z\u00e1kone, ktor\u00fd hovor\u00ed, \u017ee tlak p\u00f4sobiaci na uzavret\u00fa kvapalinu sa pren\u00e1\u0161a rovnomerne vo v\u0161etk\u00fdch smeroch. V d\u00f4sledku toho m\u00f4\u017ee aj mal\u00fd pr\u00edsun hydraulickej kvapaliny vytvori\u0165 zna\u010dn\u00fa zdv\u00edhaciu silu, v\u010faka \u010domu s\u00fa hydraulick\u00e9 valce nevyhnutn\u00e9 pre \u00falohy, ktor\u00e9 vy\u017eaduj\u00fa pevnos\u0165 aj presnos\u0165.<\/p>\n<h2>Pou\u017eitie hydraulick\u00e9ho valca<\/h2>\n<p>Hydraulick\u00fd valec od spolo\u010dnosti FMP sa m\u00f4\u017ee pochv\u00e1li\u0165 \u0161irokou \u0161k\u00e1lou aplik\u00e1ci\u00ed v r\u00f4znych odvetviach. Je obzvl\u00e1\u0161\u0165 \u00fa\u010dinn\u00fd v skl\u00e1pa\u010doch a pr\u00edvesoch, kde u\u013eah\u010duje zdv\u00edhacie a nakl\u00e1pacie mechanizmy potrebn\u00e9 na vykladanie materi\u00e1lov, ako je \u0161trk, zemina alebo sutiny. V stavebn\u00fdch strojoch s\u00fa hydraulick\u00e9 valce k\u013e\u00fa\u010dov\u00e9 pre ovl\u00e1danie zariaden\u00ed, ako s\u00fa r\u00fdpadl\u00e1, r\u00fdpadl\u00e1-naklada\u010de a buldoz\u00e9ry, \u010do im umo\u017e\u0148uje vykon\u00e1va\u0165 \u00falohy, ktor\u00e9 zah\u0155\u0148aj\u00fa zdv\u00edhanie \u0165a\u017ek\u00fdch bremien a presn\u00e9 pohyby.<\/p>\n<p>Okrem toho sa tieto valce \u0161iroko pou\u017e\u00edvaj\u00fa v po\u013enohospod\u00e1rskych strojoch, kde pom\u00e1haj\u00fa pri \u00faloh\u00e1ch, ako je zdv\u00edhanie pluhov, seja\u010diek a in\u00e9ho n\u00e1radia nevyhnutn\u00e9ho pre po\u013enohospod\u00e1rske oper\u00e1cie. V\u0161estrannos\u0165 hydraulick\u00fdch valcov sa roz\u0161iruje do r\u00f4znych odvetv\u00ed vr\u00e1tane v\u00fdrobn\u00fdch z\u00e1vodov, kde sa pou\u017e\u00edvaj\u00fa v mont\u00e1\u017enych link\u00e1ch a automatizovan\u00fdch procesoch, ako aj v opravovniach strojov, kde pom\u00e1haj\u00fa zdv\u00edha\u0165 a umiest\u0148ova\u0165 \u0165a\u017ek\u00e9 zariadenia na \u00fadr\u017ebu. Energetick\u00fd a \u0165a\u017eobn\u00fd sektor sa tie\u017e spoliehaj\u00fa na hydraulick\u00e9 valce pri \u00faloh\u00e1ch, ako je v\u0155tanie a manipul\u00e1cia s materi\u00e1lom, \u010do dokazuje ich nenahradite\u013en\u00fa \u00falohu v modern\u00fdch priemyseln\u00fdch aplik\u00e1ci\u00e1ch.<\/p>\n<p><img loading=\"lazy\" decoding=\"async\" class=\"alignnone size-full wp-image-6660\" src=\"https:\/\/fmp-components.com\/wp-content\/uploads\/2025\/03\/hydraulic-cylinder-workshop-4.webp\" alt=\"teleskopick\u00fd hydraulick\u00fd valec\" width=\"914\" height=\"733\" title=\"\" srcset=\"https:\/\/fmp-components.com\/wp-content\/uploads\/2025\/03\/hydraulic-cylinder-workshop-4.webp 914w, https:\/\/fmp-components.com\/wp-content\/uploads\/2025\/03\/hydraulic-cylinder-workshop-4-480x385.webp 480w\" sizes=\"(min-width: 0px) and (max-width: 480px) 480px, (min-width: 481px) 914px, 100vw\" \/><\/p>\n<h2>Hydraulick\u00e9 valce a pohonn\u00e9 jednotky<\/h2>\n<p>Hydraulick\u00e9 valce a pohonn\u00e9 jednotky s\u00fa nevyhnutn\u00fdmi s\u00fa\u010das\u0165ami ka\u017ed\u00e9ho hydraulick\u00e9ho syst\u00e9mu. Ich koordinovan\u00e1 prev\u00e1dzka je nevyhnutn\u00e1 pre efekt\u00edvne vyu\u017eitie hydraulickej technol\u00f3gie v priemyselnej oblasti, preto\u017ee poskytuje spo\u013eahliv\u00fa energiu a riadiacu podporu pre \u0161irok\u00fa \u0161k\u00e1lu technick\u00fdch a mechanick\u00fdch zariaden\u00ed. Hydraulick\u00fd valec funguje ako ovl\u00e1da\u010d, ktor\u00fd premie\u0148a hydraulick\u00fa energiu na mechanick\u00fd pohyb, \u010d\u00edm presne vykon\u00e1va po\u017eadovan\u00e9 \u00falohy.<\/p>\n<p>Naproti tomu pohonn\u00e1 jednotka sl\u00fa\u017ei ako hnac\u00ed motor hydraulick\u00e9ho syst\u00e9mu a vytv\u00e1ra hydraulick\u00fd tlak potrebn\u00fd na pohon kvapaliny syst\u00e9mom a udr\u017eiavanie optim\u00e1lnych prietokov. Pohonn\u00e1 jednotka, ktor\u00e1 sa zvy\u010dajne sklad\u00e1 z motora, \u010derpadla, z\u00e1sobn\u00edka a regula\u010dn\u00fdch ventilov, zabezpe\u010duje plynul\u00fd a efekt\u00edvny chod hydraulick\u00e9ho valca. T\u00e1to synergia medzi hydraulick\u00fdm valcom a pohonnou jednotkou je nevyhnutn\u00e1 pre bezprobl\u00e9mov\u00fa prev\u00e1dzku hydraulick\u00fdch syst\u00e9mov, \u010do umo\u017e\u0148uje priemyseln\u00fdm odvetviam vyu\u017ei\u0165 pln\u00fd potenci\u00e1l hydraulickej technol\u00f3gie. V spolo\u010dnosti FMP tie\u017e poskytujeme na predaj vysokokvalitn\u00e9 pohonn\u00e9 jednotky, ktor\u00e9 na\u0161im z\u00e1kazn\u00edkom umo\u017e\u0148uj\u00fa vytv\u00e1ra\u0165 plne integrovan\u00e9 hydraulick\u00e9 syst\u00e9my prisp\u00f4soben\u00e9 ich \u0161pecifick\u00fdm prev\u00e1dzkov\u00fdm potreb\u00e1m.<\/p>\n<h2>\u010casto kladen\u00e9 ot\u00e1zky<\/h2>\n<ol>\n<li>Ot\u00e1zka: Ak\u00e1 je z\u00e1ru\u010dn\u00e1 doba na hydraulick\u00fd valec?<br \/>\nA: Na n\u00e1\u0161 hydraulick\u00fd valec poskytujeme jednoro\u010dn\u00fa z\u00e1ruku.<\/li>\n<li>Ot\u00e1zka: D\u00e1 sa hydraulick\u00fd valec prisp\u00f4sobi\u0165?<br \/>\nA: \u00c1no, vieme navrhn\u00fa\u0165 a vyrobi\u0165 hydraulick\u00fd valec na z\u00e1klade va\u0161ich \u0161pecifick\u00fdch po\u017eiadaviek.<\/li>\n<li>Ot\u00e1zka: V ktor\u00fdch odvetviach je mo\u017en\u00e9 tento hydraulick\u00fd valec pou\u017ei\u0165?<br \/>\nA: Hydraulick\u00fd valec sa m\u00f4\u017ee pou\u017e\u00edva\u0165 v r\u00f4znych odvetviach, ako s\u00fa v\u00fdrobn\u00e9 z\u00e1vody, opravovne strojov, farmy, energetika a \u0165a\u017eobn\u00fd priemysel.<\/li>\n<\/ol>\n<h3>O FMP<\/h3>\n<p class=\"break-words\">FMP je popredn\u00fd taliansky v\u00fdrobca \u0161pecializuj\u00faci sa na n\u00e1vrh, v\u00fdvoj a v\u00fdrobu vysokokvalitn\u00fdch hydraulick\u00fdch valcov. S bohat\u00fdm dedi\u010dstvom zakorenen\u00fdm v desa\u0165ro\u010diach odborn\u00fdch znalost\u00ed hrdo kombinujeme talianske remeseln\u00e9 spracovanie s najmodernej\u0161ou technol\u00f3giou, aby sme dod\u00e1vali v\u00fdnimo\u010dn\u00e9 hydraulick\u00e9 rie\u0161enia prisp\u00f4soben\u00e9 rozmanit\u00fdm potreb\u00e1m na\u0161ich glob\u00e1lnych klientov. Spolo\u010dnos\u0165 FMP so s\u00eddlom v Taliansku, centre in\u017einierskej excelentnosti, je d\u00f4veryhodn\u00fdm menom v hydraulickom priemysle a je odhodlan\u00e1 poskytova\u0165 spo\u013eahliv\u00e9, odoln\u00e9 a inovat\u00edvne produkty, ktor\u00e9 posil\u0148uj\u00fa podniky na celom svete.<\/p>\n<p class=\"break-words\">Na\u0161a spolo\u010dnos\u0165 sp\u00e1ja to najlep\u0161ie z pokro\u010dil\u00fdch v\u00fdrobn\u00fdch trad\u00edci\u00ed s progres\u00edvnym pr\u00edstupom. V\u010faka dlhoro\u010dn\u00fdm sk\u00fasenostiam v oblasti hydraulick\u00fdch syst\u00e9mov sa spolo\u010dnos\u0165 FMP vyvinula v modern\u00fd podnik, ktor\u00fd vynik\u00e1 vo v\u00fdskume, dizajne a v\u00fdrobe. \u0160pecializujeme sa na \u0161irok\u00fa \u0161k\u00e1lu hydraulick\u00fdch valcov vr\u00e1tane dvoj\u010dinn\u00fdch valcov, zdv\u00edhac\u00edch valcov pre automobily, valcov pre po\u013enohospod\u00e1rske stroje a na mieru vyroben\u00fdch rie\u0161en\u00ed pre r\u00f4zne priemyseln\u00e9 aplik\u00e1cie. \u010ci u\u017e ide o stavebn\u00edctvo, priemyseln\u00e9 in\u0161tal\u00e1cie, po\u013enohospod\u00e1rstvo alebo \u0165a\u017ek\u00e9 stroje, na\u0161e hydraulick\u00e9 valce s\u00fa skon\u0161truovan\u00e9 tak, aby fungovali v naj\u0165a\u017e\u0161\u00edch podmienkach a zabezpe\u010dovali bezpe\u010dnos\u0165, \u00fa\u010dinnos\u0165 a dlh\u00fa \u017eivotnos\u0165.<\/p>\n<p><img loading=\"lazy\" decoding=\"async\" class=\"alignnone size-full wp-image-6720\" src=\"https:\/\/fmp-components.com\/wp-content\/uploads\/2025\/03\/hydraulic-cylinder-8.webp\" alt=\"Teleskopick\u00e9 hydraulick\u00e9 valce\" width=\"933\" height=\"526\" title=\"\" srcset=\"https:\/\/fmp-components.com\/wp-content\/uploads\/2025\/03\/hydraulic-cylinder-8.webp 933w, https:\/\/fmp-components.com\/wp-content\/uploads\/2025\/03\/hydraulic-cylinder-8-480x271.webp 480w\" sizes=\"(min-width: 0px) and (max-width: 480px) 480px, (min-width: 481px) 933px, 100vw\" \/><\/p>\n<p class=\"break-words\">V spolo\u010dnosti FMP sme hrd\u00ed na na\u0161e najmodernej\u0161ie v\u00fdrobn\u00e9 zariadenia, vybaven\u00e9 presn\u00fdmi strojmi a pokro\u010dil\u00fdmi testovac\u00edmi syst\u00e9mami. Na\u0161e v\u00fdrobn\u00e9 procesy sp\u013a\u0148aj\u00fa pr\u00edsne n\u00e1rodn\u00e9 a medzin\u00e1rodn\u00e9 normy, \u010do zabezpe\u010duje, \u017ee ka\u017ed\u00fd hydraulick\u00fd valec op\u00fa\u0161\u0165aj\u00faci na\u0161u tov\u00e1re\u0148 m\u00e1 vynikaj\u00facu kvalitu a spo\u013eahlivos\u0165. N\u00e1\u0161 sk\u00fasen\u00fd technick\u00fd t\u00edm v spojen\u00ed s najmodernej\u0161\u00edm vybaven\u00edm n\u00e1m umo\u017e\u0148uje udr\u017eiava\u0165 pr\u00edsnu kontrolu kvality v ka\u017edej f\u00e1ze v\u00fdroby \u2013 od v\u00fdberu surov\u00edn a\u017e po kone\u010dn\u00fa kontrolu. Toto odhodlanie k dokonalosti n\u00e1m prinieslo certifik\u00e1cie a uznanie od priemyseln\u00fdch autor\u00edt, \u010do \u010falej upev\u0148uje na\u0161u reput\u00e1ciu spo\u013eahliv\u00e9ho partnera.<\/p>\n<p class=\"break-words\">Na\u0161e poslanie je jednoduch\u00e9, no ambici\u00f3zne: poskytova\u0165 na\u0161im z\u00e1kazn\u00edkom hydraulick\u00e9 valce, ktor\u00e9 prekon\u00e1vaj\u00fa o\u010dak\u00e1vania v oblasti v\u00fdkonu, odolnosti a hodnoty. Pracujeme v s\u00falade s hlavn\u00fdmi princ\u00edpmi profesionality, integrity a zamerania sa na z\u00e1kazn\u00edka. Podporou kult\u00fary inov\u00e1ci\u00ed a presnosti neust\u00e1le zdokona\u013eujeme na\u0161e produkty, aby sme si udr\u017eali n\u00e1skok na konkuren\u010dnom trhu. N\u00e1\u0161 komplexn\u00fd sortiment produktov a schopnos\u0165 pon\u00faka\u0165 rie\u0161enia na mieru z n\u00e1s robia vo\u013ebu pre firmy, ktor\u00e9 h\u013eadaj\u00fa vysoko v\u00fdkonn\u00e9 hydraulick\u00e9 valce.<\/p>\n<p class=\"break-words\">FMP je viac ne\u017e len v\u00fdrobca \u2013 sme partnerom vo va\u0161om \u00faspechu. Ch\u00e1peme, \u017ee na\u0161i z\u00e1kazn\u00edci sa na n\u00e1s spoliehaj\u00fa, \u017ee im dod\u00e1me n\u00e1stroje, ktor\u00e9 zvy\u0161uj\u00fa ich produktivitu a bezpe\u010dnos\u0165. Preto sa zav\u00e4zujeme pon\u00faka\u0165 nielen \u0161pi\u010dkov\u00e9 produkty, ale aj v\u00fdnimo\u010dn\u00fd servis. Od \u00favodnej konzult\u00e1cie a\u017e po popredajn\u00fa podporu \u00fazko spolupracujeme s na\u0161imi klientmi, aby sme zabezpe\u010dili, \u017ee ich potreby bud\u00fa splnen\u00e9 s profesionalitou a starostlivos\u0165ou. Na\u0161e konkurencieschopn\u00e9 ceny v spojen\u00ed s na\u0161\u00edm neochvejn\u00fdm z\u00e1v\u00e4zkom ku kvalite robia z FMP inteligentn\u00fa vo\u013ebu pre spolo\u010dnosti, ktor\u00e9 chc\u00fa investova\u0165 do hydraulick\u00fdch rie\u0161en\u00ed, ktor\u00fdm m\u00f4\u017eu d\u00f4verova\u0165.<\/p>","protected":false},"excerpt":{"rendered":"<p>Italy Manufacture Telescopic \/Multi Stages Hydraulic Cylinder For Dump Truck \/Trailer and Tipper Truck From FMP FMP brings you the most efficient and powerful Telescopic\/Multi Stages Hydraulic Cylinder, a perfect solution for dump truck, trailer, and tipper truck. This industry-grade hydraulic cylinder is designed to provide unmatched performance and sturdiness. It&#8217;s a new product of [&hellip;]<\/p>","protected":false},"featured_media":6707,"comment_status":"closed","ping_status":"closed","template":"","meta":{"_et_pb_use_builder":"","_et_pb_old_content":"","_et_gb_content_width":""},"product_brand":[],"product_cat":[103],"product_tag":[34,105],"class_list":{"0":"post-6597","1":"product","2":"type-product","3":"status-publish","4":"has-post-thumbnail","6":"product_cat-telescopic-hydraulic-cylinders","7":"product_tag-hydraulic-cylinder","8":"product_tag-telescopic-hydraulic-cylinders","10":"first","11":"instock","12":"product-type-simple"},"_links":{"self":[{"href":"https:\/\/fmp-components.com\/sk\/wp-json\/wp\/v2\/product\/6597","targetHints":{"allow":["GET"]}}],"collection":[{"href":"https:\/\/fmp-components.com\/sk\/wp-json\/wp\/v2\/product"}],"about":[{"href":"https:\/\/fmp-components.com\/sk\/wp-json\/wp\/v2\/types\/product"}],"replies":[{"embeddable":true,"href":"https:\/\/fmp-components.com\/sk\/wp-json\/wp\/v2\/comments?post=6597"}],"wp:featuredmedia":[{"embeddable":true,"href":"https:\/\/fmp-components.com\/sk\/wp-json\/wp\/v2\/media\/6707"}],"wp:attachment":[{"href":"https:\/\/fmp-components.com\/sk\/wp-json\/wp\/v2\/media?parent=6597"}],"wp:term":[{"taxonomy":"product_brand","embeddable":true,"href":"https:\/\/fmp-components.com\/sk\/wp-json\/wp\/v2\/product_brand?post=6597"},{"taxonomy":"product_cat","embeddable":true,"href":"https:\/\/fmp-components.com\/sk\/wp-json\/wp\/v2\/product_cat?post=6597"},{"taxonomy":"product_tag","embeddable":true,"href":"https:\/\/fmp-components.com\/sk\/wp-json\/wp\/v2\/product_tag?post=6597"}],"curies":[{"name":"pracovn\u00fd list","href":"https:\/\/api.w.org\/{rel}","templated":true}]}}