{"id":6594,"date":"2025-03-11T06:32:38","date_gmt":"2025-03-11T06:32:38","guid":{"rendered":"https:\/\/fmp-components.com\/product\/good-quality-stainless-steel-multistage-hydraulic-cylinder-for-dump-trailer"},"modified":"2025-03-12T02:43:38","modified_gmt":"2025-03-12T02:43:38","slug":"good-quality-stainless-steel-multistage-hydraulic-cylinder-for-dump-trailer","status":"publish","type":"product","link":"https:\/\/fmp-components.com\/sk\/product\/good-quality-stainless-steel-multistage-hydraulic-cylinder-for-dump-trailer\/","title":{"rendered":"Kvalitn\u00fd viacstup\u0148ov\u00fd hydraulick\u00fd valec z nehrdzavej\u00facej ocele pre skl\u00e1pac\u00ed pr\u00edves"},"content":{"rendered":"<h2>Kvalitn\u00fd viacstup\u0148ov\u00fd hydraulick\u00fd valec z nehrdzavej\u00facej ocele pre skl\u00e1pac\u00ed pr\u00edves<\/h2>\n<p>Na\u0161e viacstup\u0148ov\u00e9 hydraulick\u00e9 valce z nehrdzavej\u00facej ocele s\u00fa navrhnut\u00e9 s d\u00f4razom na kvalitu a v\u00fdkon. Tieto hydraulick\u00e9 valce, vyroben\u00e9 z robustnej a odolnej nehrdzavej\u00facej ocele, s\u00fa ide\u00e1lne pre skl\u00e1pacie n\u00e1vesy a pon\u00fakaj\u00fa vysok\u00fa \u00fa\u010dinnos\u0165 a spo\u013eahlivos\u0165 pre r\u00f4zne odvetvia vr\u00e1tane opravovn\u00ed strojov, fariem, energetiky a ban\u00edctva, v\u00fdroby strojov a stroj\u00e1rskych z\u00e1vodov.<\/p>\n<h3>Funkcie a \u0161pecifik\u00e1cie<\/h3>\n<table style=\"width: 94.7139%;\" border=\"\">\n<tbody>\n<tr>\n<th style=\"width: 43.5028%;\">Ve\u013ekos\u0165 otvoru<\/th>\n<td style=\"width: 457.062%;\">2-6 palcov<\/td>\n<\/tr>\n<tr>\n<th style=\"width: 43.5028%;\">Ve\u013ekos\u0165 ty\u010de<\/th>\n<td style=\"width: 457.062%;\">1,125-4 palca<\/td>\n<\/tr>\n<tr>\n<th style=\"width: 43.5028%;\">Ve\u013ekos\u0165 \u0165ahu<\/th>\n<td style=\"width: 457.062%;\">4-100 palcov<\/td>\n<\/tr>\n<tr>\n<th style=\"width: 43.5028%;\">Ve\u013ekos\u0165 \u010dapu<\/th>\n<td style=\"width: 457.062%;\">0,5-2 palce<\/td>\n<\/tr>\n<tr>\n<th style=\"width: 43.5028%;\">Porty<\/th>\n<td style=\"width: 457.062%;\">G\/SAE\/NPT\/M<\/td>\n<\/tr>\n<\/tbody>\n<\/table>\n<h3>Jedine\u010dn\u00e9 vlastnosti a v\u00fdhody<\/h3>\n<ul>\n<li>Energeticky \u00fasporn\u00e9: Na\u0161e valce s\u00fa navrhnut\u00e9 tak, aby maximalizovali v\u00fdkon a z\u00e1rove\u0148 minimalizovali spotrebu energie.<\/li>\n<li>Vysok\u00fd v\u00fdkon: S maxim\u00e1lnym \u0165ahom 3000 a maxim\u00e1lnym \u0165ahom 20 ton tieto valce s\u013eubuj\u00fa vynikaj\u00faci v\u00fdkon.<\/li>\n<li>Bezpe\u010dnos\u0165: Tieto valce s certifik\u00e1tom ISO9001:2000 sp\u013a\u0148aj\u00fa medzin\u00e1rodn\u00e9 bezpe\u010dnostn\u00e9 normy a s\u00fa spo\u013eahliv\u00e9 aj pre n\u00e1ro\u010dn\u00e9 prev\u00e1dzky.<\/li>\n<\/ul>\n<h2>Pochopenie hydraulick\u00e9ho syst\u00e9mu a princ\u00edpu fungovania<\/h2>\n<p>Hydraulick\u00e9 syst\u00e9my funguj\u00fa na z\u00e1klade z\u00e1kladn\u00e9ho princ\u00edpu prenosu v\u00fdkonu prostredn\u00edctvom tlaku uzavretej kvapaliny. Tento inovat\u00edvny pr\u00edstup umo\u017e\u0148uje hydraulick\u00fdm valcom efekt\u00edvne generova\u0165 line\u00e1rny pohyb a zna\u010dn\u00fa silu. Ke\u010f je hydraulick\u00e1 kvapalina pod tlakom v uzavretom priestore, vytv\u00e1ra silu, ktor\u00fa mo\u017eno nasmerova\u0165 na vykon\u00e1vanie \u0161pecifick\u00fdch \u00faloh. Tento princ\u00edp umo\u017e\u0148uje hydraulick\u00fdm valcom vykon\u00e1va\u0165 n\u00e1ro\u010dn\u00fa pr\u00e1cu s pozoruhodnou presnos\u0165ou a kontrolou, v\u010faka \u010domu s\u00fa nevyhnutn\u00fdmi n\u00e1strojmi v mnoh\u00fdch odvetviach.<\/p>\n<p>\u00da\u010dinnos\u0165 hydraulick\u00fdch syst\u00e9mov spo\u010d\u00edva v ich schopnosti vyu\u017ei\u0165 energiu kvapaliny, \u010do umo\u017e\u0148uje vykon\u00e1va\u0165 siln\u00e9 pohyby bez potreby nadmernej fyzickej sily. Ke\u010f sa hydraulick\u00e1 kvapalina \u010derp\u00e1 do valca, vyv\u00edja tlak na piest, ktor\u00fd potom tento tlak premie\u0148a na line\u00e1rny pohyb. T\u00e1to schopnos\u0165 je nevyhnutn\u00e1 pre r\u00f4zne aplik\u00e1cie, ktor\u00e9 vy\u017eaduj\u00fa zdv\u00edhanie, tla\u010denie alebo \u0165ahanie \u0165a\u017ek\u00fdch predmetov, a zabezpe\u010duje, \u017ee \u00falohy je mo\u017en\u00e9 vykona\u0165 r\u00fdchlo a presne.<\/p>\n<p><img loading=\"lazy\" decoding=\"async\" class=\"alignnone  wp-image-6717\" src=\"https:\/\/fmp-components.com\/wp-content\/uploads\/2025\/03\/hydraulic-cylinder-211.webp\" alt=\"Hydraulick\u00e9 valce\" width=\"925\" height=\"927\" title=\"\" srcset=\"https:\/\/fmp-components.com\/wp-content\/uploads\/2025\/03\/hydraulic-cylinder-211.webp 925w, https:\/\/fmp-components.com\/wp-content\/uploads\/2025\/03\/hydraulic-cylinder-211-480x481.webp 480w\" sizes=\"(min-width: 0px) and (max-width: 480px) 480px, (min-width: 481px) 925px, 100vw\" \/><\/p>\n<h3>Aplik\u00e1cie hydraulick\u00e9ho valca<\/h3>\n<p>Na\u0161e hydraulick\u00e9 valce s\u00fa obzvl\u00e1\u0161\u0165 vhodn\u00e9 na pou\u017eitie v skl\u00e1pac\u00edch n\u00e1vesoch, kde poskytuj\u00fa potrebn\u00fd v\u00fdkon a ovl\u00e1danie na efekt\u00edvnu manipul\u00e1ciu s \u0165a\u017ek\u00fdmi bremenami. V t\u00fdchto aplik\u00e1ci\u00e1ch valce u\u013eah\u010duj\u00fa skl\u00e1pac\u00ed mechanizmus, \u010do umo\u017e\u0148uje efekt\u00edvne vykladanie materi\u00e1lov, ako je \u0161trk, piesok alebo sutina. T\u00e1to schopnos\u0165 nielen zvy\u0161uje produktivitu, ale zais\u0165uje aj bezpe\u010dn\u00fa a spo\u013eahliv\u00fa prev\u00e1dzku.<\/p>\n<p>Okrem skl\u00e1pac\u00edch n\u00e1vesov nach\u00e1dzaj\u00fa hydraulick\u00e9 valce \u0161irok\u00e9 uplatnenie v r\u00f4znych \u010fal\u0161\u00edch odvetviach. V opravovniach strojov pom\u00e1haj\u00fa pri zdv\u00edhan\u00ed a polohovan\u00ed \u0165a\u017ek\u00fdch zariaden\u00ed na \u00fa\u010dely \u00fadr\u017eby. V po\u013enohospod\u00e1rstve sa hydraulick\u00e9 valce pou\u017e\u00edvaj\u00fa v traktoroch a in\u00fdch po\u013enohospod\u00e1rskych strojoch na vykon\u00e1vanie \u00faloh, ako je zdv\u00edhanie pluhov a in\u00e9ho n\u00e1radia. Z hydraulick\u00fdch valcov profituj\u00fa aj energetick\u00fd a \u0165a\u017eobn\u00fd sektor, preto\u017ee sa pou\u017e\u00edvaj\u00fa v zariadeniach na v\u0155tanie, v\u00fdkopov\u00e9 pr\u00e1ce a manipul\u00e1ciu s materi\u00e1lom. Okrem toho v stroj\u00e1rstve zohr\u00e1vaj\u00fa hydraulick\u00e9 valce k\u013e\u00fa\u010dov\u00fa \u00falohu v mont\u00e1\u017enych link\u00e1ch a v\u00fdrobn\u00fdch procesoch, preto\u017ee umo\u017e\u0148uj\u00fa presn\u00e9 pohyby a zdv\u00edhanie \u0165a\u017ek\u00fdch bremien.<\/p>\n<p><img loading=\"lazy\" decoding=\"async\" class=\"alignnone  wp-image-6665\" src=\"https:\/\/fmp-components.com\/wp-content\/uploads\/2025\/03\/telescopic-hydraulic-cylinder-9.webp\" alt=\"teleskopick\u00fd hydraulick\u00fd valec\" width=\"942\" height=\"942\" title=\"\" srcset=\"https:\/\/fmp-components.com\/wp-content\/uploads\/2025\/03\/telescopic-hydraulic-cylinder-9.webp 942w, https:\/\/fmp-components.com\/wp-content\/uploads\/2025\/03\/telescopic-hydraulic-cylinder-9-480x480.webp 480w\" sizes=\"(min-width: 0px) and (max-width: 480px) 480px, (min-width: 481px) 942px, 100vw\" \/><\/p>\n<h2>Hydraulick\u00e9 valce a pohonn\u00e9 jednotky<\/h2>\n<p>Hydraulick\u00e9 valce a pohonn\u00e9 jednotky s\u00fa neoddelite\u013enou s\u00fa\u010das\u0165ou ka\u017ed\u00e9ho hydraulick\u00e9ho syst\u00e9mu. Spolupracuj\u00fa na zabezpe\u010den\u00ed \u0161irok\u00e9ho uplatnenia hydraulickej technol\u00f3gie v priemyselnom sektore a poskytuj\u00fa spo\u013eahliv\u00fa podporu nap\u00e1jania a riadenia pre r\u00f4zne technick\u00e9 a mechanick\u00e9 zariadenia.<\/p>\n<h3>O FMP<\/h3>\n<p class=\"break-words\">FMP je popredn\u00fd taliansky v\u00fdrobca \u0161pecializuj\u00faci sa na n\u00e1vrh, v\u00fdvoj a v\u00fdrobu vysokokvalitn\u00fdch hydraulick\u00fdch valcov. S bohat\u00fdm dedi\u010dstvom zakorenen\u00fdm v desa\u0165ro\u010diach odborn\u00fdch znalost\u00ed hrdo kombinujeme talianske remeseln\u00e9 spracovanie s najmodernej\u0161ou technol\u00f3giou, aby sme dod\u00e1vali v\u00fdnimo\u010dn\u00e9 hydraulick\u00e9 rie\u0161enia prisp\u00f4soben\u00e9 rozmanit\u00fdm potreb\u00e1m na\u0161ich glob\u00e1lnych klientov. Spolo\u010dnos\u0165 FMP so s\u00eddlom v Taliansku, centre in\u017einierskej excelentnosti, je d\u00f4veryhodn\u00fdm menom v hydraulickom priemysle a je odhodlan\u00e1 poskytova\u0165 spo\u013eahliv\u00e9, odoln\u00e9 a inovat\u00edvne produkty, ktor\u00e9 posil\u0148uj\u00fa podniky na celom svete.<\/p>\n<p class=\"break-words\">Na\u0161a spolo\u010dnos\u0165 sp\u00e1ja to najlep\u0161ie z pokro\u010dil\u00fdch v\u00fdrobn\u00fdch trad\u00edci\u00ed s progres\u00edvnym pr\u00edstupom. V\u010faka dlhoro\u010dn\u00fdm sk\u00fasenostiam v oblasti hydraulick\u00fdch syst\u00e9mov sa spolo\u010dnos\u0165 FMP vyvinula v modern\u00fd podnik, ktor\u00fd vynik\u00e1 vo v\u00fdskume, dizajne a v\u00fdrobe. \u0160pecializujeme sa na \u0161irok\u00fa \u0161k\u00e1lu hydraulick\u00fdch valcov vr\u00e1tane dvoj\u010dinn\u00fdch valcov, zdv\u00edhac\u00edch valcov pre automobily, valcov pre po\u013enohospod\u00e1rske stroje a na mieru vyroben\u00fdch rie\u0161en\u00ed pre r\u00f4zne priemyseln\u00e9 aplik\u00e1cie. \u010ci u\u017e ide o stavebn\u00edctvo, priemyseln\u00e9 in\u0161tal\u00e1cie, po\u013enohospod\u00e1rstvo alebo \u0165a\u017ek\u00e9 stroje, na\u0161e hydraulick\u00e9 valce s\u00fa skon\u0161truovan\u00e9 tak, aby fungovali v naj\u0165a\u017e\u0161\u00edch podmienkach a zabezpe\u010dovali bezpe\u010dnos\u0165, \u00fa\u010dinnos\u0165 a dlh\u00fa \u017eivotnos\u0165.<\/p>\n<p><img loading=\"lazy\" decoding=\"async\" class=\"alignnone size-full wp-image-6720\" src=\"https:\/\/fmp-components.com\/wp-content\/uploads\/2025\/03\/hydraulic-cylinder-8.webp\" alt=\"Teleskopick\u00e9 hydraulick\u00e9 valce\" width=\"933\" height=\"526\" title=\"\" srcset=\"https:\/\/fmp-components.com\/wp-content\/uploads\/2025\/03\/hydraulic-cylinder-8.webp 933w, https:\/\/fmp-components.com\/wp-content\/uploads\/2025\/03\/hydraulic-cylinder-8-480x271.webp 480w\" sizes=\"(min-width: 0px) and (max-width: 480px) 480px, (min-width: 481px) 933px, 100vw\" \/><\/p>\n<p class=\"break-words\">V spolo\u010dnosti FMP sme hrd\u00ed na na\u0161e najmodernej\u0161ie v\u00fdrobn\u00e9 zariadenia, vybaven\u00e9 presn\u00fdmi strojmi a pokro\u010dil\u00fdmi testovac\u00edmi syst\u00e9mami. Na\u0161e v\u00fdrobn\u00e9 procesy sp\u013a\u0148aj\u00fa pr\u00edsne n\u00e1rodn\u00e9 a medzin\u00e1rodn\u00e9 normy, \u010do zabezpe\u010duje, \u017ee ka\u017ed\u00fd hydraulick\u00fd valec op\u00fa\u0161\u0165aj\u00faci na\u0161u tov\u00e1re\u0148 m\u00e1 vynikaj\u00facu kvalitu a spo\u013eahlivos\u0165. N\u00e1\u0161 sk\u00fasen\u00fd technick\u00fd t\u00edm v spojen\u00ed s najmodernej\u0161\u00edm vybaven\u00edm n\u00e1m umo\u017e\u0148uje udr\u017eiava\u0165 pr\u00edsnu kontrolu kvality v ka\u017edej f\u00e1ze v\u00fdroby \u2013 od v\u00fdberu surov\u00edn a\u017e po kone\u010dn\u00fa kontrolu. Toto odhodlanie k dokonalosti n\u00e1m prinieslo certifik\u00e1cie a uznanie od priemyseln\u00fdch autor\u00edt, \u010do \u010falej upev\u0148uje na\u0161u reput\u00e1ciu spo\u013eahliv\u00e9ho partnera.<\/p>\n<p class=\"break-words\">Na\u0161e poslanie je jednoduch\u00e9, no ambici\u00f3zne: poskytova\u0165 na\u0161im z\u00e1kazn\u00edkom hydraulick\u00e9 valce, ktor\u00e9 prekon\u00e1vaj\u00fa o\u010dak\u00e1vania v oblasti v\u00fdkonu, odolnosti a hodnoty. Pracujeme v s\u00falade s hlavn\u00fdmi princ\u00edpmi profesionality, integrity a zamerania sa na z\u00e1kazn\u00edka. Podporou kult\u00fary inov\u00e1ci\u00ed a presnosti neust\u00e1le zdokona\u013eujeme na\u0161e produkty, aby sme si udr\u017eali n\u00e1skok na konkuren\u010dnom trhu. N\u00e1\u0161 komplexn\u00fd sortiment produktov a schopnos\u0165 pon\u00faka\u0165 rie\u0161enia na mieru z n\u00e1s robia vo\u013ebu pre firmy, ktor\u00e9 h\u013eadaj\u00fa vysoko v\u00fdkonn\u00e9 hydraulick\u00e9 valce.<\/p>\n<p class=\"break-words\">FMP je viac ne\u017e len v\u00fdrobca \u2013 sme partnerom vo va\u0161om \u00faspechu. Ch\u00e1peme, \u017ee na\u0161i z\u00e1kazn\u00edci sa na n\u00e1s spoliehaj\u00fa, \u017ee im dod\u00e1me n\u00e1stroje, ktor\u00e9 zvy\u0161uj\u00fa ich produktivitu a bezpe\u010dnos\u0165. Preto sa zav\u00e4zujeme pon\u00faka\u0165 nielen \u0161pi\u010dkov\u00e9 produkty, ale aj v\u00fdnimo\u010dn\u00fd servis. Od \u00favodnej konzult\u00e1cie a\u017e po popredajn\u00fa podporu \u00fazko spolupracujeme s na\u0161imi klientmi, aby sme zabezpe\u010dili, \u017ee ich potreby bud\u00fa splnen\u00e9 s profesionalitou a starostlivos\u0165ou. Na\u0161e konkurencieschopn\u00e9 ceny v spojen\u00ed s na\u0161\u00edm neochvejn\u00fdm z\u00e1v\u00e4zkom ku kvalite robia z FMP inteligentn\u00fa vo\u013ebu pre spolo\u010dnosti, ktor\u00e9 chc\u00fa investova\u0165 do hydraulick\u00fdch rie\u0161en\u00ed, ktor\u00fdm m\u00f4\u017eu d\u00f4verova\u0165.<\/p>","protected":false},"excerpt":{"rendered":"<p>Kvalitn\u00fd viacstup\u0148ov\u00fd hydraulick\u00fd valec z nehrdzavej\u00facej ocele pre skl\u00e1pacie pr\u00edvesy Na\u0161e viacstup\u0148ov\u00e9 hydraulick\u00e9 valce z nehrdzavej\u00facej ocele s\u00fa navrhnut\u00e9 s d\u00f4razom na kvalitu a v\u00fdkon. Tieto hydraulick\u00e9 valce, vyroben\u00e9 z robustnej a odolnej nehrdzavej\u00facej ocele, s\u00fa ide\u00e1lne pre skl\u00e1pacie pr\u00edvesy a pon\u00fakaj\u00fa vysok\u00fa \u00fa\u010dinnos\u0165 a spo\u013eahlivos\u0165 pre r\u00f4zne odvetvia vr\u00e1tane opravovn\u00ed strojov, fariem, energetiky a [\u2026]<\/p>","protected":false},"featured_media":6704,"comment_status":"closed","ping_status":"closed","template":"","meta":{"_et_pb_use_builder":"","_et_pb_old_content":"","_et_gb_content_width":""},"product_brand":[],"product_cat":[103],"product_tag":[34,105],"class_list":{"0":"post-6594","1":"product","2":"type-product","3":"status-publish","4":"has-post-thumbnail","6":"product_cat-telescopic-hydraulic-cylinders","7":"product_tag-hydraulic-cylinder","8":"product_tag-telescopic-hydraulic-cylinders","10":"first","11":"instock","12":"product-type-simple"},"_links":{"self":[{"href":"https:\/\/fmp-components.com\/sk\/wp-json\/wp\/v2\/product\/6594","targetHints":{"allow":["GET"]}}],"collection":[{"href":"https:\/\/fmp-components.com\/sk\/wp-json\/wp\/v2\/product"}],"about":[{"href":"https:\/\/fmp-components.com\/sk\/wp-json\/wp\/v2\/types\/product"}],"replies":[{"embeddable":true,"href":"https:\/\/fmp-components.com\/sk\/wp-json\/wp\/v2\/comments?post=6594"}],"wp:featuredmedia":[{"embeddable":true,"href":"https:\/\/fmp-components.com\/sk\/wp-json\/wp\/v2\/media\/6704"}],"wp:attachment":[{"href":"https:\/\/fmp-components.com\/sk\/wp-json\/wp\/v2\/media?parent=6594"}],"wp:term":[{"taxonomy":"product_brand","embeddable":true,"href":"https:\/\/fmp-components.com\/sk\/wp-json\/wp\/v2\/product_brand?post=6594"},{"taxonomy":"product_cat","embeddable":true,"href":"https:\/\/fmp-components.com\/sk\/wp-json\/wp\/v2\/product_cat?post=6594"},{"taxonomy":"product_tag","embeddable":true,"href":"https:\/\/fmp-components.com\/sk\/wp-json\/wp\/v2\/product_tag?post=6594"}],"curies":[{"name":"pracovn\u00fd list","href":"https:\/\/api.w.org\/{rel}","templated":true}]}}