{"id":6587,"date":"2025-03-11T06:32:38","date_gmt":"2025-03-11T06:32:38","guid":{"rendered":"https:\/\/fmp-components.com\/product\/high-quality-4-stage-telescopic-double-acting-telescopic-hydraulic-cylinder"},"modified":"2025-03-17T08:56:27","modified_gmt":"2025-03-17T08:56:27","slug":"high-quality-4-stage-telescopic-double-acting-telescopic-hydraulic-cylinder","status":"publish","type":"product","link":"https:\/\/fmp-components.com\/sk\/product\/high-quality-4-stage-telescopic-double-acting-telescopic-hydraulic-cylinder\/","title":{"rendered":"Vysokokvalitn\u00fd 4-stup\u0148ov\u00fd teleskopick\u00fd dvoj\u010dinn\u00fd teleskopick\u00fd hydraulick\u00fd valec"},"content":{"rendered":"<p>&#8221;<\/p>\n<h2>Vysokokvalitn\u00fd 4-stup\u0148ov\u00fd teleskopick\u00fd dvoj\u010dinn\u00fd teleskopick\u00fd hydraulick\u00fd valec<\/h2>\n<p>Doprajte si najvy\u0161\u0161iu kvalitu n\u00e1\u0161ho 4-stup\u0148ov\u00e9ho teleskopick\u00e9ho dvoj\u010dinn\u00e9ho teleskopick\u00e9ho hydraulick\u00e9ho valca, \u0161pi\u010dkov\u00e9ho produktu, ktor\u00fd vynik\u00e1 svoj\u00edm pou\u017eit\u00edm v r\u00f4znych odvetviach, ako s\u00fa opravovne strojov, farmy, energetika a ban\u00edctvo, v\u00fdroba strojov a stroj\u00e1rne.<\/p>\n<h3>K\u013e\u00fa\u010dov\u00e9 vlastnosti a funkcie<\/h3>\n<p>Tento viacstup\u0148ov\u00fd hydraulick\u00fd valec sa m\u00f4\u017ee pochv\u00e1li\u0165 vysok\u00fdm tlakom 3000 a maxim\u00e1lnym \u0165ahom 20 ton. Je poh\u00e1\u0148an\u00fd hydraulickou kvapalinou s kon\u0161trukciou telesa vyrobenou z odolnej a trvanlivej ocele. Jeho \u0161tandardn\u00e1 kon\u0161trukcia je piestov\u00fd valec, ktor\u00fd pon\u00faka optim\u00e1lny v\u00fdkon a \u00fa\u010dinnos\u0165.<\/p>\n<h3>Technick\u00e9 \u0161pecifik\u00e1cie<\/h3>\n<table style=\"width: 98.7112%;\" border=\"\">\n<tbody>\n<tr>\n<td style=\"width: 42.6136%;\"><i>Ve\u013ekos\u0165 otvoru<\/i><\/td>\n<td style=\"width: 303.977%;\">2-6 palcov<\/td>\n<\/tr>\n<tr>\n<td style=\"width: 42.6136%;\"><i>Ve\u013ekos\u0165 ty\u010de<\/i><\/td>\n<td style=\"width: 303.977%;\">1,125-4 palca<\/td>\n<\/tr>\n<tr>\n<td style=\"width: 42.6136%;\"><i>Ve\u013ekos\u0165 \u0165ahu<\/i><\/td>\n<td style=\"width: 303.977%;\">4-100 palcov<\/td>\n<\/tr>\n<tr>\n<td style=\"width: 42.6136%;\"><i>Ve\u013ekos\u0165 \u010dapu<\/i><\/td>\n<td style=\"width: 303.977%;\">0,5-2 palce<\/td>\n<\/tr>\n<tr>\n<td style=\"width: 42.6136%;\"><i>Porty<\/i><\/td>\n<td style=\"width: 303.977%;\">G\/SAE\/NPT\/M<\/td>\n<\/tr>\n<\/tbody>\n<\/table>\n<h3>Jedine\u010dn\u00e9 v\u00fdhody<\/h3>\n<p>N\u00e1\u0161 hydraulick\u00fd valec m\u00e1 certifik\u00e1t ISO9001:2000 a pon\u00faka jednoro\u010dn\u00fa z\u00e1ruku na svoje hlavn\u00e9 komponenty vr\u00e1tane lo\u017eiska a samotn\u00e9ho hydraulick\u00e9ho valca. V\u010faka svojim energeticky \u00fasporn\u00fdm, vysoko\u00fa\u010dinn\u00fdm a bezpe\u010dnostn\u00fdm prvkom bude n\u00e1\u0161 hydraulick\u00fd valec nepochybne cenn\u00fdm doplnkom v\u00e1\u0161ho strojov\u00e9ho zariadenia.<\/p>\n<p><img loading=\"lazy\" decoding=\"async\" class=\"alignnone size-full wp-image-6757\" src=\"https:\/\/fmp-components.com\/wp-content\/uploads\/2025\/03\/Telescopic-Hydraulic-Cylinders-114.webp\" alt=\"Teleskopick\u00e9 hydraulick\u00e9 valce\" width=\"2160\" height=\"2160\" title=\"\" srcset=\"https:\/\/fmp-components.com\/wp-content\/uploads\/2025\/03\/Telescopic-Hydraulic-Cylinders-114.webp 2160w, https:\/\/fmp-components.com\/wp-content\/uploads\/2025\/03\/Telescopic-Hydraulic-Cylinders-114-1280x1280.webp 1280w, https:\/\/fmp-components.com\/wp-content\/uploads\/2025\/03\/Telescopic-Hydraulic-Cylinders-114-980x980.webp 980w, https:\/\/fmp-components.com\/wp-content\/uploads\/2025\/03\/Telescopic-Hydraulic-Cylinders-114-480x480.webp 480w\" sizes=\"(min-width: 0px) and (max-width: 480px) 480px, (min-width: 481px) and (max-width: 980px) 980px, (min-width: 981px) and (max-width: 1280px) 1280px, (min-width: 1281px) 2160px, 100vw\" \/><\/p>\n<h2>Hydraulick\u00e9 syst\u00e9my a princ\u00edpy fungovania<\/h2>\n<p>Hydraulick\u00e9 valce zohr\u00e1vaj\u00fa k\u013e\u00fa\u010dov\u00fa \u00falohu v r\u00f4znych strojoch a aplik\u00e1ci\u00e1ch t\u00fdm, \u017ee premie\u0148aj\u00fa hydraulick\u00fa energiu na mechanick\u00fd pohyb a tlak na silu. T\u00e1to bezprobl\u00e9mov\u00e1 prev\u00e1dzka je mo\u017en\u00e1 v\u010faka synergii medzi hydraulick\u00fdm valcom a... <b>p<\/b>pohonn\u00e1 jednotka, jadro, ktor\u00e9 dod\u00e1va potrebn\u00fa energiu a riadiace sign\u00e1ly pre hydraulick\u00fd syst\u00e9m.<\/p>\n<h2>Pou\u017eitie hydraulick\u00e9ho valca<\/h2>\n<p>V\u0161estrannos\u0165 n\u00e1\u0161ho hydraulick\u00e9ho valca umo\u017e\u0148uje jeho pou\u017eitie v r\u00f4znych odvetviach a stroj\u00e1rstve. Od opravovn\u00ed strojov a\u017e po farmy, od energetiky a ban\u00edctva a\u017e po v\u00fdrobu strojov a tov\u00e1rne na stroje, n\u00e1\u0161 hydraulick\u00fd valec sa ukazuje ako nenahradite\u013en\u00fd.<\/p>\n<h2>Hydraulick\u00e9 valce a pohonn\u00e9 jednotky<\/h2>\n<p>Hydraulick\u00e9 valce a pohonn\u00e9 jednotky s\u00fa neoddelite\u013enou s\u00fa\u010das\u0165ou hydraulick\u00e9ho syst\u00e9mu. Ich spolo\u010dn\u00e1 funkcia zabezpe\u010duje \u0161irok\u00e9 uplatnenie hydraulickej technol\u00f3gie v priemyselnej oblasti a poskytuje spo\u013eahliv\u00fa podporu nap\u00e1jania a riadenia pre r\u00f4zne technick\u00e9 a mechanick\u00e9 zariadenia.<\/p>\n<h2>\u010casto kladen\u00e9 ot\u00e1zky<\/h2>\n<h3>Ot\u00e1zka: Ste obchodn\u00e1 spolo\u010dnos\u0165 alebo v\u00fdrobca?<\/h3>\n<p>A: Sme v\u00fdrobca.<\/p>\n<h3>Ot\u00e1zka: Ak\u00e1 je va\u0161a dodacia lehota?<\/h3>\n<p>A: Na\u0161a dodacia lehota je zvy\u010dajne 25-35 dn\u00ed.<\/p>\n<h3>Ot\u00e1zka: Poskytujete vzorky? Je to zadarmo alebo navy\u0161e?<\/h3>\n<p>A: \u00c1no, poskytujeme vzorky, ale nie s\u00fa zadarmo.<\/p>","protected":false},"excerpt":{"rendered":"<p>&#8221; High Quality 4 Stage Telescopic Double Acting Telescopic Hydraulic Cylinder Indulge in the finest quality of our 4 Stage Telescopic Double Acting Telescopic hydraulic cylinder, a top-tier product that stands out in its application across industries such as Machinery Repair Shops, Farms, Energy &amp; Mining, Machinery manufacturing, and Machinery Factory. Key Features and Functions [&hellip;]<\/p>","protected":false},"featured_media":6769,"comment_status":"closed","ping_status":"closed","template":"","meta":{"_et_pb_use_builder":"","_et_pb_old_content":"","_et_gb_content_width":""},"product_brand":[],"product_cat":[103],"product_tag":[34,105],"class_list":{"0":"post-6587","1":"product","2":"type-product","3":"status-publish","4":"has-post-thumbnail","6":"product_cat-telescopic-hydraulic-cylinders","7":"product_tag-hydraulic-cylinder","8":"product_tag-telescopic-hydraulic-cylinders","10":"first","11":"instock","12":"product-type-simple"},"_links":{"self":[{"href":"https:\/\/fmp-components.com\/sk\/wp-json\/wp\/v2\/product\/6587","targetHints":{"allow":["GET"]}}],"collection":[{"href":"https:\/\/fmp-components.com\/sk\/wp-json\/wp\/v2\/product"}],"about":[{"href":"https:\/\/fmp-components.com\/sk\/wp-json\/wp\/v2\/types\/product"}],"replies":[{"embeddable":true,"href":"https:\/\/fmp-components.com\/sk\/wp-json\/wp\/v2\/comments?post=6587"}],"wp:featuredmedia":[{"embeddable":true,"href":"https:\/\/fmp-components.com\/sk\/wp-json\/wp\/v2\/media\/6769"}],"wp:attachment":[{"href":"https:\/\/fmp-components.com\/sk\/wp-json\/wp\/v2\/media?parent=6587"}],"wp:term":[{"taxonomy":"product_brand","embeddable":true,"href":"https:\/\/fmp-components.com\/sk\/wp-json\/wp\/v2\/product_brand?post=6587"},{"taxonomy":"product_cat","embeddable":true,"href":"https:\/\/fmp-components.com\/sk\/wp-json\/wp\/v2\/product_cat?post=6587"},{"taxonomy":"product_tag","embeddable":true,"href":"https:\/\/fmp-components.com\/sk\/wp-json\/wp\/v2\/product_tag?post=6587"}],"curies":[{"name":"pracovn\u00fd list","href":"https:\/\/api.w.org\/{rel}","templated":true}]}}