{"id":6584,"date":"2025-03-11T06:31:13","date_gmt":"2025-03-11T06:31:13","guid":{"rendered":"https:\/\/fmp-components.com\/product\/quality-manufacturing-flatbed-tow-truck-dump-truck-hydraulic-cylinder"},"modified":"2025-03-12T05:45:44","modified_gmt":"2025-03-12T05:45:44","slug":"quality-manufacturing-flatbed-tow-truck-dump-truck-hydraulic-cylinder","status":"publish","type":"product","link":"https:\/\/fmp-components.com\/sk\/product\/quality-manufacturing-flatbed-tow-truck-dump-truck-hydraulic-cylinder\/","title":{"rendered":"Kvalitn\u00fd hydraulick\u00fd valec pre plo\u0161inov\u00e9 od\u0165ahovacie vozidl\u00e1"},"content":{"rendered":"<h2>Kvalitn\u00fd hydraulick\u00fd valec pre plo\u0161inov\u00e9 od\u0165ahovacie vozidl\u00e1<\/h2>\n<p>Objavte kvalitu na\u0161ich hydraulick\u00fdch valcov FMP, ur\u010den\u00fdch na pou\u017eitie v plo\u0161inov\u00fdch od\u0165ahovac\u00edch vozidl\u00e1ch a skl\u00e1pa\u010doch, ktor\u00e9 sa \u0161iroko pou\u017e\u00edvaj\u00fa v r\u00f4znych odvetviach vr\u00e1tane opravovn\u00ed strojov, fariem, energetiky a ban\u00edctva, v\u00fdroby strojov a stroj\u00e1rskych z\u00e1vodov.<\/p>\n<h3>Vlastnosti produktu<\/h3>\n<p>Na\u0161e hydraulick\u00e9 valce pon\u00fakaj\u00fa mno\u017estvo funkci\u00ed, ktor\u00e9 ich odli\u0161uj\u00fa od konkurencie. S\u00fa navrhnut\u00e9 so \u0161tandardnou kon\u0161trukciou s hydraulicky poh\u00e1\u0148an\u00fdm piestov\u00fdm valcom. Materi\u00e1l tela je vyroben\u00fd z odolnej ocele a pon\u00faka maxim\u00e1lny posuv 3000 a maxim\u00e1lny \u0165ah 20 ton. Tento viacstup\u0148ov\u00fd hydraulick\u00fd valec tie\u017e sp\u013a\u0148a certifika\u010dn\u00e9 normy ISO9001:2000.<\/p>\n<h3>Technick\u00e9 \u0161pecifik\u00e1cie<\/h3>\n<table style=\"width: 99.5341%; height: 115px;\" border=\"\">\n<tbody>\n<tr style=\"height: 23px;\">\n<td style=\"width: 42.9379%; height: 23px;\"><i>Ve\u013ekos\u0165 otvoru<\/i><\/td>\n<td style=\"width: 471.751%; height: 23px;\">2-6 palcov<\/td>\n<\/tr>\n<tr style=\"height: 23px;\">\n<td style=\"width: 42.9379%; height: 23px;\"><i>Ve\u013ekos\u0165 ty\u010de<\/i><\/td>\n<td style=\"width: 471.751%; height: 23px;\">1,125-4 palca<\/td>\n<\/tr>\n<tr style=\"height: 23px;\">\n<td style=\"width: 42.9379%; height: 23px;\"><i>Ve\u013ekos\u0165 \u0165ahu<\/i><\/td>\n<td style=\"width: 471.751%; height: 23px;\">4-100 palcov<\/td>\n<\/tr>\n<tr style=\"height: 23px;\">\n<td style=\"width: 42.9379%; height: 23px;\"><i>Ve\u013ekos\u0165 \u010dapu<\/i><\/td>\n<td style=\"width: 471.751%; height: 23px;\">0,5-2 palce<\/td>\n<\/tr>\n<tr style=\"height: 23px;\">\n<td style=\"width: 42.9379%; height: 23px;\"><i>Porty<\/i><\/td>\n<td style=\"width: 471.751%; height: 23px;\">G\/SAE\/NPT\/M<\/td>\n<\/tr>\n<\/tbody>\n<\/table>\n<h2>Jedine\u010dn\u00e9 v\u00fdhody<\/h2>\n<ul>\n<li>\u00daspora energie<\/li>\n<li>Vysok\u00e1 \u00fa\u010dinnos\u0165<\/li>\n<li>Zaistenie bezpe\u010dnosti<\/li>\n<\/ul>\n<p><img loading=\"lazy\" decoding=\"async\" class=\"alignnone  wp-image-6658\" src=\"https:\/\/fmp-components.com\/wp-content\/uploads\/2025\/03\/telescopic-hydraulic-cylinder-6.webp\" alt=\"teleskopick\u00fd hydraulick\u00fd valec\" width=\"969\" height=\"969\" title=\"\" srcset=\"https:\/\/fmp-components.com\/wp-content\/uploads\/2025\/03\/telescopic-hydraulic-cylinder-6.webp 969w, https:\/\/fmp-components.com\/wp-content\/uploads\/2025\/03\/telescopic-hydraulic-cylinder-6-480x480.webp 480w\" sizes=\"(min-width: 0px) and (max-width: 480px) 480px, (min-width: 481px) 969px, 100vw\" \/><\/p>\n<h2>Hydraulick\u00fd syst\u00e9m a princ\u00edp \u010dinnosti<\/h2>\n<p>Na\u0161e hydraulick\u00e9 valce sl\u00fa\u017eia ako neoddelite\u013en\u00e1 s\u00fa\u010das\u0165 hydraulick\u00fdch syst\u00e9mov a zohr\u00e1vaj\u00fa k\u013e\u00fa\u010dov\u00fa \u00falohu pri premene hydraulickej energie na mechanick\u00fd pohyb. Tento proces zah\u0155\u0148a premenu tlaku kvapaliny na silu, \u010do umo\u017e\u0148uje r\u00f4znym typom strojov vykon\u00e1va\u0165 z\u00e1kladn\u00e9 \u00falohy. Princ\u00edp fungovania sa to\u010d\u00ed okolo pohybu hydraulickej kvapaliny, ktor\u00e1 je smerovan\u00e1 do valca. Ke\u010f kvapalina nap\u013a\u0148a valec, vyv\u00edja tlak na piest, \u010d\u00edm ho uvedie do pohybu. Tento line\u00e1rny pohyb sa potom d\u00e1 vyu\u017ei\u0165 na zdv\u00edhanie, tla\u010denie, \u0165ahanie alebo manipul\u00e1ciu s \u0165a\u017ek\u00fdmi bremenami s pozoruhodnou presnos\u0165ou a kontrolou.<\/p>\n<p>\u00da\u010dinnos\u0165 hydraulick\u00fdch syst\u00e9mov je do zna\u010dnej miery sp\u00f4soben\u00e1 vlastnos\u0165ami hydraulickej kvapaliny, ktor\u00e1 je nestla\u010dite\u013en\u00e1 a dok\u00e1\u017ee pren\u00e1\u0161a\u0165 v\u00fdkon na dlh\u00e9 vzdialenosti bez v\u00fdrazn\u00fdch str\u00e1t. V\u010faka tomu s\u00fa hydraulick\u00e9 valce obzvl\u00e1\u0161\u0165 \u00fa\u010dinn\u00e9 v aplik\u00e1ci\u00e1ch, ktor\u00e9 vy\u017eaduj\u00fa vysok\u00fa silu a spo\u013eahlivos\u0165, a zabezpe\u010duj\u00fa optim\u00e1lny v\u00fdkon v r\u00f4znych priemyseln\u00fdch prostrediach.<\/p>\n<h2>Pou\u017eitie hydraulick\u00fdch valcov<\/h2>\n<p>Tieto hydraulick\u00e9 valce s\u00fa mimoriadne v\u0161estrann\u00e9 a ide\u00e1lne na pou\u017eitie v \u0161irokej \u0161k\u00e1le odvetv\u00ed. V opravovniach strojov u\u013eah\u010duj\u00fa zdv\u00edhanie a umiest\u0148ovanie \u0165a\u017ek\u00fdch zariaden\u00ed, \u010d\u00edm sa u\u013eah\u010duj\u00fa a zefekt\u00edv\u0148uj\u00fa \u00falohy \u00fadr\u017eby. Ich robustn\u00e1 kon\u0161trukcia im umo\u017e\u0148uje zvl\u00e1da\u0165 nam\u00e1hanie spojen\u00e9 s \u0165a\u017ek\u00fdm zdv\u00edhan\u00edm, \u010d\u00edm zais\u0165uje bezpe\u010dnos\u0165 a spo\u013eahlivos\u0165 pri oprav\u00e1ch.<\/p>\n<p>V po\u013enohospod\u00e1rstve s\u00fa hydraulick\u00e9 valce neocenite\u013en\u00e9 na ovl\u00e1danie traktorov a in\u00fdch po\u013enohospod\u00e1rskych strojov. Umo\u017e\u0148uj\u00fa po\u013enohospod\u00e1rom vykon\u00e1va\u0165 \u00falohy, ako je zdv\u00edhanie a nakl\u00e1\u0148anie zariaden\u00ed, preprava materi\u00e1lov a dokonca aj ovl\u00e1danie pr\u00edslu\u0161enstva, ako s\u00fa pluhy a br\u00e1ny. T\u00e1to schopnos\u0165 zvy\u0161uje produktivitu a efektivitu na farme, v\u010faka \u010domu s\u00fa hydraulick\u00e9 valce nevyhnutn\u00fdm n\u00e1strojom modern\u00e9ho po\u013enohospod\u00e1rstva.<\/p>\n<p>V energetickom a banskom priemysle sa tieto valce pou\u017e\u00edvaj\u00fa v r\u00f4znych aplik\u00e1ci\u00e1ch vr\u00e1tane v\u0155tania, v\u00fdkopov\u00fdch pr\u00e1c a manipul\u00e1cie s materi\u00e1lom. V\u010faka svojej schopnosti generova\u0165 zna\u010dn\u00fa silu s\u00fa vhodn\u00e9 pre n\u00e1ro\u010dn\u00e9 \u00falohy, s ktor\u00fdmi sa v t\u00fdchto odvetviach \u010dasto stret\u00e1vame, kde s\u00fa spo\u013eahlivos\u0165 a v\u00fdkon kritick\u00e9.<\/p>\n<p>Hydraulick\u00e9 valce navy\u0161e zohr\u00e1vaj\u00fa d\u00f4le\u017eit\u00fa \u00falohu v stroj\u00e1rstve a tov\u00e1r\u0148ach. Pou\u017e\u00edvaj\u00fa sa v mont\u00e1\u017enych link\u00e1ch, lisoch a automatizovan\u00fdch syst\u00e9moch, kde prispievaj\u00fa k zefekt\u00edvneniu prev\u00e1dzky a zlep\u0161eniu efekt\u00edvnosti v\u00fdroby. Prisp\u00f4sobivos\u0165 a pevnos\u0165 hydraulick\u00fdch valcov z nich rob\u00ed k\u013e\u00fa\u010dov\u00fa s\u00fa\u010das\u0165 pri zabezpe\u010dovan\u00ed efekt\u00edvnej prev\u00e1dzky strojov v r\u00f4znych priemyseln\u00fdch aplik\u00e1ci\u00e1ch.<\/p>\n<h3>Ot\u00e1zka: Ste obchodn\u00e1 spolo\u010dnos\u0165 alebo v\u00fdrobca?<\/h3>\n<p>A: Sme tov\u00e1re\u0148.<\/p>\n<h3>Ot\u00e1zka: Ak\u00e1 je va\u0161a dodacia lehota?<\/h3>\n<p>A: Vo v\u0161eobecnosti je to 25-35 dn\u00ed.<\/p>\n<h3>Ot\u00e1zka: Poskytujete vzorky? Je to zadarmo alebo navy\u0161e?<\/h3>\n<p>A: \u00c1no, mohli by sme pon\u00faknu\u0165 vzorku, ale nie je zadarmo.<\/p>\n<h3>O FMP<\/h3>\n<p class=\"break-words\">FMP je popredn\u00fd taliansky v\u00fdrobca \u0161pecializuj\u00faci sa na n\u00e1vrh, v\u00fdvoj a v\u00fdrobu vysokokvalitn\u00fdch hydraulick\u00fdch valcov. S bohat\u00fdm dedi\u010dstvom zakorenen\u00fdm v desa\u0165ro\u010diach odborn\u00fdch znalost\u00ed hrdo kombinujeme talianske remeseln\u00e9 spracovanie s najmodernej\u0161ou technol\u00f3giou, aby sme dod\u00e1vali v\u00fdnimo\u010dn\u00e9 hydraulick\u00e9 rie\u0161enia prisp\u00f4soben\u00e9 rozmanit\u00fdm potreb\u00e1m na\u0161ich glob\u00e1lnych klientov. Spolo\u010dnos\u0165 FMP so s\u00eddlom v Taliansku, centre in\u017einierskej excelentnosti, je d\u00f4veryhodn\u00fdm menom v hydraulickom priemysle a je odhodlan\u00e1 poskytova\u0165 spo\u013eahliv\u00e9, odoln\u00e9 a inovat\u00edvne produkty, ktor\u00e9 posil\u0148uj\u00fa podniky na celom svete.<\/p>\n<p class=\"break-words\">Na\u0161a spolo\u010dnos\u0165 sp\u00e1ja to najlep\u0161ie z pokro\u010dil\u00fdch v\u00fdrobn\u00fdch trad\u00edci\u00ed s progres\u00edvnym pr\u00edstupom. V\u010faka dlhoro\u010dn\u00fdm sk\u00fasenostiam v oblasti hydraulick\u00fdch syst\u00e9mov sa spolo\u010dnos\u0165 FMP vyvinula v modern\u00fd podnik, ktor\u00fd vynik\u00e1 vo v\u00fdskume, dizajne a v\u00fdrobe. \u0160pecializujeme sa na \u0161irok\u00fa \u0161k\u00e1lu hydraulick\u00fdch valcov vr\u00e1tane dvoj\u010dinn\u00fdch valcov, zdv\u00edhac\u00edch valcov pre automobily, valcov pre po\u013enohospod\u00e1rske stroje a na mieru vyroben\u00fdch rie\u0161en\u00ed pre r\u00f4zne priemyseln\u00e9 aplik\u00e1cie. \u010ci u\u017e ide o stavebn\u00edctvo, priemyseln\u00e9 in\u0161tal\u00e1cie, po\u013enohospod\u00e1rstvo alebo \u0165a\u017ek\u00e9 stroje, na\u0161e hydraulick\u00e9 valce s\u00fa skon\u0161truovan\u00e9 tak, aby fungovali v naj\u0165a\u017e\u0161\u00edch podmienkach a zabezpe\u010dovali bezpe\u010dnos\u0165, \u00fa\u010dinnos\u0165 a dlh\u00fa \u017eivotnos\u0165.<\/p>\n<p><img loading=\"lazy\" decoding=\"async\" class=\"alignnone size-full wp-image-6720\" src=\"https:\/\/fmp-components.com\/wp-content\/uploads\/2025\/03\/hydraulic-cylinder-8.webp\" alt=\"Teleskopick\u00e9 hydraulick\u00e9 valce\" width=\"933\" height=\"526\" title=\"\" srcset=\"https:\/\/fmp-components.com\/wp-content\/uploads\/2025\/03\/hydraulic-cylinder-8.webp 933w, https:\/\/fmp-components.com\/wp-content\/uploads\/2025\/03\/hydraulic-cylinder-8-480x271.webp 480w\" sizes=\"(min-width: 0px) and (max-width: 480px) 480px, (min-width: 481px) 933px, 100vw\" \/><\/p>\n<p class=\"break-words\">V spolo\u010dnosti FMP sme hrd\u00ed na na\u0161e najmodernej\u0161ie v\u00fdrobn\u00e9 zariadenia, vybaven\u00e9 presn\u00fdmi strojmi a pokro\u010dil\u00fdmi testovac\u00edmi syst\u00e9mami. Na\u0161e v\u00fdrobn\u00e9 procesy sp\u013a\u0148aj\u00fa pr\u00edsne n\u00e1rodn\u00e9 a medzin\u00e1rodn\u00e9 normy, \u010do zabezpe\u010duje, \u017ee ka\u017ed\u00fd hydraulick\u00fd valec op\u00fa\u0161\u0165aj\u00faci na\u0161u tov\u00e1re\u0148 m\u00e1 vynikaj\u00facu kvalitu a spo\u013eahlivos\u0165. N\u00e1\u0161 sk\u00fasen\u00fd technick\u00fd t\u00edm v spojen\u00ed s najmodernej\u0161\u00edm vybaven\u00edm n\u00e1m umo\u017e\u0148uje udr\u017eiava\u0165 pr\u00edsnu kontrolu kvality v ka\u017edej f\u00e1ze v\u00fdroby \u2013 od v\u00fdberu surov\u00edn a\u017e po kone\u010dn\u00fa kontrolu. Toto odhodlanie k dokonalosti n\u00e1m prinieslo certifik\u00e1cie a uznanie od priemyseln\u00fdch autor\u00edt, \u010do \u010falej upev\u0148uje na\u0161u reput\u00e1ciu spo\u013eahliv\u00e9ho partnera.<\/p>\n<p class=\"break-words\">Na\u0161e poslanie je jednoduch\u00e9, no ambici\u00f3zne: poskytova\u0165 na\u0161im z\u00e1kazn\u00edkom hydraulick\u00e9 valce, ktor\u00e9 prekon\u00e1vaj\u00fa o\u010dak\u00e1vania v oblasti v\u00fdkonu, odolnosti a hodnoty. Pracujeme v s\u00falade s hlavn\u00fdmi princ\u00edpmi profesionality, integrity a zamerania sa na z\u00e1kazn\u00edka. Podporou kult\u00fary inov\u00e1ci\u00ed a presnosti neust\u00e1le zdokona\u013eujeme na\u0161e produkty, aby sme si udr\u017eali n\u00e1skok na konkuren\u010dnom trhu. N\u00e1\u0161 komplexn\u00fd sortiment produktov a schopnos\u0165 pon\u00faka\u0165 rie\u0161enia na mieru z n\u00e1s robia vo\u013ebu pre firmy, ktor\u00e9 h\u013eadaj\u00fa vysoko v\u00fdkonn\u00e9 hydraulick\u00e9 valce.<\/p>\n<p class=\"break-words\">FMP je viac ne\u017e len v\u00fdrobca \u2013 sme partnerom vo va\u0161om \u00faspechu. Ch\u00e1peme, \u017ee na\u0161i z\u00e1kazn\u00edci sa na n\u00e1s spoliehaj\u00fa, \u017ee im dod\u00e1me n\u00e1stroje, ktor\u00e9 zvy\u0161uj\u00fa ich produktivitu a bezpe\u010dnos\u0165. Preto sa zav\u00e4zujeme pon\u00faka\u0165 nielen \u0161pi\u010dkov\u00e9 produkty, ale aj v\u00fdnimo\u010dn\u00fd servis. Od \u00favodnej konzult\u00e1cie a\u017e po popredajn\u00fa podporu \u00fazko spolupracujeme s na\u0161imi klientmi, aby sme zabezpe\u010dili, \u017ee ich potreby bud\u00fa splnen\u00e9 s profesionalitou a starostlivos\u0165ou. Na\u0161e konkurencieschopn\u00e9 ceny v spojen\u00ed s na\u0161\u00edm neochvejn\u00fdm z\u00e1v\u00e4zkom ku kvalite robia z FMP inteligentn\u00fa vo\u013ebu pre spolo\u010dnosti, ktor\u00e9 chc\u00fa investova\u0165 do hydraulick\u00fdch rie\u0161en\u00ed, ktor\u00fdm m\u00f4\u017eu d\u00f4verova\u0165.<\/p>","protected":false},"excerpt":{"rendered":"<p>Quality Manufacturing Flatbed Tow Truck Dump Truck Hydraulic Cylinder Discover the quality of our FMP hydraulic cylinders, designed for use in flatbed tow trucks and dump trucks, and widely applied in a range of industries, including machinery repair shops, farms, energy &amp; mining, machinery manufacturing, and machinery factories. Product Features Our hydraulic cylinders offer a [&hellip;]<\/p>","protected":false},"featured_media":6727,"comment_status":"closed","ping_status":"closed","template":"","meta":{"_et_pb_use_builder":"","_et_pb_old_content":"","_et_gb_content_width":""},"product_brand":[],"product_cat":[103],"product_tag":[34,105],"class_list":{"0":"post-6584","1":"product","2":"type-product","3":"status-publish","4":"has-post-thumbnail","6":"product_cat-telescopic-hydraulic-cylinders","7":"product_tag-hydraulic-cylinder","8":"product_tag-telescopic-hydraulic-cylinders","10":"first","11":"instock","12":"product-type-simple"},"_links":{"self":[{"href":"https:\/\/fmp-components.com\/sk\/wp-json\/wp\/v2\/product\/6584","targetHints":{"allow":["GET"]}}],"collection":[{"href":"https:\/\/fmp-components.com\/sk\/wp-json\/wp\/v2\/product"}],"about":[{"href":"https:\/\/fmp-components.com\/sk\/wp-json\/wp\/v2\/types\/product"}],"replies":[{"embeddable":true,"href":"https:\/\/fmp-components.com\/sk\/wp-json\/wp\/v2\/comments?post=6584"}],"wp:featuredmedia":[{"embeddable":true,"href":"https:\/\/fmp-components.com\/sk\/wp-json\/wp\/v2\/media\/6727"}],"wp:attachment":[{"href":"https:\/\/fmp-components.com\/sk\/wp-json\/wp\/v2\/media?parent=6584"}],"wp:term":[{"taxonomy":"product_brand","embeddable":true,"href":"https:\/\/fmp-components.com\/sk\/wp-json\/wp\/v2\/product_brand?post=6584"},{"taxonomy":"product_cat","embeddable":true,"href":"https:\/\/fmp-components.com\/sk\/wp-json\/wp\/v2\/product_cat?post=6584"},{"taxonomy":"product_tag","embeddable":true,"href":"https:\/\/fmp-components.com\/sk\/wp-json\/wp\/v2\/product_tag?post=6584"}],"curies":[{"name":"pracovn\u00fd list","href":"https:\/\/api.w.org\/{rel}","templated":true}]}}