{"id":6582,"date":"2025-03-11T06:31:13","date_gmt":"2025-03-11T06:31:13","guid":{"rendered":"https:\/\/fmp-components.com\/product\/professional-craftsmanship-4-stage-dump-truck-stainless-steel-hydraulic-cylinder"},"modified":"2025-03-12T05:36:17","modified_gmt":"2025-03-12T05:36:17","slug":"professional-craftsmanship-4-stage-dump-truck-stainless-steel-hydraulic-cylinder","status":"publish","type":"product","link":"https:\/\/fmp-components.com\/sk\/product\/professional-craftsmanship-4-stage-dump-truck-stainless-steel-hydraulic-cylinder\/","title":{"rendered":"Profesion\u00e1lne remeseln\u00e9 spracovanie 4-stup\u0148ov\u00e9ho hydraulick\u00e9ho valca z nehrdzavej\u00facej ocele pre skl\u00e1pa\u010de"},"content":{"rendered":"<h2>Profesion\u00e1lne remeseln\u00e9 spracovanie 4-stup\u0148ov\u00e9ho hydraulick\u00e9ho valca z nehrdzavej\u00facej ocele pre skl\u00e1pa\u010de<\/h2>\n<p>Toto je \u00faplne nov\u00fd profesion\u00e1lny 4-stup\u0148ov\u00fd hydraulick\u00fd valec z nehrdzavej\u00facej ocele pre skl\u00e1pa\u010de, vyroben\u00fd pre r\u00f4zne odvetvia, ako s\u00fa opravovne strojov, farmy, energetika a ban\u00edctvo, v\u00fdroba strojov a stroj\u00e1rne. Tento viacstup\u0148ov\u00fd hydraulick\u00fd valec sa dod\u00e1va s ro\u010dnou z\u00e1rukou na svoje hlavn\u00e9 komponenty, medzi ktor\u00e9 patr\u00ed lo\u017eisko a samotn\u00fd hydraulick\u00fd valec.<\/p>\n<h3>K\u013e\u00fa\u010dov\u00e9 vlastnosti a \u0161pecifik\u00e1cie<\/h3>\n<p>Hydraulick\u00fd valec sa m\u00f4\u017ee pochv\u00e1li\u0165 \u0161tandardnou kon\u0161trukciou, presnej\u0161ie piestov\u00fdm valcom. Jeho pohon je hydraulick\u00fd a materi\u00e1l tela je vyroben\u00fd z ocele. Valec je schopn\u00fd maxim\u00e1lneho posunu 3000 a maxim\u00e1lneho \u0165ahu 20 ton. Je certifikovan\u00fd pod\u013ea normy ISO9001:2000, \u010do v\u00e1m zaru\u010duje jeho kvalitu a spo\u013eahlivos\u0165.<\/p>\n<h3>Technick\u00e9 detaily<\/h3>\n<table style=\"width: 99.3161%;\" border=\"\">\n<tbody>\n<tr>\n<td style=\"width: 42.9379%;\"><i>Ve\u013ekos\u0165 otvoru<\/i><\/td>\n<td style=\"width: 470.621%;\">2-6 palcov<\/td>\n<\/tr>\n<tr>\n<td style=\"width: 42.9379%;\"><i>Ve\u013ekos\u0165 ty\u010de<\/i><\/td>\n<td style=\"width: 470.621%;\">1,125-4 palca<\/td>\n<\/tr>\n<tr>\n<td style=\"width: 42.9379%;\"><i>Ve\u013ekos\u0165 \u0165ahu<\/i><\/td>\n<td style=\"width: 470.621%;\">4-100 palcov<\/td>\n<\/tr>\n<tr>\n<td style=\"width: 42.9379%;\"><i>Ve\u013ekos\u0165 \u010dapu<\/i><\/td>\n<td style=\"width: 470.621%;\">0,5-2 palce<\/td>\n<\/tr>\n<tr>\n<td style=\"width: 42.9379%;\"><i>Porty<\/i><\/td>\n<td style=\"width: 470.621%;\">G\/SAE\/NPT\/M<\/td>\n<\/tr>\n<\/tbody>\n<\/table>\n<h2>Jedine\u010dn\u00e9 vlastnosti a v\u00fdhody<\/h2>\n<ul>\n<li>\u00daspora energie<\/li>\n<li>Vysoko \u00fa\u010dinn\u00fd<\/li>\n<li>Bezpe\u010dn\u00e9 pou\u017eitie<\/li>\n<\/ul>\n<h2>Hlbok\u00fd ponor do hydraulick\u00fdch syst\u00e9mov a princ\u00edpu fungovania<\/h2>\n<p>Hydraulick\u00fd valec sl\u00fa\u017ei ako hnacia sila pre prev\u00e1dzku skl\u00e1pa\u010dov a r\u00f4znych in\u00fdch strojov a funguje na princ\u00edpe vyu\u017eitia tlakovej kvapaliny na generovanie line\u00e1rnej sily a pohybu. V r\u00e1mci hydraulick\u00e9ho syst\u00e9mu p\u00f4sob\u00ed valec ako kritick\u00e1 s\u00fa\u010das\u0165, ktor\u00e1 premie\u0148a energiu obsiahnut\u00fa v hydraulickej kvapaline na mechanick\u00fa pr\u00e1cu. Ke\u010f sa hydraulick\u00e1 kvapalina \u010derp\u00e1 do valca, vytv\u00e1ra tlak, ktor\u00fd n\u00fati piest pohybova\u0165 sa, \u010do vedie k po\u017eadovan\u00e9mu line\u00e1rnemu pohybu. Tento princ\u00edp nielen\u017ee podporuje prev\u00e1dzku skl\u00e1pa\u010dov, ale tie\u017e zlep\u0161uje funk\u010dnos\u0165 \u0161irokej \u0161k\u00e1ly zariaden\u00ed, v\u010faka \u010domu s\u00fa hydraulick\u00e9 valce nevyhnutn\u00e9 v mnoh\u00fdch priemyseln\u00fdch aplik\u00e1ci\u00e1ch.<\/p>\n<p><img loading=\"lazy\" decoding=\"async\" class=\"alignnone  wp-image-6659\" src=\"https:\/\/fmp-components.com\/wp-content\/uploads\/2025\/03\/telescopic-hydraulic-cylinder-12.webp\" alt=\"teleskopick\u00fd hydraulick\u00fd valec\" width=\"912\" height=\"912\" title=\"\" srcset=\"https:\/\/fmp-components.com\/wp-content\/uploads\/2025\/03\/telescopic-hydraulic-cylinder-12.webp 912w, https:\/\/fmp-components.com\/wp-content\/uploads\/2025\/03\/telescopic-hydraulic-cylinder-12-480x480.webp 480w\" sizes=\"(min-width: 0px) and (max-width: 480px) 480px, (min-width: 481px) 912px, 100vw\" \/><\/p>\n<h2>Pou\u017eitie hydraulick\u00e9ho valca<\/h2>\n<p>V\u0161estrannos\u0165 hydraulick\u00e9ho valca je zrejm\u00e1 z jeho rozsiahleho pou\u017eitia v mnoh\u00fdch odvetviach. V opravovniach strojov tieto valce u\u013eah\u010duj\u00fa zdv\u00edhanie a polohovanie \u0165a\u017ek\u00fdch zariaden\u00ed, \u010do umo\u017e\u0148uje efekt\u00edvnu \u00fadr\u017ebu a opravy. Na farm\u00e1ch sa hydraulick\u00e9 valce pou\u017e\u00edvaj\u00fa v traktoroch a in\u00fdch po\u013enohospod\u00e1rskych strojoch na zdv\u00edhanie, nakl\u00e1\u0148anie a prepravu materi\u00e1lov, \u010d\u00edm sa v\u00fdrazne zvy\u0161uje produktivita v po\u013enohospod\u00e1rskych prev\u00e1dzkach.<\/p>\n<p>V energetickom a banskom sektore zohr\u00e1vaj\u00fa hydraulick\u00e9 valce k\u013e\u00fa\u010dov\u00fa \u00falohu pri \u00faloh\u00e1ch, ako je v\u0155tanie, v\u00fdkopov\u00e9 pr\u00e1ce a manipul\u00e1cia s materi\u00e1lom, kde je v\u00fdkonn\u00fd a spo\u013eahliv\u00fd v\u00fdkon k\u013e\u00fa\u010dov\u00fd. Okrem toho s\u00fa v stroj\u00e1rstve a tov\u00e1r\u0148ach neoddelite\u013enou s\u00fa\u010das\u0165ou mont\u00e1\u017enych liniek a r\u00f4znych automatizovan\u00fdch procesov, \u010d\u00edm zefekt\u00edv\u0148uj\u00fa v\u00fdrobu a zvy\u0161uj\u00fa prev\u00e1dzkov\u00fa efektivitu. Zatia\u013e \u010do skl\u00e1pa\u010de s\u00fa prominentnou aplik\u00e1ciou, pou\u017eitie hydraulick\u00fdch valcov sa roz\u0161iruje aj na in\u00e9 \u0165a\u017ek\u00e9 stroje, ktor\u00e9 vy\u017eaduj\u00fa spo\u013eahliv\u00fa line\u00e1rnu silu a pohyb, v\u010faka \u010domu s\u00fa v mnoh\u00fdch priemyseln\u00fdch prostrediach nevyhnutn\u00e9.<\/p>\n<h2>Hydraulick\u00e9 valce a pohonn\u00e9 jednotky<\/h2>\n<p>Hydraulick\u00e9 valce a pohonn\u00e9 jednotky s\u00fa z\u00e1kladn\u00fdmi s\u00fa\u010das\u0165ami ka\u017ed\u00e9ho hydraulick\u00e9ho syst\u00e9mu a pracuj\u00fa spolo\u010dne, aby zabezpe\u010dili optim\u00e1lny v\u00fdkon a spo\u013eahlivos\u0165. Hydraulick\u00fd valec funguje ako ovl\u00e1da\u010d, ktor\u00fd premie\u0148a hydraulick\u00fa energiu na mechanick\u00fd pohyb transform\u00e1ciou tlaku na silu. T\u00e1to schopnos\u0165 z neho rob\u00ed vykon\u00e1vate\u013ea pr\u00e1ce, ktor\u00fd umo\u017e\u0148uje pohyb \u0165a\u017ek\u00fdch bremien a dokon\u010denie kritick\u00fdch \u00faloh.<\/p>\n<p>Pohonn\u00e1 jednotka na druhej strane sl\u00fa\u017ei ako srdce hydraulick\u00e9ho syst\u00e9mu a poskytuje potrebn\u00fa energiu a riadiace sign\u00e1ly. Zvy\u010dajne obsahuje motor, \u010derpadlo, z\u00e1sobn\u00edk a regula\u010dn\u00e9 ventily, ktor\u00e9 v\u0161etky spolupracuj\u00fa na udr\u017eiavan\u00ed konzistentn\u00e9ho tlaku a prietoku. Koordin\u00e1cia medzi hydraulick\u00fdm valcom a pohonnou jednotkou je nevyhnutn\u00e1 pre plynul\u00fd chod hydraulick\u00e9ho syst\u00e9mu, \u010d\u00edm sa zabezpe\u010d\u00ed harmonick\u00e9 fungovanie v\u0161etk\u00fdch komponentov a spo\u013eahliv\u00e9 dod\u00e1vanie v\u00fdkonu a ovl\u00e1dania.<\/p>\n<p>V spolo\u010dnosti FMP sa zav\u00e4zujeme poskytova\u0165 komplexn\u00e9 hydraulick\u00e9 rie\u0161enia, ktor\u00e9 zah\u0155\u0148aj\u00fa aj predaj pohonn\u00fdch jednotiek. To zabezpe\u010duje, \u017ee na\u0161i z\u00e1kazn\u00edci maj\u00fa pr\u00edstup k hydraulick\u00fdm valcom aj pohonn\u00fdm jednotk\u00e1m, \u010do umo\u017e\u0148uje bezprobl\u00e9mov\u00fa integr\u00e1ciu komponentov do ich hydraulick\u00fdch syst\u00e9mov. Poskytovan\u00edm t\u00fdchto z\u00e1kladn\u00fdch prvkov podporujeme efekt\u00edvnu a \u00fa\u010dinn\u00fa prev\u00e1dzku r\u00f4znych technick\u00fdch a mechanick\u00fdch zariaden\u00ed v r\u00f4znych priemyseln\u00fdch aplik\u00e1ci\u00e1ch.<\/p>\n<p><img loading=\"lazy\" decoding=\"async\" class=\"alignnone size-full wp-image-6660\" src=\"https:\/\/fmp-components.com\/wp-content\/uploads\/2025\/03\/hydraulic-cylinder-workshop-4.webp\" alt=\"teleskopick\u00fd hydraulick\u00fd valec\" width=\"914\" height=\"733\" title=\"\" srcset=\"https:\/\/fmp-components.com\/wp-content\/uploads\/2025\/03\/hydraulic-cylinder-workshop-4.webp 914w, https:\/\/fmp-components.com\/wp-content\/uploads\/2025\/03\/hydraulic-cylinder-workshop-4-480x385.webp 480w\" sizes=\"(min-width: 0px) and (max-width: 480px) 480px, (min-width: 481px) 914px, 100vw\" \/><\/p>\n<h2>\u010casto kladen\u00e9 ot\u00e1zky<\/h2>\n<p><span>Ot\u00e1zka: Ste obchodn\u00e1 spolo\u010dnos\u0165 alebo v\u00fdrobca?<\/span><br \/>\n<span>A: Sme tov\u00e1re\u0148.<\/span><br \/>\n<span>Ot\u00e1zka: Ak\u00e1 je va\u0161a dodacia lehota?<\/span><br \/>\n<span>A: Vo v\u0161eobecnosti je to 25-35 dn\u00ed.<\/span><br \/>\n<span>Ot\u00e1zka: Poskytujete vzorky? Je to zadarmo alebo navy\u0161e?<\/span><br \/>\n<span>A: \u00c1no, mohli by sme pon\u00faknu\u0165 vzorku, ale nie je zadarmo.<\/span><\/p>\n<h3>O FMP<\/h3>\n<p class=\"break-words\">FMP je popredn\u00fd taliansky v\u00fdrobca \u0161pecializuj\u00faci sa na n\u00e1vrh, v\u00fdvoj a v\u00fdrobu vysokokvalitn\u00fdch hydraulick\u00fdch valcov. S bohat\u00fdm dedi\u010dstvom zakorenen\u00fdm v desa\u0165ro\u010diach odborn\u00fdch znalost\u00ed hrdo kombinujeme talianske remeseln\u00e9 spracovanie s najmodernej\u0161ou technol\u00f3giou, aby sme dod\u00e1vali v\u00fdnimo\u010dn\u00e9 hydraulick\u00e9 rie\u0161enia prisp\u00f4soben\u00e9 rozmanit\u00fdm potreb\u00e1m na\u0161ich glob\u00e1lnych klientov. Spolo\u010dnos\u0165 FMP so s\u00eddlom v Taliansku, centre in\u017einierskej excelentnosti, je d\u00f4veryhodn\u00fdm menom v hydraulickom priemysle a je odhodlan\u00e1 poskytova\u0165 spo\u013eahliv\u00e9, odoln\u00e9 a inovat\u00edvne produkty, ktor\u00e9 posil\u0148uj\u00fa podniky na celom svete.<\/p>\n<p class=\"break-words\">Na\u0161a spolo\u010dnos\u0165 sp\u00e1ja to najlep\u0161ie z pokro\u010dil\u00fdch v\u00fdrobn\u00fdch trad\u00edci\u00ed s progres\u00edvnym pr\u00edstupom. V\u010faka dlhoro\u010dn\u00fdm sk\u00fasenostiam v oblasti hydraulick\u00fdch syst\u00e9mov sa spolo\u010dnos\u0165 FMP vyvinula v modern\u00fd podnik, ktor\u00fd vynik\u00e1 vo v\u00fdskume, dizajne a v\u00fdrobe. \u0160pecializujeme sa na \u0161irok\u00fa \u0161k\u00e1lu hydraulick\u00fdch valcov vr\u00e1tane dvoj\u010dinn\u00fdch valcov, zdv\u00edhac\u00edch valcov pre automobily, valcov pre po\u013enohospod\u00e1rske stroje a na mieru vyroben\u00fdch rie\u0161en\u00ed pre r\u00f4zne priemyseln\u00e9 aplik\u00e1cie. \u010ci u\u017e ide o stavebn\u00edctvo, priemyseln\u00e9 in\u0161tal\u00e1cie, po\u013enohospod\u00e1rstvo alebo \u0165a\u017ek\u00e9 stroje, na\u0161e hydraulick\u00e9 valce s\u00fa skon\u0161truovan\u00e9 tak, aby fungovali v naj\u0165a\u017e\u0161\u00edch podmienkach a zabezpe\u010dovali bezpe\u010dnos\u0165, \u00fa\u010dinnos\u0165 a dlh\u00fa \u017eivotnos\u0165.<\/p>\n<p><img loading=\"lazy\" decoding=\"async\" class=\"alignnone size-full wp-image-6720\" src=\"https:\/\/fmp-components.com\/wp-content\/uploads\/2025\/03\/hydraulic-cylinder-8.webp\" alt=\"Teleskopick\u00e9 hydraulick\u00e9 valce\" width=\"933\" height=\"526\" title=\"\" srcset=\"https:\/\/fmp-components.com\/wp-content\/uploads\/2025\/03\/hydraulic-cylinder-8.webp 933w, https:\/\/fmp-components.com\/wp-content\/uploads\/2025\/03\/hydraulic-cylinder-8-480x271.webp 480w\" sizes=\"(min-width: 0px) and (max-width: 480px) 480px, (min-width: 481px) 933px, 100vw\" \/><\/p>\n<p class=\"break-words\">V spolo\u010dnosti FMP sme hrd\u00ed na na\u0161e najmodernej\u0161ie v\u00fdrobn\u00e9 zariadenia, vybaven\u00e9 presn\u00fdmi strojmi a pokro\u010dil\u00fdmi testovac\u00edmi syst\u00e9mami. Na\u0161e v\u00fdrobn\u00e9 procesy sp\u013a\u0148aj\u00fa pr\u00edsne n\u00e1rodn\u00e9 a medzin\u00e1rodn\u00e9 normy, \u010do zabezpe\u010duje, \u017ee ka\u017ed\u00fd hydraulick\u00fd valec op\u00fa\u0161\u0165aj\u00faci na\u0161u tov\u00e1re\u0148 m\u00e1 vynikaj\u00facu kvalitu a spo\u013eahlivos\u0165. N\u00e1\u0161 sk\u00fasen\u00fd technick\u00fd t\u00edm v spojen\u00ed s najmodernej\u0161\u00edm vybaven\u00edm n\u00e1m umo\u017e\u0148uje udr\u017eiava\u0165 pr\u00edsnu kontrolu kvality v ka\u017edej f\u00e1ze v\u00fdroby \u2013 od v\u00fdberu surov\u00edn a\u017e po kone\u010dn\u00fa kontrolu. Toto odhodlanie k dokonalosti n\u00e1m prinieslo certifik\u00e1cie a uznanie od priemyseln\u00fdch autor\u00edt, \u010do \u010falej upev\u0148uje na\u0161u reput\u00e1ciu spo\u013eahliv\u00e9ho partnera.<\/p>\n<p class=\"break-words\">Na\u0161e poslanie je jednoduch\u00e9, no ambici\u00f3zne: poskytova\u0165 na\u0161im z\u00e1kazn\u00edkom hydraulick\u00e9 valce, ktor\u00e9 prekon\u00e1vaj\u00fa o\u010dak\u00e1vania v oblasti v\u00fdkonu, odolnosti a hodnoty. Pracujeme v s\u00falade s hlavn\u00fdmi princ\u00edpmi profesionality, integrity a zamerania sa na z\u00e1kazn\u00edka. Podporou kult\u00fary inov\u00e1ci\u00ed a presnosti neust\u00e1le zdokona\u013eujeme na\u0161e produkty, aby sme si udr\u017eali n\u00e1skok na konkuren\u010dnom trhu. N\u00e1\u0161 komplexn\u00fd sortiment produktov a schopnos\u0165 pon\u00faka\u0165 rie\u0161enia na mieru z n\u00e1s robia vo\u013ebu pre firmy, ktor\u00e9 h\u013eadaj\u00fa vysoko v\u00fdkonn\u00e9 hydraulick\u00e9 valce.<\/p>\n<p class=\"break-words\">FMP je viac ne\u017e len v\u00fdrobca \u2013 sme partnerom vo va\u0161om \u00faspechu. Ch\u00e1peme, \u017ee na\u0161i z\u00e1kazn\u00edci sa na n\u00e1s spoliehaj\u00fa, \u017ee im dod\u00e1me n\u00e1stroje, ktor\u00e9 zvy\u0161uj\u00fa ich produktivitu a bezpe\u010dnos\u0165. Preto sa zav\u00e4zujeme pon\u00faka\u0165 nielen \u0161pi\u010dkov\u00e9 produkty, ale aj v\u00fdnimo\u010dn\u00fd servis. Od \u00favodnej konzult\u00e1cie a\u017e po popredajn\u00fa podporu \u00fazko spolupracujeme s na\u0161imi klientmi, aby sme zabezpe\u010dili, \u017ee ich potreby bud\u00fa splnen\u00e9 s profesionalitou a starostlivos\u0165ou. Na\u0161e konkurencieschopn\u00e9 ceny v spojen\u00ed s na\u0161\u00edm neochvejn\u00fdm z\u00e1v\u00e4zkom ku kvalite robia z FMP inteligentn\u00fa vo\u013ebu pre spolo\u010dnosti, ktor\u00e9 chc\u00fa investova\u0165 do hydraulick\u00fdch rie\u0161en\u00ed, ktor\u00fdm m\u00f4\u017eu d\u00f4verova\u0165.<\/p>","protected":false},"excerpt":{"rendered":"<p>Professional Craftsmanship 4 Stage Dump Truck Stainless Steel Hydraulic Cylinder This is a brand new Professional Craftsmanship 4 Stage Dump Truck Stainless Steel hydraulic cylinder, built to serve you in various industries such as machinery repair shops, farms, energy and mining, machinery manufacturing and machinery factories. This multistage hydraulic cylinder comes with a one-year warranty [&hellip;]<\/p>","protected":false},"featured_media":6725,"comment_status":"closed","ping_status":"closed","template":"","meta":{"_et_pb_use_builder":"","_et_pb_old_content":"","_et_gb_content_width":""},"product_brand":[],"product_cat":[103],"product_tag":[34,105],"class_list":{"0":"post-6582","1":"product","2":"type-product","3":"status-publish","4":"has-post-thumbnail","6":"product_cat-telescopic-hydraulic-cylinders","7":"product_tag-hydraulic-cylinder","8":"product_tag-telescopic-hydraulic-cylinders","10":"first","11":"instock","12":"product-type-simple"},"_links":{"self":[{"href":"https:\/\/fmp-components.com\/sk\/wp-json\/wp\/v2\/product\/6582","targetHints":{"allow":["GET"]}}],"collection":[{"href":"https:\/\/fmp-components.com\/sk\/wp-json\/wp\/v2\/product"}],"about":[{"href":"https:\/\/fmp-components.com\/sk\/wp-json\/wp\/v2\/types\/product"}],"replies":[{"embeddable":true,"href":"https:\/\/fmp-components.com\/sk\/wp-json\/wp\/v2\/comments?post=6582"}],"wp:featuredmedia":[{"embeddable":true,"href":"https:\/\/fmp-components.com\/sk\/wp-json\/wp\/v2\/media\/6725"}],"wp:attachment":[{"href":"https:\/\/fmp-components.com\/sk\/wp-json\/wp\/v2\/media?parent=6582"}],"wp:term":[{"taxonomy":"product_brand","embeddable":true,"href":"https:\/\/fmp-components.com\/sk\/wp-json\/wp\/v2\/product_brand?post=6582"},{"taxonomy":"product_cat","embeddable":true,"href":"https:\/\/fmp-components.com\/sk\/wp-json\/wp\/v2\/product_cat?post=6582"},{"taxonomy":"product_tag","embeddable":true,"href":"https:\/\/fmp-components.com\/sk\/wp-json\/wp\/v2\/product_tag?post=6582"}],"curies":[{"name":"pracovn\u00fd list","href":"https:\/\/api.w.org\/{rel}","templated":true}]}}