{"id":6579,"date":"2025-03-11T06:31:13","date_gmt":"2025-03-11T06:31:13","guid":{"rendered":"https:\/\/fmp-components.com\/product\/chinese-factory-dump-trailer-multi-stage-telescopic-hydraulic-cylinder"},"modified":"2025-03-12T05:28:10","modified_gmt":"2025-03-12T05:28:10","slug":"italian-factory-dump-trailer-multi-stage-telescopic-hydraulic-cylinder","status":"publish","type":"product","link":"https:\/\/fmp-components.com\/sk\/product\/italian-factory-dump-trailer-multi-stage-telescopic-hydraulic-cylinder\/","title":{"rendered":"Viacstup\u0148ov\u00fd teleskopick\u00fd hydraulick\u00fd valec s talianskym tov\u00e1rensk\u00fdm skl\u00e1pa\u010dom"},"content":{"rendered":"<h2>Viacstup\u0148ov\u00fd teleskopick\u00fd hydraulick\u00fd valec s talianskym tov\u00e1rensk\u00fdm skl\u00e1pa\u010dom<\/h2>\n<p>Taliansky viacstup\u0148ov\u00fd teleskopick\u00fd hydraulick\u00fd valec pre tov\u00e1rensk\u00e9 skl\u00e1pacie n\u00e1vesy je navrhnut\u00fd tak, aby poskytoval v\u00fdnimo\u010dn\u00fa funk\u010dnos\u0165 a v\u00fdkon v r\u00f4znych aplik\u00e1ci\u00e1ch. V\u010faka svojej \u0161tandardnej kon\u0161trukcii a hydraulick\u00e9mu v\u00fdkonu je ide\u00e1lnou vo\u013ebou pre r\u00f4zne odvetvia, od opravovn\u00ed strojov a fariem a\u017e po energetick\u00e9 a bansk\u00e9 prev\u00e1dzky.<\/p>\n<h2>K\u013e\u00fa\u010dov\u00e9 vlastnosti a v\u00fdhody<\/h2>\n<ul>\n<li>Vysoko v\u0161estrann\u00fd, mo\u017eno ho pou\u017ei\u0165 v r\u00f4znych odvetviach<\/li>\n<li>Vyroben\u00e9 s robustn\u00fdm oce\u013eov\u00fdm telom pre dlhotrvaj\u00facu odolnos\u0165<\/li>\n<li>Vybaven\u00fd viacstup\u0148ov\u00fdm hydraulick\u00fdm valcom pre optim\u00e1lnu \u00fa\u010dinnos\u0165<\/li>\n<li>Navrhnut\u00e9 na dosiahnutie maxim\u00e1lneho \u0165ahu 3000 a maxim\u00e1lneho \u0165ahu 20 ton<\/li>\n<li>Certifik\u00e1cia ISO9001:2000 zaru\u010duje vysoko kvalitn\u00fd v\u00fdkon<\/li>\n<\/ul>\n<h2>Technick\u00e9 \u0161pecifik\u00e1cie<\/h2>\n<table style=\"width: 102.139%;\" border=\"\">\n<tbody>\n<tr>\n<td style=\"width: 42.9379%;\"><i>Ve\u013ekos\u0165 otvoru<\/i><\/td>\n<td style=\"width: 485.311%;\">2-6 palcov<\/td>\n<\/tr>\n<tr>\n<td style=\"width: 42.9379%;\"><i>Ve\u013ekos\u0165 ty\u010de<\/i><\/td>\n<td style=\"width: 485.311%;\">1,125-4 palca<\/td>\n<\/tr>\n<tr>\n<td style=\"width: 42.9379%;\"><i>Ve\u013ekos\u0165 \u0165ahu<\/i><\/td>\n<td style=\"width: 485.311%;\">4-100 palcov<\/td>\n<\/tr>\n<tr>\n<td style=\"width: 42.9379%;\"><i>Ve\u013ekos\u0165 \u010dapu<\/i><\/td>\n<td style=\"width: 485.311%;\">0,5-2 palce<\/td>\n<\/tr>\n<tr>\n<td style=\"width: 42.9379%;\"><i>Porty<\/i><\/td>\n<td style=\"width: 485.311%;\">G\/SAE\/NPT\/M<\/td>\n<\/tr>\n<\/tbody>\n<\/table>\n<h2>Jedine\u010dn\u00e9 vlastnosti a v\u00fdhody<\/h2>\n<p>Tento hydraulick\u00fd valec vynik\u00e1 na trhu v\u010faka svojim charakteristick\u00fdm vlastnostiam, ktor\u00e9 zvy\u0161uj\u00fa jeho v\u00fdkon a pou\u017eite\u013enos\u0165. Jednou z jeho hlavn\u00fdch v\u00fdhod je jeho energeticky \u00fasporn\u00e1 kon\u0161trukcia, ktor\u00e1 zais\u0165uje vysok\u00fa \u00fa\u010dinnos\u0165 po\u010das prev\u00e1dzky. Tento inovat\u00edvny pr\u00edstup nielen\u017ee zni\u017euje spotrebu energie, ale aj prev\u00e1dzkov\u00e9 n\u00e1klady pre pou\u017e\u00edvate\u013eov. Okrem toho je valec vyroben\u00fd z odoln\u00fdch materi\u00e1lov, ktor\u00e9 zaru\u010duj\u00fa bezpe\u010dnos\u0165 a dlh\u00fa \u017eivotnos\u0165, v\u010faka \u010domu je spo\u013eahlivou vo\u013ebou pre n\u00e1ro\u010dn\u00e9 aplik\u00e1cie. Jeho odolnos\u0165 znamen\u00e1 menej \u010dast\u00e9 v\u00fdmeny, \u010do \u010falej zvy\u0161uje jeho n\u00e1kladov\u00fa efekt\u00edvnos\u0165 v priebehu \u010dasu.<\/p>\n<p>Tento hydraulick\u00fd valec je navy\u0161e navrhnut\u00fd pre jednoduch\u00fa integr\u00e1ciu do r\u00f4znych hydraulick\u00fdch syst\u00e9mov. Jeho prisp\u00f4sobiv\u00fd dizajn umo\u017e\u0148uje bezprobl\u00e9mov\u00e9 za\u010dlenenie do existuj\u00facich zost\u00e1v, \u010do u\u013eah\u010duje r\u00fdchlu in\u0161tal\u00e1ciu a minimalizuje prestoje. T\u00e1to v\u0161estrannos\u0165 ho rob\u00ed vhodn\u00fdm pre \u0161irok\u00fa \u0161k\u00e1lu aplik\u00e1ci\u00ed a zabezpe\u010duje, \u017ee pou\u017e\u00edvatelia ho m\u00f4\u017eu efekt\u00edvne nasadi\u0165 v r\u00f4znych prostrediach.<\/p>\n<h2>Princ\u00edp \u010dinnosti a pou\u017eitie hydraulick\u00fdch valcov<\/h2>\n<p>Hydraulick\u00fd valec funguje tak, \u017ee premie\u0148a hydraulick\u00fa energiu na mechanick\u00fd pohyb a vytv\u00e1ra silu p\u00f4soben\u00edm tlaku. Ke\u010f je hydraulick\u00e1 kvapalina priveden\u00e1 do valca, vytv\u00e1ra tlak, ktor\u00fd p\u00f4sob\u00ed na piest, \u010do vedie k line\u00e1rnemu pohybu. T\u00e1to z\u00e1kladn\u00e1 oper\u00e1cia rob\u00ed hydraulick\u00e9 valce nevyhnutn\u00fdmi v mnoh\u00fdch odvetviach.<\/p>\n<p>Napr\u00edklad v stavebn\u00edctve s\u00fa hydraulick\u00e9 valce nevyhnutn\u00e9 na zdv\u00edhanie \u0165a\u017ek\u00fdch materi\u00e1lov, ovl\u00e1danie \u017eeriavov a pohon v\u00fdkopov\u00fdch zariaden\u00ed, \u010d\u00edm sa zabezpe\u010duje efekt\u00edvne a bezpe\u010dn\u00e9 dokon\u010denie projektov. Vo v\u00fdrobe zohr\u00e1vaj\u00fa k\u013e\u00fa\u010dov\u00fa \u00falohu v mont\u00e1\u017enych link\u00e1ch, presnom premiest\u0148ovan\u00ed komponentov a strojov. Okrem toho sa v po\u013enohospod\u00e1rstve hydraulick\u00e9 valce pou\u017e\u00edvaj\u00fa v traktoroch a in\u00fdch po\u013enohospod\u00e1rskych strojoch na zdv\u00edhanie, nakl\u00e1\u0148anie a vykl\u00e1pkovanie materi\u00e1lov, \u010d\u00edm sa zvy\u0161uje produktivita a efekt\u00edvnos\u0165 po\u013enohospod\u00e1rskych oper\u00e1ci\u00ed.<\/p>\n<p><img loading=\"lazy\" decoding=\"async\" class=\"alignnone  wp-image-6664\" src=\"https:\/\/fmp-components.com\/wp-content\/uploads\/2025\/03\/telescopic-hydraulic-cylinder-8.webp\" alt=\"teleskopick\u00fd hydraulick\u00fd valec\" width=\"896\" height=\"896\" title=\"\" srcset=\"https:\/\/fmp-components.com\/wp-content\/uploads\/2025\/03\/telescopic-hydraulic-cylinder-8.webp 896w, https:\/\/fmp-components.com\/wp-content\/uploads\/2025\/03\/telescopic-hydraulic-cylinder-8-480x480.webp 480w\" sizes=\"(min-width: 0px) and (max-width: 480px) 480px, (min-width: 481px) 896px, 100vw\" \/><\/p>\n<h2>Hydraulick\u00e9 valce a pohonn\u00e9 jednotky<\/h2>\n<p>Hydraulick\u00e9 valce a pohonn\u00e9 jednotky s\u00fa neoddelite\u013enou s\u00fa\u010das\u0165ou ka\u017ed\u00e9ho hydraulick\u00e9ho syst\u00e9mu, pri\u010dom ka\u017ed\u00e1 z nich hr\u00e1 k\u013e\u00fa\u010dov\u00fa \u00falohu v jeho celkovej funk\u010dnosti. Hydraulick\u00fd valec sl\u00fa\u017ei ako ovl\u00e1da\u010d, ktor\u00fd premie\u0148a hydraulick\u00fa energiu na mechanick\u00fd pohyb na vykon\u00e1vanie pr\u00e1ce, zatia\u013e \u010do pohonn\u00e1 jednotka sl\u00fa\u017ei ako zdroj hydraulick\u00e9ho tlaku a dod\u00e1va potrebn\u00fa energiu na pohon syst\u00e9mu.<\/p>\n<p>Ich kombinovan\u00e1 funk\u010dnos\u0165 zabezpe\u010duje \u0161irok\u00e9 uplatnenie hydraulickej technol\u00f3gie v r\u00f4znych odvetviach. T\u00e1to synergia poskytuje spo\u013eahliv\u00fa podporu nap\u00e1jania a riadenia pre mno\u017estvo strojov a strojov, \u010do umo\u017e\u0148uje podnikom prev\u00e1dzkova\u0165 efekt\u00edvne a \u00fa\u010dinne. V spolo\u010dnosti FMP pon\u00fakame na predaj aj pohonn\u00e9 jednotky, ktor\u00e9 na\u0161im z\u00e1kazn\u00edkom umo\u017e\u0148uj\u00fa n\u00e1js\u0165 kompletn\u00e9 hydraulick\u00e9 rie\u0161enia prisp\u00f4soben\u00e9 ich \u0161pecifick\u00fdm potreb\u00e1m. Tento komplexn\u00fd pr\u00edstup zabezpe\u010duje, \u017ee v\u0161etky komponenty harmonicky spolupracuj\u00fa, \u010d\u00edm sa maximalizuje v\u00fdkon a spo\u013eahlivos\u0165 hydraulick\u00fdch syst\u00e9mov v r\u00f4znych aplik\u00e1ci\u00e1ch.<\/p>\n<h2>\u010casto kladen\u00e9 ot\u00e1zky<\/h2>\n<p><span>Ot\u00e1zka: Ste obchodn\u00e1 spolo\u010dnos\u0165 alebo v\u00fdrobca?<\/span><span>A: Sme v\u00fdrobca.<\/span><br \/>\n<span>Ot\u00e1zka: Ak\u00e1 je va\u0161a dodacia lehota?<\/span><span>A: Na\u0161a \u0161tandardn\u00e1 dodacia lehota je 25-35 dn\u00ed.<\/span><br \/>\n<span>Ot\u00e1zka: M\u00f4\u017eete vyrobi\u0165 pod\u013ea vzoriek?<\/span><span>A: \u00c1no, vieme vyrobi\u0165 pod\u013ea va\u0161ich vzoriek alebo technick\u00fdch v\u00fdkresov. Vieme vyrobi\u0165 formy a up\u00ednacie pr\u00edpravky.<\/span>&#8221;<\/p>\n<h3>O FMP<\/h3>\n<p class=\"break-words\">FMP je popredn\u00fd taliansky v\u00fdrobca \u0161pecializuj\u00faci sa na n\u00e1vrh, v\u00fdvoj a v\u00fdrobu vysokokvalitn\u00fdch hydraulick\u00fdch valcov. S bohat\u00fdm dedi\u010dstvom zakorenen\u00fdm v desa\u0165ro\u010diach odborn\u00fdch znalost\u00ed hrdo kombinujeme talianske remeseln\u00e9 spracovanie s najmodernej\u0161ou technol\u00f3giou, aby sme dod\u00e1vali v\u00fdnimo\u010dn\u00e9 hydraulick\u00e9 rie\u0161enia prisp\u00f4soben\u00e9 rozmanit\u00fdm potreb\u00e1m na\u0161ich glob\u00e1lnych klientov. Spolo\u010dnos\u0165 FMP so s\u00eddlom v Taliansku, centre in\u017einierskej excelentnosti, je d\u00f4veryhodn\u00fdm menom v hydraulickom priemysle a je odhodlan\u00e1 poskytova\u0165 spo\u013eahliv\u00e9, odoln\u00e9 a inovat\u00edvne produkty, ktor\u00e9 posil\u0148uj\u00fa podniky na celom svete.<\/p>\n<p class=\"break-words\">Na\u0161a spolo\u010dnos\u0165 sp\u00e1ja to najlep\u0161ie z pokro\u010dil\u00fdch v\u00fdrobn\u00fdch trad\u00edci\u00ed s progres\u00edvnym pr\u00edstupom. V\u010faka dlhoro\u010dn\u00fdm sk\u00fasenostiam v oblasti hydraulick\u00fdch syst\u00e9mov sa spolo\u010dnos\u0165 FMP vyvinula v modern\u00fd podnik, ktor\u00fd vynik\u00e1 vo v\u00fdskume, dizajne a v\u00fdrobe. \u0160pecializujeme sa na \u0161irok\u00fa \u0161k\u00e1lu hydraulick\u00fdch valcov vr\u00e1tane dvoj\u010dinn\u00fdch valcov, zdv\u00edhac\u00edch valcov pre automobily, valcov pre po\u013enohospod\u00e1rske stroje a na mieru vyroben\u00fdch rie\u0161en\u00ed pre r\u00f4zne priemyseln\u00e9 aplik\u00e1cie. \u010ci u\u017e ide o stavebn\u00edctvo, priemyseln\u00e9 in\u0161tal\u00e1cie, po\u013enohospod\u00e1rstvo alebo \u0165a\u017ek\u00e9 stroje, na\u0161e hydraulick\u00e9 valce s\u00fa skon\u0161truovan\u00e9 tak, aby fungovali v naj\u0165a\u017e\u0161\u00edch podmienkach a zabezpe\u010dovali bezpe\u010dnos\u0165, \u00fa\u010dinnos\u0165 a dlh\u00fa \u017eivotnos\u0165.<\/p>\n<p><img loading=\"lazy\" decoding=\"async\" class=\"alignnone size-full wp-image-6720\" src=\"https:\/\/fmp-components.com\/wp-content\/uploads\/2025\/03\/hydraulic-cylinder-8.webp\" alt=\"Teleskopick\u00e9 hydraulick\u00e9 valce\" width=\"933\" height=\"526\" title=\"\" srcset=\"https:\/\/fmp-components.com\/wp-content\/uploads\/2025\/03\/hydraulic-cylinder-8.webp 933w, https:\/\/fmp-components.com\/wp-content\/uploads\/2025\/03\/hydraulic-cylinder-8-480x271.webp 480w\" sizes=\"(min-width: 0px) and (max-width: 480px) 480px, (min-width: 481px) 933px, 100vw\" \/><\/p>\n<p class=\"break-words\">V spolo\u010dnosti FMP sme hrd\u00ed na na\u0161e najmodernej\u0161ie v\u00fdrobn\u00e9 zariadenia, vybaven\u00e9 presn\u00fdmi strojmi a pokro\u010dil\u00fdmi testovac\u00edmi syst\u00e9mami. Na\u0161e v\u00fdrobn\u00e9 procesy sp\u013a\u0148aj\u00fa pr\u00edsne n\u00e1rodn\u00e9 a medzin\u00e1rodn\u00e9 normy, \u010do zabezpe\u010duje, \u017ee ka\u017ed\u00fd hydraulick\u00fd valec op\u00fa\u0161\u0165aj\u00faci na\u0161u tov\u00e1re\u0148 m\u00e1 vynikaj\u00facu kvalitu a spo\u013eahlivos\u0165. N\u00e1\u0161 sk\u00fasen\u00fd technick\u00fd t\u00edm v spojen\u00ed s najmodernej\u0161\u00edm vybaven\u00edm n\u00e1m umo\u017e\u0148uje udr\u017eiava\u0165 pr\u00edsnu kontrolu kvality v ka\u017edej f\u00e1ze v\u00fdroby \u2013 od v\u00fdberu surov\u00edn a\u017e po kone\u010dn\u00fa kontrolu. Toto odhodlanie k dokonalosti n\u00e1m prinieslo certifik\u00e1cie a uznanie od priemyseln\u00fdch autor\u00edt, \u010do \u010falej upev\u0148uje na\u0161u reput\u00e1ciu spo\u013eahliv\u00e9ho partnera.<\/p>\n<p class=\"break-words\">Na\u0161e poslanie je jednoduch\u00e9, no ambici\u00f3zne: poskytova\u0165 na\u0161im z\u00e1kazn\u00edkom hydraulick\u00e9 valce, ktor\u00e9 prekon\u00e1vaj\u00fa o\u010dak\u00e1vania v oblasti v\u00fdkonu, odolnosti a hodnoty. Pracujeme v s\u00falade s hlavn\u00fdmi princ\u00edpmi profesionality, integrity a zamerania sa na z\u00e1kazn\u00edka. Podporou kult\u00fary inov\u00e1ci\u00ed a presnosti neust\u00e1le zdokona\u013eujeme na\u0161e produkty, aby sme si udr\u017eali n\u00e1skok na konkuren\u010dnom trhu. N\u00e1\u0161 komplexn\u00fd sortiment produktov a schopnos\u0165 pon\u00faka\u0165 rie\u0161enia na mieru z n\u00e1s robia vo\u013ebu pre firmy, ktor\u00e9 h\u013eadaj\u00fa vysoko v\u00fdkonn\u00e9 hydraulick\u00e9 valce.<\/p>\n<p class=\"break-words\">FMP je viac ne\u017e len v\u00fdrobca \u2013 sme partnerom vo va\u0161om \u00faspechu. Ch\u00e1peme, \u017ee na\u0161i z\u00e1kazn\u00edci sa na n\u00e1s spoliehaj\u00fa, \u017ee im dod\u00e1me n\u00e1stroje, ktor\u00e9 zvy\u0161uj\u00fa ich produktivitu a bezpe\u010dnos\u0165. Preto sa zav\u00e4zujeme pon\u00faka\u0165 nielen \u0161pi\u010dkov\u00e9 produkty, ale aj v\u00fdnimo\u010dn\u00fd servis. Od \u00favodnej konzult\u00e1cie a\u017e po popredajn\u00fa podporu \u00fazko spolupracujeme s na\u0161imi klientmi, aby sme zabezpe\u010dili, \u017ee ich potreby bud\u00fa splnen\u00e9 s profesionalitou a starostlivos\u0165ou. Na\u0161e konkurencieschopn\u00e9 ceny v spojen\u00ed s na\u0161\u00edm neochvejn\u00fdm z\u00e1v\u00e4zkom ku kvalite robia z FMP inteligentn\u00fa vo\u013ebu pre spolo\u010dnosti, ktor\u00e9 chc\u00fa investova\u0165 do hydraulick\u00fdch rie\u0161en\u00ed, ktor\u00fdm m\u00f4\u017eu d\u00f4verova\u0165.<\/p>","protected":false},"excerpt":{"rendered":"<p>Italian Factory Dump Trailer Multi Stage Telescopic Hydraulic Cylinder The Italian Factory Dump Trailer Multi Stage Telescopic hydraulic cylinder is designed to provide exceptional functionality and performance in a variety of applications. With its standard structure and hydraulic power, it&#8217;s the ideal choice for a range of industries, from machinery repair shops and farms to [&hellip;]<\/p>","protected":false},"featured_media":6722,"comment_status":"closed","ping_status":"closed","template":"","meta":{"_et_pb_use_builder":"","_et_pb_old_content":"","_et_gb_content_width":""},"product_brand":[],"product_cat":[103],"product_tag":[34,105],"class_list":{"0":"post-6579","1":"product","2":"type-product","3":"status-publish","4":"has-post-thumbnail","6":"product_cat-telescopic-hydraulic-cylinders","7":"product_tag-hydraulic-cylinder","8":"product_tag-telescopic-hydraulic-cylinders","10":"first","11":"instock","12":"product-type-simple"},"_links":{"self":[{"href":"https:\/\/fmp-components.com\/sk\/wp-json\/wp\/v2\/product\/6579","targetHints":{"allow":["GET"]}}],"collection":[{"href":"https:\/\/fmp-components.com\/sk\/wp-json\/wp\/v2\/product"}],"about":[{"href":"https:\/\/fmp-components.com\/sk\/wp-json\/wp\/v2\/types\/product"}],"replies":[{"embeddable":true,"href":"https:\/\/fmp-components.com\/sk\/wp-json\/wp\/v2\/comments?post=6579"}],"wp:featuredmedia":[{"embeddable":true,"href":"https:\/\/fmp-components.com\/sk\/wp-json\/wp\/v2\/media\/6722"}],"wp:attachment":[{"href":"https:\/\/fmp-components.com\/sk\/wp-json\/wp\/v2\/media?parent=6579"}],"wp:term":[{"taxonomy":"product_brand","embeddable":true,"href":"https:\/\/fmp-components.com\/sk\/wp-json\/wp\/v2\/product_brand?post=6579"},{"taxonomy":"product_cat","embeddable":true,"href":"https:\/\/fmp-components.com\/sk\/wp-json\/wp\/v2\/product_cat?post=6579"},{"taxonomy":"product_tag","embeddable":true,"href":"https:\/\/fmp-components.com\/sk\/wp-json\/wp\/v2\/product_tag?post=6579"}],"curies":[{"name":"pracovn\u00fd list","href":"https:\/\/api.w.org\/{rel}","templated":true}]}}