{"id":6577,"date":"2025-03-11T06:31:13","date_gmt":"2025-03-11T06:31:13","guid":{"rendered":"https:\/\/fmp-components.com\/product\/factory-direct-sale-20-ton-dump-truck-hoist-hydraulic-cylinder"},"modified":"2025-03-12T05:11:27","modified_gmt":"2025-03-12T05:11:27","slug":"factory-direct-sale-20-ton-dump-truck-hoist-hydraulic-cylinder","status":"publish","type":"product","link":"https:\/\/fmp-components.com\/sk\/product\/factory-direct-sale-20-ton-dump-truck-hoist-hydraulic-cylinder\/","title":{"rendered":"Priamy predaj z tov\u00e1rne 20-tonov\u00fd hydraulick\u00fd valec pre zdvih\u00e1k skl\u00e1pa\u010da"},"content":{"rendered":"<h2>Priamy predaj z tov\u00e1rne 20-tonov\u00fd hydraulick\u00fd valec pre zdvih\u00e1k skl\u00e1pa\u010da<\/h2>\n<p>Pozrite sa bli\u017e\u0161ie na n\u00e1\u0161 hydraulick\u00fd valec pre zdvih\u00e1k s nosnos\u0165ou 20 ton pre skl\u00e1pa\u010de, ktor\u00fd je priamo z v\u00fdroby. Toto zariadenie, ur\u010den\u00e9 na presn\u00e9 a \u013eahk\u00e9 zdv\u00edhanie \u0165a\u017ek\u00fdch bremien, je nevyhnutn\u00fdm n\u00e1strojom v priemysle opr\u00e1v strojov, po\u013enohospod\u00e1rstva, energetiky a ban\u00edctva a stroj\u00e1rstva. \u010ci u\u017e h\u013ead\u00e1te v\u00fdmenu star\u00e9ho hydraulick\u00e9ho valca alebo moderniz\u00e1ciu na efekt\u00edvnej\u0161\u00ed model, tento produkt stoj\u00ed za zv\u00e1\u017eenie.<\/p>\n<h3>Funkcie a \u0161pecifik\u00e1cie<\/h3>\n<p>N\u00e1\u0161 hydraulick\u00fd valec sa m\u00f4\u017ee pochv\u00e1li\u0165 robustnou oce\u013eovou kon\u0161trukciou, ktor\u00e1 je schopn\u00e1 odola\u0165 n\u00e1ro\u010dn\u00e9mu pou\u017e\u00edvaniu. Funguje na z\u00e1klade hydraulickej sily, v\u010faka \u010domu je vysoko spo\u013eahliv\u00fdm a efekt\u00edvnym n\u00e1strojom na zdv\u00edhanie a premiest\u0148ovanie \u0165a\u017ek\u00fdch bremien. Tento valec je tie\u017e certifikovan\u00fd pod\u013ea normy ISO9001:2000, ktor\u00e1 zaru\u010duje jeho kvalitu a spo\u013eahlivos\u0165.<\/p>\n<table style=\"width: 99.9058%;\" border=\"\">\n<tbody>\n<tr>\n<th style=\"width: 16.9576%;\">Ve\u013ekos\u0165 otvoru<\/th>\n<th style=\"width: 20.4489%;\">Ve\u013ekos\u0165 ty\u010de<\/th>\n<th style=\"width: 19.9501%;\">Ve\u013ekos\u0165 \u0165ahu<\/th>\n<th style=\"width: 16.4589%;\">Ve\u013ekos\u0165 \u010dapu<\/th>\n<th style=\"width: 153.616%;\">Porty<\/th>\n<\/tr>\n<tr>\n<td style=\"width: 16.9576%;\">2-6 palcov<\/td>\n<td style=\"width: 20.4489%;\">1,125-4 palca<\/td>\n<td style=\"width: 19.9501%;\">4-100 palcov<\/td>\n<td style=\"width: 16.4589%;\">0,5-2 palce<\/td>\n<td style=\"width: 153.616%;\">G\/SAE\/NPT\/M<\/td>\n<\/tr>\n<\/tbody>\n<\/table>\n<h2>Jedine\u010dn\u00e9 v\u00fdhody<\/h2>\n<ul>\n<li>Energeticky \u00fasporn\u00e9<\/li>\n<li>Vysoko \u00fa\u010dinn\u00fd<\/li>\n<li>Bezpe\u010dnos\u0165 zaru\u010den\u00e1<\/li>\n<\/ul>\n<p><img loading=\"lazy\" decoding=\"async\" class=\"alignnone  wp-image-6657\" src=\"https:\/\/fmp-components.com\/wp-content\/uploads\/2025\/03\/telescopic-hydraulic-cylinder-3.webp\" alt=\"teleskopick\u00fd hydraulick\u00fd valec\" width=\"940\" height=\"940\" title=\"\" srcset=\"https:\/\/fmp-components.com\/wp-content\/uploads\/2025\/03\/telescopic-hydraulic-cylinder-3.webp 940w, https:\/\/fmp-components.com\/wp-content\/uploads\/2025\/03\/telescopic-hydraulic-cylinder-3-480x480.webp 480w\" sizes=\"(min-width: 0px) and (max-width: 480px) 480px, (min-width: 481px) 940px, 100vw\" \/><\/p>\n<h2>Hydraulick\u00fd syst\u00e9m a princ\u00edp \u010dinnosti<\/h2>\n<p>Hydraulick\u00fd valec funguje na princ\u00edpe premeny tlaku kvapaliny na silu, ktor\u00e1 m\u00f4\u017ee efekt\u00edvne pohybova\u0165 bremenom alebo vykon\u00e1va\u0165 mechanick\u00fa pr\u00e1cu. Ke\u010f sa hydraulick\u00e1 kvapalina \u010derp\u00e1 zo z\u00e1sobn\u00edka do valca, prech\u00e1dza cez smerov\u00fd regula\u010dn\u00fd ventil, ktor\u00fd reguluje prietok kvapaliny. T\u00e1to tlakov\u00e1 kvapalina nap\u013a\u0148a valec a vytv\u00e1ra silu, ktor\u00e1 tla\u010d\u00ed na piest vo vn\u00fatri. Ke\u010f sa piest pohybuje, generuje line\u00e1rny pohyb, \u010do umo\u017e\u0148uje hydraulick\u00e9mu valcu vykon\u00e1va\u0165 r\u00f4zne \u00falohy, ako je zdv\u00edhanie, tla\u010denie alebo \u0165ahanie \u0165a\u017ek\u00fdch predmetov. Tento efekt\u00edvny prenos energie prostredn\u00edctvom dynamiky tekut\u00edn rob\u00ed hydraulick\u00e9 syst\u00e9my obzvl\u00e1\u0161\u0165 v\u00fdkonn\u00fdmi a \u00fa\u010dinn\u00fdmi v \u0161irokej \u0161k\u00e1le aplik\u00e1ci\u00ed.<\/p>\n<p>Kon\u0161trukcia hydraulick\u00e9ho valca vr\u00e1tane jeho robustn\u00fdch materi\u00e1lov a prec\u00edzneho kon\u0161truk\u010dn\u00e9ho spracovania zais\u0165uje, \u017ee odol\u00e1 vysok\u00fdm tlakom a \u0165a\u017ek\u00fdm za\u0165a\u017eeniam, \u010d\u00edm sa maximalizuje jeho v\u00fdkon a spo\u013eahlivos\u0165. \u010ci u\u017e sa pou\u017e\u00edva pri zdv\u00edhac\u00edch oper\u00e1ci\u00e1ch alebo zlo\u017eit\u00fdch strojov\u00fdch procesoch, schopnos\u0165 hydraulick\u00e9ho valca premie\u0148a\u0165 hydraulick\u00fa energiu na mechanick\u00fd pohyb je z\u00e1kladn\u00fdm aspektom jeho funk\u010dnosti.<\/p>\n<p><img loading=\"lazy\" decoding=\"async\" class=\"alignnone  wp-image-6656\" src=\"https:\/\/fmp-components.com\/wp-content\/uploads\/2025\/03\/telescopic-hydraulic-cylinder-5.webp\" alt=\"teleskopick\u00fd hydraulick\u00fd valec\" width=\"969\" height=\"969\" title=\"\" srcset=\"https:\/\/fmp-components.com\/wp-content\/uploads\/2025\/03\/telescopic-hydraulic-cylinder-5.webp 969w, https:\/\/fmp-components.com\/wp-content\/uploads\/2025\/03\/telescopic-hydraulic-cylinder-5-480x480.webp 480w\" sizes=\"(min-width: 0px) and (max-width: 480px) 480px, (min-width: 481px) 969px, 100vw\" \/><\/p>\n<h2>Pou\u017eitie hydraulick\u00e9ho valca<\/h2>\n<p>Tento hydraulick\u00fd valec je obzvl\u00e1\u0161\u0165 vhodn\u00fd pre r\u00f4zne aplik\u00e1cie v r\u00f4znych odvetviach. V opravovniach strojov sl\u00fa\u017ei ako k\u013e\u00fa\u010dov\u00fd n\u00e1stroj na zdv\u00edhanie a polohovanie \u0165a\u017ek\u00fdch zariaden\u00ed, \u010d\u00edm u\u013eah\u010duje \u00fadr\u017eb\u00e1rske \u00falohy, ktor\u00e9 by inak boli n\u00e1ro\u010dn\u00e9 alebo nebezpe\u010dn\u00e9. Schopnos\u0165 valca zvl\u00e1da\u0165 zna\u010dn\u00e9 za\u0165a\u017eenie ho rob\u00ed v t\u00fdchto prostrediach nevyhnutn\u00fdm.<\/p>\n<p>V po\u013enohospod\u00e1rstve sa hydraulick\u00fd valec pou\u017e\u00edva v r\u00f4znych typoch strojov, ako s\u00fa traktory a kombajny, na zdv\u00edhanie a prepravu \u0165a\u017ek\u00fdch materi\u00e1lov, \u010d\u00edm sa zvy\u0161uje prev\u00e1dzkov\u00e1 efektivita a produktivita na farm\u00e1ch. Jeho robustn\u00e1 kon\u0161trukcia zaru\u010duje, \u017ee odol\u00e1 n\u00e1ro\u010dn\u00fdm vonkaj\u0161\u00edm podmienkam a po\u017eiadavk\u00e1m po\u013enohospod\u00e1rskych \u00faloh.<\/p>\n<p>V energetickom a banskom sektore hr\u00e1 tento hydraulick\u00fd valec d\u00f4le\u017eit\u00fa \u00falohu v oper\u00e1ci\u00e1ch, ako s\u00fa v\u00fdkopov\u00e9 pr\u00e1ce a manipul\u00e1cia s materi\u00e1lom. Jeho schopnos\u0165 zdv\u00edha\u0165 \u0165a\u017ek\u00e9 bremen\u00e1 s presnos\u0165ou a spo\u013eahlivos\u0165ou je nevyhnutn\u00e1 pre \u00falohy, ktor\u00e9 vy\u017eaduj\u00fa pevnos\u0165 aj presnos\u0165. Okrem toho sa hydraulick\u00fd valec pou\u017e\u00edva v stroj\u00e1rskom priemysle na mont\u00e1\u017enych link\u00e1ch a v automatizovan\u00fdch procesoch, kde pom\u00e1ha pri zdv\u00edhan\u00ed komponentov a u\u013eah\u010duje v\u00fdrobu.<\/p>\n<p>Celkovo je hydraulick\u00fd valec v t\u00fdchto odvetviach nevyhnutn\u00fdm n\u00e1strojom, ktor\u00fd poskytuje potrebn\u00fd v\u00fdkon a ovl\u00e1danie na zdv\u00edhanie \u0165a\u017ek\u00fdch bremien a efekt\u00edvne a bezpe\u010dn\u00e9 vykon\u00e1vanie kritick\u00fdch \u00faloh. Jeho v\u0161estrannos\u0165 a spo\u013eahlivos\u0165 z neho robia k\u013e\u00fa\u010dov\u00fa s\u00fa\u010das\u0165 pri prev\u00e1dzke r\u00f4znych strojov a zariaden\u00ed.<\/p>\n<h2>\u010casto kladen\u00e9 ot\u00e1zky<\/h2>\n<ol>\n<li><strong>Ot\u00e1zka: M\u00f4\u017ee sa hydraulick\u00fd valec pou\u017ei\u0165 v r\u00f4znych odvetviach?<\/strong><br \/>\nA: \u00c1no, n\u00e1\u0161 hydraulick\u00fd valec je v\u0161estrann\u00fd a mo\u017eno ho pou\u017ei\u0165 v r\u00f4znych odvetviach, ako je stavebn\u00edctvo, ban\u00edctvo, po\u013enohospod\u00e1rstvo a \u010fal\u0161ie.<\/li>\n<li><strong>Ot\u00e1zka: Pon\u00fakate z\u00e1ruku na hydraulick\u00fd valec?<\/strong><br \/>\nA: \u00c1no, na n\u00e1\u0161 hydraulick\u00fd valec poskytujeme 1-ro\u010dn\u00fa z\u00e1ruku.<\/li>\n<li><strong>Ot\u00e1zka: M\u00f4\u017eem nav\u0161t\u00edvi\u0165 va\u0161u tov\u00e1re\u0148?<\/strong><br \/>\nA: \u00c1no, srde\u010dne v\u00edtame z\u00e1kazn\u00edkov, aby nav\u0161t\u00edvili na\u0161u tov\u00e1re\u0148. M\u00f4\u017eete si tie\u017e urobi\u0165 virtu\u00e1lnu prehliadku na\u0161ej tov\u00e1rne prostredn\u00edctvom odkazu uveden\u00e9ho vy\u0161\u0161ie.<\/li>\n<\/ol>\n<h3>O FMP<\/h3>\n<p>FMP je popredn\u00fd taliansky v\u00fdrobca \u0161pecializuj\u00faci sa na n\u00e1vrh, v\u00fdvoj a v\u00fdrobu vysokokvalitn\u00fdch hydraulick\u00fdch valcov. S dedi\u010dstvom vybudovan\u00fdm na desa\u0165ro\u010diach odborn\u00fdch znalost\u00ed odborne sp\u00e1jame talianske remeseln\u00e9 spracovanie s inovat\u00edvnymi technol\u00f3giami, aby sme dod\u00e1vali v\u00fdnimo\u010dn\u00e9 hydraulick\u00e9 rie\u0161enia prisp\u00f4soben\u00e9 rozmanit\u00fdm potreb\u00e1m na\u0161ich glob\u00e1lnych klientov. Spolo\u010dnos\u0165 FMP so s\u00eddlom v Taliansku, centre in\u017einierskej excelentnosti, je d\u00f4veryhodn\u00fdm menom v hydraulickom priemysle, ktor\u00e9 sa venuje poskytovaniu spo\u013eahliv\u00fdch, odoln\u00fdch a inovat\u00edvnych produktov, ktor\u00e9 posil\u0148uj\u00fa podniky na celom svete.<\/p>\n<p>Na\u0161a spolo\u010dnos\u0165 kombinuje pokro\u010dil\u00e9 v\u00fdrobn\u00e9 trad\u00edcie s progres\u00edvnym pr\u00edstupom. V\u010faka dlhoro\u010dn\u00fdm sk\u00fasenostiam v oblasti hydraulick\u00fdch syst\u00e9mov sa spolo\u010dnos\u0165 FMP transformovala na modern\u00fd podnik, ktor\u00fd vynik\u00e1 vo v\u00fdskume, dizajne a v\u00fdrobe. Pon\u00fakame \u0161irok\u00fa \u0161k\u00e1lu hydraulick\u00fdch valcov vr\u00e1tane dvoj\u010dinn\u00fdch valcov, zdv\u00edhac\u00edch valcov pre automobily, valcov pre po\u013enohospod\u00e1rske stroje a na mieru vyroben\u00fdch rie\u0161en\u00ed pre r\u00f4zne priemyseln\u00e9 aplik\u00e1cie. \u010ci u\u017e ide o stavebn\u00edctvo, priemyseln\u00e9 in\u0161tal\u00e1cie, po\u013enohospod\u00e1rstvo alebo \u0165a\u017ek\u00e9 stroje, na\u0161e hydraulick\u00e9 valce s\u00fa navrhnut\u00e9 tak, aby fungovali v najn\u00e1ro\u010dnej\u0161\u00edch podmienkach a zabezpe\u010dovali bezpe\u010dnos\u0165, \u00fa\u010dinnos\u0165 a dlh\u00fa \u017eivotnos\u0165.<\/p>\n<p>V spolo\u010dnosti FMP sme hrd\u00ed na na\u0161e najmodernej\u0161ie v\u00fdrobn\u00e9 zariadenia, ktor\u00e9 s\u00fa vybaven\u00e9 presn\u00fdmi strojmi a pokro\u010dil\u00fdmi testovac\u00edmi syst\u00e9mami. Na\u0161e v\u00fdrobn\u00e9 procesy sp\u013a\u0148aj\u00fa pr\u00edsne n\u00e1rodn\u00e9 a medzin\u00e1rodn\u00e9 normy, \u010do zaru\u010duje, \u017ee ka\u017ed\u00fd vyroben\u00fd hydraulick\u00fd valec sp\u013a\u0148a najvy\u0161\u0161ie \u0161tandardy kvality a spo\u013eahlivosti. N\u00e1\u0161 sk\u00fasen\u00fd technick\u00fd t\u00edm, podporovan\u00fd najmodernej\u0161\u00edm vybaven\u00edm, n\u00e1m umo\u017e\u0148uje udr\u017eiava\u0165 pr\u00edsnu kontrolu kvality v ka\u017edej f\u00e1ze v\u00fdroby \u2013 od v\u00fdberu surov\u00edn a\u017e po kone\u010dn\u00fa kontrolu. Tento z\u00e1v\u00e4zok k dokonalosti n\u00e1m priniesol certifik\u00e1cie a uznanie od priemyseln\u00fdch autor\u00edt, \u010do \u010falej upev\u0148uje na\u0161u reput\u00e1ciu spo\u013eahliv\u00e9ho partnera.<\/p>\n<p><img loading=\"lazy\" decoding=\"async\" class=\"alignnone size-full wp-image-6720\" src=\"https:\/\/fmp-components.com\/wp-content\/uploads\/2025\/03\/hydraulic-cylinder-8.webp\" alt=\"Teleskopick\u00e9 hydraulick\u00e9 valce\" width=\"933\" height=\"526\" title=\"\" srcset=\"https:\/\/fmp-components.com\/wp-content\/uploads\/2025\/03\/hydraulic-cylinder-8.webp 933w, https:\/\/fmp-components.com\/wp-content\/uploads\/2025\/03\/hydraulic-cylinder-8-480x271.webp 480w\" sizes=\"(min-width: 0px) and (max-width: 480px) 480px, (min-width: 481px) 933px, 100vw\" \/><\/p>\n<p>Na\u0161e poslanie je priamo\u010diare, no z\u00e1rove\u0148 ambici\u00f3zne: dod\u00e1va\u0165 hydraulick\u00e9 valce, ktor\u00e9 prekon\u00e1vaj\u00fa o\u010dak\u00e1vania vo v\u00fdkone, odolnosti a hodnote. Riadime sa princ\u00edpmi profesionality, integrity a zamerania na z\u00e1kazn\u00edka, pestujeme kult\u00faru inov\u00e1ci\u00ed a prec\u00edznosti a neust\u00e1le zdokona\u013eujeme na\u0161e produkty, aby sme zostali konkurencieschopn\u00ed na trhu. N\u00e1\u0161 komplexn\u00fd sortiment produktov a schopnos\u0165 poskytova\u0165 rie\u0161enia na mieru n\u00e1s stavaj\u00fa do poz\u00edcie preferovanej vo\u013eby pre firmy h\u013eadaj\u00face vysoko v\u00fdkonn\u00e9 hydraulick\u00e9 valce.<\/p>\n<p>FMP je viac ne\u017e len v\u00fdrobca; sme partnerom vo va\u0161om \u00faspechu. Ch\u00e1peme, \u017ee na\u0161i z\u00e1kazn\u00edci sa na n\u00e1s spoliehaj\u00fa, pokia\u013e ide o n\u00e1stroje, ktor\u00e9 zvy\u0161uj\u00fa produktivitu a bezpe\u010dnos\u0165. Preto sa zav\u00e4zujeme dod\u00e1va\u0165 nielen \u0161pi\u010dkov\u00e9 produkty, ale aj v\u00fdnimo\u010dn\u00fd servis. Od \u00favodnej konzult\u00e1cie a\u017e po popredajn\u00fa podporu \u00fazko spolupracujeme s na\u0161imi klientmi, aby sme zabezpe\u010dili, \u017ee ich potreby bud\u00fa splnen\u00e9 s profesionalitou a starostlivos\u0165ou. Na\u0161e konkurencieschopn\u00e9 ceny v kombin\u00e1cii s neochvejn\u00fdm z\u00e1v\u00e4zkom ku kvalite robia z FMP inteligentn\u00fa vo\u013ebu pre spolo\u010dnosti, ktor\u00e9 chc\u00fa investova\u0165 do d\u00f4veryhodn\u00fdch hydraulick\u00fdch rie\u0161en\u00ed.<\/p>","protected":false},"excerpt":{"rendered":"<p>Factory Direct Sale 20 Ton Dump Truck Hoist Hydraulic Cylinder Take a closer look at our Factory Direct Sale 20 Ton Dump Truck Hoist Hydraulic Cylinder. This piece of equipment, designed to lift heavy loads with precision and ease, is an essential tool in the machinery repair, farming, energy &amp; mining, and machinery manufacturing industries. [&hellip;]<\/p>","protected":false},"featured_media":6719,"comment_status":"closed","ping_status":"closed","template":"","meta":{"_et_pb_use_builder":"","_et_pb_old_content":"","_et_gb_content_width":""},"product_brand":[],"product_cat":[103],"product_tag":[34,105],"class_list":{"0":"post-6577","1":"product","2":"type-product","3":"status-publish","4":"has-post-thumbnail","6":"product_cat-telescopic-hydraulic-cylinders","7":"product_tag-hydraulic-cylinder","8":"product_tag-telescopic-hydraulic-cylinders","10":"first","11":"instock","12":"product-type-simple"},"_links":{"self":[{"href":"https:\/\/fmp-components.com\/sk\/wp-json\/wp\/v2\/product\/6577","targetHints":{"allow":["GET"]}}],"collection":[{"href":"https:\/\/fmp-components.com\/sk\/wp-json\/wp\/v2\/product"}],"about":[{"href":"https:\/\/fmp-components.com\/sk\/wp-json\/wp\/v2\/types\/product"}],"replies":[{"embeddable":true,"href":"https:\/\/fmp-components.com\/sk\/wp-json\/wp\/v2\/comments?post=6577"}],"wp:featuredmedia":[{"embeddable":true,"href":"https:\/\/fmp-components.com\/sk\/wp-json\/wp\/v2\/media\/6719"}],"wp:attachment":[{"href":"https:\/\/fmp-components.com\/sk\/wp-json\/wp\/v2\/media?parent=6577"}],"wp:term":[{"taxonomy":"product_brand","embeddable":true,"href":"https:\/\/fmp-components.com\/sk\/wp-json\/wp\/v2\/product_brand?post=6577"},{"taxonomy":"product_cat","embeddable":true,"href":"https:\/\/fmp-components.com\/sk\/wp-json\/wp\/v2\/product_cat?post=6577"},{"taxonomy":"product_tag","embeddable":true,"href":"https:\/\/fmp-components.com\/sk\/wp-json\/wp\/v2\/product_tag?post=6577"}],"curies":[{"name":"pracovn\u00fd list","href":"https:\/\/api.w.org\/{rel}","templated":true}]}}