{"id":6574,"date":"2025-03-11T06:31:13","date_gmt":"2025-03-11T06:31:13","guid":{"rendered":"https:\/\/fmp-components.com\/product\/factory-direct-sale-dump-truck-hoist-hydraulic-cylinder"},"modified":"2025-03-12T05:02:44","modified_gmt":"2025-03-12T05:02:44","slug":"factory-direct-sale-dump-truck-hoist-hydraulic-cylinder","status":"publish","type":"product","link":"https:\/\/fmp-components.com\/sk\/product\/factory-direct-sale-dump-truck-hoist-hydraulic-cylinder\/","title":{"rendered":"Hydraulick\u00fd valec pre zdvih\u00e1k n\u00e1kladn\u00e9ho vozidla s priamym predajom z tov\u00e1rne"},"content":{"rendered":"<h2>Hydraulick\u00fd valec pre zdvih\u00e1k n\u00e1kladn\u00e9ho vozidla s priamym predajom z tov\u00e1rne<\/h2>\n<p>Vitajte vo svete hydraulick\u00fdch valcov! Predstavujeme v\u00e1m n\u00e1\u0161 nov\u00fd produkt \u2013 hydraulick\u00fd valec pre zdvih\u00e1k skl\u00e1pa\u010da, ktor\u00fd je priamo pred\u00e1van\u00fd z v\u00fdroby. Tento hydraulick\u00fd valec, majstrovsk\u00e9 dielo in\u017einierstva, je navrhnut\u00fd pre vysok\u00fd v\u00fdkon, \u00fa\u010dinnos\u0165 a odolnos\u0165. Je to dokonal\u00e9 rie\u0161enie pre opravovne strojov, farmy, energetiku, ban\u00edctvo, v\u00fdrobu strojov a stroj\u00e1rne.<\/p>\n<h3>Funkcia a v\u00fdznam<\/h3>\n<p>Hydraulick\u00fd valec pre zdvih\u00e1k skl\u00e1pa\u010da zohr\u00e1va k\u013e\u00fa\u010dov\u00fa \u00falohu v prev\u00e1dzke v\u00e1\u0161ho stroja. Transformuje hydraulick\u00fa energiu na mechanick\u00fa energiu, \u010d\u00edm u\u013eah\u010duje a zefekt\u00edv\u0148uje va\u0161u pr\u00e1cu.<\/p>\n<h3>\u0160pecifik\u00e1cie produktu<\/h3>\n<p>N\u00e1\u0161 hydraulick\u00fd valec je vyroben\u00fd z vysoko kvalitnej ocele, \u010do zaru\u010duje maxim\u00e1lnu odolnos\u0165 a spo\u013eahlivos\u0165. Pre v\u00e1\u0161 pokoj v du\u0161i sa na\u0148 vz\u0165ahuje jednoro\u010dn\u00e1 z\u00e1ruka.<\/p>\n<table style=\"width: 96.7113%;\" border=\"\">\n<tbody>\n<tr>\n<td style=\"width: 42.9379%;\">Ve\u013ekos\u0165 otvoru<\/td>\n<td style=\"width: 457.062%;\">2-6 palcov<\/td>\n<\/tr>\n<tr>\n<td style=\"width: 42.9379%;\">Ve\u013ekos\u0165 ty\u010de<\/td>\n<td style=\"width: 457.062%;\">1,125-4 palca<\/td>\n<\/tr>\n<tr>\n<td style=\"width: 42.9379%;\">Ve\u013ekos\u0165 \u0165ahu<\/td>\n<td style=\"width: 457.062%;\">4-100 palcov<\/td>\n<\/tr>\n<tr>\n<td style=\"width: 42.9379%;\">Ve\u013ekos\u0165 \u010dapu<\/td>\n<td style=\"width: 457.062%;\">0,5-2 palce<\/td>\n<\/tr>\n<tr>\n<td style=\"width: 42.9379%;\">Porty<\/td>\n<td style=\"width: 457.062%;\">G\/SAE\/NPT\/M<\/td>\n<\/tr>\n<\/tbody>\n<\/table>\n<h2>K\u013e\u00fa\u010dov\u00e9 vlastnosti a v\u00fdhody<\/h2>\n<ul>\n<li>Energeticky \u00fasporn\u00fd: N\u00e1\u0161 hydraulick\u00fd valec pon\u00faka maxim\u00e1lny v\u00fdkon s minim\u00e1lnou spotrebou energie.<\/li>\n<li>Odoln\u00fd: Vyroben\u00fd z vysoko kvalitnej ocele, odol\u00e1 n\u00e1ro\u010dn\u00fdm podmienkam a vydr\u017e\u00ed roky.<\/li>\n<li>Vysok\u00fd v\u00fdkon: S maxim\u00e1lnym \u0165ahom 3000 a maxim\u00e1lnym \u0165ahom 20 ton zais\u0165uje vysok\u00fd v\u00fdkon v r\u00f4znych aplik\u00e1ci\u00e1ch.<\/li>\n<\/ul>\n<h2>Hydraulick\u00e9 syst\u00e9my a princ\u00edpy fungovania<\/h2>\n<p>Hydraulick\u00fd valec zdv\u00edhacieho zariadenia skl\u00e1pa\u010da je d\u00f4le\u017eitou s\u00fa\u010das\u0165ou hydraulick\u00e9ho syst\u00e9mu, ktor\u00fd funguje na princ\u00edpe premeny hydraulickej energie na mechanick\u00fd pohyb. Tento proces vytv\u00e1ra silu na ty\u010d valca, \u010do jej umo\u017e\u0148uje pohybova\u0165 sa a efekt\u00edvne vykon\u00e1va\u0165 r\u00f4zne \u00falohy.<\/p>\n<p><img loading=\"lazy\" decoding=\"async\" class=\"alignnone wp-image-6661\" src=\"https:\/\/fmp-components.com\/wp-content\/uploads\/2025\/03\/telescopic-hydraulic-cylinder-10.webp\" alt=\"teleskopick\u00fd hydraulick\u00fd valec\" width=\"919\" height=\"919\" title=\"\" srcset=\"https:\/\/fmp-components.com\/wp-content\/uploads\/2025\/03\/telescopic-hydraulic-cylinder-10.webp 919w, https:\/\/fmp-components.com\/wp-content\/uploads\/2025\/03\/telescopic-hydraulic-cylinder-10-480x480.webp 480w\" sizes=\"(min-width: 0px) and (max-width: 480px) 480px, (min-width: 481px) 919px, 100vw\" \/><\/p>\n<h2>Hydraulick\u00e9 valce a pohonn\u00e9 jednotky<\/h2>\n<p>Hydraulick\u00e9 valce a pohonn\u00e9 jednotky s\u00fa z\u00e1kladn\u00fdmi prvkami hydraulick\u00e9ho syst\u00e9mu, ktor\u00e9 bezprobl\u00e9movo spolupracuj\u00fa a zabezpe\u010duj\u00fa \u0161irok\u00e9 uplatnenie hydraulickej technol\u00f3gie v mnoh\u00fdch odvetviach. T\u00e1to spolupr\u00e1ca poskytuje spo\u013eahliv\u00fd v\u00fdkon a riadenie pre r\u00f4zne technick\u00e9 a mechanick\u00e9 zariadenia. Hydraulick\u00e9 valce funguj\u00fa ako ovl\u00e1da\u010de, ktor\u00e9 premie\u0148aj\u00fa hydraulick\u00fa energiu na mechanick\u00fd pohyb transform\u00e1ciou tlaku na silu. Pohonn\u00e1 jednotka z\u00e1rove\u0148 sl\u00fa\u017ei ako srdce syst\u00e9mu a dod\u00e1va potrebn\u00fa energiu a riadiace sign\u00e1ly. T\u00e1to koordinovan\u00e1 prev\u00e1dzka je nevyhnutn\u00e1 pre bezprobl\u00e9mov\u00e9 fungovanie hydraulick\u00e9ho syst\u00e9mu. V spolo\u010dnosti FMP sme hrd\u00ed na to, \u017ee pon\u00fakame hydraulick\u00e9 valce aj pohonn\u00e9 jednotky, \u010d\u00edm zabezpe\u010dujeme, aby na\u0161i z\u00e1kazn\u00edci mali pr\u00edstup ku komplexn\u00fdm rie\u0161eniam pre svoje hydraulick\u00e9 potreby.<\/p>\n<h2>\u010casto kladen\u00e9 ot\u00e1zky<\/h2>\n<p>Ot\u00e1zka: Ak\u00e1 je va\u0161a dodacia lehota?<br \/>\nA: Vo v\u0161eobecnosti je to 25-35 dn\u00ed.<\/p>\n<p>Ot\u00e1zka: Poskytujete vzorky?<br \/>\nA: \u00c1no, mohli by sme pon\u00faknu\u0165 vzorku, ale nie je zadarmo.<\/p>\n<p>Ot\u00e1zka: M\u00f4\u017eete vyrobi\u0165 pod\u013ea vzoriek?<br \/>\nA: \u00c1no, vieme vyrobi\u0165 pod\u013ea va\u0161ich vzoriek alebo technick\u00fdch v\u00fdkresov. Vieme vyrobi\u0165 formy a up\u00ednacie pr\u00edpravky.<\/p>\n<p><img loading=\"lazy\" decoding=\"async\" class=\"alignnone size-full wp-image-6660\" src=\"https:\/\/fmp-components.com\/wp-content\/uploads\/2025\/03\/hydraulic-cylinder-workshop-4.webp\" alt=\"teleskopick\u00fd hydraulick\u00fd valec\" width=\"914\" height=\"733\" title=\"\" srcset=\"https:\/\/fmp-components.com\/wp-content\/uploads\/2025\/03\/hydraulic-cylinder-workshop-4.webp 914w, https:\/\/fmp-components.com\/wp-content\/uploads\/2025\/03\/hydraulic-cylinder-workshop-4-480x385.webp 480w\" sizes=\"(min-width: 0px) and (max-width: 480px) 480px, (min-width: 481px) 914px, 100vw\" \/><\/p>\n<h3>O FMP<\/h3>\n<p>FMP je popredn\u00fd taliansky v\u00fdrobca \u0161pecializuj\u00faci sa na n\u00e1vrh, v\u00fdvoj a v\u00fdrobu vysokokvalitn\u00fdch hydraulick\u00fdch valcov. S dedi\u010dstvom vybudovan\u00fdm na desa\u0165ro\u010diach odborn\u00fdch znalost\u00ed odborne sp\u00e1jame talianske remeseln\u00e9 spracovanie s inovat\u00edvnymi technol\u00f3giami, aby sme dod\u00e1vali v\u00fdnimo\u010dn\u00e9 hydraulick\u00e9 rie\u0161enia prisp\u00f4soben\u00e9 rozmanit\u00fdm potreb\u00e1m na\u0161ich glob\u00e1lnych klientov. Spolo\u010dnos\u0165 FMP so s\u00eddlom v Taliansku, centre in\u017einierskej excelentnosti, je d\u00f4veryhodn\u00fdm menom v hydraulickom priemysle, ktor\u00e9 sa venuje poskytovaniu spo\u013eahliv\u00fdch, odoln\u00fdch a inovat\u00edvnych produktov, ktor\u00e9 posil\u0148uj\u00fa podniky na celom svete.<\/p>\n<p>Na\u0161a spolo\u010dnos\u0165 kombinuje pokro\u010dil\u00e9 v\u00fdrobn\u00e9 trad\u00edcie s progres\u00edvnym pr\u00edstupom. V\u010faka dlhoro\u010dn\u00fdm sk\u00fasenostiam v oblasti hydraulick\u00fdch syst\u00e9mov sa spolo\u010dnos\u0165 FMP transformovala na modern\u00fd podnik, ktor\u00fd vynik\u00e1 vo v\u00fdskume, dizajne a v\u00fdrobe. Pon\u00fakame \u0161irok\u00fa \u0161k\u00e1lu hydraulick\u00fdch valcov vr\u00e1tane dvoj\u010dinn\u00fdch valcov, zdv\u00edhac\u00edch valcov pre automobily, valcov pre po\u013enohospod\u00e1rske stroje a na mieru vyroben\u00fdch rie\u0161en\u00ed pre r\u00f4zne priemyseln\u00e9 aplik\u00e1cie. \u010ci u\u017e ide o stavebn\u00edctvo, priemyseln\u00e9 in\u0161tal\u00e1cie, po\u013enohospod\u00e1rstvo alebo \u0165a\u017ek\u00e9 stroje, na\u0161e hydraulick\u00e9 valce s\u00fa navrhnut\u00e9 tak, aby fungovali v najn\u00e1ro\u010dnej\u0161\u00edch podmienkach a zabezpe\u010dovali bezpe\u010dnos\u0165, \u00fa\u010dinnos\u0165 a dlh\u00fa \u017eivotnos\u0165.<\/p>\n<p>V spolo\u010dnosti FMP sme hrd\u00ed na na\u0161e najmodernej\u0161ie v\u00fdrobn\u00e9 zariadenia, ktor\u00e9 s\u00fa vybaven\u00e9 presn\u00fdmi strojmi a pokro\u010dil\u00fdmi testovac\u00edmi syst\u00e9mami. Na\u0161e v\u00fdrobn\u00e9 procesy sp\u013a\u0148aj\u00fa pr\u00edsne n\u00e1rodn\u00e9 a medzin\u00e1rodn\u00e9 normy, \u010do zaru\u010duje, \u017ee ka\u017ed\u00fd vyroben\u00fd hydraulick\u00fd valec sp\u013a\u0148a najvy\u0161\u0161ie \u0161tandardy kvality a spo\u013eahlivosti. N\u00e1\u0161 sk\u00fasen\u00fd technick\u00fd t\u00edm, podporovan\u00fd najmodernej\u0161\u00edm vybaven\u00edm, n\u00e1m umo\u017e\u0148uje udr\u017eiava\u0165 pr\u00edsnu kontrolu kvality v ka\u017edej f\u00e1ze v\u00fdroby \u2013 od v\u00fdberu surov\u00edn a\u017e po kone\u010dn\u00fa kontrolu. Tento z\u00e1v\u00e4zok k dokonalosti n\u00e1m priniesol certifik\u00e1cie a uznanie od priemyseln\u00fdch autor\u00edt, \u010do \u010falej upev\u0148uje na\u0161u reput\u00e1ciu spo\u013eahliv\u00e9ho partnera.<\/p>\n<p><img loading=\"lazy\" decoding=\"async\" class=\"alignnone size-full wp-image-6720\" src=\"https:\/\/fmp-components.com\/wp-content\/uploads\/2025\/03\/hydraulic-cylinder-8.webp\" alt=\"Teleskopick\u00e9 hydraulick\u00e9 valce\" width=\"933\" height=\"526\" title=\"\" srcset=\"https:\/\/fmp-components.com\/wp-content\/uploads\/2025\/03\/hydraulic-cylinder-8.webp 933w, https:\/\/fmp-components.com\/wp-content\/uploads\/2025\/03\/hydraulic-cylinder-8-480x271.webp 480w\" sizes=\"(min-width: 0px) and (max-width: 480px) 480px, (min-width: 481px) 933px, 100vw\" \/><\/p>\n<p>Na\u0161e poslanie je priamo\u010diare, no z\u00e1rove\u0148 ambici\u00f3zne: dod\u00e1va\u0165 hydraulick\u00e9 valce, ktor\u00e9 prekon\u00e1vaj\u00fa o\u010dak\u00e1vania vo v\u00fdkone, odolnosti a hodnote. Riadime sa princ\u00edpmi profesionality, integrity a zamerania na z\u00e1kazn\u00edka, pestujeme kult\u00faru inov\u00e1ci\u00ed a prec\u00edznosti a neust\u00e1le zdokona\u013eujeme na\u0161e produkty, aby sme zostali konkurencieschopn\u00ed na trhu. N\u00e1\u0161 komplexn\u00fd sortiment produktov a schopnos\u0165 poskytova\u0165 rie\u0161enia na mieru n\u00e1s stavaj\u00fa do poz\u00edcie preferovanej vo\u013eby pre firmy h\u013eadaj\u00face vysoko v\u00fdkonn\u00e9 hydraulick\u00e9 valce.<\/p>\n<p>FMP je viac ne\u017e len v\u00fdrobca; sme partnerom vo va\u0161om \u00faspechu. Ch\u00e1peme, \u017ee na\u0161i z\u00e1kazn\u00edci sa na n\u00e1s spoliehaj\u00fa, pokia\u013e ide o n\u00e1stroje, ktor\u00e9 zvy\u0161uj\u00fa produktivitu a bezpe\u010dnos\u0165. Preto sa zav\u00e4zujeme dod\u00e1va\u0165 nielen \u0161pi\u010dkov\u00e9 produkty, ale aj v\u00fdnimo\u010dn\u00fd servis. Od \u00favodnej konzult\u00e1cie a\u017e po popredajn\u00fa podporu \u00fazko spolupracujeme s na\u0161imi klientmi, aby sme zabezpe\u010dili, \u017ee ich potreby bud\u00fa splnen\u00e9 s profesionalitou a starostlivos\u0165ou. Na\u0161e konkurencieschopn\u00e9 ceny v kombin\u00e1cii s neochvejn\u00fdm z\u00e1v\u00e4zkom ku kvalite robia z FMP inteligentn\u00fa vo\u013ebu pre spolo\u010dnosti, ktor\u00e9 chc\u00fa investova\u0165 do d\u00f4veryhodn\u00fdch hydraulick\u00fdch rie\u0161en\u00ed.<\/p>","protected":false},"excerpt":{"rendered":"<p>Factory Direct Sale Dump Truck Hoist Hydraulic Cylinder Welcome to the world of hydraulic cylinders! Introducing our new product &#8211; the Factory Direct Sale Dump Truck Hoist Hydraulic Cylinder. A masterpiece of engineering, this hydraulic cylinder is designed for high performance, efficiency, and durability. It&#8217;s the ultimate solution for machinery repair shops, farms, energy, mining, [&hellip;]<\/p>","protected":false},"featured_media":6715,"comment_status":"closed","ping_status":"closed","template":"","meta":{"_et_pb_use_builder":"","_et_pb_old_content":"","_et_gb_content_width":""},"product_brand":[],"product_cat":[103],"product_tag":[34,105],"class_list":{"0":"post-6574","1":"product","2":"type-product","3":"status-publish","4":"has-post-thumbnail","6":"product_cat-telescopic-hydraulic-cylinders","7":"product_tag-hydraulic-cylinder","8":"product_tag-telescopic-hydraulic-cylinders","10":"first","11":"instock","12":"product-type-simple"},"_links":{"self":[{"href":"https:\/\/fmp-components.com\/sk\/wp-json\/wp\/v2\/product\/6574","targetHints":{"allow":["GET"]}}],"collection":[{"href":"https:\/\/fmp-components.com\/sk\/wp-json\/wp\/v2\/product"}],"about":[{"href":"https:\/\/fmp-components.com\/sk\/wp-json\/wp\/v2\/types\/product"}],"replies":[{"embeddable":true,"href":"https:\/\/fmp-components.com\/sk\/wp-json\/wp\/v2\/comments?post=6574"}],"wp:featuredmedia":[{"embeddable":true,"href":"https:\/\/fmp-components.com\/sk\/wp-json\/wp\/v2\/media\/6715"}],"wp:attachment":[{"href":"https:\/\/fmp-components.com\/sk\/wp-json\/wp\/v2\/media?parent=6574"}],"wp:term":[{"taxonomy":"product_brand","embeddable":true,"href":"https:\/\/fmp-components.com\/sk\/wp-json\/wp\/v2\/product_brand?post=6574"},{"taxonomy":"product_cat","embeddable":true,"href":"https:\/\/fmp-components.com\/sk\/wp-json\/wp\/v2\/product_cat?post=6574"},{"taxonomy":"product_tag","embeddable":true,"href":"https:\/\/fmp-components.com\/sk\/wp-json\/wp\/v2\/product_tag?post=6574"}],"curies":[{"name":"pracovn\u00fd list","href":"https:\/\/api.w.org\/{rel}","templated":true}]}}