{"id":6573,"date":"2025-03-11T06:31:13","date_gmt":"2025-03-11T06:31:13","guid":{"rendered":"https:\/\/fmp-components.com\/product\/good-quality-4-stage-double-acting-telescopic-multistage-hydraulic-cylinder"},"modified":"2025-03-14T02:28:31","modified_gmt":"2025-03-14T02:28:31","slug":"good-quality-4-stage-double-acting-telescopic-multistage-hydraulic-cylinder","status":"publish","type":"product","link":"https:\/\/fmp-components.com\/sk\/product\/good-quality-4-stage-double-acting-telescopic-multistage-hydraulic-cylinder\/","title":{"rendered":"Kvalitn\u00fd 4-stup\u0148ov\u00fd dvoj\u010dinn\u00fd teleskopick\u00fd viacstup\u0148ov\u00fd hydraulick\u00fd valec"},"content":{"rendered":"<h2>Kvalitn\u00fd 4-stup\u0148ov\u00fd dvoj\u010dinn\u00fd teleskopick\u00fd viacstup\u0148ov\u00fd hydraulick\u00fd valec<\/h2>\n<p>Predstavujeme \u0161pi\u010dkov\u00fd, vysoko v\u00fdkonn\u00fd 4-stup\u0148ov\u00fd dvoj\u010dinn\u00fd teleskopick\u00fd hydraulick\u00fd valec. Tento hydraulick\u00fd valec je dokonalou kombin\u00e1ciou vynikaj\u00facej kvality a robustnej kon\u0161trukcie a je navrhnut\u00fd tak, aby vyhovoval r\u00f4znym odvetviam vr\u00e1tane opravovn\u00ed strojov, fariem, energetiky a ban\u00edctva, v\u00fdroby strojov a stroj\u00e1rskych z\u00e1vodov.<\/p>\n<h3>K\u013e\u00fa\u010dov\u00e9 vlastnosti a funk\u010dnos\u0165<\/h3>\n<p>Hydraulick\u00fd valec je z\u00e1kladnou s\u00fa\u010das\u0165ou hydraulick\u00fdch syst\u00e9mov, premie\u0148a hydraulick\u00fa energiu na mechanick\u00fa energiu a generuje line\u00e1rny pohyb a silu potrebn\u00fa na pohyb strojov\u00fdch spojov a n\u00e1strojov. Tento produkt je navrhnut\u00fd s maxim\u00e1lnym \u0165ahom 3000 a maxim\u00e1lnym \u0165ahom ohromuj\u00facich 20 ton, v\u010faka \u010domu je ide\u00e1lny pre n\u00e1ro\u010dn\u00e9 aplik\u00e1cie.<\/p>\n<h3>\u0160pecifik\u00e1cie<\/h3>\n<p>\u0160pecifik\u00e1 tohto produktu boli starostlivo navrhnut\u00e9 tak, aby zabezpe\u010dili maxim\u00e1lnu \u00fa\u010dinnos\u0165 a dlh\u00fa \u017eivotnos\u0165.<\/p>\n<table style=\"width: 97.8678%;\" border=\"\">\n<tbody>\n<tr>\n<th style=\"width: 42.8571%;\">Ve\u013ekos\u0165 otvoru<\/th>\n<th style=\"width: 397.143%;\">2-6 palcov<\/th>\n<\/tr>\n<tr>\n<td style=\"width: 42.8571%;\">Ve\u013ekos\u0165 ty\u010de<\/td>\n<td style=\"width: 397.143%;\">1,125-4 palca<\/td>\n<\/tr>\n<tr>\n<td style=\"width: 42.8571%;\">Ve\u013ekos\u0165 \u0165ahu<\/td>\n<td style=\"width: 397.143%;\">4-100 palcov<\/td>\n<\/tr>\n<tr>\n<td style=\"width: 42.8571%;\">Ve\u013ekos\u0165 \u010dapu<\/td>\n<td style=\"width: 397.143%;\">0,5-2 palce<\/td>\n<\/tr>\n<tr>\n<td style=\"width: 42.8571%;\">Porty<\/td>\n<td style=\"width: 397.143%;\">G\/SAE\/NPT\/M<\/td>\n<\/tr>\n<\/tbody>\n<\/table>\n<h2>Charakteristick\u00e9 znaky<\/h2>\n<ul>\n<li>Energeticky \u00fasporn\u00fd: Tento hydraulick\u00fd valec je navrhnut\u00fd tak, aby maximalizoval v\u00fdkon a z\u00e1rove\u0148 minimalizoval spotrebu energie.<\/li>\n<li>Vysok\u00fd v\u00fdkon: Pon\u00faka bezkonkuren\u010dn\u00fd v\u00fdkon s maxim\u00e1lnym \u0165ahom 3000 a maxim\u00e1lnym \u0165ahom 20 ton.<\/li>\n<li>Bezpe\u010dnos\u0165: Produkt je navrhnut\u00fd s najvy\u0161\u0161\u00edmi bezpe\u010dnostn\u00fdmi \u0161tandardmi, aby sa zabezpe\u010dila bezrizikov\u00e1 prev\u00e1dzka.<\/li>\n<\/ul>\n<p><img loading=\"lazy\" decoding=\"async\" class=\"alignnone  wp-image-6663\" src=\"https:\/\/fmp-components.com\/wp-content\/uploads\/2025\/03\/telescopic-hydraulic-cylinder-11.webp\" alt=\"teleskopick\u00fd hydraulick\u00fd valec\" width=\"794\" height=\"794\" title=\"\" srcset=\"https:\/\/fmp-components.com\/wp-content\/uploads\/2025\/03\/telescopic-hydraulic-cylinder-11.webp 794w, https:\/\/fmp-components.com\/wp-content\/uploads\/2025\/03\/telescopic-hydraulic-cylinder-11-480x480.webp 480w\" sizes=\"(min-width: 0px) and (max-width: 480px) 480px, (min-width: 481px) 794px, 100vw\" \/><\/p>\n<h2>Hydraulick\u00e9 syst\u00e9my a princ\u00edpy fungovania<\/h2>\n<p>Hydraulick\u00fd valec funguje na z\u00e1kladnom princ\u00edpe vyu\u017eitia tlakovej hydraulickej kvapaliny na generovanie line\u00e1rnej sily a pohybu. Ke\u010f je hydraulick\u00e1 kvapalina vo valci natlakovan\u00e1, vytv\u00e1ra silu, ktor\u00e1 p\u00f4sob\u00ed na piest, \u010do vedie k pohybu. Tento mechanizmus je k\u013e\u00fa\u010dov\u00fd pre premenu hydraulickej energie na mechanick\u00fa energiu, \u010do umo\u017e\u0148uje vykon\u00e1vanie r\u00f4znych \u00faloh, ktor\u00e9 vy\u017eaduj\u00fa pevnos\u0165 a presnos\u0165. V\u0161estrannos\u0165 hydraulick\u00fdch valcov ich rob\u00ed nevyhnutn\u00fdmi v mnoh\u00fdch aplik\u00e1ci\u00e1ch, najm\u00e4 v \u0165a\u017ek\u00fdch strojoch, stavebn\u00fdch zariadeniach a ve\u013ek\u00fdch n\u00e1strojoch, kde je nevyhnutn\u00fd spo\u013eahliv\u00fd a v\u00fdkonn\u00fd v\u00fdkon.<\/p>\n<p>Hydraulick\u00e9 syst\u00e9my vyu\u017e\u00edvaj\u00fa tento princ\u00edp na zv\u00fd\u0161enie prev\u00e1dzkovej efekt\u00edvnosti v r\u00f4znych odvetviach. V\u010faka pou\u017eitiu hydraulickej kvapaliny dok\u00e1\u017eu tieto syst\u00e9my pren\u00e1\u0161a\u0165 v\u00fdkon na zna\u010dn\u00e9 vzdialenosti bez v\u00fdrazn\u00fdch str\u00e1t, v\u010faka \u010domu s\u00fa ide\u00e1lne pre aplik\u00e1cie, kde s\u00fa d\u00f4le\u017eit\u00e9 priestorov\u00e9 a hmotnostn\u00e9 obmedzenia. T\u00e1to schopnos\u0165 umo\u017e\u0148uje hydraulick\u00fdm valcom poskytn\u00fa\u0165 potrebn\u00fa silu na zdv\u00edhanie \u0165a\u017ek\u00fdch bremien, manipul\u00e1ciu so strojov\u00fdmi \u010das\u0165ami a jednoduch\u00e9 vykon\u00e1vanie zlo\u017eit\u00fdch \u00faloh.<\/p>\n<h2>Aplik\u00e1cie<\/h2>\n<p>Na\u0161e hydraulick\u00e9 valce sa hojne pou\u017e\u00edvaj\u00fa v r\u00f4znych odvetviach vr\u00e1tane opravovn\u00ed strojov, fariem, energetiky a ban\u00edctva, v\u00fdroby strojov a stroj\u00e1rskych z\u00e1vodov. V opravovniach strojov u\u013eah\u010duj\u00fa bezpe\u010dn\u00e9 zdv\u00edhanie a umiest\u0148ovanie \u0165a\u017ek\u00fdch zariaden\u00ed, \u010do technikom umo\u017e\u0148uje efekt\u00edvne vykon\u00e1va\u0165 \u00fadr\u017ebu a opravy. T\u00e1to funkcia je k\u013e\u00fa\u010dov\u00e1 pre zabezpe\u010denie prev\u00e1dzkyschopnosti a bezpe\u010dnosti pou\u017e\u00edvania strojov.<\/p>\n<p>V po\u013enohospod\u00e1rstve s\u00fa hydraulick\u00e9 valce nevyhnutn\u00e9 na ovl\u00e1danie po\u013enohospod\u00e1rskych strojov, ako s\u00fa traktory, pluhy a kombajny. Umo\u017e\u0148uj\u00fa po\u013enohospod\u00e1rom efekt\u00edvne zdv\u00edha\u0165 a nastavova\u0165 zariadenia, \u010d\u00edm v\u00fdrazne zvy\u0161uj\u00fa produktivitu a zni\u017euj\u00fa fyzick\u00fa z\u00e1\u0165a\u017e spojen\u00fa s manu\u00e1lnou pr\u00e1cou.<\/p>\n<p>Energetick\u00fd a \u0165a\u017eobn\u00fd priemysel sa tie\u017e vo ve\u013ekej miere spoliehaj\u00fa na hydraulick\u00e9 valce na pohon zariaden\u00ed, ako s\u00fa bagre a v\u0155ta\u010dky. Tieto valce poskytuj\u00fa silu potrebn\u00fa na vykon\u00e1vanie n\u00e1ro\u010dn\u00fdch \u00faloh, \u010d\u00edm zabezpe\u010duj\u00fa efekt\u00edvnu \u0165a\u017ebu zdrojov a manipul\u00e1ciu v n\u00e1ro\u010dn\u00fdch prostrediach.<\/p>\n<p>V sektore stroj\u00e1rstva s\u00fa na\u0161e hydraulick\u00e9 valce neoddelite\u013enou s\u00fa\u010das\u0165ou mont\u00e1\u017enych liniek a v\u00fdrobn\u00fdch procesov. Pom\u00e1haj\u00fa pri presnom pohybe komponentov, \u010d\u00edm prispievaj\u00fa k zlep\u0161eniu pracovn\u00fdch postupov a prev\u00e1dzkovej efekt\u00edvnosti. Ich spo\u013eahlivos\u0165 a v\u00fdkon s\u00fa k\u013e\u00fa\u010dov\u00e9 pre udr\u017eanie vysok\u00fdch v\u00fdrobn\u00fdch \u0161tandardov a minimaliz\u00e1ciu prestojov.<\/p>\n<h2>Hydraulick\u00e9 valce a pohonn\u00e9 jednotky<\/h2>\n<p>Hydraulick\u00e9 valce a pohonn\u00e9 jednotky s\u00fa neoddelite\u013enou s\u00fa\u010das\u0165ou ka\u017ed\u00e9ho hydraulick\u00e9ho syst\u00e9mu a spolo\u010dne pracuj\u00fa na poskytovan\u00ed efekt\u00edvneho v\u00fdkonu a ovl\u00e1dania. Pohonn\u00e1 jednotka sl\u00fa\u017ei ako zdroj energie pre syst\u00e9m, generuje a reguluje tlak hydraulickej kvapaliny potrebn\u00fd na prev\u00e1dzku hydraulick\u00fdch valcov. T\u00e1to synergia zabezpe\u010duje, \u017ee valce dost\u00e1vaj\u00fa potrebn\u00fa silu na efekt\u00edvne vykon\u00e1vanie svojich funkci\u00ed.<\/p>\n<p>Kombin\u00e1cia hydraulick\u00fdch valcov a pohonn\u00fdch jednotiek umo\u017e\u0148uje \u0161irok\u00e9 uplatnenie hydraulickej technol\u00f3gie v priemyselnej oblasti. Spolo\u010dne poskytuj\u00fa spo\u013eahliv\u00fa podporu nap\u00e1jania a riadenia pre r\u00f4zne technick\u00e9 a mechanick\u00e9 zariadenia, \u010do umo\u017e\u0148uje podnikom s istotou dosahova\u0165 svoje prev\u00e1dzkov\u00e9 ciele.<\/p>\n<p>V spolo\u010dnosti FMP pon\u00fakame nielen vysokokvalitn\u00e9 hydraulick\u00e9 valce, ale aj \u0161irok\u00fa \u0161k\u00e1lu pohonn\u00fdch jednotiek na predaj. Tento komplexn\u00fd pr\u00edstup zabezpe\u010duje, \u017ee na\u0161i z\u00e1kazn\u00edci maj\u00fa pr\u00edstup ku kompletn\u00fdm hydraulick\u00fdm rie\u0161eniam prisp\u00f4soben\u00fdm ich \u0161pecifick\u00fdm potreb\u00e1m. Poskytovan\u00edm oboch komponentov pom\u00e1hame firm\u00e1m optimalizova\u0165 ich hydraulick\u00e9 syst\u00e9my, \u010d\u00edm zvy\u0161ujeme ich \u00fa\u010dinnos\u0165, spo\u013eahlivos\u0165 a celkov\u00fa produktivitu v r\u00f4znych aplik\u00e1ci\u00e1ch.<\/p>\n<h2>\u010casto kladen\u00e9 ot\u00e1zky<\/h2>\n<p><strong>Ot\u00e1zka: Ste obchodn\u00e1 spolo\u010dnos\u0165 alebo v\u00fdrobca?<\/strong><\/p>\n<p>A: Sme tov\u00e1re\u0148.<\/p>\n<p><strong>Ot\u00e1zka: Ak\u00e1 je va\u0161a dodacia lehota?<\/strong><\/p>\n<p>A: Vo v\u0161eobecnosti je to 25-35 dn\u00ed.<\/p>\n<p><strong>Ot\u00e1zka: Poskytujete vzorky?<\/strong><\/p>\n<p>A: \u00c1no, mohli by sme pon\u00faknu\u0165 vzorku, ale nie je zadarmo.<\/p>\n<h3>O FMP<\/h3>\n<p class=\"break-words\">FMP je popredn\u00fd taliansky v\u00fdrobca \u0161pecializuj\u00faci sa na n\u00e1vrh, v\u00fdvoj a v\u00fdrobu vysokokvalitn\u00fdch hydraulick\u00fdch valcov. S bohat\u00fdm dedi\u010dstvom zakorenen\u00fdm v desa\u0165ro\u010diach odborn\u00fdch znalost\u00ed hrdo kombinujeme talianske remeseln\u00e9 spracovanie s najmodernej\u0161ou technol\u00f3giou, aby sme dod\u00e1vali v\u00fdnimo\u010dn\u00e9 hydraulick\u00e9 rie\u0161enia prisp\u00f4soben\u00e9 rozmanit\u00fdm potreb\u00e1m na\u0161ich glob\u00e1lnych klientov. Spolo\u010dnos\u0165 FMP so s\u00eddlom v Taliansku, centre in\u017einierskej excelentnosti, je d\u00f4veryhodn\u00fdm menom v hydraulickom priemysle a je odhodlan\u00e1 poskytova\u0165 spo\u013eahliv\u00e9, odoln\u00e9 a inovat\u00edvne produkty, ktor\u00e9 posil\u0148uj\u00fa podniky na celom svete.<\/p>\n<p class=\"break-words\">Na\u0161a spolo\u010dnos\u0165 sp\u00e1ja to najlep\u0161ie z pokro\u010dil\u00fdch v\u00fdrobn\u00fdch trad\u00edci\u00ed s progres\u00edvnym pr\u00edstupom. V\u010faka dlhoro\u010dn\u00fdm sk\u00fasenostiam v oblasti hydraulick\u00fdch syst\u00e9mov sa spolo\u010dnos\u0165 FMP vyvinula v modern\u00fd podnik, ktor\u00fd vynik\u00e1 vo v\u00fdskume, dizajne a v\u00fdrobe. \u0160pecializujeme sa na \u0161irok\u00fa \u0161k\u00e1lu hydraulick\u00fdch valcov vr\u00e1tane dvoj\u010dinn\u00fdch valcov, zdv\u00edhac\u00edch valcov pre automobily, valcov pre po\u013enohospod\u00e1rske stroje a na mieru vyroben\u00fdch rie\u0161en\u00ed pre r\u00f4zne priemyseln\u00e9 aplik\u00e1cie. \u010ci u\u017e ide o stavebn\u00edctvo, priemyseln\u00e9 in\u0161tal\u00e1cie, po\u013enohospod\u00e1rstvo alebo \u0165a\u017ek\u00e9 stroje, na\u0161e hydraulick\u00e9 valce s\u00fa skon\u0161truovan\u00e9 tak, aby fungovali v naj\u0165a\u017e\u0161\u00edch podmienkach a zabezpe\u010dovali bezpe\u010dnos\u0165, \u00fa\u010dinnos\u0165 a dlh\u00fa \u017eivotnos\u0165.<\/p>\n<p><img loading=\"lazy\" decoding=\"async\" class=\"alignnone size-full wp-image-6720\" src=\"https:\/\/fmp-components.com\/wp-content\/uploads\/2025\/03\/hydraulic-cylinder-8.webp\" alt=\"Teleskopick\u00e9 hydraulick\u00e9 valce\" width=\"933\" height=\"526\" title=\"\" srcset=\"https:\/\/fmp-components.com\/wp-content\/uploads\/2025\/03\/hydraulic-cylinder-8.webp 933w, https:\/\/fmp-components.com\/wp-content\/uploads\/2025\/03\/hydraulic-cylinder-8-480x271.webp 480w\" sizes=\"(min-width: 0px) and (max-width: 480px) 480px, (min-width: 481px) 933px, 100vw\" \/><\/p>\n<p class=\"break-words\">V spolo\u010dnosti FMP sme hrd\u00ed na na\u0161e najmodernej\u0161ie v\u00fdrobn\u00e9 zariadenia, vybaven\u00e9 presn\u00fdmi strojmi a pokro\u010dil\u00fdmi testovac\u00edmi syst\u00e9mami. Na\u0161e v\u00fdrobn\u00e9 procesy sp\u013a\u0148aj\u00fa pr\u00edsne n\u00e1rodn\u00e9 a medzin\u00e1rodn\u00e9 normy, \u010do zabezpe\u010duje, \u017ee ka\u017ed\u00fd hydraulick\u00fd valec op\u00fa\u0161\u0165aj\u00faci na\u0161u tov\u00e1re\u0148 m\u00e1 vynikaj\u00facu kvalitu a spo\u013eahlivos\u0165. N\u00e1\u0161 sk\u00fasen\u00fd technick\u00fd t\u00edm v spojen\u00ed s najmodernej\u0161\u00edm vybaven\u00edm n\u00e1m umo\u017e\u0148uje udr\u017eiava\u0165 pr\u00edsnu kontrolu kvality v ka\u017edej f\u00e1ze v\u00fdroby \u2013 od v\u00fdberu surov\u00edn a\u017e po kone\u010dn\u00fa kontrolu. Toto odhodlanie k dokonalosti n\u00e1m prinieslo certifik\u00e1cie a uznanie od priemyseln\u00fdch autor\u00edt, \u010do \u010falej upev\u0148uje na\u0161u reput\u00e1ciu spo\u013eahliv\u00e9ho partnera.<\/p>\n<p class=\"break-words\">Na\u0161e poslanie je jednoduch\u00e9, no ambici\u00f3zne: poskytova\u0165 na\u0161im z\u00e1kazn\u00edkom hydraulick\u00e9 valce, ktor\u00e9 prekon\u00e1vaj\u00fa o\u010dak\u00e1vania v oblasti v\u00fdkonu, odolnosti a hodnoty. Pracujeme v s\u00falade s hlavn\u00fdmi princ\u00edpmi profesionality, integrity a zamerania sa na z\u00e1kazn\u00edka. Podporou kult\u00fary inov\u00e1ci\u00ed a presnosti neust\u00e1le zdokona\u013eujeme na\u0161e produkty, aby sme si udr\u017eali n\u00e1skok na konkuren\u010dnom trhu. N\u00e1\u0161 komplexn\u00fd sortiment produktov a schopnos\u0165 pon\u00faka\u0165 rie\u0161enia na mieru z n\u00e1s robia vo\u013ebu pre firmy, ktor\u00e9 h\u013eadaj\u00fa vysoko v\u00fdkonn\u00e9 hydraulick\u00e9 valce.<\/p>\n<p class=\"break-words\">FMP je viac ne\u017e len v\u00fdrobca \u2013 sme partnerom vo va\u0161om \u00faspechu. Ch\u00e1peme, \u017ee na\u0161i z\u00e1kazn\u00edci sa na n\u00e1s spoliehaj\u00fa, \u017ee im dod\u00e1me n\u00e1stroje, ktor\u00e9 zvy\u0161uj\u00fa ich produktivitu a bezpe\u010dnos\u0165. Preto sa zav\u00e4zujeme pon\u00faka\u0165 nielen \u0161pi\u010dkov\u00e9 produkty, ale aj v\u00fdnimo\u010dn\u00fd servis. Od \u00favodnej konzult\u00e1cie a\u017e po popredajn\u00fa podporu \u00fazko spolupracujeme s na\u0161imi klientmi, aby sme zabezpe\u010dili, \u017ee ich potreby bud\u00fa splnen\u00e9 s profesionalitou a starostlivos\u0165ou. Na\u0161e konkurencieschopn\u00e9 ceny v spojen\u00ed s na\u0161\u00edm neochvejn\u00fdm z\u00e1v\u00e4zkom ku kvalite robia z FMP inteligentn\u00fa vo\u013ebu pre spolo\u010dnosti, ktor\u00e9 chc\u00fa investova\u0165 do hydraulick\u00fdch rie\u0161en\u00ed, ktor\u00fdm m\u00f4\u017eu d\u00f4verova\u0165.<\/p>","protected":false},"excerpt":{"rendered":"<p>Good Quality 4 Stage Double Acting Telescopic Multistage Hydraulic Cylinder Introducing the top-notch, high-performing 4 Stage Double Acting Telescopic hydraulic cylinder. This hydraulic cylinder is a perfect blend of superior quality and robust engineering, designed to suit a variety of industries including Machinery Repair Shops, Farms, Energy &amp; Mining, Machinery manufacturing, and Machinery factories. Key [&hellip;]<\/p>","protected":false},"featured_media":6800,"comment_status":"closed","ping_status":"closed","template":"","meta":{"_et_pb_use_builder":"","_et_pb_old_content":"","_et_gb_content_width":""},"product_brand":[],"product_cat":[103],"product_tag":[34,105],"class_list":{"0":"post-6573","1":"product","2":"type-product","3":"status-publish","4":"has-post-thumbnail","6":"product_cat-telescopic-hydraulic-cylinders","7":"product_tag-hydraulic-cylinder","8":"product_tag-telescopic-hydraulic-cylinders","10":"first","11":"instock","12":"product-type-simple"},"_links":{"self":[{"href":"https:\/\/fmp-components.com\/sk\/wp-json\/wp\/v2\/product\/6573","targetHints":{"allow":["GET"]}}],"collection":[{"href":"https:\/\/fmp-components.com\/sk\/wp-json\/wp\/v2\/product"}],"about":[{"href":"https:\/\/fmp-components.com\/sk\/wp-json\/wp\/v2\/types\/product"}],"replies":[{"embeddable":true,"href":"https:\/\/fmp-components.com\/sk\/wp-json\/wp\/v2\/comments?post=6573"}],"wp:featuredmedia":[{"embeddable":true,"href":"https:\/\/fmp-components.com\/sk\/wp-json\/wp\/v2\/media\/6800"}],"wp:attachment":[{"href":"https:\/\/fmp-components.com\/sk\/wp-json\/wp\/v2\/media?parent=6573"}],"wp:term":[{"taxonomy":"product_brand","embeddable":true,"href":"https:\/\/fmp-components.com\/sk\/wp-json\/wp\/v2\/product_brand?post=6573"},{"taxonomy":"product_cat","embeddable":true,"href":"https:\/\/fmp-components.com\/sk\/wp-json\/wp\/v2\/product_cat?post=6573"},{"taxonomy":"product_tag","embeddable":true,"href":"https:\/\/fmp-components.com\/sk\/wp-json\/wp\/v2\/product_tag?post=6573"}],"curies":[{"name":"pracovn\u00fd list","href":"https:\/\/api.w.org\/{rel}","templated":true}]}}