{"id":6566,"date":"2025-03-11T06:29:39","date_gmt":"2025-03-11T06:29:39","guid":{"rendered":"https:\/\/fmp-components.com\/product\/quality-assurance-telescopic-hydraulic-cylinder-for-dump-trailer"},"modified":"2025-03-12T06:33:56","modified_gmt":"2025-03-12T06:33:56","slug":"quality-assurance-telescopic-hydraulic-cylinder-for-dump-trailer","status":"publish","type":"product","link":"https:\/\/fmp-components.com\/sk\/product\/quality-assurance-telescopic-hydraulic-cylinder-for-dump-trailer\/","title":{"rendered":"Teleskopick\u00fd hydraulick\u00fd valec pre skl\u00e1pac\u00ed pr\u00edves"},"content":{"rendered":"<h2>Teleskopick\u00fd hydraulick\u00fd valec pre skl\u00e1pac\u00ed pr\u00edves<\/h2>\n<p>Predstavujeme n\u00e1\u0161 najnov\u0161\u00ed produkt \u2013 teleskopick\u00fd hydraulick\u00fd valec pre skl\u00e1pacie n\u00e1vesy so zaru\u010den\u00edm kvality. Ide o \u0161pi\u010dkov\u00fd hydraulick\u00fd valec navrhnut\u00fd pre optim\u00e1lny v\u00fdkon v r\u00f4znych odvetviach vr\u00e1tane opravovn\u00ed strojov, fariem, energetiky a ban\u00edctva a stroj\u00e1rskych z\u00e1vodov.<\/p>\n<h2>Funkcie a funk\u010dnos\u0165<\/h2>\n<p>Teleskopick\u00fd hydraulick\u00fd valec je \u0161tandardn\u00fd viacstup\u0148ov\u00fd hydraulick\u00fd valec s piestovou kon\u0161trukciou. Pracuje na hydraulickej energii s telom vyroben\u00fdm z robustnej ocele. M\u00e1 maxim\u00e1lny \u0165ah 3000 a dok\u00e1\u017ee \u0165aha\u0165 a\u017e 20 ton. Valec sa dod\u00e1va s ro\u010dnou z\u00e1rukou a m\u00e1 certifik\u00e1t ISO9001:2000, \u010do sved\u010d\u00ed o vynikaj\u00facej kvalite produktu.<\/p>\n<table style=\"width: 95.4582%;\" border=\"\">\n<tbody>\n<tr>\n<th style=\"width: 43.5028%;\">Ve\u013ekos\u0165 otvoru<\/th>\n<td style=\"width: 461.017%;\">2-6 palcov<\/td>\n<\/tr>\n<tr>\n<th style=\"width: 43.5028%;\">Ve\u013ekos\u0165 ty\u010de<\/th>\n<td style=\"width: 461.017%;\">1,125-4 palca<\/td>\n<\/tr>\n<tr>\n<th style=\"width: 43.5028%;\">Ve\u013ekos\u0165 \u0165ahu<\/th>\n<td style=\"width: 461.017%;\">4-100 palcov<\/td>\n<\/tr>\n<tr>\n<th style=\"width: 43.5028%;\">Ve\u013ekos\u0165 \u010dapu<\/th>\n<td style=\"width: 461.017%;\">0,5-2 palce<\/td>\n<\/tr>\n<tr>\n<th style=\"width: 43.5028%;\">Porty<\/th>\n<td style=\"width: 461.017%;\">G\/SAE\/NPT\/M<\/td>\n<\/tr>\n<\/tbody>\n<\/table>\n<h2>Jedine\u010dn\u00e9 v\u00fdhody<\/h2>\n<ul>\n<li>Energeticky \u00fasporn\u00fd: Navrhnut\u00fd tak, aby spotrebov\u00e1val menej energie a z\u00e1rove\u0148 poskytoval maxim\u00e1lny v\u00fdkon.<\/li>\n<li>Vysok\u00e1 \u00fa\u010dinnos\u0165: Jeho schopnos\u0165 \u0165aha\u0165 a\u017e 20 ton ho rob\u00ed vhodn\u00fdm pre n\u00e1ro\u010dn\u00e9 aplik\u00e1cie.<\/li>\n<li>Bezpe\u010dnos\u0165: Hydraulick\u00fd valec m\u00e1 certifik\u00e1t ISO9001:2000, \u010do zaru\u010duje jeho bezpe\u010dnos\u0165 a spo\u013eahlivos\u0165.<\/li>\n<\/ul>\n<h2>Hydraulick\u00fd syst\u00e9m a princ\u00edp \u010dinnosti<\/h2>\n<p>Hydraulick\u00e9 valce funguj\u00fa na z\u00e1kladnom princ\u00edpe premeny hydraulickej energie na mechanick\u00fd pohyb. T\u00e1to transform\u00e1cia sa dosahuje bezprobl\u00e9movou interakciou medzi hydraulick\u00fdm valcom a pohonnou jednotkou. Ke\u010f je hydraulick\u00e1 kvapalina pod tlakom, vytv\u00e1ra silu, ktor\u00e1 pohybuje piestom vo valci, \u010do vedie k line\u00e1rnemu pohybu. Tento proces umo\u017e\u0148uje presn\u00e9 ovl\u00e1danie a v\u00fdkonn\u00fa prev\u00e1dzku, v\u010faka \u010domu s\u00fa hydraulick\u00e9 syst\u00e9my vysoko efekt\u00edvne pre r\u00f4zne aplik\u00e1cie.<\/p>\n<h3>Aplik\u00e1cie<\/h3>\n<p>Na\u0161e hydraulick\u00e9 valce sa pou\u017e\u00edvaj\u00fa v r\u00f4znych odvetviach, vr\u00e1tane:<\/p>\n<ul>\n<li><strong>Opravovne strojov:<\/strong> Kde pom\u00e1haj\u00fa pri zdv\u00edhan\u00ed a umiest\u0148ovan\u00ed komponentov \u0165a\u017ek\u00fdch strojov pri \u00fadr\u017ebe a oprav\u00e1ch.<\/li>\n<li><strong>Farmy:<\/strong> Umo\u017enenie efekt\u00edvneho pohybu \u0165a\u017ek\u00fdch bremien, ako s\u00fa zariadenia, p\u00f4da a produkty.<\/li>\n<li><strong>Energia a ban\u00edctvo:<\/strong> Podpora oper\u00e1ci\u00ed, ktor\u00e9 vy\u017eaduj\u00fa robustn\u00e9 zdv\u00edhacie a manipula\u010dn\u00e9 schopnosti v n\u00e1ro\u010dn\u00fdch prostrediach.<\/li>\n<li><strong>Stroj\u00e1rske v\u00fdrobn\u00e9 z\u00e1vody:<\/strong> U\u013eah\u010denie mont\u00e1\u017ee a premiest\u0148ovania ve\u013ek\u00fdch strojov\u00fdch \u010dast\u00ed po\u010das v\u00fdrobn\u00fdch procesov.<\/li>\n<\/ul>\n<p><img loading=\"lazy\" decoding=\"async\" class=\"alignnone  wp-image-6665\" src=\"https:\/\/fmp-components.com\/wp-content\/uploads\/2025\/03\/telescopic-hydraulic-cylinder-9.webp\" alt=\"teleskopick\u00fd hydraulick\u00fd valec\" width=\"926\" height=\"926\" title=\"\" srcset=\"https:\/\/fmp-components.com\/wp-content\/uploads\/2025\/03\/telescopic-hydraulic-cylinder-9.webp 926w, https:\/\/fmp-components.com\/wp-content\/uploads\/2025\/03\/telescopic-hydraulic-cylinder-9-480x480.webp 480w\" sizes=\"(min-width: 0px) and (max-width: 480px) 480px, (min-width: 481px) 926px, 100vw\" \/><\/p>\n<h2>Hydraulick\u00e9 valce a pohonn\u00e9 jednotky<\/h2>\n<p>Hydraulick\u00e9 valce a pohonn\u00e9 jednotky s\u00fa d\u00f4le\u017eit\u00fdmi s\u00fa\u010das\u0165ami hydraulick\u00e9ho syst\u00e9mu. Ich integrovan\u00e1 prev\u00e1dzka umo\u017e\u0148uje \u0161irok\u00e9 vyu\u017eitie hydraulickej technol\u00f3gie v priemyselnom prostred\u00ed. Hydraulick\u00fd valec sl\u00fa\u017ei ako ovl\u00e1da\u010d, ktor\u00fd je zodpovedn\u00fd za premenu hydraulickej energie na mechanick\u00fd pohyb transform\u00e1ciou tlaku na silu. To umo\u017e\u0148uje \u0161irokej \u0161k\u00e1le strojov vykon\u00e1va\u0165 \u00falohy efekt\u00edvne a \u00fa\u010dinne.<\/p>\n<p>Na druhej strane, pohonn\u00e1 jednotka sl\u00fa\u017ei ako srdce hydraulick\u00e9ho syst\u00e9mu a dod\u00e1va potrebn\u00fa energiu a riadiace sign\u00e1ly. Pozost\u00e1va z \u010derpadla, z\u00e1sobn\u00edka a r\u00f4znych riadiacich mechanizmov, ktor\u00e9 reguluj\u00fa prietok a tlak kvapaliny. Hydraulick\u00fd valec a pohonn\u00e1 jednotka spolupracuj\u00fa v harm\u00f3nii a zabezpe\u010duj\u00fa plynul\u00fd a spo\u013eahliv\u00fd chod hydraulick\u00e9ho syst\u00e9mu.<\/p>\n<p>V spolo\u010dnosti FMP pon\u00fakame aj vysokokvalitn\u00e9 pohonn\u00e9 jednotky prisp\u00f4soben\u00e9 \u0161pecifick\u00fdm potreb\u00e1m r\u00f4znych aplik\u00e1ci\u00ed, ktor\u00e9 poskytuj\u00fa dodato\u010dn\u00fa podporu pre va\u0161e hydraulick\u00e9 syst\u00e9my. Tento komplexn\u00fd pr\u00edstup zabezpe\u010duje, \u017ee va\u0161e stroje funguj\u00fa s optim\u00e1lnym v\u00fdkonom, \u010d\u00edm sa zvy\u0161uje produktivita a bezpe\u010dnos\u0165 va\u0161ich prev\u00e1dzok.<\/p>\n<p><img loading=\"lazy\" decoding=\"async\" class=\"alignnone  wp-image-6664\" src=\"https:\/\/fmp-components.com\/wp-content\/uploads\/2025\/03\/telescopic-hydraulic-cylinder-8.webp\" alt=\"teleskopick\u00fd hydraulick\u00fd valec\" width=\"910\" height=\"910\" title=\"\" srcset=\"https:\/\/fmp-components.com\/wp-content\/uploads\/2025\/03\/telescopic-hydraulic-cylinder-8.webp 910w, https:\/\/fmp-components.com\/wp-content\/uploads\/2025\/03\/telescopic-hydraulic-cylinder-8-480x480.webp 480w\" sizes=\"(min-width: 0px) and (max-width: 480px) 480px, (min-width: 481px) 910px, 100vw\" \/><\/p>\n<h3>\u010casto kladen\u00e9 ot\u00e1zky<\/h3>\n<p><strong>Ot\u00e1zka: Ak\u00e1 je z\u00e1ruka na va\u0161e hydraulick\u00e9 valce?<\/strong><br \/>\nA: Na\u0161e hydraulick\u00e9 valce maj\u00fa 1-ro\u010dn\u00fa z\u00e1ruku.<\/p>\n<p><strong>Ot\u00e1zka: Ak\u00fd je maxim\u00e1lny tlak va\u0161ich hydraulick\u00fdch valcov?<\/strong><br \/>\nA: Na\u0161e hydraulick\u00e9 valce maj\u00fa maxim\u00e1lny tlak 3000.<\/p>\n<p><strong>Ot\u00e1zka: M\u00f4\u017eem si produkt pred k\u00fapou skontrolova\u0165?<\/strong><br \/>\nA: \u00c1no, na\u0161im z\u00e1kazn\u00edkom poskytujeme v\u00fdstupn\u00fa video kontrolu.<\/p>\n<h3>O FMP<\/h3>\n<p>FMP je popredn\u00fd taliansky v\u00fdrobca zn\u00e1my pre n\u00e1vrh, v\u00fdvoj a v\u00fdrobu vysoko kvalitn\u00fdch hydraulick\u00fdch valcov. S desa\u0165ro\u010diami sk\u00fasenost\u00ed sp\u00e1jame tradi\u010dn\u00e9 talianske remeseln\u00e9 spracovanie s pokro\u010dil\u00fdmi technol\u00f3giami, aby sme dod\u00e1vali vynikaj\u00face hydraulick\u00e9 rie\u0161enia prisp\u00f4soben\u00e9 rozmanit\u00fdm potreb\u00e1m na\u0161ich glob\u00e1lnych klientov. Spolo\u010dnos\u0165 FMP so s\u00eddlom v Taliansku, centre in\u017einierskej excelentnosti, sa etablovala ako d\u00f4veryhodn\u00e9 meno v hydraulickom priemysle, ktor\u00e9 sa venuje poskytovaniu spo\u013eahliv\u00fdch, odoln\u00fdch a inovat\u00edvnych produktov, ktor\u00e9 posil\u0148uj\u00fa podniky na celom svete.<\/p>\n<p>Kombinujeme to najlep\u0161ie z pokro\u010dil\u00fdch v\u00fdrobn\u00fdch trad\u00edci\u00ed s progres\u00edvnym pr\u00edstupom. V\u010faka na\u0161im rozsiahlym sk\u00fasenostiam v oblasti hydraulick\u00fdch syst\u00e9mov sa spolo\u010dnos\u0165 FMP transformovala na modern\u00fd podnik, ktor\u00fd vynik\u00e1 vo v\u00fdskume, dizajne a v\u00fdrobe. Na\u0161a \u0161pecializ\u00e1cia zah\u0155\u0148a \u0161irok\u00fa \u0161k\u00e1lu hydraulick\u00fdch valcov, ako s\u00fa dvoj\u010dinn\u00e9 valce, zdv\u00edhacie valce pre automobily, valce pre po\u013enohospod\u00e1rske stroje a rie\u0161enia na mieru pre r\u00f4zne priemyseln\u00e9 aplik\u00e1cie. Na\u0161e hydraulick\u00e9 valce s\u00fa navrhnut\u00e9 tak, aby fungovali v najn\u00e1ro\u010dnej\u0161\u00edch podmienkach, a zais\u0165uj\u00fa bezpe\u010dnos\u0165, \u00fa\u010dinnos\u0165 a dlh\u00fa \u017eivotnos\u0165 v r\u00f4znych odvetviach, ako je stavebn\u00edctvo, priemyseln\u00e9 in\u0161tal\u00e1cie, po\u013enohospod\u00e1rstvo a \u0165a\u017ek\u00e9 stroje.<\/p>\n<p>V spolo\u010dnosti FMP sme hrd\u00ed na na\u0161e najmodernej\u0161ie v\u00fdrobn\u00e9 zariadenia, vybaven\u00e9 presn\u00fdmi strojmi a pokro\u010dil\u00fdmi testovac\u00edmi syst\u00e9mami. Na\u0161e v\u00fdrobn\u00e9 procesy sp\u013a\u0148aj\u00fa pr\u00edsne n\u00e1rodn\u00e9 a medzin\u00e1rodn\u00e9 normy, \u010do zaru\u010duje, \u017ee ka\u017ed\u00fd hydraulick\u00fd valec op\u00fa\u0161\u0165aj\u00faci na\u0161u tov\u00e1re\u0148 sp\u013a\u0148a najvy\u0161\u0161ie \u0161tandardy kvality a spo\u013eahlivosti. N\u00e1\u0161 sk\u00fasen\u00fd technick\u00fd t\u00edm v kombin\u00e1cii s najmodernej\u0161\u00edm vybaven\u00edm n\u00e1m umo\u017e\u0148uje udr\u017eiava\u0165 pr\u00edsnu kontrolu kvality v ka\u017edej f\u00e1ze v\u00fdroby \u2013 od v\u00fdberu surov\u00edn a\u017e po kone\u010dn\u00fa kontrolu. Tento z\u00e1v\u00e4zok k excelentnosti n\u00e1m vyniesol certifik\u00e1cie a ocenenia od priemyseln\u00fdch autor\u00edt, \u010d\u00edm posil\u0148ujeme na\u0161u reput\u00e1ciu spo\u013eahliv\u00e9ho partnera.<\/p>\n<p><img loading=\"lazy\" decoding=\"async\" class=\"alignnone size-full wp-image-6720\" src=\"https:\/\/fmp-components.com\/wp-content\/uploads\/2025\/03\/hydraulic-cylinder-8.webp\" alt=\"Teleskopick\u00e9 hydraulick\u00e9 valce\" width=\"933\" height=\"526\" title=\"\" srcset=\"https:\/\/fmp-components.com\/wp-content\/uploads\/2025\/03\/hydraulic-cylinder-8.webp 933w, https:\/\/fmp-components.com\/wp-content\/uploads\/2025\/03\/hydraulic-cylinder-8-480x271.webp 480w\" sizes=\"(min-width: 0px) and (max-width: 480px) 480px, (min-width: 481px) 933px, 100vw\" \/><\/p>\n<p>Na\u0161e poslanie je jednoduch\u00e9 a ambici\u00f3zne z\u00e1rove\u0148: poskytova\u0165 hydraulick\u00e9 valce, ktor\u00e9 prekon\u00e1vaj\u00fa o\u010dak\u00e1vania vo v\u00fdkone, odolnosti a hodnote. Riadime sa princ\u00edpmi profesionality, integrity a zamerania na z\u00e1kazn\u00edka, pestujeme kult\u00faru inov\u00e1ci\u00ed a prec\u00edznosti a neust\u00e1le zdokona\u013eujeme na\u0161e produkty, aby sme si udr\u017eali n\u00e1skok na konkuren\u010dnom trhu. V\u010faka komplexn\u00e9mu sortimentu produktov a schopnosti pon\u00faka\u0165 rie\u0161enia na mieru sme preferovanou vo\u013ebou pre firmy h\u013eadaj\u00face vysoko v\u00fdkonn\u00e9 hydraulick\u00e9 valce.<\/p>\n<p>FMP je viac ne\u017e len v\u00fdrobca; sme partnerom vo va\u0161om \u00faspechu. Uvedomujeme si, \u017ee na\u0161i z\u00e1kazn\u00edci sa na n\u00e1s spoliehaj\u00fa, \u017ee im dod\u00e1me n\u00e1stroje, ktor\u00e9 zvy\u0161uj\u00fa ich produktivitu a bezpe\u010dnos\u0165. Preto sa zav\u00e4zujeme poskytova\u0165 nielen \u0161pi\u010dkov\u00e9 produkty, ale aj v\u00fdnimo\u010dn\u00fd servis. Od \u00favodnej konzult\u00e1cie a\u017e po popredajn\u00fa podporu \u00fazko spolupracujeme s na\u0161imi klientmi, aby sme zabezpe\u010dili, \u017ee ich potreby bud\u00fa splnen\u00e9 s profesionalitou a starostlivos\u0165ou. Na\u0161e konkurencieschopn\u00e9 ceny v kombin\u00e1cii s na\u0161\u00edm neochvejn\u00fdm z\u00e1v\u00e4zkom ku kvalite robia z FMP inteligentn\u00fa vo\u013ebu pre spolo\u010dnosti, ktor\u00e9 chc\u00fa investova\u0165 do spo\u013eahliv\u00fdch hydraulick\u00fdch rie\u0161en\u00ed.<\/p>","protected":false},"excerpt":{"rendered":"<p>Quality Assurance Telescopic Hydraulic Cylinder for Dump Trailer Introducing our newest product &#8211; the Quality Assurance Telescopic Hydraulic Cylinder for Dump Trailer. This is a top-tier hydraulic cylinder designed for optimum performance in various industries including Machinery Repair Shops, Farms, Energy &amp; Mining, and Machinery manufacturing plants. Features and Functionality The Telescopic Hydraulic Cylinder is [&hellip;]<\/p>","protected":false},"featured_media":6745,"comment_status":"closed","ping_status":"closed","template":"","meta":{"_et_pb_use_builder":"","_et_pb_old_content":"","_et_gb_content_width":""},"product_brand":[],"product_cat":[103],"product_tag":[34,105],"class_list":{"0":"post-6566","1":"product","2":"type-product","3":"status-publish","4":"has-post-thumbnail","6":"product_cat-telescopic-hydraulic-cylinders","7":"product_tag-hydraulic-cylinder","8":"product_tag-telescopic-hydraulic-cylinders","10":"first","11":"instock","12":"product-type-simple"},"_links":{"self":[{"href":"https:\/\/fmp-components.com\/sk\/wp-json\/wp\/v2\/product\/6566","targetHints":{"allow":["GET"]}}],"collection":[{"href":"https:\/\/fmp-components.com\/sk\/wp-json\/wp\/v2\/product"}],"about":[{"href":"https:\/\/fmp-components.com\/sk\/wp-json\/wp\/v2\/types\/product"}],"replies":[{"embeddable":true,"href":"https:\/\/fmp-components.com\/sk\/wp-json\/wp\/v2\/comments?post=6566"}],"wp:featuredmedia":[{"embeddable":true,"href":"https:\/\/fmp-components.com\/sk\/wp-json\/wp\/v2\/media\/6745"}],"wp:attachment":[{"href":"https:\/\/fmp-components.com\/sk\/wp-json\/wp\/v2\/media?parent=6566"}],"wp:term":[{"taxonomy":"product_brand","embeddable":true,"href":"https:\/\/fmp-components.com\/sk\/wp-json\/wp\/v2\/product_brand?post=6566"},{"taxonomy":"product_cat","embeddable":true,"href":"https:\/\/fmp-components.com\/sk\/wp-json\/wp\/v2\/product_cat?post=6566"},{"taxonomy":"product_tag","embeddable":true,"href":"https:\/\/fmp-components.com\/sk\/wp-json\/wp\/v2\/product_tag?post=6566"}],"curies":[{"name":"pracovn\u00fd list","href":"https:\/\/api.w.org\/{rel}","templated":true}]}}