{"id":6564,"date":"2025-03-11T06:29:39","date_gmt":"2025-03-11T06:29:39","guid":{"rendered":"https:\/\/fmp-components.com\/product\/factory-direct-sale-20-ton-4-stage-dump-truck-hydraulic-cylinder"},"modified":"2025-03-12T06:26:11","modified_gmt":"2025-03-12T06:26:11","slug":"factory-direct-sale-20-ton-4-stage-dump-truck-hydraulic-cylinder","status":"publish","type":"product","link":"https:\/\/fmp-components.com\/sk\/product\/factory-direct-sale-20-ton-4-stage-dump-truck-hydraulic-cylinder\/","title":{"rendered":"Priamy predaj z tov\u00e1rne 20-tonov\u00fd 4-stup\u0148ov\u00fd hydraulick\u00fd valec pre skl\u00e1pa\u010d"},"content":{"rendered":"<h2>Priamy predaj z tov\u00e1rne 20-tonov\u00fd 4-stup\u0148ov\u00fd hydraulick\u00fd valec pre skl\u00e1pa\u010d<\/h2>\n<p>Predstavujeme v\u00e1m n\u00e1\u0161 20-tonov\u00fd 4-stup\u0148ov\u00fd hydraulick\u00fd valec pre skl\u00e1pa\u010de, priamo z v\u00fdroby pred\u00e1van\u00fd hydraulick\u00fd valec. Tento nov\u00fd, \u0161tandardn\u00fd, viacstup\u0148ov\u00fd hydraulick\u00fd valec je navrhnut\u00fd pre optim\u00e1lnu funk\u010dnos\u0165 v r\u00f4znych prostrediach vr\u00e1tane opravovn\u00ed strojov, fariem, energetiky a ban\u00edctva, v\u00fdroby strojov a stroj\u00e1rskych z\u00e1vodov.<\/p>\n<h3>Funkcie a \u0161pecifik\u00e1cie<\/h3>\n<p>N\u00e1\u0161 hydraulick\u00fd valec je piestov\u00fd valec s hydraulick\u00fdm zdrojom energie a telesom z ocele. M\u00e1 maxim\u00e1lny posuv 3000 a maxim\u00e1lny \u0165ah 20 ton. Produkt je certifikovan\u00fd pod\u013ea normy ISO9001:2000, \u010do zaru\u010duje jeho kvalitu a spo\u013eahlivos\u0165.<\/p>\n<table style=\"width: 91.9539%;\" border=\"\">\n<tbody>\n<tr>\n<th style=\"width: 43.5028%;\">Ve\u013ekos\u0165 otvoru<\/th>\n<td style=\"width: 442.373%;\">2-6 palcov<\/td>\n<\/tr>\n<tr>\n<th style=\"width: 43.5028%;\">Ve\u013ekos\u0165 ty\u010de<\/th>\n<td style=\"width: 442.373%;\">1,125-4 palca<\/td>\n<\/tr>\n<tr>\n<th style=\"width: 43.5028%;\">Ve\u013ekos\u0165 \u0165ahu<\/th>\n<td style=\"width: 442.373%;\">4-100 palcov<\/td>\n<\/tr>\n<tr>\n<th style=\"width: 43.5028%;\">Ve\u013ekos\u0165 \u010dapu<\/th>\n<td style=\"width: 442.373%;\">0,5-2 palce<\/td>\n<\/tr>\n<tr>\n<th style=\"width: 43.5028%;\">Porty<\/th>\n<td style=\"width: 442.373%;\">G\/SAE\/NPT\/M<\/td>\n<\/tr>\n<\/tbody>\n<\/table>\n<h2>Jedine\u010dn\u00e9 v\u00fdhody<\/h2>\n<ul>\n<li>Energeticky \u00fasporn\u00fd: N\u00e1\u0161 hydraulick\u00fd valec je navrhnut\u00fd tak, aby fungoval s optim\u00e1lnou energetickou \u00fa\u010dinnos\u0165ou a zni\u017eoval va\u0161e prev\u00e1dzkov\u00e9 n\u00e1klady.<\/li>\n<li>Vysok\u00e1 \u00fa\u010dinnos\u0165: V\u010faka vysokej \u0165ahovej a \u0165a\u017enej kapacite zais\u0165uje tento hydraulick\u00fd valec vysoko\u00fa\u010dinn\u00fa prev\u00e1dzku.<\/li>\n<li>Bezpe\u010dnos\u0165: Bezpe\u010dnos\u0165 je zaru\u010den\u00e1 na\u0161\u00edm hydraulick\u00fdm valcom s certifik\u00e1tom ISO9001:2000.<\/li>\n<\/ul>\n<p><img loading=\"lazy\" decoding=\"async\" class=\"alignnone  wp-image-6717\" src=\"https:\/\/fmp-components.com\/wp-content\/uploads\/2025\/03\/hydraulic-cylinder-211.webp\" alt=\"Hydraulick\u00e9 valce\" width=\"894\" height=\"896\" title=\"\" srcset=\"https:\/\/fmp-components.com\/wp-content\/uploads\/2025\/03\/hydraulic-cylinder-211.webp 894w, https:\/\/fmp-components.com\/wp-content\/uploads\/2025\/03\/hydraulic-cylinder-211-480x481.webp 480w\" sizes=\"(min-width: 0px) and (max-width: 480px) 480px, (min-width: 481px) 894px, 100vw\" \/><\/p>\n<h2>Pochopenie hydraulick\u00e9ho syst\u00e9mu<\/h2>\n<p>Hydraulick\u00fd syst\u00e9m n\u00e1\u0161ho 20-tonov\u00e9ho 4-stup\u0148ov\u00e9ho hydraulick\u00e9ho valca pre skl\u00e1pa\u010de funguje na z\u00e1kladnom princ\u00edpe tlaku kvapaliny. V podstate, ke\u010f sa tlak aplikuje na konkr\u00e9tny bod v syst\u00e9me, t\u00e1to zmena tlaku sa pren\u00e1\u0161a rovnomerne a bez str\u00e1t na v\u0161etky ostatn\u00e9 komponenty. T\u00e1to vlastnos\u0165 zais\u0165uje, \u017ee syst\u00e9m m\u00f4\u017ee fungova\u0165 efekt\u00edvne a v\u00fdkonne, a to aj pri manipul\u00e1cii s vysokou hmotnos\u0165ou alebo \u0165a\u017ek\u00fdmi bremenami. Vyu\u017eit\u00edm nestla\u010dite\u013enej kvapaliny dok\u00e1\u017ee hydraulick\u00fd syst\u00e9m zosilni\u0165 silu, \u010do umo\u017e\u0148uje presn\u00e9 ovl\u00e1danie a pohyb korby skl\u00e1pa\u010da.<\/p>\n<p>Kon\u0161trukcia hydraulick\u00e9ho syst\u00e9mu zah\u0155\u0148a nieko\u013eko k\u013e\u00fa\u010dov\u00fdch prvkov vr\u00e1tane hydraulickej kvapaliny, potrub\u00ed, ventilov a samotn\u00e9ho hydraulick\u00e9ho valca. Hydraulick\u00e1 kvapalina sl\u00fa\u017ei ako m\u00e9dium, ktor\u00fdm sa pren\u00e1\u0161a sila, zatia\u013e \u010do potrubia a ventily reguluj\u00fa tok a smer tejto kvapaliny. Hydraulick\u00fd valec ako prim\u00e1rny ovl\u00e1da\u010d premie\u0148a hydraulick\u00fa energiu sp\u00e4\u0165 na mechanick\u00fa energiu, \u010do vedie k po\u017eadovan\u00e9mu pohybu korby n\u00e1kladn\u00e9ho vozidla.<\/p>\n<h2>Aplik\u00e1cia<\/h2>\n<p>Tento hydraulick\u00fd valec je v\u0161estrann\u00fd a vhodn\u00fd pre \u0161irok\u00fa \u0161k\u00e1lu aplik\u00e1ci\u00ed v r\u00f4znych odvetviach. Je obzvl\u00e1\u0161\u0165 u\u017eito\u010dn\u00fd v opravovniach strojov, kde je potrebn\u00e9 zdv\u00edha\u0165 a polohova\u0165 \u0165a\u017ek\u00e9 zariadenia. Na farm\u00e1ch je hydraulick\u00fd valec neocenite\u013en\u00fd pri \u00faloh\u00e1ch, ako je premiest\u0148ovanie \u0165a\u017ek\u00fdch bremien zeminy, produktov alebo zariaden\u00ed. V energetickom a ban\u00edckom sektore zohr\u00e1va k\u013e\u00fa\u010dov\u00fa \u00falohu pri prev\u00e1dzke strojov, ktor\u00e9 musia zvl\u00e1da\u0165 zna\u010dn\u00e9 hmotnosti a n\u00e1ro\u010dn\u00e9 prostredie.<\/p>\n<p>Hydraulick\u00fd valec je navy\u0161e nevyhnutn\u00fd v stroj\u00e1rstve a tov\u00e1r\u0148ach, kde podporuje mont\u00e1\u017e a pohyb ve\u013ek\u00fdch komponentov. Jeho robustn\u00e1 kon\u0161trukcia zais\u0165uje, \u017ee odol\u00e1 \u0165a\u017ek\u00fdm za\u0165a\u017eeniam a z\u00e1rove\u0148 poskytuje stabiln\u00fd a spo\u013eahliv\u00fd v\u00fdkon po\u010das celej svojej prev\u00e1dzkovej \u017eivotnosti. T\u00e1to spo\u013eahlivos\u0165 je k\u013e\u00fa\u010dov\u00e1 pre udr\u017eanie produktivity a bezpe\u010dnosti v n\u00e1ro\u010dn\u00fdch pracovn\u00fdch prostrediach, v\u010faka \u010domu je hydraulick\u00fd valec nevyhnutnou s\u00fa\u010das\u0165ou modern\u00fdch strojov\u00fdch oper\u00e1ci\u00ed.<\/p>\n<p><img loading=\"lazy\" decoding=\"async\" class=\"alignnone size-full wp-image-6660\" src=\"https:\/\/fmp-components.com\/wp-content\/uploads\/2025\/03\/hydraulic-cylinder-workshop-4.webp\" alt=\"teleskopick\u00fd hydraulick\u00fd valec\" width=\"914\" height=\"733\" title=\"\" srcset=\"https:\/\/fmp-components.com\/wp-content\/uploads\/2025\/03\/hydraulic-cylinder-workshop-4.webp 914w, https:\/\/fmp-components.com\/wp-content\/uploads\/2025\/03\/hydraulic-cylinder-workshop-4-480x385.webp 480w\" sizes=\"(min-width: 0px) and (max-width: 480px) 480px, (min-width: 481px) 914px, 100vw\" \/><\/p>\n<h2>\u010casto kladen\u00e9 ot\u00e1zky<\/h2>\n<dl>\n<dt>Ot\u00e1zka: Ak\u00e1 je dodacia lehota?<\/dt>\n<dd>A: Dodacia lehota je zvy\u010dajne 25-35 dn\u00ed.<\/dd>\n<dt>Ot\u00e1zka: Poskytujete vzorku tohto produktu?<\/dt>\n<dd>A: \u00c1no, poskytujeme vzorky, ale nie s\u00fa zadarmo.<\/dd>\n<dt>Ot\u00e1zka: D\u00e1 sa tento produkt prisp\u00f4sobi\u0165?<\/dt>\n<dd>A: \u00c1no, vieme prisp\u00f4sobi\u0165 produkt pod\u013ea va\u0161ich vzoriek alebo technick\u00fdch v\u00fdkresov. Vieme vyrobi\u0165 formy a up\u00ednacie pr\u00edpravky.<\/dd>\n<\/dl>\n<h3>O FMP<\/h3>\n<p>FMP je popredn\u00fd taliansky v\u00fdrobca zn\u00e1my pre n\u00e1vrh, v\u00fdvoj a v\u00fdrobu vysoko kvalitn\u00fdch hydraulick\u00fdch valcov. S desa\u0165ro\u010diami sk\u00fasenost\u00ed sp\u00e1jame tradi\u010dn\u00e9 talianske remeseln\u00e9 spracovanie s pokro\u010dil\u00fdmi technol\u00f3giami, aby sme dod\u00e1vali vynikaj\u00face hydraulick\u00e9 rie\u0161enia prisp\u00f4soben\u00e9 rozmanit\u00fdm potreb\u00e1m na\u0161ich glob\u00e1lnych klientov. Spolo\u010dnos\u0165 FMP so s\u00eddlom v Taliansku, centre in\u017einierskej excelentnosti, sa etablovala ako d\u00f4veryhodn\u00e9 meno v hydraulickom priemysle, ktor\u00e9 sa venuje poskytovaniu spo\u013eahliv\u00fdch, odoln\u00fdch a inovat\u00edvnych produktov, ktor\u00e9 posil\u0148uj\u00fa podniky na celom svete.<\/p>\n<p>Kombinujeme to najlep\u0161ie z pokro\u010dil\u00fdch v\u00fdrobn\u00fdch trad\u00edci\u00ed s progres\u00edvnym pr\u00edstupom. V\u010faka na\u0161im rozsiahlym sk\u00fasenostiam v oblasti hydraulick\u00fdch syst\u00e9mov sa spolo\u010dnos\u0165 FMP transformovala na modern\u00fd podnik, ktor\u00fd vynik\u00e1 vo v\u00fdskume, dizajne a v\u00fdrobe. Na\u0161a \u0161pecializ\u00e1cia zah\u0155\u0148a \u0161irok\u00fa \u0161k\u00e1lu hydraulick\u00fdch valcov, ako s\u00fa dvoj\u010dinn\u00e9 valce, zdv\u00edhacie valce pre automobily, valce pre po\u013enohospod\u00e1rske stroje a rie\u0161enia na mieru pre r\u00f4zne priemyseln\u00e9 aplik\u00e1cie. Na\u0161e hydraulick\u00e9 valce s\u00fa navrhnut\u00e9 tak, aby fungovali v najn\u00e1ro\u010dnej\u0161\u00edch podmienkach, a zais\u0165uj\u00fa bezpe\u010dnos\u0165, \u00fa\u010dinnos\u0165 a dlh\u00fa \u017eivotnos\u0165 v r\u00f4znych odvetviach, ako je stavebn\u00edctvo, priemyseln\u00e9 in\u0161tal\u00e1cie, po\u013enohospod\u00e1rstvo a \u0165a\u017ek\u00e9 stroje.<\/p>\n<p>V spolo\u010dnosti FMP sme hrd\u00ed na na\u0161e najmodernej\u0161ie v\u00fdrobn\u00e9 zariadenia, vybaven\u00e9 presn\u00fdmi strojmi a pokro\u010dil\u00fdmi testovac\u00edmi syst\u00e9mami. Na\u0161e v\u00fdrobn\u00e9 procesy sp\u013a\u0148aj\u00fa pr\u00edsne n\u00e1rodn\u00e9 a medzin\u00e1rodn\u00e9 normy, \u010do zaru\u010duje, \u017ee ka\u017ed\u00fd hydraulick\u00fd valec op\u00fa\u0161\u0165aj\u00faci na\u0161u tov\u00e1re\u0148 sp\u013a\u0148a najvy\u0161\u0161ie \u0161tandardy kvality a spo\u013eahlivosti. N\u00e1\u0161 sk\u00fasen\u00fd technick\u00fd t\u00edm v kombin\u00e1cii s najmodernej\u0161\u00edm vybaven\u00edm n\u00e1m umo\u017e\u0148uje udr\u017eiava\u0165 pr\u00edsnu kontrolu kvality v ka\u017edej f\u00e1ze v\u00fdroby \u2013 od v\u00fdberu surov\u00edn a\u017e po kone\u010dn\u00fa kontrolu. Tento z\u00e1v\u00e4zok k excelentnosti n\u00e1m vyniesol certifik\u00e1cie a ocenenia od priemyseln\u00fdch autor\u00edt, \u010d\u00edm posil\u0148ujeme na\u0161u reput\u00e1ciu spo\u013eahliv\u00e9ho partnera.<\/p>\n<p><img loading=\"lazy\" decoding=\"async\" class=\"alignnone size-full wp-image-6720\" src=\"https:\/\/fmp-components.com\/wp-content\/uploads\/2025\/03\/hydraulic-cylinder-8.webp\" alt=\"Teleskopick\u00e9 hydraulick\u00e9 valce\" width=\"933\" height=\"526\" title=\"\" srcset=\"https:\/\/fmp-components.com\/wp-content\/uploads\/2025\/03\/hydraulic-cylinder-8.webp 933w, https:\/\/fmp-components.com\/wp-content\/uploads\/2025\/03\/hydraulic-cylinder-8-480x271.webp 480w\" sizes=\"(min-width: 0px) and (max-width: 480px) 480px, (min-width: 481px) 933px, 100vw\" \/><\/p>\n<p>Na\u0161e poslanie je jednoduch\u00e9 a ambici\u00f3zne z\u00e1rove\u0148: poskytova\u0165 hydraulick\u00e9 valce, ktor\u00e9 prekon\u00e1vaj\u00fa o\u010dak\u00e1vania vo v\u00fdkone, odolnosti a hodnote. Riadime sa princ\u00edpmi profesionality, integrity a zamerania na z\u00e1kazn\u00edka, pestujeme kult\u00faru inov\u00e1ci\u00ed a prec\u00edznosti a neust\u00e1le zdokona\u013eujeme na\u0161e produkty, aby sme si udr\u017eali n\u00e1skok na konkuren\u010dnom trhu. V\u010faka komplexn\u00e9mu sortimentu produktov a schopnosti pon\u00faka\u0165 rie\u0161enia na mieru sme preferovanou vo\u013ebou pre firmy h\u013eadaj\u00face vysoko v\u00fdkonn\u00e9 hydraulick\u00e9 valce.<\/p>\n<p>FMP je viac ne\u017e len v\u00fdrobca; sme partnerom vo va\u0161om \u00faspechu. Uvedomujeme si, \u017ee na\u0161i z\u00e1kazn\u00edci sa na n\u00e1s spoliehaj\u00fa, \u017ee im dod\u00e1me n\u00e1stroje, ktor\u00e9 zvy\u0161uj\u00fa ich produktivitu a bezpe\u010dnos\u0165. Preto sa zav\u00e4zujeme poskytova\u0165 nielen \u0161pi\u010dkov\u00e9 produkty, ale aj v\u00fdnimo\u010dn\u00fd servis. Od \u00favodnej konzult\u00e1cie a\u017e po popredajn\u00fa podporu \u00fazko spolupracujeme s na\u0161imi klientmi, aby sme zabezpe\u010dili, \u017ee ich potreby bud\u00fa splnen\u00e9 s profesionalitou a starostlivos\u0165ou. Na\u0161e konkurencieschopn\u00e9 ceny v kombin\u00e1cii s na\u0161\u00edm neochvejn\u00fdm z\u00e1v\u00e4zkom ku kvalite robia z FMP inteligentn\u00fa vo\u013ebu pre spolo\u010dnosti, ktor\u00e9 chc\u00fa investova\u0165 do spo\u013eahliv\u00fdch hydraulick\u00fdch rie\u0161en\u00ed.<\/p>","protected":false},"excerpt":{"rendered":"<p>Factory Direct Sale 20 Ton 4 Stage Dump Truck Hydraulic Cylinder Introducing our 20 Ton 4 Stage Dump Truck hydraulic cylinder, a factory-direct sale powerhouse of hydraulic technology. This new, standard, multistage hydraulic cylinder is designed for optimum functionality in various environments, including machinery repair shops, farms, energy and mining, machinery manufacturing, and machinery factories. [&hellip;]<\/p>","protected":false},"featured_media":6741,"comment_status":"closed","ping_status":"closed","template":"","meta":{"_et_pb_use_builder":"","_et_pb_old_content":"","_et_gb_content_width":""},"product_brand":[],"product_cat":[103],"product_tag":[34,105],"class_list":{"0":"post-6564","1":"product","2":"type-product","3":"status-publish","4":"has-post-thumbnail","6":"product_cat-telescopic-hydraulic-cylinders","7":"product_tag-hydraulic-cylinder","8":"product_tag-telescopic-hydraulic-cylinders","10":"first","11":"instock","12":"product-type-simple"},"_links":{"self":[{"href":"https:\/\/fmp-components.com\/sk\/wp-json\/wp\/v2\/product\/6564","targetHints":{"allow":["GET"]}}],"collection":[{"href":"https:\/\/fmp-components.com\/sk\/wp-json\/wp\/v2\/product"}],"about":[{"href":"https:\/\/fmp-components.com\/sk\/wp-json\/wp\/v2\/types\/product"}],"replies":[{"embeddable":true,"href":"https:\/\/fmp-components.com\/sk\/wp-json\/wp\/v2\/comments?post=6564"}],"wp:featuredmedia":[{"embeddable":true,"href":"https:\/\/fmp-components.com\/sk\/wp-json\/wp\/v2\/media\/6741"}],"wp:attachment":[{"href":"https:\/\/fmp-components.com\/sk\/wp-json\/wp\/v2\/media?parent=6564"}],"wp:term":[{"taxonomy":"product_brand","embeddable":true,"href":"https:\/\/fmp-components.com\/sk\/wp-json\/wp\/v2\/product_brand?post=6564"},{"taxonomy":"product_cat","embeddable":true,"href":"https:\/\/fmp-components.com\/sk\/wp-json\/wp\/v2\/product_cat?post=6564"},{"taxonomy":"product_tag","embeddable":true,"href":"https:\/\/fmp-components.com\/sk\/wp-json\/wp\/v2\/product_tag?post=6564"}],"curies":[{"name":"pracovn\u00fd list","href":"https:\/\/api.w.org\/{rel}","templated":true}]}}