{"id":6561,"date":"2025-03-11T06:29:39","date_gmt":"2025-03-11T06:29:39","guid":{"rendered":"https:\/\/fmp-components.com\/product\/hot-sale-3-stage-trailer-hydraulic-telescopic-cylinder"},"modified":"2025-03-18T01:05:50","modified_gmt":"2025-03-18T01:05:50","slug":"hot-sale-3-stage-trailer-hydraulic-telescopic-cylinder","status":"publish","type":"product","link":"https:\/\/fmp-components.com\/sk\/product\/hot-sale-3-stage-trailer-hydraulic-telescopic-cylinder\/","title":{"rendered":"Hor\u00faci v\u00fdpredaj 3-stup\u0148ov\u00fd hydraulick\u00fd teleskopick\u00fd valec pre pr\u00edvesy"},"content":{"rendered":"<h2>Hor\u00faci v\u00fdpredaj 3-stup\u0148ov\u00fd hydraulick\u00fd teleskopick\u00fd valec pre pr\u00edvesy<\/h2>\n<p>Predstavujeme n\u00e1\u0161 hor\u00faci v\u00fdpredajov\u00fd 3-stup\u0148ov\u00fd hydraulick\u00fd teleskopick\u00fd valec pre pr\u00edvesy, \u0161tandardn\u00fd oce\u013eov\u00fd piestov\u00fd valec, ktor\u00fd pracuje s hydraulick\u00fdm pohonom. Tento viacstup\u0148ov\u00fd hydraulick\u00fd valec je nov\u00fd produkt pre rok 2025, ktor\u00fd je navrhnut\u00fd tak, aby poskytoval robustn\u00fa a efekt\u00edvnu prev\u00e1dzku v r\u00f4znych odvetviach, ako s\u00fa opravovne strojov, farmy, energetika a ban\u00edctvo, v\u00fdroba strojov a stroj\u00e1rne.<\/p>\n<h2>\u0160pecifik\u00e1cie a podrobnosti produktu<\/h2>\n<table style=\"width: 93.3339%;\" border=\"\">\n<tbody>\n<tr>\n<th style=\"width: 43.5028%;\">Ve\u013ekos\u0165 otvoru<\/th>\n<td style=\"width: 449.718%;\">2-6 palcov<\/td>\n<\/tr>\n<tr>\n<th style=\"width: 43.5028%;\">Ve\u013ekos\u0165 ty\u010de<\/th>\n<td style=\"width: 449.718%;\">1,125-4 palca<\/td>\n<\/tr>\n<tr>\n<th style=\"width: 43.5028%;\">Ve\u013ekos\u0165 \u0165ahu<\/th>\n<td style=\"width: 449.718%;\">4-100 palcov<\/td>\n<\/tr>\n<tr>\n<th style=\"width: 43.5028%;\">Ve\u013ekos\u0165 \u010dapu<\/th>\n<td style=\"width: 449.718%;\">0,5-2 palce<\/td>\n<\/tr>\n<tr>\n<th style=\"width: 43.5028%;\">Porty<\/th>\n<td style=\"width: 449.718%;\">G\/SAE\/NPT\/M<\/td>\n<\/tr>\n<\/tbody>\n<\/table>\n<h2>K\u013e\u00fa\u010dov\u00e9 vlastnosti a v\u00fdhody<\/h2>\n<ul>\n<li>Energeticky \u00fasporn\u00fd a vysoko v\u00fdkonn\u00fd<\/li>\n<li>Bezpe\u010dn\u00e1 a spo\u013eahliv\u00e1 prev\u00e1dzka<\/li>\n<li>Robustn\u00e9 a odoln\u00e9 oce\u013eov\u00e9 telo<\/li>\n<li>Z\u00e1ruka na z\u00e1kladn\u00e9 komponenty 1 rok<\/li>\n<li>Maxim\u00e1lny \u0165ah 3000 a maxim\u00e1lny \u0165ah 20 ton<\/li>\n<li>Certifik\u00e1cia ISO 9001:2000<\/li>\n<\/ul>\n<p><img loading=\"lazy\" decoding=\"async\" class=\"alignnone wp-image-6662\" src=\"https:\/\/fmp-components.com\/wp-content\/uploads\/2025\/03\/telescopic-hydraulic-cylinder-4.webp\" alt=\"teleskopick\u00fd hydraulick\u00fd valec\" width=\"894\" height=\"894\" title=\"\" srcset=\"https:\/\/fmp-components.com\/wp-content\/uploads\/2025\/03\/telescopic-hydraulic-cylinder-4.webp 894w, https:\/\/fmp-components.com\/wp-content\/uploads\/2025\/03\/telescopic-hydraulic-cylinder-4-480x480.webp 480w\" sizes=\"(min-width: 0px) and (max-width: 480px) 480px, (min-width: 481px) 894px, 100vw\" \/><\/p>\n<h2>Hydraulick\u00fd syst\u00e9m a princ\u00edp \u010dinnosti<\/h2>\n<p>Hydraulick\u00fd teleskopick\u00fd valec funguje tak, \u017ee premie\u0148a hydraulick\u00fa energiu na mechanick\u00fd pohyb, \u010d\u00edm efekt\u00edvne premie\u0148a tlak na silu. Tento proces je z\u00e1kladom fungovania hydraulick\u00fdch syst\u00e9mov, kde valec p\u00f4sob\u00ed ako k\u013e\u00fa\u010dov\u00e1 s\u00fa\u010das\u0165, ktor\u00e1 poh\u00e1\u0148a a riadi r\u00f4zne stroje a zariadenia v priemyseln\u00fdch aplik\u00e1ci\u00e1ch. Ke\u010f sa hydraulick\u00e1 kvapalina \u010derp\u00e1 do valca, vytv\u00e1ra tlak, ktor\u00fd roz\u0161iruje vn\u00fatorn\u00e9 \u010dasti valca, \u010do umo\u017e\u0148uje v\u00fdznamn\u00fd line\u00e1rny pohyb. T\u00e1to jedine\u010dn\u00e1 kon\u0161trukcia umo\u017e\u0148uje teleskopick\u00e9mu valcu dosiahnu\u0165 p\u00f4sobiv\u00e9 d\u013a\u017eky vysunutia a z\u00e1rove\u0148 si zachova\u0165 kompaktn\u00fa ve\u013ekos\u0165, ke\u010f sa nepou\u017e\u00edva.<\/p>\n<p>Schopnos\u0165 generova\u0165 zna\u010dn\u00fa silu s presnos\u0165ou rob\u00ed hydraulick\u00e9 teleskopick\u00e9 valce nevyhnutn\u00fdmi v mnoh\u00fdch prostrediach. Ovl\u00e1dan\u00edm prietoku a tlaku hydraulickej kvapaliny m\u00f4\u017eu oper\u00e1tori dosiahnu\u0165 plynul\u00e9 a kontrolovan\u00e9 pohyby, v\u010faka \u010domu s\u00fa ide\u00e1lne pre \u00falohy, ktor\u00e9 vy\u017eaduj\u00fa silu aj presnos\u0165. T\u00e1to v\u0161estrannos\u0165 zabezpe\u010duje, \u017ee hydraulick\u00e9 teleskopick\u00e9 valce sa dok\u00e1\u017eu prisp\u00f4sobi\u0165 \u0161irokej \u0161k\u00e1le prev\u00e1dzkov\u00fdch po\u017eiadaviek, \u010d\u00edm sa zvy\u0161uje \u00fa\u010dinnos\u0165 a efekt\u00edvnos\u0165 zariaden\u00ed, ktor\u00e9 poh\u00e1\u0148aj\u00fa.<\/p>\n<h2>Aplik\u00e1cie<\/h2>\n<p>N\u00e1\u0161 hydraulick\u00fd teleskopick\u00fd valec sa \u0161iroko pou\u017e\u00edva v r\u00f4znych odvetviach vr\u00e1tane opravovn\u00ed strojov, fariem, energetiky a ban\u00edctva, v\u00fdroby strojov a stroj\u00e1rskych z\u00e1vodov. V opravovniach strojov s\u00fa tieto valce nevyhnutn\u00e9 na zdv\u00edhanie \u0165a\u017ek\u00fdch zariaden\u00ed a u\u013eah\u010denie \u00fadr\u017eb\u00e1rskych \u00faloh, \u010do umo\u017e\u0148uje technikom pracova\u0165 efekt\u00edvne a bezpe\u010dne.<\/p>\n<p>Na farm\u00e1ch sa v traktoroch a in\u00fdch po\u013enohospod\u00e1rskych strojoch pou\u017e\u00edvaj\u00fa hydraulick\u00e9 teleskopick\u00e9 valce na vykon\u00e1vanie \u00faloh, ako je zdv\u00edhanie, nakl\u00e1\u0148anie a vysyp\u00e1vanie materi\u00e1lov. T\u00e1to schopnos\u0165 v\u00fdrazne zvy\u0161uje produktivitu v po\u013enohospod\u00e1rskych oper\u00e1ci\u00e1ch a umo\u017e\u0148uje po\u013enohospod\u00e1rom riadi\u0165 svoje \u00falohy \u013eahko a efekt\u00edvne.<\/p>\n<p>V energetickom a banskom sektore zohr\u00e1va n\u00e1\u0161 hydraulick\u00fd teleskopick\u00fd valec d\u00f4le\u017eit\u00fa \u00falohu v aplik\u00e1ci\u00e1ch, ako je v\u0155tanie, v\u00fdkopov\u00e9 pr\u00e1ce a manipul\u00e1cia s materi\u00e1lom. Jeho robustn\u00e1 kon\u0161trukcia a schopnos\u0165 generova\u0165 vysok\u00fa silu ho robia vhodn\u00fdm pre n\u00e1ro\u010dn\u00e9 prostredia typick\u00e9 pre tieto odvetvia, kde s\u00fa spo\u013eahlivos\u0165 a v\u00fdkon prvorad\u00e9.<\/p>\n<p>Okrem toho s\u00fa hydraulick\u00e9 teleskopick\u00e9 valce v stroj\u00e1rstve a tov\u00e1r\u0148ach neoddelite\u013enou s\u00fa\u010das\u0165ou mont\u00e1\u017enych liniek a automatizovan\u00fdch syst\u00e9mov. Umo\u017e\u0148uj\u00fa presn\u00e9 riadenie pohybov, \u010d\u00edm prispievaj\u00fa k zefekt\u00edvneniu v\u00fdrobn\u00fdch procesov a celkovej prev\u00e1dzkovej efekt\u00edvnosti. \u010ci u\u017e ide o zdv\u00edhanie \u0165a\u017ek\u00fdch bremien, ovl\u00e1danie strojov alebo obsluhu zlo\u017eit\u00fdch hydraulick\u00fdch syst\u00e9mov, n\u00e1\u0161 hydraulick\u00fd teleskopick\u00fd valec poskytuje bezkonkuren\u010dn\u00fd v\u00fdkon a spo\u013eahlivos\u0165, v\u010faka \u010domu je d\u00f4veryhodnou vo\u013ebou pre profesion\u00e1lov v r\u00f4znych odvetviach.<\/p>\n<p><img loading=\"lazy\" decoding=\"async\" class=\"alignnone wp-image-6663\" src=\"https:\/\/fmp-components.com\/wp-content\/uploads\/2025\/03\/telescopic-hydraulic-cylinder-11.webp\" alt=\"teleskopick\u00fd hydraulick\u00fd valec\" width=\"955\" height=\"955\" title=\"\" srcset=\"https:\/\/fmp-components.com\/wp-content\/uploads\/2025\/03\/telescopic-hydraulic-cylinder-11.webp 955w, https:\/\/fmp-components.com\/wp-content\/uploads\/2025\/03\/telescopic-hydraulic-cylinder-11-480x480.webp 480w\" sizes=\"(min-width: 0px) and (max-width: 480px) 480px, (min-width: 481px) 955px, 100vw\" \/><\/p>\n<h2>Hydraulick\u00e9 valce a pohonn\u00e9 jednotky<\/h2>\n<p>Hydraulick\u00e9 valce a pohonn\u00e9 jednotky s\u00fa neoddelite\u013enou s\u00fa\u010das\u0165ou hydraulick\u00fdch syst\u00e9mov. Spolupracuj\u00fa na zabezpe\u010den\u00ed \u0161irok\u00e9ho vyu\u017eitia hydraulickej technol\u00f3gie v priemyselnej oblasti a poskytuj\u00fa spo\u013eahliv\u00fa podporu nap\u00e1jania a riadenia pre r\u00f4zne technick\u00e9 a mechanick\u00e9 zariadenia. My v spolo\u010dnosti FMP tie\u017e pon\u00fakame pohonn\u00e9 jednotky na predaj.<\/p>\n<h2>\u010casto kladen\u00e9 ot\u00e1zky<\/h2>\n<h3>Ot\u00e1zka: Ste obchodn\u00e1 spolo\u010dnos\u0165 alebo v\u00fdrobca?<\/h3>\n<p>A: Sme tov\u00e1re\u0148.<\/p>\n<h3>Ot\u00e1zka: Ak\u00e1 je va\u0161a dodacia lehota?<\/h3>\n<p>A: Vo v\u0161eobecnosti je to 25-35 dn\u00ed.<\/p>\n<h3>Ot\u00e1zka: M\u00f4\u017eete vyrobi\u0165 pod\u013ea vzoriek?<\/h3>\n<p>A: \u00c1no, vieme vyrobi\u0165 pod\u013ea va\u0161ich vzoriek alebo technick\u00fdch v\u00fdkresov. Vieme vyrobi\u0165 formy a up\u00ednacie pr\u00edpravky.<\/p>\n<h3>O FMP<\/h3>\n<p class=\"break-words\">FMP je popredn\u00fd taliansky v\u00fdrobca \u0161pecializuj\u00faci sa na n\u00e1vrh, v\u00fdvoj a v\u00fdrobu vysokokvalitn\u00fdch hydraulick\u00fdch valcov. S bohat\u00fdm dedi\u010dstvom zakorenen\u00fdm v desa\u0165ro\u010diach odborn\u00fdch znalost\u00ed hrdo kombinujeme talianske remeseln\u00e9 spracovanie s najmodernej\u0161ou technol\u00f3giou, aby sme dod\u00e1vali v\u00fdnimo\u010dn\u00e9 hydraulick\u00e9 rie\u0161enia prisp\u00f4soben\u00e9 rozmanit\u00fdm potreb\u00e1m na\u0161ich glob\u00e1lnych klientov. Spolo\u010dnos\u0165 FMP so s\u00eddlom v Taliansku, centre in\u017einierskej excelentnosti, je d\u00f4veryhodn\u00fdm menom v hydraulickom priemysle a je odhodlan\u00e1 poskytova\u0165 spo\u013eahliv\u00e9, odoln\u00e9 a inovat\u00edvne produkty, ktor\u00e9 posil\u0148uj\u00fa podniky na celom svete.<\/p>\n<p class=\"break-words\">Na\u0161a spolo\u010dnos\u0165 sp\u00e1ja to najlep\u0161ie z pokro\u010dil\u00fdch v\u00fdrobn\u00fdch trad\u00edci\u00ed s progres\u00edvnym pr\u00edstupom. V\u010faka dlhoro\u010dn\u00fdm sk\u00fasenostiam v oblasti hydraulick\u00fdch syst\u00e9mov sa spolo\u010dnos\u0165 FMP vyvinula v modern\u00fd podnik, ktor\u00fd vynik\u00e1 vo v\u00fdskume, dizajne a v\u00fdrobe. \u0160pecializujeme sa na \u0161irok\u00fa \u0161k\u00e1lu hydraulick\u00fdch valcov vr\u00e1tane dvoj\u010dinn\u00fdch valcov, zdv\u00edhac\u00edch valcov pre automobily, valcov pre po\u013enohospod\u00e1rske stroje a na mieru vyroben\u00fdch rie\u0161en\u00ed pre r\u00f4zne priemyseln\u00e9 aplik\u00e1cie. \u010ci u\u017e ide o stavebn\u00edctvo, priemyseln\u00e9 in\u0161tal\u00e1cie, po\u013enohospod\u00e1rstvo alebo \u0165a\u017ek\u00e9 stroje, na\u0161e hydraulick\u00e9 valce s\u00fa skon\u0161truovan\u00e9 tak, aby fungovali v naj\u0165a\u017e\u0161\u00edch podmienkach a zabezpe\u010dovali bezpe\u010dnos\u0165, \u00fa\u010dinnos\u0165 a dlh\u00fa \u017eivotnos\u0165.<\/p>\n<p><img loading=\"lazy\" decoding=\"async\" class=\"alignnone size-full wp-image-6720\" src=\"https:\/\/fmp-components.com\/wp-content\/uploads\/2025\/03\/hydraulic-cylinder-8.webp\" alt=\"Teleskopick\u00e9 hydraulick\u00e9 valce\" width=\"933\" height=\"526\" title=\"\" srcset=\"https:\/\/fmp-components.com\/wp-content\/uploads\/2025\/03\/hydraulic-cylinder-8.webp 933w, https:\/\/fmp-components.com\/wp-content\/uploads\/2025\/03\/hydraulic-cylinder-8-480x271.webp 480w\" sizes=\"(min-width: 0px) and (max-width: 480px) 480px, (min-width: 481px) 933px, 100vw\" \/><\/p>\n<p class=\"break-words\">V spolo\u010dnosti FMP sme hrd\u00ed na na\u0161e najmodernej\u0161ie v\u00fdrobn\u00e9 zariadenia, vybaven\u00e9 presn\u00fdmi strojmi a pokro\u010dil\u00fdmi testovac\u00edmi syst\u00e9mami. Na\u0161e v\u00fdrobn\u00e9 procesy sp\u013a\u0148aj\u00fa pr\u00edsne n\u00e1rodn\u00e9 a medzin\u00e1rodn\u00e9 normy, \u010do zabezpe\u010duje, \u017ee ka\u017ed\u00fd hydraulick\u00fd valec op\u00fa\u0161\u0165aj\u00faci na\u0161u tov\u00e1re\u0148 m\u00e1 vynikaj\u00facu kvalitu a spo\u013eahlivos\u0165. N\u00e1\u0161 sk\u00fasen\u00fd technick\u00fd t\u00edm v spojen\u00ed s najmodernej\u0161\u00edm vybaven\u00edm n\u00e1m umo\u017e\u0148uje udr\u017eiava\u0165 pr\u00edsnu kontrolu kvality v ka\u017edej f\u00e1ze v\u00fdroby \u2013 od v\u00fdberu surov\u00edn a\u017e po kone\u010dn\u00fa kontrolu. Toto odhodlanie k dokonalosti n\u00e1m prinieslo certifik\u00e1cie a uznanie od priemyseln\u00fdch autor\u00edt, \u010do \u010falej upev\u0148uje na\u0161u reput\u00e1ciu spo\u013eahliv\u00e9ho partnera.<\/p>\n<p class=\"break-words\">Na\u0161e poslanie je jednoduch\u00e9, no ambici\u00f3zne: poskytova\u0165 na\u0161im z\u00e1kazn\u00edkom hydraulick\u00e9 valce, ktor\u00e9 prekon\u00e1vaj\u00fa o\u010dak\u00e1vania v oblasti v\u00fdkonu, odolnosti a hodnoty. Pracujeme v s\u00falade s hlavn\u00fdmi princ\u00edpmi profesionality, integrity a zamerania sa na z\u00e1kazn\u00edka. Podporou kult\u00fary inov\u00e1ci\u00ed a presnosti neust\u00e1le zdokona\u013eujeme na\u0161e produkty, aby sme si udr\u017eali n\u00e1skok na konkuren\u010dnom trhu. N\u00e1\u0161 komplexn\u00fd sortiment produktov a schopnos\u0165 pon\u00faka\u0165 rie\u0161enia na mieru z n\u00e1s robia vo\u013ebu pre firmy, ktor\u00e9 h\u013eadaj\u00fa vysoko v\u00fdkonn\u00e9 hydraulick\u00e9 valce.<\/p>\n<p class=\"break-words\">FMP je viac ne\u017e len v\u00fdrobca \u2013 sme partnerom vo va\u0161om \u00faspechu. Ch\u00e1peme, \u017ee na\u0161i z\u00e1kazn\u00edci sa na n\u00e1s spoliehaj\u00fa, \u017ee im dod\u00e1me n\u00e1stroje, ktor\u00e9 zvy\u0161uj\u00fa ich produktivitu a bezpe\u010dnos\u0165. Preto sa zav\u00e4zujeme pon\u00faka\u0165 nielen \u0161pi\u010dkov\u00e9 produkty, ale aj v\u00fdnimo\u010dn\u00fd servis. Od \u00favodnej konzult\u00e1cie a\u017e po popredajn\u00fa podporu \u00fazko spolupracujeme s na\u0161imi klientmi, aby sme zabezpe\u010dili, \u017ee ich potreby bud\u00fa splnen\u00e9 s profesionalitou a starostlivos\u0165ou. Na\u0161e konkurencieschopn\u00e9 ceny v spojen\u00ed s na\u0161\u00edm neochvejn\u00fdm z\u00e1v\u00e4zkom ku kvalite robia z FMP inteligentn\u00fa vo\u013ebu pre spolo\u010dnosti, ktor\u00e9 chc\u00fa investova\u0165 do hydraulick\u00fdch rie\u0161en\u00ed, ktor\u00fdm m\u00f4\u017eu d\u00f4verova\u0165.<\/p>","protected":false},"excerpt":{"rendered":"<p>Hot Sale 3 Stage Trailer Hydraulic Telescopic Cylinder Introducing our Hot Sale 3 Stage Trailer Hydraulic Telescopic Cylinder, a standard steel structure plunger cylinder that operates under hydraulic power. This multistage hydraulic cylinder is a new product for 2025 that is designed to provide robust and efficient operation across various industries such as Machinery Repair [&hellip;]<\/p>","protected":false},"featured_media":6736,"comment_status":"closed","ping_status":"closed","template":"","meta":{"_et_pb_use_builder":"","_et_pb_old_content":"","_et_gb_content_width":""},"product_brand":[],"product_cat":[103],"product_tag":[34,105],"class_list":{"0":"post-6561","1":"product","2":"type-product","3":"status-publish","4":"has-post-thumbnail","6":"product_cat-telescopic-hydraulic-cylinders","7":"product_tag-hydraulic-cylinder","8":"product_tag-telescopic-hydraulic-cylinders","10":"first","11":"instock","12":"product-type-simple"},"_links":{"self":[{"href":"https:\/\/fmp-components.com\/sk\/wp-json\/wp\/v2\/product\/6561","targetHints":{"allow":["GET"]}}],"collection":[{"href":"https:\/\/fmp-components.com\/sk\/wp-json\/wp\/v2\/product"}],"about":[{"href":"https:\/\/fmp-components.com\/sk\/wp-json\/wp\/v2\/types\/product"}],"replies":[{"embeddable":true,"href":"https:\/\/fmp-components.com\/sk\/wp-json\/wp\/v2\/comments?post=6561"}],"wp:featuredmedia":[{"embeddable":true,"href":"https:\/\/fmp-components.com\/sk\/wp-json\/wp\/v2\/media\/6736"}],"wp:attachment":[{"href":"https:\/\/fmp-components.com\/sk\/wp-json\/wp\/v2\/media?parent=6561"}],"wp:term":[{"taxonomy":"product_brand","embeddable":true,"href":"https:\/\/fmp-components.com\/sk\/wp-json\/wp\/v2\/product_brand?post=6561"},{"taxonomy":"product_cat","embeddable":true,"href":"https:\/\/fmp-components.com\/sk\/wp-json\/wp\/v2\/product_cat?post=6561"},{"taxonomy":"product_tag","embeddable":true,"href":"https:\/\/fmp-components.com\/sk\/wp-json\/wp\/v2\/product_tag?post=6561"}],"curies":[{"name":"pracovn\u00fd list","href":"https:\/\/api.w.org\/{rel}","templated":true}]}}