{"id":6560,"date":"2025-03-11T06:29:39","date_gmt":"2025-03-11T06:29:39","guid":{"rendered":"https:\/\/fmp-components.com\/product\/high-quality-small-dump-truck-hoist-hydraulic-cylinder"},"modified":"2025-03-12T06:11:55","modified_gmt":"2025-03-12T06:11:55","slug":"high-quality-small-dump-truck-hoist-hydraulic-cylinder","status":"publish","type":"product","link":"https:\/\/fmp-components.com\/sk\/product\/high-quality-small-dump-truck-hoist-hydraulic-cylinder\/","title":{"rendered":"Vysokokvalitn\u00fd hydraulick\u00fd valec pre zdvih\u00e1k mal\u00e9ho skl\u00e1pa\u010da"},"content":{"rendered":"<h2>Vysokokvalitn\u00fd hydraulick\u00fd valec pre zdvih\u00e1k mal\u00e9ho skl\u00e1pa\u010da<\/h2>\n<p>Vysk\u00fa\u0161ajte pr\u00e9miov\u00fd v\u00fdkon n\u00e1\u0161ho hydraulick\u00e9ho valca pre mal\u00e9 zdvih\u00e1ky. Tento vysoko kvalitn\u00fd \u0161tandardn\u00fd produkt je ide\u00e1lny pre r\u00f4zne odvetvia vr\u00e1tane opravovn\u00ed strojov, fariem, energetiky a ban\u00edctva, v\u00fdroby strojov a stroj\u00e1rskych z\u00e1vodov. N\u00e1\u0161 hydraulick\u00fd valec je nov\u00fd, vyroben\u00fd z odolnej ocele a pre v\u00e1\u0161 pokoj v du\u0161i sa dod\u00e1va s ro\u010dnou z\u00e1rukou.<\/p>\n<h3>Funkcie a vlastnosti<\/h3>\n<p>N\u00e1\u0161 hydraulick\u00fd valec pon\u00faka maxim\u00e1lny tlak 3000 a maxim\u00e1lny \u0165ah 20 ton. Viacstup\u0148ov\u00fd hydraulick\u00fd valec zais\u0165uje efektivitu a bezpe\u010dnos\u0165 va\u0161ej prev\u00e1dzky. Pr\u00edpojky valca s\u00fa typu G\/SAE\/NPT\/M, v\u010faka \u010domu je v\u0161estrann\u00fd pre r\u00f4zne aplik\u00e1cie. M\u00e1 certifik\u00e1ciu ISO9001:2000, ktor\u00e1 zaru\u010duje jeho vynikaj\u00facu kvalitu a s\u00falad s medzin\u00e1rodn\u00fdmi normami.<\/p>\n<h3>Technick\u00e9 \u0161pecifik\u00e1cie<\/h3>\n<table style=\"width: 94.6494%;\" border=\"\">\n<tbody>\n<tr>\n<td style=\"width: 42.9379%;\"><i>Ve\u013ekos\u0165 otvoru<\/i><\/td>\n<td style=\"width: 446.328%;\">2-6 palcov<\/td>\n<\/tr>\n<tr>\n<td style=\"width: 42.9379%;\"><i>Ve\u013ekos\u0165 ty\u010de<\/i><\/td>\n<td style=\"width: 446.328%;\">1,125-4 palca<\/td>\n<\/tr>\n<tr>\n<td style=\"width: 42.9379%;\"><i>Ve\u013ekos\u0165 \u0165ahu<\/i><\/td>\n<td style=\"width: 446.328%;\">4-100 palcov<\/td>\n<\/tr>\n<tr>\n<td style=\"width: 42.9379%;\"><i>Ve\u013ekos\u0165 \u010dapu<\/i><\/td>\n<td style=\"width: 446.328%;\">0,5-2 palce<\/td>\n<\/tr>\n<tr>\n<td style=\"width: 42.9379%;\"><i>Porty<\/i><\/td>\n<td style=\"width: 446.328%;\">G\/SAE\/NPT\/M<\/td>\n<\/tr>\n<\/tbody>\n<\/table>\n<h2>V\u00fdrazn\u00e9 v\u00fdhody<\/h2>\n<ul>\n<li>\u00daspora energie<\/li>\n<li>Vysok\u00e1 \u00fa\u010dinnos\u0165<\/li>\n<li>Bezpe\u010dn\u00e9 a spo\u013eahliv\u00e9<\/li>\n<\/ul>\n<h2>Hydraulick\u00fd syst\u00e9m a princ\u00edp \u010dinnosti<\/h2>\n<p>N\u00e1\u0161 hydraulick\u00fd valec funguje na jednoduchom, ale vysoko \u00fa\u010dinnom princ\u00edpe. Vyu\u017e\u00edva hydraulick\u00fa kvapalinu pod tlakom na generovanie line\u00e1rneho pohybu, v\u010faka \u010domu je k\u013e\u00fa\u010dovou s\u00fa\u010das\u0165ou v mnoh\u00fdch priemyseln\u00fdch aplik\u00e1ci\u00e1ch. Proces za\u010d\u00edna, ke\u010f sa hydraulick\u00e1 kvapalina na\u010derp\u00e1 do valca, \u010d\u00edm sa vytvor\u00ed tlak, ktor\u00fd p\u00f4sob\u00ed na piest vo vn\u00fatri. Ke\u010f sa piest pohybuje v reakcii na tento tlak, premie\u0148a hydraulick\u00fa energiu na mechanick\u00fd pohyb, \u010do umo\u017e\u0148uje jednoduch\u00e9 vykon\u00e1vanie r\u00f4znych \u00faloh.<\/p>\n<p>Tento mechanizmus nielen zais\u0165uje efekt\u00edvny prenos v\u00fdkonu, ale poskytuje aj spo\u013eahliv\u00fd a v\u00fdkonn\u00fd v\u00fdkon, ktor\u00fd je nevyhnutn\u00fd pre n\u00e1ro\u010dn\u00e9 priemyseln\u00e9 prostredie. Schopnos\u0165 presne ovl\u00e1da\u0165 r\u00fdchlos\u0165 a silu pohybu \u010falej zvy\u0161uje u\u017eito\u010dnos\u0165 hydraulick\u00fdch valcov, v\u010faka \u010domu s\u00fa nevyhnutn\u00e9 v aplik\u00e1ci\u00e1ch, kde s\u00fa potrebn\u00e9 presn\u00e9 pohyby. \u010ci u\u017e ide o zdv\u00edhanie \u0165a\u017ek\u00fdch bremien alebo o umo\u017enenie zlo\u017eit\u00fdch strojov\u00fdch oper\u00e1ci\u00ed, hydraulick\u00e9 valce zohr\u00e1vaj\u00fa k\u013e\u00fa\u010dov\u00fa \u00falohu pri optimaliz\u00e1cii v\u00fdkonu a produktivity v r\u00f4znych odvetviach.<\/p>\n<p><img loading=\"lazy\" decoding=\"async\" class=\"alignnone  wp-image-6661\" src=\"https:\/\/fmp-components.com\/wp-content\/uploads\/2025\/03\/telescopic-hydraulic-cylinder-10.webp\" alt=\"teleskopick\u00fd hydraulick\u00fd valec\" width=\"948\" height=\"948\" title=\"\" srcset=\"https:\/\/fmp-components.com\/wp-content\/uploads\/2025\/03\/telescopic-hydraulic-cylinder-10.webp 948w, https:\/\/fmp-components.com\/wp-content\/uploads\/2025\/03\/telescopic-hydraulic-cylinder-10-480x480.webp 480w\" sizes=\"(min-width: 0px) and (max-width: 480px) 480px, (min-width: 481px) 948px, 100vw\" \/><\/p>\n<h2>Scen\u00e1re aplik\u00e1ci\u00ed<\/h2>\n<p>Tento hydraulick\u00fd valec je mimoriadne v\u0161estrann\u00fd a ide\u00e1lny na pou\u017eitie v \u0161irokej \u0161k\u00e1le scen\u00e1rov. V opravovniach strojov u\u013eah\u010duje zdv\u00edhanie a umiest\u0148ovanie \u0165a\u017ek\u00fdch zariaden\u00ed, zefekt\u00edv\u0148uje \u00fadr\u017eb\u00e1rske \u00falohy a zvy\u0161uje celkov\u00fa prev\u00e1dzkov\u00fa efektivitu. Jeho robustn\u00e1 kon\u0161trukcia zais\u0165uje, \u017ee odol\u00e1 n\u00e1ro\u010dn\u00fdm po\u017eiadavk\u00e1m \u010dast\u00e9ho pou\u017e\u00edvania, v\u010faka \u010domu je spo\u013eahlivou vo\u013ebou pre profesion\u00e1lnych oprav\u00e1rov.<\/p>\n<p>Na farm\u00e1ch s\u00fa hydraulick\u00e9 valce nevyhnutn\u00e9 na ovl\u00e1danie r\u00f4znych po\u013enohospod\u00e1rskych strojov vr\u00e1tane traktorov, naklada\u010dov a in\u00e9ho n\u00e1radia. Umo\u017e\u0148uj\u00fa vykon\u00e1va\u0165 \u00falohy, ako je zdv\u00edhanie, nakl\u00e1\u0148anie a vysyp\u00e1vanie materi\u00e1lov, \u010d\u00edm v\u00fdrazne zvy\u0161uj\u00fa produktivitu a efekt\u00edvnos\u0165 po\u013enohospod\u00e1rskych oper\u00e1ci\u00ed. Schopnos\u0165 vykon\u00e1va\u0165 tieto funkcie s presnos\u0165ou je nevyhnutn\u00e1 pre modern\u00e9 po\u013enohospod\u00e1rske postupy.<\/p>\n<p>V energetickom a banskom sektore sa hydraulick\u00e9 valce pou\u017e\u00edvaj\u00fa v aplik\u00e1ci\u00e1ch, ako je v\u0155tanie, v\u00fdkopov\u00e9 pr\u00e1ce a manipul\u00e1cia s materi\u00e1lom. V\u010faka svojej schopnosti generova\u0165 zna\u010dn\u00fa silu s\u00fa vhodn\u00e9 pre n\u00e1ro\u010dn\u00e9 \u00falohy, s ktor\u00fdmi sa v t\u00fdchto odvetviach \u010dasto stret\u00e1vame, kde s\u00fa spo\u013eahlivos\u0165 a v\u00fdkon kritick\u00e9.<\/p>\n<p>Okrem toho s\u00fa hydraulick\u00e9 valce v stroj\u00e1rstve a tov\u00e1r\u0148ach neoddelite\u013enou s\u00fa\u010das\u0165ou mont\u00e1\u017enych liniek a automatizovan\u00fdch syst\u00e9mov. Prispievaj\u00fa k efekt\u00edvnym v\u00fdrobn\u00fdm procesom t\u00fdm, \u017ee umo\u017e\u0148uj\u00fa presn\u00e9 pohyby a oper\u00e1cie, \u010d\u00edm v kone\u010dnom d\u00f4sledku zvy\u0161uj\u00fa produktivitu. Schopnos\u0165 hydraulick\u00e9ho valca poskytova\u0165 siln\u00fd a presn\u00fd pohyb z neho rob\u00ed vynikaj\u00facu vo\u013ebu pre ak\u00fako\u013evek n\u00e1ro\u010dn\u00fa aplik\u00e1ciu a zabezpe\u010duje, \u017ee sp\u013a\u0148a vysok\u00e9 \u0161tandardy po\u017eadovan\u00e9 v dne\u0161nom priemyselnom prostred\u00ed.<\/p>\n<p><img loading=\"lazy\" decoding=\"async\" class=\"alignnone size-full wp-image-6660\" src=\"https:\/\/fmp-components.com\/wp-content\/uploads\/2025\/03\/hydraulic-cylinder-workshop-4.webp\" alt=\"teleskopick\u00fd hydraulick\u00fd valec\" width=\"914\" height=\"733\" title=\"\" srcset=\"https:\/\/fmp-components.com\/wp-content\/uploads\/2025\/03\/hydraulic-cylinder-workshop-4.webp 914w, https:\/\/fmp-components.com\/wp-content\/uploads\/2025\/03\/hydraulic-cylinder-workshop-4-480x385.webp 480w\" sizes=\"(min-width: 0px) and (max-width: 480px) 480px, (min-width: 481px) 914px, 100vw\" \/><\/p>\n<h2>\u010casto kladen\u00e9 ot\u00e1zky<\/h2>\n<ol>\n<li><strong>Ot\u00e1zka: Ste obchodn\u00e1 spolo\u010dnos\u0165 alebo v\u00fdrobca?<\/strong><br \/>\nA: Sme v\u00fdrobca.<\/li>\n<li><strong>Ot\u00e1zka: Ak\u00e1 je va\u0161a dodacia lehota?<\/strong><br \/>\nA: Na\u0161a v\u0161eobecn\u00e1 dodacia lehota je 25-35 dn\u00ed.<\/li>\n<li><strong>Ot\u00e1zka: Poskytujete vzorky?<\/strong><br \/>\nA: \u00c1no, poskytujeme vzorky, ale nie s\u00fa zadarmo.<\/li>\n<\/ol>\n<h3>O FMP<\/h3>\n<p class=\"break-words\">FMP je popredn\u00fd taliansky v\u00fdrobca \u0161pecializuj\u00faci sa na n\u00e1vrh, v\u00fdvoj a v\u00fdrobu vysokokvalitn\u00fdch hydraulick\u00fdch valcov. S bohat\u00fdm dedi\u010dstvom zakorenen\u00fdm v desa\u0165ro\u010diach odborn\u00fdch znalost\u00ed hrdo kombinujeme talianske remeseln\u00e9 spracovanie s najmodernej\u0161ou technol\u00f3giou, aby sme dod\u00e1vali v\u00fdnimo\u010dn\u00e9 hydraulick\u00e9 rie\u0161enia prisp\u00f4soben\u00e9 rozmanit\u00fdm potreb\u00e1m na\u0161ich glob\u00e1lnych klientov. Spolo\u010dnos\u0165 FMP so s\u00eddlom v Taliansku, centre in\u017einierskej excelentnosti, je d\u00f4veryhodn\u00fdm menom v hydraulickom priemysle a je odhodlan\u00e1 poskytova\u0165 spo\u013eahliv\u00e9, odoln\u00e9 a inovat\u00edvne produkty, ktor\u00e9 posil\u0148uj\u00fa podniky na celom svete.<\/p>\n<p class=\"break-words\">Na\u0161a spolo\u010dnos\u0165 sp\u00e1ja to najlep\u0161ie z pokro\u010dil\u00fdch v\u00fdrobn\u00fdch trad\u00edci\u00ed s progres\u00edvnym pr\u00edstupom. V\u010faka dlhoro\u010dn\u00fdm sk\u00fasenostiam v oblasti hydraulick\u00fdch syst\u00e9mov sa spolo\u010dnos\u0165 FMP vyvinula v modern\u00fd podnik, ktor\u00fd vynik\u00e1 vo v\u00fdskume, dizajne a v\u00fdrobe. \u0160pecializujeme sa na \u0161irok\u00fa \u0161k\u00e1lu hydraulick\u00fdch valcov vr\u00e1tane dvoj\u010dinn\u00fdch valcov, zdv\u00edhac\u00edch valcov pre automobily, valcov pre po\u013enohospod\u00e1rske stroje a na mieru vyroben\u00fdch rie\u0161en\u00ed pre r\u00f4zne priemyseln\u00e9 aplik\u00e1cie. \u010ci u\u017e ide o stavebn\u00edctvo, priemyseln\u00e9 in\u0161tal\u00e1cie, po\u013enohospod\u00e1rstvo alebo \u0165a\u017ek\u00e9 stroje, na\u0161e hydraulick\u00e9 valce s\u00fa skon\u0161truovan\u00e9 tak, aby fungovali v naj\u0165a\u017e\u0161\u00edch podmienkach a zabezpe\u010dovali bezpe\u010dnos\u0165, \u00fa\u010dinnos\u0165 a dlh\u00fa \u017eivotnos\u0165.<\/p>\n<p><img loading=\"lazy\" decoding=\"async\" class=\"alignnone size-full wp-image-6720\" src=\"https:\/\/fmp-components.com\/wp-content\/uploads\/2025\/03\/hydraulic-cylinder-8.webp\" alt=\"Teleskopick\u00e9 hydraulick\u00e9 valce\" width=\"933\" height=\"526\" title=\"\" srcset=\"https:\/\/fmp-components.com\/wp-content\/uploads\/2025\/03\/hydraulic-cylinder-8.webp 933w, https:\/\/fmp-components.com\/wp-content\/uploads\/2025\/03\/hydraulic-cylinder-8-480x271.webp 480w\" sizes=\"(min-width: 0px) and (max-width: 480px) 480px, (min-width: 481px) 933px, 100vw\" \/><\/p>\n<p class=\"break-words\">V spolo\u010dnosti FMP sme hrd\u00ed na na\u0161e najmodernej\u0161ie v\u00fdrobn\u00e9 zariadenia, vybaven\u00e9 presn\u00fdmi strojmi a pokro\u010dil\u00fdmi testovac\u00edmi syst\u00e9mami. Na\u0161e v\u00fdrobn\u00e9 procesy sp\u013a\u0148aj\u00fa pr\u00edsne n\u00e1rodn\u00e9 a medzin\u00e1rodn\u00e9 normy, \u010do zabezpe\u010duje, \u017ee ka\u017ed\u00fd hydraulick\u00fd valec op\u00fa\u0161\u0165aj\u00faci na\u0161u tov\u00e1re\u0148 m\u00e1 vynikaj\u00facu kvalitu a spo\u013eahlivos\u0165. N\u00e1\u0161 sk\u00fasen\u00fd technick\u00fd t\u00edm v spojen\u00ed s najmodernej\u0161\u00edm vybaven\u00edm n\u00e1m umo\u017e\u0148uje udr\u017eiava\u0165 pr\u00edsnu kontrolu kvality v ka\u017edej f\u00e1ze v\u00fdroby \u2013 od v\u00fdberu surov\u00edn a\u017e po kone\u010dn\u00fa kontrolu. Toto odhodlanie k dokonalosti n\u00e1m prinieslo certifik\u00e1cie a uznanie od priemyseln\u00fdch autor\u00edt, \u010do \u010falej upev\u0148uje na\u0161u reput\u00e1ciu spo\u013eahliv\u00e9ho partnera.<\/p>\n<p class=\"break-words\">Na\u0161e poslanie je jednoduch\u00e9, no ambici\u00f3zne: poskytova\u0165 na\u0161im z\u00e1kazn\u00edkom hydraulick\u00e9 valce, ktor\u00e9 prekon\u00e1vaj\u00fa o\u010dak\u00e1vania v oblasti v\u00fdkonu, odolnosti a hodnoty. Pracujeme v s\u00falade s hlavn\u00fdmi princ\u00edpmi profesionality, integrity a zamerania sa na z\u00e1kazn\u00edka. Podporou kult\u00fary inov\u00e1ci\u00ed a presnosti neust\u00e1le zdokona\u013eujeme na\u0161e produkty, aby sme si udr\u017eali n\u00e1skok na konkuren\u010dnom trhu. N\u00e1\u0161 komplexn\u00fd sortiment produktov a schopnos\u0165 pon\u00faka\u0165 rie\u0161enia na mieru z n\u00e1s robia vo\u013ebu pre firmy, ktor\u00e9 h\u013eadaj\u00fa vysoko v\u00fdkonn\u00e9 hydraulick\u00e9 valce.<\/p>\n<p class=\"break-words\">FMP je viac ne\u017e len v\u00fdrobca \u2013 sme partnerom vo va\u0161om \u00faspechu. Ch\u00e1peme, \u017ee na\u0161i z\u00e1kazn\u00edci sa na n\u00e1s spoliehaj\u00fa, \u017ee im dod\u00e1me n\u00e1stroje, ktor\u00e9 zvy\u0161uj\u00fa ich produktivitu a bezpe\u010dnos\u0165. Preto sa zav\u00e4zujeme pon\u00faka\u0165 nielen \u0161pi\u010dkov\u00e9 produkty, ale aj v\u00fdnimo\u010dn\u00fd servis. Od \u00favodnej konzult\u00e1cie a\u017e po popredajn\u00fa podporu \u00fazko spolupracujeme s na\u0161imi klientmi, aby sme zabezpe\u010dili, \u017ee ich potreby bud\u00fa splnen\u00e9 s profesionalitou a starostlivos\u0165ou. Na\u0161e konkurencieschopn\u00e9 ceny v spojen\u00ed s na\u0161\u00edm neochvejn\u00fdm z\u00e1v\u00e4zkom ku kvalite robia z FMP inteligentn\u00fa vo\u013ebu pre spolo\u010dnosti, ktor\u00e9 chc\u00fa investova\u0165 do hydraulick\u00fdch rie\u0161en\u00ed, ktor\u00fdm m\u00f4\u017eu d\u00f4verova\u0165.<\/p>","protected":false},"excerpt":{"rendered":"<p>High Quality Small Dump Truck Hoist Hydraulic Cylinder Experience the premium power of our small dump truck hoist hydraulic cylinder. This high-quality, standard product is perfect for various industries including machinery repair shops, farms, energy and mining, machinery manufacturing, and machinery factories. Our hydraulic cylinder is new, made of durable steel, and comes with a [&hellip;]<\/p>","protected":false},"featured_media":6735,"comment_status":"closed","ping_status":"closed","template":"","meta":{"_et_pb_use_builder":"","_et_pb_old_content":"","_et_gb_content_width":""},"product_brand":[],"product_cat":[103],"product_tag":[34,105],"class_list":{"0":"post-6560","1":"product","2":"type-product","3":"status-publish","4":"has-post-thumbnail","6":"product_cat-telescopic-hydraulic-cylinders","7":"product_tag-hydraulic-cylinder","8":"product_tag-telescopic-hydraulic-cylinders","10":"first","11":"instock","12":"product-type-simple"},"_links":{"self":[{"href":"https:\/\/fmp-components.com\/sk\/wp-json\/wp\/v2\/product\/6560","targetHints":{"allow":["GET"]}}],"collection":[{"href":"https:\/\/fmp-components.com\/sk\/wp-json\/wp\/v2\/product"}],"about":[{"href":"https:\/\/fmp-components.com\/sk\/wp-json\/wp\/v2\/types\/product"}],"replies":[{"embeddable":true,"href":"https:\/\/fmp-components.com\/sk\/wp-json\/wp\/v2\/comments?post=6560"}],"wp:featuredmedia":[{"embeddable":true,"href":"https:\/\/fmp-components.com\/sk\/wp-json\/wp\/v2\/media\/6735"}],"wp:attachment":[{"href":"https:\/\/fmp-components.com\/sk\/wp-json\/wp\/v2\/media?parent=6560"}],"wp:term":[{"taxonomy":"product_brand","embeddable":true,"href":"https:\/\/fmp-components.com\/sk\/wp-json\/wp\/v2\/product_brand?post=6560"},{"taxonomy":"product_cat","embeddable":true,"href":"https:\/\/fmp-components.com\/sk\/wp-json\/wp\/v2\/product_cat?post=6560"},{"taxonomy":"product_tag","embeddable":true,"href":"https:\/\/fmp-components.com\/sk\/wp-json\/wp\/v2\/product_tag?post=6560"}],"curies":[{"name":"pracovn\u00fd list","href":"https:\/\/api.w.org\/{rel}","templated":true}]}}