{"id":6557,"date":"2025-03-11T06:29:39","date_gmt":"2025-03-11T06:29:39","guid":{"rendered":"https:\/\/fmp-components.com\/product\/factory-price-telescopic-two-stage-multistage-hydraulic-cylinder-for-sale"},"modified":"2025-03-12T06:06:13","modified_gmt":"2025-03-12T06:06:13","slug":"factory-price-telescopic-two-stage-multistage-hydraulic-cylinder-for-sale","status":"publish","type":"product","link":"https:\/\/fmp-components.com\/sk\/product\/factory-price-telescopic-two-stage-multistage-hydraulic-cylinder-for-sale\/","title":{"rendered":"Teleskopick\u00fd dvojstup\u0148ov\u00fd viacstup\u0148ov\u00fd hydraulick\u00fd valec z v\u00fdroby na predaj"},"content":{"rendered":"<h2>Teleskopick\u00fd dvojstup\u0148ov\u00fd viacstup\u0148ov\u00fd hydraulick\u00fd valec z v\u00fdroby na predaj<\/h2>\n<p>Z\u00edskajte najlep\u0161iu ponuku s na\u0161\u00edm cenovo dostupn\u00fdm, vysokokvalitn\u00fdm teleskopick\u00fdm dvojstup\u0148ov\u00fdm viacstup\u0148ov\u00fdm hydraulick\u00fdm valcom. Tento robustn\u00fd hydraulick\u00fd valec je navrhnut\u00fd s oh\u013eadom na potreby opravovn\u00ed strojov, fariem, energetick\u00e9ho a bansk\u00e9ho priemyslu a v\u00fdroby strojov. Poskytuje v\u00fdnimo\u010dn\u00fd v\u00fdkon a zais\u0165uje maxim\u00e1lnu efektivitu va\u0161ej prev\u00e1dzky.<\/p>\n<h3>K\u013e\u00fa\u010dov\u00e9 vlastnosti a v\u00fdhody<\/h3>\n<ul>\n<li>\u0160tandardizovan\u00fd dizajn a \u0161trukt\u00fara<\/li>\n<li>P\u00f4sobiv\u00fd maxim\u00e1lny \u0165ah 3000<\/li>\n<li>Vysok\u00e1 maxim\u00e1lna \u0165a\u017en\u00e1 kapacita 20 ton<\/li>\n<li>\u00da\u010dinn\u00e9 vlastnosti \u0161etriace energiu<\/li>\n<li>Zaru\u010den\u00e1 bezpe\u010dnos\u0165 a spo\u013eahlivos\u0165 s certifik\u00e1ciou ISO9001:2000<\/li>\n<li>Dod\u00e1va sa v elegantnej a profesion\u00e1lnej \u010diernej farbe<\/li>\n<\/ul>\n<p><img loading=\"lazy\" decoding=\"async\" class=\"alignnone  wp-image-6664\" src=\"https:\/\/fmp-components.com\/wp-content\/uploads\/2025\/03\/telescopic-hydraulic-cylinder-8.webp\" alt=\"teleskopick\u00fd hydraulick\u00fd valec\" width=\"878\" height=\"878\" title=\"\" srcset=\"https:\/\/fmp-components.com\/wp-content\/uploads\/2025\/03\/telescopic-hydraulic-cylinder-8.webp 878w, https:\/\/fmp-components.com\/wp-content\/uploads\/2025\/03\/telescopic-hydraulic-cylinder-8-480x480.webp 480w\" sizes=\"(min-width: 0px) and (max-width: 480px) 480px, (min-width: 481px) 878px, 100vw\" \/><\/p>\n<h3>\u0160pecifik\u00e1cie produktu<\/h3>\n<table style=\"width: 96.4947%;\" border=\"\">\n<tbody>\n<tr>\n<td style=\"width: 42.9379%;\"><i>Ve\u013ekos\u0165 otvoru<\/i><\/td>\n<td style=\"width: 455.932%;\">2-6 palcov<\/td>\n<\/tr>\n<tr>\n<td style=\"width: 42.9379%;\"><i>Ve\u013ekos\u0165 ty\u010de<\/i><\/td>\n<td style=\"width: 455.932%;\">1,125-4 palca<\/td>\n<\/tr>\n<tr>\n<td style=\"width: 42.9379%;\"><i>Ve\u013ekos\u0165 \u0165ahu<\/i><\/td>\n<td style=\"width: 455.932%;\">4-100 palcov<\/td>\n<\/tr>\n<tr>\n<td style=\"width: 42.9379%;\"><i>Ve\u013ekos\u0165 \u010dapu<\/i><\/td>\n<td style=\"width: 455.932%;\">0,5-2 palce<\/td>\n<\/tr>\n<tr>\n<td style=\"width: 42.9379%;\"><i>Porty<\/i><\/td>\n<td style=\"width: 455.932%;\">G\/SAE\/NPT\/M<\/td>\n<\/tr>\n<\/tbody>\n<\/table>\n<h2>Pochopenie hydraulick\u00e9ho syst\u00e9mu<\/h2>\n<p>N\u00e1\u0161 hydraulick\u00fd valec funguje na princ\u00edpe tlakov\u00e9ho rozdielu. Ke\u010f sa hydraulick\u00e1 kvapalina \u010derp\u00e1 do valca, vytv\u00e1ra sa tlakov\u00fd rozdiel medzi vn\u00fatrom valca a okolit\u00fdm prostred\u00edm. Tento tlakov\u00fd rozdiel poh\u00e1\u0148a piest. Ke\u010f sa piest pos\u00fava, premie\u0148a hydraulick\u00fa energiu na mechanick\u00fd pohyb, ktor\u00fd sa potom pren\u00e1\u0161a do strojov, ktor\u00e9 s\u00fa k nemu pripojen\u00e9. Tento proces poskytuje potrebn\u00fd v\u00fdkon na ovl\u00e1danie r\u00f4znych zariaden\u00ed a vykon\u00e1vanie \u00faloh, ktor\u00e9 vy\u017eaduj\u00fa zna\u010dn\u00fa silu, \u010d\u00edm sa zabezpe\u010duje \u00fa\u010dinnos\u0165 a efekt\u00edvnos\u0165 prev\u00e1dzky.<\/p>\n<p>Schopnos\u0165 hydraulick\u00fdch syst\u00e9mov vyu\u017e\u00edva\u0165 a manipulova\u0165 s hydraulickou silou im umo\u017e\u0148uje vykon\u00e1va\u0165 \u0161irok\u00fa \u0161k\u00e1lu \u00faloh, od zdv\u00edhania \u0165a\u017ek\u00fdch bremien a\u017e po presn\u00e9 pohyby v zlo\u017eit\u00fdch strojoch. Tento z\u00e1kladn\u00fd princ\u00edp fungovania rob\u00ed z hydraulick\u00fdch valcov k\u013e\u00fa\u010dov\u00e9 komponenty v mnoh\u00fdch aplik\u00e1ci\u00e1ch v r\u00f4znych odvetviach.<\/p>\n<h2>Aplik\u00e1cie hydraulick\u00e9ho valca<\/h2>\n<p>V\u0161estrannos\u0165 n\u00e1\u0161ho viacstup\u0148ov\u00e9ho hydraulick\u00e9ho valca umo\u017e\u0148uje jeho pou\u017eitie v mnoh\u00fdch oblastiach, v\u010faka \u010domu je nevyhnutn\u00fdm n\u00e1strojom v r\u00f4znych odvetviach. V opravovniach strojov u\u013eah\u010duje zdv\u00edhanie a umiest\u0148ovanie \u0165a\u017ek\u00fdch zariaden\u00ed, \u010d\u00edm zefekt\u00edv\u0148uje \u00fadr\u017ebu a opravy. Na farm\u00e1ch zohr\u00e1va k\u013e\u00fa\u010dov\u00fa \u00falohu pri obsluhe traktorov a in\u00fdch po\u013enohospod\u00e1rskych strojov, \u010do umo\u017e\u0148uje po\u013enohospod\u00e1rom \u013eahko vykon\u00e1va\u0165 \u00falohy, ako je zdv\u00edhanie, nakl\u00e1\u0148anie a preprava materi\u00e1lov.<\/p>\n<p>V energetickom a banskom priemysle je hydraulick\u00fd valec neocenite\u013en\u00fd pri v\u0155tan\u00ed, v\u00fdkopov\u00fdch pr\u00e1cach a manipul\u00e1cii s materi\u00e1lom, kde je robustn\u00fd v\u00fdkon a spo\u013eahlivos\u0165 prvorad\u00e1. Jeho kon\u0161trukcia je navrhnut\u00e1 tak, aby zvl\u00e1dala n\u00e1ro\u010dn\u00e9 \u00falohy, a zabezpe\u010duje, \u017ee odol\u00e1 n\u00e1ro\u010dn\u00fdm prostrediam bez kompromisov v oblasti bezpe\u010dnosti alebo \u00fa\u010dinnosti.<\/p>\n<p>Okrem toho s\u00fa hydraulick\u00e9 valce v stroj\u00e1rstve neoddelite\u013enou s\u00fa\u010das\u0165ou mont\u00e1\u017enych liniek a automatizovan\u00fdch syst\u00e9mov, kde prispievaj\u00fa k zv\u00fd\u0161eniu efektivity v\u00fdroby a prev\u00e1dzkovej \u00fa\u010dinnosti. Robustn\u00e1 kon\u0161trukcia a spo\u013eahliv\u00fd v\u00fdkon na\u0161ich hydraulick\u00fdch valcov poskytuj\u00fa spo\u013eahlivos\u0165, ktor\u00fa potrebujete v kritick\u00fdch aplik\u00e1ci\u00e1ch, v\u010faka \u010domu s\u00fa d\u00f4veryhodnou vo\u013ebou pre profesion\u00e1lov v r\u00f4znych odvetviach.<\/p>\n<h2>Hydraulick\u00e9 valce a pohonn\u00e9 jednotky<\/h2>\n<p>Hydraulick\u00e9 valce a pohonn\u00e9 jednotky s\u00fa neoddelite\u013enou s\u00fa\u010das\u0165ou ka\u017ed\u00e9ho hydraulick\u00e9ho syst\u00e9mu a spolo\u010dne zabezpe\u010duj\u00fa efekt\u00edvne vyu\u017eitie hydraulickej technol\u00f3gie v priemyselnej sf\u00e9re. Hydraulick\u00fd valec sl\u00fa\u017ei ako ovl\u00e1da\u010d, ktor\u00fd premie\u0148a hydraulick\u00fa energiu na mechanick\u00fd pohyb transform\u00e1ciou tlaku kvapaliny na silu. T\u00e1to schopnos\u0165 mu umo\u017e\u0148uje vykon\u00e1va\u0165 \u0161irok\u00fa \u0161k\u00e1lu \u00faloh, od zdv\u00edhania a tla\u010denia a\u017e po upnutie a nakl\u00e1\u0148anie.<\/p>\n<p>Pohonn\u00e9 jednotky na druhej strane sl\u00fa\u017eia ako zdroj energie pre hydraulick\u00fd syst\u00e9m. Zvy\u010dajne pozost\u00e1vaj\u00fa z hydraulick\u00e9ho \u010derpadla, motora, z\u00e1sobn\u00edka a regula\u010dn\u00fdch ventilov, ktor\u00e9 spolupracuj\u00fa na udr\u017eiavan\u00ed potrebn\u00e9ho tlaku a prietoku. Koordin\u00e1cia medzi hydraulick\u00fdmi valcami a pohonn\u00fdmi jednotkami je k\u013e\u00fa\u010dov\u00e1; zabezpe\u010duje, \u017ee cel\u00fd hydraulick\u00fd syst\u00e9m pracuje hladko a efekt\u00edvne a poskytuje spo\u013eahliv\u00fa podporu nap\u00e1jania a riadenia pre r\u00f4zne technick\u00e9 a mechanick\u00e9 zariadenia.<\/p>\n<p>V spolo\u010dnosti FMP ch\u00e1peme d\u00f4le\u017eitos\u0165 tejto synergie a pon\u00fakame na predaj \u0161irok\u00fa \u0161k\u00e1lu pohonn\u00fdch jednotiek. Poskytovan\u00edm hydraulick\u00fdch valcov aj pohonn\u00fdch jednotiek umo\u017e\u0148ujeme na\u0161im z\u00e1kazn\u00edkom pr\u00edstup ku kompletn\u00fdm hydraulick\u00fdm rie\u0161eniam prisp\u00f4soben\u00fdm ich \u0161pecifick\u00fdm potreb\u00e1m. Tento komplexn\u00fd pr\u00edstup zvy\u0161uje v\u00fdkon a spo\u013eahlivos\u0165 hydraulick\u00fdch syst\u00e9mov a podporuje \u0161irok\u00fa \u0161k\u00e1lu aplik\u00e1ci\u00ed v r\u00f4znych odvetviach.<\/p>\n<p><img loading=\"lazy\" decoding=\"async\" class=\"alignnone  wp-image-6717\" src=\"https:\/\/fmp-components.com\/wp-content\/uploads\/2025\/03\/hydraulic-cylinder-211.webp\" alt=\"Hydraulick\u00e9 valce\" width=\"917\" height=\"919\" title=\"\" srcset=\"https:\/\/fmp-components.com\/wp-content\/uploads\/2025\/03\/hydraulic-cylinder-211.webp 917w, https:\/\/fmp-components.com\/wp-content\/uploads\/2025\/03\/hydraulic-cylinder-211-480x481.webp 480w\" sizes=\"(min-width: 0px) and (max-width: 480px) 480px, (min-width: 481px) 917px, 100vw\" \/><\/p>\n<h3>O FMP<\/h3>\n<p class=\"break-words\">FMP je popredn\u00fd taliansky v\u00fdrobca \u0161pecializuj\u00faci sa na n\u00e1vrh, v\u00fdvoj a v\u00fdrobu vysokokvalitn\u00fdch hydraulick\u00fdch valcov. S bohat\u00fdm dedi\u010dstvom zakorenen\u00fdm v desa\u0165ro\u010diach odborn\u00fdch znalost\u00ed hrdo kombinujeme talianske remeseln\u00e9 spracovanie s najmodernej\u0161ou technol\u00f3giou, aby sme dod\u00e1vali v\u00fdnimo\u010dn\u00e9 hydraulick\u00e9 rie\u0161enia prisp\u00f4soben\u00e9 rozmanit\u00fdm potreb\u00e1m na\u0161ich glob\u00e1lnych klientov. Spolo\u010dnos\u0165 FMP so s\u00eddlom v Taliansku, centre in\u017einierskej excelentnosti, je d\u00f4veryhodn\u00fdm menom v hydraulickom priemysle a je odhodlan\u00e1 poskytova\u0165 spo\u013eahliv\u00e9, odoln\u00e9 a inovat\u00edvne produkty, ktor\u00e9 posil\u0148uj\u00fa podniky na celom svete.<\/p>\n<p class=\"break-words\">Na\u0161a spolo\u010dnos\u0165 sp\u00e1ja to najlep\u0161ie z pokro\u010dil\u00fdch v\u00fdrobn\u00fdch trad\u00edci\u00ed s progres\u00edvnym pr\u00edstupom. V\u010faka dlhoro\u010dn\u00fdm sk\u00fasenostiam v oblasti hydraulick\u00fdch syst\u00e9mov sa spolo\u010dnos\u0165 FMP vyvinula v modern\u00fd podnik, ktor\u00fd vynik\u00e1 vo v\u00fdskume, dizajne a v\u00fdrobe. \u0160pecializujeme sa na \u0161irok\u00fa \u0161k\u00e1lu hydraulick\u00fdch valcov vr\u00e1tane dvoj\u010dinn\u00fdch valcov, zdv\u00edhac\u00edch valcov pre automobily, valcov pre po\u013enohospod\u00e1rske stroje a na mieru vyroben\u00fdch rie\u0161en\u00ed pre r\u00f4zne priemyseln\u00e9 aplik\u00e1cie. \u010ci u\u017e ide o stavebn\u00edctvo, priemyseln\u00e9 in\u0161tal\u00e1cie, po\u013enohospod\u00e1rstvo alebo \u0165a\u017ek\u00e9 stroje, na\u0161e hydraulick\u00e9 valce s\u00fa skon\u0161truovan\u00e9 tak, aby fungovali v naj\u0165a\u017e\u0161\u00edch podmienkach a zabezpe\u010dovali bezpe\u010dnos\u0165, \u00fa\u010dinnos\u0165 a dlh\u00fa \u017eivotnos\u0165.<\/p>\n<p><img loading=\"lazy\" decoding=\"async\" class=\"alignnone size-full wp-image-6720\" src=\"https:\/\/fmp-components.com\/wp-content\/uploads\/2025\/03\/hydraulic-cylinder-8.webp\" alt=\"Teleskopick\u00e9 hydraulick\u00e9 valce\" width=\"933\" height=\"526\" title=\"\" srcset=\"https:\/\/fmp-components.com\/wp-content\/uploads\/2025\/03\/hydraulic-cylinder-8.webp 933w, https:\/\/fmp-components.com\/wp-content\/uploads\/2025\/03\/hydraulic-cylinder-8-480x271.webp 480w\" sizes=\"(min-width: 0px) and (max-width: 480px) 480px, (min-width: 481px) 933px, 100vw\" \/><\/p>\n<p class=\"break-words\">V spolo\u010dnosti FMP sme hrd\u00ed na na\u0161e najmodernej\u0161ie v\u00fdrobn\u00e9 zariadenia, vybaven\u00e9 presn\u00fdmi strojmi a pokro\u010dil\u00fdmi testovac\u00edmi syst\u00e9mami. Na\u0161e v\u00fdrobn\u00e9 procesy sp\u013a\u0148aj\u00fa pr\u00edsne n\u00e1rodn\u00e9 a medzin\u00e1rodn\u00e9 normy, \u010do zabezpe\u010duje, \u017ee ka\u017ed\u00fd hydraulick\u00fd valec op\u00fa\u0161\u0165aj\u00faci na\u0161u tov\u00e1re\u0148 m\u00e1 vynikaj\u00facu kvalitu a spo\u013eahlivos\u0165. N\u00e1\u0161 sk\u00fasen\u00fd technick\u00fd t\u00edm v spojen\u00ed s najmodernej\u0161\u00edm vybaven\u00edm n\u00e1m umo\u017e\u0148uje udr\u017eiava\u0165 pr\u00edsnu kontrolu kvality v ka\u017edej f\u00e1ze v\u00fdroby \u2013 od v\u00fdberu surov\u00edn a\u017e po kone\u010dn\u00fa kontrolu. Toto odhodlanie k dokonalosti n\u00e1m prinieslo certifik\u00e1cie a uznanie od priemyseln\u00fdch autor\u00edt, \u010do \u010falej upev\u0148uje na\u0161u reput\u00e1ciu spo\u013eahliv\u00e9ho partnera.<\/p>\n<p class=\"break-words\">Na\u0161e poslanie je jednoduch\u00e9, no ambici\u00f3zne: poskytova\u0165 na\u0161im z\u00e1kazn\u00edkom hydraulick\u00e9 valce, ktor\u00e9 prekon\u00e1vaj\u00fa o\u010dak\u00e1vania v oblasti v\u00fdkonu, odolnosti a hodnoty. Pracujeme v s\u00falade s hlavn\u00fdmi princ\u00edpmi profesionality, integrity a zamerania sa na z\u00e1kazn\u00edka. Podporou kult\u00fary inov\u00e1ci\u00ed a presnosti neust\u00e1le zdokona\u013eujeme na\u0161e produkty, aby sme si udr\u017eali n\u00e1skok na konkuren\u010dnom trhu. N\u00e1\u0161 komplexn\u00fd sortiment produktov a schopnos\u0165 pon\u00faka\u0165 rie\u0161enia na mieru z n\u00e1s robia vo\u013ebu pre firmy, ktor\u00e9 h\u013eadaj\u00fa vysoko v\u00fdkonn\u00e9 hydraulick\u00e9 valce.<\/p>\n<p class=\"break-words\">FMP je viac ne\u017e len v\u00fdrobca \u2013 sme partnerom vo va\u0161om \u00faspechu. Ch\u00e1peme, \u017ee na\u0161i z\u00e1kazn\u00edci sa na n\u00e1s spoliehaj\u00fa, \u017ee im dod\u00e1me n\u00e1stroje, ktor\u00e9 zvy\u0161uj\u00fa ich produktivitu a bezpe\u010dnos\u0165. Preto sa zav\u00e4zujeme pon\u00faka\u0165 nielen \u0161pi\u010dkov\u00e9 produkty, ale aj v\u00fdnimo\u010dn\u00fd servis. Od \u00favodnej konzult\u00e1cie a\u017e po popredajn\u00fa podporu \u00fazko spolupracujeme s na\u0161imi klientmi, aby sme zabezpe\u010dili, \u017ee ich potreby bud\u00fa splnen\u00e9 s profesionalitou a starostlivos\u0165ou. Na\u0161e konkurencieschopn\u00e9 ceny v spojen\u00ed s na\u0161\u00edm neochvejn\u00fdm z\u00e1v\u00e4zkom ku kvalite robia z FMP inteligentn\u00fa vo\u013ebu pre spolo\u010dnosti, ktor\u00e9 chc\u00fa investova\u0165 do hydraulick\u00fdch rie\u0161en\u00ed, ktor\u00fdm m\u00f4\u017eu d\u00f4verova\u0165.<\/p>","protected":false},"excerpt":{"rendered":"<p>Factory Price Telescopic Two Stage Multistage Hydraulic Cylinder for Sale Get the best deal with our affordable, top-quality Telescopic Two Stage Multistage Hydraulic Cylinder. This robust hydraulic cylinder is designed with the needs of machinery repair shops, farms, energy and mining industries, and machinery manufacturing in mind. It delivers exceptional performance, ensuring maximum efficiency in [&hellip;]<\/p>","protected":false},"featured_media":6732,"comment_status":"closed","ping_status":"closed","template":"","meta":{"_et_pb_use_builder":"","_et_pb_old_content":"","_et_gb_content_width":""},"product_brand":[],"product_cat":[103],"product_tag":[34,105],"class_list":{"0":"post-6557","1":"product","2":"type-product","3":"status-publish","4":"has-post-thumbnail","6":"product_cat-telescopic-hydraulic-cylinders","7":"product_tag-hydraulic-cylinder","8":"product_tag-telescopic-hydraulic-cylinders","10":"first","11":"instock","12":"product-type-simple"},"_links":{"self":[{"href":"https:\/\/fmp-components.com\/sk\/wp-json\/wp\/v2\/product\/6557","targetHints":{"allow":["GET"]}}],"collection":[{"href":"https:\/\/fmp-components.com\/sk\/wp-json\/wp\/v2\/product"}],"about":[{"href":"https:\/\/fmp-components.com\/sk\/wp-json\/wp\/v2\/types\/product"}],"replies":[{"embeddable":true,"href":"https:\/\/fmp-components.com\/sk\/wp-json\/wp\/v2\/comments?post=6557"}],"wp:featuredmedia":[{"embeddable":true,"href":"https:\/\/fmp-components.com\/sk\/wp-json\/wp\/v2\/media\/6732"}],"wp:attachment":[{"href":"https:\/\/fmp-components.com\/sk\/wp-json\/wp\/v2\/media?parent=6557"}],"wp:term":[{"taxonomy":"product_brand","embeddable":true,"href":"https:\/\/fmp-components.com\/sk\/wp-json\/wp\/v2\/product_brand?post=6557"},{"taxonomy":"product_cat","embeddable":true,"href":"https:\/\/fmp-components.com\/sk\/wp-json\/wp\/v2\/product_cat?post=6557"},{"taxonomy":"product_tag","embeddable":true,"href":"https:\/\/fmp-components.com\/sk\/wp-json\/wp\/v2\/product_tag?post=6557"}],"curies":[{"name":"pracovn\u00fd list","href":"https:\/\/api.w.org\/{rel}","templated":true}]}}