{"id":6553,"date":"2025-03-11T06:29:39","date_gmt":"2025-03-11T06:29:39","guid":{"rendered":"https:\/\/fmp-components.com\/product\/factory-price-multi-stage-trailer-hydraulic-cylinder"},"modified":"2025-03-12T06:40:42","modified_gmt":"2025-03-12T06:40:42","slug":"factory-price-multi-stage-trailer-hydraulic-cylinder","status":"publish","type":"product","link":"https:\/\/fmp-components.com\/sk\/product\/factory-price-multi-stage-trailer-hydraulic-cylinder\/","title":{"rendered":"Viacstup\u0148ov\u00fd hydraulick\u00fd valec pr\u00edvesu z v\u00fdroby"},"content":{"rendered":"<h2>Viacstup\u0148ov\u00fd hydraulick\u00fd valec pr\u00edvesu z v\u00fdroby<\/h2>\n<p>N\u00e1\u0161 viacstup\u0148ov\u00fd hydraulick\u00fd valec pre pr\u00edvesy s v\u00fdrobnou cenou je nevyhnutnos\u0165ou pre va\u0161e stroje. Tento v\u0161estrann\u00fd hydraulick\u00fd valec pon\u00faka cel\u00fd rad funkci\u00ed, v\u010faka ktor\u00fdm sa stane neoddelite\u013enou s\u00fa\u010das\u0165ou v\u00e1\u0161ho vybavenia.<\/p>\n<p><img loading=\"lazy\" decoding=\"async\" class=\"alignnone  wp-image-6664\" src=\"https:\/\/fmp-components.com\/wp-content\/uploads\/2025\/03\/telescopic-hydraulic-cylinder-8.webp\" alt=\"teleskopick\u00fd hydraulick\u00fd valec\" width=\"906\" height=\"906\" title=\"\" srcset=\"https:\/\/fmp-components.com\/wp-content\/uploads\/2025\/03\/telescopic-hydraulic-cylinder-8.webp 906w, https:\/\/fmp-components.com\/wp-content\/uploads\/2025\/03\/telescopic-hydraulic-cylinder-8-480x480.webp 480w\" sizes=\"(min-width: 0px) and (max-width: 480px) 480px, (min-width: 481px) 906px, 100vw\" \/><\/p>\n<h3>Vlastnosti a funk\u010dnos\u0165 produktu<\/h3>\n<p>N\u00e1\u0161 viacstup\u0148ov\u00fd hydraulick\u00fd valec je navrhnut\u00fd tak, aby poskytoval spo\u013eahliv\u00fd a efekt\u00edvny v\u00fdkon. Tento hydraulick\u00fd valec je \u0161tandardn\u00fd model s piestovou kon\u0161trukciou a hydraulick\u00fdm zdrojom energie. Je vyroben\u00fd z odolnej ocele, \u010do zaru\u010duje dlhodob\u00e9 pou\u017e\u00edvanie. S maxim\u00e1lnym \u0165ahom 3000 a maxim\u00e1lnym \u0165ahom 20 ton je schopn\u00fd s \u013eahkos\u0165ou zvl\u00e1da\u0165 n\u00e1ro\u010dn\u00e9 \u00falohy.<\/p>\n<h3>Technick\u00e9 \u0161pecifik\u00e1cie<\/h3>\n<table style=\"width: 93.759%;\" border=\"\">\n<tbody>\n<tr>\n<td style=\"width: 43.5028%;\"><strong>Ve\u013ekos\u0165 otvoru<\/strong><\/td>\n<td style=\"width: 451.977%;\">2-6 palcov<\/td>\n<\/tr>\n<tr>\n<td style=\"width: 43.5028%;\"><strong>Ve\u013ekos\u0165 ty\u010de<\/strong><\/td>\n<td style=\"width: 451.977%;\">1,125-4 palca<\/td>\n<\/tr>\n<tr>\n<td style=\"width: 43.5028%;\"><strong>Ve\u013ekos\u0165 \u0165ahu<\/strong><\/td>\n<td style=\"width: 451.977%;\">4-100 palcov<\/td>\n<\/tr>\n<tr>\n<td style=\"width: 43.5028%;\"><strong>Ve\u013ekos\u0165 \u010dapu<\/strong><\/td>\n<td style=\"width: 451.977%;\">0,5-2 palce<\/td>\n<\/tr>\n<tr>\n<td style=\"width: 43.5028%;\"><strong>Porty<\/strong><\/td>\n<td style=\"width: 451.977%;\">G\/SAE\/NPT\/M<\/td>\n<\/tr>\n<\/tbody>\n<\/table>\n<h2>Jedine\u010dn\u00e9 v\u00fdhody<\/h2>\n<ul>\n<li>Energeticky \u00fasporn\u00e9<\/li>\n<li>Vysoko \u00fa\u010dinn\u00fd<\/li>\n<li>Bezpe\u010dn\u00e9 a spo\u013eahliv\u00e9<\/li>\n<\/ul>\n<h2>Hydraulick\u00fd syst\u00e9m a princ\u00edp \u010dinnosti<\/h2>\n<p>Viacstup\u0148ov\u00fd hydraulick\u00fd valec funguje na princ\u00edpe premeny hydraulickej energie na mechanick\u00fd pohyb, \u010d\u00edm efekt\u00edvne premie\u0148a tlak na silu. Tento proces za\u010d\u00edna, ke\u010f je hydraulick\u00e1 kvapalina natlakovan\u00e1 pohonnou jednotkou a priveden\u00e1 do valca. Ke\u010f kvapalina vstupuje, p\u00f4sob\u00ed silou na piest vo valci, \u010d\u00edm ho sp\u00f4sobuje v pohybe. Viacstup\u0148ov\u00e1 kon\u0161trukcia umo\u017e\u0148uje v\u00fdrazn\u00e9 zv\u00fd\u0161enie sily a d\u013a\u017eky zdvihu, v\u010faka \u010domu je ide\u00e1lna pre aplik\u00e1cie, ktor\u00e9 vy\u017eaduj\u00fa presn\u00e9 a siln\u00e9 pohyby. Vyu\u017eit\u00edm viacer\u00fdch stup\u0148ov m\u00f4\u017eu tieto valce dosiahnu\u0165 v\u00e4\u010d\u0161ie vys\u00favanie a zas\u00favanie, \u010d\u00edm sa zvy\u0161uje ich funk\u010dnos\u0165 a v\u0161estrannos\u0165 pri r\u00f4znych \u00faloh\u00e1ch.<\/p>\n<p><img loading=\"lazy\" decoding=\"async\" class=\"alignnone  wp-image-6665\" src=\"https:\/\/fmp-components.com\/wp-content\/uploads\/2025\/03\/telescopic-hydraulic-cylinder-9.webp\" alt=\"teleskopick\u00fd hydraulick\u00fd valec\" width=\"919\" height=\"919\" title=\"\" srcset=\"https:\/\/fmp-components.com\/wp-content\/uploads\/2025\/03\/telescopic-hydraulic-cylinder-9.webp 919w, https:\/\/fmp-components.com\/wp-content\/uploads\/2025\/03\/telescopic-hydraulic-cylinder-9-480x480.webp 480w\" sizes=\"(min-width: 0px) and (max-width: 480px) 480px, (min-width: 481px) 919px, 100vw\" \/><\/p>\n<h2>Scen\u00e1re aplik\u00e1ci\u00ed<\/h2>\n<p>Na\u0161e hydraulick\u00e9 valce nach\u00e1dzaj\u00fa \u0161irok\u00e9 uplatnenie v \u0161irokej \u0161k\u00e1le odvetv\u00ed vr\u00e1tane:<\/p>\n<ul>\n<li><strong>Opravovne strojov:<\/strong> V tomto pr\u00edpade s\u00fa nevyhnutn\u00e9 na zdv\u00edhanie a man\u00e9vrovanie s \u0165a\u017ek\u00fdmi strojov\u00fdmi komponentmi po\u010das \u00fadr\u017eby a opr\u00e1v, \u010d\u00edm zabezpe\u010duj\u00fa, aby technici mohli pracova\u0165 efekt\u00edvne a bezpe\u010dne.<\/li>\n<li><strong>Farmy:<\/strong> V po\u013enohospod\u00e1rstve sa hydraulick\u00e9 valce pou\u017e\u00edvaj\u00fa na \u00falohy, ako je zdv\u00edhanie a polohovanie zariaden\u00ed, premiest\u0148ovanie \u0165a\u017ek\u00fdch bremien, ako s\u00fa bal\u00edky alebo p\u00f4da, a pohon n\u00e1strojov, ktor\u00e9 zvy\u0161uj\u00fa produktivitu.<\/li>\n<li><strong>Energetick\u00fd a \u0165a\u017eobn\u00fd priemysel:<\/strong> Tieto sektory sa spoliehaj\u00fa na hydraulick\u00e9 valce pre ich robustn\u00fd v\u00fdkon pri zdv\u00edhan\u00ed, kopan\u00ed a preprave \u0165a\u017ek\u00fdch materi\u00e1lov, \u010dasto v n\u00e1ro\u010dn\u00fdch prostrediach, kde je spo\u013eahlivos\u0165 k\u013e\u00fa\u010dov\u00e1.<\/li>\n<li><strong>Tov\u00e1rne na v\u00fdrobu strojov:<\/strong> Vo v\u00fdrobe zohr\u00e1vaj\u00fa hydraulick\u00e9 valce k\u013e\u00fa\u010dov\u00fa \u00falohu pri mont\u00e1\u017ei a prev\u00e1dzke strojov, preto\u017ee poskytuj\u00fa potrebn\u00fa silu na \u00falohy, ako je lisovanie, oh\u00fdbanie a tvarovanie r\u00f4znych materi\u00e1lov.<\/li>\n<\/ul>\n<h2>Hydraulick\u00e9 valce a pohonn\u00e9 jednotky<\/h2>\n<p>Hydraulick\u00e9 valce a pohonn\u00e9 jednotky s\u00fa neoddelite\u013enou s\u00fa\u010das\u0165ou hydraulick\u00e9ho syst\u00e9mu a spolo\u010dne umo\u017e\u0148uj\u00fa efekt\u00edvne vyu\u017eitie hydraulickej technol\u00f3gie v r\u00f4znych odvetviach. Hydraulick\u00fd valec sl\u00fa\u017ei ako ovl\u00e1da\u010d, ktor\u00fd premie\u0148a hydraulick\u00fa energiu na mechanick\u00fd pohyb, zatia\u013e \u010do pohonn\u00e1 jednotka generuje a reguluje hydraulick\u00fd tlak potrebn\u00fd na fungovanie syst\u00e9mu.<\/p>\n<p>Ich kombinovan\u00e1 prev\u00e1dzka zabezpe\u010duje, \u017ee hydraulick\u00e9 syst\u00e9my dok\u00e1\u017eu spo\u013eahlivo nap\u00e1ja\u0165 a presne ovl\u00e1da\u0165 r\u00f4zne technick\u00e9 a mechanick\u00e9 zariadenia. T\u00e1to synergia umo\u017e\u0148uje priemyseln\u00fdm odvetviam \u013eahko vykon\u00e1va\u0165 zlo\u017eit\u00e9 \u00falohy, \u010d\u00edm sa zvy\u0161uje prev\u00e1dzkov\u00e1 efektivita a produktivita. \u010ci u\u017e v stavebn\u00edctve, po\u013enohospod\u00e1rstve alebo v\u00fdrobe, spolupr\u00e1ca medzi hydraulick\u00fdmi valcami a pohonn\u00fdmi jednotkami je nevyhnutn\u00e1 pre dosiahnutie optim\u00e1lneho v\u00fdkonu a splnenie po\u017eiadaviek modern\u00fdch priemyseln\u00fdch aplik\u00e1ci\u00ed.<\/p>\n<h2>\u010casto kladen\u00e9 ot\u00e1zky<\/h2>\n<p><strong>Ot\u00e1zka: Ste obchodn\u00e1 spolo\u010dnos\u0165 alebo v\u00fdrobca?<\/strong><br \/>\nA: Sme v\u00fdrobca.<\/p>\n<p><strong>Ot\u00e1zka: Ak\u00e1 je va\u0161a dodacia lehota?<\/strong><br \/>\nA: Na\u0161a dodacia lehota je zvy\u010dajne 25-35 dn\u00ed.<\/p>\n<p><strong>Ot\u00e1zka: Poskytujete vzorky?<\/strong><br \/>\nA: \u00c1no, poskytujeme vzorky, ale nie s\u00fa bezplatn\u00e9.<\/p>\n<h3>O FMP<\/h3>\n<p>FMP je popredn\u00fd taliansky v\u00fdrobca \u0161pecializuj\u00faci sa na n\u00e1vrh, v\u00fdvoj a v\u00fdrobu vysoko kvalitn\u00fdch hydraulick\u00fdch valcov. V\u010faka desa\u0165ro\u010diam sk\u00fasenost\u00ed sp\u00e1jame tradi\u010dn\u00e9 talianske remeseln\u00e9 spracovanie s najmodernej\u0161\u00edmi technol\u00f3giami, aby sme poskytovali v\u00fdnimo\u010dn\u00e9 hydraulick\u00e9 rie\u0161enia, ktor\u00e9 uspokoja rozmanit\u00e9 potreby na\u0161ich glob\u00e1lnych klientov. Spolo\u010dnos\u0165 FMP so s\u00eddlom v Taliansku, centre in\u017einierskej excelentnosti, sa etablovala ako d\u00f4veryhodn\u00e9 meno v hydraulickom priemysle a venuje sa dod\u00e1vaniu spo\u013eahliv\u00fdch, odoln\u00fdch a inovat\u00edvnych produktov, ktor\u00e9 posil\u0148uj\u00fa podniky na celom svete.<\/p>\n<p>Na\u0161a spolo\u010dnos\u0165 sp\u00e1ja pokro\u010dil\u00e9 v\u00fdrobn\u00e9 trad\u00edcie s progres\u00edvnym pr\u00edstupom. V\u010faka dlhoro\u010dn\u00fdm sk\u00fasenostiam v oblasti hydraulick\u00fdch syst\u00e9mov sa spolo\u010dnos\u0165 FMP transformovala na modern\u00fd podnik, ktor\u00fd vynik\u00e1 vo v\u00fdskume, dizajne a v\u00fdrobe. Pon\u00fakame \u0161irok\u00fa \u0161k\u00e1lu hydraulick\u00fdch valcov vr\u00e1tane dvoj\u010dinn\u00fdch valcov, zdv\u00edhac\u00edch valcov pre automobily, valcov pre po\u013enohospod\u00e1rske stroje a z\u00e1kazkovo navrhnut\u00fdch rie\u0161en\u00ed pre r\u00f4zne priemyseln\u00e9 aplik\u00e1cie. \u010ci u\u017e ide o stavebn\u00edctvo, priemyseln\u00e9 in\u0161tal\u00e1cie, po\u013enohospod\u00e1rstvo alebo \u0165a\u017ek\u00e9 stroje, na\u0161e hydraulick\u00e9 valce s\u00fa skon\u0161truovan\u00e9 tak, aby fungovali v najn\u00e1ro\u010dnej\u0161\u00edch podmienkach a zabezpe\u010dovali bezpe\u010dnos\u0165, \u00fa\u010dinnos\u0165 a dlh\u00fa \u017eivotnos\u0165.<\/p>\n<p><img loading=\"lazy\" decoding=\"async\" class=\"alignnone size-full wp-image-6720\" src=\"https:\/\/fmp-components.com\/wp-content\/uploads\/2025\/03\/hydraulic-cylinder-8.webp\" alt=\"Teleskopick\u00e9 hydraulick\u00e9 valce\" width=\"933\" height=\"526\" title=\"\" srcset=\"https:\/\/fmp-components.com\/wp-content\/uploads\/2025\/03\/hydraulic-cylinder-8.webp 933w, https:\/\/fmp-components.com\/wp-content\/uploads\/2025\/03\/hydraulic-cylinder-8-480x271.webp 480w\" sizes=\"(min-width: 0px) and (max-width: 480px) 480px, (min-width: 481px) 933px, 100vw\" \/><\/p>\n<p>V spolo\u010dnosti FMP sme hrd\u00ed na na\u0161e najmodernej\u0161ie v\u00fdrobn\u00e9 zariadenia, vybaven\u00e9 presn\u00fdmi strojmi a pokro\u010dil\u00fdmi testovac\u00edmi syst\u00e9mami. Na\u0161e v\u00fdrobn\u00e9 procesy sp\u013a\u0148aj\u00fa pr\u00edsne n\u00e1rodn\u00e9 a medzin\u00e1rodn\u00e9 normy, \u010do zaru\u010duje, \u017ee ka\u017ed\u00fd vyroben\u00fd hydraulick\u00fd valec sp\u013a\u0148a najvy\u0161\u0161ie \u0161tandardy kvality a spo\u013eahlivosti. N\u00e1\u0161 sk\u00fasen\u00fd technick\u00fd t\u00edm v kombin\u00e1cii s najmodernej\u0161\u00edm vybaven\u00edm n\u00e1m umo\u017e\u0148uje udr\u017eiava\u0165 pr\u00edsnu kontrolu kvality v ka\u017edej f\u00e1ze v\u00fdroby \u2013 od v\u00fdberu surov\u00edn a\u017e po kone\u010dn\u00fa kontrolu. Tento z\u00e1v\u00e4zok k dokonalosti n\u00e1m priniesol certifik\u00e1cie a uznanie od priemyseln\u00fdch autor\u00edt, \u010d\u00edm sme upevnili svoju reput\u00e1ciu spo\u013eahliv\u00e9ho partnera.<\/p>\n<p>Na\u0161e poslanie je jednoduch\u00e9 a ambici\u00f3zne z\u00e1rove\u0148: poskytova\u0165 na\u0161im z\u00e1kazn\u00edkom hydraulick\u00e9 valce, ktor\u00e9 prekon\u00e1vaj\u00fa o\u010dak\u00e1vania vo v\u00fdkone, odolnosti a hodnote. Pracujeme na princ\u00edpoch profesionality, integrity a zamerania sa na z\u00e1kazn\u00edka. Pestovan\u00edm kult\u00fary inov\u00e1ci\u00ed a presnosti neust\u00e1le zdokona\u013eujeme na\u0161e produkty, aby sme si udr\u017eali n\u00e1skok na konkuren\u010dnom trhu. N\u00e1\u0161 rozsiahly sortiment produktov a schopnos\u0165 pon\u00faka\u0165 rie\u0161enia na mieru z n\u00e1s robia preferovan\u00fa vo\u013ebu pre firmy, ktor\u00e9 h\u013eadaj\u00fa vysoko v\u00fdkonn\u00e9 hydraulick\u00e9 valce.<\/p>\n<p>FMP je viac ne\u017e len v\u00fdrobca; sme partnerom vo va\u0161om \u00faspechu. Ch\u00e1peme, \u017ee na\u0161i z\u00e1kazn\u00edci sa na n\u00e1s spoliehaj\u00fa, \u017ee im dod\u00e1me n\u00e1stroje, ktor\u00e9 zvy\u0161uj\u00fa ich produktivitu a bezpe\u010dnos\u0165. Preto sa venujeme poskytovaniu nielen \u0161pi\u010dkov\u00fdch produktov, ale aj v\u00fdnimo\u010dn\u00fdch slu\u017eieb. Od \u00favodnej konzult\u00e1cie a\u017e po popredajn\u00fa podporu \u00fazko spolupracujeme s na\u0161imi klientmi, aby sme zabezpe\u010dili, \u017ee ich potreby bud\u00fa splnen\u00e9 s profesionalitou a starostlivos\u0165ou. Na\u0161e konkurencieschopn\u00e9 ceny v kombin\u00e1cii s neochvejn\u00fdm z\u00e1v\u00e4zkom ku kvalite robia z FMP inteligentn\u00fa vo\u013ebu pre spolo\u010dnosti, ktor\u00e9 chc\u00fa investova\u0165 do spo\u013eahliv\u00fdch hydraulick\u00fdch rie\u0161en\u00ed.<\/p>","protected":false},"excerpt":{"rendered":"<p>Factory Price Multi Stage Trailer Hydraulic Cylinder Our Factory Price Multi Stage Trailer hydraulic cylinder is a must-have for your machinery. This versatile hydraulic cylinder offers a range of features that make it an essential part of your equipment. Product Features and Functionality Our multi stage hydraulic cylinder is designed to provide reliable and efficient [&hellip;]<\/p>","protected":false},"featured_media":6749,"comment_status":"closed","ping_status":"closed","template":"","meta":{"_et_pb_use_builder":"","_et_pb_old_content":"","_et_gb_content_width":""},"product_brand":[],"product_cat":[103],"product_tag":[34,105],"class_list":{"0":"post-6553","1":"product","2":"type-product","3":"status-publish","4":"has-post-thumbnail","6":"product_cat-telescopic-hydraulic-cylinders","7":"product_tag-hydraulic-cylinder","8":"product_tag-telescopic-hydraulic-cylinders","10":"first","11":"instock","12":"product-type-simple"},"_links":{"self":[{"href":"https:\/\/fmp-components.com\/sk\/wp-json\/wp\/v2\/product\/6553","targetHints":{"allow":["GET"]}}],"collection":[{"href":"https:\/\/fmp-components.com\/sk\/wp-json\/wp\/v2\/product"}],"about":[{"href":"https:\/\/fmp-components.com\/sk\/wp-json\/wp\/v2\/types\/product"}],"replies":[{"embeddable":true,"href":"https:\/\/fmp-components.com\/sk\/wp-json\/wp\/v2\/comments?post=6553"}],"wp:featuredmedia":[{"embeddable":true,"href":"https:\/\/fmp-components.com\/sk\/wp-json\/wp\/v2\/media\/6749"}],"wp:attachment":[{"href":"https:\/\/fmp-components.com\/sk\/wp-json\/wp\/v2\/media?parent=6553"}],"wp:term":[{"taxonomy":"product_brand","embeddable":true,"href":"https:\/\/fmp-components.com\/sk\/wp-json\/wp\/v2\/product_brand?post=6553"},{"taxonomy":"product_cat","embeddable":true,"href":"https:\/\/fmp-components.com\/sk\/wp-json\/wp\/v2\/product_cat?post=6553"},{"taxonomy":"product_tag","embeddable":true,"href":"https:\/\/fmp-components.com\/sk\/wp-json\/wp\/v2\/product_tag?post=6553"}],"curies":[{"name":"pracovn\u00fd list","href":"https:\/\/api.w.org\/{rel}","templated":true}]}}