{"id":6546,"date":"2025-03-11T06:28:19","date_gmt":"2025-03-11T06:28:19","guid":{"rendered":"https:\/\/fmp-components.com\/product\/professional-5-stage-multi-stage-telescopic-hydraulic-cylinder"},"modified":"2025-03-12T02:00:00","modified_gmt":"2025-03-12T02:00:00","slug":"professional-5-stage-multi-stage-telescopic-hydraulic-cylinder","status":"publish","type":"product","link":"https:\/\/fmp-components.com\/sk\/product\/professional-5-stage-multi-stage-telescopic-hydraulic-cylinder\/","title":{"rendered":"Profesion\u00e1lny 5-stup\u0148ov\u00fd viacstup\u0148ov\u00fd teleskopick\u00fd hydraulick\u00fd valec"},"content":{"rendered":"<h2>Profesion\u00e1lny 5-stup\u0148ov\u00fd viacstup\u0148ov\u00fd teleskopick\u00fd hydraulick\u00fd valec<\/h2>\n<p>Predstavujeme v\u00e1m n\u00e1\u0161 \u0161pi\u010dkov\u00fd profesion\u00e1lny 5-stup\u0148ov\u00fd viacstup\u0148ov\u00fd teleskopick\u00fd hydraulick\u00fd valec. Tento modern\u00fd hydraulick\u00fd valec je ur\u010den\u00fd na \u0161irok\u00e9 pou\u017eitie v r\u00f4znych odvetviach vr\u00e1tane opravovn\u00ed strojov, fariem, energetiky a ban\u00edctva a v\u00fdroby. Je to k\u013e\u00fa\u010dov\u00fd komponent zn\u00e1my svojou v\u00fdnimo\u010dnou funk\u010dnos\u0165ou, odolnos\u0165ou a \u00fa\u010dinnos\u0165ou.<\/p>\n<h2>\u0160pecifik\u00e1cie produktu<\/h2>\n<table style=\"width: 102.74%;\" border=\"\">\n<tbody>\n<tr>\n<th style=\"width: 42.9185%;\">N\u00e1zov produktu<\/th>\n<td style=\"width: 357.94%;\">Teleskopick\u00fd valec<\/td>\n<\/tr>\n<tr>\n<th style=\"width: 42.9185%;\">Certifik\u00e1cia<\/th>\n<td style=\"width: 357.94%;\">ISO9001:2000<\/td>\n<\/tr>\n<tr>\n<th style=\"width: 42.9185%;\">Ve\u013ekos\u0165 otvoru<\/th>\n<td style=\"width: 357.94%;\">2-6 palcov<\/td>\n<\/tr>\n<tr>\n<th style=\"width: 42.9185%;\">Ve\u013ekos\u0165 ty\u010de<\/th>\n<td style=\"width: 357.94%;\">1,125-4 palca<\/td>\n<\/tr>\n<tr>\n<th style=\"width: 42.9185%;\">Ve\u013ekos\u0165 \u0165ahu<\/th>\n<td style=\"width: 357.94%;\">4-100 palcov<\/td>\n<\/tr>\n<tr>\n<th style=\"width: 42.9185%;\">Ve\u013ekos\u0165 \u010dapu<\/th>\n<td style=\"width: 357.94%;\">0,5-2 palce<\/td>\n<\/tr>\n<tr>\n<th style=\"width: 42.9185%;\">Porty<\/th>\n<td style=\"width: 357.94%;\">G\/SAE\/NPT\/M<\/td>\n<\/tr>\n<\/tbody>\n<\/table>\n<h2>Charakteristick\u00e9 vlastnosti a v\u00fdhody<\/h2>\n<ul>\n<li>Energeticky \u00fasporn\u00e9: Zn\u00ed\u017een\u00e1 spotreba energie.<\/li>\n<li>Vysok\u00fd v\u00fdkon: Zais\u0165uje plynul\u00fd a efekt\u00edvny chod.<\/li>\n<li>Bezpe\u010dnos\u0165: Vytvoren\u00e9 s oh\u013eadom na bezpe\u010dnos\u0165 pou\u017e\u00edvate\u013eov.<\/li>\n<\/ul>\n<h2>Pochopenie hydraulick\u00fdch syst\u00e9mov a ich princ\u00edpu fungovania<\/h2>\n<p>Hydraulick\u00e9 syst\u00e9my funguj\u00fa na z\u00e1kladnom princ\u00edpe tlaku kvapaliny, ktor\u00fd hovor\u00ed, \u017ee zmena tlaku v ktoromko\u013evek bode uzavretej kvapaliny sa pren\u00e1\u0161a nezmenen\u00e1 do v\u0161etk\u00fdch ostatn\u00fdch bodov v kvapaline. Tento z\u00e1kladn\u00fd princ\u00edp je z\u00e1kladom funk\u010dnosti hydraulick\u00fdch valcov, ktor\u00e9 sl\u00fa\u017eia ako aktu\u00e1tory premie\u0148aj\u00face hydraulick\u00fa energiu na mechanick\u00fa energiu. Vyu\u017eit\u00edm sily tlakovej kvapaliny poskytuj\u00fa hydraulick\u00e9 syst\u00e9my vysoko efekt\u00edvny prostriedok na vykon\u00e1vanie \u0161irokej \u0161k\u00e1ly \u00faloh, od zdv\u00edhania \u0165a\u017ek\u00fdch bremien a\u017e po u\u013eah\u010denie presn\u00fdch pohybov v r\u00f4znych priemyseln\u00fdch aplik\u00e1ci\u00e1ch.<\/p>\n<p><img loading=\"lazy\" decoding=\"async\" class=\"alignnone  wp-image-6661\" src=\"https:\/\/fmp-components.com\/wp-content\/uploads\/2025\/03\/telescopic-hydraulic-cylinder-10.webp\" alt=\"teleskopick\u00fd hydraulick\u00fd valec\" width=\"896\" height=\"896\" title=\"\" srcset=\"https:\/\/fmp-components.com\/wp-content\/uploads\/2025\/03\/telescopic-hydraulic-cylinder-10.webp 896w, https:\/\/fmp-components.com\/wp-content\/uploads\/2025\/03\/telescopic-hydraulic-cylinder-10-480x480.webp 480w\" sizes=\"(min-width: 0px) and (max-width: 480px) 480px, (min-width: 481px) 896px, 100vw\" \/><\/p>\n<p>\u00da\u010dinnos\u0165 hydraulick\u00fdch syst\u00e9mov sa do zna\u010dnej miery pripisuje nestla\u010dite\u013enosti pou\u017eitej kvapaliny. Ke\u010f sa na hydraulick\u00fa kvapalinu vyv\u00edja tlak, pohybuje sa syst\u00e9mom a vytv\u00e1ra silu, ktor\u00fa mo\u017eno nasmerova\u0165 na vykonanie \u0161pecifick\u00fdch \u010dinnost\u00ed. Tento plynul\u00fd prenos tlaku umo\u017e\u0148uje r\u00fdchle a siln\u00e9 pohyby, v\u010faka \u010domu s\u00fa hydraulick\u00e9 syst\u00e9my obzvl\u00e1\u0161\u0165 \u00fa\u010dinn\u00e9 pri \u00faloh\u00e1ch, ktor\u00e9 vy\u017eaduj\u00fa vysok\u00fd v\u00fdkon s minim\u00e1lnou fyzickou n\u00e1mahou. Schopnos\u0165 ovl\u00e1da\u0165 a manipulova\u0165 s t\u00fdmto tlakom umo\u017e\u0148uje hydraulick\u00fdm valcom pracova\u0165 s takou presnos\u0165ou a spo\u013eahlivos\u0165ou.<\/p>\n<h2>Hydraulick\u00e9 valce a pohonn\u00e9 jednotky<\/h2>\n<p>Hydraulick\u00e9 valce a pohonn\u00e9 jednotky s\u00fa nevyhnutn\u00fdmi s\u00fa\u010das\u0165ami hydraulick\u00fdch syst\u00e9mov. Ich synergia je k\u013e\u00fa\u010dov\u00e1 pre \u0161irok\u00e9 vyu\u017eitie hydraulickej technol\u00f3gie v priemyselnom sektore, ktor\u00e1 poskytuje spo\u013eahliv\u00fa podporu nap\u00e1jania a riadenia pre r\u00f4zne technick\u00e9 a mechanick\u00e9 zariadenia.<\/p>\n<p>Hydraulick\u00fd valec funguje ako aktu\u00e1tor zodpovedn\u00fd za premenu hydraulickej energie na mechanick\u00fd pohyb. Dosahuje to transform\u00e1ciou tlaku na silu, \u010do umo\u017e\u0148uje valcu zdv\u00edha\u0165, tla\u010di\u0165 alebo \u0165aha\u0165 predmety s pozoruhodnou \u00fa\u010dinnos\u0165ou. Kon\u0161trukcia valca umo\u017e\u0148uje r\u00f4zne d\u013a\u017eky zdvihu a v\u00fdstupn\u00fa silu, v\u010faka \u010domu je prisp\u00f4sobite\u013en\u00fd \u0161irokej \u0161k\u00e1le aplik\u00e1ci\u00ed, od stavebn\u00fdch strojov a\u017e po automobilov\u00e9 zdv\u00edhacie zariadenia.<\/p>\n<p>Na druhej strane, pohonn\u00e1 jednotka sl\u00fa\u017ei ako srdce hydraulick\u00e9ho syst\u00e9mu. Generuje energiu potrebn\u00fa na pohon hydraulickej kvapaliny syst\u00e9mom a poskytuje riadiace sign\u00e1ly potrebn\u00e9 na prev\u00e1dzku. Pohonn\u00e1 jednotka, ktor\u00e1 sa zvy\u010dajne sklad\u00e1 z motora, \u010derpadla, z\u00e1sobn\u00edka a regula\u010dn\u00fdch ventilov, je nevyhnutn\u00e1 na udr\u017eiavanie konzistentn\u00e9ho tlaku a prietokov v hydraulickom syst\u00e9me. Koordin\u00e1cia medzi hydraulick\u00fdm valcom a pohonnou jednotkou je nevyhnutn\u00e1; iba v\u010faka ich harmonickej prev\u00e1dzke m\u00f4\u017ee hydraulick\u00fd syst\u00e9m fungova\u0165 efekt\u00edvne a spo\u013eahlivo.<\/p>\n<p><img loading=\"lazy\" decoding=\"async\" class=\"alignnone  wp-image-6662\" src=\"https:\/\/fmp-components.com\/wp-content\/uploads\/2025\/03\/telescopic-hydraulic-cylinder-4.webp\" alt=\"teleskopick\u00fd hydraulick\u00fd valec\" width=\"907\" height=\"907\" title=\"\" srcset=\"https:\/\/fmp-components.com\/wp-content\/uploads\/2025\/03\/telescopic-hydraulic-cylinder-4.webp 907w, https:\/\/fmp-components.com\/wp-content\/uploads\/2025\/03\/telescopic-hydraulic-cylinder-4-480x480.webp 480w\" sizes=\"(min-width: 0px) and (max-width: 480px) 480px, (min-width: 481px) 907px, 100vw\" \/><\/p>\n<p>V spolo\u010dnosti FMP si uvedomujeme d\u00f4le\u017eitos\u0165 t\u00fdchto komponentov v hydraulick\u00fdch aplik\u00e1ci\u00e1ch a sme hrd\u00ed na to, \u017ee pon\u00fakame na zak\u00fapenie vysokokvalitn\u00e9 pohonn\u00e9 jednotky. Poskytovan\u00edm hydraulick\u00fdch valcov aj pohonn\u00fdch jednotiek zabezpe\u010dujeme, aby na\u0161i z\u00e1kazn\u00edci mali pr\u00edstup ku v\u0161etk\u00fdm potrebn\u00fdm prvkom na vytvorenie efekt\u00edvnych a \u00fa\u010dinn\u00fdch hydraulick\u00fdch syst\u00e9mov. Tento komplexn\u00fd pr\u00edstup n\u00e1m umo\u017e\u0148uje podporova\u0165 \u0161irok\u00fa \u0161k\u00e1lu odvetv\u00ed a posil\u0148ova\u0165 podniky pri zlep\u0161ovan\u00ed ich prev\u00e1dzkov\u00fdch schopnost\u00ed prostredn\u00edctvom spo\u013eahliv\u00fdch hydraulick\u00fdch rie\u0161en\u00ed.<\/p>\n<h2>\u010casto kladen\u00e9 ot\u00e1zky<\/h2>\n<dl>\n<dt>Ot\u00e1zka: Ste obchodn\u00e1 spolo\u010dnos\u0165 alebo v\u00fdrobca?<\/dt>\n<dd>A: Sme tov\u00e1re\u0148.<\/dd>\n<dt>Ot\u00e1zka: Ak\u00e1 je va\u0161a dodacia lehota?<\/dt>\n<dd>A: Vo v\u0161eobecnosti je to 25-35 dn\u00ed.<\/dd>\n<dt>Ot\u00e1zka: Poskytujete vzorky? S\u00fa bezplatn\u00e9 alebo za pr\u00edplatok?<\/dt>\n<dd>A: \u00c1no, mohli by sme pon\u00faknu\u0165 vzorku, ale nie je zadarmo.<\/dd>\n<\/dl>\n<h3>O FMP<\/h3>\n<p>FMP je popredn\u00fd taliansky v\u00fdrobca \u0161pecializuj\u00faci sa na n\u00e1vrh, v\u00fdvoj a v\u00fdrobu hydraulick\u00fdch valcov najvy\u0161\u0161ej kvality. S dedi\u010dstvom vybudovan\u00fdm na desa\u0165ro\u010diach odborn\u00fdch znalost\u00ed bezprobl\u00e9movo sp\u00e1jame talianske remeseln\u00e9 spracovanie s najmodernej\u0161\u00edmi technol\u00f3giami a dod\u00e1vame v\u00fdnimo\u010dn\u00e9 hydraulick\u00e9 rie\u0161enia prisp\u00f4soben\u00e9 rozmanit\u00fdm potreb\u00e1m na\u0161ich glob\u00e1lnych klientov. Spolo\u010dnos\u0165 FMP so s\u00eddlom v Taliansku \u2013 epicentre in\u017einierskej excelentnosti \u2013 sa etablovala ako d\u00f4veryhodn\u00e9 meno v hydraulickom priemysle, ktor\u00e9 sa venuje poskytovaniu spo\u013eahliv\u00fdch, odoln\u00fdch a inovat\u00edvnych produktov, ktor\u00e9 posil\u0148uj\u00fa podniky na celom svete.<\/p>\n<p>Na\u0161a spolo\u010dnos\u0165 sp\u00e1ja pokro\u010dil\u00e9 v\u00fdrobn\u00e9 trad\u00edcie s progres\u00edvnym pr\u00edstupom. V\u010faka rozsiahlym sk\u00fasenostiam v oblasti hydraulick\u00fdch syst\u00e9mov sa spolo\u010dnos\u0165 FMP transformovala na modern\u00fd podnik, ktor\u00fd vynik\u00e1 vo v\u00fdskume, dizajne a v\u00fdrobe. Pon\u00fakame \u0161irok\u00fa \u0161k\u00e1lu hydraulick\u00fdch valcov vr\u00e1tane dvoj\u010dinn\u00fdch valcov, zdv\u00edhac\u00edch valcov pre automobily, valcov pre po\u013enohospod\u00e1rske stroje a na mieru vyroben\u00fdch rie\u0161en\u00ed pre r\u00f4zne priemyseln\u00e9 aplik\u00e1cie. Bez oh\u013eadu na odvetvie \u2013 \u010di u\u017e ide o stavebn\u00edctvo, priemyseln\u00e9 in\u0161tal\u00e1cie, po\u013enohospod\u00e1rstvo alebo \u0165a\u017ek\u00e9 stroje \u2013 na\u0161e hydraulick\u00e9 valce s\u00fa skon\u0161truovan\u00e9 tak, aby fungovali v najn\u00e1ro\u010dnej\u0161\u00edch podmienkach a zabezpe\u010dovali bezpe\u010dnos\u0165, \u00fa\u010dinnos\u0165 a dlh\u00fa \u017eivotnos\u0165.<\/p>\n<p><img loading=\"lazy\" decoding=\"async\" class=\"alignnone size-full wp-image-6720\" src=\"https:\/\/fmp-components.com\/wp-content\/uploads\/2025\/03\/hydraulic-cylinder-8.webp\" alt=\"Teleskopick\u00e9 hydraulick\u00e9 valce\" width=\"933\" height=\"526\" title=\"\" srcset=\"https:\/\/fmp-components.com\/wp-content\/uploads\/2025\/03\/hydraulic-cylinder-8.webp 933w, https:\/\/fmp-components.com\/wp-content\/uploads\/2025\/03\/hydraulic-cylinder-8-480x271.webp 480w\" sizes=\"(min-width: 0px) and (max-width: 480px) 480px, (min-width: 481px) 933px, 100vw\" \/><\/p>\n<p>V spolo\u010dnosti FMP sme hrd\u00ed na na\u0161e najmodernej\u0161ie v\u00fdrobn\u00e9 zariadenia, ktor\u00e9 s\u00fa vybaven\u00e9 presn\u00fdmi strojmi a pokro\u010dil\u00fdmi testovac\u00edmi syst\u00e9mami. Na\u0161e v\u00fdrobn\u00e9 procesy sp\u013a\u0148aj\u00fa pr\u00edsne n\u00e1rodn\u00e9 a medzin\u00e1rodn\u00e9 normy, \u010do zabezpe\u010duje, \u017ee ka\u017ed\u00fd vyroben\u00fd hydraulick\u00fd valec je najvy\u0161\u0161ej kvality a spo\u013eahlivosti. N\u00e1\u0161 sk\u00fasen\u00fd technick\u00fd t\u00edm v kombin\u00e1cii s najmodernej\u0161\u00edm vybaven\u00edm n\u00e1m umo\u017e\u0148uje udr\u017eiava\u0165 pr\u00edsnu kontrolu kvality v ka\u017edej f\u00e1ze v\u00fdroby \u2013 od v\u00fdberu surov\u00edn a\u017e po kone\u010dn\u00fa kontrolu. Tento z\u00e1v\u00e4zok k dokonalosti n\u00e1m vyniesol certifik\u00e1cie a uznanie od priemyseln\u00fdch autor\u00edt, \u010do \u010falej upev\u0148uje na\u0161u reput\u00e1ciu spo\u013eahliv\u00e9ho partnera.<\/p>\n<p>Na\u0161e poslanie je priamo\u010diare aj ambici\u00f3zne: poskytova\u0165 na\u0161im z\u00e1kazn\u00edkom hydraulick\u00e9 valce, ktor\u00e9 prekon\u00e1vaj\u00fa o\u010dak\u00e1vania v oblasti v\u00fdkonu, odolnosti a hodnoty. Pracujeme pod\u013ea z\u00e1kladn\u00fdch princ\u00edpov profesionality, integrity a zamerania sa na z\u00e1kazn\u00edka. Podporou kult\u00fary inov\u00e1ci\u00ed a presnosti neust\u00e1le zdokona\u013eujeme na\u0161e produkty, aby sme si udr\u017eali n\u00e1skok na konkuren\u010dnom trhu. N\u00e1\u0161 komplexn\u00fd sortiment produktov a schopnos\u0165 pon\u00faka\u0165 rie\u0161enia na mieru z n\u00e1s robia preferovan\u00fa vo\u013ebu pre firmy, ktor\u00e9 h\u013eadaj\u00fa vysoko v\u00fdkonn\u00e9 hydraulick\u00e9 valce.<\/p>\n<p>FMP je viac ne\u017e len v\u00fdrobca; sme partnerom vo va\u0161om \u00faspechu. Ch\u00e1peme, \u017ee na\u0161i z\u00e1kazn\u00edci sa na n\u00e1s spoliehaj\u00fa, \u017ee im poskytneme n\u00e1stroje, ktor\u00e9 zvy\u0161uj\u00fa produktivitu a bezpe\u010dnos\u0165. Preto sa zav\u00e4zujeme nielen dod\u00e1va\u0165 \u0161pi\u010dkov\u00e9 produkty, ale aj pon\u00faka\u0165 v\u00fdnimo\u010dn\u00fd servis. Od po\u010diato\u010dn\u00fdch konzult\u00e1ci\u00ed a\u017e po popredajn\u00fa podporu \u00fazko spolupracujeme s na\u0161imi klientmi, aby sme zabezpe\u010dili, \u017ee ich potreby bud\u00fa splnen\u00e9 s profesionalitou a starostlivos\u0165ou. Na\u0161e konkurencieschopn\u00e9 ceny v kombin\u00e1cii s na\u0161\u00edm neochvejn\u00fdm z\u00e1v\u00e4zkom ku kvalite robia z FMP inteligentn\u00fa vo\u013ebu pre spolo\u010dnosti, ktor\u00e9 chc\u00fa investova\u0165 do spo\u013eahliv\u00fdch hydraulick\u00fdch rie\u0161en\u00ed.<\/p>","protected":false},"excerpt":{"rendered":"<p>Professional 5 Stage Multi Stage Telescopic Hydraulic Cylinder Introducing our top-tier Professional 5 Stage Multi Stage Telescopic Hydraulic Cylinder. This state-of-the-art hydraulic cylinder is designed for extensive use across various industries, including machinery repair shops, farms, energy and mining, and manufacturing. It&#8217;s a crucial component known for its exceptional functionality, durability, and efficiency. Product Specifications [&hellip;]<\/p>","protected":false},"featured_media":6697,"comment_status":"closed","ping_status":"closed","template":"","meta":{"_et_pb_use_builder":"","_et_pb_old_content":"","_et_gb_content_width":""},"product_brand":[],"product_cat":[103],"product_tag":[34,105],"class_list":{"0":"post-6546","1":"product","2":"type-product","3":"status-publish","4":"has-post-thumbnail","6":"product_cat-telescopic-hydraulic-cylinders","7":"product_tag-hydraulic-cylinder","8":"product_tag-telescopic-hydraulic-cylinders","10":"first","11":"instock","12":"product-type-simple"},"_links":{"self":[{"href":"https:\/\/fmp-components.com\/sk\/wp-json\/wp\/v2\/product\/6546","targetHints":{"allow":["GET"]}}],"collection":[{"href":"https:\/\/fmp-components.com\/sk\/wp-json\/wp\/v2\/product"}],"about":[{"href":"https:\/\/fmp-components.com\/sk\/wp-json\/wp\/v2\/types\/product"}],"replies":[{"embeddable":true,"href":"https:\/\/fmp-components.com\/sk\/wp-json\/wp\/v2\/comments?post=6546"}],"wp:featuredmedia":[{"embeddable":true,"href":"https:\/\/fmp-components.com\/sk\/wp-json\/wp\/v2\/media\/6697"}],"wp:attachment":[{"href":"https:\/\/fmp-components.com\/sk\/wp-json\/wp\/v2\/media?parent=6546"}],"wp:term":[{"taxonomy":"product_brand","embeddable":true,"href":"https:\/\/fmp-components.com\/sk\/wp-json\/wp\/v2\/product_brand?post=6546"},{"taxonomy":"product_cat","embeddable":true,"href":"https:\/\/fmp-components.com\/sk\/wp-json\/wp\/v2\/product_cat?post=6546"},{"taxonomy":"product_tag","embeddable":true,"href":"https:\/\/fmp-components.com\/sk\/wp-json\/wp\/v2\/product_tag?post=6546"}],"curies":[{"name":"pracovn\u00fd list","href":"https:\/\/api.w.org\/{rel}","templated":true}]}}