{"id":6545,"date":"2025-03-11T06:28:19","date_gmt":"2025-03-11T06:28:19","guid":{"rendered":"https:\/\/fmp-components.com\/product\/chinese-factory-dump-truck-hydraulic-cylinders-multistage-hydraulic-cylinder-for-sale"},"modified":"2025-03-18T02:11:48","modified_gmt":"2025-03-18T02:11:48","slug":"italian-factory-dump-truck-hydraulic-cylinders-multistage-hydraulic-cylinder-for-sale","status":"publish","type":"product","link":"https:\/\/fmp-components.com\/sk\/product\/italian-factory-dump-truck-hydraulic-cylinders-multistage-hydraulic-cylinder-for-sale\/","title":{"rendered":"Talianske tov\u00e1rensk\u00e9 hydraulick\u00e9 valce pre skl\u00e1pa\u010de Viacstup\u0148ov\u00fd hydraulick\u00fd valec na predaj"},"content":{"rendered":"<h2>Talianske tov\u00e1rensk\u00e9 hydraulick\u00e9 valce pre skl\u00e1pa\u010de Viacstup\u0148ov\u00fd hydraulick\u00fd valec na predaj<\/h2>\n<p>Predstavujeme v\u00e1m na\u0161e \u0161pi\u010dkov\u00e9 viacstup\u0148ov\u00e9 hydraulick\u00e9 valce pre skl\u00e1pa\u010de od talianskej v\u00fdroby. N\u00e1\u0161 odborne navrhnut\u00fd a v\u0161estrann\u00fd hydraulick\u00fd valec je navrhnut\u00fd tak, aby sp\u013a\u0148al n\u00e1ro\u010dn\u00e9 po\u017eiadavky r\u00f4znych priemyseln\u00fdch odvetv\u00ed.<\/p>\n<h3>Funkcie a vlastnosti<\/h3>\n<p>N\u00e1\u0161 viacstup\u0148ov\u00fd hydraulick\u00fd valec zohr\u00e1va nenahradite\u013en\u00fa \u00falohu v opravovniach strojov, farm\u00e1ch, energetickom a banskom sektore, pri v\u00fdrobe strojov a v stroj\u00e1r\u0148ach. Ide o \u0161tandardn\u00fd piestov\u00fd valec poh\u00e1\u0148an\u00fd hydraulicky, \u010do zais\u0165uje plynul\u00fd a efekt\u00edvny chod.<\/p>\n<p><img loading=\"lazy\" decoding=\"async\" class=\"alignnone wp-image-6658\" src=\"https:\/\/fmp-components.com\/wp-content\/uploads\/2025\/03\/telescopic-hydraulic-cylinder-6.webp\" alt=\"teleskopick\u00fd hydraulick\u00fd valec\" width=\"929\" height=\"929\" title=\"\" srcset=\"https:\/\/fmp-components.com\/wp-content\/uploads\/2025\/03\/telescopic-hydraulic-cylinder-6.webp 929w, https:\/\/fmp-components.com\/wp-content\/uploads\/2025\/03\/telescopic-hydraulic-cylinder-6-480x480.webp 480w\" sizes=\"(min-width: 0px) and (max-width: 480px) 480px, (min-width: 481px) 929px, 100vw\" \/><\/p>\n<h3>Technick\u00e9 \u0161pecifik\u00e1cie<\/h3>\n<p>N\u00e1\u0161 hydraulick\u00fd valec sa m\u00f4\u017ee pochv\u00e1li\u0165 nasleduj\u00facimi vlastnos\u0165ami:<\/p>\n<table style=\"width: 101.731%; height: 112px;\" border=\"\">\n<tbody>\n<tr>\n<td colspan=\"\" rowspan=\"\"><i>Ve\u013ekos\u0165 otvoru<\/i><\/td>\n<td colspan=\"\" rowspan=\"\">2-6 palcov<\/td>\n<\/tr>\n<tr>\n<td colspan=\"\" rowspan=\"\"><i>Ve\u013ekos\u0165 ty\u010de<\/i><\/td>\n<td colspan=\"\" rowspan=\"\">1,125-4 palca<\/td>\n<\/tr>\n<tr>\n<td colspan=\"\" rowspan=\"\"><i>Ve\u013ekos\u0165 \u0165ahu<\/i><\/td>\n<td colspan=\"\" rowspan=\"\">4-100 palcov<\/td>\n<\/tr>\n<tr>\n<td colspan=\"\" rowspan=\"\"><i>Ve\u013ekos\u0165 \u010dapu<\/i><\/td>\n<td colspan=\"\" rowspan=\"\">0,5-2 palce<\/td>\n<\/tr>\n<tr>\n<td colspan=\"\" rowspan=\"\"><i>Porty<\/i><\/td>\n<td colspan=\"\" rowspan=\"\">G\/SAE\/NPT\/M<\/td>\n<\/tr>\n<\/tbody>\n<\/table>\n<h2>Jedine\u010dn\u00e9 v\u00fdhody<\/h2>\n<h3>Energeticky \u00fasporn\u00e9<\/h3>\n<p>Na\u0161e hydraulick\u00e9 valce s\u00fa navrhnut\u00e9 s oh\u013eadom na energetick\u00fa \u00fa\u010dinnos\u0165. Maximalizuj\u00fa vyu\u017eitie hydraulickej kvapaliny na vytvorenie zna\u010dnej sily a z\u00e1rove\u0148 minimalizuj\u00fa spotrebu energie. To nielen zni\u017euje prev\u00e1dzkov\u00e9 n\u00e1klady, ale prispieva aj k environment\u00e1lnej udr\u017eate\u013enosti zn\u00ed\u017een\u00edm uhl\u00edkovej stopy spojenej s priemyselnou prev\u00e1dzkou. Optimaliz\u00e1ciou spotreby energie na\u0161e valce zabezpe\u010duj\u00fa, \u017ee podniky m\u00f4\u017eu dosiahnu\u0165 svoje prev\u00e1dzkov\u00e9 ciele bez zbyto\u010dn\u00e9ho plytvania.<\/p>\n<h3>Vysoko efekt\u00edvny<\/h3>\n<p>Okrem energetickej \u00fa\u010dinnosti s\u00fa na\u0161e hydraulick\u00e9 valce navrhnut\u00e9 pre vysok\u00fa \u00fa\u010dinnos\u0165. Vykazuj\u00fa r\u00fdchle reak\u010dn\u00e9 \u010dasy a presn\u00e9 ovl\u00e1danie, \u010do umo\u017e\u0148uje plynul\u00fa a efekt\u00edvnu prev\u00e1dzku v \u0161irokej \u0161k\u00e1le aplik\u00e1ci\u00ed. T\u00e1to \u00fa\u010dinnos\u0165 sa premieta do zv\u00fd\u0161enej produktivity, preto\u017ee \u00falohy je mo\u017en\u00e9 vykon\u00e1va\u0165 r\u00fdchlej\u0161ie a s v\u00e4\u010d\u0161ou presnos\u0165ou. Na\u0161e hydraulick\u00e9 valce s\u00fa skon\u0161truovan\u00e9 tak, aby zvl\u00e1dali n\u00e1ro\u010dn\u00e9 podmienky, \u010do zabezpe\u010duje ich spo\u013eahliv\u00fd v\u00fdkon aj v t\u00fdch najn\u00e1ro\u010dnej\u0161\u00edch prostrediach.<\/p>\n<h3>Bezpe\u010dn\u00e9 a spo\u013eahliv\u00e9<\/h3>\n<p>Bezpe\u010dnos\u0165 a spo\u013eahlivos\u0165 s\u00fa v priemyseln\u00fdch aplik\u00e1ci\u00e1ch prvorad\u00e9 a na\u0161e hydraulick\u00e9 valce s\u00fa navrhnut\u00e9 tak, aby sp\u013a\u0148ali tieto kritick\u00e9 \u0161tandardy. S\u00fa vyroben\u00e9 z vysoko kvalitn\u00fdch materi\u00e1lov a pokro\u010dil\u00fdch technick\u00fdch techn\u00edk, \u010do zaru\u010duje odolnos\u0165 a dlh\u00fa \u017eivotnos\u0165. Okrem toho ka\u017ed\u00fd valec prech\u00e1dza pr\u00edsnymi testami, aby sa zaru\u010dilo, \u017ee bez poruchy odol\u00e1 vysok\u00fdm tlakom a \u0165a\u017ek\u00fdm za\u0165a\u017eeniam. Tento z\u00e1v\u00e4zok k bezpe\u010dnosti znamen\u00e1, \u017ee na\u0161i z\u00e1kazn\u00edci m\u00f4\u017eu s istotou prev\u00e1dzkova\u0165 svoje stroje s vedom\u00edm, \u017ee na\u0161e hydraulick\u00e9 rie\u0161enia bud\u00fa spo\u013eahlivo fungova\u0165.<\/p>\n<p><img loading=\"lazy\" decoding=\"async\" class=\"alignnone wp-image-6657\" src=\"https:\/\/fmp-components.com\/wp-content\/uploads\/2025\/03\/telescopic-hydraulic-cylinder-3.webp\" alt=\"teleskopick\u00fd hydraulick\u00fd valec\" width=\"904\" height=\"904\" title=\"\" srcset=\"https:\/\/fmp-components.com\/wp-content\/uploads\/2025\/03\/telescopic-hydraulic-cylinder-3.webp 904w, https:\/\/fmp-components.com\/wp-content\/uploads\/2025\/03\/telescopic-hydraulic-cylinder-3-480x480.webp 480w\" sizes=\"(min-width: 0px) and (max-width: 480px) 480px, (min-width: 481px) 904px, 100vw\" \/><\/p>\n<h2>Hydraulick\u00fd syst\u00e9m a princ\u00edp \u010dinnosti<\/h2>\n<p>N\u00e1\u0161 hydraulick\u00fd valec funguje na princ\u00edpe Pascalovho z\u00e1kona, ktor\u00fd tvrd\u00ed, \u017ee ak\u00e1ko\u013evek zmena tlaku v ur\u010ditom bode v uzavretej nestla\u010dite\u013enej kvapaline sa rovnomerne pren\u00e1\u0161a celou kvapalinou. Tento z\u00e1kladn\u00fd princ\u00edp umo\u017e\u0148uje hydraulick\u00e9mu valcu efekt\u00edvne generova\u0165 line\u00e1rny pohyb a silu. Ke\u010f je hydraulick\u00e1 kvapalina pod tlakom, vytv\u00e1ra silu, ktor\u00e1 pohybuje piestom vo valci a premie\u0148a hydraulick\u00fa energiu na mechanick\u00fd pohyb. T\u00e1to efekt\u00edvna premena umo\u017e\u0148uje siln\u00e9 zdv\u00edhanie a tla\u010denie, v\u010faka \u010domu s\u00fa hydraulick\u00e9 syst\u00e9my \u0161iroko pou\u017eite\u013en\u00e9 v r\u00f4znych odvetviach.<\/p>\n<h2>Hydraulick\u00e9 valce a pohonn\u00e9 jednotky<\/h2>\n<p>Hydraulick\u00e9 valce a pohonn\u00e9 jednotky s\u00fa neoddelite\u013enou s\u00fa\u010das\u0165ou ka\u017ed\u00e9ho hydraulick\u00e9ho syst\u00e9mu. Ich synergia je nevyhnutn\u00e1 pre \u0161irok\u00e9 uplatnenie hydraulickej technol\u00f3gie v celom priemyselnom sektore, ktor\u00e1 poskytuje spo\u013eahliv\u00fa podporu nap\u00e1jania a riadenia pre r\u00f4zne technick\u00e9 a mechanick\u00e9 zariadenia.<\/p>\n<p>Hydraulick\u00fd valec sl\u00fa\u017ei ako aktu\u00e1tor, ktor\u00fd premie\u0148a hydraulick\u00fa energiu na mechanick\u00fd pohyb. Je navrhnut\u00fd tak, aby zvl\u00e1dal r\u00f4zne \u00falohy, od zdv\u00edhania \u0165a\u017ek\u00fdch bremien a\u017e po presn\u00e9 pohyby v strojoch. Na druhej strane, pohonn\u00e1 jednotka sl\u00fa\u017ei ako srdce hydraulick\u00e9ho syst\u00e9mu, generuje potrebn\u00fa energiu na pohon hydraulickej kvapaliny a zabezpe\u010duje efekt\u00edvnu prev\u00e1dzku syst\u00e9mu.<\/p>\n<p>V spolo\u010dnosti FMP si uvedomujeme d\u00f4le\u017eitos\u0165 t\u00fdchto komponentov a sme hrd\u00ed na to, \u017ee pon\u00fakame na predaj vysokokvalitn\u00e9 pohonn\u00e9 jednotky. Poskytovan\u00edm hydraulick\u00fdch valcov aj pohonn\u00fdch jednotiek umo\u017e\u0148ujeme na\u0161im z\u00e1kazn\u00edkom vytv\u00e1ra\u0165 plne integrovan\u00e9 hydraulick\u00e9 syst\u00e9my, ktor\u00e9 zlep\u0161uj\u00fa prev\u00e1dzkov\u00e9 mo\u017enosti. Tento komplexn\u00fd pr\u00edstup umo\u017e\u0148uje podnikom vyu\u017ei\u0165 v\u00fdhody hydraulickej technol\u00f3gie a zabezpe\u010di\u0165 efekt\u00edvnos\u0165, bezpe\u010dnos\u0165 a v\u00fdkonnos\u0165 ich prev\u00e1dzky.<\/p>\n<p><img loading=\"lazy\" decoding=\"async\" class=\"alignnone wp-image-6656\" src=\"https:\/\/fmp-components.com\/wp-content\/uploads\/2025\/03\/telescopic-hydraulic-cylinder-5.webp\" alt=\"teleskopick\u00fd hydraulick\u00fd valec\" width=\"895\" height=\"895\" title=\"\" srcset=\"https:\/\/fmp-components.com\/wp-content\/uploads\/2025\/03\/telescopic-hydraulic-cylinder-5.webp 895w, https:\/\/fmp-components.com\/wp-content\/uploads\/2025\/03\/telescopic-hydraulic-cylinder-5-480x480.webp 480w\" sizes=\"(min-width: 0px) and (max-width: 480px) 480px, (min-width: 481px) 895px, 100vw\" \/><\/p>\n<h2>\u010casto kladen\u00e9 ot\u00e1zky<\/h2>\n<p>Ot\u00e1zka: Ste obchodn\u00e1 spolo\u010dnos\u0165 alebo v\u00fdrobca?<br \/>\nA: Sme v\u00fdrobca.<br \/>\n<img alt=\"\" \/><br \/>\nOt\u00e1zka: Ak\u00e1 je va\u0161a dodacia lehota?<br \/>\nA: Vo v\u0161eobecnosti je to 25-35 dn\u00ed.<br \/>\nOt\u00e1zka: Poskytujete vzorky? Je to zadarmo alebo navy\u0161e?<br \/>\nA: \u00c1no, pon\u00fakame vzorky, ale nie s\u00fa zadarmo.<\/p>\n<h3>O FMP<\/h3>\n<p>FMP je popredn\u00fd taliansky v\u00fdrobca \u0161pecializuj\u00faci sa na n\u00e1vrh, v\u00fdvoj a v\u00fdrobu hydraulick\u00fdch valcov najvy\u0161\u0161ej kvality. S dedi\u010dstvom vybudovan\u00fdm na desa\u0165ro\u010diach odborn\u00fdch znalost\u00ed bezprobl\u00e9movo sp\u00e1jame talianske remeseln\u00e9 spracovanie s najmodernej\u0161\u00edmi technol\u00f3giami a dod\u00e1vame v\u00fdnimo\u010dn\u00e9 hydraulick\u00e9 rie\u0161enia prisp\u00f4soben\u00e9 rozmanit\u00fdm potreb\u00e1m na\u0161ich glob\u00e1lnych klientov. Spolo\u010dnos\u0165 FMP so s\u00eddlom v Taliansku \u2013 epicentre in\u017einierskej excelentnosti \u2013 sa etablovala ako d\u00f4veryhodn\u00e9 meno v hydraulickom priemysle, ktor\u00e9 sa venuje poskytovaniu spo\u013eahliv\u00fdch, odoln\u00fdch a inovat\u00edvnych produktov, ktor\u00e9 posil\u0148uj\u00fa podniky na celom svete.<\/p>\n<p>Na\u0161a spolo\u010dnos\u0165 sp\u00e1ja pokro\u010dil\u00e9 v\u00fdrobn\u00e9 trad\u00edcie s progres\u00edvnym pr\u00edstupom. V\u010faka rozsiahlym sk\u00fasenostiam v oblasti hydraulick\u00fdch syst\u00e9mov sa spolo\u010dnos\u0165 FMP transformovala na modern\u00fd podnik, ktor\u00fd vynik\u00e1 vo v\u00fdskume, dizajne a v\u00fdrobe. Pon\u00fakame \u0161irok\u00fa \u0161k\u00e1lu hydraulick\u00fdch valcov vr\u00e1tane dvoj\u010dinn\u00fdch valcov, zdv\u00edhac\u00edch valcov pre automobily, valcov pre po\u013enohospod\u00e1rske stroje a na mieru vyroben\u00fdch rie\u0161en\u00ed pre r\u00f4zne priemyseln\u00e9 aplik\u00e1cie. Bez oh\u013eadu na odvetvie \u2013 \u010di u\u017e ide o stavebn\u00edctvo, priemyseln\u00e9 in\u0161tal\u00e1cie, po\u013enohospod\u00e1rstvo alebo \u0165a\u017ek\u00e9 stroje \u2013 na\u0161e hydraulick\u00e9 valce s\u00fa skon\u0161truovan\u00e9 tak, aby fungovali v najn\u00e1ro\u010dnej\u0161\u00edch podmienkach a zabezpe\u010dovali bezpe\u010dnos\u0165, \u00fa\u010dinnos\u0165 a dlh\u00fa \u017eivotnos\u0165.<\/p>\n<p><img loading=\"lazy\" decoding=\"async\" class=\"alignnone size-full wp-image-6720\" src=\"https:\/\/fmp-components.com\/wp-content\/uploads\/2025\/03\/hydraulic-cylinder-8.webp\" alt=\"Teleskopick\u00e9 hydraulick\u00e9 valce\" width=\"933\" height=\"526\" title=\"\" srcset=\"https:\/\/fmp-components.com\/wp-content\/uploads\/2025\/03\/hydraulic-cylinder-8.webp 933w, https:\/\/fmp-components.com\/wp-content\/uploads\/2025\/03\/hydraulic-cylinder-8-480x271.webp 480w\" sizes=\"(min-width: 0px) and (max-width: 480px) 480px, (min-width: 481px) 933px, 100vw\" \/><\/p>\n<p>V spolo\u010dnosti FMP sme hrd\u00ed na na\u0161e najmodernej\u0161ie v\u00fdrobn\u00e9 zariadenia, ktor\u00e9 s\u00fa vybaven\u00e9 presn\u00fdmi strojmi a pokro\u010dil\u00fdmi testovac\u00edmi syst\u00e9mami. Na\u0161e v\u00fdrobn\u00e9 procesy sp\u013a\u0148aj\u00fa pr\u00edsne n\u00e1rodn\u00e9 a medzin\u00e1rodn\u00e9 normy, \u010do zabezpe\u010duje, \u017ee ka\u017ed\u00fd vyroben\u00fd hydraulick\u00fd valec je najvy\u0161\u0161ej kvality a spo\u013eahlivosti. N\u00e1\u0161 sk\u00fasen\u00fd technick\u00fd t\u00edm v kombin\u00e1cii s najmodernej\u0161\u00edm vybaven\u00edm n\u00e1m umo\u017e\u0148uje udr\u017eiava\u0165 pr\u00edsnu kontrolu kvality v ka\u017edej f\u00e1ze v\u00fdroby \u2013 od v\u00fdberu surov\u00edn a\u017e po kone\u010dn\u00fa kontrolu. Tento z\u00e1v\u00e4zok k dokonalosti n\u00e1m vyniesol certifik\u00e1cie a uznanie od priemyseln\u00fdch autor\u00edt, \u010do \u010falej upev\u0148uje na\u0161u reput\u00e1ciu spo\u013eahliv\u00e9ho partnera.<\/p>\n<p>Na\u0161e poslanie je priamo\u010diare aj ambici\u00f3zne: poskytova\u0165 na\u0161im z\u00e1kazn\u00edkom hydraulick\u00e9 valce, ktor\u00e9 prekon\u00e1vaj\u00fa o\u010dak\u00e1vania v oblasti v\u00fdkonu, odolnosti a hodnoty. Pracujeme pod\u013ea z\u00e1kladn\u00fdch princ\u00edpov profesionality, integrity a zamerania sa na z\u00e1kazn\u00edka. Podporou kult\u00fary inov\u00e1ci\u00ed a presnosti neust\u00e1le zdokona\u013eujeme na\u0161e produkty, aby sme si udr\u017eali n\u00e1skok na konkuren\u010dnom trhu. N\u00e1\u0161 komplexn\u00fd sortiment produktov a schopnos\u0165 pon\u00faka\u0165 rie\u0161enia na mieru z n\u00e1s robia preferovan\u00fa vo\u013ebu pre firmy, ktor\u00e9 h\u013eadaj\u00fa vysoko v\u00fdkonn\u00e9 hydraulick\u00e9 valce.<\/p>\n<p>FMP je viac ne\u017e len v\u00fdrobca; sme partnerom vo va\u0161om \u00faspechu. Ch\u00e1peme, \u017ee na\u0161i z\u00e1kazn\u00edci sa na n\u00e1s spoliehaj\u00fa, \u017ee im poskytneme n\u00e1stroje, ktor\u00e9 zvy\u0161uj\u00fa produktivitu a bezpe\u010dnos\u0165. Preto sa zav\u00e4zujeme nielen dod\u00e1va\u0165 \u0161pi\u010dkov\u00e9 produkty, ale aj pon\u00faka\u0165 v\u00fdnimo\u010dn\u00fd servis. Od po\u010diato\u010dn\u00fdch konzult\u00e1ci\u00ed a\u017e po popredajn\u00fa podporu \u00fazko spolupracujeme s na\u0161imi klientmi, aby sme zabezpe\u010dili, \u017ee ich potreby bud\u00fa splnen\u00e9 s profesionalitou a starostlivos\u0165ou. Na\u0161e konkurencieschopn\u00e9 ceny v kombin\u00e1cii s na\u0161\u00edm neochvejn\u00fdm z\u00e1v\u00e4zkom ku kvalite robia z FMP inteligentn\u00fa vo\u013ebu pre spolo\u010dnosti, ktor\u00e9 chc\u00fa investova\u0165 do spo\u013eahliv\u00fdch hydraulick\u00fdch rie\u0161en\u00ed.<\/p>","protected":false},"excerpt":{"rendered":"<p>Italian Factory Dump Truck Hydraulic Cylinders Multistage Hydraulic Cylinder For Sale We present to you our top-of-the-line, Italian Factory Dump Truck Hydraulic Cylinders Multistage Hydraulic Cylinder. Expertly engineered and versatile, our hydraulic cylinder is designed to meet the heavy-duty demands of various industries. Features and Functions Our multistage hydraulic cylinder plays an indispensable role in [&hellip;]<\/p>","protected":false},"featured_media":6699,"comment_status":"closed","ping_status":"closed","template":"","meta":{"_et_pb_use_builder":"","_et_pb_old_content":"","_et_gb_content_width":""},"product_brand":[],"product_cat":[103],"product_tag":[34,105],"class_list":{"0":"post-6545","1":"product","2":"type-product","3":"status-publish","4":"has-post-thumbnail","6":"product_cat-telescopic-hydraulic-cylinders","7":"product_tag-hydraulic-cylinder","8":"product_tag-telescopic-hydraulic-cylinders","10":"first","11":"instock","12":"product-type-simple"},"_links":{"self":[{"href":"https:\/\/fmp-components.com\/sk\/wp-json\/wp\/v2\/product\/6545","targetHints":{"allow":["GET"]}}],"collection":[{"href":"https:\/\/fmp-components.com\/sk\/wp-json\/wp\/v2\/product"}],"about":[{"href":"https:\/\/fmp-components.com\/sk\/wp-json\/wp\/v2\/types\/product"}],"replies":[{"embeddable":true,"href":"https:\/\/fmp-components.com\/sk\/wp-json\/wp\/v2\/comments?post=6545"}],"wp:featuredmedia":[{"embeddable":true,"href":"https:\/\/fmp-components.com\/sk\/wp-json\/wp\/v2\/media\/6699"}],"wp:attachment":[{"href":"https:\/\/fmp-components.com\/sk\/wp-json\/wp\/v2\/media?parent=6545"}],"wp:term":[{"taxonomy":"product_brand","embeddable":true,"href":"https:\/\/fmp-components.com\/sk\/wp-json\/wp\/v2\/product_brand?post=6545"},{"taxonomy":"product_cat","embeddable":true,"href":"https:\/\/fmp-components.com\/sk\/wp-json\/wp\/v2\/product_cat?post=6545"},{"taxonomy":"product_tag","embeddable":true,"href":"https:\/\/fmp-components.com\/sk\/wp-json\/wp\/v2\/product_tag?post=6545"}],"curies":[{"name":"pracovn\u00fd list","href":"https:\/\/api.w.org\/{rel}","templated":true}]}}