{"id":6543,"date":"2025-03-11T06:28:19","date_gmt":"2025-03-11T06:28:19","guid":{"rendered":"https:\/\/fmp-components.com\/product\/effective-3-stage-20-ton-telescopic-hydraulic-cylinder"},"modified":"2025-03-12T06:53:32","modified_gmt":"2025-03-12T06:53:32","slug":"effective-3-stage-20-ton-telescopic-hydraulic-cylinder","status":"publish","type":"product","link":"https:\/\/fmp-components.com\/sk\/product\/effective-3-stage-20-ton-telescopic-hydraulic-cylinder\/","title":{"rendered":"Efekt\u00edvny 3-stup\u0148ov\u00fd 20-tonov\u00fd teleskopick\u00fd hydraulick\u00fd valec"},"content":{"rendered":"<h2>Efekt\u00edvny 3-stup\u0148ov\u00fd 20-tonov\u00fd teleskopick\u00fd hydraulick\u00fd valec<\/h2>\n<p>Efekt\u00edvny 3-stup\u0148ov\u00fd 20-tonov\u00fd teleskopick\u00fd hydraulick\u00fd valec je vysoko kvalitn\u00fd, v\u0161estrann\u00fd a efekt\u00edvny n\u00e1stroj, ktor\u00fd mo\u017eno pou\u017ei\u0165 v \u0161irokej \u0161k\u00e1le aplik\u00e1ci\u00ed. Tento hydraulick\u00fd valec je ide\u00e1lny na pou\u017eitie v opravovniach strojov, na farm\u00e1ch, v energetike a ban\u00edctve, pri v\u00fdrobe strojov a v stroj\u00e1r\u0148ach.<\/p>\n<h3>Funkcie a vlastnosti<\/h3>\n<p>Viacstup\u0148ov\u00fd hydraulick\u00fd valec je poh\u00e1\u0148an\u00fd hydraulickou energiou a je vyroben\u00fd z vysoko kvalitnej ocele pre odolnos\u0165 a pevnos\u0165. M\u00e1 \u0161tandardn\u00fa piestov\u00fa kon\u0161trukciu a jeho hlavn\u00e9 komponenty zah\u0155\u0148aj\u00fa lo\u017eisk\u00e1 a samotn\u00fd hydraulick\u00fd valec. Maxim\u00e1lny \u0165ah tohto valca je 3000 a jeho maxim\u00e1lna \u0165a\u017en\u00e1 sila je ohromuj\u00facich 20 ton. Dod\u00e1va sa s ro\u010dnou z\u00e1rukou a je certifikovan\u00fd pod\u013ea normy ISO9001:2000.<\/p>\n<p><img loading=\"lazy\" decoding=\"async\" class=\"alignnone  wp-image-6659\" src=\"https:\/\/fmp-components.com\/wp-content\/uploads\/2025\/03\/telescopic-hydraulic-cylinder-12.webp\" alt=\"teleskopick\u00fd hydraulick\u00fd valec\" width=\"848\" height=\"848\" title=\"\" srcset=\"https:\/\/fmp-components.com\/wp-content\/uploads\/2025\/03\/telescopic-hydraulic-cylinder-12.webp 848w, https:\/\/fmp-components.com\/wp-content\/uploads\/2025\/03\/telescopic-hydraulic-cylinder-12-480x480.webp 480w\" sizes=\"(min-width: 0px) and (max-width: 480px) 480px, (min-width: 481px) 848px, 100vw\" \/><\/p>\n<h3>Technick\u00e9 parametre<\/h3>\n<p>Efekt\u00edvny 3-stup\u0148ov\u00fd teleskopick\u00fd hydraulick\u00fd valec s nosnos\u0165ou 20 ton m\u00e1 priemer otvoru 2-6 palcov, priemer ty\u010de 1,125-4 palce, zdvih 4-100 palcov a ve\u013ekos\u0165 \u010dapu 0,5-2 palce. Dod\u00e1va sa v elegantnej \u010diernej farbe. Valec sa dod\u00e1va v \u017eeleznej debne, preglejkovej debne alebo kart\u00f3novej krabici, v z\u00e1vislosti od va\u0161ich preferenci\u00ed.<\/p>\n<h3>Tabu\u013eka technick\u00fdch parametrov<\/h3>\n<table style=\"width: 97.7143%; height: 115px;\" border=\"\">\n<tbody>\n<tr style=\"height: 23px;\">\n<td style=\"height: 23px;\">Ve\u013ekos\u0165 otvoru<\/td>\n<td style=\"height: 23px;\">2-6 palcov<\/td>\n<\/tr>\n<tr style=\"height: 23px;\">\n<td style=\"height: 23px;\">Ve\u013ekos\u0165 ty\u010de<\/td>\n<td style=\"height: 23px;\">1,125-4 palca<\/td>\n<\/tr>\n<tr style=\"height: 23px;\">\n<td style=\"height: 23px;\">Ve\u013ekos\u0165 \u0165ahu<\/td>\n<td style=\"height: 23px;\">4-100 palcov<\/td>\n<\/tr>\n<tr style=\"height: 23px;\">\n<td style=\"height: 23px;\">Ve\u013ekos\u0165 \u010dapu<\/td>\n<td style=\"height: 23px;\">0,5-2 palce<\/td>\n<\/tr>\n<tr style=\"height: 23px;\">\n<td style=\"height: 23px;\">Porty<\/td>\n<td style=\"height: 23px;\">G\/SAE\/NPT\/M<\/td>\n<\/tr>\n<\/tbody>\n<\/table>\n<h2>Jedine\u010dn\u00e9 vlastnosti a v\u00fdhody<\/h2>\n<ul>\n<li>Energeticky \u00fasporn\u00e9<\/li>\n<li>Vysoko \u00fa\u010dinn\u00fd<\/li>\n<li>Bezpe\u010dnos\u0165 zaru\u010den\u00e1<\/li>\n<\/ul>\n<h2>Hydraulick\u00fd syst\u00e9m a princ\u00edp \u010dinnosti<\/h2>\n<p>Hydraulick\u00fd syst\u00e9m efekt\u00edvneho trojstup\u0148ov\u00e9ho 20-tonov\u00e9ho teleskopick\u00e9ho hydraulick\u00e9ho valca funguje tak, \u017ee premie\u0148a hydraulick\u00fa energiu na mechanick\u00fd pohyb a tlak na silu. Valec a pohonn\u00e1 jednotka spolupracuj\u00fa, aby zabezpe\u010dili plynul\u00fd chod hydraulick\u00e9ho syst\u00e9mu.<\/p>\n<h2>Scen\u00e1re aplik\u00e1ci\u00ed<\/h2>\n<p>Tento hydraulick\u00fd valec sa \u0161iroko pou\u017e\u00edva v opravovniach strojov, farm\u00e1ch, energetike a ban\u00edctve, v\u00fdrobe strojov a stroj\u00e1r\u0148ach.<\/p>\n<h2>Hydraulick\u00e9 valce a pohonn\u00e9 jednotky<\/h2>\n<p>Hydraulick\u00fd valec a pohonn\u00e1 jednotka s\u00fa neoddelite\u013enou s\u00fa\u010das\u0165ou hydraulick\u00e9ho syst\u00e9mu. Ich synergia zabezpe\u010duje \u0161irok\u00e9 uplatnenie hydraulickej technol\u00f3gie v priemyselnej oblasti a poskytuje spo\u013eahliv\u00fa podporu nap\u00e1jania a riadenia pre r\u00f4zne technick\u00e9 a mechanick\u00e9 zariadenia. Hydraulick\u00fd valec ako ovl\u00e1da\u010d je zodpovedn\u00fd za premenu hydraulickej energie na mechanick\u00fd pohyb a premenu tlaku na silu. Pohonn\u00e1 jednotka je jadrom, ktor\u00e9 poskytuje energiu a riadiaci sign\u00e1l potrebn\u00fd pre hydraulick\u00fd syst\u00e9m. Koordin\u00e1cia medzi nimi zabezpe\u010duje norm\u00e1lnu prev\u00e1dzku hydraulick\u00e9ho syst\u00e9mu. Pon\u00fakame aj pohonn\u00e9 jednotky na predaj.<\/p>\n<p><img loading=\"lazy\" decoding=\"async\" class=\"alignnone size-full wp-image-6660\" src=\"https:\/\/fmp-components.com\/wp-content\/uploads\/2025\/03\/hydraulic-cylinder-workshop-4.webp\" alt=\"teleskopick\u00fd hydraulick\u00fd valec\" width=\"914\" height=\"733\" title=\"\" srcset=\"https:\/\/fmp-components.com\/wp-content\/uploads\/2025\/03\/hydraulic-cylinder-workshop-4.webp 914w, https:\/\/fmp-components.com\/wp-content\/uploads\/2025\/03\/hydraulic-cylinder-workshop-4-480x385.webp 480w\" sizes=\"(min-width: 0px) and (max-width: 480px) 480px, (min-width: 481px) 914px, 100vw\" \/><\/p>\n<h2>\u010casto kladen\u00e9 ot\u00e1zky<\/h2>\n<ol>\n<li><strong>Ste obchodn\u00e1 spolo\u010dnos\u0165 alebo v\u00fdrobca?<\/strong><br \/>\nSme tov\u00e1re\u0148.<\/li>\n<li><strong>Ak\u00e1 je va\u0161a dodacia lehota?<\/strong><br \/>\nVo v\u0161eobecnosti je to 25-35 dn\u00ed.<\/li>\n<li><strong>Poskytujete vzorky? Je to zadarmo alebo za pr\u00edplatok?<\/strong><br \/>\n\u00c1no, mohli by sme pon\u00faknu\u0165 vzorku, ale nie je zadarmo.<\/li>\n<\/ol>\n<h3>O FMP<\/h3>\n<p>FMP je popredn\u00fd taliansky v\u00fdrobca \u0161pecializuj\u00faci sa na n\u00e1vrh, v\u00fdvoj a v\u00fdrobu vysoko kvalitn\u00fdch hydraulick\u00fdch valcov. V\u010faka desa\u0165ro\u010diam sk\u00fasenost\u00ed sp\u00e1jame tradi\u010dn\u00e9 talianske remeseln\u00e9 spracovanie s najmodernej\u0161\u00edmi technol\u00f3giami, aby sme poskytovali v\u00fdnimo\u010dn\u00e9 hydraulick\u00e9 rie\u0161enia, ktor\u00e9 uspokoja rozmanit\u00e9 potreby na\u0161ich glob\u00e1lnych klientov. Spolo\u010dnos\u0165 FMP so s\u00eddlom v Taliansku, centre in\u017einierskej excelentnosti, sa etablovala ako d\u00f4veryhodn\u00e9 meno v hydraulickom priemysle a venuje sa dod\u00e1vaniu spo\u013eahliv\u00fdch, odoln\u00fdch a inovat\u00edvnych produktov, ktor\u00e9 posil\u0148uj\u00fa podniky na celom svete.<\/p>\n<p>Na\u0161a spolo\u010dnos\u0165 sp\u00e1ja pokro\u010dil\u00e9 v\u00fdrobn\u00e9 trad\u00edcie s progres\u00edvnym pr\u00edstupom. V\u010faka dlhoro\u010dn\u00fdm sk\u00fasenostiam v oblasti hydraulick\u00fdch syst\u00e9mov sa spolo\u010dnos\u0165 FMP transformovala na modern\u00fd podnik, ktor\u00fd vynik\u00e1 vo v\u00fdskume, dizajne a v\u00fdrobe. Pon\u00fakame \u0161irok\u00fa \u0161k\u00e1lu hydraulick\u00fdch valcov vr\u00e1tane dvoj\u010dinn\u00fdch valcov, zdv\u00edhac\u00edch valcov pre automobily, valcov pre po\u013enohospod\u00e1rske stroje a z\u00e1kazkovo navrhnut\u00fdch rie\u0161en\u00ed pre r\u00f4zne priemyseln\u00e9 aplik\u00e1cie. \u010ci u\u017e ide o stavebn\u00edctvo, priemyseln\u00e9 in\u0161tal\u00e1cie, po\u013enohospod\u00e1rstvo alebo \u0165a\u017ek\u00e9 stroje, na\u0161e hydraulick\u00e9 valce s\u00fa skon\u0161truovan\u00e9 tak, aby fungovali v najn\u00e1ro\u010dnej\u0161\u00edch podmienkach a zabezpe\u010dovali bezpe\u010dnos\u0165, \u00fa\u010dinnos\u0165 a dlh\u00fa \u017eivotnos\u0165.<\/p>\n<p><img loading=\"lazy\" decoding=\"async\" class=\"alignnone size-full wp-image-6720\" src=\"https:\/\/fmp-components.com\/wp-content\/uploads\/2025\/03\/hydraulic-cylinder-8.webp\" alt=\"Teleskopick\u00e9 hydraulick\u00e9 valce\" width=\"933\" height=\"526\" title=\"\" srcset=\"https:\/\/fmp-components.com\/wp-content\/uploads\/2025\/03\/hydraulic-cylinder-8.webp 933w, https:\/\/fmp-components.com\/wp-content\/uploads\/2025\/03\/hydraulic-cylinder-8-480x271.webp 480w\" sizes=\"(min-width: 0px) and (max-width: 480px) 480px, (min-width: 481px) 933px, 100vw\" \/><\/p>\n<p>V spolo\u010dnosti FMP sme hrd\u00ed na na\u0161e najmodernej\u0161ie v\u00fdrobn\u00e9 zariadenia, vybaven\u00e9 presn\u00fdmi strojmi a pokro\u010dil\u00fdmi testovac\u00edmi syst\u00e9mami. Na\u0161e v\u00fdrobn\u00e9 procesy sp\u013a\u0148aj\u00fa pr\u00edsne n\u00e1rodn\u00e9 a medzin\u00e1rodn\u00e9 normy, \u010do zaru\u010duje, \u017ee ka\u017ed\u00fd vyroben\u00fd hydraulick\u00fd valec sp\u013a\u0148a najvy\u0161\u0161ie \u0161tandardy kvality a spo\u013eahlivosti. N\u00e1\u0161 sk\u00fasen\u00fd technick\u00fd t\u00edm v kombin\u00e1cii s najmodernej\u0161\u00edm vybaven\u00edm n\u00e1m umo\u017e\u0148uje udr\u017eiava\u0165 pr\u00edsnu kontrolu kvality v ka\u017edej f\u00e1ze v\u00fdroby \u2013 od v\u00fdberu surov\u00edn a\u017e po kone\u010dn\u00fa kontrolu. Tento z\u00e1v\u00e4zok k dokonalosti n\u00e1m priniesol certifik\u00e1cie a uznanie od priemyseln\u00fdch autor\u00edt, \u010d\u00edm sme upevnili svoju reput\u00e1ciu spo\u013eahliv\u00e9ho partnera.<\/p>\n<p>Na\u0161e poslanie je jednoduch\u00e9 a ambici\u00f3zne z\u00e1rove\u0148: poskytova\u0165 na\u0161im z\u00e1kazn\u00edkom hydraulick\u00e9 valce, ktor\u00e9 prekon\u00e1vaj\u00fa o\u010dak\u00e1vania vo v\u00fdkone, odolnosti a hodnote. Pracujeme na princ\u00edpoch profesionality, integrity a zamerania sa na z\u00e1kazn\u00edka. Pestovan\u00edm kult\u00fary inov\u00e1ci\u00ed a presnosti neust\u00e1le zdokona\u013eujeme na\u0161e produkty, aby sme si udr\u017eali n\u00e1skok na konkuren\u010dnom trhu. N\u00e1\u0161 rozsiahly sortiment produktov a schopnos\u0165 pon\u00faka\u0165 rie\u0161enia na mieru z n\u00e1s robia preferovan\u00fa vo\u013ebu pre firmy, ktor\u00e9 h\u013eadaj\u00fa vysoko v\u00fdkonn\u00e9 hydraulick\u00e9 valce.<\/p>\n<p>FMP je viac ne\u017e len v\u00fdrobca; sme partnerom vo va\u0161om \u00faspechu. Ch\u00e1peme, \u017ee na\u0161i z\u00e1kazn\u00edci sa na n\u00e1s spoliehaj\u00fa, \u017ee im dod\u00e1me n\u00e1stroje, ktor\u00e9 zvy\u0161uj\u00fa ich produktivitu a bezpe\u010dnos\u0165. Preto sa venujeme poskytovaniu nielen \u0161pi\u010dkov\u00fdch produktov, ale aj v\u00fdnimo\u010dn\u00fdch slu\u017eieb. Od \u00favodnej konzult\u00e1cie a\u017e po popredajn\u00fa podporu \u00fazko spolupracujeme s na\u0161imi klientmi, aby sme zabezpe\u010dili, \u017ee ich potreby bud\u00fa splnen\u00e9 s profesionalitou a starostlivos\u0165ou. Na\u0161e konkurencieschopn\u00e9 ceny v kombin\u00e1cii s neochvejn\u00fdm z\u00e1v\u00e4zkom ku kvalite robia z FMP inteligentn\u00fa vo\u013ebu pre spolo\u010dnosti, ktor\u00e9 chc\u00fa investova\u0165 do spo\u013eahliv\u00fdch hydraulick\u00fdch rie\u0161en\u00ed.<\/p>","protected":false},"excerpt":{"rendered":"<p>Effective 3 Stage 20 Ton Telescopic Hydraulic Cylinder The Effective 3 Stage 20 Ton Telescopic Hydraulic Cylinder is a high-quality, versatile, and efficient tool that can be used in a wide range of applications. This hydraulic cylinder is perfect for use in machinery repair shops, farms, energy &amp; mining, machinery manufacturing, and machinery factories. Functions [&hellip;]<\/p>","protected":false},"featured_media":6703,"comment_status":"closed","ping_status":"closed","template":"","meta":{"_et_pb_use_builder":"","_et_pb_old_content":"","_et_gb_content_width":""},"product_brand":[],"product_cat":[103],"product_tag":[34,105],"class_list":{"0":"post-6543","1":"product","2":"type-product","3":"status-publish","4":"has-post-thumbnail","6":"product_cat-telescopic-hydraulic-cylinders","7":"product_tag-hydraulic-cylinder","8":"product_tag-telescopic-hydraulic-cylinders","10":"first","11":"instock","12":"product-type-simple"},"_links":{"self":[{"href":"https:\/\/fmp-components.com\/sk\/wp-json\/wp\/v2\/product\/6543","targetHints":{"allow":["GET"]}}],"collection":[{"href":"https:\/\/fmp-components.com\/sk\/wp-json\/wp\/v2\/product"}],"about":[{"href":"https:\/\/fmp-components.com\/sk\/wp-json\/wp\/v2\/types\/product"}],"replies":[{"embeddable":true,"href":"https:\/\/fmp-components.com\/sk\/wp-json\/wp\/v2\/comments?post=6543"}],"wp:featuredmedia":[{"embeddable":true,"href":"https:\/\/fmp-components.com\/sk\/wp-json\/wp\/v2\/media\/6703"}],"wp:attachment":[{"href":"https:\/\/fmp-components.com\/sk\/wp-json\/wp\/v2\/media?parent=6543"}],"wp:term":[{"taxonomy":"product_brand","embeddable":true,"href":"https:\/\/fmp-components.com\/sk\/wp-json\/wp\/v2\/product_brand?post=6543"},{"taxonomy":"product_cat","embeddable":true,"href":"https:\/\/fmp-components.com\/sk\/wp-json\/wp\/v2\/product_cat?post=6543"},{"taxonomy":"product_tag","embeddable":true,"href":"https:\/\/fmp-components.com\/sk\/wp-json\/wp\/v2\/product_tag?post=6543"}],"curies":[{"name":"pracovn\u00fd list","href":"https:\/\/api.w.org\/{rel}","templated":true}]}}