{"id":6539,"date":"2025-03-11T06:28:19","date_gmt":"2025-03-11T06:28:19","guid":{"rendered":"https:\/\/fmp-components.com\/product\/professional-craftsmanship-telescopic-double-acting-hydraulic-cylinder-for-dump-truck"},"modified":"2025-03-18T01:59:35","modified_gmt":"2025-03-18T01:59:35","slug":"professional-craftsmanship-telescopic-double-acting-hydraulic-cylinder-for-dump-truck","status":"publish","type":"product","link":"https:\/\/fmp-components.com\/sk\/product\/professional-craftsmanship-telescopic-double-acting-hydraulic-cylinder-for-dump-truck\/","title":{"rendered":"Profesion\u00e1lne remeseln\u00e9 spracovanie teleskopick\u00e9ho dvoj\u010dinn\u00e9ho hydraulick\u00e9ho valca pre skl\u00e1pa\u010d"},"content":{"rendered":"<h2>Profesion\u00e1lne remeseln\u00e9 spracovanie teleskopick\u00e9ho dvoj\u010dinn\u00e9ho hydraulick\u00e9ho valca pre skl\u00e1pa\u010d<\/h2>\n<p>N\u00e1\u0161 teleskopick\u00fd dvoj\u010dinn\u00fd hydraulick\u00fd valec je navrhnut\u00fd s profesion\u00e1lnym remeseln\u00fdm spracovan\u00edm, \u0161peci\u00e1lne pre skl\u00e1pa\u010de. Tento hydraulick\u00fd valec, vyroben\u00fd spolo\u010dnos\u0165ou FMP, l\u00eddrom v tomto odvetv\u00ed so s\u00eddlom v meste Italy City, zaru\u010duje spo\u013eahliv\u00fd a efekt\u00edvny v\u00fdkon. Medzi jeho k\u013e\u00fa\u010dov\u00e9 vlastnosti patr\u00ed viacstup\u0148ov\u00e1 kon\u0161trukcia, vysok\u00e1 \u0165ahov\u00e1 a posuvn\u00e1 kapacita a certifik\u00e1cia ISO9001:2000.<\/p>\n<p><img loading=\"lazy\" decoding=\"async\" class=\"alignnone wp-image-6665\" src=\"https:\/\/fmp-components.com\/wp-content\/uploads\/2025\/03\/telescopic-hydraulic-cylinder-9.webp\" alt=\"teleskopick\u00fd hydraulick\u00fd valec\" width=\"934\" height=\"934\" title=\"\" srcset=\"https:\/\/fmp-components.com\/wp-content\/uploads\/2025\/03\/telescopic-hydraulic-cylinder-9.webp 934w, https:\/\/fmp-components.com\/wp-content\/uploads\/2025\/03\/telescopic-hydraulic-cylinder-9-480x480.webp 480w\" sizes=\"(min-width: 0px) and (max-width: 480px) 480px, (min-width: 481px) 934px, 100vw\" \/><\/p>\n<h3>Vlastnosti a d\u00f4le\u017eitos\u0165 produktu<\/h3>\n<p>V\u010faka \u0161tandardnej kon\u0161trukcii piestov\u00e9ho valca pracuje n\u00e1\u0161 hydraulick\u00fd valec s maxim\u00e1lnym tlakom 3000 a maxim\u00e1lnou \u0165a\u017enou silou 20 ton. Materi\u00e1l telesa je vyroben\u00fd z odolnej ocele, \u010do zaru\u010duje dlh\u00fa \u017eivotnos\u0165 a odolnos\u0165 vo\u010di opotrebovaniu. Ve\u013ekos\u0165 otvoru a ty\u010de sa pohybuje od 2 do 6 palcov, respekt\u00edve 1,125 do 4 palcov, \u010do pon\u00faka v\u0161estrannos\u0165 pre r\u00f4zne aplik\u00e1cie.<\/p>\n<h3>Technick\u00e9 \u0161pecifik\u00e1cie<\/h3>\n<table style=\"width: 101.297%; height: 118px;\" border=\"\">\n<tbody>\n<tr>\n<td><i>Ve\u013ekos\u0165 otvoru<\/i><\/td>\n<td>2-6 palcov<\/td>\n<\/tr>\n<tr>\n<td><i>Ve\u013ekos\u0165 ty\u010de<\/i><\/td>\n<td>1,125-4 palca<\/td>\n<\/tr>\n<tr>\n<td><i>Ve\u013ekos\u0165 \u0165ahu<\/i><\/td>\n<td>4-100 palcov<\/td>\n<\/tr>\n<tr>\n<td><i>Ve\u013ekos\u0165 \u010dapu<\/i><\/td>\n<td>0,5-2 palce<\/td>\n<\/tr>\n<tr>\n<td><i>Porty<\/i><\/td>\n<td>G\/SAE\/NPT\/M<\/td>\n<\/tr>\n<\/tbody>\n<\/table>\n<h2>Jedine\u010dn\u00e9 vlastnosti a v\u00fdhody<\/h2>\n<h3>Energeticky \u00fasporn\u00e9<\/h3>\n<p>Na\u0161e hydraulick\u00e9 valce s\u00fa starostlivo navrhnut\u00e9 tak, aby optimalizovali energetick\u00fa \u00fa\u010dinnos\u0165 a v\u00fdrazne zni\u017eovali spotrebu energie po\u010das prev\u00e1dzky. To nielen pom\u00e1ha zni\u017eova\u0165 prev\u00e1dzkov\u00e9 n\u00e1klady pre podniky, ale prispieva aj k environment\u00e1lnej udr\u017eate\u013enosti minimaliz\u00e1ciou odpadu a spotreby energie. V\u010faka vyu\u017eitiu pokro\u010dil\u00fdch technick\u00fdch techn\u00edk na\u0161e valce zabezpe\u010duj\u00fa efekt\u00edvne vyu\u017eitie ka\u017edej jednotky energie, maximalizuj\u00fa produktivitu a z\u00e1rove\u0148 \u0161etria zdroje.<\/p>\n<h3>Vysoko \u00fa\u010dinn\u00fd<\/h3>\n<p>V\u010faka p\u00f4sobivej \u0165ahovej a posuvnej kapacite na\u0161e hydraulick\u00e9 valce vynikaj\u00fa v n\u00e1ro\u010dn\u00fdch podmienkach. S\u00fa skon\u0161truovan\u00e9 tak, aby poskytovali vysok\u00fd v\u00fdkon aj v t\u00fdch najn\u00e1ro\u010dnej\u0161\u00edch prostrediach, v\u010faka \u010domu s\u00fa vhodn\u00e9 pre n\u00e1ro\u010dn\u00e9 aplik\u00e1cie. Ich robustn\u00e1 kon\u0161trukcia zais\u0165uje odolnos\u0165 a spo\u013eahlivos\u0165, \u010do im umo\u017e\u0148uje zvl\u00e1da\u0165 ve\u013ek\u00e9 bremen\u00e1 a konzistentne fungova\u0165, \u010di u\u017e ide o zdv\u00edhanie, tla\u010denie alebo \u0165ahanie v r\u00f4znych priemyseln\u00fdch prostrediach.<\/p>\n<h3>Bezpe\u010dnos\u0165<\/h3>\n<p>Bezpe\u010dnos\u0165 je v na\u0161ej kon\u0161truk\u010dnej filozofii prvorad\u00e1. Na\u0161e hydraulick\u00e9 valce s\u00fa certifikovan\u00e9 pod\u013ea normy ISO 9001:2000, ktor\u00e1 zaru\u010duje s\u00falad s pr\u00edsnymi bezpe\u010dnostn\u00fdmi a kvalitat\u00edvnymi krit\u00e9riami. T\u00e1to certifik\u00e1cia poskytuje na\u0161im z\u00e1kazn\u00edkom pokoj, preto\u017ee vedia, \u017ee na\u0161e produkty sp\u013a\u0148aj\u00fa pr\u00edsne priemyseln\u00e9 \u0161tandardy pre v\u00fdkon a spo\u013eahlivos\u0165. Uprednost\u0148ovan\u00edm bezpe\u010dnosti pom\u00e1hame zmier\u0148ova\u0165 rizik\u00e1 spojen\u00e9 s hydraulick\u00fdmi oper\u00e1ciami a zabezpe\u010dujeme bezpe\u010dn\u00e9 pracovn\u00e9 prostredie.<\/p>\n<h2>Princ\u00edp fungovania a aplik\u00e1cie<\/h2>\n<p>Hydraulick\u00fd valec funguje na princ\u00edpe premeny hydraulickej energie na mechanick\u00fa energiu. T\u00e1to transform\u00e1cia sa dosahuje tlakom hydraulickej kvapaliny, ktor\u00e1 pohybuje piestom vo valci a vytv\u00e1ra line\u00e1rny pohyb. Tento princ\u00edp rob\u00ed hydraulick\u00e9 valce nevyhnutn\u00fdmi v r\u00f4znych odvetviach, vr\u00e1tane:<\/p>\n<ul>\n<li><strong>Opravovne strojov:<\/strong> Ide\u00e1lne na zdv\u00edhanie a umiest\u0148ovanie \u0165a\u017ek\u00fdch strojov, \u010do u\u013eah\u010duje efekt\u00edvnu \u00fadr\u017ebu a opravy.<\/li>\n<li><strong>Farmy:<\/strong> Nevyhnutn\u00fd pre \u00falohy, ako je premiest\u0148ovanie \u0165a\u017ek\u00fdch bremien a obsluha po\u013enohospod\u00e1rskych strojov, \u010d\u00edm sa zvy\u0161uje produktivita a efekt\u00edvnos\u0165.<\/li>\n<li><strong>Energia a ban\u00edctvo:<\/strong> Pou\u017e\u00edva sa v oper\u00e1ci\u00e1ch, ktor\u00e9 vy\u017eaduj\u00fa zna\u010dn\u00e9 zdv\u00edhanie a silu, \u010d\u00edm poskytuje v\u00fdkon a spo\u013eahlivos\u0165 v n\u00e1ro\u010dn\u00fdch prostrediach.<\/li>\n<li><strong>V\u00fdroba strojov:<\/strong> Neoddelite\u013en\u00e1 s\u00fa\u010das\u0165 mont\u00e1\u017ee a pohybu strojov\u00fdch komponentov, \u010d\u00edm sa zabezpe\u010duje presnos\u0165 a efekt\u00edvnos\u0165 v\u00fdrobn\u00fdch procesov.<\/li>\n<li><strong>Stroj\u00e1rne:<\/strong> Pou\u017e\u00edva sa na r\u00f4zne \u00fa\u010dely, od zdv\u00edhania a\u017e po lisovanie, \u010d\u00edm sa zabezpe\u010duje plynul\u00e1 prev\u00e1dzka naprie\u010d v\u00fdrobn\u00fdmi linkami.<\/li>\n<\/ul>\n<p><img loading=\"lazy\" decoding=\"async\" class=\"alignnone wp-image-6664\" src=\"https:\/\/fmp-components.com\/wp-content\/uploads\/2025\/03\/telescopic-hydraulic-cylinder-8.webp\" alt=\"teleskopick\u00fd hydraulick\u00fd valec\" width=\"907\" height=\"907\" title=\"\" srcset=\"https:\/\/fmp-components.com\/wp-content\/uploads\/2025\/03\/telescopic-hydraulic-cylinder-8.webp 907w, https:\/\/fmp-components.com\/wp-content\/uploads\/2025\/03\/telescopic-hydraulic-cylinder-8-480x480.webp 480w\" sizes=\"(min-width: 0px) and (max-width: 480px) 480px, (min-width: 481px) 907px, 100vw\" \/><\/p>\n<h2>Hydraulick\u00e9 valce a pohonn\u00e9 jednotky<\/h2>\n<p>Hydraulick\u00e9 valce a pohonn\u00e9 jednotky s\u00fa k\u013e\u00fa\u010dov\u00fdmi s\u00fa\u010das\u0165ami hydraulick\u00e9ho syst\u00e9mu a harmonicky spolupracuj\u00fa na u\u013eah\u010den\u00ed efekt\u00edvneho vyu\u017eitia hydraulickej technol\u00f3gie v r\u00f4znych odvetviach. Hydraulick\u00fd valec sl\u00fa\u017ei ako ovl\u00e1da\u010d, ktor\u00fd premie\u0148a hydraulick\u00fa energiu na mechanick\u00fd pohyb, zatia\u013e \u010do pohonn\u00e1 jednotka generuje a reguluje potrebn\u00fd hydraulick\u00fd tlak.<\/p>\n<p>Ich synergick\u00fd \u00fa\u010dinok zabezpe\u010duje \u0161irok\u00e9 vyu\u017eitie hydraulickej technol\u00f3gie v priemyseln\u00fdch aplik\u00e1ci\u00e1ch, poskytuje spo\u013eahliv\u00fd v\u00fdkon a presn\u00e9 ovl\u00e1danie pre cel\u00fd rad technick\u00fdch a mechanick\u00fdch zariaden\u00ed. V spolo\u010dnosti FMP pon\u00fakame aj v\u00fdber vysokokvalitn\u00fdch pohonn\u00fdch jednotiek na predaj, ktor\u00e9 s\u00fa prisp\u00f4soben\u00e9 tak, aby dop\u013a\u0148ali na\u0161e hydraulick\u00e9 valce a zvy\u0161ovali celkov\u00fd v\u00fdkon syst\u00e9mu. Tento komplexn\u00fd pr\u00edstup pom\u00e1ha na\u0161im z\u00e1kazn\u00edkom dosiahnu\u0165 optim\u00e1lnu efektivitu a produktivitu v ich prev\u00e1dzke.<\/p>\n<h2>\u010casto kladen\u00e9 ot\u00e1zky<\/h2>\n<h3>Ot\u00e1zka: Ste obchodn\u00e1 spolo\u010dnos\u0165 alebo v\u00fdrobca?<\/h3>\n<p>A: Sme v\u00fdrobca.<\/p>\n<h3>Ot\u00e1zka: Ak\u00e1 je va\u0161a dodacia lehota?<\/h3>\n<p>A: Vo v\u0161eobecnosti je to 25-35 dn\u00ed.<\/p>\n<h3>Ot\u00e1zka: Poskytujete vzorky?<\/h3>\n<p>A: \u00c1no, mohli by sme pon\u00faknu\u0165 vzorku, ale nie je zadarmo.<\/p>\n<h3>O FMP<\/h3>\n<p>FMP je popredn\u00fd taliansky v\u00fdrobca \u0161pecializuj\u00faci sa na n\u00e1vrh, v\u00fdvoj a v\u00fdrobu vysoko kvalitn\u00fdch hydraulick\u00fdch valcov. V\u010faka desa\u0165ro\u010diam sk\u00fasenost\u00ed sp\u00e1jame tradi\u010dn\u00e9 talianske remeseln\u00e9 spracovanie s najmodernej\u0161\u00edmi technol\u00f3giami, aby sme poskytovali v\u00fdnimo\u010dn\u00e9 hydraulick\u00e9 rie\u0161enia, ktor\u00e9 uspokoja rozmanit\u00e9 potreby na\u0161ich glob\u00e1lnych klientov. Spolo\u010dnos\u0165 FMP so s\u00eddlom v Taliansku, centre in\u017einierskej excelentnosti, sa etablovala ako d\u00f4veryhodn\u00e9 meno v hydraulickom priemysle a venuje sa dod\u00e1vaniu spo\u013eahliv\u00fdch, odoln\u00fdch a inovat\u00edvnych produktov, ktor\u00e9 posil\u0148uj\u00fa podniky na celom svete.<\/p>\n<p>Na\u0161a spolo\u010dnos\u0165 sp\u00e1ja pokro\u010dil\u00e9 v\u00fdrobn\u00e9 trad\u00edcie s progres\u00edvnym pr\u00edstupom. V\u010faka dlhoro\u010dn\u00fdm sk\u00fasenostiam v oblasti hydraulick\u00fdch syst\u00e9mov sa spolo\u010dnos\u0165 FMP transformovala na modern\u00fd podnik, ktor\u00fd vynik\u00e1 vo v\u00fdskume, dizajne a v\u00fdrobe. Pon\u00fakame \u0161irok\u00fa \u0161k\u00e1lu hydraulick\u00fdch valcov vr\u00e1tane dvoj\u010dinn\u00fdch valcov, zdv\u00edhac\u00edch valcov pre automobily, valcov pre po\u013enohospod\u00e1rske stroje a z\u00e1kazkovo navrhnut\u00fdch rie\u0161en\u00ed pre r\u00f4zne priemyseln\u00e9 aplik\u00e1cie. \u010ci u\u017e ide o stavebn\u00edctvo, priemyseln\u00e9 in\u0161tal\u00e1cie, po\u013enohospod\u00e1rstvo alebo \u0165a\u017ek\u00e9 stroje, na\u0161e hydraulick\u00e9 valce s\u00fa skon\u0161truovan\u00e9 tak, aby fungovali v najn\u00e1ro\u010dnej\u0161\u00edch podmienkach a zabezpe\u010dovali bezpe\u010dnos\u0165, \u00fa\u010dinnos\u0165 a dlh\u00fa \u017eivotnos\u0165.<\/p>\n<p><img loading=\"lazy\" decoding=\"async\" class=\"alignnone size-full wp-image-6720\" src=\"https:\/\/fmp-components.com\/wp-content\/uploads\/2025\/03\/hydraulic-cylinder-8.webp\" alt=\"Teleskopick\u00e9 hydraulick\u00e9 valce\" width=\"933\" height=\"526\" title=\"\" srcset=\"https:\/\/fmp-components.com\/wp-content\/uploads\/2025\/03\/hydraulic-cylinder-8.webp 933w, https:\/\/fmp-components.com\/wp-content\/uploads\/2025\/03\/hydraulic-cylinder-8-480x271.webp 480w\" sizes=\"(min-width: 0px) and (max-width: 480px) 480px, (min-width: 481px) 933px, 100vw\" \/><\/p>\n<p>V spolo\u010dnosti FMP sme hrd\u00ed na na\u0161e najmodernej\u0161ie v\u00fdrobn\u00e9 zariadenia, vybaven\u00e9 presn\u00fdmi strojmi a pokro\u010dil\u00fdmi testovac\u00edmi syst\u00e9mami. Na\u0161e v\u00fdrobn\u00e9 procesy sp\u013a\u0148aj\u00fa pr\u00edsne n\u00e1rodn\u00e9 a medzin\u00e1rodn\u00e9 normy, \u010do zaru\u010duje, \u017ee ka\u017ed\u00fd vyroben\u00fd hydraulick\u00fd valec sp\u013a\u0148a najvy\u0161\u0161ie \u0161tandardy kvality a spo\u013eahlivosti. N\u00e1\u0161 sk\u00fasen\u00fd technick\u00fd t\u00edm v kombin\u00e1cii s najmodernej\u0161\u00edm vybaven\u00edm n\u00e1m umo\u017e\u0148uje udr\u017eiava\u0165 pr\u00edsnu kontrolu kvality v ka\u017edej f\u00e1ze v\u00fdroby \u2013 od v\u00fdberu surov\u00edn a\u017e po kone\u010dn\u00fa kontrolu. Tento z\u00e1v\u00e4zok k dokonalosti n\u00e1m priniesol certifik\u00e1cie a uznanie od priemyseln\u00fdch autor\u00edt, \u010d\u00edm sme upevnili svoju reput\u00e1ciu spo\u013eahliv\u00e9ho partnera.<\/p>\n<p>Na\u0161e poslanie je jednoduch\u00e9 a ambici\u00f3zne z\u00e1rove\u0148: poskytova\u0165 na\u0161im z\u00e1kazn\u00edkom hydraulick\u00e9 valce, ktor\u00e9 prekon\u00e1vaj\u00fa o\u010dak\u00e1vania vo v\u00fdkone, odolnosti a hodnote. Pracujeme na princ\u00edpoch profesionality, integrity a zamerania sa na z\u00e1kazn\u00edka. Pestovan\u00edm kult\u00fary inov\u00e1ci\u00ed a presnosti neust\u00e1le zdokona\u013eujeme na\u0161e produkty, aby sme si udr\u017eali n\u00e1skok na konkuren\u010dnom trhu. N\u00e1\u0161 rozsiahly sortiment produktov a schopnos\u0165 pon\u00faka\u0165 rie\u0161enia na mieru z n\u00e1s robia preferovan\u00fa vo\u013ebu pre firmy, ktor\u00e9 h\u013eadaj\u00fa vysoko v\u00fdkonn\u00e9 hydraulick\u00e9 valce.<\/p>\n<p>FMP je viac ne\u017e len v\u00fdrobca; sme partnerom vo va\u0161om \u00faspechu. Ch\u00e1peme, \u017ee na\u0161i z\u00e1kazn\u00edci sa na n\u00e1s spoliehaj\u00fa, \u017ee im dod\u00e1me n\u00e1stroje, ktor\u00e9 zvy\u0161uj\u00fa ich produktivitu a bezpe\u010dnos\u0165. Preto sa venujeme poskytovaniu nielen \u0161pi\u010dkov\u00fdch produktov, ale aj v\u00fdnimo\u010dn\u00fdch slu\u017eieb. Od \u00favodnej konzult\u00e1cie a\u017e po popredajn\u00fa podporu \u00fazko spolupracujeme s na\u0161imi klientmi, aby sme zabezpe\u010dili, \u017ee ich potreby bud\u00fa splnen\u00e9 s profesionalitou a starostlivos\u0165ou. Na\u0161e konkurencieschopn\u00e9 ceny v kombin\u00e1cii s neochvejn\u00fdm z\u00e1v\u00e4zkom ku kvalite robia z FMP inteligentn\u00fa vo\u013ebu pre spolo\u010dnosti, ktor\u00e9 chc\u00fa investova\u0165 do spo\u013eahliv\u00fdch hydraulick\u00fdch rie\u0161en\u00ed.<\/p>","protected":false},"excerpt":{"rendered":"<p>Professional Craftsmanship Telescopic Double Acting Hydraulic Cylinder For Dump Truck Our Telescopic Double Acting Hydraulic Cylinder is designed with professional craftsmanship, specifically for Dump Trucks. Manufactured by FMP, an industry leader located in Italy City, this hydraulic cylinder is guaranteed to provide reliable and efficient performance. Its key features include its multistage structure, high thrust [&hellip;]<\/p>","protected":false},"featured_media":6751,"comment_status":"closed","ping_status":"closed","template":"","meta":{"_et_pb_use_builder":"","_et_pb_old_content":"","_et_gb_content_width":""},"product_brand":[],"product_cat":[103],"product_tag":[34,105],"class_list":{"0":"post-6539","1":"product","2":"type-product","3":"status-publish","4":"has-post-thumbnail","6":"product_cat-telescopic-hydraulic-cylinders","7":"product_tag-hydraulic-cylinder","8":"product_tag-telescopic-hydraulic-cylinders","10":"first","11":"instock","12":"product-type-simple"},"_links":{"self":[{"href":"https:\/\/fmp-components.com\/sk\/wp-json\/wp\/v2\/product\/6539","targetHints":{"allow":["GET"]}}],"collection":[{"href":"https:\/\/fmp-components.com\/sk\/wp-json\/wp\/v2\/product"}],"about":[{"href":"https:\/\/fmp-components.com\/sk\/wp-json\/wp\/v2\/types\/product"}],"replies":[{"embeddable":true,"href":"https:\/\/fmp-components.com\/sk\/wp-json\/wp\/v2\/comments?post=6539"}],"wp:featuredmedia":[{"embeddable":true,"href":"https:\/\/fmp-components.com\/sk\/wp-json\/wp\/v2\/media\/6751"}],"wp:attachment":[{"href":"https:\/\/fmp-components.com\/sk\/wp-json\/wp\/v2\/media?parent=6539"}],"wp:term":[{"taxonomy":"product_brand","embeddable":true,"href":"https:\/\/fmp-components.com\/sk\/wp-json\/wp\/v2\/product_brand?post=6539"},{"taxonomy":"product_cat","embeddable":true,"href":"https:\/\/fmp-components.com\/sk\/wp-json\/wp\/v2\/product_cat?post=6539"},{"taxonomy":"product_tag","embeddable":true,"href":"https:\/\/fmp-components.com\/sk\/wp-json\/wp\/v2\/product_tag?post=6539"}],"curies":[{"name":"pracovn\u00fd list","href":"https:\/\/api.w.org\/{rel}","templated":true}]}}