{"id":6531,"date":"2025-03-11T06:28:19","date_gmt":"2025-03-11T06:28:19","guid":{"rendered":"https:\/\/fmp-components.com\/product\/quality-assurance-dump-truck-hydraulic-hoist-cylinder-4-stage-small-dump-truck-hydraulic-cylinder"},"modified":"2025-03-18T01:06:05","modified_gmt":"2025-03-18T01:06:05","slug":"quality-assurance-dump-truck-hydraulic-hoist-cylinder-4-stage-small-dump-truck-hydraulic-cylinder","status":"publish","type":"product","link":"https:\/\/fmp-components.com\/sk\/product\/quality-assurance-dump-truck-hydraulic-hoist-cylinder-4-stage-small-dump-truck-hydraulic-cylinder\/","title":{"rendered":"Hydraulick\u00fd zdv\u00edhac\u00ed valec pre skl\u00e1pa\u010de so zabezpe\u010den\u00edm kvality, 4-stup\u0148ov\u00fd hydraulick\u00fd valec pre mal\u00e9 skl\u00e1pa\u010de"},"content":{"rendered":"<h2>Hydraulick\u00fd zdv\u00edhac\u00ed valec pre skl\u00e1pa\u010de so zabezpe\u010den\u00edm kvality, 4-stup\u0148ov\u00fd hydraulick\u00fd valec pre mal\u00e9 skl\u00e1pa\u010de<\/h2>\n<p>N\u00e1\u0161 4-stup\u0148ov\u00fd hydraulick\u00fd valec pre mal\u00e9 skl\u00e1pa\u010de je kvalitn\u00fd produkt, ktor\u00fd zais\u0165uje optim\u00e1lny v\u00fdkon. Ide o nov\u00fd produkt, ktor\u00fd bude uveden\u00fd na trh v roku 2025, s 1-ro\u010dnou z\u00e1rukou. Tento hydraulick\u00fd valec je ur\u010den\u00fd na pou\u017eitie v opravovniach strojov, na farm\u00e1ch, v energetickom a \u0165a\u017eobnom priemysle, pri v\u00fdrobe strojov a v stroj\u00e1r\u0148ach.<\/p>\n<h3>Vlastnosti a v\u00fdhody<\/h3>\n<ul>\n<li>M\u00e1 \u0161tandardn\u00fa \u0161trukt\u00faru piestov\u00e9ho valca s hydraulick\u00fdm pohonom.<\/li>\n<li>Je vyroben\u00fd z ocele, \u010do zvy\u0161uje jeho odolnos\u0165.<\/li>\n<li>M\u00e1 maxim\u00e1lny \u0165ah 3000 a maxim\u00e1lny \u0165ah 20 ton.<\/li>\n<li>Je to viacstup\u0148ov\u00fd hydraulick\u00fd valec s portami G\/SAE\/NPT\/M.<\/li>\n<li>Je certifikovan\u00fd pod\u013ea normy ISO9001:2000 pre zabezpe\u010denie kvality.<\/li>\n<li>Ve\u013ekos\u0165 otvoru je 2-6 palcov, ve\u013ekos\u0165 ty\u010de je 1,125-4 palce a ve\u013ekos\u0165 zdvihu je 4-100 palcov.<\/li>\n<\/ul>\n<h2>Technick\u00e9 \u0161pecifik\u00e1cie<\/h2>\n<table style=\"width: 100.336%;\" border=\"\">\n<tbody>\n<tr>\n<th style=\"width: 42.9185%;\">N\u00e1zov produktu<\/th>\n<td style=\"width: 348.498%;\">Teleskopick\u00fd valec<\/td>\n<\/tr>\n<tr>\n<th style=\"width: 42.9185%;\">Certifik\u00e1cia<\/th>\n<td style=\"width: 348.498%;\">ISO9001:2000<\/td>\n<\/tr>\n<tr>\n<th style=\"width: 42.9185%;\">Ve\u013ekos\u0165 otvoru<\/th>\n<td style=\"width: 348.498%;\">2-6 palcov<\/td>\n<\/tr>\n<tr>\n<th style=\"width: 42.9185%;\">Ve\u013ekos\u0165 ty\u010de<\/th>\n<td style=\"width: 348.498%;\">1,125-4 palca<\/td>\n<\/tr>\n<tr>\n<th style=\"width: 42.9185%;\">Ve\u013ekos\u0165 \u0165ahu<\/th>\n<td style=\"width: 348.498%;\">4-100 palcov<\/td>\n<\/tr>\n<tr>\n<th style=\"width: 42.9185%;\">Ve\u013ekos\u0165 \u010dapu<\/th>\n<td style=\"width: 348.498%;\">0,5-2 palce<\/td>\n<\/tr>\n<tr>\n<th style=\"width: 42.9185%;\">Porty<\/th>\n<td style=\"width: 348.498%;\">G\/SAE\/NPT\/M<\/td>\n<\/tr>\n<\/tbody>\n<\/table>\n<h2>Jedine\u010dn\u00e9 vlastnosti a v\u00fdhody<\/h2>\n<p>N\u00e1\u0161 hydraulick\u00fd valec vynik\u00e1 svojou energetickou \u00fa\u010dinnos\u0165ou, vysok\u00fdm v\u00fdkonom a bezpe\u010dnos\u0165ou. Pon\u00faka tie\u017e \u0161irok\u00fa \u0161k\u00e1lu aplik\u00e1ci\u00ed, v\u010faka \u010domu je v\u0161estrannou vo\u013ebou pre r\u00f4zne odvetvia.<\/p>\n<h2>Hydraulick\u00e9 syst\u00e9my a princ\u00edpy fungovania<\/h2>\n<p>N\u00e1\u0161 hydraulick\u00fd valec funguje na z\u00e1kladnom princ\u00edpe sily tlakovej kvapaliny, ktor\u00e1 je nevyhnutn\u00e1 na generovanie sily a u\u013eah\u010denie pohybu. Tento princ\u00edp je zalo\u017een\u00fd na my\u0161lienke, \u017ee kvapaliny pod tlakom dok\u00e1\u017eu pren\u00e1\u0161a\u0165 silu efekt\u00edvne a \u00fa\u010dinne. V na\u0161om hydraulickom valci sa tlakov\u00e1 hydraulick\u00e1 kvapalina priv\u00e1dza do uzavretej komory, kde p\u00f4sob\u00ed na piest. T\u00e1to interakcia generuje zna\u010dn\u00fa silu, ktor\u00e1 umo\u017e\u0148uje valcu vykon\u00e1va\u0165 r\u00f4zne \u00falohy.<\/p>\n<p>Ako neoddelite\u013en\u00e1 s\u00fa\u010das\u0165 hydraulick\u00e9ho syst\u00e9mu zohr\u00e1va hydraulick\u00fd valec k\u013e\u00fa\u010dov\u00fa \u00falohu pri premene hydraulickej energie na mechanick\u00fa energiu. Ke\u010f sa hydraulick\u00e1 kvapalina \u010derp\u00e1 do valca, vytv\u00e1ra tlak, ktor\u00fd tla\u010d\u00ed piest v line\u00e1rnom smere. Tento pohyb sa premie\u0148a na mechanick\u00fa silu, ktor\u00e1 umo\u017e\u0148uje valcu zdv\u00edha\u0165, tla\u010di\u0165 alebo \u0165aha\u0165 \u0165a\u017ek\u00e9 bremen\u00e1 s pozoruhodnou presnos\u0165ou a kontrolou. Schopnos\u0165 vyu\u017ei\u0165 hydraulick\u00fa energiu t\u00fdmto sp\u00f4sobom rob\u00ed z hydraulick\u00fdch valcov nepostr\u00e1date\u013en\u00fd n\u00e1stroj v mnoh\u00fdch priemyseln\u00fdch aplik\u00e1ci\u00e1ch.<\/p>\n<p><img loading=\"lazy\" decoding=\"async\" class=\"alignnone wp-image-6664\" src=\"https:\/\/fmp-components.com\/wp-content\/uploads\/2025\/03\/telescopic-hydraulic-cylinder-8.webp\" alt=\"teleskopick\u00fd hydraulick\u00fd valec\" width=\"928\" height=\"928\" title=\"\" srcset=\"https:\/\/fmp-components.com\/wp-content\/uploads\/2025\/03\/telescopic-hydraulic-cylinder-8.webp 928w, https:\/\/fmp-components.com\/wp-content\/uploads\/2025\/03\/telescopic-hydraulic-cylinder-8-480x480.webp 480w\" sizes=\"(min-width: 0px) and (max-width: 480px) 480px, (min-width: 481px) 928px, 100vw\" \/><\/p>\n<p>\u00da\u010dinnos\u0165 n\u00e1\u0161ho hydraulick\u00e9ho valca pramen\u00ed z jeho kon\u0161trukcie, ktor\u00e1 maximalizuje prenos energie z kvapaliny do mechanick\u00e9ho pohybu. Pou\u017eit\u00edm nestla\u010dite\u013en\u00fdch kvapal\u00edn syst\u00e9m zabezpe\u010duje, \u017ee aj mal\u00e9 zmeny tlaku m\u00f4\u017eu vies\u0165 k v\u00fdznamn\u00e9mu pohybu, \u010do poskytuje siln\u00fa v\u00fdhodu pri \u00faloh\u00e1ch vy\u017eaduj\u00facich vysok\u00fa silu s minim\u00e1lnym vstupn\u00fdm \u00fasil\u00edm. T\u00e1to \u00fa\u010dinnos\u0165 nielen zvy\u0161uje v\u00fdkon, ale prispieva aj k dlh\u0161ej \u017eivotnosti hydraulick\u00e9ho syst\u00e9mu, preto\u017ee zni\u017euje opotrebovanie komponentov.<\/p>\n<p>Stru\u010dne povedan\u00e9, n\u00e1\u0161 hydraulick\u00fd valec je pr\u00edkladom efekt\u00edvneho vyu\u017eitia sily tlakovej kvapaliny na generovanie sily a vytv\u00e1ranie pohybu. Jeho \u00faloha v hydraulickom syst\u00e9me zd\u00f4raz\u0148uje jeho d\u00f4le\u017eitos\u0165 pri premene hydraulickej energie na mechanick\u00fa energiu, \u010do mu umo\u017e\u0148uje vykon\u00e1va\u0165 \u0161irok\u00fa \u0161k\u00e1lu \u00faloh v r\u00f4znych odvetviach. Princ\u00edpy, ktor\u00e9 s\u00fa z\u00e1kladom jeho fungovania, zabezpe\u010duj\u00fa, \u017ee na\u0161e hydraulick\u00e9 valce poskytuj\u00fa spo\u013eahliv\u00fd v\u00fdkon, v\u010faka \u010domu s\u00fa nevyhnutnou vo\u013ebou pre ak\u00fako\u013evek aplik\u00e1ciu, ktor\u00e1 vy\u017eaduje pevnos\u0165 a \u00fa\u010dinnos\u0165.<\/p>\n<p><img loading=\"lazy\" decoding=\"async\" class=\"alignnone wp-image-6663\" src=\"https:\/\/fmp-components.com\/wp-content\/uploads\/2025\/03\/telescopic-hydraulic-cylinder-11.webp\" alt=\"teleskopick\u00fd hydraulick\u00fd valec\" width=\"923\" height=\"923\" title=\"\" srcset=\"https:\/\/fmp-components.com\/wp-content\/uploads\/2025\/03\/telescopic-hydraulic-cylinder-11.webp 923w, https:\/\/fmp-components.com\/wp-content\/uploads\/2025\/03\/telescopic-hydraulic-cylinder-11-480x480.webp 480w\" sizes=\"(min-width: 0px) and (max-width: 480px) 480px, (min-width: 481px) 923px, 100vw\" \/><\/p>\n<h2>\u010casto kladen\u00e9 ot\u00e1zky<\/h2>\n<p><strong>Ot\u00e1zka: Ak\u00e1 je dodacia lehota? <\/strong><br \/>\nA: V\u0161eobecn\u00e1 dodacia lehota je 25-35 dn\u00ed.<\/p>\n<p><strong>Ot\u00e1zka: Poskytujete vzorky? <\/strong><br \/>\nA: \u00c1no, poskytujeme vzorky, ale nie s\u00fa zadarmo.<\/p>\n<p><strong>Ot\u00e1zka: M\u00f4\u017eete vyrobi\u0165 pod\u013ea vzoriek? <\/strong><br \/>\nA: \u00c1no, vieme vyrobi\u0165 pod\u013ea va\u0161ich vzoriek alebo technick\u00fdch v\u00fdkresov. Vieme vyrobi\u0165 formy a up\u00ednacie pr\u00edpravky.<\/p>\n<h3>O FMP<\/h3>\n<p>FMP je popredn\u00fd taliansky v\u00fdrobca \u0161pecializuj\u00faci sa na n\u00e1vrh, v\u00fdvoj a v\u00fdrobu hydraulick\u00fdch valcov najvy\u0161\u0161ej kvality. S dedi\u010dstvom vybudovan\u00fdm na desa\u0165ro\u010diach odborn\u00fdch znalost\u00ed bezprobl\u00e9movo sp\u00e1jame talianske remeseln\u00e9 spracovanie s najmodernej\u0161\u00edmi technol\u00f3giami a dod\u00e1vame v\u00fdnimo\u010dn\u00e9 hydraulick\u00e9 rie\u0161enia prisp\u00f4soben\u00e9 rozmanit\u00fdm potreb\u00e1m na\u0161ich glob\u00e1lnych klientov. Spolo\u010dnos\u0165 FMP so s\u00eddlom v Taliansku \u2013 epicentre in\u017einierskej excelentnosti \u2013 sa etablovala ako d\u00f4veryhodn\u00e9 meno v hydraulickom priemysle, ktor\u00e9 sa venuje poskytovaniu spo\u013eahliv\u00fdch, odoln\u00fdch a inovat\u00edvnych produktov, ktor\u00e9 posil\u0148uj\u00fa podniky na celom svete.<\/p>\n<p>Na\u0161a spolo\u010dnos\u0165 sp\u00e1ja pokro\u010dil\u00e9 v\u00fdrobn\u00e9 trad\u00edcie s progres\u00edvnym pr\u00edstupom. V\u010faka rozsiahlym sk\u00fasenostiam v oblasti hydraulick\u00fdch syst\u00e9mov sa spolo\u010dnos\u0165 FMP transformovala na modern\u00fd podnik, ktor\u00fd vynik\u00e1 vo v\u00fdskume, dizajne a v\u00fdrobe. Pon\u00fakame \u0161irok\u00fa \u0161k\u00e1lu hydraulick\u00fdch valcov vr\u00e1tane dvoj\u010dinn\u00fdch valcov, zdv\u00edhac\u00edch valcov pre automobily, valcov pre po\u013enohospod\u00e1rske stroje a na mieru vyroben\u00fdch rie\u0161en\u00ed pre r\u00f4zne priemyseln\u00e9 aplik\u00e1cie. Bez oh\u013eadu na odvetvie \u2013 \u010di u\u017e ide o stavebn\u00edctvo, priemyseln\u00e9 in\u0161tal\u00e1cie, po\u013enohospod\u00e1rstvo alebo \u0165a\u017ek\u00e9 stroje \u2013 na\u0161e hydraulick\u00e9 valce s\u00fa skon\u0161truovan\u00e9 tak, aby fungovali v najn\u00e1ro\u010dnej\u0161\u00edch podmienkach a zabezpe\u010dovali bezpe\u010dnos\u0165, \u00fa\u010dinnos\u0165 a dlh\u00fa \u017eivotnos\u0165.<\/p>\n<p><img loading=\"lazy\" decoding=\"async\" class=\"alignnone size-full wp-image-6720\" src=\"https:\/\/fmp-components.com\/wp-content\/uploads\/2025\/03\/hydraulic-cylinder-8.webp\" alt=\"Teleskopick\u00e9 hydraulick\u00e9 valce\" width=\"933\" height=\"526\" title=\"\" srcset=\"https:\/\/fmp-components.com\/wp-content\/uploads\/2025\/03\/hydraulic-cylinder-8.webp 933w, https:\/\/fmp-components.com\/wp-content\/uploads\/2025\/03\/hydraulic-cylinder-8-480x271.webp 480w\" sizes=\"(min-width: 0px) and (max-width: 480px) 480px, (min-width: 481px) 933px, 100vw\" \/><\/p>\n<p>V spolo\u010dnosti FMP sme hrd\u00ed na na\u0161e najmodernej\u0161ie v\u00fdrobn\u00e9 zariadenia, ktor\u00e9 s\u00fa vybaven\u00e9 presn\u00fdmi strojmi a pokro\u010dil\u00fdmi testovac\u00edmi syst\u00e9mami. Na\u0161e v\u00fdrobn\u00e9 procesy sp\u013a\u0148aj\u00fa pr\u00edsne n\u00e1rodn\u00e9 a medzin\u00e1rodn\u00e9 normy, \u010do zabezpe\u010duje, \u017ee ka\u017ed\u00fd vyroben\u00fd hydraulick\u00fd valec je najvy\u0161\u0161ej kvality a spo\u013eahlivosti. N\u00e1\u0161 sk\u00fasen\u00fd technick\u00fd t\u00edm v kombin\u00e1cii s najmodernej\u0161\u00edm vybaven\u00edm n\u00e1m umo\u017e\u0148uje udr\u017eiava\u0165 pr\u00edsnu kontrolu kvality v ka\u017edej f\u00e1ze v\u00fdroby \u2013 od v\u00fdberu surov\u00edn a\u017e po kone\u010dn\u00fa kontrolu. Tento z\u00e1v\u00e4zok k dokonalosti n\u00e1m vyniesol certifik\u00e1cie a uznanie od priemyseln\u00fdch autor\u00edt, \u010do \u010falej upev\u0148uje na\u0161u reput\u00e1ciu spo\u013eahliv\u00e9ho partnera.<\/p>\n<p>Na\u0161e poslanie je priamo\u010diare aj ambici\u00f3zne: poskytova\u0165 na\u0161im z\u00e1kazn\u00edkom hydraulick\u00e9 valce, ktor\u00e9 prekon\u00e1vaj\u00fa o\u010dak\u00e1vania v oblasti v\u00fdkonu, odolnosti a hodnoty. Pracujeme pod\u013ea z\u00e1kladn\u00fdch princ\u00edpov profesionality, integrity a zamerania sa na z\u00e1kazn\u00edka. Podporou kult\u00fary inov\u00e1ci\u00ed a presnosti neust\u00e1le zdokona\u013eujeme na\u0161e produkty, aby sme si udr\u017eali n\u00e1skok na konkuren\u010dnom trhu. N\u00e1\u0161 komplexn\u00fd sortiment produktov a schopnos\u0165 pon\u00faka\u0165 rie\u0161enia na mieru z n\u00e1s robia preferovan\u00fa vo\u013ebu pre firmy, ktor\u00e9 h\u013eadaj\u00fa vysoko v\u00fdkonn\u00e9 hydraulick\u00e9 valce.<\/p>\n<p>FMP je viac ne\u017e len v\u00fdrobca; sme partnerom vo va\u0161om \u00faspechu. Ch\u00e1peme, \u017ee na\u0161i z\u00e1kazn\u00edci sa na n\u00e1s spoliehaj\u00fa, \u017ee im poskytneme n\u00e1stroje, ktor\u00e9 zvy\u0161uj\u00fa produktivitu a bezpe\u010dnos\u0165. Preto sa zav\u00e4zujeme nielen dod\u00e1va\u0165 \u0161pi\u010dkov\u00e9 produkty, ale aj pon\u00faka\u0165 v\u00fdnimo\u010dn\u00fd servis. Od po\u010diato\u010dn\u00fdch konzult\u00e1ci\u00ed a\u017e po popredajn\u00fa podporu \u00fazko spolupracujeme s na\u0161imi klientmi, aby sme zabezpe\u010dili, \u017ee ich potreby bud\u00fa splnen\u00e9 s profesionalitou a starostlivos\u0165ou. Na\u0161e konkurencieschopn\u00e9 ceny v kombin\u00e1cii s na\u0161\u00edm neochvejn\u00fdm z\u00e1v\u00e4zkom ku kvalite robia z FMP inteligentn\u00fa vo\u013ebu pre spolo\u010dnosti, ktor\u00e9 chc\u00fa investova\u0165 do spo\u013eahliv\u00fdch hydraulick\u00fdch rie\u0161en\u00ed.<\/p>","protected":false},"excerpt":{"rendered":"<p>Quality Assurance Dump Truck Hydraulic Hoist Cylinder 4 Stage Small Dump Truck Hydraulic Cylinder Our 4 Stage Small Dump Truck hydraulic cylinder is a quality assured product that ensures optimal performance. It is a new product, launching in 2025, with a 1-year warranty. This hydraulic cylinder is designed for use in machinery repair shops, farms, [&hellip;]<\/p>","protected":false},"featured_media":6696,"comment_status":"closed","ping_status":"closed","template":"","meta":{"_et_pb_use_builder":"","_et_pb_old_content":"","_et_gb_content_width":""},"product_brand":[],"product_cat":[103],"product_tag":[34,105],"class_list":{"0":"post-6531","1":"product","2":"type-product","3":"status-publish","4":"has-post-thumbnail","6":"product_cat-telescopic-hydraulic-cylinders","7":"product_tag-hydraulic-cylinder","8":"product_tag-telescopic-hydraulic-cylinders","10":"first","11":"instock","12":"product-type-simple"},"_links":{"self":[{"href":"https:\/\/fmp-components.com\/sk\/wp-json\/wp\/v2\/product\/6531","targetHints":{"allow":["GET"]}}],"collection":[{"href":"https:\/\/fmp-components.com\/sk\/wp-json\/wp\/v2\/product"}],"about":[{"href":"https:\/\/fmp-components.com\/sk\/wp-json\/wp\/v2\/types\/product"}],"replies":[{"embeddable":true,"href":"https:\/\/fmp-components.com\/sk\/wp-json\/wp\/v2\/comments?post=6531"}],"wp:featuredmedia":[{"embeddable":true,"href":"https:\/\/fmp-components.com\/sk\/wp-json\/wp\/v2\/media\/6696"}],"wp:attachment":[{"href":"https:\/\/fmp-components.com\/sk\/wp-json\/wp\/v2\/media?parent=6531"}],"wp:term":[{"taxonomy":"product_brand","embeddable":true,"href":"https:\/\/fmp-components.com\/sk\/wp-json\/wp\/v2\/product_brand?post=6531"},{"taxonomy":"product_cat","embeddable":true,"href":"https:\/\/fmp-components.com\/sk\/wp-json\/wp\/v2\/product_cat?post=6531"},{"taxonomy":"product_tag","embeddable":true,"href":"https:\/\/fmp-components.com\/sk\/wp-json\/wp\/v2\/product_tag?post=6531"}],"curies":[{"name":"pracovn\u00fd list","href":"https:\/\/api.w.org\/{rel}","templated":true}]}}