{"id":6529,"date":"2025-03-11T06:28:19","date_gmt":"2025-03-11T06:28:19","guid":{"rendered":"https:\/\/fmp-components.com\/product\/dump-trailer-truck-20-tons-100-ton-5-stage-telescopic-hydraulic-cylinder-with-long-stroke"},"modified":"2025-03-12T02:11:55","modified_gmt":"2025-03-12T02:11:55","slug":"dump-trailer-truck-20-tons-100-ton-5-stage-telescopic-hydraulic-cylinder-with-long-stroke","status":"publish","type":"product","link":"https:\/\/fmp-components.com\/sk\/product\/dump-trailer-truck-20-tons-100-ton-5-stage-telescopic-hydraulic-cylinder-with-long-stroke\/","title":{"rendered":"Skl\u00e1pac\u00ed pr\u00edves 20 ton 100 ton 5-stup\u0148ov\u00fd teleskopick\u00fd hydraulick\u00fd valec s dlh\u00fdm zdvihom"},"content":{"rendered":"<h2>Skl\u00e1pac\u00ed pr\u00edves 20 ton 100 ton 5-stup\u0148ov\u00fd teleskopick\u00fd hydraulick\u00fd valec s dlh\u00fdm zdvihom<\/h2>\n<p>5-stup\u0148ov\u00fd teleskopick\u00fd hydraulick\u00fd valec s dlh\u00fdm zdvihom je vysoko kvalitn\u00e9 a odoln\u00e9 zariadenie ur\u010den\u00e9 pre skl\u00e1pa\u010de. M\u00e1 nosnos\u0165 38 kg a dok\u00e1\u017ee doda\u0165 maxim\u00e1lny \u0165ah 3000 a \u0165ah a\u017e 20 ton. Tento hydraulick\u00fd valec je ide\u00e1lny na pou\u017eitie v r\u00f4znych odvetviach vr\u00e1tane opravovn\u00ed strojov, fariem, energetiky a ban\u00edctva a v\u00fdroby strojov.<\/p>\n<p><img loading=\"lazy\" decoding=\"async\" class=\"alignnone  wp-image-6664\" src=\"https:\/\/fmp-components.com\/wp-content\/uploads\/2025\/03\/telescopic-hydraulic-cylinder-8.webp\" alt=\"teleskopick\u00fd hydraulick\u00fd valec\" width=\"873\" height=\"873\" title=\"\" srcset=\"https:\/\/fmp-components.com\/wp-content\/uploads\/2025\/03\/telescopic-hydraulic-cylinder-8.webp 873w, https:\/\/fmp-components.com\/wp-content\/uploads\/2025\/03\/telescopic-hydraulic-cylinder-8-480x480.webp 480w\" sizes=\"(min-width: 0px) and (max-width: 480px) 480px, (min-width: 481px) 873px, 100vw\" \/><\/p>\n<h3>K\u013e\u00fa\u010dov\u00e9 \u0161pecifik\u00e1cie produktu<\/h3>\n<table style=\"width: 102.38%;\" border=\"\">\n<tbody>\n<tr>\n<td style=\"width: 41.5179%;\">N\u00e1zov produktu<\/td>\n<td style=\"width: 381.25%;\">Teleskopick\u00fd valec<\/td>\n<\/tr>\n<tr>\n<td style=\"width: 41.5179%;\">Certifik\u00e1cia<\/td>\n<td style=\"width: 381.25%;\">ISO9001:2000<\/td>\n<\/tr>\n<tr>\n<td style=\"width: 41.5179%;\">Ve\u013ekos\u0165 otvoru<\/td>\n<td style=\"width: 381.25%;\">2-6 palcov<\/td>\n<\/tr>\n<tr>\n<td style=\"width: 41.5179%;\">Ve\u013ekos\u0165 ty\u010de<\/td>\n<td style=\"width: 381.25%;\">1,125-4 palca<\/td>\n<\/tr>\n<tr>\n<td style=\"width: 41.5179%;\">Ve\u013ekos\u0165 \u0165ahu<\/td>\n<td style=\"width: 381.25%;\">4-100 palcov<\/td>\n<\/tr>\n<tr>\n<td style=\"width: 41.5179%;\">Ve\u013ekos\u0165 \u010dapu<\/td>\n<td style=\"width: 381.25%;\">0,5-2 palce<\/td>\n<\/tr>\n<tr>\n<td style=\"width: 41.5179%;\">Porty<\/td>\n<td style=\"width: 381.25%;\">G\/SAE\/NPT\/M<\/td>\n<\/tr>\n<\/tbody>\n<\/table>\n<h2>Pozoruhodn\u00e9 vlastnosti a v\u00fdhody<\/h2>\n<p>Tento viacstup\u0148ov\u00fd hydraulick\u00fd valec je starostlivo navrhnut\u00fd s d\u00f4razom na \u00fasporu energie, \u00fa\u010dinnos\u0165 a bezpe\u010dnos\u0165. Jeho kon\u0161trukcia obsahuje nieko\u013eko pozoruhodn\u00fdch prvkov, ktor\u00e9 zvy\u0161uj\u00fa jeho funk\u010dnos\u0165 a spo\u013eahlivos\u0165. Jedn\u00fdm z k\u013e\u00fa\u010dov\u00fdch komponentov je lo\u017eisko, ktor\u00e9 zais\u0165uje plynul\u00fd chod a zni\u017euje trenie, \u010d\u00edm predl\u017euje \u017eivotnos\u0165 valca. Telo valca je vyroben\u00e9 z robustnej ocele, ktor\u00e1 je zn\u00e1ma svojou v\u00fdnimo\u010dnou pevnos\u0165ou a odolnos\u0165ou. T\u00e1to vo\u013eba materi\u00e1lu nielen predl\u017euje \u017eivotnos\u0165 valca, ale tie\u017e zais\u0165uje, \u017ee odol\u00e1 n\u00e1ro\u010dn\u00fdm pracovn\u00fdm podmienkam bez kompromisov vo v\u00fdkone.<\/p>\n<p>Tento hydraulick\u00fd valec navy\u0161e sp\u013a\u0148a certifik\u00e1ciu ISO 9001:2000, \u010do sved\u010d\u00ed o jeho dodr\u017eiavan\u00ed vysok\u00fdch \u0161tandardov kvality. T\u00e1to certifik\u00e1cia odr\u00e1\u017ea n\u00e1\u0161 z\u00e1v\u00e4zok k syst\u00e9mom riadenia kvality a neust\u00e1lemu zlep\u0161ovaniu a zaru\u010duje z\u00e1kazn\u00edkom, \u017ee investuj\u00fa do spo\u013eahliv\u00e9ho a efekt\u00edvneho produktu. Kombin\u00e1cia t\u00fdchto vlastnost\u00ed rob\u00ed z n\u00e1\u0161ho viacstup\u0148ov\u00e9ho hydraulick\u00e9ho valca spo\u013eahliv\u00fa vo\u013ebu pre r\u00f4zne priemyseln\u00e9 aplik\u00e1cie.<\/p>\n<h2>Hydraulick\u00fd syst\u00e9m a princ\u00edp \u010dinnosti<\/h2>\n<p>Hydraulick\u00fd valec funguje na z\u00e1kladnom princ\u00edpe premeny hydraulickej energie na mechanick\u00fd pohyb. Vyu\u017e\u00edva silu tlakovej kvapaliny na generovanie zna\u010dnej sily a pohybu, \u010do je nevyhnutn\u00e9 pre \u0161irok\u00fa \u0161k\u00e1lu mechanick\u00fdch oper\u00e1ci\u00ed. Ke\u010f sa hydraulick\u00e1 kvapalina zavedie do valca, vytvor\u00ed tlak, ktor\u00fd p\u00f4sob\u00ed na piest vo vn\u00fatri. Tento tlak sp\u00f4sob\u00ed pohyb piesta a premen\u00ed hydraulick\u00fa energiu na line\u00e1rny pohyb. Tento efekt\u00edvny proces premeny je to, \u010do rob\u00ed hydraulick\u00e9 syst\u00e9my tak \u00fa\u010dinn\u00fdmi pri \u00faloh\u00e1ch, ktor\u00e9 vy\u017eaduj\u00fa pevnos\u0165 a presnos\u0165.<\/p>\n<p>Schopnos\u0165 hydraulick\u00e9ho valca generova\u0165 silu prostredn\u00edctvom tlaku kvapaliny mu umo\u017e\u0148uje vykon\u00e1va\u0165 r\u00f4zne \u010dinnosti, ako je zdv\u00edhanie, tla\u010denie alebo \u0165ahanie \u0165a\u017ek\u00fdch bremien. Tento princ\u00edp nielen zvy\u0161uje efektivitu prev\u00e1dzky, ale prispieva aj k celkovej bezpe\u010dnosti a spo\u013eahlivosti strojov, v ktor\u00fdch sa pou\u017e\u00edva.<\/p>\n<p><img loading=\"lazy\" decoding=\"async\" class=\"alignnone  wp-image-6665\" src=\"https:\/\/fmp-components.com\/wp-content\/uploads\/2025\/03\/telescopic-hydraulic-cylinder-9.webp\" alt=\"teleskopick\u00fd hydraulick\u00fd valec\" width=\"874\" height=\"874\" title=\"\" srcset=\"https:\/\/fmp-components.com\/wp-content\/uploads\/2025\/03\/telescopic-hydraulic-cylinder-9.webp 874w, https:\/\/fmp-components.com\/wp-content\/uploads\/2025\/03\/telescopic-hydraulic-cylinder-9-480x480.webp 480w\" sizes=\"(min-width: 0px) and (max-width: 480px) 480px, (min-width: 481px) 874px, 100vw\" \/><\/p>\n<h2>Pou\u017eitie hydraulick\u00e9ho valca<\/h2>\n<p>V\u010faka svojej p\u00f4sobivej kapacite a dizajnu je tento hydraulick\u00fd valec najvhodnej\u0161\u00ed pre n\u00e1ro\u010dn\u00e9 aplik\u00e1cie v r\u00f4znych odvetviach. Vynik\u00e1 v stroj\u00e1rstve, energetickom a ban\u00edckom sektore, ako aj v po\u013enohospod\u00e1rstve. V\u010faka dlh\u00e9mu zdvihu a maxim\u00e1lnej \u0165a\u017enej kapacite 20 ton je tento valec ide\u00e1lne vybaven\u00fd na \u013eahk\u00fa manipul\u00e1ciu s ve\u013ek\u00fdmi bremenami. Jeho robustn\u00e1 kon\u0161trukcia a vysok\u00fd v\u00fdkon z neho robia nepostr\u00e1date\u013en\u00fd n\u00e1stroj v prev\u00e1dzkach, ktor\u00e9 vy\u017eaduj\u00fa spo\u013eahliv\u00e9 zdv\u00edhanie a premiest\u0148ovanie \u0165a\u017ek\u00fdch materi\u00e1lov.<\/p>\n<p>\u010ci u\u017e ide o zdv\u00edhanie ve\u013ek\u00fdch strojn\u00fdch komponentov, pomoc pri bansk\u00fdch oper\u00e1ci\u00e1ch alebo u\u013eah\u010denie po\u013enohospod\u00e1rskych \u00faloh, ako je zdv\u00edhanie zariaden\u00ed alebo \u0165a\u017ek\u00fdch bremien, tento hydraulick\u00fd valec poskytuje v\u00fdnimo\u010dn\u00fd v\u00fdkon. Jeho v\u0161estrannos\u0165 zaru\u010duje, \u017ee sa dok\u00e1\u017ee prisp\u00f4sobi\u0165 r\u00f4znym aplik\u00e1ci\u00e1m, v\u010faka \u010domu je preferovanou vo\u013ebou pre profesion\u00e1lov v mnoh\u00fdch odvetviach.<\/p>\n<h2>Hydraulick\u00e9 valce a pohonn\u00e9 jednotky<\/h2>\n<p>Hydraulick\u00fd valec a pohonn\u00e1 jednotka s\u00fa k\u013e\u00fa\u010dov\u00fdmi s\u00fa\u010das\u0165ami ka\u017ed\u00e9ho hydraulick\u00e9ho syst\u00e9mu. Ich kombinovan\u00e1 funk\u010dnos\u0165 zabezpe\u010duje \u0161irok\u00e9 uplatnenie hydraulickej technol\u00f3gie v priemyselnom sektore a poskytuje spo\u013eahliv\u00fa podporu nap\u00e1jania a riadenia pre r\u00f4zne technick\u00e9 a mechanick\u00e9 zariadenia. Hydraulick\u00fd valec sl\u00fa\u017ei ako v\u00fdkonn\u00fd prvok zodpovedn\u00fd za premenu hydraulickej energie na mechanick\u00fd pohyb, \u010do umo\u017e\u0148uje efekt\u00edvne vykon\u00e1vanie \u0161irokej \u0161k\u00e1ly \u00faloh.<\/p>\n<p>Medzit\u00fdm pohonn\u00e1 jednotka funguje ako jadro hydraulick\u00e9ho syst\u00e9mu, generuje energiu potrebn\u00fa na pohon hydraulickej kvapaliny a poskytuje riadiace sign\u00e1ly potrebn\u00e9 na prev\u00e1dzku. Pohonn\u00e1 jednotka sa zvy\u010dajne sklad\u00e1 z motora, \u010derpadla, z\u00e1sobn\u00edka a regula\u010dn\u00fdch ventilov, ktor\u00e9 v\u0161etky pracuj\u00fa v harm\u00f3nii, aby udr\u017eiavali konzistentn\u00fd tlak a prietok v syst\u00e9me.<\/p>\n<p>Koordinovan\u00e1 spolupr\u00e1ca medzi hydraulick\u00fdm valcom a pohonnou jednotkou je nevyhnutn\u00e1 pre bezprobl\u00e9mov\u00fa prev\u00e1dzku hydraulick\u00e9ho syst\u00e9mu. Spolo\u010dne zabezpe\u010duj\u00fa spo\u013eahliv\u00fa a efekt\u00edvnu prev\u00e1dzku priemyseln\u00fdch strojov, \u010d\u00edm zvy\u0161uj\u00fa produktivitu a bezpe\u010dnos\u0165. V spolo\u010dnosti FMP tie\u017e pon\u00fakame na predaj vysokokvalitn\u00e9 pohonn\u00e9 jednotky, ktor\u00e9 na\u0161im z\u00e1kazn\u00edkom umo\u017e\u0148uj\u00fa vytv\u00e1ra\u0165 plne integrovan\u00e9 hydraulick\u00e9 syst\u00e9my prisp\u00f4soben\u00e9 ich \u0161pecifick\u00fdm potreb\u00e1m. Tento komplexn\u00fd pr\u00edstup zabezpe\u010duje, \u017ee podniky m\u00f4\u017eu naplno vyu\u017ei\u0165 v\u00fdhody hydraulickej technol\u00f3gie a umo\u017e\u0148uj\u00fa im s istotou dosiahnu\u0165 svoje prev\u00e1dzkov\u00e9 ciele.<\/p>\n<p><img loading=\"lazy\" decoding=\"async\" class=\"alignnone  wp-image-6717\" src=\"https:\/\/fmp-components.com\/wp-content\/uploads\/2025\/03\/hydraulic-cylinder-211.webp\" alt=\"Hydraulick\u00e9 valce\" width=\"923\" height=\"925\" title=\"\" srcset=\"https:\/\/fmp-components.com\/wp-content\/uploads\/2025\/03\/hydraulic-cylinder-211.webp 923w, https:\/\/fmp-components.com\/wp-content\/uploads\/2025\/03\/hydraulic-cylinder-211-480x481.webp 480w\" sizes=\"(min-width: 0px) and (max-width: 480px) 480px, (min-width: 481px) 923px, 100vw\" \/><\/p>\n<h3>\u010casto kladen\u00e9 ot\u00e1zky<\/h3>\n<p><strong>Ot\u00e1zka: Ste obchodn\u00e1 spolo\u010dnos\u0165 alebo v\u00fdrobca?<\/strong><br \/>\nA: Sme v\u00fdrobca.<\/p>\n<p><strong>Ot\u00e1zka: Ak\u00e1 je va\u0161a dodacia lehota?<\/strong><br \/>\nA: Vo v\u0161eobecnosti je to 25-35 dn\u00ed.<\/p>\n<p><strong>Ot\u00e1zka: Poskytujete vzorky? Je to zadarmo alebo navy\u0161e?<\/strong><br \/>\nA: \u00c1no, mohli by sme pon\u00faknu\u0165 vzorku, ale nie je zadarmo.<\/p>\n<h3>O FMP<\/h3>\n<p>FMP je popredn\u00fd taliansky v\u00fdrobca \u0161pecializuj\u00faci sa na n\u00e1vrh, v\u00fdvoj a v\u00fdrobu hydraulick\u00fdch valcov najvy\u0161\u0161ej kvality. S dedi\u010dstvom vybudovan\u00fdm na desa\u0165ro\u010diach odborn\u00fdch znalost\u00ed bezprobl\u00e9movo sp\u00e1jame talianske remeseln\u00e9 spracovanie s najmodernej\u0161\u00edmi technol\u00f3giami a dod\u00e1vame v\u00fdnimo\u010dn\u00e9 hydraulick\u00e9 rie\u0161enia prisp\u00f4soben\u00e9 rozmanit\u00fdm potreb\u00e1m na\u0161ich glob\u00e1lnych klientov. Spolo\u010dnos\u0165 FMP so s\u00eddlom v Taliansku \u2013 epicentre in\u017einierskej excelentnosti \u2013 sa etablovala ako d\u00f4veryhodn\u00e9 meno v hydraulickom priemysle, ktor\u00e9 sa venuje poskytovaniu spo\u013eahliv\u00fdch, odoln\u00fdch a inovat\u00edvnych produktov, ktor\u00e9 posil\u0148uj\u00fa podniky na celom svete.<\/p>\n<p>Na\u0161a spolo\u010dnos\u0165 sp\u00e1ja pokro\u010dil\u00e9 v\u00fdrobn\u00e9 trad\u00edcie s progres\u00edvnym pr\u00edstupom. V\u010faka rozsiahlym sk\u00fasenostiam v oblasti hydraulick\u00fdch syst\u00e9mov sa spolo\u010dnos\u0165 FMP transformovala na modern\u00fd podnik, ktor\u00fd vynik\u00e1 vo v\u00fdskume, dizajne a v\u00fdrobe. Pon\u00fakame \u0161irok\u00fa \u0161k\u00e1lu hydraulick\u00fdch valcov vr\u00e1tane dvoj\u010dinn\u00fdch valcov, zdv\u00edhac\u00edch valcov pre automobily, valcov pre po\u013enohospod\u00e1rske stroje a na mieru vyroben\u00fdch rie\u0161en\u00ed pre r\u00f4zne priemyseln\u00e9 aplik\u00e1cie. Bez oh\u013eadu na odvetvie \u2013 \u010di u\u017e ide o stavebn\u00edctvo, priemyseln\u00e9 in\u0161tal\u00e1cie, po\u013enohospod\u00e1rstvo alebo \u0165a\u017ek\u00e9 stroje \u2013 na\u0161e hydraulick\u00e9 valce s\u00fa skon\u0161truovan\u00e9 tak, aby fungovali v najn\u00e1ro\u010dnej\u0161\u00edch podmienkach a zabezpe\u010dovali bezpe\u010dnos\u0165, \u00fa\u010dinnos\u0165 a dlh\u00fa \u017eivotnos\u0165.<\/p>\n<p><img loading=\"lazy\" decoding=\"async\" class=\"alignnone size-full wp-image-6720\" src=\"https:\/\/fmp-components.com\/wp-content\/uploads\/2025\/03\/hydraulic-cylinder-8.webp\" alt=\"Teleskopick\u00e9 hydraulick\u00e9 valce\" width=\"933\" height=\"526\" title=\"\" srcset=\"https:\/\/fmp-components.com\/wp-content\/uploads\/2025\/03\/hydraulic-cylinder-8.webp 933w, https:\/\/fmp-components.com\/wp-content\/uploads\/2025\/03\/hydraulic-cylinder-8-480x271.webp 480w\" sizes=\"(min-width: 0px) and (max-width: 480px) 480px, (min-width: 481px) 933px, 100vw\" \/><\/p>\n<p>V spolo\u010dnosti FMP sme hrd\u00ed na na\u0161e najmodernej\u0161ie v\u00fdrobn\u00e9 zariadenia, ktor\u00e9 s\u00fa vybaven\u00e9 presn\u00fdmi strojmi a pokro\u010dil\u00fdmi testovac\u00edmi syst\u00e9mami. Na\u0161e v\u00fdrobn\u00e9 procesy sp\u013a\u0148aj\u00fa pr\u00edsne n\u00e1rodn\u00e9 a medzin\u00e1rodn\u00e9 normy, \u010do zabezpe\u010duje, \u017ee ka\u017ed\u00fd vyroben\u00fd hydraulick\u00fd valec je najvy\u0161\u0161ej kvality a spo\u013eahlivosti. N\u00e1\u0161 sk\u00fasen\u00fd technick\u00fd t\u00edm v kombin\u00e1cii s najmodernej\u0161\u00edm vybaven\u00edm n\u00e1m umo\u017e\u0148uje udr\u017eiava\u0165 pr\u00edsnu kontrolu kvality v ka\u017edej f\u00e1ze v\u00fdroby \u2013 od v\u00fdberu surov\u00edn a\u017e po kone\u010dn\u00fa kontrolu. Tento z\u00e1v\u00e4zok k dokonalosti n\u00e1m vyniesol certifik\u00e1cie a uznanie od priemyseln\u00fdch autor\u00edt, \u010do \u010falej upev\u0148uje na\u0161u reput\u00e1ciu spo\u013eahliv\u00e9ho partnera.<\/p>\n<p>Na\u0161e poslanie je priamo\u010diare aj ambici\u00f3zne: poskytova\u0165 na\u0161im z\u00e1kazn\u00edkom hydraulick\u00e9 valce, ktor\u00e9 prekon\u00e1vaj\u00fa o\u010dak\u00e1vania v oblasti v\u00fdkonu, odolnosti a hodnoty. Pracujeme pod\u013ea z\u00e1kladn\u00fdch princ\u00edpov profesionality, integrity a zamerania sa na z\u00e1kazn\u00edka. Podporou kult\u00fary inov\u00e1ci\u00ed a presnosti neust\u00e1le zdokona\u013eujeme na\u0161e produkty, aby sme si udr\u017eali n\u00e1skok na konkuren\u010dnom trhu. N\u00e1\u0161 komplexn\u00fd sortiment produktov a schopnos\u0165 pon\u00faka\u0165 rie\u0161enia na mieru z n\u00e1s robia preferovan\u00fa vo\u013ebu pre firmy, ktor\u00e9 h\u013eadaj\u00fa vysoko v\u00fdkonn\u00e9 hydraulick\u00e9 valce.<\/p>\n<p>FMP je viac ne\u017e len v\u00fdrobca; sme partnerom vo va\u0161om \u00faspechu. Ch\u00e1peme, \u017ee na\u0161i z\u00e1kazn\u00edci sa na n\u00e1s spoliehaj\u00fa, \u017ee im poskytneme n\u00e1stroje, ktor\u00e9 zvy\u0161uj\u00fa produktivitu a bezpe\u010dnos\u0165. Preto sa zav\u00e4zujeme nielen dod\u00e1va\u0165 \u0161pi\u010dkov\u00e9 produkty, ale aj pon\u00faka\u0165 v\u00fdnimo\u010dn\u00fd servis. Od po\u010diato\u010dn\u00fdch konzult\u00e1ci\u00ed a\u017e po popredajn\u00fa podporu \u00fazko spolupracujeme s na\u0161imi klientmi, aby sme zabezpe\u010dili, \u017ee ich potreby bud\u00fa splnen\u00e9 s profesionalitou a starostlivos\u0165ou. Na\u0161e konkurencieschopn\u00e9 ceny v kombin\u00e1cii s na\u0161\u00edm neochvejn\u00fdm z\u00e1v\u00e4zkom ku kvalite robia z FMP inteligentn\u00fa vo\u013ebu pre spolo\u010dnosti, ktor\u00e9 chc\u00fa investova\u0165 do spo\u013eahliv\u00fdch hydraulick\u00fdch rie\u0161en\u00ed.<\/p>","protected":false},"excerpt":{"rendered":"<p>Dump Trailer Truck 20 Tons 100 Ton 5 Stage Telescopic Hydraulic Cylinder with Long Stroke The 5 stage telescopic hydraulic cylinder with long stroke is a high-quality, heavy-duty piece of equipment designed for dump trailer trucks. It carries a weight of 38kg and can deliver a maximum thrust of 3000 and pull up to 20 [&hellip;]<\/p>","protected":false},"featured_media":6700,"comment_status":"closed","ping_status":"closed","template":"","meta":{"_et_pb_use_builder":"","_et_pb_old_content":"","_et_gb_content_width":""},"product_brand":[],"product_cat":[103],"product_tag":[34,105],"class_list":{"0":"post-6529","1":"product","2":"type-product","3":"status-publish","4":"has-post-thumbnail","6":"product_cat-telescopic-hydraulic-cylinders","7":"product_tag-hydraulic-cylinder","8":"product_tag-telescopic-hydraulic-cylinders","10":"first","11":"instock","12":"product-type-simple"},"_links":{"self":[{"href":"https:\/\/fmp-components.com\/sk\/wp-json\/wp\/v2\/product\/6529","targetHints":{"allow":["GET"]}}],"collection":[{"href":"https:\/\/fmp-components.com\/sk\/wp-json\/wp\/v2\/product"}],"about":[{"href":"https:\/\/fmp-components.com\/sk\/wp-json\/wp\/v2\/types\/product"}],"replies":[{"embeddable":true,"href":"https:\/\/fmp-components.com\/sk\/wp-json\/wp\/v2\/comments?post=6529"}],"wp:featuredmedia":[{"embeddable":true,"href":"https:\/\/fmp-components.com\/sk\/wp-json\/wp\/v2\/media\/6700"}],"wp:attachment":[{"href":"https:\/\/fmp-components.com\/sk\/wp-json\/wp\/v2\/media?parent=6529"}],"wp:term":[{"taxonomy":"product_brand","embeddable":true,"href":"https:\/\/fmp-components.com\/sk\/wp-json\/wp\/v2\/product_brand?post=6529"},{"taxonomy":"product_cat","embeddable":true,"href":"https:\/\/fmp-components.com\/sk\/wp-json\/wp\/v2\/product_cat?post=6529"},{"taxonomy":"product_tag","embeddable":true,"href":"https:\/\/fmp-components.com\/sk\/wp-json\/wp\/v2\/product_tag?post=6529"}],"curies":[{"name":"pracovn\u00fd list","href":"https:\/\/api.w.org\/{rel}","templated":true}]}}