{"id":6527,"date":"2025-03-11T06:28:19","date_gmt":"2025-03-11T06:28:19","guid":{"rendered":"https:\/\/fmp-components.com\/product\/excellent-quality-small-dump-truck-hydraulic-cylinder-multistage-hydraulic-cylinder"},"modified":"2025-03-18T01:59:01","modified_gmt":"2025-03-18T01:59:01","slug":"excellent-quality-small-dump-truck-hydraulic-cylinder-multistage-hydraulic-cylinder","status":"publish","type":"product","link":"https:\/\/fmp-components.com\/sk\/product\/excellent-quality-small-dump-truck-hydraulic-cylinder-multistage-hydraulic-cylinder\/","title":{"rendered":"Vynikaj\u00faci hydraulick\u00fd valec pre mal\u00e9 skl\u00e1pa\u010de, viacstup\u0148ov\u00fd hydraulick\u00fd valec"},"content":{"rendered":"<h2>Vynikaj\u00faci hydraulick\u00fd valec pre mal\u00e9 skl\u00e1pa\u010de, viacstup\u0148ov\u00fd hydraulick\u00fd valec<\/h2>\n<p>Spolo\u010dnos\u0165 FMP predstavuje \u0161pi\u010dkov\u00fd viacstup\u0148ov\u00fd hydraulick\u00fd valec pre mal\u00e9 skl\u00e1pa\u010de, produkt vynikaj\u00facej kvality navrhnut\u00fd pre optim\u00e1lny v\u00fdkon. Tento hydraulick\u00fd valec je k\u013e\u00fa\u010dovou s\u00fa\u010das\u0165ou v r\u00f4znych odvetviach, ako s\u00fa opravovne strojov, farmy, energetika a ban\u00edctvo, v\u00fdroba strojov a stroj\u00e1rne.<\/p>\n<h3>\u0160pecifik\u00e1cie produktu<\/h3>\n<p>N\u00e1\u0161 hydraulick\u00fd valec sa m\u00f4\u017ee pochv\u00e1li\u0165 robustn\u00fdm oce\u013eov\u00fdm telom, \u0161tandardnou kon\u0161trukciou a v\u00fdkonom odvoden\u00fdm z hydrauliky. Viacstup\u0148ov\u00fd hydraulick\u00fd valec m\u00e1 maxim\u00e1lny \u0165ah 3000, maxim\u00e1lny \u0165ah 20 ton a je dod\u00e1van\u00fd v elegantnej \u010diernej farbe.<\/p>\n<table style=\"width: 93.1612%;\" border=\"\">\n<tbody>\n<tr>\n<td style=\"width: 42.9379%;\"><i>Ve\u013ekos\u0165 otvoru<\/i><\/td>\n<td style=\"width: 438.589%;\">2-6 palcov<\/td>\n<\/tr>\n<tr>\n<td style=\"width: 42.9379%;\"><i>Ve\u013ekos\u0165 ty\u010de<\/i><\/td>\n<td style=\"width: 438.589%;\">1,125-4 palca<\/td>\n<\/tr>\n<tr>\n<td style=\"width: 42.9379%;\"><i>Ve\u013ekos\u0165 \u0165ahu<\/i><\/td>\n<td style=\"width: 438.589%;\">4-100 palcov<\/td>\n<\/tr>\n<tr>\n<td style=\"width: 42.9379%;\"><i>Ve\u013ekos\u0165 \u010dapu<\/i><\/td>\n<td style=\"width: 438.589%;\">0,5-2 palce<\/td>\n<\/tr>\n<tr>\n<td style=\"width: 42.9379%;\"><i>Porty<\/i><\/td>\n<td style=\"width: 438.589%;\">G\/SAE\/NPT\/M<\/td>\n<\/tr>\n<\/tbody>\n<\/table>\n<h2>Jedine\u010dn\u00e9 vlastnosti a v\u00fdhody<\/h2>\n<ul>\n<li>Energeticky \u00fasporn\u00e9<\/li>\n<li>Vysok\u00fd v\u00fdkon<\/li>\n<li>Bezpe\u010dn\u00e9 a spo\u013eahliv\u00e9<\/li>\n<\/ul>\n<h2>Princ\u00edp fungovania a pou\u017eitie hydraulick\u00fdch syst\u00e9mov<\/h2>\n<p>Hydraulick\u00e9 syst\u00e9my funguj\u00fa na z\u00e1kladn\u00fdch princ\u00edpoch tlaku a prietoku kvapaliny, aby vykon\u00e1vali pr\u00e1cu. Pou\u017eit\u00edm nestla\u010dite\u013enej hydraulickej kvapaliny m\u00f4\u017eu tieto syst\u00e9my efekt\u00edvne pren\u00e1\u0161a\u0165 silu z jedn\u00e9ho bodu do druh\u00e9ho. Ke\u010f je na kvapalinu p\u00f4soben\u00fd tlak, pohybuje sa potrub\u00edm a valcami, \u010d\u00edm vytv\u00e1ra pohyb v strojoch. Tento princ\u00edp rob\u00ed hydraulick\u00e9 syst\u00e9my neocenite\u013en\u00fdmi v \u0161irokej \u0161k\u00e1le aplik\u00e1ci\u00ed vr\u00e1tane:<\/p>\n<ul>\n<li><strong>Stavebn\u00e9 stroje:<\/strong> Hydraulick\u00e9 syst\u00e9my s\u00fa k\u013e\u00fa\u010dov\u00e9 v bagroch, buldoz\u00e9roch a \u017eeriavoch, preto\u017ee umo\u017e\u0148uj\u00fa v\u00fdkonn\u00e9 zdv\u00edhanie a kopanie.<\/li>\n<li><strong>Priemyseln\u00e9 zariadenia:<\/strong> Vo v\u00fdrobe poh\u00e1\u0148aj\u00fa hydraulick\u00e9 syst\u00e9my lisy, dopravn\u00edky a robotick\u00e9 ramen\u00e1, \u010d\u00edm zvy\u0161uj\u00fa efektivitu a presnos\u0165 v\u00fdroby.<\/li>\n<li><strong>Po\u013enohospod\u00e1rske stroje:<\/strong> Hydraulick\u00e9 syst\u00e9my umo\u017e\u0148uj\u00fa traktorom a kombajnom \u013eahko vykon\u00e1va\u0165 \u00falohy, ako je zdv\u00edhanie, orba a preprava, \u010d\u00edm sa zlep\u0161uje celkov\u00e1 po\u013enohospod\u00e1rska produktivita.<\/li>\n<\/ul>\n<h2>Hydraulick\u00e9 valce a pohonn\u00e9 jednotky<\/h2>\n<p>Hydraulick\u00e9 valce a pohonn\u00e9 jednotky s\u00fa neoddelite\u013enou s\u00fa\u010das\u0165ou hydraulick\u00e9ho syst\u00e9mu a spolo\u010dne umo\u017e\u0148uj\u00fa efekt\u00edvne vyu\u017e\u00edvanie hydraulickej technol\u00f3gie v r\u00f4znych odvetviach. Hydraulick\u00fd valec sl\u00fa\u017ei ako ovl\u00e1da\u010d, ktor\u00fd premie\u0148a hydraulick\u00fa energiu na mechanick\u00fd pohyb, zatia\u013e \u010do pohonn\u00e1 jednotka generuje a reguluje hydraulick\u00fd tlak potrebn\u00fd na prev\u00e1dzku.<\/p>\n<p>Ich spolo\u010dn\u00e9 p\u00f4sobenie zabezpe\u010duje rozsiahle uplatnenie hydraulickej technol\u00f3gie v priemyseln\u00fdch oblastiach a poskytuje spo\u013eahliv\u00fa podporu nap\u00e1jania a riadenia pre \u0161irok\u00fa \u0161k\u00e1lu technick\u00fdch a mechanick\u00fdch zariaden\u00ed. FMP tie\u017e pon\u00faka na predaj \u0161irok\u00fa \u0161k\u00e1lu vysokokvalitn\u00fdch pohonn\u00fdch jednotiek, ktor\u00e9 s\u00fa navrhnut\u00e9 tak, aby dop\u013a\u0148ali na\u0161e hydraulick\u00e9 valce a zvy\u0161ovali v\u00fdkon syst\u00e9mu. Tento komplexn\u00fd pr\u00edstup zabezpe\u010duje, \u017ee na\u0161i z\u00e1kazn\u00edci maj\u00fa pr\u00edstup k n\u00e1strojom, ktor\u00e9 potrebuj\u00fa na dosiahnutie optim\u00e1lnej efektivity a produktivity vo svojich prev\u00e1dzkach.<\/p>\n<h2>\u010casto kladen\u00e9 ot\u00e1zky<\/h2>\n<p><strong>Ot\u00e1zka: Ste obchodn\u00e1 spolo\u010dnos\u0165 alebo v\u00fdrobca?<\/strong><br \/>\nA: Sme v\u00fdrobca.<\/p>\n<p><strong>Ot\u00e1zka: Ak\u00e1 je va\u0161a dodacia lehota?<\/strong><br \/>\nA: Vo v\u0161eobecnosti je to 25-35 dn\u00ed.<\/p>\n<p><strong>Ot\u00e1zka: Poskytujete vzorky? S\u00fa bezplatn\u00e9 alebo za pr\u00edplatok?<\/strong><br \/>\nA: \u00c1no, mohli by sme pon\u00faknu\u0165 vzorku, ale nie je zadarmo.<\/p>\n<h3>O FMP<\/h3>\n<p>FMP je popredn\u00fd taliansky v\u00fdrobca \u0161pecializuj\u00faci sa na n\u00e1vrh, v\u00fdvoj a v\u00fdrobu vysoko kvalitn\u00fdch hydraulick\u00fdch valcov. V\u010faka desa\u0165ro\u010diam sk\u00fasenost\u00ed sp\u00e1jame tradi\u010dn\u00e9 talianske remeseln\u00e9 spracovanie s najmodernej\u0161\u00edmi technol\u00f3giami, aby sme poskytovali v\u00fdnimo\u010dn\u00e9 hydraulick\u00e9 rie\u0161enia, ktor\u00e9 uspokoja rozmanit\u00e9 potreby na\u0161ich glob\u00e1lnych klientov. Spolo\u010dnos\u0165 FMP so s\u00eddlom v Taliansku, centre in\u017einierskej excelentnosti, sa etablovala ako d\u00f4veryhodn\u00e9 meno v hydraulickom priemysle a venuje sa dod\u00e1vaniu spo\u013eahliv\u00fdch, odoln\u00fdch a inovat\u00edvnych produktov, ktor\u00e9 posil\u0148uj\u00fa podniky na celom svete.<\/p>\n<p>Na\u0161a spolo\u010dnos\u0165 sp\u00e1ja pokro\u010dil\u00e9 v\u00fdrobn\u00e9 trad\u00edcie s progres\u00edvnym pr\u00edstupom. V\u010faka dlhoro\u010dn\u00fdm sk\u00fasenostiam v oblasti hydraulick\u00fdch syst\u00e9mov sa spolo\u010dnos\u0165 FMP transformovala na modern\u00fd podnik, ktor\u00fd vynik\u00e1 vo v\u00fdskume, dizajne a v\u00fdrobe. Pon\u00fakame \u0161irok\u00fa \u0161k\u00e1lu hydraulick\u00fdch valcov vr\u00e1tane dvoj\u010dinn\u00fdch valcov, zdv\u00edhac\u00edch valcov pre automobily, valcov pre po\u013enohospod\u00e1rske stroje a z\u00e1kazkovo navrhnut\u00fdch rie\u0161en\u00ed pre r\u00f4zne priemyseln\u00e9 aplik\u00e1cie. \u010ci u\u017e ide o stavebn\u00edctvo, priemyseln\u00e9 in\u0161tal\u00e1cie, po\u013enohospod\u00e1rstvo alebo \u0165a\u017ek\u00e9 stroje, na\u0161e hydraulick\u00e9 valce s\u00fa skon\u0161truovan\u00e9 tak, aby fungovali v najn\u00e1ro\u010dnej\u0161\u00edch podmienkach a zabezpe\u010dovali bezpe\u010dnos\u0165, \u00fa\u010dinnos\u0165 a dlh\u00fa \u017eivotnos\u0165.<\/p>\n<p><img loading=\"lazy\" decoding=\"async\" class=\"alignnone size-full wp-image-6720\" src=\"https:\/\/fmp-components.com\/wp-content\/uploads\/2025\/03\/hydraulic-cylinder-8.webp\" alt=\"Teleskopick\u00e9 hydraulick\u00e9 valce\" width=\"933\" height=\"526\" title=\"\" srcset=\"https:\/\/fmp-components.com\/wp-content\/uploads\/2025\/03\/hydraulic-cylinder-8.webp 933w, https:\/\/fmp-components.com\/wp-content\/uploads\/2025\/03\/hydraulic-cylinder-8-480x271.webp 480w\" sizes=\"(min-width: 0px) and (max-width: 480px) 480px, (min-width: 481px) 933px, 100vw\" \/><\/p>\n<p>V spolo\u010dnosti FMP sme hrd\u00ed na na\u0161e najmodernej\u0161ie v\u00fdrobn\u00e9 zariadenia, vybaven\u00e9 presn\u00fdmi strojmi a pokro\u010dil\u00fdmi testovac\u00edmi syst\u00e9mami. Na\u0161e v\u00fdrobn\u00e9 procesy sp\u013a\u0148aj\u00fa pr\u00edsne n\u00e1rodn\u00e9 a medzin\u00e1rodn\u00e9 normy, \u010do zaru\u010duje, \u017ee ka\u017ed\u00fd vyroben\u00fd hydraulick\u00fd valec sp\u013a\u0148a najvy\u0161\u0161ie \u0161tandardy kvality a spo\u013eahlivosti. N\u00e1\u0161 sk\u00fasen\u00fd technick\u00fd t\u00edm v kombin\u00e1cii s najmodernej\u0161\u00edm vybaven\u00edm n\u00e1m umo\u017e\u0148uje udr\u017eiava\u0165 pr\u00edsnu kontrolu kvality v ka\u017edej f\u00e1ze v\u00fdroby \u2013 od v\u00fdberu surov\u00edn a\u017e po kone\u010dn\u00fa kontrolu. Tento z\u00e1v\u00e4zok k dokonalosti n\u00e1m priniesol certifik\u00e1cie a uznanie od priemyseln\u00fdch autor\u00edt, \u010d\u00edm sme upevnili svoju reput\u00e1ciu spo\u013eahliv\u00e9ho partnera.<\/p>\n<p>Na\u0161e poslanie je jednoduch\u00e9 a ambici\u00f3zne z\u00e1rove\u0148: poskytova\u0165 na\u0161im z\u00e1kazn\u00edkom hydraulick\u00e9 valce, ktor\u00e9 prekon\u00e1vaj\u00fa o\u010dak\u00e1vania vo v\u00fdkone, odolnosti a hodnote. Pracujeme na princ\u00edpoch profesionality, integrity a zamerania sa na z\u00e1kazn\u00edka. Pestovan\u00edm kult\u00fary inov\u00e1ci\u00ed a presnosti neust\u00e1le zdokona\u013eujeme na\u0161e produkty, aby sme si udr\u017eali n\u00e1skok na konkuren\u010dnom trhu. N\u00e1\u0161 rozsiahly sortiment produktov a schopnos\u0165 pon\u00faka\u0165 rie\u0161enia na mieru z n\u00e1s robia preferovan\u00fa vo\u013ebu pre firmy, ktor\u00e9 h\u013eadaj\u00fa vysoko v\u00fdkonn\u00e9 hydraulick\u00e9 valce.<\/p>\n<p>FMP je viac ne\u017e len v\u00fdrobca; sme partnerom vo va\u0161om \u00faspechu. Ch\u00e1peme, \u017ee na\u0161i z\u00e1kazn\u00edci sa na n\u00e1s spoliehaj\u00fa, \u017ee im dod\u00e1me n\u00e1stroje, ktor\u00e9 zvy\u0161uj\u00fa ich produktivitu a bezpe\u010dnos\u0165. Preto sa venujeme poskytovaniu nielen \u0161pi\u010dkov\u00fdch produktov, ale aj v\u00fdnimo\u010dn\u00fdch slu\u017eieb. Od \u00favodnej konzult\u00e1cie a\u017e po popredajn\u00fa podporu \u00fazko spolupracujeme s na\u0161imi klientmi, aby sme zabezpe\u010dili, \u017ee ich potreby bud\u00fa splnen\u00e9 s profesionalitou a starostlivos\u0165ou. Na\u0161e konkurencieschopn\u00e9 ceny v kombin\u00e1cii s neochvejn\u00fdm z\u00e1v\u00e4zkom ku kvalite robia z FMP inteligentn\u00fa vo\u013ebu pre spolo\u010dnosti, ktor\u00e9 chc\u00fa investova\u0165 do spo\u013eahliv\u00fdch hydraulick\u00fdch rie\u0161en\u00ed.<\/p>","protected":false},"excerpt":{"rendered":"<p>Excellent Quality Small Dump Truck Hydraulic Cylinder Multistage Hydraulic Cylinder FMP presents the top-of-the-line small dump truck hydraulic cylinder multistage hydraulic cylinder, a product of superior quality designed for optimum performance. This hydraulic cylinder is a crucial component in various industries such as machinery repair shops, farms, energy &amp; mining, machinery manufacturing, and machinery factories. [&hellip;]<\/p>","protected":false},"featured_media":6755,"comment_status":"closed","ping_status":"closed","template":"","meta":{"_et_pb_use_builder":"","_et_pb_old_content":"","_et_gb_content_width":""},"product_brand":[],"product_cat":[103],"product_tag":[34,105],"class_list":{"0":"post-6527","1":"product","2":"type-product","3":"status-publish","4":"has-post-thumbnail","6":"product_cat-telescopic-hydraulic-cylinders","7":"product_tag-hydraulic-cylinder","8":"product_tag-telescopic-hydraulic-cylinders","10":"first","11":"instock","12":"product-type-simple"},"_links":{"self":[{"href":"https:\/\/fmp-components.com\/sk\/wp-json\/wp\/v2\/product\/6527","targetHints":{"allow":["GET"]}}],"collection":[{"href":"https:\/\/fmp-components.com\/sk\/wp-json\/wp\/v2\/product"}],"about":[{"href":"https:\/\/fmp-components.com\/sk\/wp-json\/wp\/v2\/types\/product"}],"replies":[{"embeddable":true,"href":"https:\/\/fmp-components.com\/sk\/wp-json\/wp\/v2\/comments?post=6527"}],"wp:featuredmedia":[{"embeddable":true,"href":"https:\/\/fmp-components.com\/sk\/wp-json\/wp\/v2\/media\/6755"}],"wp:attachment":[{"href":"https:\/\/fmp-components.com\/sk\/wp-json\/wp\/v2\/media?parent=6527"}],"wp:term":[{"taxonomy":"product_brand","embeddable":true,"href":"https:\/\/fmp-components.com\/sk\/wp-json\/wp\/v2\/product_brand?post=6527"},{"taxonomy":"product_cat","embeddable":true,"href":"https:\/\/fmp-components.com\/sk\/wp-json\/wp\/v2\/product_cat?post=6527"},{"taxonomy":"product_tag","embeddable":true,"href":"https:\/\/fmp-components.com\/sk\/wp-json\/wp\/v2\/product_tag?post=6527"}],"curies":[{"name":"pracovn\u00fd list","href":"https:\/\/api.w.org\/{rel}","templated":true}]}}