{"id":6526,"date":"2025-03-11T06:26:57","date_gmt":"2025-03-11T06:26:57","guid":{"rendered":"https:\/\/fmp-components.com\/product\/factory-price-small-dump-truck-hydraulic-cylinder-telescopic-hydraulic-cylinder-for-sale"},"modified":"2025-03-18T01:07:30","modified_gmt":"2025-03-18T01:07:30","slug":"factory-price-small-dump-truck-hydraulic-cylinder-telescopic-hydraulic-cylinder-for-sale","status":"publish","type":"product","link":"https:\/\/fmp-components.com\/sk\/product\/factory-price-small-dump-truck-hydraulic-cylinder-telescopic-hydraulic-cylinder-for-sale\/","title":{"rendered":"V\u00fdrobn\u00e1 cena Hydraulick\u00fd valec pre mal\u00e9 skl\u00e1pa\u010de Teleskopick\u00fd hydraulick\u00fd valec na predaj"},"content":{"rendered":"<h2>V\u00fdrobn\u00e1 cena Hydraulick\u00fd valec pre mal\u00e9 skl\u00e1pa\u010de Teleskopick\u00fd hydraulick\u00fd valec na predaj<\/h2>\n<p>Viacstup\u0148ov\u00fd hydraulick\u00fd valec je nov\u00fd produkt pre rok 2025, ktor\u00fd pon\u00faka v\u00fdnimo\u010dn\u00fd v\u00fdkon pre mal\u00e9 skl\u00e1pa\u010de, opravovne strojov, farmy, energetiku a ban\u00edctvo, v\u00fdrobu strojov a stroj\u00e1rne. Tento hydraulick\u00fd valec je vyroben\u00fd z pevnej ocele a je navrhnut\u00fd tak, aby odolal vysok\u00e9mu tlaku a \u0165ahu, \u010d\u00edm zais\u0165uje spo\u013eahliv\u00fa prev\u00e1dzku a dlh\u00fa \u017eivotnos\u0165.<\/p>\n<h2>Funkcie a \u0161pecifik\u00e1cie<\/h2>\n<table style=\"width: 100.555%;\" border=\"\">\n<tbody>\n<tr>\n<th style=\"width: 43.5028%;\">Ve\u013ekos\u0165 otvoru<\/th>\n<td style=\"width: 488.136%;\">2-6 palcov<\/td>\n<\/tr>\n<tr>\n<th style=\"width: 43.5028%;\">Ve\u013ekos\u0165 ty\u010de<\/th>\n<td style=\"width: 488.136%;\">1,125-4 palca<\/td>\n<\/tr>\n<tr>\n<th style=\"width: 43.5028%;\">Ve\u013ekos\u0165 \u0165ahu<\/th>\n<td style=\"width: 488.136%;\">4-100 palcov<\/td>\n<\/tr>\n<tr>\n<th style=\"width: 43.5028%;\">Ve\u013ekos\u0165 \u010dapu<\/th>\n<td style=\"width: 488.136%;\">0,5-2 palce<\/td>\n<\/tr>\n<tr>\n<th style=\"width: 43.5028%;\">Porty<\/th>\n<td style=\"width: 488.136%;\">G\/SAE\/NPT\/M<\/td>\n<\/tr>\n<\/tbody>\n<\/table>\n<h2>K\u013e\u00fa\u010dov\u00e9 v\u00fdhody<\/h2>\n<ul>\n<li>Energeticky \u00fasporn\u00e9<\/li>\n<li>Vysok\u00fd v\u00fdkon<\/li>\n<li>Bezpe\u010dnos\u0165 a spo\u013eahlivos\u0165<\/li>\n<\/ul>\n<h2>Hydraulick\u00e9 syst\u00e9my a princ\u00edp \u010dinnosti<\/h2>\n<p>Hydraulick\u00e9 valce s\u00fa z\u00e1kladn\u00e9 komponenty, ktor\u00e9 funguj\u00fa tak, \u017ee premie\u0148aj\u00fa hydraulick\u00fa energiu na mechanick\u00fd pohyb. T\u00e1to transform\u00e1cia je k\u013e\u00fa\u010dov\u00e1, preto\u017ee poskytuje hnaciu silu potrebn\u00fa na prev\u00e1dzku skl\u00e1pa\u010dov a r\u00f4znych in\u00fdch strojov. Ke\u010f je hydraulick\u00e1 kvapalina pod tlakom a priveden\u00e1 do valca, tla\u010d\u00ed na piest, \u010d\u00edm vytv\u00e1ra line\u00e1rny pohyb, ktor\u00fd sa premieta do siln\u00fdch a presn\u00fdch pohybov. Tento mechanizmus umo\u017e\u0148uje efekt\u00edvne zdv\u00edhanie, tla\u010denie alebo \u0165ahanie \u0165a\u017ek\u00fdch bremien, v\u010faka \u010domu s\u00fa hydraulick\u00e9 valce nevyhnutn\u00e9 v mnoh\u00fdch priemyseln\u00fdch aplik\u00e1ci\u00e1ch. Ich schopnos\u0165 dod\u00e1va\u0165 konzistentn\u00fa a spo\u013eahliv\u00fa silu umo\u017e\u0148uje strojom efekt\u00edvne vykon\u00e1va\u0165 \u00falohy, \u010di u\u017e v stavebn\u00edctve, doprave alebo v\u00fdrobe.<\/p>\n<p><img loading=\"lazy\" decoding=\"async\" class=\"alignnone wp-image-6662\" src=\"https:\/\/fmp-components.com\/wp-content\/uploads\/2025\/03\/telescopic-hydraulic-cylinder-4.webp\" alt=\"teleskopick\u00fd hydraulick\u00fd valec\" width=\"898\" height=\"898\" title=\"\" srcset=\"https:\/\/fmp-components.com\/wp-content\/uploads\/2025\/03\/telescopic-hydraulic-cylinder-4.webp 898w, https:\/\/fmp-components.com\/wp-content\/uploads\/2025\/03\/telescopic-hydraulic-cylinder-4-480x480.webp 480w\" sizes=\"(min-width: 0px) and (max-width: 480px) 480px, (min-width: 481px) 898px, 100vw\" \/><\/p>\n<h2>Aplik\u00e1cie<\/h2>\n<p>Tieto hydraulick\u00e9 valce s\u00fa ide\u00e1lne pre mno\u017estvo aplik\u00e1ci\u00ed. V mal\u00fdch skl\u00e1pa\u010doch zohr\u00e1vaj\u00fa d\u00f4le\u017eit\u00fa \u00falohu pri zdv\u00edhan\u00ed a nakl\u00e1\u0148an\u00ed korby n\u00e1kladn\u00e9ho vozidla, \u010d\u00edm u\u013eah\u010duj\u00fa vykladanie materi\u00e1lov. V opravovniach strojov tieto valce pom\u00e1haj\u00fa technikom bezpe\u010dne zdv\u00edha\u0165 a man\u00e9vrova\u0165 s \u0165a\u017ek\u00fdmi komponentmi, \u010d\u00edm zabezpe\u010duj\u00fa efekt\u00edvnu \u00fadr\u017ebu a opravy. Z ich robustnej kon\u0161trukcie v\u00fdrazne profituj\u00fa aj energetick\u00fd a \u0165a\u017eobn\u00fd sektor, preto\u017ee tieto valce dok\u00e1\u017eu odola\u0165 pr\u00edsnym po\u017eiadavk\u00e1m na zdv\u00edhanie \u0165a\u017ek\u00fdch zariaden\u00ed a materi\u00e1lov v n\u00e1ro\u010dn\u00fdch prostrediach. Okrem toho v stroj\u00e1rstve a tov\u00e1r\u0148ach tieto hydraulick\u00e9 valce zvy\u0161uj\u00fa efektivitu v\u00fdrobn\u00fdch procesov t\u00fdm, \u017ee poskytuj\u00fa potrebn\u00fa silu na mont\u00e1\u017e, manipul\u00e1ciu s materi\u00e1lom a \u010fal\u0161ie kritick\u00e9 oper\u00e1cie. V\u010faka svojej v\u0161estrannosti a spo\u013eahlivosti s\u00fa nevyhnutnou vo\u013ebou pre profesion\u00e1lov v r\u00f4znych odvetviach.<\/p>\n<h2>Hydraulick\u00e9 valce a pohonn\u00e9 jednotky<\/h2>\n<p>Hydraulick\u00fd valec a pohonn\u00e1 jednotka s\u00fa neoddelite\u013enou s\u00fa\u010das\u0165ou ka\u017ed\u00e9ho hydraulick\u00e9ho syst\u00e9mu a pracuj\u00fa spolo\u010dne, aby zabezpe\u010dili optim\u00e1lny v\u00fdkon a funk\u010dnos\u0165. Hydraulick\u00fd valec sl\u00fa\u017ei ako ovl\u00e1da\u010d, ktor\u00fd transformuje hydraulick\u00fa energiu na mechanick\u00fd pohyb, zatia\u013e \u010do pohonn\u00e1 jednotka sl\u00fa\u017ei ako zdroj energie a dod\u00e1va tlakov\u00fa kvapalinu potrebn\u00fa na prev\u00e1dzku. T\u00e1to kombinovan\u00e1 funkcia je k\u013e\u00fa\u010dov\u00e1 pre efekt\u00edvne zavedenie hydraulickej technol\u00f3gie v priemyselnom sektore, preto\u017ee poskytuje spo\u013eahliv\u00fa podporu nap\u00e1jania a riadenia pre r\u00f4zne technick\u00e9 a mechanick\u00e9 zariadenia. Ich synergia nielen zvy\u0161uje efektivitu prev\u00e1dzky, ale umo\u017e\u0148uje aj vykon\u00e1vanie \u00faloh, ktor\u00e9 vy\u017eaduj\u00fa zna\u010dn\u00fa silu a presnos\u0165. V spolo\u010dnosti FMP pon\u00fakame aj v\u00fdber pohonn\u00fdch jednotiek na predaj, ktor\u00e9 dop\u013a\u0148aj\u00fa na\u0161e hydraulick\u00e9 valce a poskytuj\u00fa komplexn\u00e9 rie\u0161enia pre va\u0161e potreby v oblasti hydraulick\u00e9ho syst\u00e9mu. N\u00e1\u0161 z\u00e1v\u00e4zok ku kvalite a inov\u00e1ci\u00e1m zaru\u010duje, \u017ee dostanete tie najlep\u0161ie produkty na zv\u00fd\u0161enie va\u0161ich prev\u00e1dzkov\u00fdch schopnost\u00ed.<\/p>\n<p><img loading=\"lazy\" decoding=\"async\" class=\"alignnone wp-image-6661\" src=\"https:\/\/fmp-components.com\/wp-content\/uploads\/2025\/03\/telescopic-hydraulic-cylinder-10.webp\" alt=\"teleskopick\u00fd hydraulick\u00fd valec\" width=\"924\" height=\"924\" title=\"\" srcset=\"https:\/\/fmp-components.com\/wp-content\/uploads\/2025\/03\/telescopic-hydraulic-cylinder-10.webp 924w, https:\/\/fmp-components.com\/wp-content\/uploads\/2025\/03\/telescopic-hydraulic-cylinder-10-480x480.webp 480w\" sizes=\"(min-width: 0px) and (max-width: 480px) 480px, (min-width: 481px) 924px, 100vw\" \/><\/p>\n<h3>O FMP<\/h3>\n<p class=\"break-words\">FMP je popredn\u00fd taliansky v\u00fdrobca \u0161pecializuj\u00faci sa na n\u00e1vrh, v\u00fdvoj a v\u00fdrobu vysokokvalitn\u00fdch hydraulick\u00fdch valcov. S bohat\u00fdm dedi\u010dstvom zakorenen\u00fdm v desa\u0165ro\u010diach odborn\u00fdch znalost\u00ed hrdo kombinujeme talianske remeseln\u00e9 spracovanie s najmodernej\u0161ou technol\u00f3giou, aby sme dod\u00e1vali v\u00fdnimo\u010dn\u00e9 hydraulick\u00e9 rie\u0161enia prisp\u00f4soben\u00e9 rozmanit\u00fdm potreb\u00e1m na\u0161ich glob\u00e1lnych klientov. Spolo\u010dnos\u0165 FMP so s\u00eddlom v Taliansku, centre in\u017einierskej excelentnosti, je d\u00f4veryhodn\u00fdm menom v hydraulickom priemysle a je odhodlan\u00e1 poskytova\u0165 spo\u013eahliv\u00e9, odoln\u00e9 a inovat\u00edvne produkty, ktor\u00e9 posil\u0148uj\u00fa podniky na celom svete.<\/p>\n<p class=\"break-words\">Na\u0161a spolo\u010dnos\u0165 sp\u00e1ja to najlep\u0161ie z pokro\u010dil\u00fdch v\u00fdrobn\u00fdch trad\u00edci\u00ed s progres\u00edvnym pr\u00edstupom. V\u010faka dlhoro\u010dn\u00fdm sk\u00fasenostiam v oblasti hydraulick\u00fdch syst\u00e9mov sa spolo\u010dnos\u0165 FMP vyvinula v modern\u00fd podnik, ktor\u00fd vynik\u00e1 vo v\u00fdskume, dizajne a v\u00fdrobe. \u0160pecializujeme sa na \u0161irok\u00fa \u0161k\u00e1lu hydraulick\u00fdch valcov vr\u00e1tane dvoj\u010dinn\u00fdch valcov, zdv\u00edhac\u00edch valcov pre automobily, valcov pre po\u013enohospod\u00e1rske stroje a na mieru vyroben\u00fdch rie\u0161en\u00ed pre r\u00f4zne priemyseln\u00e9 aplik\u00e1cie. \u010ci u\u017e ide o stavebn\u00edctvo, priemyseln\u00e9 in\u0161tal\u00e1cie, po\u013enohospod\u00e1rstvo alebo \u0165a\u017ek\u00e9 stroje, na\u0161e hydraulick\u00e9 valce s\u00fa skon\u0161truovan\u00e9 tak, aby fungovali v naj\u0165a\u017e\u0161\u00edch podmienkach a zabezpe\u010dovali bezpe\u010dnos\u0165, \u00fa\u010dinnos\u0165 a dlh\u00fa \u017eivotnos\u0165.<\/p>\n<p><img loading=\"lazy\" decoding=\"async\" class=\"alignnone size-full wp-image-6720\" src=\"https:\/\/fmp-components.com\/wp-content\/uploads\/2025\/03\/hydraulic-cylinder-8.webp\" alt=\"Teleskopick\u00e9 hydraulick\u00e9 valce\" width=\"933\" height=\"526\" title=\"\" srcset=\"https:\/\/fmp-components.com\/wp-content\/uploads\/2025\/03\/hydraulic-cylinder-8.webp 933w, https:\/\/fmp-components.com\/wp-content\/uploads\/2025\/03\/hydraulic-cylinder-8-480x271.webp 480w\" sizes=\"(min-width: 0px) and (max-width: 480px) 480px, (min-width: 481px) 933px, 100vw\" \/><\/p>\n<p class=\"break-words\">V spolo\u010dnosti FMP sme hrd\u00ed na na\u0161e najmodernej\u0161ie v\u00fdrobn\u00e9 zariadenia, vybaven\u00e9 presn\u00fdmi strojmi a pokro\u010dil\u00fdmi testovac\u00edmi syst\u00e9mami. Na\u0161e v\u00fdrobn\u00e9 procesy sp\u013a\u0148aj\u00fa pr\u00edsne n\u00e1rodn\u00e9 a medzin\u00e1rodn\u00e9 normy, \u010do zabezpe\u010duje, \u017ee ka\u017ed\u00fd hydraulick\u00fd valec op\u00fa\u0161\u0165aj\u00faci na\u0161u tov\u00e1re\u0148 m\u00e1 vynikaj\u00facu kvalitu a spo\u013eahlivos\u0165. N\u00e1\u0161 sk\u00fasen\u00fd technick\u00fd t\u00edm v spojen\u00ed s najmodernej\u0161\u00edm vybaven\u00edm n\u00e1m umo\u017e\u0148uje udr\u017eiava\u0165 pr\u00edsnu kontrolu kvality v ka\u017edej f\u00e1ze v\u00fdroby \u2013 od v\u00fdberu surov\u00edn a\u017e po kone\u010dn\u00fa kontrolu. Toto odhodlanie k dokonalosti n\u00e1m prinieslo certifik\u00e1cie a uznanie od priemyseln\u00fdch autor\u00edt, \u010do \u010falej upev\u0148uje na\u0161u reput\u00e1ciu spo\u013eahliv\u00e9ho partnera.<\/p>\n<p class=\"break-words\">Na\u0161e poslanie je jednoduch\u00e9, no ambici\u00f3zne: poskytova\u0165 na\u0161im z\u00e1kazn\u00edkom hydraulick\u00e9 valce, ktor\u00e9 prekon\u00e1vaj\u00fa o\u010dak\u00e1vania v oblasti v\u00fdkonu, odolnosti a hodnoty. Pracujeme v s\u00falade s hlavn\u00fdmi princ\u00edpmi profesionality, integrity a zamerania sa na z\u00e1kazn\u00edka. Podporou kult\u00fary inov\u00e1ci\u00ed a presnosti neust\u00e1le zdokona\u013eujeme na\u0161e produkty, aby sme si udr\u017eali n\u00e1skok na konkuren\u010dnom trhu. N\u00e1\u0161 komplexn\u00fd sortiment produktov a schopnos\u0165 pon\u00faka\u0165 rie\u0161enia na mieru z n\u00e1s robia vo\u013ebu pre firmy, ktor\u00e9 h\u013eadaj\u00fa vysoko v\u00fdkonn\u00e9 hydraulick\u00e9 valce.<\/p>\n<p class=\"break-words\">FMP je viac ne\u017e len v\u00fdrobca \u2013 sme partnerom vo va\u0161om \u00faspechu. Ch\u00e1peme, \u017ee na\u0161i z\u00e1kazn\u00edci sa na n\u00e1s spoliehaj\u00fa, \u017ee im dod\u00e1me n\u00e1stroje, ktor\u00e9 zvy\u0161uj\u00fa ich produktivitu a bezpe\u010dnos\u0165. Preto sa zav\u00e4zujeme pon\u00faka\u0165 nielen \u0161pi\u010dkov\u00e9 produkty, ale aj v\u00fdnimo\u010dn\u00fd servis. Od \u00favodnej konzult\u00e1cie a\u017e po popredajn\u00fa podporu \u00fazko spolupracujeme s na\u0161imi klientmi, aby sme zabezpe\u010dili, \u017ee ich potreby bud\u00fa splnen\u00e9 s profesionalitou a starostlivos\u0165ou. Na\u0161e konkurencieschopn\u00e9 ceny v spojen\u00ed s na\u0161\u00edm neochvejn\u00fdm z\u00e1v\u00e4zkom ku kvalite robia z FMP inteligentn\u00fa vo\u013ebu pre spolo\u010dnosti, ktor\u00e9 chc\u00fa investova\u0165 do hydraulick\u00fdch rie\u0161en\u00ed, ktor\u00fdm m\u00f4\u017eu d\u00f4verova\u0165.<\/p>\n<h2>\u010casto kladen\u00e9 ot\u00e1zky<\/h2>\n<dl>\n<dt>Ot\u00e1zka: Ste obchodn\u00e1 spolo\u010dnos\u0165 alebo v\u00fdrobca?<\/dt>\n<dd>A: Sme v\u00fdrobca.<\/dd>\n<dt>Ot\u00e1zka: Ak\u00e1 je va\u0161a dodacia lehota?<\/dt>\n<dd>A: Vo v\u0161eobecnosti je to 25-35 dn\u00ed.<\/dd>\n<dt>Ot\u00e1zka: Poskytujete vzorky? S\u00fa bezplatn\u00e9 alebo za pr\u00edplatok?<\/dt>\n<dd>A: \u00c1no, mohli by sme pon\u00faknu\u0165 vzorku, ale nie je zadarmo.<\/dd>\n<\/dl>","protected":false},"excerpt":{"rendered":"<p>Factory Price Small Dump Truck Hydraulic Cylinder Telescopic Hydraulic Cylinder For Sale The multi-stage hydraulic cylinder is a new product for 2025, which offers exceptional performance for small dump trucks, machinery repair shops, farms, energy and mining, machinery manufacturing, and machinery factories. Made from sturdy steel, this hydraulic cylinder is designed to withstand high thrust [&hellip;]<\/p>","protected":false},"featured_media":6682,"comment_status":"closed","ping_status":"closed","template":"","meta":{"_et_pb_use_builder":"","_et_pb_old_content":"","_et_gb_content_width":""},"product_brand":[],"product_cat":[103],"product_tag":[34,105],"class_list":{"0":"post-6526","1":"product","2":"type-product","3":"status-publish","4":"has-post-thumbnail","6":"product_cat-telescopic-hydraulic-cylinders","7":"product_tag-hydraulic-cylinder","8":"product_tag-telescopic-hydraulic-cylinders","10":"first","11":"instock","12":"product-type-simple"},"_links":{"self":[{"href":"https:\/\/fmp-components.com\/sk\/wp-json\/wp\/v2\/product\/6526","targetHints":{"allow":["GET"]}}],"collection":[{"href":"https:\/\/fmp-components.com\/sk\/wp-json\/wp\/v2\/product"}],"about":[{"href":"https:\/\/fmp-components.com\/sk\/wp-json\/wp\/v2\/types\/product"}],"replies":[{"embeddable":true,"href":"https:\/\/fmp-components.com\/sk\/wp-json\/wp\/v2\/comments?post=6526"}],"wp:featuredmedia":[{"embeddable":true,"href":"https:\/\/fmp-components.com\/sk\/wp-json\/wp\/v2\/media\/6682"}],"wp:attachment":[{"href":"https:\/\/fmp-components.com\/sk\/wp-json\/wp\/v2\/media?parent=6526"}],"wp:term":[{"taxonomy":"product_brand","embeddable":true,"href":"https:\/\/fmp-components.com\/sk\/wp-json\/wp\/v2\/product_brand?post=6526"},{"taxonomy":"product_cat","embeddable":true,"href":"https:\/\/fmp-components.com\/sk\/wp-json\/wp\/v2\/product_cat?post=6526"},{"taxonomy":"product_tag","embeddable":true,"href":"https:\/\/fmp-components.com\/sk\/wp-json\/wp\/v2\/product_tag?post=6526"}],"curies":[{"name":"pracovn\u00fd list","href":"https:\/\/api.w.org\/{rel}","templated":true}]}}