{"id":6525,"date":"2025-03-11T06:26:57","date_gmt":"2025-03-11T06:26:57","guid":{"rendered":"https:\/\/fmp-components.com\/product\/chinese-factory-dump-trailer-hydraulic-cylinders-multistage-hydraulic-cylinder-for-sale"},"modified":"2025-03-18T02:13:23","modified_gmt":"2025-03-18T02:13:23","slug":"italian-factory-dump-trailer-hydraulic-cylinders-multistage-hydraulic-cylinder-for-sale","status":"publish","type":"product","link":"https:\/\/fmp-components.com\/sk\/product\/italian-factory-dump-trailer-hydraulic-cylinders-multistage-hydraulic-cylinder-for-sale\/","title":{"rendered":"Taliansky tov\u00e1rensk\u00fd hydraulick\u00fd valec pre skl\u00e1pacie pr\u00edvesy, viacstup\u0148ov\u00fd hydraulick\u00fd valec na predaj"},"content":{"rendered":"<h2>Taliansky tov\u00e1rensk\u00fd hydraulick\u00fd valec pre skl\u00e1pacie pr\u00edvesy, viacstup\u0148ov\u00fd hydraulick\u00fd valec na predaj<\/h2>\n<p>Objavte silu na\u0161ich viacstup\u0148ov\u00fdch hydraulick\u00fdch valcov. Tieto vysoko \u00fa\u010dinn\u00e9 a spo\u013eahliv\u00e9 valce s\u00fa ur\u010den\u00e9 pre n\u00e1ro\u010dn\u00e9 aplik\u00e1cie a pon\u00fakaj\u00fa vynikaj\u00faci v\u00fdkon v r\u00f4znych odvetviach vr\u00e1tane opravovn\u00ed strojov, fariem, energetiky a ban\u00edctva a v\u00fdroby strojov. Na\u0161e hydraulick\u00e9 valce s\u00fa vyroben\u00e9 s presnos\u0165ou, \u010do zaru\u010duje \u0161pi\u010dkov\u00fa funk\u010dnos\u0165 a odolnos\u0165. S maxim\u00e1lnym \u0165ahom 3000 a maxim\u00e1lnym \u0165ahom 20 ton s\u00fa skuto\u010dne vyroben\u00e9 pre dlh\u00fa \u017eivotnos\u0165.<\/p>\n<h3>\u0160pecifik\u00e1cie produktu<\/h3>\n<table style=\"width: 101.086%;\" border=\"\">\n<tbody>\n<tr>\n<td style=\"width: 43.5028%;\"><b>Ve\u013ekos\u0165 otvoru<\/b><\/td>\n<td style=\"width: 490.96%;\">2-6 palcov<\/td>\n<\/tr>\n<tr>\n<td style=\"width: 43.5028%;\"><b>Ve\u013ekos\u0165 ty\u010de<\/b><\/td>\n<td style=\"width: 490.96%;\">1,125-4 palca<\/td>\n<\/tr>\n<tr>\n<td style=\"width: 43.5028%;\"><b>Ve\u013ekos\u0165 \u0165ahu<\/b><\/td>\n<td style=\"width: 490.96%;\">4-100 palcov<\/td>\n<\/tr>\n<tr>\n<td style=\"width: 43.5028%;\"><b>Ve\u013ekos\u0165 \u010dapu<\/b><\/td>\n<td style=\"width: 490.96%;\">0,5-2 palce<\/td>\n<\/tr>\n<tr>\n<td style=\"width: 43.5028%;\"><b>Porty<\/b><\/td>\n<td style=\"width: 490.96%;\">G\/SAE\/NPT\/M<\/td>\n<\/tr>\n<\/tbody>\n<\/table>\n<h3>Jedine\u010dn\u00e9 vlastnosti a v\u00fdhody<\/h3>\n<ul>\n<li>Energeticky \u00fasporn\u00e9<\/li>\n<li>Vysok\u00fd v\u00fdkon<\/li>\n<li>Bezpe\u010dnos\u0165 zaru\u010den\u00e1<\/li>\n<\/ul>\n<h3>Pochopenie hydraulick\u00e9ho syst\u00e9mu a princ\u00edpu fungovania<\/h3>\n<p>Hydraulick\u00e9 syst\u00e9my s\u00fa v mnoh\u00fdch odvetviach nevyhnutn\u00e9, predov\u0161etk\u00fdm v\u010faka svojej pozoruhodnej schopnosti generova\u0165 ve\u013ek\u00e9 mno\u017estvo energie a poskytova\u0165 vysok\u00fa \u00farove\u0148 ovl\u00e1dania. Tieto syst\u00e9my vyu\u017e\u00edvaj\u00fa princ\u00edpy mechaniky tekut\u00edn na prenos a zosil\u0148ovanie sily, v\u010faka \u010domu s\u00fa ide\u00e1lne pre aplik\u00e1cie, ktor\u00e9 vy\u017eaduj\u00fa presn\u00fd pohyb a zna\u010dn\u00e9 zdv\u00edhacie schopnosti. K\u013e\u00fa\u010dovou s\u00fa\u010das\u0165ou hydraulick\u00fdch syst\u00e9mov je viacstup\u0148ov\u00fd hydraulick\u00fd valec, ktor\u00fd funguje tak, \u017ee premie\u0148a hydraulick\u00fa energiu na mechanick\u00fd pohyb. Tento proces premeny generuje siln\u00fa silu, ktor\u00fa mo\u017eno vyu\u017ei\u0165 na r\u00f4zne aplik\u00e1cie, od zdv\u00edhania \u0165a\u017ek\u00fdch bremien a\u017e po presn\u00e9 polohovanie strojov. Kon\u0161trukcia t\u00fdchto valcov umo\u017e\u0148uje efekt\u00edvnu prev\u00e1dzku pri r\u00f4znych \u00farovniach tlaku, \u010do zabezpe\u010duje ich spo\u013eahliv\u00fd v\u00fdkon za r\u00f4znych podmienok.<\/p>\n<p><img loading=\"lazy\" decoding=\"async\" class=\"alignnone wp-image-6659\" src=\"https:\/\/fmp-components.com\/wp-content\/uploads\/2025\/03\/telescopic-hydraulic-cylinder-12.webp\" alt=\"teleskopick\u00fd hydraulick\u00fd valec\" width=\"953\" height=\"953\" title=\"\" srcset=\"https:\/\/fmp-components.com\/wp-content\/uploads\/2025\/03\/telescopic-hydraulic-cylinder-12.webp 953w, https:\/\/fmp-components.com\/wp-content\/uploads\/2025\/03\/telescopic-hydraulic-cylinder-12-480x480.webp 480w\" sizes=\"(min-width: 0px) and (max-width: 480px) 480px, (min-width: 481px) 953px, 100vw\" \/><\/p>\n<h3>Aplik\u00e1cie hydraulick\u00e9ho valca<\/h3>\n<p>Na\u0161e hydraulick\u00e9 valce s\u00fa neuverite\u013ene v\u0161estrann\u00e9 a nach\u00e1dzaj\u00fa uplatnenie v \u0161irokej \u0161k\u00e1le aplik\u00e1ci\u00ed. V stroj\u00e1rskom sektore s\u00fa nevyhnutn\u00e9 na ovl\u00e1danie zariaden\u00ed, ktor\u00e9 vy\u017eaduj\u00fa siln\u00e9 a kontrolovan\u00e9 pohyby, ako s\u00fa lisy, zdv\u00edhacie zariadenia a dopravn\u00edky. V stavebn\u00edctve tieto valce u\u013eah\u010duj\u00fa ovl\u00e1danie \u017eeriavov, r\u00fdpadiel a in\u00fdch \u0165a\u017ek\u00fdch strojov, \u010do umo\u017e\u0148uje \u013eahk\u00e9 zdv\u00edhanie a premiest\u0148ovanie objemn\u00fdch materi\u00e1lov. Okrem toho v po\u013enohospod\u00e1rskom priemysle hydraulick\u00e9 valce poh\u00e1\u0148aj\u00fa zariadenia, ako s\u00fa traktory a kombajny, \u010do umo\u017e\u0148uje efekt\u00edvne po\u013enohospod\u00e1rske oper\u00e1cie, ktor\u00e9 zvy\u0161uj\u00fa produktivitu.<\/p>\n<p>V\u010faka svojej robustnej kon\u0161trukcii a efekt\u00edvnej prev\u00e1dzke s\u00fa hydraulick\u00e9 valce cenn\u00fdm pr\u00ednosom v ka\u017edom odvetv\u00ed, ktor\u00e9 vy\u017eaduje siln\u00fd pohyb a presn\u00e9 ovl\u00e1danie. \u010ci u\u017e sa pou\u017e\u00edvaj\u00fa vo v\u00fdrobe, doprave alebo energetike, tieto valce zvy\u0161uj\u00fa prev\u00e1dzkov\u00fa \u00fa\u010dinnos\u0165 a efekt\u00edvnos\u0165, \u010d\u00edm pom\u00e1haj\u00fa podnikom dosiahnu\u0165 ich ciele a z\u00e1rove\u0148 zachov\u00e1vaj\u00fa bezpe\u010dnos\u0165 a spo\u013eahlivos\u0165. Prisp\u00f4sobivos\u0165 a pevnos\u0165 na\u0161ich hydraulick\u00fdch valcov zabezpe\u010duj\u00fa, \u017ee sp\u013a\u0148aj\u00fa rozmanit\u00e9 potreby r\u00f4znych aplik\u00e1ci\u00ed, v\u010faka \u010domu s\u00fa nevyhnutn\u00fdm n\u00e1strojom v modern\u00fdch priemyseln\u00fdch prev\u00e1dzkach.<\/p>\n<h3>O FMP<\/h3>\n<p class=\"break-words\">FMP je popredn\u00fd taliansky v\u00fdrobca \u0161pecializuj\u00faci sa na n\u00e1vrh, v\u00fdvoj a v\u00fdrobu vysokokvalitn\u00fdch hydraulick\u00fdch valcov. S bohat\u00fdm dedi\u010dstvom zakorenen\u00fdm v desa\u0165ro\u010diach odborn\u00fdch znalost\u00ed hrdo kombinujeme talianske remeseln\u00e9 spracovanie s najmodernej\u0161ou technol\u00f3giou, aby sme dod\u00e1vali v\u00fdnimo\u010dn\u00e9 hydraulick\u00e9 rie\u0161enia prisp\u00f4soben\u00e9 rozmanit\u00fdm potreb\u00e1m na\u0161ich glob\u00e1lnych klientov. Spolo\u010dnos\u0165 FMP so s\u00eddlom v Taliansku, centre in\u017einierskej excelentnosti, je d\u00f4veryhodn\u00fdm menom v hydraulickom priemysle a je odhodlan\u00e1 poskytova\u0165 spo\u013eahliv\u00e9, odoln\u00e9 a inovat\u00edvne produkty, ktor\u00e9 posil\u0148uj\u00fa podniky na celom svete.<\/p>\n<p class=\"break-words\">Na\u0161a spolo\u010dnos\u0165 sp\u00e1ja to najlep\u0161ie z pokro\u010dil\u00fdch v\u00fdrobn\u00fdch trad\u00edci\u00ed s progres\u00edvnym pr\u00edstupom. V\u010faka dlhoro\u010dn\u00fdm sk\u00fasenostiam v oblasti hydraulick\u00fdch syst\u00e9mov sa spolo\u010dnos\u0165 FMP vyvinula v modern\u00fd podnik, ktor\u00fd vynik\u00e1 vo v\u00fdskume, dizajne a v\u00fdrobe. \u0160pecializujeme sa na \u0161irok\u00fa \u0161k\u00e1lu hydraulick\u00fdch valcov vr\u00e1tane dvoj\u010dinn\u00fdch valcov, zdv\u00edhac\u00edch valcov pre automobily, valcov pre po\u013enohospod\u00e1rske stroje a na mieru vyroben\u00fdch rie\u0161en\u00ed pre r\u00f4zne priemyseln\u00e9 aplik\u00e1cie. \u010ci u\u017e ide o stavebn\u00edctvo, priemyseln\u00e9 in\u0161tal\u00e1cie, po\u013enohospod\u00e1rstvo alebo \u0165a\u017ek\u00e9 stroje, na\u0161e hydraulick\u00e9 valce s\u00fa skon\u0161truovan\u00e9 tak, aby fungovali v naj\u0165a\u017e\u0161\u00edch podmienkach a zabezpe\u010dovali bezpe\u010dnos\u0165, \u00fa\u010dinnos\u0165 a dlh\u00fa \u017eivotnos\u0165.<\/p>\n<p><img loading=\"lazy\" decoding=\"async\" class=\"alignnone size-full wp-image-6720\" src=\"https:\/\/fmp-components.com\/wp-content\/uploads\/2025\/03\/hydraulic-cylinder-8.webp\" alt=\"Teleskopick\u00e9 hydraulick\u00e9 valce\" width=\"933\" height=\"526\" title=\"\" srcset=\"https:\/\/fmp-components.com\/wp-content\/uploads\/2025\/03\/hydraulic-cylinder-8.webp 933w, https:\/\/fmp-components.com\/wp-content\/uploads\/2025\/03\/hydraulic-cylinder-8-480x271.webp 480w\" sizes=\"(min-width: 0px) and (max-width: 480px) 480px, (min-width: 481px) 933px, 100vw\" \/><\/p>\n<p class=\"break-words\">V spolo\u010dnosti FMP sme hrd\u00ed na na\u0161e najmodernej\u0161ie v\u00fdrobn\u00e9 zariadenia, vybaven\u00e9 presn\u00fdmi strojmi a pokro\u010dil\u00fdmi testovac\u00edmi syst\u00e9mami. Na\u0161e v\u00fdrobn\u00e9 procesy sp\u013a\u0148aj\u00fa pr\u00edsne n\u00e1rodn\u00e9 a medzin\u00e1rodn\u00e9 normy, \u010do zabezpe\u010duje, \u017ee ka\u017ed\u00fd hydraulick\u00fd valec op\u00fa\u0161\u0165aj\u00faci na\u0161u tov\u00e1re\u0148 m\u00e1 vynikaj\u00facu kvalitu a spo\u013eahlivos\u0165. N\u00e1\u0161 sk\u00fasen\u00fd technick\u00fd t\u00edm v spojen\u00ed s najmodernej\u0161\u00edm vybaven\u00edm n\u00e1m umo\u017e\u0148uje udr\u017eiava\u0165 pr\u00edsnu kontrolu kvality v ka\u017edej f\u00e1ze v\u00fdroby \u2013 od v\u00fdberu surov\u00edn a\u017e po kone\u010dn\u00fa kontrolu. Toto odhodlanie k dokonalosti n\u00e1m prinieslo certifik\u00e1cie a uznanie od priemyseln\u00fdch autor\u00edt, \u010do \u010falej upev\u0148uje na\u0161u reput\u00e1ciu spo\u013eahliv\u00e9ho partnera.<\/p>\n<p class=\"break-words\">Na\u0161e poslanie je jednoduch\u00e9, no ambici\u00f3zne: poskytova\u0165 na\u0161im z\u00e1kazn\u00edkom hydraulick\u00e9 valce, ktor\u00e9 prekon\u00e1vaj\u00fa o\u010dak\u00e1vania v oblasti v\u00fdkonu, odolnosti a hodnoty. Pracujeme v s\u00falade s hlavn\u00fdmi princ\u00edpmi profesionality, integrity a zamerania sa na z\u00e1kazn\u00edka. Podporou kult\u00fary inov\u00e1ci\u00ed a presnosti neust\u00e1le zdokona\u013eujeme na\u0161e produkty, aby sme si udr\u017eali n\u00e1skok na konkuren\u010dnom trhu. N\u00e1\u0161 komplexn\u00fd sortiment produktov a schopnos\u0165 pon\u00faka\u0165 rie\u0161enia na mieru z n\u00e1s robia vo\u013ebu pre firmy, ktor\u00e9 h\u013eadaj\u00fa vysoko v\u00fdkonn\u00e9 hydraulick\u00e9 valce.<\/p>\n<p class=\"break-words\">FMP je viac ne\u017e len v\u00fdrobca \u2013 sme partnerom vo va\u0161om \u00faspechu. Ch\u00e1peme, \u017ee na\u0161i z\u00e1kazn\u00edci sa na n\u00e1s spoliehaj\u00fa, \u017ee im dod\u00e1me n\u00e1stroje, ktor\u00e9 zvy\u0161uj\u00fa ich produktivitu a bezpe\u010dnos\u0165. Preto sa zav\u00e4zujeme pon\u00faka\u0165 nielen \u0161pi\u010dkov\u00e9 produkty, ale aj v\u00fdnimo\u010dn\u00fd servis. Od \u00favodnej konzult\u00e1cie a\u017e po popredajn\u00fa podporu \u00fazko spolupracujeme s na\u0161imi klientmi, aby sme zabezpe\u010dili, \u017ee ich potreby bud\u00fa splnen\u00e9 s profesionalitou a starostlivos\u0165ou. Na\u0161e konkurencieschopn\u00e9 ceny v spojen\u00ed s na\u0161\u00edm neochvejn\u00fdm z\u00e1v\u00e4zkom ku kvalite robia z FMP inteligentn\u00fa vo\u013ebu pre spolo\u010dnosti, ktor\u00e9 chc\u00fa investova\u0165 do hydraulick\u00fdch rie\u0161en\u00ed, ktor\u00fdm m\u00f4\u017eu d\u00f4verova\u0165.<\/p>\n<h2>\u010casto kladen\u00e9 ot\u00e1zky<\/h2>\n<p><b>Ot\u00e1zka: Ste obchodn\u00e1 spolo\u010dnos\u0165 alebo v\u00fdrobca?<\/b><br \/>\nA: Sme v\u00fdrobca.<\/p>\n<p><b>Ot\u00e1zka: Ak\u00e1 je va\u0161a dodacia lehota?<\/b><br \/>\nA: Vo v\u0161eobecnosti je to 25-35 dn\u00ed.<\/p>\n<p><b>Ot\u00e1zka: Poskytujete vzorky? Je to zadarmo alebo navy\u0161e?<\/b><br \/>\nA: \u00c1no, poskytujeme vzorky, ale nie s\u00fa zadarmo.<\/p>\n<p><img loading=\"lazy\" decoding=\"async\" class=\"alignnone size-full wp-image-6660\" src=\"https:\/\/fmp-components.com\/wp-content\/uploads\/2025\/03\/hydraulic-cylinder-workshop-4.webp\" alt=\"teleskopick\u00fd hydraulick\u00fd valec\" width=\"914\" height=\"733\" title=\"\" srcset=\"https:\/\/fmp-components.com\/wp-content\/uploads\/2025\/03\/hydraulic-cylinder-workshop-4.webp 914w, https:\/\/fmp-components.com\/wp-content\/uploads\/2025\/03\/hydraulic-cylinder-workshop-4-480x385.webp 480w\" sizes=\"(min-width: 0px) and (max-width: 480px) 480px, (min-width: 481px) 914px, 100vw\" \/><\/p>","protected":false},"excerpt":{"rendered":"<p>Italian Factory Dump Trailer Hydraulic Cylinders Multistage Hydraulic Cylinder For Sale Discover the power of our multistage hydraulic cylinders. These highly efficient and reliable cylinders are designed for heavy-duty applications, offering excellent performance in a variety of industries including machinery repair shops, farms, energy and mining, and machinery manufacturing. Our hydraulic cylinders are crafted with [&hellip;]<\/p>","protected":false},"featured_media":6686,"comment_status":"closed","ping_status":"closed","template":"","meta":{"_et_pb_use_builder":"","_et_pb_old_content":"","_et_gb_content_width":""},"product_brand":[],"product_cat":[103],"product_tag":[34,105],"class_list":{"0":"post-6525","1":"product","2":"type-product","3":"status-publish","4":"has-post-thumbnail","6":"product_cat-telescopic-hydraulic-cylinders","7":"product_tag-hydraulic-cylinder","8":"product_tag-telescopic-hydraulic-cylinders","10":"first","11":"instock","12":"product-type-simple"},"_links":{"self":[{"href":"https:\/\/fmp-components.com\/sk\/wp-json\/wp\/v2\/product\/6525","targetHints":{"allow":["GET"]}}],"collection":[{"href":"https:\/\/fmp-components.com\/sk\/wp-json\/wp\/v2\/product"}],"about":[{"href":"https:\/\/fmp-components.com\/sk\/wp-json\/wp\/v2\/types\/product"}],"replies":[{"embeddable":true,"href":"https:\/\/fmp-components.com\/sk\/wp-json\/wp\/v2\/comments?post=6525"}],"wp:featuredmedia":[{"embeddable":true,"href":"https:\/\/fmp-components.com\/sk\/wp-json\/wp\/v2\/media\/6686"}],"wp:attachment":[{"href":"https:\/\/fmp-components.com\/sk\/wp-json\/wp\/v2\/media?parent=6525"}],"wp:term":[{"taxonomy":"product_brand","embeddable":true,"href":"https:\/\/fmp-components.com\/sk\/wp-json\/wp\/v2\/product_brand?post=6525"},{"taxonomy":"product_cat","embeddable":true,"href":"https:\/\/fmp-components.com\/sk\/wp-json\/wp\/v2\/product_cat?post=6525"},{"taxonomy":"product_tag","embeddable":true,"href":"https:\/\/fmp-components.com\/sk\/wp-json\/wp\/v2\/product_tag?post=6525"}],"curies":[{"name":"pracovn\u00fd list","href":"https:\/\/api.w.org\/{rel}","templated":true}]}}