{"id":6523,"date":"2025-03-11T06:26:57","date_gmt":"2025-03-11T06:26:57","guid":{"rendered":"https:\/\/fmp-components.com\/product\/chinese-factory-5-stage-telescopic-hydraulic-cylinder-multistage-hydraulic-cylinder"},"modified":"2025-03-18T02:13:27","modified_gmt":"2025-03-18T02:13:27","slug":"italian-factory-5-stage-telescopic-hydraulic-cylinder-multistage-hydraulic-cylinder","status":"publish","type":"product","link":"https:\/\/fmp-components.com\/sk\/product\/italian-factory-5-stage-telescopic-hydraulic-cylinder-multistage-hydraulic-cylinder\/","title":{"rendered":"Taliansky tov\u00e1rensk\u00fd 5-stup\u0148ov\u00fd teleskopick\u00fd hydraulick\u00fd valec, viacstup\u0148ov\u00fd hydraulick\u00fd valec"},"content":{"rendered":"<h2>Tov\u00e1rensk\u00fd 5-stup\u0148ov\u00fd teleskopick\u00fd hydraulick\u00fd valec Viacstup\u0148ov\u00fd hydraulick\u00fd valec<\/h2>\n<p>Predstavujeme 5-stup\u0148ov\u00fd teleskopick\u00fd hydraulick\u00fd valec od talianskej tov\u00e1rne FMP, zn\u00e1mej svojimi vysoko kvalitn\u00fdmi hydraulick\u00fdmi valcami. Tento viacstup\u0148ov\u00fd hydraulick\u00fd valec, vyroben\u00fd do dokonalosti, pon\u00faka bezkonkuren\u010dn\u00fa \u00fa\u010dinnos\u0165 a v\u00fdkon v r\u00f4znych odvetviach, ako s\u00fa opravovne strojov, farmy, energetika a ban\u00edctvo, v\u00fdroba strojov a stroj\u00e1rne.<\/p>\n<h3>Funkcie a vlastnosti<\/h3>\n<p>N\u00e1\u0161 hydraulick\u00fd valec je navrhnut\u00fd s pevn\u00fdm oce\u013eov\u00fdm telesom, ktor\u00e9 pon\u00faka maxim\u00e1lny \u0165ah 3000 a \u0165a\u017en\u00fa kapacitu 20 ton. Valec je tie\u017e certifikovan\u00fd pod\u013ea normy ISO9001:2000, \u010do zaru\u010duje najvy\u0161\u0161iu kvalitu a spo\u013eahlivos\u0165.<\/p>\n<h3>Technick\u00e9 \u0161pecifik\u00e1cie<\/h3>\n<table style=\"width: 98.6435%;\" border=\"\">\n<tbody>\n<tr>\n<td style=\"width: 43.5028%;\"><b>Ve\u013ekos\u0165 otvoru<\/b><\/td>\n<td style=\"width: 477.966%;\">2-6 palcov<\/td>\n<\/tr>\n<tr>\n<td style=\"width: 43.5028%;\"><b>Ve\u013ekos\u0165 ty\u010de<\/b><\/td>\n<td style=\"width: 477.966%;\">1,125-4 palca<\/td>\n<\/tr>\n<tr>\n<td style=\"width: 43.5028%;\"><b>Ve\u013ekos\u0165 \u0165ahu<\/b><\/td>\n<td style=\"width: 477.966%;\">4-100 palcov<\/td>\n<\/tr>\n<tr>\n<td style=\"width: 43.5028%;\"><b>Ve\u013ekos\u0165 \u010dapu<\/b><\/td>\n<td style=\"width: 477.966%;\">0,5-2 palce<\/td>\n<\/tr>\n<tr>\n<td style=\"width: 43.5028%;\"><b>Porty<\/b><\/td>\n<td style=\"width: 477.966%;\">G\/SAE\/NPT\/M<\/td>\n<\/tr>\n<\/tbody>\n<\/table>\n<h3>Jedine\u010dn\u00e9 v\u00fdhody<\/h3>\n<ul>\n<li>Energeticky \u00fasporn\u00fd: N\u00e1\u0161 hydraulick\u00fd valec pon\u00faka optim\u00e1lny v\u00fdkon s minim\u00e1lnou spotrebou energie.<\/li>\n<li>Vysok\u00e1 \u00fa\u010dinnos\u0165: Viacstup\u0148ov\u00e1 kon\u0161trukcia umo\u017e\u0148uje zv\u00fd\u0161en\u00fa \u00fa\u010dinnos\u0165 v r\u00f4znych aplik\u00e1ci\u00e1ch.<\/li>\n<li>Bezpe\u010dnos\u0165: Produkt sa dod\u00e1va s ro\u010dnou z\u00e1rukou na z\u00e1kladn\u00e9 komponenty, aby sa zaistila bezpe\u010dnos\u0165 pou\u017e\u00edvate\u013ea.<\/li>\n<\/ul>\n<h2>Hydraulick\u00fd syst\u00e9m a princ\u00edp \u010dinnosti<\/h2>\n<p>Hydraulick\u00fd syst\u00e9m funguje na z\u00e1kladnom princ\u00edpe premeny hydraulickej energie na mechanick\u00fd pohyb, \u010do je proces, ktor\u00fd sa vo ve\u013ekej miere spolieha na hydraulick\u00fd valec. Tento valec je k\u013e\u00fa\u010dov\u00fd pri premene tlakovej kvapaliny na siln\u00fd pohyb, \u010do umo\u017e\u0148uje \u0161irok\u00fa \u0161k\u00e1lu aplik\u00e1ci\u00ed v r\u00f4znych odvetviach. Schopnos\u0165 hydraulick\u00e9ho valca generova\u0165 zna\u010dn\u00fa silu ho rob\u00ed neocenite\u013en\u00fdm pre \u00falohy, ktor\u00e9 vy\u017eaduj\u00fa presn\u00e9 ovl\u00e1danie a v\u00fdkon.<\/p>\n<p>Hydraulick\u00fd valec dop\u013a\u0148a pohonn\u00e1 jednotka, ktor\u00e1 dod\u00e1va hydraulick\u00e9mu syst\u00e9mu potrebn\u00fa energiu a riadiace sign\u00e1ly. T\u00e1to jednotka generuje a reguluje tlak hydraulickej kvapaliny, \u010d\u00edm zabezpe\u010duje efekt\u00edvnu a \u00fa\u010dinn\u00fa prev\u00e1dzku syst\u00e9mu. Harmonick\u00e1 interakcia medzi hydraulick\u00fdm valcom a pohonnou jednotkou vedie k robustn\u00e9mu syst\u00e9mu, ktor\u00fd maximalizuje v\u00fdkon, minimalizuje straty energie a zvy\u0161uje celkov\u00fa produktivitu. Spolo\u010dne vytv\u00e1raj\u00fa bezprobl\u00e9mov\u00fa prev\u00e1dzku, ktor\u00e1 je nevyhnutn\u00e1 pre r\u00f4zne mechanick\u00e9 a priemyseln\u00e9 aplik\u00e1cie.<\/p>\n<p><img loading=\"lazy\" decoding=\"async\" class=\"alignnone wp-image-6662\" src=\"https:\/\/fmp-components.com\/wp-content\/uploads\/2025\/03\/telescopic-hydraulic-cylinder-4.webp\" alt=\"teleskopick\u00fd hydraulick\u00fd valec\" width=\"931\" height=\"931\" title=\"\" srcset=\"https:\/\/fmp-components.com\/wp-content\/uploads\/2025\/03\/telescopic-hydraulic-cylinder-4.webp 931w, https:\/\/fmp-components.com\/wp-content\/uploads\/2025\/03\/telescopic-hydraulic-cylinder-4-480x480.webp 480w\" sizes=\"(min-width: 0px) and (max-width: 480px) 480px, (min-width: 481px) 931px, 100vw\" \/><\/p>\n<h2>Aplik\u00e1cia<\/h2>\n<p>Na\u0161e hydraulick\u00e9 valce s\u00fa dokonale vhodn\u00e9 pre \u0161irok\u00fa \u0161k\u00e1lu aplik\u00e1ci\u00ed, v\u010faka \u010domu s\u00fa ide\u00e1lnou vo\u013ebou pre odvetvia, ako s\u00fa opravovne strojov, farmy, energetika a ban\u00edctvo, v\u00fdroba strojov a tov\u00e1rne na stroje. V opravovniach strojov u\u013eah\u010duj\u00fa zdv\u00edhanie a man\u00e9vrovanie s \u0165a\u017ek\u00fdmi komponentmi, \u010do umo\u017e\u0148uje technikom vykon\u00e1va\u0165 opravy bezpe\u010dne a efekt\u00edvne. V po\u013enohospod\u00e1rskom prostred\u00ed tieto valce zlep\u0161uj\u00fa funk\u010dnos\u0165 zariaden\u00ed, ako s\u00fa traktory, a umo\u017e\u0148uj\u00fa efekt\u00edvnu manipul\u00e1ciu s materi\u00e1lom. Energetick\u00fd a ban\u00edcky sektor profituj\u00fa z robustn\u00e9ho v\u00fdkonu na\u0161ich hydraulick\u00fdch valcov, ktor\u00e9 dok\u00e1\u017eu odola\u0165 n\u00e1ro\u010dn\u00fdm podmienkam n\u00e1ro\u010dn\u00fdch \u00faloh. Okrem toho vo v\u00fdrobnom prostred\u00ed na\u0161e valce podporuj\u00fa r\u00f4zne v\u00fdrobn\u00e9 procesy a zabezpe\u010duj\u00fa plynul\u00fd a efekt\u00edvny priebeh oper\u00e1ci\u00ed.<\/p>\n<p>Poz\u00fdvame v\u00e1s, aby ste vst\u00fapili do n\u00e1\u0161ho sveta a boli svedkami remeseln\u00e9ho spracovania na\u0161ich produktov. Srde\u010dne v\u00e1s poz\u00fdvame nav\u0161t\u00edvi\u0165 na\u0161u VR tov\u00e1re\u0148, kde si m\u00f4\u017eete pozrie\u0165 n\u00e1\u0161 v\u00fdrobn\u00fd proces v akcii. T\u00e1to virtu\u00e1lna prehliadka v\u00e1m poskytne nahliadnutie do n\u00e1\u0161ho z\u00e1v\u00e4zku ku kvalite a inov\u00e1ci\u00e1m a uk\u00e1\u017ee, ako na\u0161e hydraulick\u00e9 rie\u0161enia prin\u00e1\u0161ame do praxe.<\/p>\n<h2>Hydraulick\u00e9 valce a pohonn\u00e9 jednotky<\/h2>\n<p>Hydraulick\u00e9 valce a pohonn\u00e9 jednotky s\u00fa neoddelite\u013enou s\u00fa\u010das\u0165ou ka\u017ed\u00e9ho hydraulick\u00e9ho syst\u00e9mu. Ich spolupr\u00e1ca je nevyhnutn\u00e1 pre \u0161irok\u00e9 vyu\u017eitie hydraulickej technol\u00f3gie v priemyselnom sektore. Spolo\u010dne poskytuj\u00fa spo\u013eahliv\u00fa podporu nap\u00e1jania a riadenia pre r\u00f4zne technick\u00e9 a mechanick\u00e9 zariadenia. Hydraulick\u00fd valec sl\u00fa\u017ei ako ovl\u00e1da\u010d, ktor\u00fd premie\u0148a hydraulick\u00fa energiu na mechanick\u00fd pohyb, zatia\u013e \u010do pohonn\u00e1 jednotka sl\u00fa\u017ei ako zdroj energie a dod\u00e1va potrebn\u00fd tlak a riadiace sign\u00e1ly.<\/p>\n<p>V spolo\u010dnosti FMP pon\u00fakame aj v\u00fdber pohonn\u00fdch jednotiek na predaj, v\u010faka \u010domu sme va\u0161\u00edm komplexn\u00fdm rie\u0161en\u00edm pre v\u0161etky hydraulick\u00e9 potreby. N\u00e1\u0161 z\u00e1v\u00e4zok poskytova\u0165 vysokokvalitn\u00e9 hydraulick\u00e9 rie\u0161enia zaru\u010duje, \u017ee sa na n\u00e1s m\u00f4\u017eete spo\u013eahn\u00fa\u0165, \u010di u\u017e ide o valce alebo pohonn\u00e9 jednotky, \u010do zefekt\u00edvni va\u0161u prev\u00e1dzku a zv\u00fd\u0161i va\u0161u produktivitu. V\u010faka na\u0161ej komplexnej ponuke produktov sa venujeme plneniu rozmanit\u00fdch po\u017eiadaviek na\u0161ich klientov v r\u00f4znych odvetviach.<\/p>\n<p><img loading=\"lazy\" decoding=\"async\" class=\"alignnone wp-image-6663\" src=\"https:\/\/fmp-components.com\/wp-content\/uploads\/2025\/03\/telescopic-hydraulic-cylinder-11.webp\" alt=\"teleskopick\u00fd hydraulick\u00fd valec\" width=\"941\" height=\"941\" title=\"\" srcset=\"https:\/\/fmp-components.com\/wp-content\/uploads\/2025\/03\/telescopic-hydraulic-cylinder-11.webp 941w, https:\/\/fmp-components.com\/wp-content\/uploads\/2025\/03\/telescopic-hydraulic-cylinder-11-480x480.webp 480w\" sizes=\"(min-width: 0px) and (max-width: 480px) 480px, (min-width: 481px) 941px, 100vw\" \/><\/p>\n<h2>\u010casto kladen\u00e9 ot\u00e1zky<\/h2>\n<p><b>Ot\u00e1zka: Ste obchodn\u00e1 spolo\u010dnos\u0165 alebo v\u00fdrobca?<\/b><br \/>\nA: Sme v\u00fdrobca so s\u00eddlom v Taliansku.<\/p>\n<p><b>Ot\u00e1zka: Ak\u00e1 je dodacia lehota pre va\u0161e hydraulick\u00e9 valce?<\/b><br \/>\nA: Vo v\u0161eobecnosti je to 25-35 dn\u00ed.<\/p>\n<p><b>Ot\u00e1zka: Poskytujete vzorky?<\/b><br \/>\nA: \u00c1no, poskytujeme vzorky, ale nie s\u00fa zadarmo.<\/p>\n<h3>O FMP<\/h3>\n<p>FMP je popredn\u00fd taliansky v\u00fdrobca zn\u00e1my svojimi odborn\u00fdmi znalos\u0165ami v oblasti n\u00e1vrhu, v\u00fdvoja a v\u00fdroby vysoko kvalitn\u00fdch hydraulick\u00fdch valcov. S bohatou hist\u00f3riou budovanou po cel\u00e9 desa\u0165ro\u010dia sp\u00e1jame tradi\u010dn\u00e9 talianske remeseln\u00e9 spracovanie s najmodernej\u0161ou technol\u00f3giou, aby sme vytvorili v\u00fdnimo\u010dn\u00e9 hydraulick\u00e9 rie\u0161enia, ktor\u00e9 uspokoja rozmanit\u00e9 potreby na\u0161ich z\u00e1kazn\u00edkov po celom svete. Spolo\u010dnos\u0165 FMP so s\u00eddlom v Taliansku, centre in\u017einierskej excelentnosti, sa etablovala ako d\u00f4veryhodn\u00e9 meno v hydraulickom priemysle, ktor\u00e9 sa venuje dod\u00e1vaniu spo\u013eahliv\u00fdch, odoln\u00fdch a inovat\u00edvnych produktov, ktor\u00e9 posil\u0148uj\u00fa podniky na celom svete.<\/p>\n<p>Na\u0161a spolo\u010dnos\u0165 sp\u00e1ja pokro\u010dil\u00e9 v\u00fdrobn\u00e9 trad\u00edcie s progres\u00edvnym zm\u00fd\u0161\u013ean\u00edm. V\u010faka na\u0161im rozsiahlym sk\u00fasenostiam v oblasti hydraulick\u00fdch syst\u00e9mov sa spolo\u010dnos\u0165 FMP transformovala na modern\u00fd podnik, ktor\u00fd vynik\u00e1 vo v\u00fdskume, dizajne a v\u00fdrobe. Pon\u00fakame komplexn\u00fd sortiment hydraulick\u00fdch valcov vr\u00e1tane dvoj\u010dinn\u00fdch valcov, zdv\u00edhac\u00edch valcov pre automobily, valcov pre po\u013enohospod\u00e1rske stroje a na mieru navrhnut\u00fdch rie\u0161en\u00ed prisp\u00f4soben\u00fdch r\u00f4znym priemyseln\u00fdm aplik\u00e1ci\u00e1m. \u010ci u\u017e ide o stavebn\u00edctvo, priemyseln\u00e9 in\u0161tal\u00e1cie, po\u013enohospod\u00e1rstvo alebo \u0165a\u017ek\u00e9 stroje, na\u0161e hydraulick\u00e9 valce s\u00fa navrhnut\u00e9 tak, aby fungovali v najn\u00e1ro\u010dnej\u0161\u00edch podmienkach a zabezpe\u010dovali bezpe\u010dnos\u0165, \u00fa\u010dinnos\u0165 a dlh\u00fa \u017eivotnos\u0165.<\/p>\n<p>V spolo\u010dnosti FMP sme hrd\u00ed na na\u0161e najmodernej\u0161ie v\u00fdrobn\u00e9 zariadenia, vybaven\u00e9 presn\u00fdmi strojmi a pokro\u010dil\u00fdmi testovac\u00edmi syst\u00e9mami. Na\u0161e v\u00fdrobn\u00e9 procesy sp\u013a\u0148aj\u00fa pr\u00edsne n\u00e1rodn\u00e9 a medzin\u00e1rodn\u00e9 normy, \u010do zabezpe\u010duje, \u017ee ka\u017ed\u00fd vyroben\u00fd hydraulick\u00fd valec sp\u013a\u0148a najvy\u0161\u0161ie \u0161tandardy kvality a spo\u013eahlivosti. N\u00e1\u0161 sk\u00fasen\u00fd technick\u00fd t\u00edm v kombin\u00e1cii s modern\u00fdm vybaven\u00edm n\u00e1m umo\u017e\u0148uje dodr\u017eiava\u0165 pr\u00edsnu kontrolu kvality v ka\u017edej f\u00e1ze v\u00fdroby \u2013 od v\u00fdberu surov\u00edn a\u017e po kone\u010dn\u00fa kontrolu. Tento z\u00e1v\u00e4zok k dokonalosti n\u00e1m vyniesol certifik\u00e1cie a ocenenia od priemyseln\u00fdch autor\u00edt, \u010d\u00edm posil\u0148ujeme na\u0161u reput\u00e1ciu spo\u013eahliv\u00e9ho partnera.<\/p>\n<p><img loading=\"lazy\" decoding=\"async\" class=\"alignnone size-full wp-image-6720\" src=\"https:\/\/fmp-components.com\/wp-content\/uploads\/2025\/03\/hydraulic-cylinder-8.webp\" alt=\"Teleskopick\u00e9 hydraulick\u00e9 valce\" width=\"933\" height=\"526\" title=\"\" srcset=\"https:\/\/fmp-components.com\/wp-content\/uploads\/2025\/03\/hydraulic-cylinder-8.webp 933w, https:\/\/fmp-components.com\/wp-content\/uploads\/2025\/03\/hydraulic-cylinder-8-480x271.webp 480w\" sizes=\"(min-width: 0px) and (max-width: 480px) 480px, (min-width: 481px) 933px, 100vw\" \/><\/p>\n<p>Na\u0161e poslanie je priamo\u010diare, no z\u00e1rove\u0148 ambici\u00f3zne: poskytova\u0165 na\u0161im z\u00e1kazn\u00edkom hydraulick\u00e9 valce, ktor\u00e9 prekon\u00e1vaj\u00fa o\u010dak\u00e1vania vo v\u00fdkone, odolnosti a hodnote. Pracujeme na z\u00e1klade profesionality, integrity a zamerania sa na z\u00e1kazn\u00edka. Podporou kult\u00fary inov\u00e1ci\u00ed a presnosti neust\u00e1le vylep\u0161ujeme na\u0161e produkty, aby sme si udr\u017eali konkuren\u010dn\u00fa v\u00fdhodu na trhu. N\u00e1\u0161 rozsiahly sortiment produktov a schopnos\u0165 pon\u00faka\u0165 rie\u0161enia na mieru z n\u00e1s robia preferovan\u00fa vo\u013ebu pre firmy, ktor\u00e9 h\u013eadaj\u00fa vysoko v\u00fdkonn\u00e9 hydraulick\u00e9 valce.<\/p>\n<p>FMP je viac ne\u017e len v\u00fdrobca; sme partnerom vo va\u0161om \u00faspechu. Uvedomujeme si, \u017ee na\u0161i z\u00e1kazn\u00edci sa na n\u00e1s spoliehaj\u00fa, \u017ee im dod\u00e1me n\u00e1stroje, ktor\u00e9 zvy\u0161uj\u00fa ich produktivitu a bezpe\u010dnos\u0165. Preto sa zav\u00e4zujeme poskytova\u0165 nielen \u0161pi\u010dkov\u00e9 produkty, ale aj v\u00fdnimo\u010dn\u00fd servis. Od \u00favodnej konzult\u00e1cie a\u017e po popredajn\u00fa podporu \u00fazko spolupracujeme s na\u0161imi klientmi, aby sme zabezpe\u010dili, \u017ee ich potreby bud\u00fa splnen\u00e9 s profesionalitou a starostlivos\u0165ou. Na\u0161e konkurencieschopn\u00e9 ceny v kombin\u00e1cii s na\u0161\u00edm neochvejn\u00fdm z\u00e1v\u00e4zkom ku kvalite stavaj\u00fa FMP ako inteligentn\u00fa vo\u013ebu pre spolo\u010dnosti, ktor\u00e9 chc\u00fa investova\u0165 do hydraulick\u00fdch rie\u0161en\u00ed, ktor\u00fdm m\u00f4\u017eu d\u00f4verova\u0165.<\/p>","protected":false},"excerpt":{"rendered":"<p>Factory 5 Stage Telescopic Hydraulic Cylinder Multistage Hydraulic Cylinder Introducing the 5 Stage Telescopic hydraulic cylinder From FMP, a Italian Factory renowned for its high-quality hydraulic cylinders. Crafted to perfection, this multistage hydraulic cylinder offers unparalleled efficiency and performance in various industries such as machinery repair shops, farms, energy &amp; mining, machinery manufacturing, and machinery [&hellip;]<\/p>","protected":false},"featured_media":6688,"comment_status":"closed","ping_status":"closed","template":"","meta":{"_et_pb_use_builder":"","_et_pb_old_content":"","_et_gb_content_width":""},"product_brand":[],"product_cat":[103],"product_tag":[34,105],"class_list":{"0":"post-6523","1":"product","2":"type-product","3":"status-publish","4":"has-post-thumbnail","6":"product_cat-telescopic-hydraulic-cylinders","7":"product_tag-hydraulic-cylinder","8":"product_tag-telescopic-hydraulic-cylinders","10":"first","11":"instock","12":"product-type-simple"},"_links":{"self":[{"href":"https:\/\/fmp-components.com\/sk\/wp-json\/wp\/v2\/product\/6523","targetHints":{"allow":["GET"]}}],"collection":[{"href":"https:\/\/fmp-components.com\/sk\/wp-json\/wp\/v2\/product"}],"about":[{"href":"https:\/\/fmp-components.com\/sk\/wp-json\/wp\/v2\/types\/product"}],"replies":[{"embeddable":true,"href":"https:\/\/fmp-components.com\/sk\/wp-json\/wp\/v2\/comments?post=6523"}],"wp:featuredmedia":[{"embeddable":true,"href":"https:\/\/fmp-components.com\/sk\/wp-json\/wp\/v2\/media\/6688"}],"wp:attachment":[{"href":"https:\/\/fmp-components.com\/sk\/wp-json\/wp\/v2\/media?parent=6523"}],"wp:term":[{"taxonomy":"product_brand","embeddable":true,"href":"https:\/\/fmp-components.com\/sk\/wp-json\/wp\/v2\/product_brand?post=6523"},{"taxonomy":"product_cat","embeddable":true,"href":"https:\/\/fmp-components.com\/sk\/wp-json\/wp\/v2\/product_cat?post=6523"},{"taxonomy":"product_tag","embeddable":true,"href":"https:\/\/fmp-components.com\/sk\/wp-json\/wp\/v2\/product_tag?post=6523"}],"curies":[{"name":"pracovn\u00fd list","href":"https:\/\/api.w.org\/{rel}","templated":true}]}}