{"id":6522,"date":"2025-03-11T06:26:57","date_gmt":"2025-03-11T06:26:57","guid":{"rendered":"https:\/\/fmp-components.com\/product\/factory-customized-2-stage-hydraulic-cylinder-small-dump-truck-multistage-hydraulic-cylinder"},"modified":"2025-03-12T01:10:20","modified_gmt":"2025-03-12T01:10:20","slug":"factory-customized-2-stage-hydraulic-cylinder-small-dump-truck-multistage-hydraulic-cylinder","status":"publish","type":"product","link":"https:\/\/fmp-components.com\/sk\/product\/factory-customized-2-stage-hydraulic-cylinder-small-dump-truck-multistage-hydraulic-cylinder\/","title":{"rendered":"Viacstup\u0148ov\u00fd hydraulick\u00fd valec pre mal\u00e9 skl\u00e1pa\u010de na mieru pre tov\u00e1re\u0148"},"content":{"rendered":"<h2>Viacstup\u0148ov\u00fd hydraulick\u00fd valec pre mal\u00e9 skl\u00e1pa\u010de na mieru pre tov\u00e1re\u0148<\/h2>\n<p>Objavte pozoruhodn\u00fa \u00fa\u010dinnos\u0165 a odolnos\u0165 n\u00e1\u0161ho dvojstup\u0148ov\u00e9ho hydraulick\u00e9ho valca vyroben\u00e9ho na mieru. Tento viacstup\u0148ov\u00fd hydraulick\u00fd valec, navrhnut\u00fd \u0161peci\u00e1lne pre mal\u00e9 skl\u00e1pa\u010de a in\u00e9 stroje, pon\u00faka bezkonkuren\u010dn\u00fd v\u00fdkon a spo\u013eahlivos\u0165. \u010ci u\u017e pracujete v oblasti opravy strojov, po\u013enohospod\u00e1rstva, energetiky a ban\u00edctva alebo v\u00fdroby strojov, n\u00e1\u0161 hydraulick\u00fd valec prekon\u00e1 va\u0161e o\u010dak\u00e1vania.<\/p>\n<h2>\u0160pecifik\u00e1cie produktu<\/h2>\n<p>Pri n\u00e1vrhu a v\u00fdrobe na\u0161ich hydraulick\u00fdch valcov sme venovali ve\u013ea \u00favah a zv\u00e1\u017eenia. Tu s\u00fa k\u013e\u00fa\u010dov\u00e9 parametre:<\/p>\n<table style=\"width: 100.555%;\" border=\"\">\n<tbody>\n<tr>\n<td style=\"width: 43.5028%;\"><i>Ve\u013ekos\u0165 otvoru:<\/i><\/td>\n<td style=\"width: 488.136%;\">2-6 palcov<\/td>\n<\/tr>\n<tr>\n<td style=\"width: 43.5028%;\"><i>Ve\u013ekos\u0165 ty\u010de:<\/i><\/td>\n<td style=\"width: 488.136%;\">1,125-4 palca<\/td>\n<\/tr>\n<tr>\n<td style=\"width: 43.5028%;\"><i>Ve\u013ekos\u0165 \u0165ahu:<\/i><\/td>\n<td style=\"width: 488.136%;\">4-100 palcov<\/td>\n<\/tr>\n<tr>\n<td style=\"width: 43.5028%;\"><i>Ve\u013ekos\u0165 \u010dapu:<\/i><\/td>\n<td style=\"width: 488.136%;\">0,5-2 palce<\/td>\n<\/tr>\n<tr>\n<td style=\"width: 43.5028%;\"><i>Porty:<\/i><\/td>\n<td style=\"width: 488.136%;\">G\/SAE\/NPT\/M<\/td>\n<\/tr>\n<\/tbody>\n<\/table>\n<h2>Jedine\u010dn\u00e9 vlastnosti a v\u00fdhody<\/h2>\n<p>Na\u0161e hydraulick\u00e9 valce s\u00fa navrhnut\u00e9 s radom jedine\u010dn\u00fdch vlastnost\u00ed, ktor\u00e9 ich odli\u0161uj\u00fa na trhu. Jednou z vynikaj\u00facich vlastnost\u00ed je ich energetick\u00e1 \u00fa\u010dinnos\u0165, ktor\u00e1 zabezpe\u010duje minim\u00e1lnu stratu energie po\u010das prev\u00e1dzky, \u010do vedie k zn\u00ed\u017eeniu prev\u00e1dzkov\u00fdch n\u00e1kladov a men\u0161iemu vplyvu na \u017eivotn\u00e9 prostredie. Okrem toho s\u00fa tieto valce skon\u0161truovan\u00e9 pre vysok\u00fd v\u00fdkon a poskytuj\u00fa potrebn\u00fa silu a r\u00fdchlos\u0165 na presn\u00e9 zvl\u00e1dnutie aj t\u00fdch najn\u00e1ro\u010dnej\u0161\u00edch \u00faloh. Bezpe\u010dnos\u0165 je tie\u017e najvy\u0161\u0161ou prioritou; na\u0161e hydraulick\u00e9 valce s\u00fa vybaven\u00e9 pokro\u010dil\u00fdmi bezpe\u010dnostn\u00fdmi mechanizmami, ktor\u00e9 zabra\u0148uj\u00fa pretlaku a zabezpe\u010duj\u00fa spo\u013eahliv\u00fa prev\u00e1dzku v r\u00f4znych podmienkach.<\/p>\n<p>Tieto valce s\u00fa vyroben\u00e9 tak, aby odolali najn\u00e1ro\u010dnej\u0161\u00edm podmienkam, a s\u00fa vyroben\u00e9 z odoln\u00fdch materi\u00e1lov a robustnej kon\u0161trukcie, ktor\u00e9 zvy\u0161uj\u00fa ich \u017eivotnos\u0165 a v\u00fdkon. \u010ci u\u017e \u010delia extr\u00e9mnym teplot\u00e1m, \u0165a\u017ek\u00fdm za\u0165a\u017eeniam alebo n\u00e1ro\u010dn\u00fdm pracovn\u00fdm podmienkam, na\u0161e hydraulick\u00e9 valce s\u00fa vyroben\u00e9 tak, aby vydr\u017eali, prin\u00e1\u0161ali konzistentn\u00e9 v\u00fdsledky a minimalizovali prestoje. T\u00e1to kombin\u00e1cia energetickej \u00fa\u010dinnosti, vysok\u00e9ho v\u00fdkonu a bezpe\u010dnosti rob\u00ed z na\u0161ich hydraulick\u00fdch valcov cenn\u00fa invest\u00edciu pre ka\u017ed\u00e9 odvetvie.<\/p>\n<p><img loading=\"lazy\" decoding=\"async\" class=\"alignnone  wp-image-6665\" src=\"https:\/\/fmp-components.com\/wp-content\/uploads\/2025\/03\/telescopic-hydraulic-cylinder-9.webp\" alt=\"teleskopick\u00fd hydraulick\u00fd valec\" width=\"916\" height=\"916\" title=\"\" srcset=\"https:\/\/fmp-components.com\/wp-content\/uploads\/2025\/03\/telescopic-hydraulic-cylinder-9.webp 916w, https:\/\/fmp-components.com\/wp-content\/uploads\/2025\/03\/telescopic-hydraulic-cylinder-9-480x480.webp 480w\" sizes=\"(min-width: 0px) and (max-width: 480px) 480px, (min-width: 481px) 916px, 100vw\" \/><\/p>\n<h3>Hydraulick\u00e9 syst\u00e9my a princ\u00edpy fungovania<\/h3>\n<p>Hydraulick\u00e9 syst\u00e9my funguj\u00fa na z\u00e1kladnom princ\u00edpe vyu\u017eitia sily tlaku kvapaliny. V na\u0161ich hydraulick\u00fdch valcoch je piest ovl\u00e1dan\u00fd tlakom hydraulickej kvapaliny, ktor\u00e1 je \u010derpan\u00e1 do valca. Ke\u010f kvapalina vstupuje, vyv\u00edja tlak na piest, \u010d\u00edm ho uvedie do pohybu. Tento pohyb sa potom efekt\u00edvne pren\u00e1\u0161a na pripojen\u00e9 stroje, \u010d\u00edm sa poskytuje potrebn\u00fd v\u00fdkon potrebn\u00fd na vykon\u00e1vanie \u0161irokej \u0161k\u00e1ly \u00faloh. Vyu\u017eit\u00edm tlaku kvapaliny m\u00f4\u017eu hydraulick\u00e9 syst\u00e9my generova\u0165 zna\u010dn\u00fa silu a u\u013eah\u010dova\u0165 plynul\u00fd a kontrolovan\u00fd pohyb, v\u010faka \u010domu s\u00fa nevyhnutn\u00e9 v aplik\u00e1ci\u00e1ch od stavebn\u00fdch zariaden\u00ed a\u017e po v\u00fdrobn\u00e9 procesy.<\/p>\n<h2>Hydraulick\u00e9 valce a pohonn\u00e9 jednotky<\/h2>\n<p>Hydraulick\u00e9 valce a pohonn\u00e9 jednotky s\u00fa neoddelite\u013enou s\u00fa\u010das\u0165ou hydraulick\u00fdch syst\u00e9mov a harmonicky spolupracuj\u00fa na zabezpe\u010den\u00ed efekt\u00edvneho vyu\u017eitia hydraulickej technol\u00f3gie v r\u00f4znych odvetviach. Hydraulick\u00fd valec sl\u00fa\u017ei ako ovl\u00e1da\u010d, ktor\u00fd premie\u0148a hydraulick\u00fa energiu na mechanick\u00fd pohyb, zatia\u013e \u010do pohonn\u00e1 jednotka sl\u00fa\u017ei ako srdce syst\u00e9mu a dod\u00e1va tlakov\u00fa kvapalinu, ktor\u00e1 poh\u00e1\u0148a \u010dinnos\u0165 valca. Spolo\u010dne poskytuj\u00fa spo\u013eahliv\u00fa podporu nap\u00e1jania a riadenia pre \u0161irok\u00fa \u0161k\u00e1lu technick\u00fdch a mechanick\u00fdch zariaden\u00ed.<\/p>\n<p>V spolo\u010dnosti FMP si uvedomujeme k\u013e\u00fa\u010dov\u00fa \u00falohu, ktor\u00fa tieto komponenty zohr\u00e1vaj\u00fa pri zvy\u0161ovan\u00ed prev\u00e1dzkovej efekt\u00edvnosti. Preto pon\u00fakame na predaj aj v\u00fdber pohonn\u00fdch jednotiek, ktor\u00e9 v\u00e1m zabezpe\u010dia komplexn\u00e9 rie\u0161enie pre v\u0161etky va\u0161e potreby v oblasti hydraulick\u00e9ho syst\u00e9mu. N\u00e1\u0161 z\u00e1v\u00e4zok ku kvalite a v\u00fdkonu znamen\u00e1, \u017ee sa m\u00f4\u017eete spo\u013eahn\u00fa\u0165 na na\u0161e produkty, ktor\u00e9 poskytn\u00fa spo\u013eahlivos\u0165 a efekt\u00edvnos\u0165 potrebn\u00fa pre va\u0161u prev\u00e1dzku bez oh\u013eadu na odvetvie alebo aplik\u00e1ciu.<\/p>\n<h2>\u010casto kladen\u00e9 ot\u00e1zky<\/h2>\n<p><b>Ot\u00e1zka: Ste obchodn\u00e1 spolo\u010dnos\u0165 alebo v\u00fdrobca?<\/b><br \/>\nA: Sme tov\u00e1re\u0148.<\/p>\n<p><b>Ot\u00e1zka: Ak\u00e1 je va\u0161a dodacia lehota?<\/b><br \/>\nA: Vo v\u0161eobecnosti je to 25-35 dn\u00ed.<\/p>\n<p><b>Ot\u00e1zka: Poskytujete vzorky? Je to zadarmo alebo navy\u0161e?<\/b><br \/>\nA: \u00c1no, mohli by sme pon\u00faknu\u0165 vzorku, ale nie je zadarmo.<\/p>\n<p><img loading=\"lazy\" decoding=\"async\" class=\"alignnone  wp-image-6717\" src=\"https:\/\/fmp-components.com\/wp-content\/uploads\/2025\/03\/hydraulic-cylinder-211.webp\" alt=\"Hydraulick\u00e9 valce\" width=\"910\" height=\"912\" title=\"\" srcset=\"https:\/\/fmp-components.com\/wp-content\/uploads\/2025\/03\/hydraulic-cylinder-211.webp 910w, https:\/\/fmp-components.com\/wp-content\/uploads\/2025\/03\/hydraulic-cylinder-211-480x481.webp 480w\" sizes=\"(min-width: 0px) and (max-width: 480px) 480px, (min-width: 481px) 910px, 100vw\" \/><\/p>\n<h3>O FMP<\/h3>\n<p>FMP je popredn\u00fd taliansky v\u00fdrobca zn\u00e1my svojimi odborn\u00fdmi znalos\u0165ami v oblasti n\u00e1vrhu, v\u00fdvoja a v\u00fdroby vysoko kvalitn\u00fdch hydraulick\u00fdch valcov. S bohatou hist\u00f3riou budovanou po cel\u00e9 desa\u0165ro\u010dia sp\u00e1jame tradi\u010dn\u00e9 talianske remeseln\u00e9 spracovanie s najmodernej\u0161ou technol\u00f3giou, aby sme vytvorili v\u00fdnimo\u010dn\u00e9 hydraulick\u00e9 rie\u0161enia, ktor\u00e9 uspokoja rozmanit\u00e9 potreby na\u0161ich z\u00e1kazn\u00edkov po celom svete. Spolo\u010dnos\u0165 FMP so s\u00eddlom v Taliansku, centre in\u017einierskej excelentnosti, sa etablovala ako d\u00f4veryhodn\u00e9 meno v hydraulickom priemysle, ktor\u00e9 sa venuje dod\u00e1vaniu spo\u013eahliv\u00fdch, odoln\u00fdch a inovat\u00edvnych produktov, ktor\u00e9 posil\u0148uj\u00fa podniky na celom svete.<\/p>\n<p>Na\u0161a spolo\u010dnos\u0165 sp\u00e1ja pokro\u010dil\u00e9 v\u00fdrobn\u00e9 trad\u00edcie s progres\u00edvnym zm\u00fd\u0161\u013ean\u00edm. V\u010faka na\u0161im rozsiahlym sk\u00fasenostiam v oblasti hydraulick\u00fdch syst\u00e9mov sa spolo\u010dnos\u0165 FMP transformovala na modern\u00fd podnik, ktor\u00fd vynik\u00e1 vo v\u00fdskume, dizajne a v\u00fdrobe. Pon\u00fakame komplexn\u00fd sortiment hydraulick\u00fdch valcov vr\u00e1tane dvoj\u010dinn\u00fdch valcov, zdv\u00edhac\u00edch valcov pre automobily, valcov pre po\u013enohospod\u00e1rske stroje a na mieru navrhnut\u00fdch rie\u0161en\u00ed prisp\u00f4soben\u00fdch r\u00f4znym priemyseln\u00fdm aplik\u00e1ci\u00e1m. \u010ci u\u017e ide o stavebn\u00edctvo, priemyseln\u00e9 in\u0161tal\u00e1cie, po\u013enohospod\u00e1rstvo alebo \u0165a\u017ek\u00e9 stroje, na\u0161e hydraulick\u00e9 valce s\u00fa navrhnut\u00e9 tak, aby fungovali v najn\u00e1ro\u010dnej\u0161\u00edch podmienkach a zabezpe\u010dovali bezpe\u010dnos\u0165, \u00fa\u010dinnos\u0165 a dlh\u00fa \u017eivotnos\u0165.<\/p>\n<p>V spolo\u010dnosti FMP sme hrd\u00ed na na\u0161e najmodernej\u0161ie v\u00fdrobn\u00e9 zariadenia, vybaven\u00e9 presn\u00fdmi strojmi a pokro\u010dil\u00fdmi testovac\u00edmi syst\u00e9mami. Na\u0161e v\u00fdrobn\u00e9 procesy sp\u013a\u0148aj\u00fa pr\u00edsne n\u00e1rodn\u00e9 a medzin\u00e1rodn\u00e9 normy, \u010do zabezpe\u010duje, \u017ee ka\u017ed\u00fd vyroben\u00fd hydraulick\u00fd valec sp\u013a\u0148a najvy\u0161\u0161ie \u0161tandardy kvality a spo\u013eahlivosti. N\u00e1\u0161 sk\u00fasen\u00fd technick\u00fd t\u00edm v kombin\u00e1cii s modern\u00fdm vybaven\u00edm n\u00e1m umo\u017e\u0148uje dodr\u017eiava\u0165 pr\u00edsnu kontrolu kvality v ka\u017edej f\u00e1ze v\u00fdroby \u2013 od v\u00fdberu surov\u00edn a\u017e po kone\u010dn\u00fa kontrolu. Tento z\u00e1v\u00e4zok k dokonalosti n\u00e1m vyniesol certifik\u00e1cie a ocenenia od priemyseln\u00fdch autor\u00edt, \u010d\u00edm posil\u0148ujeme na\u0161u reput\u00e1ciu spo\u013eahliv\u00e9ho partnera.<\/p>\n<p><img loading=\"lazy\" decoding=\"async\" class=\"alignnone size-full wp-image-6720\" src=\"https:\/\/fmp-components.com\/wp-content\/uploads\/2025\/03\/hydraulic-cylinder-8.webp\" alt=\"Teleskopick\u00e9 hydraulick\u00e9 valce\" width=\"933\" height=\"526\" title=\"\" srcset=\"https:\/\/fmp-components.com\/wp-content\/uploads\/2025\/03\/hydraulic-cylinder-8.webp 933w, https:\/\/fmp-components.com\/wp-content\/uploads\/2025\/03\/hydraulic-cylinder-8-480x271.webp 480w\" sizes=\"(min-width: 0px) and (max-width: 480px) 480px, (min-width: 481px) 933px, 100vw\" \/><\/p>\n<p>Na\u0161e poslanie je priamo\u010diare, no z\u00e1rove\u0148 ambici\u00f3zne: poskytova\u0165 na\u0161im z\u00e1kazn\u00edkom hydraulick\u00e9 valce, ktor\u00e9 prekon\u00e1vaj\u00fa o\u010dak\u00e1vania vo v\u00fdkone, odolnosti a hodnote. Pracujeme na z\u00e1klade profesionality, integrity a zamerania sa na z\u00e1kazn\u00edka. Podporou kult\u00fary inov\u00e1ci\u00ed a presnosti neust\u00e1le vylep\u0161ujeme na\u0161e produkty, aby sme si udr\u017eali konkuren\u010dn\u00fa v\u00fdhodu na trhu. N\u00e1\u0161 rozsiahly sortiment produktov a schopnos\u0165 pon\u00faka\u0165 rie\u0161enia na mieru z n\u00e1s robia preferovan\u00fa vo\u013ebu pre firmy, ktor\u00e9 h\u013eadaj\u00fa vysoko v\u00fdkonn\u00e9 hydraulick\u00e9 valce.<\/p>\n<p>FMP je viac ne\u017e len v\u00fdrobca; sme partnerom vo va\u0161om \u00faspechu. Uvedomujeme si, \u017ee na\u0161i z\u00e1kazn\u00edci sa na n\u00e1s spoliehaj\u00fa, \u017ee im dod\u00e1me n\u00e1stroje, ktor\u00e9 zvy\u0161uj\u00fa ich produktivitu a bezpe\u010dnos\u0165. Preto sa zav\u00e4zujeme poskytova\u0165 nielen \u0161pi\u010dkov\u00e9 produkty, ale aj v\u00fdnimo\u010dn\u00fd servis. Od \u00favodnej konzult\u00e1cie a\u017e po popredajn\u00fa podporu \u00fazko spolupracujeme s na\u0161imi klientmi, aby sme zabezpe\u010dili, \u017ee ich potreby bud\u00fa splnen\u00e9 s profesionalitou a starostlivos\u0165ou. Na\u0161e konkurencieschopn\u00e9 ceny v kombin\u00e1cii s na\u0161\u00edm neochvejn\u00fdm z\u00e1v\u00e4zkom ku kvalite stavaj\u00fa FMP ako inteligentn\u00fa vo\u013ebu pre spolo\u010dnosti, ktor\u00e9 chc\u00fa investova\u0165 do hydraulick\u00fdch rie\u0161en\u00ed, ktor\u00fdm m\u00f4\u017eu d\u00f4verova\u0165.<\/p>","protected":false},"excerpt":{"rendered":"<p>Factory Customized 2 Stage Hydraulic Cylinder Small Dump Truck Multistage Hydraulic Cylinder Discover the remarkable efficiency and durability of our Factory Customized 2 Stage Hydraulic Cylinder. Designed specifically for small dump trucks and other machinery, this multistage hydraulic cylinder offers unmatched performance and reliability. Whether you work in machinery repair, farming, energy &amp; mining, or [&hellip;]<\/p>","protected":false},"featured_media":6690,"comment_status":"closed","ping_status":"closed","template":"","meta":{"_et_pb_use_builder":"","_et_pb_old_content":"","_et_gb_content_width":""},"product_brand":[],"product_cat":[103],"product_tag":[34,105],"class_list":{"0":"post-6522","1":"product","2":"type-product","3":"status-publish","4":"has-post-thumbnail","6":"product_cat-telescopic-hydraulic-cylinders","7":"product_tag-hydraulic-cylinder","8":"product_tag-telescopic-hydraulic-cylinders","10":"first","11":"instock","12":"product-type-simple"},"_links":{"self":[{"href":"https:\/\/fmp-components.com\/sk\/wp-json\/wp\/v2\/product\/6522","targetHints":{"allow":["GET"]}}],"collection":[{"href":"https:\/\/fmp-components.com\/sk\/wp-json\/wp\/v2\/product"}],"about":[{"href":"https:\/\/fmp-components.com\/sk\/wp-json\/wp\/v2\/types\/product"}],"replies":[{"embeddable":true,"href":"https:\/\/fmp-components.com\/sk\/wp-json\/wp\/v2\/comments?post=6522"}],"wp:featuredmedia":[{"embeddable":true,"href":"https:\/\/fmp-components.com\/sk\/wp-json\/wp\/v2\/media\/6690"}],"wp:attachment":[{"href":"https:\/\/fmp-components.com\/sk\/wp-json\/wp\/v2\/media?parent=6522"}],"wp:term":[{"taxonomy":"product_brand","embeddable":true,"href":"https:\/\/fmp-components.com\/sk\/wp-json\/wp\/v2\/product_brand?post=6522"},{"taxonomy":"product_cat","embeddable":true,"href":"https:\/\/fmp-components.com\/sk\/wp-json\/wp\/v2\/product_cat?post=6522"},{"taxonomy":"product_tag","embeddable":true,"href":"https:\/\/fmp-components.com\/sk\/wp-json\/wp\/v2\/product_tag?post=6522"}],"curies":[{"name":"pracovn\u00fd list","href":"https:\/\/api.w.org\/{rel}","templated":true}]}}