{"id":6517,"date":"2025-03-11T06:26:57","date_gmt":"2025-03-11T06:26:57","guid":{"rendered":"https:\/\/fmp-components.com\/product\/factory-serving-small-dump-truck-hydraulic-hoist-cylinder-multistage-hydraulic-cylinder"},"modified":"2025-03-12T01:35:55","modified_gmt":"2025-03-12T01:35:55","slug":"factory-serving-small-dump-truck-hydraulic-hoist-cylinder-multistage-hydraulic-cylinder","status":"publish","type":"product","link":"https:\/\/fmp-components.com\/sk\/product\/factory-serving-small-dump-truck-hydraulic-hoist-cylinder-multistage-hydraulic-cylinder\/","title":{"rendered":"Viacstup\u0148ov\u00fd hydraulick\u00fd valec pre mal\u00e9 skl\u00e1pa\u010de"},"content":{"rendered":"<h2>Viacstup\u0148ov\u00fd hydraulick\u00fd valec pre mal\u00e9 skl\u00e1pa\u010de<\/h2>\n<p>Predstavujeme v\u00e1m n\u00e1\u0161 \u00faplne nov\u00fd viacstup\u0148ov\u00fd hydraulick\u00fd valec pre mal\u00e9 skl\u00e1pa\u010de, ktor\u00fd je ur\u010den\u00fd pre mont\u00e1\u017e z tov\u00e1rne. Je to \u0161pi\u010dkov\u00e9 rie\u0161enie navrhnut\u00e9 tak, aby sp\u013a\u0148alo va\u0161e potreby v oblasti strojov. Tento hydraulick\u00fd valec je vyroben\u00fd z najkvalitnej\u0161\u00edch materi\u00e1lov a navrhnut\u00fd pre vynikaj\u00faci v\u00fdkon, tak\u017ee je tou spr\u00e1vnou vo\u013ebou pre \u0161irok\u00fa \u0161k\u00e1lu aplik\u00e1ci\u00ed.<\/p>\n<h3>Vlastnosti a d\u00f4le\u017eitos\u0165 produktu<\/h3>\n<p>N\u00e1\u0161 viacstup\u0148ov\u00fd hydraulick\u00fd valec je ur\u010den\u00fd pre mal\u00e9 skl\u00e1pa\u010de a sl\u00fa\u017ei ako robustn\u00fd a spo\u013eahliv\u00fd hydraulick\u00fd zdvih\u00e1k. Zohr\u00e1va k\u013e\u00fa\u010dov\u00fa \u00falohu pri zdv\u00edhan\u00ed a premiest\u0148ovan\u00ed \u0165a\u017ek\u00fdch bremien, \u010d\u00edm zvy\u0161uje produktivitu a efekt\u00edvnos\u0165 v r\u00f4znych odvetviach, ako s\u00fa opravovne strojov, farmy, energetika a ban\u00edctvo, v\u00fdroba strojov a stroj\u00e1rne.<\/p>\n<h3>Technick\u00e9 \u0161pecifik\u00e1cie<\/h3>\n<p>N\u00e1\u0161 hydraulick\u00fd zdv\u00edhac\u00ed valec je vyroben\u00fd s podrobn\u00fdmi \u0161pecifik\u00e1ciami, ktor\u00e9 zabezpe\u010duj\u00fa optim\u00e1lny v\u00fdkon a odolnos\u0165.<\/p>\n<table style=\"width: 101.27%;\" border=\"\">\n<tbody>\n<tr>\n<td style=\"width: 42.9379%;\"><i>Ve\u013ekos\u0165 otvoru<\/i><\/td>\n<td style=\"width: 480.791%;\">2-6 palcov<\/td>\n<\/tr>\n<tr>\n<td style=\"width: 42.9379%;\"><i>Ve\u013ekos\u0165 ty\u010de<\/i><\/td>\n<td style=\"width: 480.791%;\">1,125-4 palca<\/td>\n<\/tr>\n<tr>\n<td style=\"width: 42.9379%;\"><i>Ve\u013ekos\u0165 \u0165ahu<\/i><\/td>\n<td style=\"width: 480.791%;\">4-100 palcov<\/td>\n<\/tr>\n<tr>\n<td style=\"width: 42.9379%;\"><i>Ve\u013ekos\u0165 \u010dapu<\/i><\/td>\n<td style=\"width: 480.791%;\">0,5-2 palce<\/td>\n<\/tr>\n<tr>\n<td style=\"width: 42.9379%;\"><i>Porty<\/i><\/td>\n<td style=\"width: 480.791%;\">G\/SAE\/NPT\/M<\/td>\n<\/tr>\n<\/tbody>\n<\/table>\n<h2>Jedine\u010dn\u00e9 vlastnosti a v\u00fdhody<\/h2>\n<p>N\u00e1\u0161 viacstup\u0148ov\u00fd hydraulick\u00fd valec je navrhnut\u00fd s radom jedine\u010dn\u00fdch vlastnost\u00ed a v\u00fdhod, ktor\u00e9 ho odli\u0161uj\u00fa od ostatn\u00fdch na trhu. S pozoruhodn\u00fdm maxim\u00e1lnym \u0165ahom 3000 a maxim\u00e1lnou \u0165a\u017enou silou 20 ton poskytuje tento valec v\u00fdnimo\u010dn\u00fd v\u00fdkon a \u00fa\u010dinnos\u0165, v\u010faka \u010domu je ide\u00e1lny pre n\u00e1ro\u010dn\u00e9 aplik\u00e1cie. Jeho energeticky \u00fasporn\u00e1 kon\u0161trukcia nielen maximalizuje v\u00fdkon, ale aj minimalizuje prev\u00e1dzkov\u00e9 n\u00e1klady, \u010d\u00edm zabezpe\u010duje, \u017ee pou\u017e\u00edvatelia profituj\u00fa z efekt\u00edvnosti aj udr\u017eate\u013enosti.<\/p>\n<p>Valec je vyroben\u00fd z vysoko kvalitnej ocele a m\u00f4\u017ee sa pochv\u00e1li\u0165 bezkonkuren\u010dnou odolnos\u0165ou a bezpe\u010dnos\u0165ou, v\u010faka \u010domu je vhodn\u00fd do n\u00e1ro\u010dn\u00fdch pracovn\u00fdch prostred\u00ed. Robustn\u00e9 oce\u013eov\u00e9 telo zais\u0165uje, \u017ee odol\u00e1 nam\u00e1haniu a nap\u00e4tiu spojen\u00e9mu s n\u00e1ro\u010dn\u00fdmi \u00falohami, \u010do poskytuje obsluhe pokoj. N\u00e1\u0161 viacstup\u0148ov\u00fd hydraulick\u00fd valec m\u00e1 navy\u0161e certifik\u00e1t ISO9001:2000, \u010do odr\u00e1\u017ea n\u00e1\u0161 z\u00e1v\u00e4zok udr\u017eiava\u0165 najvy\u0161\u0161ie \u0161tandardy kvality a spo\u013eahlivosti na\u0161ich produktov. T\u00e1to certifik\u00e1cia zaru\u010duje z\u00e1kazn\u00edkom, \u017ee investuj\u00fa do produktu, ktor\u00fd sp\u013a\u0148a pr\u00edsne medzin\u00e1rodn\u00e9 normy riadenia kvality, \u010do \u010falej zvy\u0161uje jeho atraktivitu v r\u00f4znych priemyseln\u00fdch aplik\u00e1ci\u00e1ch.<\/p>\n<p><img loading=\"lazy\" decoding=\"async\" class=\"alignnone  wp-image-6664\" src=\"https:\/\/fmp-components.com\/wp-content\/uploads\/2025\/03\/telescopic-hydraulic-cylinder-8.webp\" alt=\"teleskopick\u00fd hydraulick\u00fd valec\" width=\"919\" height=\"919\" title=\"\" srcset=\"https:\/\/fmp-components.com\/wp-content\/uploads\/2025\/03\/telescopic-hydraulic-cylinder-8.webp 919w, https:\/\/fmp-components.com\/wp-content\/uploads\/2025\/03\/telescopic-hydraulic-cylinder-8-480x480.webp 480w\" sizes=\"(min-width: 0px) and (max-width: 480px) 480px, (min-width: 481px) 919px, 100vw\" \/><\/p>\n<h2>Hydraulick\u00fd syst\u00e9m a princ\u00edpy fungovania<\/h2>\n<p>N\u00e1\u0161 hydraulick\u00fd zdv\u00edhac\u00ed valec funguje na princ\u00edpe tlakovej kvapaliny, ktor\u00e1 je nevyhnutn\u00e1 pre vytvorenie line\u00e1rneho pohybu a sily. V tomto syst\u00e9me je tlakov\u00e1 hydraulick\u00e1 kvapalina priv\u00e1dzan\u00e1 do valca, \u010do sp\u00f4sobuje pohyb piestu. Tento pohyb generuje potrebn\u00fa silu na efekt\u00edvne zdv\u00edhanie alebo premiest\u0148ovanie \u0165a\u017ek\u00fdch bremien. Kon\u0161trukcia hydraulick\u00e9ho zdv\u00edhacieho valca zais\u0165uje, \u017ee tento proces je plynul\u00fd a v\u00fdkonn\u00fd, \u010do prispieva k vysok\u00e9mu v\u00fdkonu a spo\u013eahlivosti.<\/p>\n<p>Efekt\u00edvna premena hydraulickej energie na mechanick\u00fd pohyb umo\u017e\u0148uje n\u00e1\u0161mu hydraulick\u00e9mu zdv\u00edhaciemu valcu vykon\u00e1va\u0165 \u0161irok\u00fa \u0161k\u00e1lu \u00faloh s presnos\u0165ou. Tento efekt\u00edvny syst\u00e9m nielen zvy\u0161uje produktivitu, ale tie\u017e zabezpe\u010duje bezpe\u010dn\u00fa manipul\u00e1ciu s bremenami, v\u010faka \u010domu je d\u00f4le\u017eitou s\u00fa\u010das\u0165ou r\u00f4znych priemyseln\u00fdch aplik\u00e1ci\u00ed vr\u00e1tane stavebn\u00edctva, v\u00fdroby a dopravy.<\/p>\n<p><img loading=\"lazy\" decoding=\"async\" class=\"alignnone  wp-image-6665\" src=\"https:\/\/fmp-components.com\/wp-content\/uploads\/2025\/03\/telescopic-hydraulic-cylinder-9.webp\" alt=\"teleskopick\u00fd hydraulick\u00fd valec\" width=\"906\" height=\"906\" title=\"\" srcset=\"https:\/\/fmp-components.com\/wp-content\/uploads\/2025\/03\/telescopic-hydraulic-cylinder-9.webp 906w, https:\/\/fmp-components.com\/wp-content\/uploads\/2025\/03\/telescopic-hydraulic-cylinder-9-480x480.webp 480w\" sizes=\"(min-width: 0px) and (max-width: 480px) 480px, (min-width: 481px) 906px, 100vw\" \/><\/p>\n<h2>Hydraulick\u00e9 valce a pohonn\u00e9 jednotky<\/h2>\n<p>Hydraulick\u00e9 valce a pohonn\u00e9 jednotky s\u00fa nevyhnutn\u00fdmi prvkami hydraulick\u00fdch syst\u00e9mov, pri\u010dom ka\u017ed\u00e1 z nich hr\u00e1 k\u013e\u00fa\u010dov\u00fa \u00falohu v ich celkovej funk\u010dnosti. Hydraulick\u00fd valec sl\u00fa\u017ei ako ovl\u00e1da\u010d, ktor\u00fd premie\u0148a hydraulick\u00fa energiu na mechanick\u00fd pohyb, zatia\u013e \u010do pohonn\u00e1 jednotka p\u00f4sob\u00ed ako srdce syst\u00e9mu a dod\u00e1va potrebn\u00fa hydraulick\u00fa kvapalinu a tlak na pohon valca.<\/p>\n<p>Koordinovan\u00e1 funkcia t\u00fdchto dvoch komponentov je nevyhnutn\u00e1 pre \u0161irok\u00e9 vyu\u017eitie hydraulickej technol\u00f3gie v priemyselnom sektore. Spolo\u010dne poskytuj\u00fa spo\u013eahliv\u00fa podporu nap\u00e1jania a riadenia pre \u0161irok\u00fa \u0161k\u00e1lu technick\u00fdch a mechanick\u00fdch zariaden\u00ed, \u010d\u00edm zabezpe\u010duj\u00fa hladk\u00fd a efekt\u00edvny priebeh prev\u00e1dzky.<\/p>\n<p>V na\u0161ej spolo\u010dnosti ch\u00e1peme v\u00fdznam t\u00fdchto komponentov pri zvy\u0161ovan\u00ed prev\u00e1dzkovej efekt\u00edvnosti, a preto pon\u00fakame na predaj aj vysokokvalitn\u00e9 hydraulick\u00e9 jednotky. N\u00e1\u0161 z\u00e1v\u00e4zok dod\u00e1va\u0165 spo\u013eahliv\u00e9 hydraulick\u00e9 rie\u0161enia zaru\u010duje, \u017ee sa m\u00f4\u017eete spo\u013eahn\u00fa\u0165 na na\u0161e produkty, pokia\u013e ide o v\u00fdkon a ovl\u00e1danie potrebn\u00e9 vo va\u0161ich \u0161pecifick\u00fdch aplik\u00e1ci\u00e1ch.<\/p>\n<p><img loading=\"lazy\" decoding=\"async\" class=\"alignnone  wp-image-6717\" src=\"https:\/\/fmp-components.com\/wp-content\/uploads\/2025\/03\/hydraulic-cylinder-211.webp\" alt=\"Hydraulick\u00e9 valce\" width=\"910\" height=\"912\" title=\"\" srcset=\"https:\/\/fmp-components.com\/wp-content\/uploads\/2025\/03\/hydraulic-cylinder-211.webp 910w, https:\/\/fmp-components.com\/wp-content\/uploads\/2025\/03\/hydraulic-cylinder-211-480x481.webp 480w\" sizes=\"(min-width: 0px) and (max-width: 480px) 480px, (min-width: 481px) 910px, 100vw\" \/><\/p>\n<h2>\u010casto kladen\u00e9 ot\u00e1zky<\/h2>\n<p><b>Ot\u00e1zka: Ste obchodn\u00e1 spolo\u010dnos\u0165 alebo v\u00fdrobca?<\/b><br \/>\nA: Sme tov\u00e1re\u0148.<\/p>\n<p><b>Ot\u00e1zka: Ak\u00e1 je va\u0161a dodacia lehota?<\/b><br \/>\nA: Vo v\u0161eobecnosti je to 25-35 dn\u00ed.<\/p>\n<p><b>Ot\u00e1zka: Poskytujete vzorky?<\/b><br \/>\nA: \u00c1no, mohli by sme pon\u00faknu\u0165 vzorku, ale nie je zadarmo.<\/p>\n<h3>O FMP<\/h3>\n<p>FMP je popredn\u00fd taliansky v\u00fdrobca zn\u00e1my svojimi odborn\u00fdmi znalos\u0165ami v oblasti n\u00e1vrhu, v\u00fdvoja a v\u00fdroby vysoko kvalitn\u00fdch hydraulick\u00fdch valcov. S bohatou hist\u00f3riou budovanou po cel\u00e9 desa\u0165ro\u010dia sp\u00e1jame tradi\u010dn\u00e9 talianske remeseln\u00e9 spracovanie s najmodernej\u0161ou technol\u00f3giou, aby sme vytvorili v\u00fdnimo\u010dn\u00e9 hydraulick\u00e9 rie\u0161enia, ktor\u00e9 uspokoja rozmanit\u00e9 potreby na\u0161ich z\u00e1kazn\u00edkov po celom svete. Spolo\u010dnos\u0165 FMP so s\u00eddlom v Taliansku, centre in\u017einierskej excelentnosti, sa etablovala ako d\u00f4veryhodn\u00e9 meno v hydraulickom priemysle, ktor\u00e9 sa venuje dod\u00e1vaniu spo\u013eahliv\u00fdch, odoln\u00fdch a inovat\u00edvnych produktov, ktor\u00e9 posil\u0148uj\u00fa podniky na celom svete.<\/p>\n<p>Na\u0161a spolo\u010dnos\u0165 sp\u00e1ja pokro\u010dil\u00e9 v\u00fdrobn\u00e9 trad\u00edcie s progres\u00edvnym zm\u00fd\u0161\u013ean\u00edm. V\u010faka na\u0161im rozsiahlym sk\u00fasenostiam v oblasti hydraulick\u00fdch syst\u00e9mov sa spolo\u010dnos\u0165 FMP transformovala na modern\u00fd podnik, ktor\u00fd vynik\u00e1 vo v\u00fdskume, dizajne a v\u00fdrobe. Pon\u00fakame komplexn\u00fd sortiment hydraulick\u00fdch valcov vr\u00e1tane dvoj\u010dinn\u00fdch valcov, zdv\u00edhac\u00edch valcov pre automobily, valcov pre po\u013enohospod\u00e1rske stroje a na mieru navrhnut\u00fdch rie\u0161en\u00ed prisp\u00f4soben\u00fdch r\u00f4znym priemyseln\u00fdm aplik\u00e1ci\u00e1m. \u010ci u\u017e ide o stavebn\u00edctvo, priemyseln\u00e9 in\u0161tal\u00e1cie, po\u013enohospod\u00e1rstvo alebo \u0165a\u017ek\u00e9 stroje, na\u0161e hydraulick\u00e9 valce s\u00fa navrhnut\u00e9 tak, aby fungovali v najn\u00e1ro\u010dnej\u0161\u00edch podmienkach a zabezpe\u010dovali bezpe\u010dnos\u0165, \u00fa\u010dinnos\u0165 a dlh\u00fa \u017eivotnos\u0165.<\/p>\n<p>V spolo\u010dnosti FMP sme hrd\u00ed na na\u0161e najmodernej\u0161ie v\u00fdrobn\u00e9 zariadenia, vybaven\u00e9 presn\u00fdmi strojmi a pokro\u010dil\u00fdmi testovac\u00edmi syst\u00e9mami. Na\u0161e v\u00fdrobn\u00e9 procesy sp\u013a\u0148aj\u00fa pr\u00edsne n\u00e1rodn\u00e9 a medzin\u00e1rodn\u00e9 normy, \u010do zabezpe\u010duje, \u017ee ka\u017ed\u00fd vyroben\u00fd hydraulick\u00fd valec sp\u013a\u0148a najvy\u0161\u0161ie \u0161tandardy kvality a spo\u013eahlivosti. N\u00e1\u0161 sk\u00fasen\u00fd technick\u00fd t\u00edm v kombin\u00e1cii s modern\u00fdm vybaven\u00edm n\u00e1m umo\u017e\u0148uje dodr\u017eiava\u0165 pr\u00edsnu kontrolu kvality v ka\u017edej f\u00e1ze v\u00fdroby \u2013 od v\u00fdberu surov\u00edn a\u017e po kone\u010dn\u00fa kontrolu. Tento z\u00e1v\u00e4zok k dokonalosti n\u00e1m vyniesol certifik\u00e1cie a ocenenia od priemyseln\u00fdch autor\u00edt, \u010d\u00edm posil\u0148ujeme na\u0161u reput\u00e1ciu spo\u013eahliv\u00e9ho partnera.<\/p>\n<p><img loading=\"lazy\" decoding=\"async\" class=\"alignnone size-full wp-image-6720\" src=\"https:\/\/fmp-components.com\/wp-content\/uploads\/2025\/03\/hydraulic-cylinder-8.webp\" alt=\"Teleskopick\u00e9 hydraulick\u00e9 valce\" width=\"933\" height=\"526\" title=\"\" srcset=\"https:\/\/fmp-components.com\/wp-content\/uploads\/2025\/03\/hydraulic-cylinder-8.webp 933w, https:\/\/fmp-components.com\/wp-content\/uploads\/2025\/03\/hydraulic-cylinder-8-480x271.webp 480w\" sizes=\"(min-width: 0px) and (max-width: 480px) 480px, (min-width: 481px) 933px, 100vw\" \/><\/p>\n<p>Na\u0161e poslanie je priamo\u010diare, no z\u00e1rove\u0148 ambici\u00f3zne: poskytova\u0165 na\u0161im z\u00e1kazn\u00edkom hydraulick\u00e9 valce, ktor\u00e9 prekon\u00e1vaj\u00fa o\u010dak\u00e1vania vo v\u00fdkone, odolnosti a hodnote. Pracujeme na z\u00e1klade profesionality, integrity a zamerania sa na z\u00e1kazn\u00edka. Podporou kult\u00fary inov\u00e1ci\u00ed a presnosti neust\u00e1le vylep\u0161ujeme na\u0161e produkty, aby sme si udr\u017eali konkuren\u010dn\u00fa v\u00fdhodu na trhu. N\u00e1\u0161 rozsiahly sortiment produktov a schopnos\u0165 pon\u00faka\u0165 rie\u0161enia na mieru z n\u00e1s robia preferovan\u00fa vo\u013ebu pre firmy, ktor\u00e9 h\u013eadaj\u00fa vysoko v\u00fdkonn\u00e9 hydraulick\u00e9 valce.<\/p>\n<p>FMP je viac ne\u017e len v\u00fdrobca; sme partnerom vo va\u0161om \u00faspechu. Uvedomujeme si, \u017ee na\u0161i z\u00e1kazn\u00edci sa na n\u00e1s spoliehaj\u00fa, \u017ee im dod\u00e1me n\u00e1stroje, ktor\u00e9 zvy\u0161uj\u00fa ich produktivitu a bezpe\u010dnos\u0165. Preto sa zav\u00e4zujeme poskytova\u0165 nielen \u0161pi\u010dkov\u00e9 produkty, ale aj v\u00fdnimo\u010dn\u00fd servis. Od \u00favodnej konzult\u00e1cie a\u017e po popredajn\u00fa podporu \u00fazko spolupracujeme s na\u0161imi klientmi, aby sme zabezpe\u010dili, \u017ee ich potreby bud\u00fa splnen\u00e9 s profesionalitou a starostlivos\u0165ou. Na\u0161e konkurencieschopn\u00e9 ceny v kombin\u00e1cii s na\u0161\u00edm neochvejn\u00fdm z\u00e1v\u00e4zkom ku kvalite stavaj\u00fa FMP ako inteligentn\u00fa vo\u013ebu pre spolo\u010dnosti, ktor\u00e9 chc\u00fa investova\u0165 do hydraulick\u00fdch rie\u0161en\u00ed, ktor\u00fdm m\u00f4\u017eu d\u00f4verova\u0165.<\/p>","protected":false},"excerpt":{"rendered":"<p>Factory Serving Small Dump Truck Hydraulic Hoist Cylinder Multistage Hydraulic Cylinder Introducing our brand new Factory Serving Small Dump Truck Hydraulic Hoist Cylinder Multistage Hydraulic Cylinder, a cutting-edge solution designed to meet your machinery needs. Built with the highest quality materials and engineered for superior performance, this hydraulic cylinder is the right choice for a [&hellip;]<\/p>","protected":false},"featured_media":6694,"comment_status":"closed","ping_status":"closed","template":"","meta":{"_et_pb_use_builder":"","_et_pb_old_content":"","_et_gb_content_width":""},"product_brand":[],"product_cat":[103],"product_tag":[34,105],"class_list":{"0":"post-6517","1":"product","2":"type-product","3":"status-publish","4":"has-post-thumbnail","6":"product_cat-telescopic-hydraulic-cylinders","7":"product_tag-hydraulic-cylinder","8":"product_tag-telescopic-hydraulic-cylinders","10":"first","11":"instock","12":"product-type-simple"},"_links":{"self":[{"href":"https:\/\/fmp-components.com\/sk\/wp-json\/wp\/v2\/product\/6517","targetHints":{"allow":["GET"]}}],"collection":[{"href":"https:\/\/fmp-components.com\/sk\/wp-json\/wp\/v2\/product"}],"about":[{"href":"https:\/\/fmp-components.com\/sk\/wp-json\/wp\/v2\/types\/product"}],"replies":[{"embeddable":true,"href":"https:\/\/fmp-components.com\/sk\/wp-json\/wp\/v2\/comments?post=6517"}],"wp:featuredmedia":[{"embeddable":true,"href":"https:\/\/fmp-components.com\/sk\/wp-json\/wp\/v2\/media\/6694"}],"wp:attachment":[{"href":"https:\/\/fmp-components.com\/sk\/wp-json\/wp\/v2\/media?parent=6517"}],"wp:term":[{"taxonomy":"product_brand","embeddable":true,"href":"https:\/\/fmp-components.com\/sk\/wp-json\/wp\/v2\/product_brand?post=6517"},{"taxonomy":"product_cat","embeddable":true,"href":"https:\/\/fmp-components.com\/sk\/wp-json\/wp\/v2\/product_cat?post=6517"},{"taxonomy":"product_tag","embeddable":true,"href":"https:\/\/fmp-components.com\/sk\/wp-json\/wp\/v2\/product_tag?post=6517"}],"curies":[{"name":"pracovn\u00fd list","href":"https:\/\/api.w.org\/{rel}","templated":true}]}}