{"id":6510,"date":"2025-03-11T06:26:57","date_gmt":"2025-03-11T06:26:57","guid":{"rendered":"https:\/\/fmp-components.com\/product\/guaranteed-quality-mini-dump-truck-hydraulic-cylinders-telescopic-hydraulic-cylinder"},"modified":"2025-03-18T01:06:37","modified_gmt":"2025-03-18T01:06:37","slug":"guaranteed-quality-mini-dump-truck-hydraulic-cylinders-telescopic-hydraulic-cylinder","status":"publish","type":"product","link":"https:\/\/fmp-components.com\/sk\/product\/guaranteed-quality-mini-dump-truck-hydraulic-cylinders-telescopic-hydraulic-cylinder\/","title":{"rendered":"Hydraulick\u00e9 valce pre mini skl\u00e1pa\u010de so zaru\u010denou kvalitou, teleskopick\u00fd hydraulick\u00fd valec"},"content":{"rendered":"<h2>Hydraulick\u00e9 valce pre mini skl\u00e1pa\u010de so zaru\u010denou kvalitou, teleskopick\u00fd hydraulick\u00fd valec<\/h2>\n<p>Predstavujeme v\u00e1m n\u00e1\u0161 vysokokvalitn\u00fd teleskopick\u00fd hydraulick\u00fd valec pre mini skl\u00e1pa\u010de, nov\u00fd produkt pre rok 2025. Tento produkt je \u0161tandardn\u00fd hydraulick\u00fd valec s piestov\u00fdm mechanizmom, navrhnut\u00fd \u0161peci\u00e1lne pre opravovne strojov, farmy, energetick\u00fd a ban\u00edcky priemysel a stroj\u00e1rsky priemysel. Je vyroben\u00fd z robustnej ocele a m\u00e1 viacstup\u0148ov\u00fa kon\u0161trukciu, ktor\u00e1 je ide\u00e1lna pre n\u00e1ro\u010dn\u00e9 aplik\u00e1cie.<\/p>\n<h3>Jedine\u010dn\u00e9 vlastnosti a v\u00fdhody<\/h3>\n<ul>\n<li><b>Energeticky \u00fasporn\u00e9:<\/b> N\u00e1\u0161 hydraulick\u00fd valec je navrhnut\u00fd tak, aby spotrebov\u00e1val menej energie, v\u010faka \u010domu je efekt\u00edvnej\u0161\u00ed a \u0161etrnej\u0161\u00ed k \u017eivotn\u00e9mu prostrediu.<\/li>\n<li><b>Vysok\u00fd v\u00fdkon:<\/b> S maxim\u00e1lnym \u0165ahom 3000 a maxim\u00e1lnym \u0165ahom 20 ton poskytuje v\u00fdnimo\u010dn\u00fd v\u00fdkon pre ak\u00fako\u013evek \u00falohu.<\/li>\n<li><b>Bezpe\u010dnos\u0165:<\/b> N\u00e1\u0161 produkt je certifikovan\u00fd pod\u013ea normy ISO9001:2000, \u010do zaru\u010duje jeho bezpe\u010dnos\u0165 a spo\u013eahlivos\u0165.<\/li>\n<\/ul>\n<h3>Technick\u00e9 detaily<\/h3>\n<p>N\u00e1\u0161 hydraulick\u00fd valec m\u00e1 v\u0155tanie od 2 do 6 palcov, ve\u013ekos\u0165 ty\u010de od 1,125 do 4 palcov a zdvih od 4 do 100 palcov. Dod\u00e1va sa s portami G\/SAE\/NPT\/M a ve\u013ekos\u0165ou \u010dapu od 0,5 do 2 palcov. V\u0161etky tieto vlastnosti s\u00fa navrhnut\u00e9 tak, aby zabezpe\u010dili jeho v\u0161estrannos\u0165 a prisp\u00f4sobivos\u0165 v r\u00f4znych pracovn\u00fdch scen\u00e1roch.<\/p>\n<table style=\"width: 101.488%;\" border=\"\">\n<tbody>\n<tr>\n<td style=\"width: 42.9379%;\"><i>Ve\u013ekos\u0165 otvoru<\/i><\/td>\n<td style=\"width: 481.921%;\">2-6 palcov<\/td>\n<\/tr>\n<tr>\n<td style=\"width: 42.9379%;\"><i>Ve\u013ekos\u0165 ty\u010de<\/i><\/td>\n<td style=\"width: 481.921%;\">1,125-4 palca<\/td>\n<\/tr>\n<tr>\n<td style=\"width: 42.9379%;\"><i>Ve\u013ekos\u0165 \u0165ahu<\/i><\/td>\n<td style=\"width: 481.921%;\">4-100 palcov<\/td>\n<\/tr>\n<tr>\n<td style=\"width: 42.9379%;\"><i>Ve\u013ekos\u0165 \u010dapu<\/i><\/td>\n<td style=\"width: 481.921%;\">0,5-2 palce<\/td>\n<\/tr>\n<tr>\n<td style=\"width: 42.9379%;\"><i>Porty<\/i><\/td>\n<td style=\"width: 481.921%;\">G\/SAE\/NPT\/M<\/td>\n<\/tr>\n<\/tbody>\n<\/table>\n<h3>Hydraulick\u00fd syst\u00e9m a princ\u00edp \u010dinnosti<\/h3>\n<p>Na\u0161e hydraulick\u00e9 valce funguj\u00fa na z\u00e1kladnom princ\u00edpe multiplik\u00e1cie tlakovej kvapaliny. Tento syst\u00e9m je navrhnut\u00fd tak, aby vyu\u017eil silu hydraulickej kvapaliny a umo\u017enil efekt\u00edvny prenos sily a pohybu. Vyu\u017eit\u00edm tlakovej kvapaliny dok\u00e1\u017eu na\u0161e hydraulick\u00e9 valce zosilni\u0165 v\u00fdstupn\u00fa silu, \u010do im umo\u017e\u0148uje vykon\u00e1va\u0165 n\u00e1ro\u010dn\u00e9 \u00falohy s \u013eahkos\u0165ou a presnos\u0165ou. T\u00e1to kon\u0161trukcia nielen zais\u0165uje konzistentn\u00fd v\u00fdkon v r\u00f4znych aplik\u00e1ci\u00e1ch, ale kladie d\u00f4raz aj na najvy\u0161\u0161ie \u0161tandardy bezpe\u010dnosti a \u00fa\u010dinnosti. Hydraulick\u00fd syst\u00e9m je starostlivo navrhnut\u00fd tak, aby minimalizoval straty energie, maximalizoval produktivitu a udr\u017eiaval prev\u00e1dzkov\u00fa integritu, v\u010faka \u010domu je nevyhnutnou s\u00fa\u010das\u0165ou modern\u00fdch priemyseln\u00fdch strojov.<\/p>\n<p><img loading=\"lazy\" decoding=\"async\" class=\"alignnone wp-image-6657\" src=\"https:\/\/fmp-components.com\/wp-content\/uploads\/2025\/03\/telescopic-hydraulic-cylinder-3.webp\" alt=\"teleskopick\u00fd hydraulick\u00fd valec\" width=\"917\" height=\"917\" title=\"\" srcset=\"https:\/\/fmp-components.com\/wp-content\/uploads\/2025\/03\/telescopic-hydraulic-cylinder-3.webp 917w, https:\/\/fmp-components.com\/wp-content\/uploads\/2025\/03\/telescopic-hydraulic-cylinder-3-480x480.webp 480w\" sizes=\"(min-width: 0px) and (max-width: 480px) 480px, (min-width: 481px) 917px, 100vw\" \/><\/p>\n<h3>Hydraulick\u00e9 valce a pohonn\u00e9 jednotky<\/h3>\n<p>Hydraulick\u00e9 valce a pohonn\u00e9 jednotky s\u00fa neoddelite\u013enou s\u00fa\u010das\u0165ou ka\u017ed\u00e9ho hydraulick\u00e9ho syst\u00e9mu a pracuj\u00fa v s\u00falade, aby poskytovali optim\u00e1lny v\u00fdkon. Hydraulick\u00fd valec funguje ako ovl\u00e1da\u010d, ktor\u00fd je zodpovedn\u00fd za premenu hydraulickej energie na mechanick\u00fd pohyb. Transformuje tlak na silu, \u010do umo\u017e\u0148uje vykon\u00e1vanie \u0161irokej \u0161k\u00e1ly \u00faloh, od zdv\u00edhania a tla\u010denia a\u017e po upnutie a ot\u00e1\u010danie. Na druhej strane, pohonn\u00e1 jednotka p\u00f4sob\u00ed ako srdce hydraulick\u00e9ho syst\u00e9mu a dod\u00e1va potrebn\u00fa energiu a riadiace sign\u00e1ly potrebn\u00e9 na prev\u00e1dzku. Generuje a reguluje tlak hydraulickej kvapaliny, \u010d\u00edm zabezpe\u010duje plynul\u00fd a efekt\u00edvny chod valca.<\/p>\n<p>Koordinovan\u00e1 prev\u00e1dzka hydraulick\u00e9ho valca a pohonnej jednotky je k\u013e\u00fa\u010dov\u00e1 pre efekt\u00edvne zavedenie hydraulickej technol\u00f3gie v r\u00f4znych odvetviach. T\u00e1to synergia nielen\u017ee poskytuje spo\u013eahliv\u00fa podporu nap\u00e1jania a riadenia pre technick\u00e9 a mechanick\u00e9 zariadenia, ale tie\u017e zvy\u0161uje celkov\u00fa efektivitu prev\u00e1dzky. Zabezpe\u010den\u00edm bezprobl\u00e9movej spolupr\u00e1ce oboch komponentov m\u00f4\u017ee hydraulick\u00fd syst\u00e9m vykon\u00e1va\u0165 zlo\u017eit\u00e9 \u00falohy s presnos\u0165ou a spo\u013eahlivos\u0165ou. V spolo\u010dnosti FMP pon\u00fakame aj rad pohonn\u00fdch jednotiek na predaj, ktor\u00e9 s\u00fa navrhnut\u00e9 tak, aby dop\u013a\u0148ali na\u0161e hydraulick\u00e9 valce a poskytovali komplexn\u00e9 rie\u0161enia pre va\u0161e potreby v oblasti hydraulick\u00e9ho syst\u00e9mu. N\u00e1\u0161 z\u00e1v\u00e4zok ku kvalite a inov\u00e1ci\u00e1m zaru\u010duje, \u017ee dostanete najefekt\u00edvnej\u0161ie produkty na zlep\u0161enie va\u0161ich prev\u00e1dzkov\u00fdch schopnost\u00ed.<\/p>\n<p><img loading=\"lazy\" decoding=\"async\" class=\"alignnone wp-image-6658\" src=\"https:\/\/fmp-components.com\/wp-content\/uploads\/2025\/03\/telescopic-hydraulic-cylinder-6.webp\" alt=\"teleskopick\u00fd hydraulick\u00fd valec\" width=\"929\" height=\"929\" title=\"\" srcset=\"https:\/\/fmp-components.com\/wp-content\/uploads\/2025\/03\/telescopic-hydraulic-cylinder-6.webp 929w, https:\/\/fmp-components.com\/wp-content\/uploads\/2025\/03\/telescopic-hydraulic-cylinder-6-480x480.webp 480w\" sizes=\"(min-width: 0px) and (max-width: 480px) 480px, (min-width: 481px) 929px, 100vw\" \/><\/p>\n<h2>\u010casto kladen\u00e9 ot\u00e1zky<\/h2>\n<p><b>Ot\u00e1zka: Ste obchodn\u00e1 spolo\u010dnos\u0165 alebo v\u00fdrobca?<\/b><br \/>\nA: Sme tov\u00e1re\u0148.<\/p>\n<p><b>Ot\u00e1zka: Ak\u00e1 je va\u0161a dodacia lehota?<\/b><br \/>\nA: Vo v\u0161eobecnosti je to 25-35 dn\u00ed.<\/p>\n<p><b>Ot\u00e1zka: Poskytujete vzorky? Je to zadarmo alebo navy\u0161e?<\/b><br \/>\nA: \u00c1no, mohli by sme pon\u00faknu\u0165 vzorku, ale nie je zadarmo.<\/p>\n<h3>O FMP<\/h3>\n<p class=\"break-words\">FMP je popredn\u00fd taliansky v\u00fdrobca \u0161pecializuj\u00faci sa na n\u00e1vrh, v\u00fdvoj a v\u00fdrobu vysokokvalitn\u00fdch hydraulick\u00fdch valcov. S bohat\u00fdm dedi\u010dstvom zakorenen\u00fdm v desa\u0165ro\u010diach odborn\u00fdch znalost\u00ed hrdo kombinujeme talianske remeseln\u00e9 spracovanie s najmodernej\u0161ou technol\u00f3giou, aby sme dod\u00e1vali v\u00fdnimo\u010dn\u00e9 hydraulick\u00e9 rie\u0161enia prisp\u00f4soben\u00e9 rozmanit\u00fdm potreb\u00e1m na\u0161ich glob\u00e1lnych klientov. Spolo\u010dnos\u0165 FMP so s\u00eddlom v Taliansku, centre in\u017einierskej excelentnosti, je d\u00f4veryhodn\u00fdm menom v hydraulickom priemysle a je odhodlan\u00e1 poskytova\u0165 spo\u013eahliv\u00e9, odoln\u00e9 a inovat\u00edvne produkty, ktor\u00e9 posil\u0148uj\u00fa podniky na celom svete.<\/p>\n<p class=\"break-words\">Na\u0161a spolo\u010dnos\u0165 sp\u00e1ja to najlep\u0161ie z pokro\u010dil\u00fdch v\u00fdrobn\u00fdch trad\u00edci\u00ed s progres\u00edvnym pr\u00edstupom. V\u010faka dlhoro\u010dn\u00fdm sk\u00fasenostiam v oblasti hydraulick\u00fdch syst\u00e9mov sa spolo\u010dnos\u0165 FMP vyvinula v modern\u00fd podnik, ktor\u00fd vynik\u00e1 vo v\u00fdskume, dizajne a v\u00fdrobe. \u0160pecializujeme sa na \u0161irok\u00fa \u0161k\u00e1lu hydraulick\u00fdch valcov vr\u00e1tane dvoj\u010dinn\u00fdch valcov, zdv\u00edhac\u00edch valcov pre automobily, valcov pre po\u013enohospod\u00e1rske stroje a na mieru vyroben\u00fdch rie\u0161en\u00ed pre r\u00f4zne priemyseln\u00e9 aplik\u00e1cie. \u010ci u\u017e ide o stavebn\u00edctvo, priemyseln\u00e9 in\u0161tal\u00e1cie, po\u013enohospod\u00e1rstvo alebo \u0165a\u017ek\u00e9 stroje, na\u0161e hydraulick\u00e9 valce s\u00fa skon\u0161truovan\u00e9 tak, aby fungovali v naj\u0165a\u017e\u0161\u00edch podmienkach a zabezpe\u010dovali bezpe\u010dnos\u0165, \u00fa\u010dinnos\u0165 a dlh\u00fa \u017eivotnos\u0165.<\/p>\n<p><img loading=\"lazy\" decoding=\"async\" class=\"alignnone size-full wp-image-6720\" src=\"https:\/\/fmp-components.com\/wp-content\/uploads\/2025\/03\/hydraulic-cylinder-8.webp\" alt=\"Teleskopick\u00e9 hydraulick\u00e9 valce\" width=\"933\" height=\"526\" title=\"\" srcset=\"https:\/\/fmp-components.com\/wp-content\/uploads\/2025\/03\/hydraulic-cylinder-8.webp 933w, https:\/\/fmp-components.com\/wp-content\/uploads\/2025\/03\/hydraulic-cylinder-8-480x271.webp 480w\" sizes=\"(min-width: 0px) and (max-width: 480px) 480px, (min-width: 481px) 933px, 100vw\" \/><\/p>\n<p class=\"break-words\">V spolo\u010dnosti FMP sme hrd\u00ed na na\u0161e najmodernej\u0161ie v\u00fdrobn\u00e9 zariadenia, vybaven\u00e9 presn\u00fdmi strojmi a pokro\u010dil\u00fdmi testovac\u00edmi syst\u00e9mami. Na\u0161e v\u00fdrobn\u00e9 procesy sp\u013a\u0148aj\u00fa pr\u00edsne n\u00e1rodn\u00e9 a medzin\u00e1rodn\u00e9 normy, \u010do zabezpe\u010duje, \u017ee ka\u017ed\u00fd hydraulick\u00fd valec op\u00fa\u0161\u0165aj\u00faci na\u0161u tov\u00e1re\u0148 m\u00e1 vynikaj\u00facu kvalitu a spo\u013eahlivos\u0165. N\u00e1\u0161 sk\u00fasen\u00fd technick\u00fd t\u00edm v spojen\u00ed s najmodernej\u0161\u00edm vybaven\u00edm n\u00e1m umo\u017e\u0148uje udr\u017eiava\u0165 pr\u00edsnu kontrolu kvality v ka\u017edej f\u00e1ze v\u00fdroby \u2013 od v\u00fdberu surov\u00edn a\u017e po kone\u010dn\u00fa kontrolu. Toto odhodlanie k dokonalosti n\u00e1m prinieslo certifik\u00e1cie a uznanie od priemyseln\u00fdch autor\u00edt, \u010do \u010falej upev\u0148uje na\u0161u reput\u00e1ciu spo\u013eahliv\u00e9ho partnera.<\/p>\n<p class=\"break-words\">Na\u0161e poslanie je jednoduch\u00e9, no ambici\u00f3zne: poskytova\u0165 na\u0161im z\u00e1kazn\u00edkom hydraulick\u00e9 valce, ktor\u00e9 prekon\u00e1vaj\u00fa o\u010dak\u00e1vania v oblasti v\u00fdkonu, odolnosti a hodnoty. Pracujeme v s\u00falade s hlavn\u00fdmi princ\u00edpmi profesionality, integrity a zamerania sa na z\u00e1kazn\u00edka. Podporou kult\u00fary inov\u00e1ci\u00ed a presnosti neust\u00e1le zdokona\u013eujeme na\u0161e produkty, aby sme si udr\u017eali n\u00e1skok na konkuren\u010dnom trhu. N\u00e1\u0161 komplexn\u00fd sortiment produktov a schopnos\u0165 pon\u00faka\u0165 rie\u0161enia na mieru z n\u00e1s robia vo\u013ebu pre firmy, ktor\u00e9 h\u013eadaj\u00fa vysoko v\u00fdkonn\u00e9 hydraulick\u00e9 valce.<\/p>\n<p class=\"break-words\">FMP je viac ne\u017e len v\u00fdrobca \u2013 sme partnerom vo va\u0161om \u00faspechu. Ch\u00e1peme, \u017ee na\u0161i z\u00e1kazn\u00edci sa na n\u00e1s spoliehaj\u00fa, \u017ee im dod\u00e1me n\u00e1stroje, ktor\u00e9 zvy\u0161uj\u00fa ich produktivitu a bezpe\u010dnos\u0165. Preto sa zav\u00e4zujeme pon\u00faka\u0165 nielen \u0161pi\u010dkov\u00e9 produkty, ale aj v\u00fdnimo\u010dn\u00fd servis. Od \u00favodnej konzult\u00e1cie a\u017e po popredajn\u00fa podporu \u00fazko spolupracujeme s na\u0161imi klientmi, aby sme zabezpe\u010dili, \u017ee ich potreby bud\u00fa splnen\u00e9 s profesionalitou a starostlivos\u0165ou. Na\u0161e konkurencieschopn\u00e9 ceny v spojen\u00ed s na\u0161\u00edm neochvejn\u00fdm z\u00e1v\u00e4zkom ku kvalite robia z FMP inteligentn\u00fa vo\u013ebu pre spolo\u010dnosti, ktor\u00e9 chc\u00fa investova\u0165 do hydraulick\u00fdch rie\u0161en\u00ed, ktor\u00fdm m\u00f4\u017eu d\u00f4verova\u0165.<\/p>","protected":false},"excerpt":{"rendered":"<p>Guaranteed Quality Mini Dump Truck Hydraulic Cylinders Telescopic Hydraulic Cylinder Introducing our top-quality Mini Dump Truck Hydraulic Cylinders Telescopic Hydraulic Cylinder, a new product for 2025. This product is a standard, plunger cylinder type hydraulic cylinder, designed specifically for the Machinery Repair Shops, Farms, Energy &amp; Mining, and Machinery Manufacturing industries. It\u2019s made from robust [&hellip;]<\/p>","protected":false},"featured_media":6685,"comment_status":"closed","ping_status":"closed","template":"","meta":{"_et_pb_use_builder":"","_et_pb_old_content":"","_et_gb_content_width":""},"product_brand":[],"product_cat":[103],"product_tag":[34,105],"class_list":{"0":"post-6510","1":"product","2":"type-product","3":"status-publish","4":"has-post-thumbnail","6":"product_cat-telescopic-hydraulic-cylinders","7":"product_tag-hydraulic-cylinder","8":"product_tag-telescopic-hydraulic-cylinders","10":"first","11":"instock","12":"product-type-simple"},"_links":{"self":[{"href":"https:\/\/fmp-components.com\/sk\/wp-json\/wp\/v2\/product\/6510","targetHints":{"allow":["GET"]}}],"collection":[{"href":"https:\/\/fmp-components.com\/sk\/wp-json\/wp\/v2\/product"}],"about":[{"href":"https:\/\/fmp-components.com\/sk\/wp-json\/wp\/v2\/types\/product"}],"replies":[{"embeddable":true,"href":"https:\/\/fmp-components.com\/sk\/wp-json\/wp\/v2\/comments?post=6510"}],"wp:featuredmedia":[{"embeddable":true,"href":"https:\/\/fmp-components.com\/sk\/wp-json\/wp\/v2\/media\/6685"}],"wp:attachment":[{"href":"https:\/\/fmp-components.com\/sk\/wp-json\/wp\/v2\/media?parent=6510"}],"wp:term":[{"taxonomy":"product_brand","embeddable":true,"href":"https:\/\/fmp-components.com\/sk\/wp-json\/wp\/v2\/product_brand?post=6510"},{"taxonomy":"product_cat","embeddable":true,"href":"https:\/\/fmp-components.com\/sk\/wp-json\/wp\/v2\/product_cat?post=6510"},{"taxonomy":"product_tag","embeddable":true,"href":"https:\/\/fmp-components.com\/sk\/wp-json\/wp\/v2\/product_tag?post=6510"}],"curies":[{"name":"pracovn\u00fd list","href":"https:\/\/api.w.org\/{rel}","templated":true}]}}