{"id":6507,"date":"2025-03-11T06:26:57","date_gmt":"2025-03-11T06:26:57","guid":{"rendered":"https:\/\/fmp-components.com\/product\/high-quality-small-hydraulic-cylinder-telescopic-hydraulic-cylinder-for-dump-truck"},"modified":"2025-03-17T08:57:58","modified_gmt":"2025-03-17T08:57:58","slug":"high-quality-small-hydraulic-cylinder-telescopic-hydraulic-cylinder-for-dump-truck","status":"publish","type":"product","link":"https:\/\/fmp-components.com\/sk\/product\/high-quality-small-hydraulic-cylinder-telescopic-hydraulic-cylinder-for-dump-truck\/","title":{"rendered":"Vysokokvalitn\u00fd mal\u00fd hydraulick\u00fd valec Teleskopick\u00fd hydraulick\u00fd valec pre skl\u00e1pa\u010d"},"content":{"rendered":"<h2>Vysokokvalitn\u00fd mal\u00fd hydraulick\u00fd valec Teleskopick\u00fd hydraulick\u00fd valec pre skl\u00e1pa\u010d<\/h2>\n<p>N\u00e1\u0161 vysoko kvalitn\u00fd mal\u00fd hydraulick\u00fd valec je \u0161tandardn\u00fdm a nevyhnutn\u00fdm produktom od spolo\u010dnosti FMP, popredn\u00e9ho v\u00fdrobcu v odvetv\u00ed hydraulick\u00fdch strojov. Spolo\u010dnos\u0165 FMP s\u00eddli v Taliansku. Tento teleskopick\u00fd hydraulick\u00fd valec, \u0161peci\u00e1lne navrhnut\u00fd pre skl\u00e1pa\u010de, je pozoruhodn\u00fd produkt pre svoju \u0161pi\u010dkov\u00fa kvalitu a spo\u013eahliv\u00fd v\u00fdkon.<\/p>\n<h2>Funkcia a v\u00fdznam<\/h2>\n<p>Tento teleskopick\u00fd hydraulick\u00fd valec je k\u013e\u00fa\u010dovou s\u00fa\u010das\u0165ou mechanizmu skl\u00e1pa\u010dov. Poskytuje potrebn\u00fa silu na zdv\u00edhanie a sp\u00fa\u0161\u0165anie korby skl\u00e1pa\u010da. Je vyroben\u00fd z odolnej ocele, tak\u017ee odol\u00e1 \u0165a\u017ek\u00fdm n\u00e1kladom a je odoln\u00fd vo\u010di opotrebovaniu, \u010do zaru\u010duje dlh\u00fa \u017eivotnos\u0165.<\/p>\n<h3>\u0160pecifik\u00e1cie produktu<\/h3>\n<table style=\"width: 103.251%; height: 167px;\" border=\"\">\n<tbody>\n<tr>\n<td colspan=\"\" rowspan=\"\"><i>Ve\u013ekos\u0165 otvoru<\/i><\/td>\n<td colspan=\"\" rowspan=\"\">2-6 palcov<\/td>\n<\/tr>\n<tr>\n<td colspan=\"\" rowspan=\"\"><i>Ve\u013ekos\u0165 ty\u010de<\/i><\/td>\n<td colspan=\"\" rowspan=\"\">1,125-4 palca<\/td>\n<\/tr>\n<tr>\n<td colspan=\"\" rowspan=\"\"><i>Ve\u013ekos\u0165 \u0165ahu<\/i><\/td>\n<td colspan=\"\" rowspan=\"\">4-100 palcov<\/td>\n<\/tr>\n<tr>\n<td colspan=\"\" rowspan=\"\"><i>Ve\u013ekos\u0165 \u010dapu<\/i><\/td>\n<td colspan=\"\" rowspan=\"\">0,5-2 palce<\/td>\n<\/tr>\n<tr>\n<td colspan=\"\" rowspan=\"\"><i>Porty<\/i><\/td>\n<td colspan=\"\" rowspan=\"\">G\/SAE\/NPT\/M<\/td>\n<\/tr>\n<\/tbody>\n<\/table>\n<h3>Jedine\u010dn\u00e9 vlastnosti a v\u00fdhody<\/h3>\n<ul>\n<li>Energeticky \u00fasporn\u00e9: Na\u0161e hydraulick\u00e9 valce s\u00fa navrhnut\u00e9 tak, aby spotrebov\u00e1vali menej energie a z\u00e1rove\u0148 poskytovali maxim\u00e1lny v\u00fdkon.<\/li>\n<li>Vysok\u00e1 \u00fa\u010dinnos\u0165: V\u010faka vysokej \u0165ahovej a \u0165a\u017enej kapacite s\u00fa schopn\u00e9 s \u013eahkos\u0165ou zvl\u00e1dnu\u0165 n\u00e1ro\u010dn\u00e9 \u00falohy.<\/li>\n<li>Bezpe\u010dn\u00e9 a spo\u013eahliv\u00e9: Pou\u017eitie vysokokvalitn\u00fdch materi\u00e1lov a pokro\u010dil\u00fdch v\u00fdrobn\u00fdch techn\u00edk zaru\u010duje bezpe\u010dnos\u0165 a spo\u013eahlivos\u0165 na\u0161ich produktov.<\/li>\n<\/ul>\n<p><img loading=\"lazy\" decoding=\"async\" class=\"alignnone wp-image-6664\" src=\"https:\/\/fmp-components.com\/wp-content\/uploads\/2025\/03\/telescopic-hydraulic-cylinder-8.webp\" alt=\"teleskopick\u00fd hydraulick\u00fd valec\" width=\"941\" height=\"941\" title=\"\" srcset=\"https:\/\/fmp-components.com\/wp-content\/uploads\/2025\/03\/telescopic-hydraulic-cylinder-8.webp 941w, https:\/\/fmp-components.com\/wp-content\/uploads\/2025\/03\/telescopic-hydraulic-cylinder-8-480x480.webp 480w\" sizes=\"(min-width: 0px) and (max-width: 480px) 480px, (min-width: 481px) 941px, 100vw\" \/><\/p>\n<h2>Hydraulick\u00e9 syst\u00e9my a princ\u00edpy fungovania<\/h2>\n<p>Na\u0161e hydraulick\u00e9 valce funguj\u00fa na z\u00e1kladnom princ\u00edpe vyu\u017eitia tlakovej hydraulickej kvapaliny na generovanie line\u00e1rnej sily a pohybu. Tento mechanizmus je k\u013e\u00fa\u010dov\u00fd v aplik\u00e1ci\u00e1ch, ktor\u00e9 vy\u017eaduj\u00fa siln\u00e9 a presn\u00e9 tla\u010dn\u00e9 alebo \u0165a\u017en\u00e9 sily. Ke\u010f je hydraulick\u00e1 kvapalina pod tlakom a smeruje do valca, vytv\u00e1ra siln\u00fa silu, ktor\u00e1 dok\u00e1\u017ee pres\u00fava\u0165 \u0165a\u017ek\u00e9 bremen\u00e1 alebo vykon\u00e1va\u0165 zlo\u017eit\u00e9 \u00falohy s pozoruhodnou presnos\u0165ou. T\u00e1to schopnos\u0165 premie\u0148a\u0165 hydraulick\u00fa energiu na mechanick\u00fd pohyb rob\u00ed z na\u0161ich hydraulick\u00fdch valcov nevyhnutn\u00e9 miesto v \u0161irokej \u0161k\u00e1le priemyseln\u00fdch prostred\u00ed, kde je prvorad\u00e1 \u00fa\u010dinnos\u0165 a presnos\u0165.<\/p>\n<h2>Aplik\u00e1cie<\/h2>\n<p>Tieto hydraulick\u00e9 valce nach\u00e1dzaj\u00fa \u0161irok\u00e9 uplatnenie v r\u00f4znych odvetviach, \u010do dokazuje ich v\u0161estrannos\u0165 a spo\u013eahlivos\u0165. V opravovniach strojov u\u013eah\u010duj\u00fa zdv\u00edhanie a polohovanie \u0165a\u017ek\u00fdch zariaden\u00ed, \u010do umo\u017e\u0148uje technikom vykon\u00e1va\u0165 opravy bezpe\u010dne a efekt\u00edvne. V po\u013enohospod\u00e1rstve hydraulick\u00e9 valce zlep\u0161uj\u00fa funk\u010dnos\u0165 po\u013enohospod\u00e1rskych strojov, ako s\u00fa traktory a kombajny, a umo\u017e\u0148uj\u00fa efekt\u00edvnu manipul\u00e1ciu s materi\u00e1lmi a plodinami. Energetick\u00fd a \u0165a\u017eobn\u00fd sektor profituj\u00fa z robustnej kon\u0161trukcie t\u00fdchto valcov, preto\u017ee dok\u00e1\u017eu odola\u0165 n\u00e1ro\u010dn\u00fdm podmienkam spojen\u00fdm s \u0165a\u017ek\u00fdmi oper\u00e1ciami, ako je zdv\u00edhanie a preprava materi\u00e1lov. V stroj\u00e1rstve a stroj\u00e1rskych z\u00e1vodoch zohr\u00e1vaj\u00fa na\u0161e hydraulick\u00e9 valce k\u013e\u00fa\u010dov\u00fa \u00falohu v mont\u00e1\u017enych link\u00e1ch a v\u00fdrobn\u00fdch procesoch, preto\u017ee poskytuj\u00fa potrebn\u00fa silu pre r\u00f4zne \u00falohy, od premiest\u0148ovania komponentov a\u017e po obsluhu lisov.<\/p>\n<h2>Hydraulick\u00e9 valce a pohonn\u00e9 jednotky<\/h2>\n<p>Hydraulick\u00e9 valce a pohonn\u00e9 jednotky s\u00fa z\u00e1kladn\u00fdmi s\u00fa\u010das\u0165ami ka\u017ed\u00e9ho hydraulick\u00e9ho syst\u00e9mu. Ich integr\u00e1cia je nevyhnutn\u00e1 pre efekt\u00edvne vyu\u017eitie hydraulickej technol\u00f3gie v priemyselnom sektore, \u010d\u00edm sa zabezpe\u010d\u00ed, \u017ee r\u00f4zne technick\u00e9 a mechanick\u00e9 zariadenia dostan\u00fa spo\u013eahliv\u00fa podporu nap\u00e1jania a riadenia. Hydraulick\u00fd valec sl\u00fa\u017ei ako ovl\u00e1da\u010d, ktor\u00fd premie\u0148a hydraulick\u00fa energiu dod\u00e1van\u00fa pohonnou jednotkou na mechanick\u00fd pohyb. Pohonn\u00e1 jednotka z\u00e1rove\u0148 sl\u00fa\u017ei ako zdroj energie, generuje a reguluje tlak hydraulickej kvapaliny potrebn\u00fd na prev\u00e1dzku.<\/p>\n<p>V spolo\u010dnosti FMP si uvedomujeme d\u00f4le\u017eitos\u0165 t\u00fdchto komponentov pri vytv\u00e1ran\u00ed efekt\u00edvnych hydraulick\u00fdch syst\u00e9mov, a preto pon\u00fakame na predaj aj \u0161irok\u00fa \u0161k\u00e1lu pohonn\u00fdch jednotiek. Poskytovan\u00edm hydraulick\u00fdch valcov aj pohonn\u00fdch jednotiek sa prezentujeme ako va\u0161e komplexn\u00e9 rie\u0161enie pre v\u0161etky hydraulick\u00e9 potreby. N\u00e1\u0161 z\u00e1v\u00e4zok ku kvalite a v\u00fdkonu zaru\u010duje, \u017ee dostanete produkty navrhnut\u00e9 tak, aby zv\u00fd\u0161ili produktivitu a spo\u013eahlivos\u0165 va\u0161ich prev\u00e1dzok bez oh\u013eadu na odvetvie.<\/p>\n<p><img loading=\"lazy\" decoding=\"async\" class=\"alignnone wp-image-6663\" src=\"https:\/\/fmp-components.com\/wp-content\/uploads\/2025\/03\/telescopic-hydraulic-cylinder-11.webp\" alt=\"teleskopick\u00fd hydraulick\u00fd valec\" width=\"906\" height=\"906\" title=\"\" srcset=\"https:\/\/fmp-components.com\/wp-content\/uploads\/2025\/03\/telescopic-hydraulic-cylinder-11.webp 906w, https:\/\/fmp-components.com\/wp-content\/uploads\/2025\/03\/telescopic-hydraulic-cylinder-11-480x480.webp 480w\" sizes=\"(min-width: 0px) and (max-width: 480px) 480px, (min-width: 481px) 906px, 100vw\" \/><\/p>\n<h2>\u010casto kladen\u00e9 ot\u00e1zky<\/h2>\n<p><b>Ot\u00e1zka: Ak\u00e1 je va\u0161a dodacia lehota?<\/b><br \/>\nA: Vo v\u0161eobecnosti je to 25-35 dn\u00ed.<\/p>\n<p><b>Ot\u00e1zka: Poskytujete vzorky? Je to zadarmo alebo navy\u0161e?<\/b><br \/>\nA: \u00c1no, mohli by sme pon\u00faknu\u0165 vzorku, ale nie je zadarmo.<\/p>\n<p><b>Ot\u00e1zka: M\u00f4\u017eete vyrobi\u0165 pod\u013ea vzoriek?<\/b><br \/>\nA: \u00c1no, vieme vyrobi\u0165 pod\u013ea va\u0161ich vzoriek alebo technick\u00fdch v\u00fdkresov. Vieme vyrobi\u0165 formy a up\u00ednacie pr\u00edpravky.<\/p>\n<h3>O FMP<\/h3>\n<p>FMP je popredn\u00fd taliansky v\u00fdrobca zn\u00e1my svojimi odborn\u00fdmi znalos\u0165ami v oblasti n\u00e1vrhu, v\u00fdvoja a v\u00fdroby vysoko kvalitn\u00fdch hydraulick\u00fdch valcov. S bohatou hist\u00f3riou budovanou po cel\u00e9 desa\u0165ro\u010dia sp\u00e1jame tradi\u010dn\u00e9 talianske remeseln\u00e9 spracovanie s najmodernej\u0161ou technol\u00f3giou, aby sme vytvorili v\u00fdnimo\u010dn\u00e9 hydraulick\u00e9 rie\u0161enia, ktor\u00e9 uspokoja rozmanit\u00e9 potreby na\u0161ich z\u00e1kazn\u00edkov po celom svete. Spolo\u010dnos\u0165 FMP so s\u00eddlom v Taliansku, centre in\u017einierskej excelentnosti, sa etablovala ako d\u00f4veryhodn\u00e9 meno v hydraulickom priemysle, ktor\u00e9 sa venuje dod\u00e1vaniu spo\u013eahliv\u00fdch, odoln\u00fdch a inovat\u00edvnych produktov, ktor\u00e9 posil\u0148uj\u00fa podniky na celom svete.<\/p>\n<p>Na\u0161a spolo\u010dnos\u0165 sp\u00e1ja pokro\u010dil\u00e9 v\u00fdrobn\u00e9 trad\u00edcie s progres\u00edvnym zm\u00fd\u0161\u013ean\u00edm. V\u010faka na\u0161im rozsiahlym sk\u00fasenostiam v oblasti hydraulick\u00fdch syst\u00e9mov sa spolo\u010dnos\u0165 FMP transformovala na modern\u00fd podnik, ktor\u00fd vynik\u00e1 vo v\u00fdskume, dizajne a v\u00fdrobe. Pon\u00fakame komplexn\u00fd sortiment hydraulick\u00fdch valcov vr\u00e1tane dvoj\u010dinn\u00fdch valcov, zdv\u00edhac\u00edch valcov pre automobily, valcov pre po\u013enohospod\u00e1rske stroje a na mieru navrhnut\u00fdch rie\u0161en\u00ed prisp\u00f4soben\u00fdch r\u00f4znym priemyseln\u00fdm aplik\u00e1ci\u00e1m. \u010ci u\u017e ide o stavebn\u00edctvo, priemyseln\u00e9 in\u0161tal\u00e1cie, po\u013enohospod\u00e1rstvo alebo \u0165a\u017ek\u00e9 stroje, na\u0161e hydraulick\u00e9 valce s\u00fa navrhnut\u00e9 tak, aby fungovali v najn\u00e1ro\u010dnej\u0161\u00edch podmienkach a zabezpe\u010dovali bezpe\u010dnos\u0165, \u00fa\u010dinnos\u0165 a dlh\u00fa \u017eivotnos\u0165.<\/p>\n<p>V spolo\u010dnosti FMP sme hrd\u00ed na na\u0161e najmodernej\u0161ie v\u00fdrobn\u00e9 zariadenia, vybaven\u00e9 presn\u00fdmi strojmi a pokro\u010dil\u00fdmi testovac\u00edmi syst\u00e9mami. Na\u0161e v\u00fdrobn\u00e9 procesy sp\u013a\u0148aj\u00fa pr\u00edsne n\u00e1rodn\u00e9 a medzin\u00e1rodn\u00e9 normy, \u010do zabezpe\u010duje, \u017ee ka\u017ed\u00fd vyroben\u00fd hydraulick\u00fd valec sp\u013a\u0148a najvy\u0161\u0161ie \u0161tandardy kvality a spo\u013eahlivosti. N\u00e1\u0161 sk\u00fasen\u00fd technick\u00fd t\u00edm v kombin\u00e1cii s modern\u00fdm vybaven\u00edm n\u00e1m umo\u017e\u0148uje dodr\u017eiava\u0165 pr\u00edsnu kontrolu kvality v ka\u017edej f\u00e1ze v\u00fdroby \u2013 od v\u00fdberu surov\u00edn a\u017e po kone\u010dn\u00fa kontrolu. Tento z\u00e1v\u00e4zok k dokonalosti n\u00e1m vyniesol certifik\u00e1cie a ocenenia od priemyseln\u00fdch autor\u00edt, \u010d\u00edm posil\u0148ujeme na\u0161u reput\u00e1ciu spo\u013eahliv\u00e9ho partnera.<\/p>\n<p><img loading=\"lazy\" decoding=\"async\" class=\"alignnone size-full wp-image-6720\" src=\"https:\/\/fmp-components.com\/wp-content\/uploads\/2025\/03\/hydraulic-cylinder-8.webp\" alt=\"Teleskopick\u00e9 hydraulick\u00e9 valce\" width=\"933\" height=\"526\" title=\"\" srcset=\"https:\/\/fmp-components.com\/wp-content\/uploads\/2025\/03\/hydraulic-cylinder-8.webp 933w, https:\/\/fmp-components.com\/wp-content\/uploads\/2025\/03\/hydraulic-cylinder-8-480x271.webp 480w\" sizes=\"(min-width: 0px) and (max-width: 480px) 480px, (min-width: 481px) 933px, 100vw\" \/><\/p>\n<p>Na\u0161e poslanie je priamo\u010diare, no z\u00e1rove\u0148 ambici\u00f3zne: poskytova\u0165 na\u0161im z\u00e1kazn\u00edkom hydraulick\u00e9 valce, ktor\u00e9 prekon\u00e1vaj\u00fa o\u010dak\u00e1vania vo v\u00fdkone, odolnosti a hodnote. Pracujeme na z\u00e1klade profesionality, integrity a zamerania sa na z\u00e1kazn\u00edka. Podporou kult\u00fary inov\u00e1ci\u00ed a presnosti neust\u00e1le vylep\u0161ujeme na\u0161e produkty, aby sme si udr\u017eali konkuren\u010dn\u00fa v\u00fdhodu na trhu. N\u00e1\u0161 rozsiahly sortiment produktov a schopnos\u0165 pon\u00faka\u0165 rie\u0161enia na mieru z n\u00e1s robia preferovan\u00fa vo\u013ebu pre firmy, ktor\u00e9 h\u013eadaj\u00fa vysoko v\u00fdkonn\u00e9 hydraulick\u00e9 valce.<\/p>\n<p>FMP je viac ne\u017e len v\u00fdrobca; sme partnerom vo va\u0161om \u00faspechu. Uvedomujeme si, \u017ee na\u0161i z\u00e1kazn\u00edci sa na n\u00e1s spoliehaj\u00fa, \u017ee im dod\u00e1me n\u00e1stroje, ktor\u00e9 zvy\u0161uj\u00fa ich produktivitu a bezpe\u010dnos\u0165. Preto sa zav\u00e4zujeme poskytova\u0165 nielen \u0161pi\u010dkov\u00e9 produkty, ale aj v\u00fdnimo\u010dn\u00fd servis. Od \u00favodnej konzult\u00e1cie a\u017e po popredajn\u00fa podporu \u00fazko spolupracujeme s na\u0161imi klientmi, aby sme zabezpe\u010dili, \u017ee ich potreby bud\u00fa splnen\u00e9 s profesionalitou a starostlivos\u0165ou. Na\u0161e konkurencieschopn\u00e9 ceny v kombin\u00e1cii s na\u0161\u00edm neochvejn\u00fdm z\u00e1v\u00e4zkom ku kvalite stavaj\u00fa FMP ako inteligentn\u00fa vo\u013ebu pre spolo\u010dnosti, ktor\u00e9 chc\u00fa investova\u0165 do hydraulick\u00fdch rie\u0161en\u00ed, ktor\u00fdm m\u00f4\u017eu d\u00f4verova\u0165.<\/p>","protected":false},"excerpt":{"rendered":"<p>High Quality Small Hydraulic Cylinder Telescopic Hydraulic Cylinder For Dump Truck Our High-Quality Small hydraulic cylinder is a standard and essential product from FMP, a leading manufacturer in the hydraulic machinery industry. FMP is based in Italy. This Telescopic Hydraulic Cylinder, specially designed for dump trucks, is a noteworthy product for its top-notch quality and [&hellip;]<\/p>","protected":false},"featured_media":6689,"comment_status":"closed","ping_status":"closed","template":"","meta":{"_et_pb_use_builder":"","_et_pb_old_content":"","_et_gb_content_width":""},"product_brand":[],"product_cat":[103],"product_tag":[34,105],"class_list":{"0":"post-6507","1":"product","2":"type-product","3":"status-publish","4":"has-post-thumbnail","6":"product_cat-telescopic-hydraulic-cylinders","7":"product_tag-hydraulic-cylinder","8":"product_tag-telescopic-hydraulic-cylinders","10":"first","11":"instock","12":"product-type-simple"},"_links":{"self":[{"href":"https:\/\/fmp-components.com\/sk\/wp-json\/wp\/v2\/product\/6507","targetHints":{"allow":["GET"]}}],"collection":[{"href":"https:\/\/fmp-components.com\/sk\/wp-json\/wp\/v2\/product"}],"about":[{"href":"https:\/\/fmp-components.com\/sk\/wp-json\/wp\/v2\/types\/product"}],"replies":[{"embeddable":true,"href":"https:\/\/fmp-components.com\/sk\/wp-json\/wp\/v2\/comments?post=6507"}],"wp:featuredmedia":[{"embeddable":true,"href":"https:\/\/fmp-components.com\/sk\/wp-json\/wp\/v2\/media\/6689"}],"wp:attachment":[{"href":"https:\/\/fmp-components.com\/sk\/wp-json\/wp\/v2\/media?parent=6507"}],"wp:term":[{"taxonomy":"product_brand","embeddable":true,"href":"https:\/\/fmp-components.com\/sk\/wp-json\/wp\/v2\/product_brand?post=6507"},{"taxonomy":"product_cat","embeddable":true,"href":"https:\/\/fmp-components.com\/sk\/wp-json\/wp\/v2\/product_cat?post=6507"},{"taxonomy":"product_tag","embeddable":true,"href":"https:\/\/fmp-components.com\/sk\/wp-json\/wp\/v2\/product_tag?post=6507"}],"curies":[{"name":"pracovn\u00fd list","href":"https:\/\/api.w.org\/{rel}","templated":true}]}}