{"id":6503,"date":"2025-03-11T06:25:30","date_gmt":"2025-03-11T06:25:30","guid":{"rendered":"https:\/\/fmp-components.com\/product\/hot-sale-double-acting-small-dump-truck-telescopic-hydraulic-cylinder"},"modified":"2025-03-18T01:08:36","modified_gmt":"2025-03-18T01:08:36","slug":"hot-sale-double-acting-small-dump-truck-telescopic-hydraulic-cylinder","status":"publish","type":"product","link":"https:\/\/fmp-components.com\/sk\/product\/hot-sale-double-acting-small-dump-truck-telescopic-hydraulic-cylinder\/","title":{"rendered":"Hor\u00faci v\u00fdpredaj dvoj\u010dinn\u00e9ho teleskopick\u00e9ho hydraulick\u00e9ho valca pre mal\u00e9 skl\u00e1pa\u010de"},"content":{"rendered":"<h2>Hor\u00faci v\u00fdpredaj dvoj\u010dinn\u00e9ho teleskopick\u00e9ho hydraulick\u00e9ho valca pre mal\u00e9 skl\u00e1pa\u010de<\/h2>\n<p>Tento hot-selling, dvoj\u010dinn\u00fd teleskopick\u00fd hydraulick\u00fd valec pre mal\u00e9 skl\u00e1pa\u010de je novinkou z roku 2025. Je ur\u010den\u00fd na pou\u017eitie v r\u00f4znych odvetviach vr\u00e1tane opravovn\u00ed strojov, fariem, energetiky a ban\u00edctva, v\u00fdroby strojov a stroj\u00e1rskych z\u00e1vodov. V\u010faka oce\u013eov\u00e9mu telu a \u0161tandardn\u00e9mu dizajnu pon\u00faka vysok\u00fd v\u00fdkon, hydraulick\u00e9 oper\u00e1cie a maxim\u00e1lny \u0165ah 3000. Tento viacstup\u0148ov\u00fd hydraulick\u00fd valec sa dod\u00e1va s ro\u010dnou z\u00e1rukou a certifik\u00e1ciou ISO9001:2000 pre zabezpe\u010denie kvality.<\/p>\n<h3>\u0160peci\u00e1lne vlastnosti a v\u00fdhody<\/h3>\n<p>N\u00e1\u0161 hydraulick\u00fd valec sa p\u00fd\u0161i energeticky \u00fasporn\u00fdm dizajnom, ktor\u00fd v\u00fdrazne zvy\u0161uje n\u00e1kladov\u00fa efekt\u00edvnos\u0165 pre pou\u017e\u00edvate\u013eov. Minimaliz\u00e1ciou spotreby energie a z\u00e1rove\u0148 optim\u00e1lnym v\u00fdkonom umo\u017e\u0148uje firm\u00e1m zn\u00ed\u017ei\u0165 prev\u00e1dzkov\u00e9 n\u00e1klady a zlep\u0161i\u0165 svoje hospod\u00e1renie. Vysok\u00e1 \u00fa\u010dinnos\u0165 n\u00e1\u0161ho hydraulick\u00e9ho valca prispieva k zv\u00fd\u0161eniu produktivity, \u010do umo\u017e\u0148uje strojom pracova\u0165 na maxim\u00e1lny v\u00fdkon s krat\u0161\u00edmi prestojmi. Bezpe\u010dnos\u0165 je navy\u0161e najvy\u0161\u0161ou prioritou; n\u00e1\u0161 dizajn zais\u0165uje bezpe\u010dn\u00fa prev\u00e1dzku, chr\u00e1ni pracovn\u00edkov a minimalizuje riziko neh\u00f4d na pracovisku. T\u00e1to kombin\u00e1cia energetickej \u00fa\u010dinnosti, zv\u00fd\u0161enia produktivity a bezpe\u010dnosti rob\u00ed z n\u00e1\u0161ho hydraulick\u00e9ho valca neocenite\u013en\u00fd pr\u00ednos pre ak\u00fako\u013evek prev\u00e1dzku.<\/p>\n<p><img loading=\"lazy\" decoding=\"async\" class=\"alignnone wp-image-6661\" src=\"https:\/\/fmp-components.com\/wp-content\/uploads\/2025\/03\/telescopic-hydraulic-cylinder-10.webp\" alt=\"teleskopick\u00fd hydraulick\u00fd valec\" width=\"904\" height=\"904\" title=\"\" srcset=\"https:\/\/fmp-components.com\/wp-content\/uploads\/2025\/03\/telescopic-hydraulic-cylinder-10.webp 904w, https:\/\/fmp-components.com\/wp-content\/uploads\/2025\/03\/telescopic-hydraulic-cylinder-10-480x480.webp 480w\" sizes=\"(min-width: 0px) and (max-width: 480px) 480px, (min-width: 481px) 904px, 100vw\" \/><\/p>\n<h3>Hydraulick\u00e9 syst\u00e9my a princ\u00edp \u010dinnosti<\/h3>\n<p>Ako k\u013e\u00fa\u010dov\u00e1 s\u00fa\u010das\u0165 hydraulick\u00fdch syst\u00e9mov zohr\u00e1va hydraulick\u00fd valec k\u013e\u00fa\u010dov\u00fa \u00falohu pri premene hydraulickej energie na mechanick\u00fd pohyb. T\u00e1to transform\u00e1cia je nevyhnutn\u00e1 na generovanie sily potrebnej na pohyb a ovl\u00e1danie r\u00f4znych typov strojov. Vyu\u017eit\u00edm tlakovej hydraulickej kvapaliny valec efekt\u00edvne vytv\u00e1ra siln\u00e9 pohyby, ktor\u00e9 s\u00fa nevyhnutn\u00e9 pre \u0161irok\u00fa \u0161k\u00e1lu aplik\u00e1ci\u00ed v priemyselnom sektore. \u010cinnos\u0165 hydraulick\u00fdch valcov je zalo\u017een\u00e1 na princ\u00edpoch dynamiky tekut\u00edn, \u010do umo\u017e\u0148uje presn\u00e9 ovl\u00e1danie a prisp\u00f4sobivos\u0165 v n\u00e1ro\u010dn\u00fdch prostrediach. T\u00e1to funkcia ich rob\u00ed nevyhnutn\u00fdmi v strojoch, ktor\u00e9 vy\u017eaduj\u00fa spo\u013eahliv\u00e9 zdv\u00edhanie, tla\u010denie alebo \u0165ahanie.<\/p>\n<h3>\u0160pecifick\u00e9 scen\u00e1re pou\u017eitia<\/h3>\n<p>V\u0161estrannos\u0165 n\u00e1\u0161ho dvoj\u010dinn\u00e9ho teleskopick\u00e9ho hydraulick\u00e9ho valca pre mal\u00e9 skl\u00e1pa\u010de mu umo\u017e\u0148uje vynika\u0165 v r\u00f4znych aplika\u010dn\u00fdch scen\u00e1roch. Je obzvl\u00e1\u0161\u0165 \u00fa\u010dinn\u00fd v opravovniach strojov, kde sa d\u00e1 pou\u017ei\u0165 na presn\u00e9 zdv\u00edhanie a manipul\u00e1ciu s \u0165a\u017ek\u00fdmi komponentmi. V po\u013enohospod\u00e1rskom prostred\u00ed tento hydraulick\u00fd valec pom\u00e1ha pri efekt\u00edvnej prev\u00e1dzke zariaden\u00ed, ako s\u00fa skl\u00e1pa\u010de a in\u00e9 stroje, \u010d\u00edm zvy\u0161uje produktivitu na farm\u00e1ch. Okrem toho z jeho robustn\u00e9ho v\u00fdkonu profituj\u00fa aj energetick\u00fd a \u0165a\u017eobn\u00fd priemysel, preto\u017ee si porad\u00ed s n\u00e1ro\u010dn\u00fdmi podmienkami, s ktor\u00fdmi sa v t\u00fdchto odvetviach \u010dasto stret\u00e1vame. \u010ci u\u017e ide o stavebn\u00edctvo, po\u013enohospod\u00e1rstvo alebo \u0165a\u017ebu zdrojov, n\u00e1\u0161 hydraulick\u00fd valec je navrhnut\u00fd tak, aby spo\u013eahlivo fungoval v r\u00f4znych pracovn\u00fdch podmienkach, v\u010faka \u010domu je preferovanou vo\u013ebou pre profesion\u00e1lov v r\u00f4znych oblastiach.<\/p>\n<p><img loading=\"lazy\" decoding=\"async\" class=\"alignnone size-full wp-image-6660\" src=\"https:\/\/fmp-components.com\/wp-content\/uploads\/2025\/03\/hydraulic-cylinder-workshop-4.webp\" alt=\"teleskopick\u00fd hydraulick\u00fd valec\" width=\"914\" height=\"733\" title=\"\" srcset=\"https:\/\/fmp-components.com\/wp-content\/uploads\/2025\/03\/hydraulic-cylinder-workshop-4.webp 914w, https:\/\/fmp-components.com\/wp-content\/uploads\/2025\/03\/hydraulic-cylinder-workshop-4-480x385.webp 480w\" sizes=\"(min-width: 0px) and (max-width: 480px) 480px, (min-width: 481px) 914px, 100vw\" \/><\/p>\n<h3>O FMP<\/h3>\n<p>FMP je popredn\u00fd taliansky v\u00fdrobca zn\u00e1my svojimi odborn\u00fdmi znalos\u0165ami v oblasti navrhovania, v\u00fdvoja a v\u00fdroby vysokokvalitn\u00fdch hydraulick\u00fdch valcov. S bohatou hist\u00f3riou budovanou po cel\u00e9 desa\u0165ro\u010dia bezprobl\u00e9movo sp\u00e1jame talianske remeseln\u00e9 spracovanie s najmodernej\u0161ou technol\u00f3giou, aby sme dod\u00e1vali vynikaj\u00face hydraulick\u00e9 rie\u0161enia prisp\u00f4soben\u00e9 rozmanit\u00fdm potreb\u00e1m na\u0161ich glob\u00e1lnych klientov. Spolo\u010dnos\u0165 FMP so s\u00eddlom v Taliansku, centre in\u017einierskej excelentnosti, sa etablovala ako d\u00f4veryhodn\u00fd l\u00edder v hydraulickom priemysle, ktor\u00fd sa venuje poskytovaniu spo\u013eahliv\u00fdch, odoln\u00fdch a inovat\u00edvnych produktov, ktor\u00e9 posil\u0148uj\u00fa podniky na celom svete.<\/p>\n<p>Kombinujeme pokro\u010dil\u00e9 v\u00fdrobn\u00e9 trad\u00edcie s progres\u00edvnym poh\u013eadom. V\u010faka dlhoro\u010dn\u00fdm sk\u00fasenostiam v oblasti hydraulick\u00fdch syst\u00e9mov sa spolo\u010dnos\u0165 FMP transformovala na modern\u00fd podnik, ktor\u00fd vynik\u00e1 vo v\u00fdskume, dizajne a v\u00fdrobe. Na\u0161a \u0161pecializ\u00e1cia zah\u0155\u0148a \u0161irok\u00e9 spektrum hydraulick\u00fdch valcov vr\u00e1tane dvoj\u010dinn\u00fdch valcov, zdv\u00edhac\u00edch valcov pre automobily, valcov pre po\u013enohospod\u00e1rske stroje a z\u00e1kazkovo navrhnut\u00e9 rie\u0161enia pre r\u00f4zne priemyseln\u00e9 aplik\u00e1cie. \u010ci u\u017e ide o stavebn\u00edctvo, priemyseln\u00e9 in\u0161tal\u00e1cie, po\u013enohospod\u00e1rstvo alebo \u0165a\u017ek\u00e9 stroje, na\u0161e hydraulick\u00e9 valce s\u00fa skon\u0161truovan\u00e9 tak, aby fungovali v najn\u00e1ro\u010dnej\u0161\u00edch podmienkach a zabezpe\u010dovali bezpe\u010dnos\u0165, \u00fa\u010dinnos\u0165 a dlh\u00fa \u017eivotnos\u0165.<\/p>\n<p><img loading=\"lazy\" decoding=\"async\" class=\"alignnone size-full wp-image-6720\" src=\"https:\/\/fmp-components.com\/wp-content\/uploads\/2025\/03\/hydraulic-cylinder-8.webp\" alt=\"Teleskopick\u00e9 hydraulick\u00e9 valce\" width=\"933\" height=\"526\" title=\"\" srcset=\"https:\/\/fmp-components.com\/wp-content\/uploads\/2025\/03\/hydraulic-cylinder-8.webp 933w, https:\/\/fmp-components.com\/wp-content\/uploads\/2025\/03\/hydraulic-cylinder-8-480x271.webp 480w\" sizes=\"(min-width: 0px) and (max-width: 480px) 480px, (min-width: 481px) 933px, 100vw\" \/><\/p>\n<p>V spolo\u010dnosti FMP sme hrd\u00ed na na\u0161e najmodernej\u0161ie v\u00fdrobn\u00e9 zariadenia, vybaven\u00e9 presn\u00fdmi strojmi a pokro\u010dil\u00fdmi testovac\u00edmi syst\u00e9mami. Na\u0161e v\u00fdrobn\u00e9 procesy sp\u013a\u0148aj\u00fa pr\u00edsne n\u00e1rodn\u00e9 a medzin\u00e1rodn\u00e9 normy, \u010do zabezpe\u010duje, \u017ee ka\u017ed\u00fd vyroben\u00fd hydraulick\u00fd valec je najvy\u0161\u0161ej kvality a spo\u013eahlivosti. N\u00e1\u0161 sk\u00fasen\u00fd technick\u00fd t\u00edm spolu s modern\u00fdm vybaven\u00edm n\u00e1m umo\u017e\u0148uje udr\u017eiava\u0165 pr\u00edsnu kontrolu kvality v ka\u017edej f\u00e1ze v\u00fdroby \u2013 od v\u00fdberu surov\u00edn a\u017e po kone\u010dn\u00fa kontrolu. Tento z\u00e1v\u00e4zok k dokonalosti n\u00e1m vyniesol certifik\u00e1cie a uznanie od priemyseln\u00fdch autor\u00edt, \u010d\u00edm sa \u010falej upev\u0148uje na\u0161a reput\u00e1cia spo\u013eahliv\u00e9ho partnera.<\/p>\n<p>Na\u0161e poslanie je priamo\u010diare, no z\u00e1rove\u0148 ambici\u00f3zne: poskytova\u0165 hydraulick\u00e9 valce, ktor\u00e9 prekon\u00e1vaj\u00fa o\u010dak\u00e1vania vo v\u00fdkone, odolnosti a hodnote. Dodr\u017eiavame z\u00e1sady profesionality, integrity a zamerania sa na z\u00e1kazn\u00edka. Podporou kult\u00fary inov\u00e1ci\u00ed a presnosti neust\u00e1le zdokona\u013eujeme na\u0161e produkty, aby sme zostali konkurencieschopn\u00ed na trhu. N\u00e1\u0161 rozsiahly sortiment produktov a schopnos\u0165 pon\u00faka\u0165 rie\u0161enia na mieru n\u00e1s stavaj\u00fa do poz\u00edcie preferovanej vo\u013eby pre podniky, ktor\u00e9 potrebuj\u00fa vysoko v\u00fdkonn\u00e9 hydraulick\u00e9 valce.<\/p>\n<p>FMP je viac ne\u017e len v\u00fdrobca; sme partnerom vo va\u0161om \u00faspechu. Uvedomujeme si, \u017ee na\u0161i z\u00e1kazn\u00edci sa na n\u00e1s spoliehaj\u00fa, pokia\u013e ide o n\u00e1stroje, ktor\u00e9 zvy\u0161uj\u00fa produktivitu a bezpe\u010dnos\u0165. Preto sa zav\u00e4zujeme poskytova\u0165 nielen produkty najvy\u0161\u0161ej kvality, ale aj v\u00fdnimo\u010dn\u00fd servis. Od po\u010diato\u010dn\u00fdch konzult\u00e1ci\u00ed a\u017e po popredajn\u00fa podporu \u00fazko spolupracujeme s na\u0161imi klientmi, aby sme zabezpe\u010dili, \u017ee ich potreby bud\u00fa splnen\u00e9 s profesionalitou a starostlivos\u0165ou. Na\u0161e konkurencieschopn\u00e9 ceny v kombin\u00e1cii s na\u0161\u00edm neochvejn\u00fdm z\u00e1v\u00e4zkom ku kvalite robia z FMP inteligentn\u00fa vo\u013ebu pre spolo\u010dnosti, ktor\u00e9 h\u013eadaj\u00fa d\u00f4veryhodn\u00e9 hydraulick\u00e9 rie\u0161enia.<\/p>","protected":false},"excerpt":{"rendered":"<p>Hot Sale Double Acting Small Dump Truck Telescopic Hydraulic Cylinder This hot-selling, double-acting small dump truck telescopic hydraulic cylinder is a newly released product of 2025. It is designed for use in various industries including machinery repair shops, farms, energy and mining, machinery manufacturing, and machinery factories. With its steel body and standard design, it [&hellip;]<\/p>","protected":false},"featured_media":6673,"comment_status":"closed","ping_status":"closed","template":"","meta":{"_et_pb_use_builder":"","_et_pb_old_content":"","_et_gb_content_width":""},"product_brand":[],"product_cat":[103],"product_tag":[34,105],"class_list":{"0":"post-6503","1":"product","2":"type-product","3":"status-publish","4":"has-post-thumbnail","6":"product_cat-telescopic-hydraulic-cylinders","7":"product_tag-hydraulic-cylinder","8":"product_tag-telescopic-hydraulic-cylinders","10":"first","11":"instock","12":"product-type-simple"},"_links":{"self":[{"href":"https:\/\/fmp-components.com\/sk\/wp-json\/wp\/v2\/product\/6503","targetHints":{"allow":["GET"]}}],"collection":[{"href":"https:\/\/fmp-components.com\/sk\/wp-json\/wp\/v2\/product"}],"about":[{"href":"https:\/\/fmp-components.com\/sk\/wp-json\/wp\/v2\/types\/product"}],"replies":[{"embeddable":true,"href":"https:\/\/fmp-components.com\/sk\/wp-json\/wp\/v2\/comments?post=6503"}],"wp:featuredmedia":[{"embeddable":true,"href":"https:\/\/fmp-components.com\/sk\/wp-json\/wp\/v2\/media\/6673"}],"wp:attachment":[{"href":"https:\/\/fmp-components.com\/sk\/wp-json\/wp\/v2\/media?parent=6503"}],"wp:term":[{"taxonomy":"product_brand","embeddable":true,"href":"https:\/\/fmp-components.com\/sk\/wp-json\/wp\/v2\/product_brand?post=6503"},{"taxonomy":"product_cat","embeddable":true,"href":"https:\/\/fmp-components.com\/sk\/wp-json\/wp\/v2\/product_cat?post=6503"},{"taxonomy":"product_tag","embeddable":true,"href":"https:\/\/fmp-components.com\/sk\/wp-json\/wp\/v2\/product_tag?post=6503"}],"curies":[{"name":"pracovn\u00fd list","href":"https:\/\/api.w.org\/{rel}","templated":true}]}}