{"id":6499,"date":"2025-03-11T06:25:30","date_gmt":"2025-03-11T06:25:30","guid":{"rendered":"https:\/\/fmp-components.com\/product\/professional-craftsmanship-dump-truck-4-stage-hydraulic-cylinder-small-multistage-hydraulic-cylinder"},"modified":"2025-03-11T08:42:42","modified_gmt":"2025-03-11T08:42:42","slug":"professional-craftsmanship-dump-truck-4-stage-hydraulic-cylinder-small-multistage-hydraulic-cylinder","status":"publish","type":"product","link":"https:\/\/fmp-components.com\/sk\/product\/professional-craftsmanship-dump-truck-4-stage-hydraulic-cylinder-small-multistage-hydraulic-cylinder\/","title":{"rendered":"Profesion\u00e1lne remeseln\u00e9 spracovanie 4-stup\u0148ov\u00e9ho hydraulick\u00e9ho valca pre skl\u00e1pa\u010de Mal\u00fd viacstup\u0148ov\u00fd hydraulick\u00fd valec"},"content":{"rendered":"<h2>Profesion\u00e1lne remeseln\u00e9 spracovanie 4-stup\u0148ov\u00e9ho hydraulick\u00e9ho valca pre skl\u00e1pa\u010de Mal\u00fd viacstup\u0148ov\u00fd hydraulick\u00fd valec<\/h2>\n<p>Viacstup\u0148ov\u00fd hydraulick\u00fd valec je produkt svetovej triedy ur\u010den\u00fd pre r\u00f4zne priemyseln\u00e9 aplik\u00e1cie. Vyzna\u010duje sa v\u00fdnimo\u010dn\u00fdm v\u00fdkonom, odolnos\u0165ou a \u00fa\u010dinnos\u0165ou. Je nevyhnutn\u00fdm n\u00e1strojom pre opravovne strojov, farmy, energetick\u00fd a \u0165a\u017eobn\u00fd priemysel, v\u00fdrobu strojov a stroj\u00e1rne.<\/p>\n<h2>\u0160pecifik\u00e1cie produktu<\/h2>\n<table style=\"width: 98.1124%;\" border=\"\">\n<tbody>\n<tr>\n<th style=\"width: 43.5028%;\">Ve\u013ekos\u0165 otvoru<\/th>\n<td style=\"width: 475.141%;\">2-6 palcov<\/td>\n<\/tr>\n<tr>\n<th style=\"width: 43.5028%;\">Ve\u013ekos\u0165 ty\u010de<\/th>\n<td style=\"width: 475.141%;\">1,125-4 palca<\/td>\n<\/tr>\n<tr>\n<th style=\"width: 43.5028%;\">Ve\u013ekos\u0165 \u0165ahu<\/th>\n<td style=\"width: 475.141%;\">4-100 palcov<\/td>\n<\/tr>\n<tr>\n<th style=\"width: 43.5028%;\">Ve\u013ekos\u0165 \u010dapu<\/th>\n<td style=\"width: 475.141%;\">0,5-2 palce<\/td>\n<\/tr>\n<tr>\n<th style=\"width: 43.5028%;\">Porty<\/th>\n<td style=\"width: 475.141%;\">G\/SAE\/NPT\/M<\/td>\n<\/tr>\n<\/tbody>\n<\/table>\n<h2>K\u013e\u00fa\u010dov\u00e9 vlastnosti viacstup\u0148ov\u00e9ho hydraulick\u00e9ho valca<\/h2>\n<ul>\n<li>Energeticky \u00fasporn\u00e9<\/li>\n<li>Vysok\u00fd v\u00fdkon<\/li>\n<li>Bezpe\u010dnos\u0165 zaru\u010den\u00e1<\/li>\n<\/ul>\n<h3>Hydraulick\u00e9 syst\u00e9my a princ\u00edp \u010dinnosti<\/h3>\n<p>Viacstup\u0148ov\u00fd hydraulick\u00fd valec funguje na princ\u00edpe vyu\u017eitia sily kvapaliny, ktor\u00e1 je vlastn\u00e1 hydraulick\u00fdm syst\u00e9mom. T\u00e1to inovat\u00edvna technol\u00f3gia umo\u017e\u0148uje valcu premie\u0148a\u0165 hydraulick\u00fa energiu na mechanick\u00fa energiu, \u010d\u00edm efekt\u00edvne vykon\u00e1va pr\u00e1cu v mnoh\u00fdch priemyseln\u00fdch aplik\u00e1ci\u00e1ch. Ke\u010f je hydraulick\u00e1 kvapalina natlakovan\u00e1 a priveden\u00e1 do valca, iniciuje pohyb, ktor\u00fd sa premie\u0148a na line\u00e1rny pohyb. \u00da\u010dinnos\u0165 a v\u00fdkon tohto hydraulick\u00e9ho valca sved\u010dia o jeho vynikaj\u00facej kon\u0161trukcii a spracovan\u00ed, \u010do zabezpe\u010duje, \u017ee dok\u00e1\u017ee zvl\u00e1dnu\u0165 \u0165a\u017ek\u00e9 bremen\u00e1 s presnos\u0165ou a spo\u013eahlivos\u0165ou. Jeho pokro\u010dil\u00e1 kon\u0161trukcia umo\u017e\u0148uje plynul\u00fd chod a prisp\u00f4sobivos\u0165, v\u010faka \u010domu je vhodn\u00fd pre \u00falohy, ktor\u00e9 vy\u017eaduj\u00fa pevnos\u0165 aj presnos\u0165.<\/p>\n<p><img loading=\"lazy\" decoding=\"async\" class=\"alignnone  wp-image-6664\" src=\"https:\/\/fmp-components.com\/wp-content\/uploads\/2025\/03\/telescopic-hydraulic-cylinder-8.webp\" alt=\"teleskopick\u00fd hydraulick\u00fd valec\" width=\"898\" height=\"898\" title=\"\" srcset=\"https:\/\/fmp-components.com\/wp-content\/uploads\/2025\/03\/telescopic-hydraulic-cylinder-8.webp 898w, https:\/\/fmp-components.com\/wp-content\/uploads\/2025\/03\/telescopic-hydraulic-cylinder-8-480x480.webp 480w\" sizes=\"(min-width: 0px) and (max-width: 480px) 480px, (min-width: 481px) 898px, 100vw\" \/><\/p>\n<h3>Aplik\u00e1cie hydraulick\u00e9ho valca<\/h3>\n<p>Tento hydraulick\u00fd valec je v\u0161estrann\u00fd a nach\u00e1dza uplatnenie v \u0161irokej \u0161k\u00e1le oblast\u00ed. V opravovniach strojov je nevyhnutn\u00fd na zdv\u00edhanie a manipul\u00e1ciu s \u0165a\u017ek\u00fdmi komponentmi, \u010do u\u013eah\u010duje efekt\u00edvne opravy a \u00fadr\u017ebu. V po\u013enohospod\u00e1rskom prostred\u00ed zohr\u00e1va k\u013e\u00fa\u010dov\u00fa \u00falohu pri pohone zariaden\u00ed, ako s\u00fa traktory a skl\u00e1pacie n\u00e1vesy, \u010d\u00edm zvy\u0161uje produktivitu v po\u013enohospod\u00e1rskych prev\u00e1dzkach. Energetick\u00fd a \u0165a\u017eobn\u00fd sektor v\u00fdrazne profituj\u00fa z jeho robustnej kon\u0161trukcie, preto\u017ee dok\u00e1\u017ee odola\u0165 n\u00e1ro\u010dn\u00fdm podmienkam typick\u00fdm pre tieto odvetvia, v\u010faka \u010domu je ide\u00e1lny pre n\u00e1ro\u010dn\u00e9 \u00falohy. Okrem toho sa \u0161iroko pou\u017e\u00edva v stroj\u00e1rstve a tov\u00e1r\u0148ach, kde podporuje r\u00f4zne v\u00fdrobn\u00e9 procesy t\u00fdm, \u017ee poskytuje potrebn\u00fa silu na mont\u00e1\u017e a manipul\u00e1ciu s materi\u00e1lom. Jeho prisp\u00f4sobivos\u0165 v t\u00fdchto rozmanit\u00fdch prostrediach zd\u00f4raz\u0148uje jeho d\u00f4le\u017eitos\u0165 ako spo\u013eahliv\u00e9ho n\u00e1stroja pre profesion\u00e1lov v mnoh\u00fdch odvetviach.<\/p>\n<h3>Hydraulick\u00e9 valce a pohonn\u00e9 jednotky<\/h3>\n<p>Hydraulick\u00e9 valce a pohonn\u00e9 jednotky s\u00fa neoddelite\u013enou s\u00fa\u010das\u0165ou hydraulick\u00fdch syst\u00e9mov a pracuj\u00fa v harm\u00f3nii, aby zabezpe\u010dili optim\u00e1lny v\u00fdkon. Hydraulick\u00fd valec sl\u00fa\u017ei ako ovl\u00e1da\u010d, ktor\u00fd premie\u0148a hydraulick\u00fa energiu na mechanick\u00fd pohyb, zatia\u013e \u010do pohonn\u00e1 jednotka funguje ako zdroj energie a dod\u00e1va tlakov\u00fa kvapalinu potrebn\u00fa na prev\u00e1dzku. Spolo\u010dne u\u013eah\u010duj\u00fa efekt\u00edvne vyu\u017eitie hydraulickej technol\u00f3gie v priemyselnej oblasti a poskytuj\u00fa spo\u013eahliv\u00fa podporu v\u00fdkonu a riadenia pre r\u00f4zne technick\u00e9 a mechanick\u00e9 zariadenia. T\u00e1to koordinovan\u00e1 funkcia je nevyhnutn\u00e1 na vykon\u00e1vanie \u00faloh, ktor\u00e9 vy\u017eaduj\u00fa zna\u010dn\u00fa silu a presnos\u0165, \u010d\u00edm sa zabezpe\u010duje plynul\u00fd a efekt\u00edvny priebeh oper\u00e1ci\u00ed. V spolo\u010dnosti FMP pon\u00fakame aj \u0161irok\u00fa \u0161k\u00e1lu pohonn\u00fdch jednotiek na predaj, ktor\u00e9 dop\u013a\u0148aj\u00fa na\u0161e hydraulick\u00e9 valce a poskytuj\u00fa kompletn\u00e9 rie\u0161enia pre va\u0161e potreby v oblasti hydraulick\u00e9ho syst\u00e9mu. N\u00e1\u0161 z\u00e1v\u00e4zok ku kvalite a inov\u00e1ci\u00e1m zaru\u010duje, \u017ee sa na n\u00e1s m\u00f4\u017eete spo\u013eahn\u00fa\u0165 vo v\u0161etk\u00fdch va\u0161ich hydraulick\u00fdch po\u017eiadavk\u00e1ch.<\/p>\n<p><img loading=\"lazy\" decoding=\"async\" class=\"alignnone  wp-image-6665\" src=\"https:\/\/fmp-components.com\/wp-content\/uploads\/2025\/03\/telescopic-hydraulic-cylinder-9.webp\" alt=\"teleskopick\u00fd hydraulick\u00fd valec\" width=\"921\" height=\"921\" title=\"\" srcset=\"https:\/\/fmp-components.com\/wp-content\/uploads\/2025\/03\/telescopic-hydraulic-cylinder-9.webp 921w, https:\/\/fmp-components.com\/wp-content\/uploads\/2025\/03\/telescopic-hydraulic-cylinder-9-480x480.webp 480w\" sizes=\"(min-width: 0px) and (max-width: 480px) 480px, (min-width: 481px) 921px, 100vw\" \/><\/p>\n<h3>O FMP<\/h3>\n<p class=\"break-words\">FMP je popredn\u00fd taliansky v\u00fdrobca \u0161pecializuj\u00faci sa na n\u00e1vrh, v\u00fdvoj a v\u00fdrobu vysokokvalitn\u00fdch hydraulick\u00fdch valcov. S bohat\u00fdm dedi\u010dstvom zakorenen\u00fdm v desa\u0165ro\u010diach odborn\u00fdch znalost\u00ed hrdo kombinujeme talianske remeseln\u00e9 spracovanie s najmodernej\u0161ou technol\u00f3giou, aby sme dod\u00e1vali v\u00fdnimo\u010dn\u00e9 hydraulick\u00e9 rie\u0161enia prisp\u00f4soben\u00e9 rozmanit\u00fdm potreb\u00e1m na\u0161ich glob\u00e1lnych klientov. Spolo\u010dnos\u0165 FMP so s\u00eddlom v Taliansku, centre in\u017einierskej excelentnosti, je d\u00f4veryhodn\u00fdm menom v hydraulickom priemysle a je odhodlan\u00e1 poskytova\u0165 spo\u013eahliv\u00e9, odoln\u00e9 a inovat\u00edvne produkty, ktor\u00e9 posil\u0148uj\u00fa podniky na celom svete.<\/p>\n<p class=\"break-words\">Na\u0161a spolo\u010dnos\u0165 sp\u00e1ja to najlep\u0161ie z pokro\u010dil\u00fdch v\u00fdrobn\u00fdch trad\u00edci\u00ed s progres\u00edvnym pr\u00edstupom. V\u010faka dlhoro\u010dn\u00fdm sk\u00fasenostiam v oblasti hydraulick\u00fdch syst\u00e9mov sa spolo\u010dnos\u0165 FMP vyvinula v modern\u00fd podnik, ktor\u00fd vynik\u00e1 vo v\u00fdskume, dizajne a v\u00fdrobe. \u0160pecializujeme sa na \u0161irok\u00fa \u0161k\u00e1lu hydraulick\u00fdch valcov vr\u00e1tane dvoj\u010dinn\u00fdch valcov, zdv\u00edhac\u00edch valcov pre automobily, valcov pre po\u013enohospod\u00e1rske stroje a na mieru vyroben\u00fdch rie\u0161en\u00ed pre r\u00f4zne priemyseln\u00e9 aplik\u00e1cie. \u010ci u\u017e ide o stavebn\u00edctvo, priemyseln\u00e9 in\u0161tal\u00e1cie, po\u013enohospod\u00e1rstvo alebo \u0165a\u017ek\u00e9 stroje, na\u0161e hydraulick\u00e9 valce s\u00fa skon\u0161truovan\u00e9 tak, aby fungovali v naj\u0165a\u017e\u0161\u00edch podmienkach a zabezpe\u010dovali bezpe\u010dnos\u0165, \u00fa\u010dinnos\u0165 a dlh\u00fa \u017eivotnos\u0165.<\/p>\n<p><img loading=\"lazy\" decoding=\"async\" class=\"alignnone size-full wp-image-6720\" src=\"https:\/\/fmp-components.com\/wp-content\/uploads\/2025\/03\/hydraulic-cylinder-8.webp\" alt=\"Teleskopick\u00e9 hydraulick\u00e9 valce\" width=\"933\" height=\"526\" title=\"\" srcset=\"https:\/\/fmp-components.com\/wp-content\/uploads\/2025\/03\/hydraulic-cylinder-8.webp 933w, https:\/\/fmp-components.com\/wp-content\/uploads\/2025\/03\/hydraulic-cylinder-8-480x271.webp 480w\" sizes=\"(min-width: 0px) and (max-width: 480px) 480px, (min-width: 481px) 933px, 100vw\" \/><\/p>\n<p class=\"break-words\">V spolo\u010dnosti FMP sme hrd\u00ed na na\u0161e najmodernej\u0161ie v\u00fdrobn\u00e9 zariadenia, vybaven\u00e9 presn\u00fdmi strojmi a pokro\u010dil\u00fdmi testovac\u00edmi syst\u00e9mami. Na\u0161e v\u00fdrobn\u00e9 procesy sp\u013a\u0148aj\u00fa pr\u00edsne n\u00e1rodn\u00e9 a medzin\u00e1rodn\u00e9 normy, \u010do zabezpe\u010duje, \u017ee ka\u017ed\u00fd hydraulick\u00fd valec op\u00fa\u0161\u0165aj\u00faci na\u0161u tov\u00e1re\u0148 m\u00e1 vynikaj\u00facu kvalitu a spo\u013eahlivos\u0165. N\u00e1\u0161 sk\u00fasen\u00fd technick\u00fd t\u00edm v spojen\u00ed s najmodernej\u0161\u00edm vybaven\u00edm n\u00e1m umo\u017e\u0148uje udr\u017eiava\u0165 pr\u00edsnu kontrolu kvality v ka\u017edej f\u00e1ze v\u00fdroby \u2013 od v\u00fdberu surov\u00edn a\u017e po kone\u010dn\u00fa kontrolu. Toto odhodlanie k dokonalosti n\u00e1m prinieslo certifik\u00e1cie a uznanie od priemyseln\u00fdch autor\u00edt, \u010do \u010falej upev\u0148uje na\u0161u reput\u00e1ciu spo\u013eahliv\u00e9ho partnera.<\/p>\n<p class=\"break-words\">Na\u0161e poslanie je jednoduch\u00e9, no ambici\u00f3zne: poskytova\u0165 na\u0161im z\u00e1kazn\u00edkom hydraulick\u00e9 valce, ktor\u00e9 prekon\u00e1vaj\u00fa o\u010dak\u00e1vania v oblasti v\u00fdkonu, odolnosti a hodnoty. Pracujeme v s\u00falade s hlavn\u00fdmi princ\u00edpmi profesionality, integrity a zamerania sa na z\u00e1kazn\u00edka. Podporou kult\u00fary inov\u00e1ci\u00ed a presnosti neust\u00e1le zdokona\u013eujeme na\u0161e produkty, aby sme si udr\u017eali n\u00e1skok na konkuren\u010dnom trhu. N\u00e1\u0161 komplexn\u00fd sortiment produktov a schopnos\u0165 pon\u00faka\u0165 rie\u0161enia na mieru z n\u00e1s robia vo\u013ebu pre firmy, ktor\u00e9 h\u013eadaj\u00fa vysoko v\u00fdkonn\u00e9 hydraulick\u00e9 valce.<\/p>\n<p class=\"break-words\">FMP je viac ne\u017e len v\u00fdrobca \u2013 sme partnerom vo va\u0161om \u00faspechu. Ch\u00e1peme, \u017ee na\u0161i z\u00e1kazn\u00edci sa na n\u00e1s spoliehaj\u00fa, \u017ee im dod\u00e1me n\u00e1stroje, ktor\u00e9 zvy\u0161uj\u00fa ich produktivitu a bezpe\u010dnos\u0165. Preto sa zav\u00e4zujeme pon\u00faka\u0165 nielen \u0161pi\u010dkov\u00e9 produkty, ale aj v\u00fdnimo\u010dn\u00fd servis. Od \u00favodnej konzult\u00e1cie a\u017e po popredajn\u00fa podporu \u00fazko spolupracujeme s na\u0161imi klientmi, aby sme zabezpe\u010dili, \u017ee ich potreby bud\u00fa splnen\u00e9 s profesionalitou a starostlivos\u0165ou. Na\u0161e konkurencieschopn\u00e9 ceny v spojen\u00ed s na\u0161\u00edm neochvejn\u00fdm z\u00e1v\u00e4zkom ku kvalite robia z FMP inteligentn\u00fa vo\u013ebu pre spolo\u010dnosti, ktor\u00e9 chc\u00fa investova\u0165 do hydraulick\u00fdch rie\u0161en\u00ed, ktor\u00fdm m\u00f4\u017eu d\u00f4verova\u0165.<\/p>","protected":false},"excerpt":{"rendered":"<p>Professional Craftsmanship Dump Truck 4 Stage Hydraulic Cylinder Small Multistage Hydraulic Cylinder The Multistage Hydraulic Cylinder is a world-class product designed for various industrial applications. It demonstrates exceptional performance, durability, and efficiency. It is an essential tool for machinery repair shops, farms, energy &amp; mining industries, machinery manufacturing, and machinery factories. Product Specifications Bore Size [&hellip;]<\/p>","protected":false},"featured_media":6678,"comment_status":"closed","ping_status":"closed","template":"","meta":{"_et_pb_use_builder":"","_et_pb_old_content":"","_et_gb_content_width":""},"product_brand":[],"product_cat":[103],"product_tag":[34,105],"class_list":{"0":"post-6499","1":"product","2":"type-product","3":"status-publish","4":"has-post-thumbnail","6":"product_cat-telescopic-hydraulic-cylinders","7":"product_tag-hydraulic-cylinder","8":"product_tag-telescopic-hydraulic-cylinders","10":"first","11":"instock","12":"product-type-simple"},"_links":{"self":[{"href":"https:\/\/fmp-components.com\/sk\/wp-json\/wp\/v2\/product\/6499","targetHints":{"allow":["GET"]}}],"collection":[{"href":"https:\/\/fmp-components.com\/sk\/wp-json\/wp\/v2\/product"}],"about":[{"href":"https:\/\/fmp-components.com\/sk\/wp-json\/wp\/v2\/types\/product"}],"replies":[{"embeddable":true,"href":"https:\/\/fmp-components.com\/sk\/wp-json\/wp\/v2\/comments?post=6499"}],"wp:featuredmedia":[{"embeddable":true,"href":"https:\/\/fmp-components.com\/sk\/wp-json\/wp\/v2\/media\/6678"}],"wp:attachment":[{"href":"https:\/\/fmp-components.com\/sk\/wp-json\/wp\/v2\/media?parent=6499"}],"wp:term":[{"taxonomy":"product_brand","embeddable":true,"href":"https:\/\/fmp-components.com\/sk\/wp-json\/wp\/v2\/product_brand?post=6499"},{"taxonomy":"product_cat","embeddable":true,"href":"https:\/\/fmp-components.com\/sk\/wp-json\/wp\/v2\/product_cat?post=6499"},{"taxonomy":"product_tag","embeddable":true,"href":"https:\/\/fmp-components.com\/sk\/wp-json\/wp\/v2\/product_tag?post=6499"}],"curies":[{"name":"pracovn\u00fd list","href":"https:\/\/api.w.org\/{rel}","templated":true}]}}