{"id":6490,"date":"2025-03-11T06:25:30","date_gmt":"2025-03-11T06:25:30","guid":{"rendered":"https:\/\/fmp-components.com\/product\/strong-stable-5-stage-telescopic-dump-truck-hydraulic-cylinder-multistage-hydraulic-cylinder"},"modified":"2025-03-14T03:18:42","modified_gmt":"2025-03-14T03:18:42","slug":"strong-stable-5-stage-telescopic-dump-truck-hydraulic-cylinder-multistage-hydraulic-cylinder","status":"publish","type":"product","link":"https:\/\/fmp-components.com\/sk\/product\/strong-stable-5-stage-telescopic-dump-truck-hydraulic-cylinder-multistage-hydraulic-cylinder\/","title":{"rendered":"Siln\u00fd stabiln\u00fd 5-stup\u0148ov\u00fd hydraulick\u00fd valec pre teleskopick\u00fd skl\u00e1pa\u010d, viacstup\u0148ov\u00fd hydraulick\u00fd valec"},"content":{"rendered":"<h2>Teleskopick\u00fd hydraulick\u00fd valec 20-tonov\u00e9 hydraulick\u00e9 valce pre skl\u00e1pa\u010d<\/h2>\n<p>N\u00e1\u0161 pr\u00e9miov\u00fd teleskopick\u00fd hydraulick\u00fd valec je v\u00fdkonn\u00fd, vysokokapacitn\u00fd komponent hydraulick\u00e9ho syst\u00e9mu, ktor\u00fd je ide\u00e1lny pre \u0165a\u017ek\u00e9 aplik\u00e1cie, ako s\u00fa napr\u00edklad skl\u00e1pa\u010de. S maxim\u00e1lnym \u0165ahom 20 ton a p\u00f4sobiv\u00fdm maxim\u00e1lnym posunom 3000 pon\u00faka vynikaj\u00faci v\u00fdkon a v\u00fdnimo\u010dn\u00fa spo\u013eahlivos\u0165.<\/p>\n<h2>Funkcie a funk\u010dnos\u0165<\/h2>\n<p>Tento hydraulick\u00fd valec sa m\u00f4\u017ee pochv\u00e1li\u0165 \u0161tandardnou kon\u0161trukciou piestov\u00e9ho valca poh\u00e1\u0148an\u00e9ho hydraulickou energiou. Materi\u00e1l telesa je vyroben\u00fd z robustnej ocele, \u010do zaru\u010duje jeho odolnos\u0165 a dlh\u00fa \u017eivotnos\u0165. Ve\u013ekos\u0165 otvoru sa pohybuje od 2 do 6 palcov, s ve\u013ekos\u0165ou ty\u010de od 1,125 do 4 palcov a ve\u013ekos\u0165ou zdvihu od 4 do 100 palcov. Ve\u013ekos\u0165 \u010dapu sa pohybuje od 0,5 do 2 palcov a je vybaven\u00fd portami G\/SAE\/NPT\/M.<\/p>\n<h3>\u0160pecifik\u00e1cie produktu<\/h3>\n<table style=\"width: 96.1413%;\" border=\"\">\n<tbody>\n<tr>\n<th style=\"width: 34.1463%;\">N\u00e1zov produktu<\/th>\n<td style=\"width: 234.495%;\">Teleskopick\u00fd hydraulick\u00fd valec<\/td>\n<\/tr>\n<tr>\n<th style=\"width: 34.1463%;\">Certifik\u00e1cia<\/th>\n<td style=\"width: 234.495%;\">ISO9001:2000<\/td>\n<\/tr>\n<tr>\n<th style=\"width: 34.1463%;\">Ve\u013ekos\u0165 otvoru<\/th>\n<td style=\"width: 234.495%;\">2-6 palcov<\/td>\n<\/tr>\n<tr>\n<th style=\"width: 34.1463%;\">Ve\u013ekos\u0165 ty\u010de<\/th>\n<td style=\"width: 234.495%;\">1,125-4 palca<\/td>\n<\/tr>\n<tr>\n<th style=\"width: 34.1463%;\">Ve\u013ekos\u0165 \u0165ahu<\/th>\n<td style=\"width: 234.495%;\">4-100 palcov<\/td>\n<\/tr>\n<tr>\n<th style=\"width: 34.1463%;\">Ve\u013ekos\u0165 \u010dapu<\/th>\n<td style=\"width: 234.495%;\">0,5-2 palce<\/td>\n<\/tr>\n<tr>\n<th style=\"width: 34.1463%;\">Porty<\/th>\n<td style=\"width: 234.495%;\">G\/SAE\/NPT\/M<\/td>\n<\/tr>\n<\/tbody>\n<\/table>\n<h2>Jedine\u010dn\u00e9 v\u00fdhody<\/h2>\n<ul>\n<li>Energeticky \u00fasporn\u00fd: Optimalizuje vyu\u017eitie hydraulickej energie pre maxim\u00e1lnu \u00fa\u010dinnos\u0165<\/li>\n<li>Vysok\u00e1 \u00fa\u010dinnos\u0165: Poskytuje vysok\u00fd v\u00fdkon s ni\u017e\u0161ou spotrebou energie<\/li>\n<li>Bezpe\u010dnos\u0165: Zais\u0165uje bezpe\u010dn\u00fa prev\u00e1dzku aj pri n\u00e1ro\u010dn\u00fdch aplik\u00e1ci\u00e1ch<\/li>\n<\/ul>\n<h3>Hydraulick\u00fd syst\u00e9m a princ\u00edp \u010dinnosti<\/h3>\n<p>Hydraulick\u00fd syst\u00e9m tohto valca funguje na princ\u00edpe tlaku kvapaliny. Hydraulick\u00e1 kvapalina je pod tlakom a pren\u00e1\u0161a sa cel\u00fdm syst\u00e9mom, \u010d\u00edm vytv\u00e1ra silu alebo pohyb. T\u00e1to sila sa potom pou\u017e\u00edva na pohon hydraulick\u00e9ho valca, \u010d\u00edm sa premie\u0148a hydraulick\u00e1 energia na mechanick\u00fa energiu.<\/p>\n<p><img loading=\"lazy\" decoding=\"async\" class=\"alignnone  wp-image-6754\" src=\"https:\/\/fmp-components.com\/wp-content\/uploads\/2025\/03\/Telescopic-Hydraulic-Cylinders-111.webp\" alt=\"Teleskopick\u00e9 hydraulick\u00e9 valce\" width=\"794\" height=\"794\" title=\"\" srcset=\"https:\/\/fmp-components.com\/wp-content\/uploads\/2025\/03\/Telescopic-Hydraulic-Cylinders-111.webp 794w, https:\/\/fmp-components.com\/wp-content\/uploads\/2025\/03\/Telescopic-Hydraulic-Cylinders-111-480x480.webp 480w\" sizes=\"(min-width: 0px) and (max-width: 480px) 480px, (min-width: 481px) 794px, 100vw\" \/><\/p>\n<h2>Scen\u00e1r aplik\u00e1cie<\/h2>\n<p>Tento hydraulick\u00fd valec sa pou\u017e\u00edva predov\u0161etk\u00fdm v skl\u00e1pa\u010doch, ale je pou\u017eite\u013en\u00fd aj v r\u00f4znych odvetviach, ako s\u00fa opravovne strojov, farmy, energetika a ban\u00edctvo, v\u00fdroba strojov a stroj\u00e1rne.<\/p>\n<h2>Hydraulick\u00e9 valce a pohonn\u00e9 jednotky<\/h2>\n<p>Synergia medzi hydraulick\u00fdmi valcami a pohonn\u00fdmi jednotkami je k\u013e\u00fa\u010dov\u00e1 pre prev\u00e1dzku hydraulick\u00fdch syst\u00e9mov. Hydraulick\u00e9 valce ako aktu\u00e1tory premie\u0148aj\u00fa hydraulick\u00fa energiu na mechanick\u00fd pohyb. Pohonn\u00e9 jednotky na druhej strane poskytuj\u00fa potrebn\u00fa energiu a riadiace sign\u00e1ly. Spolo\u010dne zabezpe\u010duj\u00fa plynul\u00fd chod hydraulick\u00fdch syst\u00e9mov.<\/p>\n<h2>\u010casto kladen\u00e9 ot\u00e1zky<\/h2>\n<p><span>Ot\u00e1zka: Ste obchodn\u00e1 spolo\u010dnos\u0165 alebo v\u00fdrobca?<\/span><br \/>\n<span>A: Sme v\u00fdrobca.<\/span><br \/>\n<span>Ot\u00e1zka: Ak\u00e1 je va\u0161a dodacia lehota?<\/span><br \/>\n<span>A: Na\u0161a dodacia lehota je zvy\u010dajne 25-35 dn\u00ed.<\/span><br \/>\n<span>Ot\u00e1zka: Poskytujete vzorky? Je to zadarmo alebo navy\u0161e?<\/span><br \/>\n<span>A: \u00c1no, poskytujeme vzorky, ale nie s\u00fa zadarmo.<\/span><\/p>\n<h3>O FMP<\/h3>\n<p class=\"break-words\">FMP je popredn\u00fd taliansky v\u00fdrobca \u0161pecializuj\u00faci sa na n\u00e1vrh, v\u00fdvoj a v\u00fdrobu vysokokvalitn\u00fdch hydraulick\u00fdch valcov. S bohat\u00fdm dedi\u010dstvom zakorenen\u00fdm v desa\u0165ro\u010diach odborn\u00fdch znalost\u00ed hrdo kombinujeme talianske remeseln\u00e9 spracovanie s najmodernej\u0161ou technol\u00f3giou, aby sme dod\u00e1vali v\u00fdnimo\u010dn\u00e9 hydraulick\u00e9 rie\u0161enia prisp\u00f4soben\u00e9 rozmanit\u00fdm potreb\u00e1m na\u0161ich glob\u00e1lnych klientov. Spolo\u010dnos\u0165 FMP so s\u00eddlom v Taliansku, centre in\u017einierskej excelentnosti, je d\u00f4veryhodn\u00fdm menom v hydraulickom priemysle a je odhodlan\u00e1 poskytova\u0165 spo\u013eahliv\u00e9, odoln\u00e9 a inovat\u00edvne produkty, ktor\u00e9 posil\u0148uj\u00fa podniky na celom svete.<\/p>\n<p class=\"break-words\">Na\u0161a spolo\u010dnos\u0165 sp\u00e1ja to najlep\u0161ie z pokro\u010dil\u00fdch v\u00fdrobn\u00fdch trad\u00edci\u00ed s progres\u00edvnym pr\u00edstupom. V\u010faka dlhoro\u010dn\u00fdm sk\u00fasenostiam v oblasti hydraulick\u00fdch syst\u00e9mov sa spolo\u010dnos\u0165 FMP vyvinula v modern\u00fd podnik, ktor\u00fd vynik\u00e1 vo v\u00fdskume, dizajne a v\u00fdrobe. \u0160pecializujeme sa na \u0161irok\u00fa \u0161k\u00e1lu hydraulick\u00fdch valcov vr\u00e1tane dvoj\u010dinn\u00fdch valcov, zdv\u00edhac\u00edch valcov pre automobily, valcov pre po\u013enohospod\u00e1rske stroje a na mieru vyroben\u00fdch rie\u0161en\u00ed pre r\u00f4zne priemyseln\u00e9 aplik\u00e1cie. \u010ci u\u017e ide o stavebn\u00edctvo, priemyseln\u00e9 in\u0161tal\u00e1cie, po\u013enohospod\u00e1rstvo alebo \u0165a\u017ek\u00e9 stroje, na\u0161e hydraulick\u00e9 valce s\u00fa skon\u0161truovan\u00e9 tak, aby fungovali v naj\u0165a\u017e\u0161\u00edch podmienkach a zabezpe\u010dovali bezpe\u010dnos\u0165, \u00fa\u010dinnos\u0165 a dlh\u00fa \u017eivotnos\u0165.<\/p>\n<p><img loading=\"lazy\" decoding=\"async\" class=\"alignnone size-full wp-image-6720\" src=\"https:\/\/fmp-components.com\/wp-content\/uploads\/2025\/03\/hydraulic-cylinder-8.webp\" alt=\"Teleskopick\u00e9 hydraulick\u00e9 valce\" width=\"933\" height=\"526\" title=\"\" srcset=\"https:\/\/fmp-components.com\/wp-content\/uploads\/2025\/03\/hydraulic-cylinder-8.webp 933w, https:\/\/fmp-components.com\/wp-content\/uploads\/2025\/03\/hydraulic-cylinder-8-480x271.webp 480w\" sizes=\"(min-width: 0px) and (max-width: 480px) 480px, (min-width: 481px) 933px, 100vw\" \/><\/p>\n<p class=\"break-words\">V spolo\u010dnosti FMP sme hrd\u00ed na na\u0161e najmodernej\u0161ie v\u00fdrobn\u00e9 zariadenia, vybaven\u00e9 presn\u00fdmi strojmi a pokro\u010dil\u00fdmi testovac\u00edmi syst\u00e9mami. Na\u0161e v\u00fdrobn\u00e9 procesy sp\u013a\u0148aj\u00fa pr\u00edsne n\u00e1rodn\u00e9 a medzin\u00e1rodn\u00e9 normy, \u010do zabezpe\u010duje, \u017ee ka\u017ed\u00fd hydraulick\u00fd valec op\u00fa\u0161\u0165aj\u00faci na\u0161u tov\u00e1re\u0148 m\u00e1 vynikaj\u00facu kvalitu a spo\u013eahlivos\u0165. N\u00e1\u0161 sk\u00fasen\u00fd technick\u00fd t\u00edm v spojen\u00ed s najmodernej\u0161\u00edm vybaven\u00edm n\u00e1m umo\u017e\u0148uje udr\u017eiava\u0165 pr\u00edsnu kontrolu kvality v ka\u017edej f\u00e1ze v\u00fdroby \u2013 od v\u00fdberu surov\u00edn a\u017e po kone\u010dn\u00fa kontrolu. Toto odhodlanie k dokonalosti n\u00e1m prinieslo certifik\u00e1cie a uznanie od priemyseln\u00fdch autor\u00edt, \u010do \u010falej upev\u0148uje na\u0161u reput\u00e1ciu spo\u013eahliv\u00e9ho partnera.<\/p>\n<p class=\"break-words\">Na\u0161e poslanie je jednoduch\u00e9, no ambici\u00f3zne: poskytova\u0165 na\u0161im z\u00e1kazn\u00edkom hydraulick\u00e9 valce, ktor\u00e9 prekon\u00e1vaj\u00fa o\u010dak\u00e1vania v oblasti v\u00fdkonu, odolnosti a hodnoty. Pracujeme v s\u00falade s hlavn\u00fdmi princ\u00edpmi profesionality, integrity a zamerania sa na z\u00e1kazn\u00edka. Podporou kult\u00fary inov\u00e1ci\u00ed a presnosti neust\u00e1le zdokona\u013eujeme na\u0161e produkty, aby sme si udr\u017eali n\u00e1skok na konkuren\u010dnom trhu. N\u00e1\u0161 komplexn\u00fd sortiment produktov a schopnos\u0165 pon\u00faka\u0165 rie\u0161enia na mieru z n\u00e1s robia vo\u013ebu pre firmy, ktor\u00e9 h\u013eadaj\u00fa vysoko v\u00fdkonn\u00e9 hydraulick\u00e9 valce.<\/p>\n<p class=\"break-words\">FMP je viac ne\u017e len v\u00fdrobca \u2013 sme partnerom vo va\u0161om \u00faspechu. Ch\u00e1peme, \u017ee na\u0161i z\u00e1kazn\u00edci sa na n\u00e1s spoliehaj\u00fa, \u017ee im dod\u00e1me n\u00e1stroje, ktor\u00e9 zvy\u0161uj\u00fa ich produktivitu a bezpe\u010dnos\u0165. Preto sa zav\u00e4zujeme pon\u00faka\u0165 nielen \u0161pi\u010dkov\u00e9 produkty, ale aj v\u00fdnimo\u010dn\u00fd servis. Od \u00favodnej konzult\u00e1cie a\u017e po popredajn\u00fa podporu \u00fazko spolupracujeme s na\u0161imi klientmi, aby sme zabezpe\u010dili, \u017ee ich potreby bud\u00fa splnen\u00e9 s profesionalitou a starostlivos\u0165ou. Na\u0161e konkurencieschopn\u00e9 ceny v spojen\u00ed s na\u0161\u00edm neochvejn\u00fdm z\u00e1v\u00e4zkom ku kvalite robia z FMP inteligentn\u00fa vo\u013ebu pre spolo\u010dnosti, ktor\u00e9 chc\u00fa investova\u0165 do hydraulick\u00fdch rie\u0161en\u00ed, ktor\u00fdm m\u00f4\u017eu d\u00f4verova\u0165.<\/p>","protected":false},"excerpt":{"rendered":"<p>Telescopic Hydraulic Cylinder 20 Ton Hydraulic Cylinders For Dump Truck Our premium Telescopic hydraulic cylinder is a powerful, high-capacity hydraulic system component that is ideal for heavy-duty applications such as dump trucks. With a maximum pull of 20 tons and an impressive max thrust of 3000, it offers superior performance and exceptional reliability. Features and [&hellip;]<\/p>","protected":false},"featured_media":6788,"comment_status":"closed","ping_status":"closed","template":"","meta":{"_et_pb_use_builder":"","_et_pb_old_content":"","_et_gb_content_width":""},"product_brand":[],"product_cat":[103],"product_tag":[34,105],"class_list":{"0":"post-6490","1":"product","2":"type-product","3":"status-publish","4":"has-post-thumbnail","6":"product_cat-telescopic-hydraulic-cylinders","7":"product_tag-hydraulic-cylinder","8":"product_tag-telescopic-hydraulic-cylinders","10":"first","11":"instock","12":"product-type-simple"},"_links":{"self":[{"href":"https:\/\/fmp-components.com\/sk\/wp-json\/wp\/v2\/product\/6490","targetHints":{"allow":["GET"]}}],"collection":[{"href":"https:\/\/fmp-components.com\/sk\/wp-json\/wp\/v2\/product"}],"about":[{"href":"https:\/\/fmp-components.com\/sk\/wp-json\/wp\/v2\/types\/product"}],"replies":[{"embeddable":true,"href":"https:\/\/fmp-components.com\/sk\/wp-json\/wp\/v2\/comments?post=6490"}],"wp:featuredmedia":[{"embeddable":true,"href":"https:\/\/fmp-components.com\/sk\/wp-json\/wp\/v2\/media\/6788"}],"wp:attachment":[{"href":"https:\/\/fmp-components.com\/sk\/wp-json\/wp\/v2\/media?parent=6490"}],"wp:term":[{"taxonomy":"product_brand","embeddable":true,"href":"https:\/\/fmp-components.com\/sk\/wp-json\/wp\/v2\/product_brand?post=6490"},{"taxonomy":"product_cat","embeddable":true,"href":"https:\/\/fmp-components.com\/sk\/wp-json\/wp\/v2\/product_cat?post=6490"},{"taxonomy":"product_tag","embeddable":true,"href":"https:\/\/fmp-components.com\/sk\/wp-json\/wp\/v2\/product_tag?post=6490"}],"curies":[{"name":"pracovn\u00fd list","href":"https:\/\/api.w.org\/{rel}","templated":true}]}}