{"id":6489,"date":"2025-03-11T06:25:30","date_gmt":"2025-03-11T06:25:30","guid":{"rendered":"https:\/\/fmp-components.com\/product\/strong-stable-telescopic-hydraulic-cylinders-multistage-hydraulic-cylinder-for-dump-trailer"},"modified":"2025-03-18T01:08:53","modified_gmt":"2025-03-18T01:08:53","slug":"strong-stable-telescopic-hydraulic-cylinders-multistage-hydraulic-cylinder-for-dump-trailer","status":"publish","type":"product","link":"https:\/\/fmp-components.com\/sk\/product\/strong-stable-telescopic-hydraulic-cylinders-multistage-hydraulic-cylinder-for-dump-trailer\/","title":{"rendered":"Siln\u00fd stabiln\u00fd teleskopick\u00fd hydraulick\u00fd valec, viacstup\u0148ov\u00fd hydraulick\u00fd valec pre skl\u00e1pac\u00ed pr\u00edves"},"content":{"rendered":"<h2>Siln\u00fd stabiln\u00fd teleskopick\u00fd hydraulick\u00fd valec, viacstup\u0148ov\u00fd hydraulick\u00fd valec pre skl\u00e1pac\u00ed pr\u00edves<\/h2>\n<p>Predstavujeme na\u0161e robustn\u00e9 a stabiln\u00e9 teleskopick\u00e9 hydraulick\u00e9 valce, \u0161peci\u00e1lne navrhnut\u00e9 pre skl\u00e1pacie n\u00e1vesy. Tento viacstup\u0148ov\u00fd hydraulick\u00fd valec je nov\u00fdm produktom roku 2025, ktor\u00fd sa m\u00f4\u017ee pochv\u00e1li\u0165 ro\u010dnou z\u00e1rukou a k\u013e\u00fa\u010dov\u00fdmi komponentmi, ako s\u00fa lo\u017eisko a samotn\u00fd hydraulick\u00fd valec.<\/p>\n<h3>Funkcie a vlastnosti<\/h3>\n<p>Viacstup\u0148ov\u00fd hydraulick\u00fd valec poskytuje maxim\u00e1lny posuv 3000 a maxim\u00e1lny \u0165ah 20 ton, \u010do zaru\u010duje vysok\u00fd v\u00fdkon pre va\u0161e n\u00e1ro\u010dn\u00e9 potreby. V\u010faka \u0161tandardn\u00e9mu piestov\u00e9mu valcu a hydraulick\u00e9mu pohonu s\u013eubuje efekt\u00edvnu prev\u00e1dzku a odolnos\u0165.<\/p>\n<h3>\u0160pecifik\u00e1cie produktu<\/h3>\n<p>N\u00e1\u0161 hydraulick\u00fd valec m\u00e1 v\u0155tanie 2-6 palcov, ve\u013ekos\u0165 ty\u010de 1,125-4 palce, zdvih 4-100 palcov a ve\u013ekos\u0165 \u010dapu 0,5-2 palce. Je k dispoz\u00edcii v \u010diernej farbe a dod\u00e1va sa s portom G\/SAE\/NPT\/M.<\/p>\n<table style=\"width: 98.8%; height: 125px;\" border=\"\">\n<tbody>\n<tr>\n<td colspan=\"\" rowspan=\"\"><i>Ve\u013ekos\u0165 otvoru<\/i><\/td>\n<td colspan=\"\" rowspan=\"\">2-6 palcov<\/td>\n<\/tr>\n<tr>\n<td colspan=\"\" rowspan=\"\"><i>Ve\u013ekos\u0165 ty\u010de<\/i><\/td>\n<td colspan=\"\" rowspan=\"\">1,125-4 palca<\/td>\n<\/tr>\n<tr>\n<td colspan=\"\" rowspan=\"\"><i>Ve\u013ekos\u0165 \u0165ahu<\/i><\/td>\n<td colspan=\"\" rowspan=\"\">4-100 palcov<\/td>\n<\/tr>\n<tr>\n<td colspan=\"\" rowspan=\"\"><i>Ve\u013ekos\u0165 \u010dapu<\/i><\/td>\n<td colspan=\"\" rowspan=\"\">0,5-2 palce<\/td>\n<\/tr>\n<tr>\n<td colspan=\"\" rowspan=\"\"><i>Porty<\/i><\/td>\n<td colspan=\"\" rowspan=\"\">G\/SAE\/NPT\/M<\/td>\n<\/tr>\n<\/tbody>\n<\/table>\n<h3>Jedine\u010dn\u00e9 vlastnosti a v\u00fdhody<\/h3>\n<p>N\u00e1\u0161 hydraulick\u00fd valec je navrhnut\u00fd s oh\u013eadom na energetick\u00fa \u00fa\u010dinnos\u0165, bezpe\u010dnos\u0165 a spo\u013eahlivos\u0165, v\u010faka \u010domu je ide\u00e1lnou vo\u013ebou pre r\u00f4zne aplik\u00e1cie. Je dr\u017eite\u013eom certifik\u00e1cie ISO 9001:2000, \u010do sved\u010d\u00ed o jeho vysokej kvalite a spo\u013eahlivosti v r\u00f4znych odvetviach. \u010ci u\u017e ide o opravovne strojov, farmy, energetick\u00fd a bansk\u00fd sektor, v\u00fdrobu strojov alebo tov\u00e1rne, tento hydraulick\u00fd valec sp\u013a\u0148a pr\u00edsne normy a poskytuje konzistentn\u00fd v\u00fdkon. Jeho robustn\u00e1 kon\u0161trukcia zaru\u010duje, \u017ee odol\u00e1 n\u00e1rokom n\u00e1ro\u010dn\u00e9ho pou\u017e\u00edvania, zatia\u013e \u010do jeho \u00fa\u010dinnos\u0165 pom\u00e1ha zni\u017eova\u0165 prev\u00e1dzkov\u00e9 n\u00e1klady, v\u010faka \u010domu je inteligentnou invest\u00edciou pre ka\u017ed\u00fa firmu.<\/p>\n<p><img loading=\"lazy\" decoding=\"async\" class=\"alignnone wp-image-6657\" src=\"https:\/\/fmp-components.com\/wp-content\/uploads\/2025\/03\/telescopic-hydraulic-cylinder-3.webp\" alt=\"teleskopick\u00fd hydraulick\u00fd valec\" width=\"909\" height=\"909\" title=\"\" srcset=\"https:\/\/fmp-components.com\/wp-content\/uploads\/2025\/03\/telescopic-hydraulic-cylinder-3.webp 909w, https:\/\/fmp-components.com\/wp-content\/uploads\/2025\/03\/telescopic-hydraulic-cylinder-3-480x480.webp 480w\" sizes=\"(min-width: 0px) and (max-width: 480px) 480px, (min-width: 481px) 909px, 100vw\" \/><\/p>\n<h3>Hydraulick\u00e9 syst\u00e9my a princ\u00edpy fungovania<\/h3>\n<p>N\u00e1\u0161 hydraulick\u00fd valec funguje na z\u00e1kladnom princ\u00edpe premeny hydraulickej energie na mechanick\u00fd pohyb. Tento proces zah\u0155\u0148a pohyb hydraulickej kvapaliny vo valci, ktor\u00e1 generuje potrebn\u00fd v\u00fdkon na pohon strojov. Vyu\u017eit\u00edm Pascalovho princ\u00edpu hydraulick\u00fd syst\u00e9m efekt\u00edvne zosil\u0148uje silu, \u010do umo\u017e\u0148uje zdv\u00edhanie a premiest\u0148ovanie \u0165a\u017ek\u00fdch bremien s presnos\u0165ou. Tento mechanizmus nielen zvy\u0161uje v\u00fdkon va\u0161ich strojov, ale prispieva aj k plynulej\u0161iemu chodu, zni\u017euje opotrebovanie komponentov a zvy\u0161uje celkov\u00fa \u017eivotnos\u0165.<\/p>\n<h3>Aplik\u00e1cie hydraulick\u00e9ho valca<\/h3>\n<p>V\u0161estrannos\u0165 n\u00e1\u0161ho hydraulick\u00e9ho valca umo\u017e\u0148uje jeho vyu\u017eitie v \u0161irokej \u0161k\u00e1le aplik\u00e1ci\u00ed. Je obzvl\u00e1\u0161\u0165 \u00fa\u010dinn\u00fd v skl\u00e1pac\u00edch n\u00e1vesoch, kde zohr\u00e1va k\u013e\u00fa\u010dov\u00fa \u00falohu pri zdv\u00edhan\u00ed a nakl\u00e1\u0148an\u00ed korby n\u00e1vesu na vykladanie materi\u00e1lov. Okrem toho sa be\u017ene nach\u00e1dza v r\u00f4znych \u0165a\u017ek\u00fdch strojoch vr\u00e1tane r\u00fdpadiel, vysokozdvi\u017en\u00fdch voz\u00edkov a po\u013enohospod\u00e1rskych zariaden\u00ed, kde je nevyhnutn\u00fd vysok\u00fd v\u00fdkon a presn\u00e9 ovl\u00e1danie. T\u00e1to prisp\u00f4sobivos\u0165 rob\u00ed z n\u00e1\u0161ho hydraulick\u00e9ho valca neocenite\u013en\u00fd pr\u00ednos v odvetviach, ktor\u00e9 vy\u017eaduj\u00fa spo\u013eahliv\u00e9 a efekt\u00edvne zdv\u00edhacie rie\u0161enia, \u010d\u00edm sa zabezpe\u010d\u00ed, \u017ee oper\u00e1tori dok\u00e1\u017eu zvl\u00e1dnu\u0165 n\u00e1ro\u010dn\u00e9 \u00falohy s istotou a \u013eahkos\u0165ou.<\/p>\n<p><img loading=\"lazy\" decoding=\"async\" class=\"alignnone wp-image-6665\" src=\"https:\/\/fmp-components.com\/wp-content\/uploads\/2025\/03\/telescopic-hydraulic-cylinder-9.webp\" alt=\"teleskopick\u00fd hydraulick\u00fd valec\" width=\"931\" height=\"931\" title=\"\" srcset=\"https:\/\/fmp-components.com\/wp-content\/uploads\/2025\/03\/telescopic-hydraulic-cylinder-9.webp 931w, https:\/\/fmp-components.com\/wp-content\/uploads\/2025\/03\/telescopic-hydraulic-cylinder-9-480x480.webp 480w\" sizes=\"(min-width: 0px) and (max-width: 480px) 480px, (min-width: 481px) 931px, 100vw\" \/><\/p>\n<h3>O FMP<\/h3>\n<p class=\"break-words\">FMP je popredn\u00fd taliansky v\u00fdrobca \u0161pecializuj\u00faci sa na n\u00e1vrh, v\u00fdvoj a v\u00fdrobu vysokokvalitn\u00fdch hydraulick\u00fdch valcov. S bohat\u00fdm dedi\u010dstvom zakorenen\u00fdm v desa\u0165ro\u010diach odborn\u00fdch znalost\u00ed hrdo kombinujeme talianske remeseln\u00e9 spracovanie s najmodernej\u0161ou technol\u00f3giou, aby sme dod\u00e1vali v\u00fdnimo\u010dn\u00e9 hydraulick\u00e9 rie\u0161enia prisp\u00f4soben\u00e9 rozmanit\u00fdm potreb\u00e1m na\u0161ich glob\u00e1lnych klientov. Spolo\u010dnos\u0165 FMP so s\u00eddlom v Taliansku, centre in\u017einierskej excelentnosti, je d\u00f4veryhodn\u00fdm menom v hydraulickom priemysle a je odhodlan\u00e1 poskytova\u0165 spo\u013eahliv\u00e9, odoln\u00e9 a inovat\u00edvne produkty, ktor\u00e9 posil\u0148uj\u00fa podniky na celom svete.<\/p>\n<p class=\"break-words\">Na\u0161a spolo\u010dnos\u0165 sp\u00e1ja to najlep\u0161ie z pokro\u010dil\u00fdch v\u00fdrobn\u00fdch trad\u00edci\u00ed s progres\u00edvnym pr\u00edstupom. V\u010faka dlhoro\u010dn\u00fdm sk\u00fasenostiam v oblasti hydraulick\u00fdch syst\u00e9mov sa spolo\u010dnos\u0165 FMP vyvinula v modern\u00fd podnik, ktor\u00fd vynik\u00e1 vo v\u00fdskume, dizajne a v\u00fdrobe. \u0160pecializujeme sa na \u0161irok\u00fa \u0161k\u00e1lu hydraulick\u00fdch valcov vr\u00e1tane dvoj\u010dinn\u00fdch valcov, zdv\u00edhac\u00edch valcov pre automobily, valcov pre po\u013enohospod\u00e1rske stroje a na mieru vyroben\u00fdch rie\u0161en\u00ed pre r\u00f4zne priemyseln\u00e9 aplik\u00e1cie. \u010ci u\u017e ide o stavebn\u00edctvo, priemyseln\u00e9 in\u0161tal\u00e1cie, po\u013enohospod\u00e1rstvo alebo \u0165a\u017ek\u00e9 stroje, na\u0161e hydraulick\u00e9 valce s\u00fa skon\u0161truovan\u00e9 tak, aby fungovali v naj\u0165a\u017e\u0161\u00edch podmienkach a zabezpe\u010dovali bezpe\u010dnos\u0165, \u00fa\u010dinnos\u0165 a dlh\u00fa \u017eivotnos\u0165.<\/p>\n<p><img loading=\"lazy\" decoding=\"async\" class=\"alignnone size-full wp-image-6720\" src=\"https:\/\/fmp-components.com\/wp-content\/uploads\/2025\/03\/hydraulic-cylinder-8.webp\" alt=\"Teleskopick\u00e9 hydraulick\u00e9 valce\" width=\"933\" height=\"526\" title=\"\" srcset=\"https:\/\/fmp-components.com\/wp-content\/uploads\/2025\/03\/hydraulic-cylinder-8.webp 933w, https:\/\/fmp-components.com\/wp-content\/uploads\/2025\/03\/hydraulic-cylinder-8-480x271.webp 480w\" sizes=\"(min-width: 0px) and (max-width: 480px) 480px, (min-width: 481px) 933px, 100vw\" \/><\/p>\n<p class=\"break-words\">V spolo\u010dnosti FMP sme hrd\u00ed na na\u0161e najmodernej\u0161ie v\u00fdrobn\u00e9 zariadenia, vybaven\u00e9 presn\u00fdmi strojmi a pokro\u010dil\u00fdmi testovac\u00edmi syst\u00e9mami. Na\u0161e v\u00fdrobn\u00e9 procesy sp\u013a\u0148aj\u00fa pr\u00edsne n\u00e1rodn\u00e9 a medzin\u00e1rodn\u00e9 normy, \u010do zabezpe\u010duje, \u017ee ka\u017ed\u00fd hydraulick\u00fd valec op\u00fa\u0161\u0165aj\u00faci na\u0161u tov\u00e1re\u0148 m\u00e1 vynikaj\u00facu kvalitu a spo\u013eahlivos\u0165. N\u00e1\u0161 sk\u00fasen\u00fd technick\u00fd t\u00edm v spojen\u00ed s najmodernej\u0161\u00edm vybaven\u00edm n\u00e1m umo\u017e\u0148uje udr\u017eiava\u0165 pr\u00edsnu kontrolu kvality v ka\u017edej f\u00e1ze v\u00fdroby \u2013 od v\u00fdberu surov\u00edn a\u017e po kone\u010dn\u00fa kontrolu. Toto odhodlanie k dokonalosti n\u00e1m prinieslo certifik\u00e1cie a uznanie od priemyseln\u00fdch autor\u00edt, \u010do \u010falej upev\u0148uje na\u0161u reput\u00e1ciu spo\u013eahliv\u00e9ho partnera.<\/p>\n<p class=\"break-words\">Na\u0161e poslanie je jednoduch\u00e9, no ambici\u00f3zne: poskytova\u0165 na\u0161im z\u00e1kazn\u00edkom hydraulick\u00e9 valce, ktor\u00e9 prekon\u00e1vaj\u00fa o\u010dak\u00e1vania v oblasti v\u00fdkonu, odolnosti a hodnoty. Pracujeme v s\u00falade s hlavn\u00fdmi princ\u00edpmi profesionality, integrity a zamerania sa na z\u00e1kazn\u00edka. Podporou kult\u00fary inov\u00e1ci\u00ed a presnosti neust\u00e1le zdokona\u013eujeme na\u0161e produkty, aby sme si udr\u017eali n\u00e1skok na konkuren\u010dnom trhu. N\u00e1\u0161 komplexn\u00fd sortiment produktov a schopnos\u0165 pon\u00faka\u0165 rie\u0161enia na mieru z n\u00e1s robia vo\u013ebu pre firmy, ktor\u00e9 h\u013eadaj\u00fa vysoko v\u00fdkonn\u00e9 hydraulick\u00e9 valce.<\/p>\n<p class=\"break-words\">FMP je viac ne\u017e len v\u00fdrobca \u2013 sme partnerom vo va\u0161om \u00faspechu. Ch\u00e1peme, \u017ee na\u0161i z\u00e1kazn\u00edci sa na n\u00e1s spoliehaj\u00fa, \u017ee im dod\u00e1me n\u00e1stroje, ktor\u00e9 zvy\u0161uj\u00fa ich produktivitu a bezpe\u010dnos\u0165. Preto sa zav\u00e4zujeme pon\u00faka\u0165 nielen \u0161pi\u010dkov\u00e9 produkty, ale aj v\u00fdnimo\u010dn\u00fd servis. Od \u00favodnej konzult\u00e1cie a\u017e po popredajn\u00fa podporu \u00fazko spolupracujeme s na\u0161imi klientmi, aby sme zabezpe\u010dili, \u017ee ich potreby bud\u00fa splnen\u00e9 s profesionalitou a starostlivos\u0165ou. Na\u0161e konkurencieschopn\u00e9 ceny v spojen\u00ed s na\u0161\u00edm neochvejn\u00fdm z\u00e1v\u00e4zkom ku kvalite robia z FMP inteligentn\u00fa vo\u013ebu pre spolo\u010dnosti, ktor\u00e9 chc\u00fa investova\u0165 do hydraulick\u00fdch rie\u0161en\u00ed, ktor\u00fdm m\u00f4\u017eu d\u00f4verova\u0165.<\/p>\n<h2>\u010casto kladen\u00e9 ot\u00e1zky<\/h2>\n<h3>Ot\u00e1zka: Ste obchodn\u00e1 spolo\u010dnos\u0165 alebo v\u00fdrobca?<\/h3>\n<p>A: Sme v\u00fdrobca.<\/p>\n<h3>Ot\u00e1zka: Ak\u00e1 je va\u0161a dodacia lehota?<\/h3>\n<p>A: Vo v\u0161eobecnosti je to 25-35 dn\u00ed.<\/p>\n<h3>Ot\u00e1zka: Poskytujete vzorky? Je to zadarmo alebo navy\u0161e?<\/h3>\n<p>A: \u00c1no, mohli by sme pon\u00faknu\u0165 vzorky, ale nie s\u00fa zadarmo.<\/p>\n<p><img loading=\"lazy\" decoding=\"async\" class=\"alignnone wp-image-6717\" src=\"https:\/\/fmp-components.com\/wp-content\/uploads\/2025\/03\/hydraulic-cylinder-211.webp\" alt=\"Hydraulick\u00e9 valce\" width=\"901\" height=\"903\" title=\"\" srcset=\"https:\/\/fmp-components.com\/wp-content\/uploads\/2025\/03\/hydraulic-cylinder-211.webp 901w, https:\/\/fmp-components.com\/wp-content\/uploads\/2025\/03\/hydraulic-cylinder-211-480x481.webp 480w\" sizes=\"(min-width: 0px) and (max-width: 480px) 480px, (min-width: 481px) 901px, 100vw\" \/><\/p>","protected":false},"excerpt":{"rendered":"<p>Strong Stable Telescopic Hydraulic Cylinders Multistage Hydraulic Cylinder For Dump Trailer Presenting our robust and stable Telescopic Hydraulic Cylinders, specifically designed for dump trailers. This multistage hydraulic cylinder is a new product of 2025, boasting a one-year warranty and core components such as bearing and the hydraulic cylinder itself. Features and Functions The multistage hydraulic [&hellip;]<\/p>","protected":false},"featured_media":6670,"comment_status":"closed","ping_status":"closed","template":"","meta":{"_et_pb_use_builder":"","_et_pb_old_content":"","_et_gb_content_width":""},"product_brand":[],"product_cat":[103],"product_tag":[34,105],"class_list":{"0":"post-6489","1":"product","2":"type-product","3":"status-publish","4":"has-post-thumbnail","6":"product_cat-telescopic-hydraulic-cylinders","7":"product_tag-hydraulic-cylinder","8":"product_tag-telescopic-hydraulic-cylinders","10":"first","11":"instock","12":"product-type-simple"},"_links":{"self":[{"href":"https:\/\/fmp-components.com\/sk\/wp-json\/wp\/v2\/product\/6489","targetHints":{"allow":["GET"]}}],"collection":[{"href":"https:\/\/fmp-components.com\/sk\/wp-json\/wp\/v2\/product"}],"about":[{"href":"https:\/\/fmp-components.com\/sk\/wp-json\/wp\/v2\/types\/product"}],"replies":[{"embeddable":true,"href":"https:\/\/fmp-components.com\/sk\/wp-json\/wp\/v2\/comments?post=6489"}],"wp:featuredmedia":[{"embeddable":true,"href":"https:\/\/fmp-components.com\/sk\/wp-json\/wp\/v2\/media\/6670"}],"wp:attachment":[{"href":"https:\/\/fmp-components.com\/sk\/wp-json\/wp\/v2\/media?parent=6489"}],"wp:term":[{"taxonomy":"product_brand","embeddable":true,"href":"https:\/\/fmp-components.com\/sk\/wp-json\/wp\/v2\/product_brand?post=6489"},{"taxonomy":"product_cat","embeddable":true,"href":"https:\/\/fmp-components.com\/sk\/wp-json\/wp\/v2\/product_cat?post=6489"},{"taxonomy":"product_tag","embeddable":true,"href":"https:\/\/fmp-components.com\/sk\/wp-json\/wp\/v2\/product_tag?post=6489"}],"curies":[{"name":"pracovn\u00fd list","href":"https:\/\/api.w.org\/{rel}","templated":true}]}}