{"id":6488,"date":"2025-03-11T06:25:30","date_gmt":"2025-03-11T06:25:30","guid":{"rendered":"https:\/\/fmp-components.com\/product\/factory-provide-2-stage-small-hydraulic-cylinder-multistage-hydraulic-cylinder"},"modified":"2025-03-18T01:08:44","modified_gmt":"2025-03-18T01:08:44","slug":"factory-provide-2-stage-small-hydraulic-cylinder-multistage-hydraulic-cylinder","status":"publish","type":"product","link":"https:\/\/fmp-components.com\/sk\/product\/factory-provide-2-stage-small-hydraulic-cylinder-multistage-hydraulic-cylinder\/","title":{"rendered":"Tov\u00e1re\u0148 dod\u00e1va 2-stup\u0148ov\u00fd mal\u00fd hydraulick\u00fd valec, viacstup\u0148ov\u00fd hydraulick\u00fd valec"},"content":{"rendered":"<h2>Tov\u00e1re\u0148 dod\u00e1va 2-stup\u0148ov\u00fd mal\u00fd hydraulick\u00fd valec, viacstup\u0148ov\u00fd hydraulick\u00fd valec<\/h2>\n<p>Predstavujeme n\u00e1\u0161 dvojstup\u0148ov\u00fd mal\u00fd hydraulick\u00fd valec \u2013 viacstup\u0148ov\u00fd hydraulick\u00fd valec, nov\u00fd produkt od spolo\u010dnosti FMP pre rok 2025. Tento inovat\u00edvny stroj, navrhnut\u00fd s najkvalitnej\u0161\u00edm oce\u013eov\u00fdm telom, je vhodn\u00fd pre r\u00f4zne odvetvia vr\u00e1tane opravovn\u00ed strojov, fariem, energetiky a ban\u00edctva, v\u00fdroby strojov a stroj\u00e1rskych z\u00e1vodov. Jeho vysok\u00fd maxim\u00e1lny \u0165ah 3000 ton a maxim\u00e1lny \u0165ah 20 ton zais\u0165uj\u00fa vynikaj\u00faci v\u00fdkon vo vysokotlakovom prostred\u00ed.<\/p>\n<h3>K\u013e\u00fa\u010dov\u00e9 vlastnosti a \u0161pecifik\u00e1cie<\/h3>\n<p>N\u00e1\u0161 dvojstup\u0148ov\u00fd mal\u00fd hydraulick\u00fd valec, viacstup\u0148ov\u00fd hydraulick\u00fd valec, je \u0161tandardn\u00fd piestov\u00fd valec poh\u00e1\u0148an\u00fd hydraulickou energiou. M\u00e1 certifik\u00e1ciu ISO9001:2000, ktor\u00e1 zaru\u010duje s\u00falad s medzin\u00e1rodn\u00fdmi normami kvality. K\u013e\u00fa\u010dov\u00e9 \u0161pecifik\u00e1cie s\u00fa nasledovn\u00e9:<\/p>\n<table style=\"width: 97.9314%; height: 179px;\" border=\"\">\n<tbody>\n<tr>\n<td colspan=\"\" rowspan=\"\"><i>Ve\u013ekos\u0165 otvoru<\/i><\/td>\n<td colspan=\"\" rowspan=\"\">2-6 palcov<\/td>\n<\/tr>\n<tr>\n<td colspan=\"\" rowspan=\"\"><i>Ve\u013ekos\u0165 ty\u010de<\/i><\/td>\n<td colspan=\"\" rowspan=\"\">1,125-4 palca<\/td>\n<\/tr>\n<tr>\n<td colspan=\"\" rowspan=\"\"><i>Ve\u013ekos\u0165 \u0165ahu<\/i><\/td>\n<td colspan=\"\" rowspan=\"\">4-100 palcov<\/td>\n<\/tr>\n<tr>\n<td colspan=\"\" rowspan=\"\"><i>Ve\u013ekos\u0165 \u010dapu<\/i><\/td>\n<td colspan=\"\" rowspan=\"\">0,5-2 palce<\/td>\n<\/tr>\n<tr>\n<td colspan=\"\" rowspan=\"\"><i>Porty<\/i><\/td>\n<td colspan=\"\" rowspan=\"\">G\/SAE\/NPT\/M<\/td>\n<\/tr>\n<\/tbody>\n<\/table>\n<h3>Jedine\u010dn\u00e9 v\u00fdhody<\/h3>\n<p>Tento viacstup\u0148ov\u00fd hydraulick\u00fd valec sa vyzna\u010duje v\u00fdnimo\u010dn\u00fdmi schopnos\u0165ami \u00faspory energie, vysokou \u00fa\u010dinnos\u0165ou a robustn\u00fdmi bezpe\u010dnostn\u00fdmi prvkami. Je navrhnut\u00fd tak, aby poskytoval spo\u013eahliv\u00fa a plynul\u00fa prev\u00e1dzku v \u0161irokej \u0161k\u00e1le aplik\u00e1ci\u00ed, a je neocenite\u013en\u00fdm pr\u00ednosom pre va\u0161e stroje. Jeho kon\u0161trukcia umo\u017e\u0148uje bezprobl\u00e9mov\u00fa integr\u00e1ciu do r\u00f4znych syst\u00e9mov, \u010d\u00edm zabezpe\u010duje zv\u00fd\u0161en\u00fd v\u00fdkon a z\u00e1rove\u0148 minimalizuje spotrebu energie. To nielen prispieva k \u00faspor\u00e1m prev\u00e1dzkov\u00fdch n\u00e1kladov, ale tie\u017e podporuje iniciat\u00edvy v oblasti udr\u017eate\u013enosti zn\u00ed\u017een\u00edm celkov\u00e9ho vplyvu na \u017eivotn\u00e9 prostredie. V\u010faka svojej schopnosti pracova\u0165 v n\u00e1ro\u010dn\u00fdch podmienkach tento hydraulick\u00fd valec zvy\u0161uje spo\u013eahlivos\u0165 a \u00fa\u010dinnos\u0165 v\u00e1\u0161ho zariadenia, \u010d\u00edm sa st\u00e1va k\u013e\u00fa\u010dovou s\u00fa\u010das\u0165ou va\u0161ej prev\u00e1dzky.<\/p>\n<h3>Hydraulick\u00e9 syst\u00e9my a princ\u00edp \u010dinnosti<\/h3>\n<p>N\u00e1\u0161 hydraulick\u00fd valec funguje na z\u00e1klade z\u00e1kladn\u00fdch princ\u00edpov hydraulick\u00fdch syst\u00e9mov, kde sa na prenos energie a generovanie v\u00fdkonu vyu\u017e\u00edva tlakov\u00e1 kvapalina. Tento proces zah\u0155\u0148a pohyb hydraulickej kvapaliny vo valci, ktor\u00e1 vytv\u00e1ra tlak, ktor\u00fd sa premie\u0148a na mechanick\u00fd pohyb. Vyu\u017eit\u00edm sily dynamiky tekut\u00edn n\u00e1\u0161 hydraulick\u00fd valec zais\u0165uje siln\u00fd v\u00fdkon, v\u010faka \u010domu je nevyhnutnou s\u00fa\u010das\u0165ou stroj\u00e1rskych oper\u00e1ci\u00ed v r\u00f4znych odvetviach vr\u00e1tane stavebn\u00edctva, v\u00fdroby a po\u013enohospod\u00e1rstva. \u00da\u010dinnos\u0165 tohto syst\u00e9mu umo\u017e\u0148uje presn\u00e9 ovl\u00e1danie a prisp\u00f4sobivos\u0165, \u010do umo\u017e\u0148uje oper\u00e1torom bezpe\u010dne a efekt\u00edvne manipulova\u0165 s \u0165a\u017ek\u00fdmi bremenami.<\/p>\n<p><img loading=\"lazy\" decoding=\"async\" class=\"alignnone wp-image-6662\" src=\"https:\/\/fmp-components.com\/wp-content\/uploads\/2025\/03\/telescopic-hydraulic-cylinder-4.webp\" alt=\"teleskopick\u00fd hydraulick\u00fd valec\" width=\"908\" height=\"908\" title=\"\" srcset=\"https:\/\/fmp-components.com\/wp-content\/uploads\/2025\/03\/telescopic-hydraulic-cylinder-4.webp 908w, https:\/\/fmp-components.com\/wp-content\/uploads\/2025\/03\/telescopic-hydraulic-cylinder-4-480x480.webp 480w\" sizes=\"(min-width: 0px) and (max-width: 480px) 480px, (min-width: 481px) 908px, 100vw\" \/><\/p>\n<h3>Hydraulick\u00e9 valce a pohonn\u00e9 jednotky<\/h3>\n<p>Hydraulick\u00e9 valce a pohonn\u00e9 jednotky s\u00fa k\u013e\u00fa\u010dov\u00fdmi s\u00fa\u010das\u0165ami ka\u017ed\u00e9ho hydraulick\u00e9ho syst\u00e9mu a spolupracuj\u00fa na zabezpe\u010den\u00ed optim\u00e1lneho v\u00fdkonu. Hydraulick\u00fd valec sl\u00fa\u017ei ako ovl\u00e1da\u010d, ktor\u00fd premie\u0148a hydraulick\u00fa energiu na mechanick\u00fd pohyb a efekt\u00edvne transformuje tlak na silu. Pohonn\u00e1 jednotka z\u00e1rove\u0148 sl\u00fa\u017ei ako srdce hydraulick\u00e9ho syst\u00e9mu a poskytuje potrebn\u00fa energiu a riadiace sign\u00e1ly, ktor\u00e9 riadia cel\u00fa oper\u00e1ciu. T\u00e1to synergia medzi hydraulick\u00fdm valcom a pohonnou jednotkou umo\u017e\u0148uje \u0161irok\u00e9 uplatnenie hydraulickej technol\u00f3gie v priemyselnom sektore a pon\u00faka spo\u013eahliv\u00fa podporu nap\u00e1jania a riadenia pre r\u00f4zne technick\u00e9 a mechanick\u00e9 zariadenia.<\/p>\n<p>Koordin\u00e1cia t\u00fdchto dvoch komponentov je nevyhnutn\u00e1 pre bezprobl\u00e9mov\u00fa prev\u00e1dzku hydraulick\u00e9ho syst\u00e9mu, \u010d\u00edm sa zabezpe\u010d\u00ed efekt\u00edvne vykon\u00e1vanie \u00faloh vy\u017eaduj\u00facich \u0165a\u017ek\u00e9 zdv\u00edhanie a presn\u00e9 pohyby. V spolo\u010dnosti FMP nielen\u017ee vyr\u00e1bame vysoko kvalitn\u00e9 hydraulick\u00e9 valce, ale pon\u00fakame aj \u0161irok\u00fa \u0161k\u00e1lu pohonn\u00fdch jednotiek na predaj, ktor\u00e9 poskytuj\u00fa kompletn\u00e9 rie\u0161enia pre va\u0161e hydraulick\u00e9 potreby. N\u00e1\u0161 z\u00e1v\u00e4zok ku kvalite a v\u00fdkonu zaru\u010duje, \u017ee sa na n\u00e1s m\u00f4\u017eete spo\u013eahn\u00fa\u0165 vo v\u0161etk\u00fdch va\u0161ich po\u017eiadavk\u00e1ch na hydraulick\u00fd syst\u00e9m, \u010do umo\u017en\u00ed va\u0161ej firme s istotou dosiahnu\u0165 jej prev\u00e1dzkov\u00e9 ciele.<\/p>\n<h2>\u010casto kladen\u00e9 ot\u00e1zky<\/h2>\n<p>Ot\u00e1zka: Ste obchodn\u00e1 spolo\u010dnos\u0165 alebo v\u00fdrobca?<br \/>\nA: Sme tov\u00e1re\u0148, konkr\u00e9tne v\u00fdrobca.<br \/>\nOt\u00e1zka: Ak\u00e1 je va\u0161a dodacia lehota?<br \/>\nA: Na\u0161a v\u0161eobecn\u00e1 dodacia lehota je 25-35 dn\u00ed.<br \/>\nOt\u00e1zka: M\u00f4\u017eete vyrobi\u0165 pod\u013ea vzoriek?<br \/>\nA: \u00c1no, vieme vyrobi\u0165 pod\u013ea va\u0161ich vzoriek alebo technick\u00fdch v\u00fdkresov. Vieme vyrobi\u0165 formy a up\u00ednacie pr\u00edpravky.<\/p>\n<p><img loading=\"lazy\" decoding=\"async\" class=\"alignnone wp-image-6663\" src=\"https:\/\/fmp-components.com\/wp-content\/uploads\/2025\/03\/telescopic-hydraulic-cylinder-11.webp\" alt=\"teleskopick\u00fd hydraulick\u00fd valec\" width=\"949\" height=\"949\" title=\"\" srcset=\"https:\/\/fmp-components.com\/wp-content\/uploads\/2025\/03\/telescopic-hydraulic-cylinder-11.webp 949w, https:\/\/fmp-components.com\/wp-content\/uploads\/2025\/03\/telescopic-hydraulic-cylinder-11-480x480.webp 480w\" sizes=\"(min-width: 0px) and (max-width: 480px) 480px, (min-width: 481px) 949px, 100vw\" \/><\/p>\n<h3>O FMP<\/h3>\n<p>FMP je popredn\u00fd taliansky v\u00fdrobca zn\u00e1my svojimi odborn\u00fdmi znalos\u0165ami v oblasti navrhovania, v\u00fdvoja a v\u00fdroby vysokokvalitn\u00fdch hydraulick\u00fdch valcov. S bohatou hist\u00f3riou budovanou po cel\u00e9 desa\u0165ro\u010dia bezprobl\u00e9movo sp\u00e1jame talianske remeseln\u00e9 spracovanie s najmodernej\u0161ou technol\u00f3giou, aby sme dod\u00e1vali vynikaj\u00face hydraulick\u00e9 rie\u0161enia prisp\u00f4soben\u00e9 rozmanit\u00fdm potreb\u00e1m na\u0161ich glob\u00e1lnych klientov. Spolo\u010dnos\u0165 FMP so s\u00eddlom v Taliansku, centre in\u017einierskej excelentnosti, sa etablovala ako d\u00f4veryhodn\u00fd l\u00edder v hydraulickom priemysle, ktor\u00fd sa venuje poskytovaniu spo\u013eahliv\u00fdch, odoln\u00fdch a inovat\u00edvnych produktov, ktor\u00e9 posil\u0148uj\u00fa podniky na celom svete.<\/p>\n<p>Kombinujeme pokro\u010dil\u00e9 v\u00fdrobn\u00e9 trad\u00edcie s progres\u00edvnym poh\u013eadom. V\u010faka dlhoro\u010dn\u00fdm sk\u00fasenostiam v oblasti hydraulick\u00fdch syst\u00e9mov sa spolo\u010dnos\u0165 FMP transformovala na modern\u00fd podnik, ktor\u00fd vynik\u00e1 vo v\u00fdskume, dizajne a v\u00fdrobe. Na\u0161a \u0161pecializ\u00e1cia zah\u0155\u0148a \u0161irok\u00e9 spektrum hydraulick\u00fdch valcov vr\u00e1tane dvoj\u010dinn\u00fdch valcov, zdv\u00edhac\u00edch valcov pre automobily, valcov pre po\u013enohospod\u00e1rske stroje a z\u00e1kazkovo navrhnut\u00e9 rie\u0161enia pre r\u00f4zne priemyseln\u00e9 aplik\u00e1cie. \u010ci u\u017e ide o stavebn\u00edctvo, priemyseln\u00e9 in\u0161tal\u00e1cie, po\u013enohospod\u00e1rstvo alebo \u0165a\u017ek\u00e9 stroje, na\u0161e hydraulick\u00e9 valce s\u00fa skon\u0161truovan\u00e9 tak, aby fungovali v najn\u00e1ro\u010dnej\u0161\u00edch podmienkach a zabezpe\u010dovali bezpe\u010dnos\u0165, \u00fa\u010dinnos\u0165 a dlh\u00fa \u017eivotnos\u0165.<\/p>\n<p><img loading=\"lazy\" decoding=\"async\" class=\"alignnone size-full wp-image-6720\" src=\"https:\/\/fmp-components.com\/wp-content\/uploads\/2025\/03\/hydraulic-cylinder-8.webp\" alt=\"Teleskopick\u00e9 hydraulick\u00e9 valce\" width=\"933\" height=\"526\" title=\"\" srcset=\"https:\/\/fmp-components.com\/wp-content\/uploads\/2025\/03\/hydraulic-cylinder-8.webp 933w, https:\/\/fmp-components.com\/wp-content\/uploads\/2025\/03\/hydraulic-cylinder-8-480x271.webp 480w\" sizes=\"(min-width: 0px) and (max-width: 480px) 480px, (min-width: 481px) 933px, 100vw\" \/><\/p>\n<p>V spolo\u010dnosti FMP sme hrd\u00ed na na\u0161e najmodernej\u0161ie v\u00fdrobn\u00e9 zariadenia, vybaven\u00e9 presn\u00fdmi strojmi a pokro\u010dil\u00fdmi testovac\u00edmi syst\u00e9mami. Na\u0161e v\u00fdrobn\u00e9 procesy sp\u013a\u0148aj\u00fa pr\u00edsne n\u00e1rodn\u00e9 a medzin\u00e1rodn\u00e9 normy, \u010do zabezpe\u010duje, \u017ee ka\u017ed\u00fd vyroben\u00fd hydraulick\u00fd valec je najvy\u0161\u0161ej kvality a spo\u013eahlivosti. N\u00e1\u0161 sk\u00fasen\u00fd technick\u00fd t\u00edm spolu s modern\u00fdm vybaven\u00edm n\u00e1m umo\u017e\u0148uje udr\u017eiava\u0165 pr\u00edsnu kontrolu kvality v ka\u017edej f\u00e1ze v\u00fdroby \u2013 od v\u00fdberu surov\u00edn a\u017e po kone\u010dn\u00fa kontrolu. Tento z\u00e1v\u00e4zok k dokonalosti n\u00e1m vyniesol certifik\u00e1cie a uznanie od priemyseln\u00fdch autor\u00edt, \u010d\u00edm sa \u010falej upev\u0148uje na\u0161a reput\u00e1cia spo\u013eahliv\u00e9ho partnera.<\/p>\n<p>Na\u0161e poslanie je priamo\u010diare, no z\u00e1rove\u0148 ambici\u00f3zne: poskytova\u0165 hydraulick\u00e9 valce, ktor\u00e9 prekon\u00e1vaj\u00fa o\u010dak\u00e1vania vo v\u00fdkone, odolnosti a hodnote. Dodr\u017eiavame z\u00e1sady profesionality, integrity a zamerania sa na z\u00e1kazn\u00edka. Podporou kult\u00fary inov\u00e1ci\u00ed a presnosti neust\u00e1le zdokona\u013eujeme na\u0161e produkty, aby sme zostali konkurencieschopn\u00ed na trhu. N\u00e1\u0161 rozsiahly sortiment produktov a schopnos\u0165 pon\u00faka\u0165 rie\u0161enia na mieru n\u00e1s stavaj\u00fa do poz\u00edcie preferovanej vo\u013eby pre podniky, ktor\u00e9 potrebuj\u00fa vysoko v\u00fdkonn\u00e9 hydraulick\u00e9 valce.<\/p>\n<p>FMP je viac ne\u017e len v\u00fdrobca; sme partnerom vo va\u0161om \u00faspechu. Uvedomujeme si, \u017ee na\u0161i z\u00e1kazn\u00edci sa na n\u00e1s spoliehaj\u00fa, pokia\u013e ide o n\u00e1stroje, ktor\u00e9 zvy\u0161uj\u00fa produktivitu a bezpe\u010dnos\u0165. Preto sa zav\u00e4zujeme poskytova\u0165 nielen produkty najvy\u0161\u0161ej kvality, ale aj v\u00fdnimo\u010dn\u00fd servis. Od po\u010diato\u010dn\u00fdch konzult\u00e1ci\u00ed a\u017e po popredajn\u00fa podporu \u00fazko spolupracujeme s na\u0161imi klientmi, aby sme zabezpe\u010dili, \u017ee ich potreby bud\u00fa splnen\u00e9 s profesionalitou a starostlivos\u0165ou. Na\u0161e konkurencieschopn\u00e9 ceny v kombin\u00e1cii s na\u0161\u00edm neochvejn\u00fdm z\u00e1v\u00e4zkom ku kvalite robia z FMP inteligentn\u00fa vo\u013ebu pre spolo\u010dnosti, ktor\u00e9 h\u013eadaj\u00fa d\u00f4veryhodn\u00e9 hydraulick\u00e9 rie\u0161enia.<\/p>","protected":false},"excerpt":{"rendered":"<p>Factory provide 2 Stage Small Hydraulic Cylinder Multistage Hydraulic Cylinder Introducing our 2 Stage Small Hydraulic Cylinder Multistage Hydraulic Cylinder, a new product for 2025 brought to you by FMP. This innovative piece of machinery, designed with the highest quality steel body material, is suitable for various industries including Machinery Repair Shops, Farms, Energy &amp; [&hellip;]<\/p>","protected":false},"featured_media":6672,"comment_status":"closed","ping_status":"closed","template":"","meta":{"_et_pb_use_builder":"","_et_pb_old_content":"","_et_gb_content_width":""},"product_brand":[],"product_cat":[103],"product_tag":[34,105],"class_list":{"0":"post-6488","1":"product","2":"type-product","3":"status-publish","4":"has-post-thumbnail","6":"product_cat-telescopic-hydraulic-cylinders","7":"product_tag-hydraulic-cylinder","8":"product_tag-telescopic-hydraulic-cylinders","10":"first","11":"instock","12":"product-type-simple"},"_links":{"self":[{"href":"https:\/\/fmp-components.com\/sk\/wp-json\/wp\/v2\/product\/6488","targetHints":{"allow":["GET"]}}],"collection":[{"href":"https:\/\/fmp-components.com\/sk\/wp-json\/wp\/v2\/product"}],"about":[{"href":"https:\/\/fmp-components.com\/sk\/wp-json\/wp\/v2\/types\/product"}],"replies":[{"embeddable":true,"href":"https:\/\/fmp-components.com\/sk\/wp-json\/wp\/v2\/comments?post=6488"}],"wp:featuredmedia":[{"embeddable":true,"href":"https:\/\/fmp-components.com\/sk\/wp-json\/wp\/v2\/media\/6672"}],"wp:attachment":[{"href":"https:\/\/fmp-components.com\/sk\/wp-json\/wp\/v2\/media?parent=6488"}],"wp:term":[{"taxonomy":"product_brand","embeddable":true,"href":"https:\/\/fmp-components.com\/sk\/wp-json\/wp\/v2\/product_brand?post=6488"},{"taxonomy":"product_cat","embeddable":true,"href":"https:\/\/fmp-components.com\/sk\/wp-json\/wp\/v2\/product_cat?post=6488"},{"taxonomy":"product_tag","embeddable":true,"href":"https:\/\/fmp-components.com\/sk\/wp-json\/wp\/v2\/product_tag?post=6488"}],"curies":[{"name":"pracovn\u00fd list","href":"https:\/\/api.w.org\/{rel}","templated":true}]}}