{"id":6487,"date":"2025-03-11T06:25:30","date_gmt":"2025-03-11T06:25:30","guid":{"rendered":"https:\/\/fmp-components.com\/product\/new-arrival-telescopic-hydraulic-cylinder-hydraulic-cylinder-for-dump-trailer"},"modified":"2025-03-11T08:25:50","modified_gmt":"2025-03-11T08:25:50","slug":"new-arrival-telescopic-hydraulic-cylinder-hydraulic-cylinder-for-dump-trailer","status":"publish","type":"product","link":"https:\/\/fmp-components.com\/sk\/product\/new-arrival-telescopic-hydraulic-cylinder-hydraulic-cylinder-for-dump-trailer\/","title":{"rendered":"Nov\u00fd teleskopick\u00fd hydraulick\u00fd valec Hydraulick\u00fd valec pre skl\u00e1pac\u00ed pr\u00edves"},"content":{"rendered":"<h2>Nov\u00fd teleskopick\u00fd hydraulick\u00fd valec Hydraulick\u00fd valec pre skl\u00e1pac\u00ed pr\u00edves<\/h2>\n<p>Predstavujeme n\u00e1\u0161 najnov\u0161\u00ed produkt, teleskopick\u00fd hydraulick\u00fd valec. Tento produkt je ur\u010den\u00fd pre skl\u00e1pacie n\u00e1vesy a poskytuje robustn\u00e9 a efekt\u00edvne rie\u0161enie, ktor\u00e9 spln\u00ed va\u0161e potreby. S ro\u010dnou z\u00e1rukou bude tento nov\u00fd hydraulick\u00fd valec skvel\u00fdm doplnkom v\u00e1\u0161ho stroja.<\/p>\n<h4>Funkcie a vlastnosti<\/h4>\n<p>Teleskopick\u00fd hydraulick\u00fd valec je \u0161tandardn\u00fd piestov\u00fd valec poh\u00e1\u0148an\u00fd hydraulickou technol\u00f3giou. Telo valca je vyroben\u00e9 z odolnej ocele, \u010do zaru\u010duje dlh\u00fa \u017eivotnos\u0165 a odolnos\u0165 vo\u010di opotrebovaniu. M\u00e1 maxim\u00e1lny posuv 3000 a maxim\u00e1lny \u0165ah 20 ton. Tento hydraulick\u00fd valec je tie\u017e viacstup\u0148ov\u00e9 zariadenie, v\u010faka \u010domu je v\u0161estrann\u00fd pre r\u00f4zne aplik\u00e1cie.<\/p>\n<h2>Detaily produktu<\/h2>\n<table style=\"width: 99.5341%;\" border=\"\">\n<tbody>\n<tr>\n<td style=\"width: 42.9379%;\"><i>Ve\u013ekos\u0165 otvoru<\/i><\/td>\n<td style=\"width: 471.751%;\">2-6 palcov<\/td>\n<\/tr>\n<tr>\n<td style=\"width: 42.9379%;\"><i>Ve\u013ekos\u0165 ty\u010de<\/i><\/td>\n<td style=\"width: 471.751%;\">1,125-4 palca<\/td>\n<\/tr>\n<tr>\n<td style=\"width: 42.9379%;\"><i>Ve\u013ekos\u0165 \u0165ahu<\/i><\/td>\n<td style=\"width: 471.751%;\">4-100 palcov<\/td>\n<\/tr>\n<tr>\n<td style=\"width: 42.9379%;\"><i>Ve\u013ekos\u0165 \u010dapu<\/i><\/td>\n<td style=\"width: 471.751%;\">0,5-2 palce<\/td>\n<\/tr>\n<tr>\n<td style=\"width: 42.9379%;\"><i>Porty<\/i><\/td>\n<td style=\"width: 471.751%;\">G\/SAE\/NPT\/M<\/td>\n<\/tr>\n<\/tbody>\n<\/table>\n<h3>Jedine\u010dn\u00e9 v\u00fdhody<\/h3>\n<p>Teleskopick\u00fd hydraulick\u00fd valec sa m\u00f4\u017ee pochv\u00e1li\u0165 radom jedine\u010dn\u00fdch v\u00fdhod. Je energeticky \u00fasporn\u00fd, vysoko v\u00fdkonn\u00fd a spo\u013eahliv\u00fd. Tento produkt m\u00e1 certifik\u00e1t ISO9001:2000, \u010do zaru\u010duje jeho kvalitu a bezpe\u010dnos\u0165 pre pou\u017e\u00edvate\u013eov. Dod\u00e1va sa v elegantnej \u010diernej farbe, ktor\u00e1 sa bez probl\u00e9mov hod\u00ed do v\u00e1\u0161ho stroja.<\/p>\n<h2>Hydraulick\u00fd syst\u00e9m a princ\u00edp \u010dinnosti<\/h2>\n<p>N\u00e1\u0161 hydraulick\u00fd valec funguje na z\u00e1kladnom princ\u00edpe vyu\u017eitia tlakovej hydraulickej kvapaliny na vytvorenie line\u00e1rneho pohybu. Ke\u010f je hydraulick\u00e1 kvapalina natlakovan\u00e1 a priveden\u00e1 do valca, generuje silu, ktor\u00e1 pohybuje piestom vo vn\u00fatri. Tento mechanizmus umo\u017e\u0148uje hydraulick\u00e9mu valcu premie\u0148a\u0165 hydraulick\u00fa energiu na mechanick\u00fd pohyb s pozoruhodnou \u00fa\u010dinnos\u0165ou a presnos\u0165ou. Technol\u00f3gia, na ktorej s\u00fa zalo\u017een\u00e9 na\u0161e hydraulick\u00e9 valce, umo\u017e\u0148uje plynul\u00fd chod a presn\u00e9 ovl\u00e1danie \u0165a\u017ek\u00fdch strojov a zariaden\u00ed. T\u00e1to presnos\u0165 je nevyhnutn\u00e1 pre \u00falohy, ktor\u00e9 vy\u017eaduj\u00fa presn\u00e9 pohyby, a zabezpe\u010duje, \u017ee oper\u00e1tori m\u00f4\u017eu vykon\u00e1va\u0165 zlo\u017eit\u00e9 oper\u00e1cie bezpe\u010dne a efekt\u00edvne.<\/p>\n<p><img loading=\"lazy\" decoding=\"async\" class=\"alignnone  wp-image-6662\" src=\"https:\/\/fmp-components.com\/wp-content\/uploads\/2025\/03\/telescopic-hydraulic-cylinder-4.webp\" alt=\"teleskopick\u00fd hydraulick\u00fd valec\" width=\"915\" height=\"915\" title=\"\" srcset=\"https:\/\/fmp-components.com\/wp-content\/uploads\/2025\/03\/telescopic-hydraulic-cylinder-4.webp 915w, https:\/\/fmp-components.com\/wp-content\/uploads\/2025\/03\/telescopic-hydraulic-cylinder-4-480x480.webp 480w\" sizes=\"(min-width: 0px) and (max-width: 480px) 480px, (min-width: 481px) 915px, 100vw\" \/><\/p>\n<h2>Aplik\u00e1cia<\/h2>\n<p>Tento hydraulick\u00fd valec je ide\u00e1lny pre \u0161irok\u00fa \u0161k\u00e1lu aplik\u00e1ci\u00ed v r\u00f4znych odvetviach. V opravovniach strojov je neocenite\u013en\u00fd na zdv\u00edhanie a manipul\u00e1ciu s \u0165a\u017ek\u00fdmi komponentmi, \u010do umo\u017e\u0148uje technikom pracova\u0165 efekt\u00edvne a bezpe\u010dne. V po\u013enohospod\u00e1rskom prostred\u00ed hydraulick\u00fd valec zvy\u0161uje funk\u010dnos\u0165 zariaden\u00ed, ako s\u00fa skl\u00e1pa\u010de, traktory a in\u00e9 \u0165a\u017ek\u00e9 stroje, \u010do umo\u017e\u0148uje efekt\u00edvnu manipul\u00e1ciu s materi\u00e1lom a jeho prepravu. Energetick\u00fd a \u0165a\u017eobn\u00fd priemysel tie\u017e v\u00fdrazne profituj\u00fa z jeho robustnej kon\u0161trukcie a vysok\u00e9ho v\u00fdkonu, preto\u017ee dok\u00e1\u017ee odola\u0165 drsn\u00fdm podmienkam, ktor\u00e9 sa v t\u00fdchto prostrediach \u010dasto vyskytuj\u00fa. Okrem toho sa n\u00e1\u0161 hydraulick\u00fd valec v stroj\u00e1rstve ukazuje ako nevyhnutn\u00fd v mont\u00e1\u017enych link\u00e1ch a v\u00fdrobn\u00fdch procesoch, kde s\u00fa spo\u013eahlivos\u0165 a odolnos\u0165 prvorad\u00e9. Jeho v\u0161estrannos\u0165 a pevnos\u0165 z neho robia vo\u013ebu pre profesion\u00e1lov, ktor\u00ed h\u013eadaj\u00fa spo\u013eahliv\u00e9 hydraulick\u00e9 rie\u0161enia v r\u00f4znych odvetviach.<\/p>\n<h3>O FMP<\/h3>\n<p>FMP je popredn\u00fd taliansky v\u00fdrobca zn\u00e1my svojimi odborn\u00fdmi znalos\u0165ami v oblasti navrhovania, v\u00fdvoja a v\u00fdroby vysokokvalitn\u00fdch hydraulick\u00fdch valcov. S bohatou hist\u00f3riou budovanou po cel\u00e9 desa\u0165ro\u010dia bezprobl\u00e9movo sp\u00e1jame talianske remeseln\u00e9 spracovanie s najmodernej\u0161ou technol\u00f3giou, aby sme dod\u00e1vali vynikaj\u00face hydraulick\u00e9 rie\u0161enia prisp\u00f4soben\u00e9 rozmanit\u00fdm potreb\u00e1m na\u0161ich glob\u00e1lnych klientov. Spolo\u010dnos\u0165 FMP so s\u00eddlom v Taliansku, centre in\u017einierskej excelentnosti, sa etablovala ako d\u00f4veryhodn\u00fd l\u00edder v hydraulickom priemysle, ktor\u00fd sa venuje poskytovaniu spo\u013eahliv\u00fdch, odoln\u00fdch a inovat\u00edvnych produktov, ktor\u00e9 posil\u0148uj\u00fa podniky na celom svete.<\/p>\n<p>Kombinujeme pokro\u010dil\u00e9 v\u00fdrobn\u00e9 trad\u00edcie s progres\u00edvnym poh\u013eadom. V\u010faka dlhoro\u010dn\u00fdm sk\u00fasenostiam v oblasti hydraulick\u00fdch syst\u00e9mov sa spolo\u010dnos\u0165 FMP transformovala na modern\u00fd podnik, ktor\u00fd vynik\u00e1 vo v\u00fdskume, dizajne a v\u00fdrobe. Na\u0161a \u0161pecializ\u00e1cia zah\u0155\u0148a \u0161irok\u00e9 spektrum hydraulick\u00fdch valcov vr\u00e1tane dvoj\u010dinn\u00fdch valcov, zdv\u00edhac\u00edch valcov pre automobily, valcov pre po\u013enohospod\u00e1rske stroje a z\u00e1kazkovo navrhnut\u00e9 rie\u0161enia pre r\u00f4zne priemyseln\u00e9 aplik\u00e1cie. \u010ci u\u017e ide o stavebn\u00edctvo, priemyseln\u00e9 in\u0161tal\u00e1cie, po\u013enohospod\u00e1rstvo alebo \u0165a\u017ek\u00e9 stroje, na\u0161e hydraulick\u00e9 valce s\u00fa skon\u0161truovan\u00e9 tak, aby fungovali v najn\u00e1ro\u010dnej\u0161\u00edch podmienkach a zabezpe\u010dovali bezpe\u010dnos\u0165, \u00fa\u010dinnos\u0165 a dlh\u00fa \u017eivotnos\u0165.<\/p>\n<p><img loading=\"lazy\" decoding=\"async\" class=\"alignnone size-full wp-image-6720\" src=\"https:\/\/fmp-components.com\/wp-content\/uploads\/2025\/03\/hydraulic-cylinder-8.webp\" alt=\"Teleskopick\u00e9 hydraulick\u00e9 valce\" width=\"933\" height=\"526\" title=\"\" srcset=\"https:\/\/fmp-components.com\/wp-content\/uploads\/2025\/03\/hydraulic-cylinder-8.webp 933w, https:\/\/fmp-components.com\/wp-content\/uploads\/2025\/03\/hydraulic-cylinder-8-480x271.webp 480w\" sizes=\"(min-width: 0px) and (max-width: 480px) 480px, (min-width: 481px) 933px, 100vw\" \/><\/p>\n<p>V spolo\u010dnosti FMP sme hrd\u00ed na na\u0161e najmodernej\u0161ie v\u00fdrobn\u00e9 zariadenia, vybaven\u00e9 presn\u00fdmi strojmi a pokro\u010dil\u00fdmi testovac\u00edmi syst\u00e9mami. Na\u0161e v\u00fdrobn\u00e9 procesy sp\u013a\u0148aj\u00fa pr\u00edsne n\u00e1rodn\u00e9 a medzin\u00e1rodn\u00e9 normy, \u010do zabezpe\u010duje, \u017ee ka\u017ed\u00fd vyroben\u00fd hydraulick\u00fd valec je najvy\u0161\u0161ej kvality a spo\u013eahlivosti. N\u00e1\u0161 sk\u00fasen\u00fd technick\u00fd t\u00edm spolu s modern\u00fdm vybaven\u00edm n\u00e1m umo\u017e\u0148uje udr\u017eiava\u0165 pr\u00edsnu kontrolu kvality v ka\u017edej f\u00e1ze v\u00fdroby \u2013 od v\u00fdberu surov\u00edn a\u017e po kone\u010dn\u00fa kontrolu. Tento z\u00e1v\u00e4zok k dokonalosti n\u00e1m vyniesol certifik\u00e1cie a uznanie od priemyseln\u00fdch autor\u00edt, \u010d\u00edm sa \u010falej upev\u0148uje na\u0161a reput\u00e1cia spo\u013eahliv\u00e9ho partnera.<\/p>\n<p>Na\u0161e poslanie je priamo\u010diare, no z\u00e1rove\u0148 ambici\u00f3zne: poskytova\u0165 hydraulick\u00e9 valce, ktor\u00e9 prekon\u00e1vaj\u00fa o\u010dak\u00e1vania vo v\u00fdkone, odolnosti a hodnote. Dodr\u017eiavame z\u00e1sady profesionality, integrity a zamerania sa na z\u00e1kazn\u00edka. Podporou kult\u00fary inov\u00e1ci\u00ed a presnosti neust\u00e1le zdokona\u013eujeme na\u0161e produkty, aby sme zostali konkurencieschopn\u00ed na trhu. N\u00e1\u0161 rozsiahly sortiment produktov a schopnos\u0165 pon\u00faka\u0165 rie\u0161enia na mieru n\u00e1s stavaj\u00fa do poz\u00edcie preferovanej vo\u013eby pre podniky, ktor\u00e9 potrebuj\u00fa vysoko v\u00fdkonn\u00e9 hydraulick\u00e9 valce.<\/p>\n<p>FMP je viac ne\u017e len v\u00fdrobca; sme partnerom vo va\u0161om \u00faspechu. Uvedomujeme si, \u017ee na\u0161i z\u00e1kazn\u00edci sa na n\u00e1s spoliehaj\u00fa, pokia\u013e ide o n\u00e1stroje, ktor\u00e9 zvy\u0161uj\u00fa produktivitu a bezpe\u010dnos\u0165. Preto sa zav\u00e4zujeme poskytova\u0165 nielen produkty najvy\u0161\u0161ej kvality, ale aj v\u00fdnimo\u010dn\u00fd servis. Od po\u010diato\u010dn\u00fdch konzult\u00e1ci\u00ed a\u017e po popredajn\u00fa podporu \u00fazko spolupracujeme s na\u0161imi klientmi, aby sme zabezpe\u010dili, \u017ee ich potreby bud\u00fa splnen\u00e9 s profesionalitou a starostlivos\u0165ou. Na\u0161e konkurencieschopn\u00e9 ceny v kombin\u00e1cii s na\u0161\u00edm neochvejn\u00fdm z\u00e1v\u00e4zkom ku kvalite robia z FMP inteligentn\u00fa vo\u013ebu pre spolo\u010dnosti, ktor\u00e9 h\u013eadaj\u00fa d\u00f4veryhodn\u00e9 hydraulick\u00e9 rie\u0161enia.<\/p>\n<h2>\u010casto kladen\u00e9 ot\u00e1zky<\/h2>\n<p>Ot\u00e1zka: Ste obchodn\u00e1 spolo\u010dnos\u0165 alebo v\u00fdrobca?<br \/>\nA: Sme v\u00fdrobca.<br \/>\nOt\u00e1zka: Ak\u00e1 je va\u0161a dodacia lehota?<br \/>\nA: Vo v\u0161eobecnosti je to 25-35 dn\u00ed.<br \/>\nOt\u00e1zka: Poskytujete vzorky? Je to zadarmo alebo navy\u0161e?<br \/>\nA: \u00c1no, mohli by sme pon\u00faknu\u0165 vzorku, ale nie je zadarmo.<\/p>\n<p><img loading=\"lazy\" decoding=\"async\" class=\"alignnone  wp-image-6717\" src=\"https:\/\/fmp-components.com\/wp-content\/uploads\/2025\/03\/hydraulic-cylinder-211.webp\" alt=\"Hydraulick\u00e9 valce\" width=\"914\" height=\"916\" title=\"\" srcset=\"https:\/\/fmp-components.com\/wp-content\/uploads\/2025\/03\/hydraulic-cylinder-211.webp 914w, https:\/\/fmp-components.com\/wp-content\/uploads\/2025\/03\/hydraulic-cylinder-211-480x481.webp 480w\" sizes=\"(min-width: 0px) and (max-width: 480px) 480px, (min-width: 481px) 914px, 100vw\" \/><\/p>","protected":false},"excerpt":{"rendered":"<p>New Arrival Telescopic Hydraulic Cylinder Hydraulic Cylinder For Dump Trailer Introducing our latest arrival, the Telescopic Hydraulic Cylinder. This product is designed for dump trailers, providing a robust and efficient solution to meet your needs. With a 1-year warranty, this new hydraulic cylinder will serve as a great addition to your machinery. Functions and Features [&hellip;]<\/p>","protected":false},"featured_media":6674,"comment_status":"closed","ping_status":"closed","template":"","meta":{"_et_pb_use_builder":"","_et_pb_old_content":"","_et_gb_content_width":""},"product_brand":[],"product_cat":[103],"product_tag":[34,105],"class_list":{"0":"post-6487","1":"product","2":"type-product","3":"status-publish","4":"has-post-thumbnail","6":"product_cat-telescopic-hydraulic-cylinders","7":"product_tag-hydraulic-cylinder","8":"product_tag-telescopic-hydraulic-cylinders","10":"first","11":"instock","12":"product-type-simple"},"_links":{"self":[{"href":"https:\/\/fmp-components.com\/sk\/wp-json\/wp\/v2\/product\/6487","targetHints":{"allow":["GET"]}}],"collection":[{"href":"https:\/\/fmp-components.com\/sk\/wp-json\/wp\/v2\/product"}],"about":[{"href":"https:\/\/fmp-components.com\/sk\/wp-json\/wp\/v2\/types\/product"}],"replies":[{"embeddable":true,"href":"https:\/\/fmp-components.com\/sk\/wp-json\/wp\/v2\/comments?post=6487"}],"wp:featuredmedia":[{"embeddable":true,"href":"https:\/\/fmp-components.com\/sk\/wp-json\/wp\/v2\/media\/6674"}],"wp:attachment":[{"href":"https:\/\/fmp-components.com\/sk\/wp-json\/wp\/v2\/media?parent=6487"}],"wp:term":[{"taxonomy":"product_brand","embeddable":true,"href":"https:\/\/fmp-components.com\/sk\/wp-json\/wp\/v2\/product_brand?post=6487"},{"taxonomy":"product_cat","embeddable":true,"href":"https:\/\/fmp-components.com\/sk\/wp-json\/wp\/v2\/product_cat?post=6487"},{"taxonomy":"product_tag","embeddable":true,"href":"https:\/\/fmp-components.com\/sk\/wp-json\/wp\/v2\/product_tag?post=6487"}],"curies":[{"name":"pracovn\u00fd list","href":"https:\/\/api.w.org\/{rel}","templated":true}]}}