{"id":6420,"date":"2025-03-10T06:32:17","date_gmt":"2025-03-10T06:32:17","guid":{"rendered":"https:\/\/fmp-components.com\/?post_type=product&#038;p=6420"},"modified":"2025-03-10T06:34:35","modified_gmt":"2025-03-10T06:34:35","slug":"jaw-couplings","status":"publish","type":"product","link":"https:\/\/fmp-components.com\/sk\/product\/jaw-couplings\/","title":{"rendered":"\u010ce\u013eus\u0165ov\u00e9 spojky"},"content":{"rendered":"<p>\u010ce\u013eus\u0165ov\u00e9 spojky predstavuj\u00fa v\u0161estrann\u00fd mechanick\u00fd komponent, ktor\u00fd sa \u0161iroko pou\u017e\u00edva v aplik\u00e1ci\u00e1ch prenosu energie. Tento flexibiln\u00fd spojovac\u00ed mechanizmus funguje tak, \u017ee prep\u00e1ja dva rotuj\u00face hriadele na prenos rota\u010dnej sily a z\u00e1rove\u0148 absorbuje vibra\u010dn\u00fa energiu a kompenzuje axi\u00e1lne\/uhlov\u00e9 vych\u00fdlenia. Tak\u00e9to prev\u00e1dzkov\u00e9 vlastnosti pom\u00e1haj\u00fa chr\u00e1ni\u0165 pripojen\u00e9 stroje pred nadmern\u00fdm nam\u00e1han\u00edm a pred\u010dasn\u00fdm opotreben\u00edm.<\/p>\n<p>Zostava sa sklad\u00e1 z troch hlavn\u00fdch komponentov:<\/p>\n<ol start=\"1\">\n<li>Dvojit\u00e9 kovov\u00e9 n\u00e1boje s radi\u00e1lnymi v\u00fd\u010dnelkami (\u010de\u013eus\u0165ov\u00e9 prvky)<\/li>\n<li>Pru\u017en\u00e1 elastom\u00e9rov\u00e1 vlo\u017eka (be\u017ene naz\u00fdvan\u00e1 pav\u00fa\u010d\u00ed prvok)<br \/>\nTieto komponenty s\u00fa prec\u00edzne zostaven\u00e9 v striedavom z\u00e1bere, kde \u010de\u013euste n\u00e1boja zapadaj\u00fa do poddajn\u00fdch lalokov pav\u00faka. Prenos kr\u00fatiaceho momentu prebieha prostredn\u00edctvom elastickej deform\u00e1cie stla\u010denej polym\u00e9rovej vlo\u017eky, ktor\u00e1 poskytuje torzn\u00fa flexibilitu aj tlmiace vlastnosti. Viskoelastick\u00e9 materi\u00e1lov\u00e9 vlastnosti pav\u00faka umo\u017e\u0148uj\u00fa \u00fa\u010dinn\u00e9 tlmenie vibr\u00e1ci\u00ed a z\u00e1rove\u0148 zachov\u00e1vaj\u00fa nepretr\u017eit\u00fd prenos v\u00fdkonu medzi spojen\u00fdmi hriade\u013emi.<\/li>\n<\/ol>\n<h2>Rozmery \u010de\u013eus\u0165ovej spojky<\/h2>\n<p><img loading=\"lazy\" decoding=\"async\" class=\"size-full wp-image-6423 aligncenter\" src=\"https:\/\/fmp-components.com\/wp-content\/uploads\/2025\/03\/Jaw-Coupling-specification-2.webp\" alt=\"\u0160pecifik\u00e1cia \u010de\u013eus\u0165ov\u00fdch spojok\" width=\"828\" height=\"620\" title=\"\" srcset=\"https:\/\/fmp-components.com\/wp-content\/uploads\/2025\/03\/Jaw-Coupling-specification-2.webp 828w, https:\/\/fmp-components.com\/wp-content\/uploads\/2025\/03\/Jaw-Coupling-specification-2-480x359.webp 480w\" sizes=\"(min-width: 0px) and (max-width: 480px) 480px, (min-width: 481px) 828px, 100vw\" \/> <img loading=\"lazy\" decoding=\"async\" class=\"wp-image-6424 aligncenter\" src=\"https:\/\/fmp-components.com\/wp-content\/uploads\/2025\/03\/Jaw-Coupling-specification-1.webp\" alt=\"\u0160pecifik\u00e1cia \u010de\u013eus\u0165ov\u00fdch spojok\" width=\"804\" height=\"658\" title=\"\" srcset=\"https:\/\/fmp-components.com\/wp-content\/uploads\/2025\/03\/Jaw-Coupling-specification-1.webp 804w, https:\/\/fmp-components.com\/wp-content\/uploads\/2025\/03\/Jaw-Coupling-specification-1-480x393.webp 480w\" sizes=\"(min-width: 0px) and (max-width: 480px) 480px, (min-width: 481px) 804px, 100vw\" \/><\/p>\n<h2>Vlastnosti flexibiln\u00fdch spojok \u010de\u013eustov\u00e9ho typu<\/h2>\n<p>Elastom\u00e9rov\u00e9 \u200b\u200bkomponenty v \u010de\u013eus\u0165ov\u00fdch spojk\u00e1ch s\u00fa typicky vyroben\u00e9 z vysoko v\u00fdkonn\u00fdch plastov alebo gumy. Tieto vlo\u017eky definuj\u00fa prev\u00e1dzkov\u00fa \u017eivotnos\u0165 spojky, ktor\u00e1 za \u0161tandardn\u00fdch podmienok zvy\u010dajne dosahuje a\u017e 10 rokov. V\u010faka svojej kon\u0161trukcii elastom\u00e9ry zn\u00e1\u0161aj\u00fa sk\u00f4r tlakov\u00e9 sily ako \u0165ahov\u00e9 nam\u00e1hanie. Tieto spojky, zn\u00e1me svojimi vlastnos\u0165ami tlmenia vibr\u00e1ci\u00ed a n\u00e1razov, s\u00fa ide\u00e1lne pre prostredia s vysok\u00fdmi vibr\u00e1ciami. Na rozdiel od pevn\u00fdch spojok je ich prev\u00e1dzkov\u00fd teplotn\u00fd rozsah (-35 \u00b0C a\u017e +80 \u00b0C) dan\u00fd tepeln\u00fdmi limitmi elastom\u00e9ru.<\/p>\n<p><strong>K\u013e\u00fa\u010dov\u00e9 v\u00fdhody<\/strong>:<\/p>\n<ol start=\"1\">\n<li><strong>Kompaktn\u00fd dizajn<\/strong>Bezv\u00f4\u013eov\u00e1 kon\u0161trukcia s elastom\u00e9rov\u00fdmi mo\u017enos\u0165ami v troch stup\u0148och tvrdosti.<\/li>\n<li><strong>Dynamick\u00fd v\u00fdkon<\/strong>\u00da\u010dinne tlm\u00ed vibr\u00e1cie a vyrovn\u00e1va radi\u00e1lne\/uhlov\u00e9 odch\u00fdlky.<\/li>\n<li><strong>Jednoduchos\u0165 pou\u017e\u00edvania<\/strong>Zjednodu\u0161en\u00e1 kon\u0161trukcia pre jednoduch\u00fa in\u0161tal\u00e1ciu, kontrolu a \u00fadr\u017ebu.<\/li>\n<li><strong>Trvanlivos\u0165<\/strong>Bez\u00fadr\u017ebov\u00e1 prev\u00e1dzka s odolnos\u0165ou vo\u010di oleju a elektrickou izol\u00e1ciou; optim\u00e1lny v\u00fdkon medzi 20 \u00b0C a 60 \u00b0C.<\/li>\n<li><strong>Varianty elastom\u00e9rov<\/strong>Pon\u00faka viaclalo\u010dn\u00e9 konfigur\u00e1cie (4, 6, 8 alebo 10 lupe\u0148ov) pre prisp\u00f4soben\u00fa flexibilitu.<\/li>\n<li><strong>Mo\u017enosti mont\u00e1\u017ee<\/strong>Podporuje r\u00f4zne met\u00f3dy in\u0161tal\u00e1cie vr\u00e1tane nastavovac\u00edch skrutiek, up\u00ednac\u00edch mechanizmov a upevnenia dr\u00e1\u017ekou.<\/li>\n<\/ol>\n<p><img loading=\"lazy\" decoding=\"async\" class=\"size-full wp-image-6425 aligncenter\" src=\"https:\/\/fmp-components.com\/wp-content\/uploads\/2025\/03\/jaw-coupling-1.webp\" alt=\"\u010ce\u013eus\u0165ov\u00e9 spojky\" width=\"600\" height=\"600\" title=\"\" srcset=\"https:\/\/fmp-components.com\/wp-content\/uploads\/2025\/03\/jaw-coupling-1.webp 600w, https:\/\/fmp-components.com\/wp-content\/uploads\/2025\/03\/jaw-coupling-1-480x480.webp 480w\" sizes=\"(min-width: 0px) and (max-width: 480px) 480px, (min-width: 481px) 600px, 100vw\" \/><\/p>","protected":false},"excerpt":{"rendered":"<p>Jaw couplings represent a versatile mechanical component widely used for power transmission applications. This flexible coupling mechanism functions by interconnecting two rotating shafts to transmit rotational force while simultaneously absorbing vibrational energy and compensating for axial\/angular misalignments. Such operational characteristics help safeguard connected machinery from excessive stress and premature wear. The assembly comprises three primary [&hellip;]<\/p>","protected":false},"featured_media":6422,"comment_status":"open","ping_status":"closed","template":"","meta":{"_et_pb_use_builder":"","_et_pb_old_content":"","_et_gb_content_width":""},"product_brand":[],"product_cat":[101],"product_tag":[],"class_list":{"0":"post-6420","1":"product","2":"type-product","3":"status-publish","4":"has-post-thumbnail","6":"product_cat-coupling","8":"first","9":"instock","10":"shipping-taxable","11":"product-type-simple"},"_links":{"self":[{"href":"https:\/\/fmp-components.com\/sk\/wp-json\/wp\/v2\/product\/6420","targetHints":{"allow":["GET"]}}],"collection":[{"href":"https:\/\/fmp-components.com\/sk\/wp-json\/wp\/v2\/product"}],"about":[{"href":"https:\/\/fmp-components.com\/sk\/wp-json\/wp\/v2\/types\/product"}],"replies":[{"embeddable":true,"href":"https:\/\/fmp-components.com\/sk\/wp-json\/wp\/v2\/comments?post=6420"}],"wp:featuredmedia":[{"embeddable":true,"href":"https:\/\/fmp-components.com\/sk\/wp-json\/wp\/v2\/media\/6422"}],"wp:attachment":[{"href":"https:\/\/fmp-components.com\/sk\/wp-json\/wp\/v2\/media?parent=6420"}],"wp:term":[{"taxonomy":"product_brand","embeddable":true,"href":"https:\/\/fmp-components.com\/sk\/wp-json\/wp\/v2\/product_brand?post=6420"},{"taxonomy":"product_cat","embeddable":true,"href":"https:\/\/fmp-components.com\/sk\/wp-json\/wp\/v2\/product_cat?post=6420"},{"taxonomy":"product_tag","embeddable":true,"href":"https:\/\/fmp-components.com\/sk\/wp-json\/wp\/v2\/product_tag?post=6420"}],"curies":[{"name":"pracovn\u00fd list","href":"https:\/\/api.w.org\/{rel}","templated":true}]}}