{"id":6409,"date":"2025-03-10T05:58:14","date_gmt":"2025-03-10T05:58:14","guid":{"rendered":"https:\/\/fmp-components.com\/?post_type=product&#038;p=6409"},"modified":"2025-03-10T05:58:16","modified_gmt":"2025-03-10T05:58:16","slug":"rigid-couplings","status":"publish","type":"product","link":"https:\/\/fmp-components.com\/sk\/product\/rigid-couplings\/","title":{"rendered":"Pevn\u00e9 spojky"},"content":{"rendered":"<h2>\u0160pecifik\u00e1cie pevn\u00fdch spojok<\/h2>\n<p><img loading=\"lazy\" decoding=\"async\" class=\"alignnone size-full wp-image-6411\" src=\"https:\/\/fmp-components.com\/wp-content\/uploads\/2025\/03\/rigid-coupling-1.webp\" alt=\"tuh\u00e9 spojenie\" width=\"879\" height=\"698\" title=\"\" srcset=\"https:\/\/fmp-components.com\/wp-content\/uploads\/2025\/03\/rigid-coupling-1.webp 879w, https:\/\/fmp-components.com\/wp-content\/uploads\/2025\/03\/rigid-coupling-1-480x381.webp 480w\" sizes=\"(min-width: 0px) and (max-width: 480px) 480px, (min-width: 481px) 879px, 100vw\" \/><\/p>\n<h2>Vlastnosti pevn\u00fdch spojok<\/h2>\n<ul>\n<li>\u013dahk\u00e1, s ultra n\u00edzkou zotrva\u010dnos\u0165ou a vysokou citlivos\u0165ou<\/li>\n<li>Bez\u00fadr\u017ebov\u00e1, super odoln\u00e1 vo\u010di olejom a kor\u00f3zii<\/li>\n<li>Materi\u00e1ly z hlin\u00edkov\u00fdch zliatin a nehrdzavej\u00facej ocele<\/li>\n<li>Uve\u010fte typ upev\u0148ovacej skrutky, typ spony a typ oddelenia<\/li>\n<li>Modely s r\u00f4znymi ve\u013ekos\u0165ami otvorov na oboch koncoch s\u00fa tie\u017e dostupn\u00e9 na sklade<\/li>\n<\/ul>\n<h2>V\u00fdhody a nev\u00fdhody pevn\u00fdch spojok<\/h2>\n<p><strong>V\u00fdhody pevn\u00fdch spojok<\/strong><br \/>\nTuh\u00e9 spojky sa \u0161iroko pou\u017e\u00edvaj\u00fa v n\u00edzkor\u00fdchlostn\u00fdch aplik\u00e1ci\u00e1ch bez n\u00e1razov, kde hriadele vykazuj\u00fa vysok\u00fa tuhos\u0165 a presn\u00e9 zarovnanie v\u010faka svojej jednoduchej kon\u0161trukcii, n\u00e1kladovej efekt\u00edvnosti a schopnosti pren\u00e1\u0161a\u0165 ve\u013ek\u00fd kr\u00fatiaci moment. Be\u017en\u00fdm pr\u00edkladom je\u00a0<strong>pr\u00edrubov\u00e1 spojka<\/strong>, ktor\u00fd pozost\u00e1va z dvoch pr\u00edrubov\u00fdch diskov spojen\u00fdch skrutkami. Ka\u017ed\u00fd disk je pripevnen\u00fd k hriade\u013eu pomocou perov\u00e9ho spoja, \u010do umo\u017e\u0148uje prenos kr\u00fatiaceho momentu a pohybu medzi dvoma hriade\u013emi.<\/p>\n<p>Medzi k\u013e\u00fa\u010dov\u00e9 v\u00fdhody pr\u00edrubov\u00fdch spojok patria:<\/p>\n<ol start=\"1\">\n<li><strong>Jednoduchos\u0165 a cenov\u00e1 dostupnos\u0165<\/strong>Jednoduch\u00e1 v\u00fdroba, in\u0161tal\u00e1cia a \u00fadr\u017eba s n\u00edzkymi v\u00fdrobn\u00fdmi n\u00e1kladmi.<\/li>\n<li><strong>Vysok\u00fd kr\u00fatiaci moment<\/strong>Schopn\u00fd spo\u013eahlivo pren\u00e1\u0161a\u0165 zna\u010dn\u00fd kr\u00fatiaci moment.<\/li>\n<li><strong>Presn\u00e9 zarovnanie<\/strong>Zais\u0165uje presn\u00e9 zarovnanie hriade\u013ea, v\u010faka \u010domu s\u00fa ide\u00e1lne pre vysokor\u00fdchlostn\u00e9 aplik\u00e1cie alebo syst\u00e9my vy\u017eaduj\u00face pr\u00edsnu presnos\u0165 prevodovky.<\/li>\n<li><strong>Trvanlivos\u0165<\/strong>Robustn\u00e1 kon\u0161trukcia minimalizuje opotrebenie pri stabilnom za\u0165a\u017een\u00ed.<\/li>\n<\/ol>\n<p>Tuh\u00e9 spojky v\u0161ak nemaj\u00fa radi\u00e1lnu, axi\u00e1lnu ani uhlov\u00fa kompenz\u00e1ciu. Ak je zarovnanie hriade\u013ea po\u010das prev\u00e1dzky nedokonal\u00e9, m\u00f4\u017ee to vies\u0165 k zn\u00ed\u017eenej \u00fa\u010dinnosti, zr\u00fdchlen\u00e9mu opotrebovaniu, zv\u00fd\u0161en\u00fdm vibr\u00e1ci\u00e1m a hluku. Na splnenie po\u017eiadaviek na kr\u00fatiaci moment m\u00f4\u017eu pr\u00edrubov\u00e9 spojky pou\u017e\u00edva\u0165 skrutky s vystru\u017een\u00fdm otvorom pre v\u0161etky alebo polovicu spojov, pri\u010dom zvy\u0161n\u00e9 skrutky s\u00fa \u0161tandardn\u00e9.<\/p>\n<p><strong>Nev\u00fdhody pevn\u00fdch spojok<\/strong><br \/>\nHlavnou nev\u00fdhodou tuh\u00fdch spojok, ako s\u00fa napr\u00edklad pr\u00edrubov\u00e9 spojky, je ich\u00a0<strong>pr\u00edsne po\u017eiadavky na presn\u00e9 zarovnanie hriade\u013ea<\/strong>Ak\u00e9ko\u013evek relat\u00edvne posunutie medzi hriade\u013emi sp\u00f4sobuje dodato\u010dn\u00e9 nam\u00e1hanie pripojen\u00fdch komponentov, \u010d\u00edm sa zhor\u0161uj\u00fa prev\u00e1dzkov\u00e9 podmienky. Toto obmedzenie ich rob\u00ed nevhodn\u00fdmi pre syst\u00e9my s potenci\u00e1lnym nespr\u00e1vnym s\u00faos\u00edm, dynamick\u00fdm za\u0165a\u017een\u00edm alebo potrebami tlmenia n\u00e1razov.<\/p>\n<p>Stru\u010dne povedan\u00e9, zatia\u013e \u010do tuh\u00e9 spojky vynikaj\u00fa jednoduchos\u0165ou a prenosom kr\u00fatiaceho momentu pre dobre zarovnan\u00e9 hriadele, ich neschopnos\u0165 kompenzova\u0165 nes\u00faosos\u0165 obmedzuje ich pou\u017eitie v dynamickej\u0161\u00edch alebo flexibilnej\u0161\u00edch syst\u00e9moch.<\/p>\n<p>&nbsp;<\/p>","protected":false},"excerpt":{"rendered":"<p>Specifications of Rigid Couplings Rigid Couplings Features Lightweight, ultra-low inertia, and high sensitivity Maintenance-free, super oil and corrosion resistance Aluminum alloy and stainless steel materials Provide fastening bolt type, clip type and separation type Models with different hole sizes at both ends are also available in stock Advantages and Disadvantages of Rigid Couplings Advantages of [&hellip;]<\/p>","protected":false},"featured_media":6410,"comment_status":"open","ping_status":"closed","template":"","meta":{"_et_pb_use_builder":"","_et_pb_old_content":"","_et_gb_content_width":""},"product_brand":[],"product_cat":[101],"product_tag":[],"class_list":{"0":"post-6409","1":"product","2":"type-product","3":"status-publish","4":"has-post-thumbnail","6":"product_cat-coupling","8":"first","9":"instock","10":"shipping-taxable","11":"product-type-simple"},"_links":{"self":[{"href":"https:\/\/fmp-components.com\/sk\/wp-json\/wp\/v2\/product\/6409","targetHints":{"allow":["GET"]}}],"collection":[{"href":"https:\/\/fmp-components.com\/sk\/wp-json\/wp\/v2\/product"}],"about":[{"href":"https:\/\/fmp-components.com\/sk\/wp-json\/wp\/v2\/types\/product"}],"replies":[{"embeddable":true,"href":"https:\/\/fmp-components.com\/sk\/wp-json\/wp\/v2\/comments?post=6409"}],"wp:featuredmedia":[{"embeddable":true,"href":"https:\/\/fmp-components.com\/sk\/wp-json\/wp\/v2\/media\/6410"}],"wp:attachment":[{"href":"https:\/\/fmp-components.com\/sk\/wp-json\/wp\/v2\/media?parent=6409"}],"wp:term":[{"taxonomy":"product_brand","embeddable":true,"href":"https:\/\/fmp-components.com\/sk\/wp-json\/wp\/v2\/product_brand?post=6409"},{"taxonomy":"product_cat","embeddable":true,"href":"https:\/\/fmp-components.com\/sk\/wp-json\/wp\/v2\/product_cat?post=6409"},{"taxonomy":"product_tag","embeddable":true,"href":"https:\/\/fmp-components.com\/sk\/wp-json\/wp\/v2\/product_tag?post=6409"}],"curies":[{"name":"pracovn\u00fd list","href":"https:\/\/api.w.org\/{rel}","templated":true}]}}