{"id":6402,"date":"2025-03-10T05:41:33","date_gmt":"2025-03-10T05:41:33","guid":{"rendered":"https:\/\/fmp-components.com\/?post_type=product&#038;p=6402"},"modified":"2025-03-10T05:41:33","modified_gmt":"2025-03-10T05:41:33","slug":"mh-couplings","status":"publish","type":"product","link":"https:\/\/fmp-components.com\/sk\/product\/mh-couplings\/","title":{"rendered":"Spojky MH"},"content":{"rendered":"<p>S\u00e9ria MH je flexibiln\u00e9 spojovacie zariadenie vyroben\u00e9 zo syntetick\u00e9ho kau\u010duku s dvoma podobn\u00fdmi liatinov\u00fdmi telesami. Vysokokvalitn\u00e9 liatinov\u00e9 pr\u00edruby sa pou\u017e\u00edvaj\u00fa hlavne na prenos sily a chr\u00e1nia flexibiln\u00fd kau\u010duk. Jeho elastick\u00fd kau\u010duk poskytuje vynikaj\u00facu odolnos\u0165 a kvalitn\u00fd spojovac\u00ed v\u00fdkon. Spojka MH sa sklad\u00e1 z dvoch pr\u00edrub a elastick\u00fdch kr\u00fa\u017ekov, ktor\u00e9 dok\u00e1\u017eu kompenzova\u0165 r\u00f4zne typy vych\u00fdlenia hriade\u013ea. Elastick\u00fd kr\u00fa\u017eok je vyroben\u00fd zo syntetick\u00e9ho kau\u010duku a je vo vn\u00fatri vystu\u017een\u00fd oce\u013eov\u00fdm jadrom, aby sa zv\u00fd\u0161ila spo\u013eahlivos\u0165 spojky a maxim\u00e1lna prev\u00e1dzkov\u00e1 r\u00fdchlos\u0165. Tlmiace vlastnosti gumy dok\u00e1\u017eu absorbova\u0165 a potla\u010di\u0165 torzn\u00e9 vibr\u00e1cie a \u00fa\u010dinne funguj\u00fa v teplotnom rozsahu od -40 do +100 \u00b0C. Okrem toho je guma odoln\u00e1 vo\u010di oleju, ne\u010distot\u00e1m, mastnote, vlhkosti, oz\u00f3nu a mnoh\u00fdm chemick\u00fdm rozp\u00fa\u0161\u0165adl\u00e1m.<\/p>\n<h2>Kon\u0161trukcia spojok MH<\/h2>\n<p><img loading=\"lazy\" decoding=\"async\" class=\"size-full wp-image-6405 aligncenter\" src=\"https:\/\/fmp-components.com\/wp-content\/uploads\/2025\/03\/mh-couplings-1.webp\" alt=\"MH v\u00e4zba\" width=\"600\" height=\"400\" title=\"\" srcset=\"https:\/\/fmp-components.com\/wp-content\/uploads\/2025\/03\/mh-couplings-1.webp 600w, https:\/\/fmp-components.com\/wp-content\/uploads\/2025\/03\/mh-couplings-1-480x320.webp 480w\" sizes=\"(min-width: 0px) and (max-width: 480px) 480px, (min-width: 481px) 600px, 100vw\" \/> \u00a0<img loading=\"lazy\" decoding=\"async\" class=\"size-full wp-image-6407 aligncenter\" src=\"https:\/\/fmp-components.com\/wp-content\/uploads\/2025\/03\/k3gaks3a-mh-coupling-2.webp\" alt=\"MH v\u00e4zba\" width=\"686\" height=\"429\" title=\"\" srcset=\"https:\/\/fmp-components.com\/wp-content\/uploads\/2025\/03\/k3gaks3a-mh-coupling-2.webp 686w, https:\/\/fmp-components.com\/wp-content\/uploads\/2025\/03\/k3gaks3a-mh-coupling-2-480x300.webp 480w\" sizes=\"(min-width: 0px) and (max-width: 480px) 480px, (min-width: 481px) 686px, 100vw\" \/><\/p>\n<h2>\u0160pecifik\u00e1cie spojky MH<\/h2>\n<p><img loading=\"lazy\" decoding=\"async\" class=\"alignnone size-full wp-image-6395\" src=\"https:\/\/fmp-components.com\/wp-content\/uploads\/2025\/03\/mh-coupling-1.webp\" alt=\"MH v\u00e4zba\" width=\"867\" height=\"567\" title=\"\" srcset=\"https:\/\/fmp-components.com\/wp-content\/uploads\/2025\/03\/mh-coupling-1.webp 867w, https:\/\/fmp-components.com\/wp-content\/uploads\/2025\/03\/mh-coupling-1-480x314.webp 480w\" sizes=\"(min-width: 0px) and (max-width: 480px) 480px, (min-width: 481px) 867px, 100vw\" \/><\/p>\n<h3>Aplik\u00e1cie spojok MH<\/h3>\n<p>Spojky MH sa v z\u00e1vislosti od ich \u0161pecifickej kon\u0161trukcie a priemyseln\u00e9ho kontextu m\u00f4\u017eu vz\u0165ahova\u0165 na r\u00f4zne typy spojok, pri\u010dom ka\u017ed\u00e1 m\u00e1 odli\u0161n\u00e9 pou\u017eitie. Ni\u017e\u0161ie je uveden\u00fd \u0161trukt\u00farovan\u00fd preh\u013ead potenci\u00e1lnych aplik\u00e1ci\u00ed na z\u00e1klade be\u017en\u00fdch interpret\u00e1ci\u00ed:<\/p>\n<h4>V\u0161eobecn\u00e9 priemyseln\u00e9 stroje<\/h4>\n<ul>\n<li>\u010cerpadl\u00e1 a kompresory: Pripojte motory k hriade\u013eom, \u010d\u00edm vyrovnajte nes\u00faosos\u0165 a zn\u00ed\u017ete prenos vibr\u00e1ci\u00ed.<\/li>\n<li>Dopravn\u00edkov\u00e9 syst\u00e9my: Prepojenie hnac\u00edch motorov s dopravn\u00edkmi umo\u017e\u0148uje posuny zarovnania v d\u00f4sledku prev\u00e1dzkov\u00e9ho opotrebenia.<\/li>\n<li>Ventil\u00e1tory a d\u00fachadl\u00e1: Tlmia vibr\u00e1cie a zvl\u00e1daj\u00fa tepeln\u00fa roz\u0165a\u017enos\u0165 v syst\u00e9moch HVAC.<\/li>\n<\/ul>\n<h4>Presn\u00e9 ovl\u00e1danie pohybu<\/h4>\n<ul>\n<li>Robotika: Vysoko presn\u00e9 vlnovce alebo \u0161pir\u00e1lov\u00e9 spojky (napr. s\u00e9ria R+W MH) zabezpe\u010duj\u00fa nulov\u00fa v\u00f4\u013eu v spojoch poh\u00e1\u0148an\u00fdch servomotormi.<\/li>\n<li>CNC stroje: Pren\u00e1\u0161aj\u00fa presn\u00fd pohyb z motorov na vreten\u00e1 alebo vodiace skrutky.<\/li>\n<li>V\u00fdroba polovodi\u010dov: Pou\u017e\u00edva sa v zariadeniach pre \u010dist\u00e9 priestory na presn\u00e9 polohovanie.<\/li>\n<\/ul>\n<h4>Hydraulick\u00e9 a kvapalinov\u00e9 syst\u00e9my<\/h4>\n<ul>\n<li>R\u00fdchlospojky: Umo\u017e\u0148uj\u00fa r\u00fdchle a bez\u00fatesov\u00e9 spojenia v hydraulick\u00fdch strojoch (stavebn\u00edctvo, po\u013enohospod\u00e1rstvo).<\/li>\n<li>Chemick\u00e9 z\u00e1vody: Kovov\u00e9 hadicov\u00e9 spojky zvl\u00e1daj\u00fa koroz\u00edvne kvapaliny a vysok\u00e9 teploty.<\/li>\n<\/ul>\n<h4>Vysokoteplotn\u00e9\/koroz\u00edvne prostredie<\/h4>\n<ul>\n<li>V\u00fdfukov\u00e9 syst\u00e9my: Automobilov\u00e9\/lodn\u00e9 aplik\u00e1cie s pou\u017eit\u00edm tepelne odoln\u00fdch kovov\u00fdch hadicov\u00fdch spojok.<\/li>\n<li>Ropa a plyn: Flexibiln\u00e9 spojky v potrubiach na zvl\u00e1dnutie tepelnej roz\u0165a\u017enosti a vibr\u00e1ci\u00ed.<\/li>\n<\/ul>\n<h4>N\u00e1morn\u00e9 a pobre\u017en\u00e9<\/h4>\n<ul>\n<li>Pohonn\u00e9 syst\u00e9my: Prisp\u00f4sobuj\u00fa sa nespr\u00e1vnemu zarovnaniu hriade\u013ea sp\u00f4soben\u00e9mu oh\u00fdban\u00edm trupu.<\/li>\n<li>Palubn\u00e9 stroje: Pripojte pohony v navijakoch\/\u017eeriavoch vystaven\u00fdch dynamick\u00e9mu za\u0165a\u017eeniu.<\/li>\n<\/ul>\n<h4>Obnovite\u013en\u00e1 energia<\/h4>\n<ul>\n<li><strong>Vetern\u00e9 turb\u00edny<\/strong>Spojky medzi prevodovkami a gener\u00e1tormi, zvl\u00e1danie premenliv\u00e9ho za\u0165a\u017eenia a nes\u00faososti.<\/li>\n<\/ul>\n<p><img loading=\"lazy\" decoding=\"async\" class=\"wp-image-6406 aligncenter\" src=\"https:\/\/fmp-components.com\/wp-content\/uploads\/2025\/03\/mh-couplings-2.webp\" alt=\"MH v\u00e4zba\" width=\"652\" height=\"652\" title=\"\" srcset=\"https:\/\/fmp-components.com\/wp-content\/uploads\/2025\/03\/mh-couplings-2.webp 652w, https:\/\/fmp-components.com\/wp-content\/uploads\/2025\/03\/mh-couplings-2-480x480.webp 480w\" sizes=\"(min-width: 0px) and (max-width: 480px) 480px, (min-width: 481px) 652px, 100vw\" \/><\/p>","protected":false},"excerpt":{"rendered":"<p>The MH series is a flexible coupling device constructed of synthetic rubber with two similar cast iron bodies. The high-quality cast iron flanges are mainly used for power transmission and protect the flexible rubber. Its elastic rubber provides excellent durability and quality coupling performance. The MH coupling consists of two flanges and elastic rings, which [&hellip;]<\/p>","protected":false},"featured_media":6404,"comment_status":"open","ping_status":"closed","template":"","meta":{"_et_pb_use_builder":"","_et_pb_old_content":"","_et_gb_content_width":""},"product_brand":[],"product_cat":[101],"product_tag":[],"class_list":{"0":"post-6402","1":"product","2":"type-product","3":"status-publish","4":"has-post-thumbnail","6":"product_cat-coupling","8":"first","9":"instock","10":"shipping-taxable","11":"product-type-simple"},"_links":{"self":[{"href":"https:\/\/fmp-components.com\/sk\/wp-json\/wp\/v2\/product\/6402","targetHints":{"allow":["GET"]}}],"collection":[{"href":"https:\/\/fmp-components.com\/sk\/wp-json\/wp\/v2\/product"}],"about":[{"href":"https:\/\/fmp-components.com\/sk\/wp-json\/wp\/v2\/types\/product"}],"replies":[{"embeddable":true,"href":"https:\/\/fmp-components.com\/sk\/wp-json\/wp\/v2\/comments?post=6402"}],"wp:featuredmedia":[{"embeddable":true,"href":"https:\/\/fmp-components.com\/sk\/wp-json\/wp\/v2\/media\/6404"}],"wp:attachment":[{"href":"https:\/\/fmp-components.com\/sk\/wp-json\/wp\/v2\/media?parent=6402"}],"wp:term":[{"taxonomy":"product_brand","embeddable":true,"href":"https:\/\/fmp-components.com\/sk\/wp-json\/wp\/v2\/product_brand?post=6402"},{"taxonomy":"product_cat","embeddable":true,"href":"https:\/\/fmp-components.com\/sk\/wp-json\/wp\/v2\/product_cat?post=6402"},{"taxonomy":"product_tag","embeddable":true,"href":"https:\/\/fmp-components.com\/sk\/wp-json\/wp\/v2\/product_tag?post=6402"}],"curies":[{"name":"pracovn\u00fd list","href":"https:\/\/api.w.org\/{rel}","templated":true}]}}