{"id":6390,"date":"2025-03-10T05:14:19","date_gmt":"2025-03-10T05:14:19","guid":{"rendered":"https:\/\/fmp-components.com\/?post_type=product&#038;p=6390"},"modified":"2025-03-10T05:14:19","modified_gmt":"2025-03-10T05:14:19","slug":"spacer-couplings-replacement-of-fenaflex-spacer-couplings","status":"publish","type":"product","link":"https:\/\/fmp-components.com\/sk\/product\/spacer-couplings-replacement-of-fenaflex-spacer-couplings\/","title":{"rendered":"Di\u0161tan\u010dn\u00e9 spojky - V\u00fdmena di\u0161tan\u010dn\u00fdch spojok Fenaflex"},"content":{"rendered":"<p>Di\u0161tan\u010dn\u00e9 spojky Fenaflex sa skladaj\u00fa zo spojok Fenaflex na pneumatiky (ve\u013ekosti F40-F140) a zost\u00e1v di\u0161tan\u010dn\u00fdch pr\u00edrub. Tieto spojky s\u00fa navrhnut\u00e9 tak, aby u\u013eah\u010dili pohyb jedn\u00e9ho z hriade\u013eov tam a sp\u00e4\u0165 bez naru\u0161enia stroja alebo pohonu, ku ktor\u00e9mu je pripojen\u00fd, ako napr\u00edklad v pr\u00edpade rotora odstrediv\u00e9ho \u010derpadla.<\/p>\n<p>S\u00fa vyroben\u00e9 tak, aby vyhovovali \u0161tandardn\u00fdm vzdialenostiam 80, 100, 140 a 180 mm medzi koncami hriade\u013eov. Tieto spojky s\u00fa ve\u013emi flexibiln\u00e9 a odoln\u00e9, \u010do poskytuje in\u017einierom a kon\u0161trukt\u00e9rom r\u00f4zne mo\u017enosti prisp\u00f4sobenia sa r\u00f4znym pou\u017eitiam v\u00fdberom spr\u00e1vnych spojovac\u00edch pr\u00edrub.<\/p>\n<p><img loading=\"lazy\" decoding=\"async\" class=\"alignnone  wp-image-6391\" src=\"https:\/\/fmp-components.com\/wp-content\/uploads\/2025\/03\/fenaflex-spacer-coupling-2.webp\" alt=\"Spojky Fenaflex-Spacer\" width=\"902\" height=\"666\" title=\"\" srcset=\"https:\/\/fmp-components.com\/wp-content\/uploads\/2025\/03\/fenaflex-spacer-coupling-2.webp 902w, https:\/\/fmp-components.com\/wp-content\/uploads\/2025\/03\/fenaflex-spacer-coupling-2-480x354.webp 480w\" sizes=\"(min-width: 0px) and (max-width: 480px) 480px, (min-width: 481px) 902px, 100vw\" \/> \u00a0<img loading=\"lazy\" decoding=\"async\" class=\"alignnone size-full wp-image-6393\" src=\"https:\/\/fmp-components.com\/wp-content\/uploads\/2025\/03\/Spacer-Couplings-1.webp\" alt=\"Di\u0161tan\u010dn\u00e9 spojky\" width=\"892\" height=\"772\" title=\"\" srcset=\"https:\/\/fmp-components.com\/wp-content\/uploads\/2025\/03\/Spacer-Couplings-1.webp 892w, https:\/\/fmp-components.com\/wp-content\/uploads\/2025\/03\/Spacer-Couplings-1-480x415.webp 480w\" sizes=\"(min-width: 0px) and (max-width: 480px) 480px, (min-width: 481px) 892px, 100vw\" \/><\/p>\n<div class=\"dad65929\">\n<div class=\"f9bf7997 d7dc56a8 c05b5566\">\n<div class=\"ds-markdown ds-markdown--block\">\n<h2>Vlastnosti v\u00fdmeny di\u0161tan\u010dn\u00fdch spojok Fenaflex<\/h2>\n<p><strong>1. Zjednodu\u0161en\u00e1 in\u0161tal\u00e1cia a flexibilita zarovnania<\/strong><\/p>\n<ul>\n<li><strong>Jednoduch\u00e9 nastavenie<\/strong>Navrhnut\u00e9 pre r\u00fdchlu a jednoduch\u00fa in\u0161tal\u00e1ciu, ktor\u00e1 skracuje prestoje.<\/li>\n<li><strong>Vynikaj\u00faca tolerancia nespr\u00e1vneho zarovnania<\/strong>Kompenzuje uhlov\u00e9 odch\u00fdlky a\u017e do\u00a0<strong>4 stupne<\/strong>, paraleln\u00fd posun\u00a0<strong>6mm<\/strong>a radi\u00e1lny posun\u00a0<strong>8mm<\/strong>\u00a0naprie\u010d v\u0161etk\u00fdmi rovinami.<\/li>\n<\/ul>\n<p><strong>2. Robustn\u00e1 kon\u0161trukcia a v\u0161estrann\u00fd dizajn<\/strong><\/p>\n<ul>\n<li><strong>Obojsmern\u00fd vn\u00fatorn\u00fd nosn\u00fd dr\u00f4t<\/strong>Vystu\u017een\u00e9 dr\u00f4tom vinut\u00fdm v oboch smeroch, \u010do umo\u017e\u0148uje spo\u013eahliv\u00fd v\u00fdkon v\u00a0<strong>aplik\u00e1cie sp\u00e4tn\u00e9ho pohonu<\/strong>.<\/li>\n<li><strong>Mo\u017enosti materi\u00e1lu<\/strong>Pneumatiky s\u00fa dostupn\u00e9 v\u00a0<strong>\u0161tandard<\/strong>\u00a0alebo\u00a0<strong>FRAS (Oh\u0148ovzdorn\u00fd antistatick\u00fd)<\/strong>\u00a0kon\u0161trukcia, v s\u00falade s\u00a0<strong>Certifik\u00e1cia ATEX<\/strong>\u00a0pre nebezpe\u010dn\u00e9 prostredia.<\/li>\n<li><strong>Prisp\u00f4sobite\u013en\u00e1 mont\u00e1\u017e<\/strong>Podporuje\u00a0<strong>rozpera \u010derpadla<\/strong>\u00a0a\u00a0<strong>konfigur\u00e1cie zotrva\u010dn\u00edka<\/strong>, s pr\u00edrubami s\u00a0<strong>Ku\u017ee\u013eov\u00e9 puzdr\u00e1 s poistn\u00fdm kr\u00fa\u017ekom F&amp;H<\/strong>\u00a0alebo\u00a0<strong>Kon\u0161trukcie s pilotn\u00fdm v\u0155tan\u00edm typu B<\/strong>\u00a0pre univerz\u00e1lnu kompatibilitu.<\/li>\n<\/ul>\n<p><strong>3. Vylep\u0161en\u00fd v\u00fdkon oproti tradi\u010dn\u00fdm spojk\u00e1m<\/strong><\/p>\n<ul>\n<li><strong>Vysok\u00e1 elasticita a nulov\u00e9 mazanie<\/strong>Na rozdiel od konven\u010dn\u00fdch spojok na pneumatiky, n\u00e1hrada spojok Fenaflex eliminuje potrebu mazania a z\u00e1rove\u0148 pon\u00faka vynikaj\u00facu flexibilitu a elasticitu.<\/li>\n<li><strong>Tlmenie vibr\u00e1ci\u00ed<\/strong>V\u00fdnimo\u010dn\u00e9 tlmenie n\u00e1razov a torzn\u00fdch vibr\u00e1ci\u00ed, chr\u00e1ni pripojen\u00e9 zariadenia pred dynamick\u00fdm nam\u00e1han\u00edm.<\/li>\n<\/ul>\n<p><strong>4. V\u00fdhody \u00fadr\u017eby a servisu<\/strong><\/p>\n<ul>\n<li><strong>Modul\u00e1rny dizajn<\/strong>: Jeden\u00a0<strong>medzi\u013eahl\u00e1 rozpera (DBSE)<\/strong>\u00a0umo\u017e\u0148uje \u00fadr\u017ebu odstrediv\u00fdch \u010derpadiel bez premiest\u0148ovania motorov alebo strojov po\u010das v\u00fdmeny pneumat\u00edk.<\/li>\n<li><strong>Jednoduch\u00e9 pre in\u0161pekciu<\/strong>Jednoduch\u00e1 kon\u0161trukcia umo\u017e\u0148uje jednoduch\u00fa vizu\u00e1lnu kontrolu a v\u00fdmenu dielov bez nutnosti demont\u00e1\u017ee cel\u00e9ho pohonn\u00e9ho syst\u00e9mu.<\/li>\n<\/ul>\n<p><strong>5. Prisp\u00f4sobite\u013en\u00e9 rie\u0161enia<\/strong><\/p>\n<ul>\n<li><strong>Prisp\u00f4sobivos\u0165 rozpery<\/strong>Na nastavenie rozstupu medzi priemermi hriade\u013eov je mo\u017en\u00e9 integrova\u0165 medzi\u013eahl\u00e9 zariadenia, \u010d\u00edm sa zabezpe\u010d\u00ed kompatibilita s r\u00f4znymi syst\u00e9mov\u00fdmi po\u017eiadavkami.<\/li>\n<\/ul>\n<p><strong>Zhrnutie k\u013e\u00fa\u010dov\u00fdch v\u00fdhod<\/strong><\/p>\n<ul>\n<li><strong>Trvanlivos\u0165<\/strong>Navrhnut\u00e9 pre n\u00e1ro\u010dn\u00e9 aplik\u00e1cie s minim\u00e1lnym opotreben\u00edm.<\/li>\n<li><strong>Bezpe\u010dnos\u0165<\/strong>Certifik\u00e1cie FRAS a ATEX zabezpe\u010duj\u00fa s\u00falad s po\u017eiadavkami v prostred\u00ed s rizikom po\u017eiaru alebo v\u00fdbuchu.<\/li>\n<li><strong>N\u00e1kladov\u00e1 efekt\u00edvnos\u0165<\/strong>Zn\u00ed\u017een\u00e9 n\u00e1roky na \u00fadr\u017ebu a pred\u013a\u017een\u00e1 \u017eivotnos\u0165 zni\u017euj\u00fa prev\u00e1dzkov\u00e9 n\u00e1klady.<\/li>\n<\/ul>\n<p>N\u00e1hrada za di\u0161tan\u010dn\u00e9 spojky Fenaflex kombinuje flexibilitu, odolnos\u0165 a u\u017e\u00edvate\u013esky pr\u00edvetiv\u00fd dizajn, v\u010faka \u010domu s\u00fa ide\u00e1lne pre odvetvia vy\u017eaduj\u00face spo\u013eahlivos\u0165 vo vysokom vych\u00fdlen\u00ed, vysok\u00fdch vibr\u00e1ci\u00e1ch alebo nebezpe\u010dn\u00fdch podmienkach.<\/p>\n<\/div>\n<\/div>\n<\/div>\n<p>&nbsp;<\/p>","protected":false},"excerpt":{"rendered":"<p>Fenaflex spacer couplings are made up of Fenaflex tire couplings (sizes F40-F140) and spacer flange assemblies. These couplings are designed to make it easier to move one of the shafts back and forth without disturbing the machine or drive it\u2019s connected to, like in a centrifugal pump rotor. They are made to fit standard distances [&hellip;]<\/p>","protected":false},"featured_media":6392,"comment_status":"open","ping_status":"closed","template":"","meta":{"_et_pb_use_builder":"","_et_pb_old_content":"","_et_gb_content_width":""},"product_brand":[],"product_cat":[101],"product_tag":[],"class_list":{"0":"post-6390","1":"product","2":"type-product","3":"status-publish","4":"has-post-thumbnail","6":"product_cat-coupling","8":"first","9":"instock","10":"shipping-taxable","11":"product-type-simple"},"_links":{"self":[{"href":"https:\/\/fmp-components.com\/sk\/wp-json\/wp\/v2\/product\/6390","targetHints":{"allow":["GET"]}}],"collection":[{"href":"https:\/\/fmp-components.com\/sk\/wp-json\/wp\/v2\/product"}],"about":[{"href":"https:\/\/fmp-components.com\/sk\/wp-json\/wp\/v2\/types\/product"}],"replies":[{"embeddable":true,"href":"https:\/\/fmp-components.com\/sk\/wp-json\/wp\/v2\/comments?post=6390"}],"wp:featuredmedia":[{"embeddable":true,"href":"https:\/\/fmp-components.com\/sk\/wp-json\/wp\/v2\/media\/6392"}],"wp:attachment":[{"href":"https:\/\/fmp-components.com\/sk\/wp-json\/wp\/v2\/media?parent=6390"}],"wp:term":[{"taxonomy":"product_brand","embeddable":true,"href":"https:\/\/fmp-components.com\/sk\/wp-json\/wp\/v2\/product_brand?post=6390"},{"taxonomy":"product_cat","embeddable":true,"href":"https:\/\/fmp-components.com\/sk\/wp-json\/wp\/v2\/product_cat?post=6390"},{"taxonomy":"product_tag","embeddable":true,"href":"https:\/\/fmp-components.com\/sk\/wp-json\/wp\/v2\/product_tag?post=6390"}],"curies":[{"name":"pracovn\u00fd list","href":"https:\/\/api.w.org\/{rel}","templated":true}]}}